{"id":89188,"date":"2023-08-07T17:26:44","date_gmt":"2023-08-07T15:26:44","guid":{"rendered":"https:\/\/shop.winandoffice.com\/switzerland\/?post_type=product&#038;p=89188"},"modified":"2026-04-18T02:31:06","modified_gmt":"2026-04-18T00:31:06","slug":"microsoft-office-home-business-2019-mac","status":"publish","type":"product","link":"https:\/\/winandofficews.com\/switzerland\/product\/microsoft-office-home-business-2019-mac\/","title":{"rendered":"Microsoft Office Home &amp; Business 2019 MAC"},"content":{"rendered":"<h3>Microsoft Office Home &amp; Business 2019 MAC<\/h3>\n<p>Erledigen Sie alles mit Microsoft Office 2019 Home and Business f\u00fcr Mac. Bringen Sie Ihre Produktivit\u00e4t mit der neuesten Version der klassischen Microsoft Office-Anwendungen und E-Mail auf die n\u00e4chste Stufe. Microsoft Office 2019 f\u00fcr Mac kommt mit neuen Tintenwerkzeugen, Datentypen, Funktionen, \u00dcbersetzungs- und Bearbeitungswerkzeugen, Grafikanimationen und weiteren innovativen M\u00f6glichkeiten f\u00fcr effizientes Arbeiten!<\/p>\n<p>Microsoft Office 2019 ist wie seine Vorg\u00e4nger in verschiedenen Paketen erh\u00e4ltlich, die jeweils auf unterschiedliche Bed\u00fcrfnisse zugeschnitten sind. Egal, ob Sie Microsoft Office privat oder beruflich nutzen m\u00f6chten, Microsoft hat das richtige Paket f\u00fcr Sie.<\/p>\n<p><strong>Support:<\/strong><\/p>\n<p>Bei Fragen z\u00f6gern Sie bitte nicht, uns <a href=\"mailto:switzerland@winandofficews.com\" target=\"_self\" rel=\"noopener\">per E-Mail<\/a> zu kontaktieren. Unser Kundendienst ist 7 Tage die Woche, 24 Stunden am Tag verf\u00fcgbar.<\/p>\n","protected":false},"excerpt":{"rendered":"<ul>\n<li>Microsoft Office Home &amp; Business 2019 MAC<\/li>\n<li>Versand per E-Mail: Produktschl\u00fcssel, Anleitung, Downloadlinks, Rechnung<\/li>\n<li><strong>30 Tage volle R\u00fcckerstattung \u2013 Lebenslange Ersatzgarantie!!!<\/strong><\/li>\n<li>Sofort-Download!<\/li>\n<li>Keine zeitliche Begrenzung, kein Abo<\/li>\n<li>Gratis Support bei der Installation und Aktivierung<\/li>\n<li>Keine Lieferung auf Datentr\u00e4ger (USB, CD, usw.)<\/li>\n<li>Aktivierung online und per Telefon<\/li>\n<li><strong>Kompatibel mit macOS<\/strong><\/li>\n<li><strong>NICHT kompatibel mit Android- und Microsoft Windows-Ger\u00e4ten<\/strong><\/li>\n<\/ul>\n","protected":false},"featured_media":10000089668,"comment_status":"closed","ping_status":"closed","template":"","meta":{"_acf_changed":false},"product_brand":[],"product_cat":[45],"product_tag":[],"class_list":{"0":"post-89188","1":"product","2":"type-product","3":"status-publish","4":"has-post-thumbnail","6":"product_cat-mac","8":"first","9":"instock","10":"virtual","11":"taxable","12":"purchasable","13":"product-type-simple"},"acf":[],"yoast_head":"<!-- This site is optimized with the Yoast SEO plugin v27.5 - https:\/\/yoast.com\/product\/yoast-seo-wordpress\/ -->\n<title>Microsoft Office Home &amp; Business 2019 MAC - switzerland<\/title>\n<meta name=\"robots\" content=\"index, follow, max-snippet:-1, max-image-preview:large, max-video-preview:-1\" \/>\n<link rel=\"canonical\" href=\"https:\/\/winandofficews.com\/switzerland\/product\/microsoft-office-home-business-2019-mac\/\" \/>\n<meta property=\"og:locale\" content=\"de_DE\" \/>\n<meta property=\"og:type\" content=\"article\" \/>\n<meta property=\"og:title\" content=\"Microsoft Office Home &amp; Business 2019 MAC - switzerland\" \/>\n<meta property=\"og:description\" content=\"Microsoft Office Home &amp; Business 2019 MAC  Versand per E-Mail: Produktschl\u00fcssel, Anleitung, Downloadlinks, Rechnung  30 Tage volle R\u00fcckerstattung \u2013 Lebenslange Ersatzgarantie!!!  Sofort-Download!  Keine zeitliche Begrenzung, kein Abo  Gratis Support bei der Installation und Aktivierung  Keine Lieferung auf Datentr\u00e4ger (USB, CD, usw.)  Aktivierung online und per Telefon  Kompatibel mit macOS  NICHT kompatibel mit Android- und Microsoft Windows-Ger\u00e4ten\" \/>\n<meta property=\"og:url\" content=\"https:\/\/winandofficews.com\/switzerland\/product\/microsoft-office-home-business-2019-mac\/\" \/>\n<meta property=\"og:site_name\" content=\"switzerland\" \/>\n<meta property=\"article:publisher\" content=\"https:\/\/www.facebook.com\/winandoffice\" \/>\n<meta property=\"article:modified_time\" content=\"2026-04-18T00:31:06+00:00\" \/>\n<meta name=\"twitter:card\" content=\"summary_large_image\" \/>\n<meta name=\"twitter:label1\" content=\"Gesch\u00e4tzte Lesezeit\" \/>\n\t<meta name=\"twitter:data1\" content=\"1\u00a0Minute\" \/>\n<script type=\"application\/ld+json\" class=\"yoast-schema-graph\">{\"@context\":\"https:\\\/\\\/schema.org\",\"@graph\":[{\"@type\":\"WebPage\",\"@id\":\"https:\\\/\\\/winandofficews.com\\\/switzerland\\\/product\\\/microsoft-office-home-business-2019-mac\\\/\",\"url\":\"https:\\\/\\\/winandofficews.com\\\/switzerland\\\/product\\\/microsoft-office-home-business-2019-mac\\\/\",\"name\":\"Microsoft Office Home &amp; Business 2019 MAC - switzerland\",\"isPartOf\":{\"@id\":\"https:\\\/\\\/winandofficews.com\\\/switzerland\\\/#website\"},\"primaryImageOfPage\":{\"@id\":\"https:\\\/\\\/winandofficews.com\\\/switzerland\\\/product\\\/microsoft-office-home-business-2019-mac\\\/#primaryimage\"},\"image\":{\"@id\":\"https:\\\/\\\/winandofficews.com\\\/switzerland\\\/product\\\/microsoft-office-home-business-2019-mac\\\/#primaryimage\"},\"thumbnailUrl\":\"https:\\\/\\\/winandofficews.com\\\/switzerland\\\/wp-content\\\/uploads\\\/O19MAC.jpg\",\"datePublished\":\"2023-08-07T15:26:44+00:00\",\"dateModified\":\"2026-04-18T00:31:06+00:00\",\"breadcrumb\":{\"@id\":\"https:\\\/\\\/winandofficews.com\\\/switzerland\\\/product\\\/microsoft-office-home-business-2019-mac\\\/#breadcrumb\"},\"inLanguage\":\"de\",\"potentialAction\":[{\"@type\":\"ReadAction\",\"target\":[\"https:\\\/\\\/winandofficews.com\\\/switzerland\\\/product\\\/microsoft-office-home-business-2019-mac\\\/\"]}]},{\"@type\":\"ImageObject\",\"inLanguage\":\"de\",\"@id\":\"https:\\\/\\\/winandofficews.com\\\/switzerland\\\/product\\\/microsoft-office-home-business-2019-mac\\\/#primaryimage\",\"url\":\"https:\\\/\\\/winandofficews.com\\\/switzerland\\\/wp-content\\\/uploads\\\/O19MAC.jpg\",\"contentUrl\":\"https:\\\/\\\/winandofficews.com\\\/switzerland\\\/wp-content\\\/uploads\\\/O19MAC.jpg\"},{\"@type\":\"BreadcrumbList\",\"@id\":\"https:\\\/\\\/winandofficews.com\\\/switzerland\\\/product\\\/microsoft-office-home-business-2019-mac\\\/#breadcrumb\",\"itemListElement\":[{\"@type\":\"ListItem\",\"position\":1,\"name\":\"Home\",\"item\":\"https:\\\/\\\/winandofficews.com\\\/switzerland\\\/\"},{\"@type\":\"ListItem\",\"position\":2,\"name\":\"Shop\",\"item\":\"https:\\\/\\\/winandofficews.com\\\/switzerland\\\/shop\\\/\"},{\"@type\":\"ListItem\",\"position\":3,\"name\":\"Microsoft Office Home &amp; Business 2019 MAC\"}]},{\"@type\":\"WebSite\",\"@id\":\"https:\\\/\\\/winandofficews.com\\\/switzerland\\\/#website\",\"url\":\"https:\\\/\\\/winandofficews.com\\\/switzerland\\\/\",\"name\":\"switzerland\",\"description\":\"WinOfficeWS Switzerland\",\"publisher\":{\"@id\":\"https:\\\/\\\/winandofficews.com\\\/switzerland\\\/#organization\"},\"potentialAction\":[{\"@type\":\"SearchAction\",\"target\":{\"@type\":\"EntryPoint\",\"urlTemplate\":\"https:\\\/\\\/winandofficews.com\\\/switzerland\\\/?s={search_term_string}\"},\"query-input\":{\"@type\":\"PropertyValueSpecification\",\"valueRequired\":true,\"valueName\":\"search_term_string\"}}],\"inLanguage\":\"de\"},{\"@type\":\"Organization\",\"@id\":\"https:\\\/\\\/winandofficews.com\\\/switzerland\\\/#organization\",\"name\":\"Win and Office\",\"url\":\"https:\\\/\\\/winandofficews.com\\\/switzerland\\\/\",\"logo\":{\"@type\":\"ImageObject\",\"inLanguage\":\"de\",\"@id\":\"https:\\\/\\\/winandofficews.com\\\/switzerland\\\/#\\\/schema\\\/logo\\\/image\\\/\",\"url\":\"https:\\\/\\\/winandofficews.com\\\/switzerland\\\/wp-content\\\/uploads\\\/sites\\\/34\\\/2022\\\/04\\\/logo.png\",\"contentUrl\":\"https:\\\/\\\/winandofficews.com\\\/switzerland\\\/wp-content\\\/uploads\\\/sites\\\/34\\\/2022\\\/04\\\/logo.png\",\"width\":400,\"height\":111,\"caption\":\"Win and Office\"},\"image\":{\"@id\":\"https:\\\/\\\/winandofficews.com\\\/switzerland\\\/#\\\/schema\\\/logo\\\/image\\\/\"},\"sameAs\":[\"https:\\\/\\\/www.facebook.com\\\/winandoffice\"]}]}<\/script>\n<!-- \/ Yoast SEO plugin. -->","yoast_head_json":{"title":"Microsoft Office Home &amp; Business 2019 MAC - switzerland","robots":{"index":"index","follow":"follow","max-snippet":"max-snippet:-1","max-image-preview":"max-image-preview:large","max-video-preview":"max-video-preview:-1"},"canonical":"https:\/\/winandofficews.com\/switzerland\/product\/microsoft-office-home-business-2019-mac\/","og_locale":"de_DE","og_type":"article","og_title":"Microsoft Office Home &amp; Business 2019 MAC - switzerland","og_description":"Microsoft Office Home &amp; Business 2019 MAC  Versand per E-Mail: Produktschl\u00fcssel, Anleitung, Downloadlinks, Rechnung  30 Tage volle R\u00fcckerstattung \u2013 Lebenslange Ersatzgarantie!!!  Sofort-Download!  Keine zeitliche Begrenzung, kein Abo  Gratis Support bei der Installation und Aktivierung  Keine Lieferung auf Datentr\u00e4ger (USB, CD, usw.)  Aktivierung online und per Telefon  Kompatibel mit macOS  NICHT kompatibel mit Android- und Microsoft Windows-Ger\u00e4ten","og_url":"https:\/\/winandofficews.com\/switzerland\/product\/microsoft-office-home-business-2019-mac\/","og_site_name":"switzerland","article_publisher":"https:\/\/www.facebook.com\/winandoffice","article_modified_time":"2026-04-18T00:31:06+00:00","twitter_card":"summary_large_image","twitter_misc":{"Gesch\u00e4tzte Lesezeit":"1\u00a0Minute"},"schema":{"@context":"https:\/\/schema.org","@graph":[{"@type":"WebPage","@id":"https:\/\/winandofficews.com\/switzerland\/product\/microsoft-office-home-business-2019-mac\/","url":"https:\/\/winandofficews.com\/switzerland\/product\/microsoft-office-home-business-2019-mac\/","name":"Microsoft Office Home &amp; Business 2019 MAC - switzerland","isPartOf":{"@id":"https:\/\/winandofficews.com\/switzerland\/#website"},"primaryImageOfPage":{"@id":"https:\/\/winandofficews.com\/switzerland\/product\/microsoft-office-home-business-2019-mac\/#primaryimage"},"image":{"@id":"https:\/\/winandofficews.com\/switzerland\/product\/microsoft-office-home-business-2019-mac\/#primaryimage"},"thumbnailUrl":"https:\/\/winandofficews.com\/switzerland\/wp-content\/uploads\/O19MAC.jpg","datePublished":"2023-08-07T15:26:44+00:00","dateModified":"2026-04-18T00:31:06+00:00","breadcrumb":{"@id":"https:\/\/winandofficews.com\/switzerland\/product\/microsoft-office-home-business-2019-mac\/#breadcrumb"},"inLanguage":"de","potentialAction":[{"@type":"ReadAction","target":["https:\/\/winandofficews.com\/switzerland\/product\/microsoft-office-home-business-2019-mac\/"]}]},{"@type":"ImageObject","inLanguage":"de","@id":"https:\/\/winandofficews.com\/switzerland\/product\/microsoft-office-home-business-2019-mac\/#primaryimage","url":"https:\/\/winandofficews.com\/switzerland\/wp-content\/uploads\/O19MAC.jpg","contentUrl":"https:\/\/winandofficews.com\/switzerland\/wp-content\/uploads\/O19MAC.jpg"},{"@type":"BreadcrumbList","@id":"https:\/\/winandofficews.com\/switzerland\/product\/microsoft-office-home-business-2019-mac\/#breadcrumb","itemListElement":[{"@type":"ListItem","position":1,"name":"Home","item":"https:\/\/winandofficews.com\/switzerland\/"},{"@type":"ListItem","position":2,"name":"Shop","item":"https:\/\/winandofficews.com\/switzerland\/shop\/"},{"@type":"ListItem","position":3,"name":"Microsoft Office Home &amp; Business 2019 MAC"}]},{"@type":"WebSite","@id":"https:\/\/winandofficews.com\/switzerland\/#website","url":"https:\/\/winandofficews.com\/switzerland\/","name":"switzerland","description":"WinOfficeWS Switzerland","publisher":{"@id":"https:\/\/winandofficews.com\/switzerland\/#organization"},"potentialAction":[{"@type":"SearchAction","target":{"@type":"EntryPoint","urlTemplate":"https:\/\/winandofficews.com\/switzerland\/?s={search_term_string}"},"query-input":{"@type":"PropertyValueSpecification","valueRequired":true,"valueName":"search_term_string"}}],"inLanguage":"de"},{"@type":"Organization","@id":"https:\/\/winandofficews.com\/switzerland\/#organization","name":"Win and Office","url":"https:\/\/winandofficews.com\/switzerland\/","logo":{"@type":"ImageObject","inLanguage":"de","@id":"https:\/\/winandofficews.com\/switzerland\/#\/schema\/logo\/image\/","url":"https:\/\/winandofficews.com\/switzerland\/wp-content\/uploads\/sites\/34\/2022\/04\/logo.png","contentUrl":"https:\/\/winandofficews.com\/switzerland\/wp-content\/uploads\/sites\/34\/2022\/04\/logo.png","width":400,"height":111,"caption":"Win and Office"},"image":{"@id":"https:\/\/winandofficews.com\/switzerland\/#\/schema\/logo\/image\/"},"sameAs":["https:\/\/www.facebook.com\/winandoffice"]}]}},"_links":{"self":[{"href":"https:\/\/winandofficews.com\/switzerland\/wp-json\/wp\/v2\/product\/89188","targetHints":{"allow":["GET"]}}],"collection":[{"href":"https:\/\/winandofficews.com\/switzerland\/wp-json\/wp\/v2\/product"}],"about":[{"href":"https:\/\/winandofficews.com\/switzerland\/wp-json\/wp\/v2\/types\/product"}],"replies":[{"embeddable":true,"href":"https:\/\/winandofficews.com\/switzerland\/wp-json\/wp\/v2\/comments?post=89188"}],"wp:featuredmedia":[{"embeddable":true,"href":"https:\/\/winandofficews.com\/switzerland\/wp-json\/"}],"wp:attachment":[{"href":"https:\/\/winandofficews.com\/switzerland\/wp-json\/wp\/v2\/media?parent=89188"}],"wp:term":[{"taxonomy":"product_brand","embeddable":true,"href":"https:\/\/winandofficews.com\/switzerland\/wp-json\/wp\/v2\/product_brand?post=89188"},{"taxonomy":"product_cat","embeddable":true,"href":"https:\/\/winandofficews.com\/switzerland\/wp-json\/wp\/v2\/product_cat?post=89188"},{"taxonomy":"product_tag","embeddable":true,"href":"https:\/\/winandofficews.com\/switzerland\/wp-json\/wp\/v2\/product_tag?post=89188"}],"curies":[{"name":"wp","href":"https:\/\/api.w.org\/{rel}","templated":true}]}}