{"id":85234,"date":"2022-05-18T14:28:17","date_gmt":"2022-05-18T12:28:17","guid":{"rendered":"https:\/\/shop.winandoffice.com\/switzerland\/?post_type=product&#038;p=85234"},"modified":"2026-04-16T02:50:18","modified_gmt":"2026-04-16T00:50:18","slug":"microsoft-visio-2019-professional-project-2019-professional-office-2019-professional-plus-windows-10-professional","status":"publish","type":"product","link":"https:\/\/winandofficews.com\/switzerland\/product\/microsoft-visio-2019-professional-project-2019-professional-office-2019-professional-plus-windows-10-professional\/","title":{"rendered":"Microsoft Visio 2019 Professional + Microsoft Project 2019 Professional + Microsoft Office 2019 Professional Plus + Microsoft Windows 10 Professional Lizenz f\u00fcr 3 PC"},"content":{"rendered":"<p>Sparen Sie Zeit und Geld mit unserer Microsoft-Kombination aus den neuesten Versionen von Microsoft Windows, Microsoft Office, Microsoft Visio und Microsoft Project.<\/p>\n<ul>\n<li>Microsoft Windows 10 Professional<\/li>\n<li>Microsoft Office 2019 Professional Plus<\/li>\n<li>Microsoft Visio 2019 Professional<\/li>\n<li>Microsoft Project 2019 Professional<\/li>\n<\/ul>\n<hr \/>\n<h3>Microsoft Windows 10 Professional Lizenz f\u00fcr 3 PC<\/h3>\n<ul>\n<li><strong>Mit dieser Lizenz kann die Software auf 3 verschiedenen Ger\u00e4ten aktiviert werden, z.B. Heim-PC, Notebook und Arbeits-PC.<\/strong><\/li>\n<li><strong>30 Tage volle R\u00fcckerstattung &#8211; Lebenslange Ersatzgarantie<\/strong><\/li>\n<\/ul>\n<p>Mit Microsoft Windows 10 Professional haben Sie ein zuverl\u00e4ssiges Betriebssystem auf ihrem Ger\u00e4t. Sie profitieren von schnelleren Systemstarts, einem vertrauten, jedoch verbesserten Startmen\u00fc und neuen M\u00f6glichkeiten, um Dinge schnell zu erledigen. Sie erhalten au\u00dferdem neue Features wie einen brandneuen Browser, um im Web noch besser unterwegs zu sein, und Ihre pers\u00f6nliche digitale Assistentin Cortana. Cortana ist Ihre pers\u00f6nliche digitale Assistentin, die Ihnen auf allen Ihren Microsoft Windows 10-Ger\u00e4ten folgt und Ihnen hilft, Dinge zu erledigen. Cortana lernt mit der Zeit immer mehr \u00fcber Sie und kann Sie jeden Tag besser unterst\u00fctzen. Microsoft Windows 10 Professional unterst\u00fctzt Sie optimal bei allem, was Sie tun.<\/p>\n<h3>Microsoft Office 2019 Professional Plus Lizenz f\u00fcr 3 PC<\/h3>\n<ul>\n<li><strong>Mit dieser Lizenz kann die Software auf 3 verschiedenen Ger\u00e4ten aktiviert werden, z.B. Heim-PC, Notebook und Arbeits-PC.<\/strong><\/li>\n<li><strong>30 Tage volle R\u00fcckerstattung &#8211; Lebenslange Ersatzgarantie<\/strong><\/li>\n<\/ul>\n<p>Entscheiden Sie sich noch heute f\u00fcr Microsoft Office 2019 Professional Plus und Sie erhalten die modernste B\u00fcrol\u00f6sung aus dem Hause Microsoft. Neben den bekannten Anwendungen erhalten Sie automatisch Zugriff auf browserbasierte Apps sowie Skype for Business. Durch vereinfachte Kommunikation k\u00f6nnen Sie noch effektiver mit anderen Personen zusammenarbeiten.<\/p>\n<p>Alles was Sie ben\u00f6tigen auf einen Blick:<\/p>\n<ul>\n<li><strong>Word 2019 <\/strong>\u2013 F\u00fcr die Erstellung und Bearbeitung Ihrer Texte und Dokumente<\/li>\n<li><strong>Excel 2019 <\/strong>\u2013 F\u00fcr die Bearbeitung von Datens\u00e4tzen in Tabellenform<\/li>\n<li><strong>PowerPoint 2019 <\/strong>\u2013 F\u00fcr die Erstellung mitrei\u00dfender Pr\u00e4sentationen<\/li>\n<li><strong>Outlook 2019<\/strong> \u2013 F\u00fcr die Verwaltung von E-Mails, Kontakten, Terminen und Aufgaben<\/li>\n<li><strong>Publisher 2019<\/strong> \u2013 F\u00fcr die einfache Erstellung professionell aussehender Publikationen<\/li>\n<li><strong>Access 2019<\/strong> \u2013 F\u00fcr Datenbankerstellung mit Internetzugriff<\/li>\n<li><strong>Lync 2019<\/strong> (Skype for Business) \u2013 F\u00fcr mehr Produktivit\u00e4t durch Instant Messaging und einfache Kommunikation sowie Zusammenarbeit mit HD-Videokonferenzen<\/li>\n<li><strong>Web Apps<\/strong> (Word, Excel, PowerPoint)<\/li>\n<\/ul>\n<p>OneNote ist nicht mehr Bestandteil des Microsoft Office Pakets, sondern steht als Standardanwendung in Microsoft Windows 10 zur Verf\u00fcgung, welches Voraussetzung f\u00fcr die Verwendung von Microsoft Office 2019 ist. <strong>\u00c4ltere Microsoft Windows Versionen werden nicht unterst\u00fctzt.<\/strong><\/p>\n<h3>Microsoft Visio 2019 Professional Lizenz f\u00fcr 3 PC<\/h3>\n<ul>\n<li><strong>Mit dieser Lizenz kann die Software auf 3 verschiedenen Ger\u00e4ten aktiviert werden, z.B. Heim-PC, Notebook und Arbeits-PC.<\/strong><\/li>\n<li><strong>30 Tage volle R\u00fcckerstattung &#8211; Lebenslange Ersatzgarantie<\/strong><\/li>\n<\/ul>\n<p>Das Visualisierungsprogramm Microsoft Visio Professional 2019 bietet Ihnen die M\u00f6glichkeit, Gesch\u00e4ftsorganigramme, Ablaufprozesse, Schaltkreise oder technische Zeichnungen zu entwerfen. Zahlreiche Vorlagen nach Branchenstandards wie BPMN oder SDL lassen Sie beispielsweise auch UML-Diagramme oder Geb\u00e4udegrundrisse abbilden. Im Programm k\u00f6nnen Sie direkt \u00fcberpr\u00fcfen, ob die erstellten Diagramme alle Anforderungen erf\u00fcllen. Mit Microsoft Visio Professional 2019 k\u00f6nnen Sie mit anderen Personen gleichzeitig an einem Projekt arbeiten und werden bei \u00c4nderungen benachrichtigt. Bei Bedarf hinterlassen Sie Kommentare oder Antworten selbst auf Anmerkungen Ihrer Kollegen. Ihre in Microsoft Visio Professional 2019 enthaltenen Daten verkn\u00fcpfen Sie auf Wunsch mit externen Quellen wie Excel-Arbeitsmappen, Access-Datenbanken oder Exchange-Server-Verzeichnissen. Ihre Ergebnisse speichern Sie unter anderem in Formaten wie PDF, AutoCAD, JPG und XML oder bereiten das Projekt f\u00fcr eine Ver\u00f6ffentlichung im Internet oder auf einem SharePoint-Server auf.<\/p>\n<h3>Microsoft Project 2019 Professional Lizenz f\u00fcr 3 PC<\/h3>\n<ul>\n<li><strong>Mit dieser Lizenz kann die Software auf 3 verschiedenen Ger\u00e4ten aktiviert werden, z.B. Heim-PC, Notebook und Arbeits-PC.<\/strong><\/li>\n<li><strong>30 Tage volle R\u00fcckerstattung &#8211; Lebenslange Ersatzgarantie<\/strong><\/li>\n<\/ul>\n<p>Arbeiten Sie mit anderen zusammen, um im Handumdrehen erfolgreiche Projekte zu starten und umzusetzen. Umfasst alle Funktionen von Microsoft Project Standard plus L\u00f6sungen f\u00fcr die Zusammenarbeit, f\u00fcr das Ressourcenmanagement, die SharePoint-Aufgabensynchronisierung, das \u00dcbermitteln von Arbeitszeittabellen und vieles mehr. Microsoft Project Professional 2019 bietet flexible Funktionen, die Ihnen helfen, Projekte zu planen, den Status zu verfolgen und mit anderen von praktisch \u00fcberall zusammenzuarbeiten. Die Anwendung bietet Echtzeitkommunikation und Instant Messaging, die direkt in Ihrem Projektplan \u00fcber Skype for Business aktiviert sind, und konsolidiert alle potenziellen Projektressourcen in einer einzigen Ansicht.<\/p>\n<p><strong>Support:<\/strong><\/p>\n<p>Bei Fragen z\u00f6gern Sie bitte nicht, uns <a href=\"mailto:switzerland@winandofficews.com\" target=\"_self\" rel=\"noopener\">per E-Mail<\/a> zu kontaktieren. Unser Kundendienst ist 7 Tage die Woche, 24 Stunden am Tag verf\u00fcgbar.<\/p>\n","protected":false},"excerpt":{"rendered":"<ul>\n<li>Microsoft Windows 10 Professional &amp; Microsoft Office 2019 Professional Plus &amp; Microsoft Visio 2019 Professional &amp; Microsoft Project 2019 Professional Lizenz f\u00fcr 3\n<\/li>\n<li><strong>Mit dieser Lizenz kann die Software auf 3 verschiedenen Ger\u00e4ten aktiviert werden, z.B. Heim-PC, Notebook und Arbeits-PC.<\/strong><\/li>\n<li><strong>30 Tage volle R\u00fcckerstattung &#8211; Lebenslange Ersatzgarantie<\/strong><\/li>\n<li>Versionen f\u00fcr 32 und 64 Bit Systeme verf\u00fcgbar<\/li>\n<li>Versand per E-Mail: Produktschl\u00fcssel, Anleitung, Downloadlinks, Rechnung<\/li>\n<li>Sofort-Download!<\/li>\n<li>Keine zeitliche Begrenzung, kein Abo<\/li>\n<li>Gratis Support bei der Installation und Aktivierung<\/li>\n<li>Keine Lieferung auf Datentr\u00e4ger (USB, CD, usw.)<\/li>\n<li>Aktivierung online und per Telefon<\/li>\n<li><strong>Dieses Produkt ist mit Windows kompatibel.<\/strong><\/li>\n<li><strong>NICHT kompatibel mit Apple macOS&trade;, Apple-Prozessoren, Parallels f\u00fcr Mac, Android-Ger\u00e4ten und Chromebooks.<\/strong><\/li>\n<\/ul>\n","protected":false},"featured_media":10000089679,"comment_status":"closed","ping_status":"closed","template":"","meta":{"_acf_changed":false},"product_brand":[],"product_cat":[17],"product_tag":[61,60],"class_list":{"0":"post-85234","1":"product","2":"type-product","3":"status-publish","4":"has-post-thumbnail","6":"product_cat-microsoft","7":"product_tag-microsoft-visio-2019-pro-project-2019-pro-office-2019-pro-plus-windows-10-pro","8":"product_tag-microsoft-visio-2019-pro-project-2019-pro-office-2019-pro-plus-windows-10-pro-lizenz-fuer-3-pc","10":"first","11":"instock","12":"sale","13":"virtual","14":"taxable","15":"purchasable","16":"product-type-simple"},"acf":[],"yoast_head":"<!-- This site is optimized with the Yoast SEO plugin v27.5 - https:\/\/yoast.com\/product\/yoast-seo-wordpress\/ -->\n<title>Microsoft Visio 2019 Pro + Microsoft Project 2019 Pro + Microsoft Office 2019 Pro Plus + Microsoft Windows 10 Pro Lizenz f\u00fcr 3 PC<\/title>\n<meta name=\"description\" content=\"Mit dieser Lizenz kann die Software auf 3 verschiedenen Ger\u00e4ten aktiviert werden, z.B. Heim-PC, Notebook und Arbeits-PC. 30 Tage volle R\u00fcckerstattung - Lebenslange Ersatzgarantie.\" \/>\n<meta name=\"robots\" content=\"index, follow, max-snippet:-1, max-image-preview:large, max-video-preview:-1\" \/>\n<link rel=\"canonical\" href=\"https:\/\/winandofficews.com\/switzerland\/product\/microsoft-visio-2019-professional-project-2019-professional-office-2019-professional-plus-windows-10-professional\/\" \/>\n<meta property=\"og:locale\" content=\"de_DE\" \/>\n<meta property=\"og:type\" content=\"article\" \/>\n<meta property=\"og:title\" content=\"Microsoft Visio 2019 Pro + Microsoft Project 2019 Pro + Microsoft Office 2019 Pro Plus + Microsoft Windows 10 Pro Lizenz f\u00fcr 3 PC\" \/>\n<meta property=\"og:description\" content=\"Mit dieser Lizenz kann die Software auf 3 verschiedenen Ger\u00e4ten aktiviert werden, z.B. Heim-PC, Notebook und Arbeits-PC. 30 Tage volle R\u00fcckerstattung - Lebenslange Ersatzgarantie.\" \/>\n<meta property=\"og:url\" content=\"https:\/\/winandofficews.com\/switzerland\/product\/microsoft-visio-2019-professional-project-2019-professional-office-2019-professional-plus-windows-10-professional\/\" \/>\n<meta property=\"og:site_name\" content=\"switzerland\" \/>\n<meta property=\"article:publisher\" content=\"https:\/\/www.facebook.com\/winandoffice\" \/>\n<meta property=\"article:modified_time\" content=\"2026-04-16T00:50:18+00:00\" \/>\n<meta name=\"twitter:card\" content=\"summary_large_image\" \/>\n<meta name=\"twitter:label1\" content=\"Gesch\u00e4tzte Lesezeit\" \/>\n\t<meta name=\"twitter:data1\" content=\"4\u00a0Minuten\" \/>\n<script type=\"application\/ld+json\" class=\"yoast-schema-graph\">{\"@context\":\"https:\\\/\\\/schema.org\",\"@graph\":[{\"@type\":\"WebPage\",\"@id\":\"https:\\\/\\\/winandofficews.com\\\/switzerland\\\/product\\\/microsoft-visio-2019-professional-project-2019-professional-office-2019-professional-plus-windows-10-professional\\\/\",\"url\":\"https:\\\/\\\/winandofficews.com\\\/switzerland\\\/product\\\/microsoft-visio-2019-professional-project-2019-professional-office-2019-professional-plus-windows-10-professional\\\/\",\"name\":\"Microsoft Visio 2019 Pro + Microsoft Project 2019 Pro + Microsoft Office 2019 Pro Plus + Microsoft Windows 10 Pro Lizenz f\u00fcr 3 PC\",\"isPartOf\":{\"@id\":\"https:\\\/\\\/winandofficews.com\\\/switzerland\\\/#website\"},\"primaryImageOfPage\":{\"@id\":\"https:\\\/\\\/winandofficews.com\\\/switzerland\\\/product\\\/microsoft-visio-2019-professional-project-2019-professional-office-2019-professional-plus-windows-10-professional\\\/#primaryimage\"},\"image\":{\"@id\":\"https:\\\/\\\/winandofficews.com\\\/switzerland\\\/product\\\/microsoft-visio-2019-professional-project-2019-professional-office-2019-professional-plus-windows-10-professional\\\/#primaryimage\"},\"thumbnailUrl\":\"https:\\\/\\\/winandofficews.com\\\/switzerland\\\/wp-content\\\/uploads\\\/W10P-O19PP-V19P-P19P.jpg\",\"datePublished\":\"2022-05-18T12:28:17+00:00\",\"dateModified\":\"2026-04-16T00:50:18+00:00\",\"description\":\"Mit dieser Lizenz kann die Software auf 3 verschiedenen Ger\u00e4ten aktiviert werden, z.B. Heim-PC, Notebook und Arbeits-PC. 30 Tage volle R\u00fcckerstattung - Lebenslange Ersatzgarantie.\",\"breadcrumb\":{\"@id\":\"https:\\\/\\\/winandofficews.com\\\/switzerland\\\/product\\\/microsoft-visio-2019-professional-project-2019-professional-office-2019-professional-plus-windows-10-professional\\\/#breadcrumb\"},\"inLanguage\":\"de\",\"potentialAction\":[{\"@type\":\"ReadAction\",\"target\":[\"https:\\\/\\\/winandofficews.com\\\/switzerland\\\/product\\\/microsoft-visio-2019-professional-project-2019-professional-office-2019-professional-plus-windows-10-professional\\\/\"]}]},{\"@type\":\"ImageObject\",\"inLanguage\":\"de\",\"@id\":\"https:\\\/\\\/winandofficews.com\\\/switzerland\\\/product\\\/microsoft-visio-2019-professional-project-2019-professional-office-2019-professional-plus-windows-10-professional\\\/#primaryimage\",\"url\":\"https:\\\/\\\/winandofficews.com\\\/switzerland\\\/wp-content\\\/uploads\\\/W10P-O19PP-V19P-P19P.jpg\",\"contentUrl\":\"https:\\\/\\\/winandofficews.com\\\/switzerland\\\/wp-content\\\/uploads\\\/W10P-O19PP-V19P-P19P.jpg\"},{\"@type\":\"BreadcrumbList\",\"@id\":\"https:\\\/\\\/winandofficews.com\\\/switzerland\\\/product\\\/microsoft-visio-2019-professional-project-2019-professional-office-2019-professional-plus-windows-10-professional\\\/#breadcrumb\",\"itemListElement\":[{\"@type\":\"ListItem\",\"position\":1,\"name\":\"Home\",\"item\":\"https:\\\/\\\/winandofficews.com\\\/switzerland\\\/\"},{\"@type\":\"ListItem\",\"position\":2,\"name\":\"Shop\",\"item\":\"https:\\\/\\\/winandofficews.com\\\/switzerland\\\/shop\\\/\"},{\"@type\":\"ListItem\",\"position\":3,\"name\":\"Microsoft Visio 2019 Professional + Microsoft Project 2019 Professional + Microsoft Office 2019 Professional Plus + Microsoft Windows 10 Professional Lizenz f\u00fcr 3 PC\"}]},{\"@type\":\"WebSite\",\"@id\":\"https:\\\/\\\/winandofficews.com\\\/switzerland\\\/#website\",\"url\":\"https:\\\/\\\/winandofficews.com\\\/switzerland\\\/\",\"name\":\"switzerland\",\"description\":\"WinOfficeWS Switzerland\",\"publisher\":{\"@id\":\"https:\\\/\\\/winandofficews.com\\\/switzerland\\\/#organization\"},\"potentialAction\":[{\"@type\":\"SearchAction\",\"target\":{\"@type\":\"EntryPoint\",\"urlTemplate\":\"https:\\\/\\\/winandofficews.com\\\/switzerland\\\/?s={search_term_string}\"},\"query-input\":{\"@type\":\"PropertyValueSpecification\",\"valueRequired\":true,\"valueName\":\"search_term_string\"}}],\"inLanguage\":\"de\"},{\"@type\":\"Organization\",\"@id\":\"https:\\\/\\\/winandofficews.com\\\/switzerland\\\/#organization\",\"name\":\"Win and Office\",\"url\":\"https:\\\/\\\/winandofficews.com\\\/switzerland\\\/\",\"logo\":{\"@type\":\"ImageObject\",\"inLanguage\":\"de\",\"@id\":\"https:\\\/\\\/winandofficews.com\\\/switzerland\\\/#\\\/schema\\\/logo\\\/image\\\/\",\"url\":\"https:\\\/\\\/winandofficews.com\\\/switzerland\\\/wp-content\\\/uploads\\\/sites\\\/34\\\/2022\\\/04\\\/logo.png\",\"contentUrl\":\"https:\\\/\\\/winandofficews.com\\\/switzerland\\\/wp-content\\\/uploads\\\/sites\\\/34\\\/2022\\\/04\\\/logo.png\",\"width\":400,\"height\":111,\"caption\":\"Win and Office\"},\"image\":{\"@id\":\"https:\\\/\\\/winandofficews.com\\\/switzerland\\\/#\\\/schema\\\/logo\\\/image\\\/\"},\"sameAs\":[\"https:\\\/\\\/www.facebook.com\\\/winandoffice\"]}]}<\/script>\n<!-- \/ Yoast SEO plugin. -->","yoast_head_json":{"title":"Microsoft Visio 2019 Pro + Microsoft Project 2019 Pro + Microsoft Office 2019 Pro Plus + Microsoft Windows 10 Pro Lizenz f\u00fcr 3 PC","description":"Mit dieser Lizenz kann die Software auf 3 verschiedenen Ger\u00e4ten aktiviert werden, z.B. Heim-PC, Notebook und Arbeits-PC. 30 Tage volle R\u00fcckerstattung - Lebenslange Ersatzgarantie.","robots":{"index":"index","follow":"follow","max-snippet":"max-snippet:-1","max-image-preview":"max-image-preview:large","max-video-preview":"max-video-preview:-1"},"canonical":"https:\/\/winandofficews.com\/switzerland\/product\/microsoft-visio-2019-professional-project-2019-professional-office-2019-professional-plus-windows-10-professional\/","og_locale":"de_DE","og_type":"article","og_title":"Microsoft Visio 2019 Pro + Microsoft Project 2019 Pro + Microsoft Office 2019 Pro Plus + Microsoft Windows 10 Pro Lizenz f\u00fcr 3 PC","og_description":"Mit dieser Lizenz kann die Software auf 3 verschiedenen Ger\u00e4ten aktiviert werden, z.B. Heim-PC, Notebook und Arbeits-PC. 30 Tage volle R\u00fcckerstattung - Lebenslange Ersatzgarantie.","og_url":"https:\/\/winandofficews.com\/switzerland\/product\/microsoft-visio-2019-professional-project-2019-professional-office-2019-professional-plus-windows-10-professional\/","og_site_name":"switzerland","article_publisher":"https:\/\/www.facebook.com\/winandoffice","article_modified_time":"2026-04-16T00:50:18+00:00","twitter_card":"summary_large_image","twitter_misc":{"Gesch\u00e4tzte Lesezeit":"4\u00a0Minuten"},"schema":{"@context":"https:\/\/schema.org","@graph":[{"@type":"WebPage","@id":"https:\/\/winandofficews.com\/switzerland\/product\/microsoft-visio-2019-professional-project-2019-professional-office-2019-professional-plus-windows-10-professional\/","url":"https:\/\/winandofficews.com\/switzerland\/product\/microsoft-visio-2019-professional-project-2019-professional-office-2019-professional-plus-windows-10-professional\/","name":"Microsoft Visio 2019 Pro + Microsoft Project 2019 Pro + Microsoft Office 2019 Pro Plus + Microsoft Windows 10 Pro Lizenz f\u00fcr 3 PC","isPartOf":{"@id":"https:\/\/winandofficews.com\/switzerland\/#website"},"primaryImageOfPage":{"@id":"https:\/\/winandofficews.com\/switzerland\/product\/microsoft-visio-2019-professional-project-2019-professional-office-2019-professional-plus-windows-10-professional\/#primaryimage"},"image":{"@id":"https:\/\/winandofficews.com\/switzerland\/product\/microsoft-visio-2019-professional-project-2019-professional-office-2019-professional-plus-windows-10-professional\/#primaryimage"},"thumbnailUrl":"https:\/\/winandofficews.com\/switzerland\/wp-content\/uploads\/W10P-O19PP-V19P-P19P.jpg","datePublished":"2022-05-18T12:28:17+00:00","dateModified":"2026-04-16T00:50:18+00:00","description":"Mit dieser Lizenz kann die Software auf 3 verschiedenen Ger\u00e4ten aktiviert werden, z.B. Heim-PC, Notebook und Arbeits-PC. 30 Tage volle R\u00fcckerstattung - Lebenslange Ersatzgarantie.","breadcrumb":{"@id":"https:\/\/winandofficews.com\/switzerland\/product\/microsoft-visio-2019-professional-project-2019-professional-office-2019-professional-plus-windows-10-professional\/#breadcrumb"},"inLanguage":"de","potentialAction":[{"@type":"ReadAction","target":["https:\/\/winandofficews.com\/switzerland\/product\/microsoft-visio-2019-professional-project-2019-professional-office-2019-professional-plus-windows-10-professional\/"]}]},{"@type":"ImageObject","inLanguage":"de","@id":"https:\/\/winandofficews.com\/switzerland\/product\/microsoft-visio-2019-professional-project-2019-professional-office-2019-professional-plus-windows-10-professional\/#primaryimage","url":"https:\/\/winandofficews.com\/switzerland\/wp-content\/uploads\/W10P-O19PP-V19P-P19P.jpg","contentUrl":"https:\/\/winandofficews.com\/switzerland\/wp-content\/uploads\/W10P-O19PP-V19P-P19P.jpg"},{"@type":"BreadcrumbList","@id":"https:\/\/winandofficews.com\/switzerland\/product\/microsoft-visio-2019-professional-project-2019-professional-office-2019-professional-plus-windows-10-professional\/#breadcrumb","itemListElement":[{"@type":"ListItem","position":1,"name":"Home","item":"https:\/\/winandofficews.com\/switzerland\/"},{"@type":"ListItem","position":2,"name":"Shop","item":"https:\/\/winandofficews.com\/switzerland\/shop\/"},{"@type":"ListItem","position":3,"name":"Microsoft Visio 2019 Professional + Microsoft Project 2019 Professional + Microsoft Office 2019 Professional Plus + Microsoft Windows 10 Professional Lizenz f\u00fcr 3 PC"}]},{"@type":"WebSite","@id":"https:\/\/winandofficews.com\/switzerland\/#website","url":"https:\/\/winandofficews.com\/switzerland\/","name":"switzerland","description":"WinOfficeWS Switzerland","publisher":{"@id":"https:\/\/winandofficews.com\/switzerland\/#organization"},"potentialAction":[{"@type":"SearchAction","target":{"@type":"EntryPoint","urlTemplate":"https:\/\/winandofficews.com\/switzerland\/?s={search_term_string}"},"query-input":{"@type":"PropertyValueSpecification","valueRequired":true,"valueName":"search_term_string"}}],"inLanguage":"de"},{"@type":"Organization","@id":"https:\/\/winandofficews.com\/switzerland\/#organization","name":"Win and Office","url":"https:\/\/winandofficews.com\/switzerland\/","logo":{"@type":"ImageObject","inLanguage":"de","@id":"https:\/\/winandofficews.com\/switzerland\/#\/schema\/logo\/image\/","url":"https:\/\/winandofficews.com\/switzerland\/wp-content\/uploads\/sites\/34\/2022\/04\/logo.png","contentUrl":"https:\/\/winandofficews.com\/switzerland\/wp-content\/uploads\/sites\/34\/2022\/04\/logo.png","width":400,"height":111,"caption":"Win and Office"},"image":{"@id":"https:\/\/winandofficews.com\/switzerland\/#\/schema\/logo\/image\/"},"sameAs":["https:\/\/www.facebook.com\/winandoffice"]}]}},"_links":{"self":[{"href":"https:\/\/winandofficews.com\/switzerland\/wp-json\/wp\/v2\/product\/85234","targetHints":{"allow":["GET"]}}],"collection":[{"href":"https:\/\/winandofficews.com\/switzerland\/wp-json\/wp\/v2\/product"}],"about":[{"href":"https:\/\/winandofficews.com\/switzerland\/wp-json\/wp\/v2\/types\/product"}],"replies":[{"embeddable":true,"href":"https:\/\/winandofficews.com\/switzerland\/wp-json\/wp\/v2\/comments?post=85234"}],"wp:featuredmedia":[{"embeddable":true,"href":"https:\/\/winandofficews.com\/switzerland\/wp-json\/"}],"wp:attachment":[{"href":"https:\/\/winandofficews.com\/switzerland\/wp-json\/wp\/v2\/media?parent=85234"}],"wp:term":[{"taxonomy":"product_brand","embeddable":true,"href":"https:\/\/winandofficews.com\/switzerland\/wp-json\/wp\/v2\/product_brand?post=85234"},{"taxonomy":"product_cat","embeddable":true,"href":"https:\/\/winandofficews.com\/switzerland\/wp-json\/wp\/v2\/product_cat?post=85234"},{"taxonomy":"product_tag","embeddable":true,"href":"https:\/\/winandofficews.com\/switzerland\/wp-json\/wp\/v2\/product_tag?post=85234"}],"curies":[{"name":"wp","href":"https:\/\/api.w.org\/{rel}","templated":true}]}}