{"id":84776,"date":"2022-04-27T13:33:59","date_gmt":"2022-04-27T11:33:59","guid":{"rendered":"https:\/\/shop.winandoffice.com\/switzerland\/?post_type=product&#038;p=84776"},"modified":"2026-04-16T00:03:25","modified_gmt":"2026-04-15T22:03:25","slug":"combo-office-2021-professional-windows-11-pro","status":"publish","type":"product","link":"https:\/\/winandofficews.com\/switzerland\/product\/combo-office-2021-professional-windows-11-pro\/","title":{"rendered":"Microsoft Windows 11 Professional + Microsoft Office 2021 Professional Plus Lizenz f\u00fcr 3 PC"},"content":{"rendered":"<h3>Microsoft Windows 11 Professional Lizenz f\u00fcr 3 PC<\/h3>\n<p><strong>Mit dieser Lizenz kann die Software auf 3 verschiedenen Ger\u00e4ten aktiviert werden, z.B. Heim-PC, Notebook und Arbeits-PC.<\/strong><\/p>\n<p><strong>30 Tage volle R\u00fcckerstattung &#8211; Lebenslange Ersatzgarantie<\/strong><\/p>\n<p>Systemanforderungen:<\/p>\n<hr>\n<p>Stellen Sie sicher, dass Sie f\u00fcr das neueste und beste Betriebssystem von Microsoft bereit sind!<br \/>\nDies sind die Grundvoraussetzungen f\u00fcr die Installation von Microsoft Windows 11 auf einem PC. Sollte Ihr PC diese Anforderungen nicht erf\u00fcllt, k\u00f6nnen Sie Microsoft Windows 11 m\u00f6glicherweise nicht auf Ihrem Ger\u00e4t installieren. Wenn Sie sich nicht sicher sind, ob Ihr PC diese Anforderungen erf\u00fcllt, k\u00f6nnen Sie sich bei Ihrem PC-Originalhersteller (OEM) erkundigen oder, wenn Ihr Ger\u00e4t bereits Microsoft Windows 10 ausf\u00fchrt, die App PC Health Check verwenden, um die Kompatibilit\u00e4t zu pr\u00fcfen (<a href=\"https:\/\/aka.ms\/GetPCHealthCheckApp\" target=\"_self\" rel=\"noopener\"><b>zum Download<\/b><\/a>).<\/p>\n<ul>\n<li><strong>Prozessor:<\/strong> 1 Gigahertz (GHz) oder schneller mit 2 oder mehr Kernen auf einem kompatiblen 64-Bit-Prozessor oder SoC (System on a Chip).<\/li>\n<li><strong>RAM:<\/strong> 4 gigabyte (GB)<\/li>\n<li><strong>Speicherplatz:<\/strong> 64 GB or mehr Hinweis: Siehe unten unter &#8222;Weitere Informationen zum Speicherplatz, um Microsoft Windows 11 aktuell zu halten&#8220; f\u00fcr weitere Details.<\/li>\n<li><strong>System Firmware:<\/strong> UEFI, Secure Boot f\u00e4hig<\/li>\n<li><strong>TPM:<\/strong> Trusted Platform Module (TPM) version 2.0<\/li>\n<li><strong>Grafikkarte:<\/strong> Kompatibel mit DirectX 12 or h\u00f6her mit WDDM 2.0 Treiber<\/li>\n<li><strong>Anzeige:<\/strong> Hochaufl\u00f6sendes Display (720p) mit einer Diagonale von mehr als 9&#8243;, 8 Bit pro Farbkanal<\/li>\n<li><strong>Internetverbindung und Microsoft-Konten: <\/strong> F\u00fcr alle Microsoft Windows 11-Editionen ist ein Internetzugang erforderlich, um Updates durchzuf\u00fchren und um einige Funktionen herunterzuladen und zu nutzen. F\u00fcr einige Funktionen ist ein Microsoft-Konto erforderlich.<\/li>\n<\/ul>\n<h3>Microsoft Office 2021 Professional Plus Lizenz f\u00fcr 3 PC<\/h3>\n<p>Die Microsoft Office 2021 Professional Plus Edition ist ideal f\u00fcr Anwender, die das volle Anwendungsspektrum zu Hause oder im B\u00fcro nutzen. Es umfasst die gesamte Palette der Microsoft Office-Anwendungen: Word, Excel, Outlook, PowerPoint, Publisher und Access. OneNote kann aus dem Microsoft Windows Store heruntergeladen werden und erm\u00f6glicht es Ihnen, schnell Notizen zu erstellen und diese \u00fcber die Cloud auf allen Ger\u00e4ten verf\u00fcgbar zu machen. Erleben Sie verbesserte Leistung, Stabilit\u00e4t und Geschwindigkeit in Word, Excel, PowerPoint und Outlook. Sie erhalten sich neue und verbesserte Such-, Freihand-Tools, Datentypen, Funktionen, \u00dcbersetzungs- und Bearbeitungstools, animierte Grafiken, benutzerfreundliche Funktionen und vieles mehr in der gesamten Microsoft Office 2021-Suite.<\/p>\n<ul>\n<li><strong>Word<\/strong>: Erstellen Sie im Handumdrehen Textdokumente in professioneller Qualit\u00e4t.<\/li>\n<li><strong>Excel<\/strong>: Intelligente Tabellenkalkulationen, jetzt mit neuen Funktionen wie XLOOKUP<\/li>\n<li><strong>Power Point<\/strong>: Neue und verbesserte Funktionen zum Erstellen beeindruckender dynamischer Pr\u00e4sentationen.<\/li>\n<li><strong>OneNote<\/strong>: Ihr digitales Notizbuch in der Cloud.<\/li>\n<li><strong>Outlook<\/strong>: Kommunikation leicht gemacht; enth\u00e4lt jetzt leistungsstarke \u00dcbersetzungsfunktionen.<\/li>\n<li><strong>Publisher<\/strong>: Layouterstellung f\u00fcr professionelle Publikationen<\/li>\n<li><strong>Access<\/strong>: Einfache und leistungsstarke Datenbankerstellung<\/li>\n<li><strong>Microsoft Teams<\/strong>: Mehr Produktivit\u00e4t durch Instant Messaging und HD-Videokonferenzen. (separat zum Download verf\u00fcgbar)<\/li>\n<\/ul>\n<p>HINWEIS: Aufgrund einer <a href=\"https:\/\/blogs.microsoft.com\/eupolicy\/2023\/08\/31\/european-competition-teams-office-microsoft-365\/\" target=\"_blank\" rel=\"noopener\">Untersuchung der Europ\u00e4ischen Kommission<\/a>, b\u00fcndelt Microsoft keine Teams-Lizenz mehr mit Office-Produkten. Sie k\u00f6nnen <a href=\"https:\/\/www.microsoft.com\/en-us\/microsoft-teams\/download-app\" target=\"_blank\" rel=\"noopener\"> Teams herunterladen<\/a>, um es mit einer kostenlosen oder kostenpflichtigen Lizenz zu verwenden (separat zu erwerben), je nach Bedarf.<\/p>\n<p><strong>Support:<\/strong><br \/>\nBei Fragen z\u00f6gern Sie bitte nicht, uns <a href=\"mailto:switzerland@winandofficews.com\" target=\"_self\" rel=\"noopener\">per E-Mail<\/a> zu kontaktieren. Unser Kundendienst ist 7 Tage die Woche, 24 Stunden am Tag verf\u00fcgbar.<\/p>\n","protected":false},"excerpt":{"rendered":"<ul>\n<li>Microsoft Windows 11 Professional+Microsoft Office 2021 Professional Plus Lizenz f\u00fcr 3 PC<\/li>\n<li><strong>Mit dieser Lizenz kann die Software auf 3 verschiedenen Ger\u00e4ten aktiviert werden, z.B. Heim-PC, Notebook und Arbeits-PC.<\/strong><\/li>\n<li><strong>30 Tage volle R\u00fcckerstattung &#8211; Lebenslange Ersatzgarantie<\/strong><\/li>\n<li>Version f\u00fcr 64-Bit Systeme<\/li>\n<li>Versand per E-Mail: Produktschl\u00fcssel, Anleitung, Downloadlinks, Rechnung<\/li>\n<li>Sofort-Download!<\/li>\n<li>Keine zeitliche Begrenzung, kein Abo<\/li>\n<li>Gratis Support bei der Installation und Aktivierung<\/li>\n<li>Keine Lieferung auf Datentr\u00e4ger (USB, CD, usw.)<\/li>\n<li>Aktivierung online und per Telefon<\/li>\n<li><strong>Dieses Produkt ist mit Windows kompatibel.<\/strong><\/li>\n<li><strong>NICHT kompatibel mit Apple macOS&trade;, Apple-Prozessoren, Parallels f\u00fcr Mac, Android-Ger\u00e4ten und Chromebooks.<\/strong><\/li>\n<\/ul>\n","protected":false},"featured_media":1000007974,"comment_status":"closed","ping_status":"closed","template":"","meta":{"_acf_changed":false},"product_brand":[],"product_cat":[17],"product_tag":[56,55,54,57],"class_list":{"0":"post-84776","1":"product","2":"type-product","3":"status-publish","4":"has-post-thumbnail","6":"product_cat-microsoft","7":"product_tag-microsoft-windows-11-professional","8":"product_tag-microsoft-windows-11-professional-office-2021-professional-plus","9":"product_tag-microsoft-windows-11-professional-office-2021-professional-plus-lizenz-fuer-3-pc","10":"product_tag-office-2021-professional-plus","12":"first","13":"instock","14":"sale","15":"virtual","16":"taxable","17":"purchasable","18":"product-type-simple"},"acf":[],"yoast_head":"<!-- This site is optimized with the Yoast SEO plugin v27.5 - https:\/\/yoast.com\/product\/yoast-seo-wordpress\/ -->\n<title>Microsoft Windows 11 Professional + Microsoft Office 2021 Professional Plus Lizenz f\u00fcr 3 PC<\/title>\n<meta name=\"description\" content=\"Mit dieser Lizenz kann die Software auf 3 verschiedenen Ger\u00e4ten aktiviert werden, z.B. Heim-PC, Notebook und Arbeits-PC. 30 Tage volle R\u00fcckerstattung - Lebenslange Ersatzgarantie.\" \/>\n<meta name=\"robots\" content=\"index, follow, max-snippet:-1, max-image-preview:large, max-video-preview:-1\" \/>\n<link rel=\"canonical\" href=\"https:\/\/winandofficews.com\/switzerland\/product\/combo-office-2021-professional-windows-11-pro\/\" \/>\n<meta property=\"og:locale\" content=\"de_DE\" \/>\n<meta property=\"og:type\" content=\"article\" \/>\n<meta property=\"og:title\" content=\"Microsoft Windows 11 Professional + Microsoft Office 2021 Professional Plus Lizenz f\u00fcr 3 PC\" \/>\n<meta property=\"og:description\" content=\"Mit dieser Lizenz kann die Software auf 3 verschiedenen Ger\u00e4ten aktiviert werden, z.B. Heim-PC, Notebook und Arbeits-PC. 30 Tage volle R\u00fcckerstattung - Lebenslange Ersatzgarantie.\" \/>\n<meta property=\"og:url\" content=\"https:\/\/winandofficews.com\/switzerland\/product\/combo-office-2021-professional-windows-11-pro\/\" \/>\n<meta property=\"og:site_name\" content=\"switzerland\" \/>\n<meta property=\"article:publisher\" content=\"https:\/\/www.facebook.com\/winandoffice\" \/>\n<meta property=\"article:modified_time\" content=\"2026-04-15T22:03:25+00:00\" \/>\n<meta name=\"twitter:card\" content=\"summary_large_image\" \/>\n<meta name=\"twitter:label1\" content=\"Gesch\u00e4tzte Lesezeit\" \/>\n\t<meta name=\"twitter:data1\" content=\"3\u00a0Minuten\" \/>\n<script type=\"application\/ld+json\" class=\"yoast-schema-graph\">{\"@context\":\"https:\\\/\\\/schema.org\",\"@graph\":[{\"@type\":\"WebPage\",\"@id\":\"https:\\\/\\\/winandofficews.com\\\/switzerland\\\/product\\\/combo-office-2021-professional-windows-11-pro\\\/\",\"url\":\"https:\\\/\\\/winandofficews.com\\\/switzerland\\\/product\\\/combo-office-2021-professional-windows-11-pro\\\/\",\"name\":\"Microsoft Windows 11 Professional + Microsoft Office 2021 Professional Plus Lizenz f\u00fcr 3 PC\",\"isPartOf\":{\"@id\":\"https:\\\/\\\/winandofficews.com\\\/switzerland\\\/#website\"},\"primaryImageOfPage\":{\"@id\":\"https:\\\/\\\/winandofficews.com\\\/switzerland\\\/product\\\/combo-office-2021-professional-windows-11-pro\\\/#primaryimage\"},\"image\":{\"@id\":\"https:\\\/\\\/winandofficews.com\\\/switzerland\\\/product\\\/combo-office-2021-professional-windows-11-pro\\\/#primaryimage\"},\"thumbnailUrl\":\"https:\\\/\\\/winandofficews.com\\\/switzerland\\\/wp-content\\\/uploads\\\/W11PO21P.png\",\"datePublished\":\"2022-04-27T11:33:59+00:00\",\"dateModified\":\"2026-04-15T22:03:25+00:00\",\"description\":\"Mit dieser Lizenz kann die Software auf 3 verschiedenen Ger\u00e4ten aktiviert werden, z.B. Heim-PC, Notebook und Arbeits-PC. 30 Tage volle R\u00fcckerstattung - Lebenslange Ersatzgarantie.\",\"breadcrumb\":{\"@id\":\"https:\\\/\\\/winandofficews.com\\\/switzerland\\\/product\\\/combo-office-2021-professional-windows-11-pro\\\/#breadcrumb\"},\"inLanguage\":\"de\",\"potentialAction\":[{\"@type\":\"ReadAction\",\"target\":[\"https:\\\/\\\/winandofficews.com\\\/switzerland\\\/product\\\/combo-office-2021-professional-windows-11-pro\\\/\"]}]},{\"@type\":\"ImageObject\",\"inLanguage\":\"de\",\"@id\":\"https:\\\/\\\/winandofficews.com\\\/switzerland\\\/product\\\/combo-office-2021-professional-windows-11-pro\\\/#primaryimage\",\"url\":\"https:\\\/\\\/winandofficews.com\\\/switzerland\\\/wp-content\\\/uploads\\\/W11PO21P.png\",\"contentUrl\":\"https:\\\/\\\/winandofficews.com\\\/switzerland\\\/wp-content\\\/uploads\\\/W11PO21P.png\"},{\"@type\":\"BreadcrumbList\",\"@id\":\"https:\\\/\\\/winandofficews.com\\\/switzerland\\\/product\\\/combo-office-2021-professional-windows-11-pro\\\/#breadcrumb\",\"itemListElement\":[{\"@type\":\"ListItem\",\"position\":1,\"name\":\"Home\",\"item\":\"https:\\\/\\\/winandofficews.com\\\/switzerland\\\/\"},{\"@type\":\"ListItem\",\"position\":2,\"name\":\"Shop\",\"item\":\"https:\\\/\\\/winandofficews.com\\\/switzerland\\\/shop\\\/\"},{\"@type\":\"ListItem\",\"position\":3,\"name\":\"Microsoft Windows 11 Professional + Microsoft Office 2021 Professional Plus Lizenz f\u00fcr 3 PC\"}]},{\"@type\":\"WebSite\",\"@id\":\"https:\\\/\\\/winandofficews.com\\\/switzerland\\\/#website\",\"url\":\"https:\\\/\\\/winandofficews.com\\\/switzerland\\\/\",\"name\":\"switzerland\",\"description\":\"WinOfficeWS Switzerland\",\"publisher\":{\"@id\":\"https:\\\/\\\/winandofficews.com\\\/switzerland\\\/#organization\"},\"potentialAction\":[{\"@type\":\"SearchAction\",\"target\":{\"@type\":\"EntryPoint\",\"urlTemplate\":\"https:\\\/\\\/winandofficews.com\\\/switzerland\\\/?s={search_term_string}\"},\"query-input\":{\"@type\":\"PropertyValueSpecification\",\"valueRequired\":true,\"valueName\":\"search_term_string\"}}],\"inLanguage\":\"de\"},{\"@type\":\"Organization\",\"@id\":\"https:\\\/\\\/winandofficews.com\\\/switzerland\\\/#organization\",\"name\":\"Win and Office\",\"url\":\"https:\\\/\\\/winandofficews.com\\\/switzerland\\\/\",\"logo\":{\"@type\":\"ImageObject\",\"inLanguage\":\"de\",\"@id\":\"https:\\\/\\\/winandofficews.com\\\/switzerland\\\/#\\\/schema\\\/logo\\\/image\\\/\",\"url\":\"https:\\\/\\\/winandofficews.com\\\/switzerland\\\/wp-content\\\/uploads\\\/sites\\\/34\\\/2022\\\/04\\\/logo.png\",\"contentUrl\":\"https:\\\/\\\/winandofficews.com\\\/switzerland\\\/wp-content\\\/uploads\\\/sites\\\/34\\\/2022\\\/04\\\/logo.png\",\"width\":400,\"height\":111,\"caption\":\"Win and Office\"},\"image\":{\"@id\":\"https:\\\/\\\/winandofficews.com\\\/switzerland\\\/#\\\/schema\\\/logo\\\/image\\\/\"},\"sameAs\":[\"https:\\\/\\\/www.facebook.com\\\/winandoffice\"]}]}<\/script>\n<!-- \/ Yoast SEO plugin. -->","yoast_head_json":{"title":"Microsoft Windows 11 Professional + Microsoft Office 2021 Professional Plus Lizenz f\u00fcr 3 PC","description":"Mit dieser Lizenz kann die Software auf 3 verschiedenen Ger\u00e4ten aktiviert werden, z.B. Heim-PC, Notebook und Arbeits-PC. 30 Tage volle R\u00fcckerstattung - Lebenslange Ersatzgarantie.","robots":{"index":"index","follow":"follow","max-snippet":"max-snippet:-1","max-image-preview":"max-image-preview:large","max-video-preview":"max-video-preview:-1"},"canonical":"https:\/\/winandofficews.com\/switzerland\/product\/combo-office-2021-professional-windows-11-pro\/","og_locale":"de_DE","og_type":"article","og_title":"Microsoft Windows 11 Professional + Microsoft Office 2021 Professional Plus Lizenz f\u00fcr 3 PC","og_description":"Mit dieser Lizenz kann die Software auf 3 verschiedenen Ger\u00e4ten aktiviert werden, z.B. Heim-PC, Notebook und Arbeits-PC. 30 Tage volle R\u00fcckerstattung - Lebenslange Ersatzgarantie.","og_url":"https:\/\/winandofficews.com\/switzerland\/product\/combo-office-2021-professional-windows-11-pro\/","og_site_name":"switzerland","article_publisher":"https:\/\/www.facebook.com\/winandoffice","article_modified_time":"2026-04-15T22:03:25+00:00","twitter_card":"summary_large_image","twitter_misc":{"Gesch\u00e4tzte Lesezeit":"3\u00a0Minuten"},"schema":{"@context":"https:\/\/schema.org","@graph":[{"@type":"WebPage","@id":"https:\/\/winandofficews.com\/switzerland\/product\/combo-office-2021-professional-windows-11-pro\/","url":"https:\/\/winandofficews.com\/switzerland\/product\/combo-office-2021-professional-windows-11-pro\/","name":"Microsoft Windows 11 Professional + Microsoft Office 2021 Professional Plus Lizenz f\u00fcr 3 PC","isPartOf":{"@id":"https:\/\/winandofficews.com\/switzerland\/#website"},"primaryImageOfPage":{"@id":"https:\/\/winandofficews.com\/switzerland\/product\/combo-office-2021-professional-windows-11-pro\/#primaryimage"},"image":{"@id":"https:\/\/winandofficews.com\/switzerland\/product\/combo-office-2021-professional-windows-11-pro\/#primaryimage"},"thumbnailUrl":"https:\/\/winandofficews.com\/switzerland\/wp-content\/uploads\/W11PO21P.png","datePublished":"2022-04-27T11:33:59+00:00","dateModified":"2026-04-15T22:03:25+00:00","description":"Mit dieser Lizenz kann die Software auf 3 verschiedenen Ger\u00e4ten aktiviert werden, z.B. Heim-PC, Notebook und Arbeits-PC. 30 Tage volle R\u00fcckerstattung - Lebenslange Ersatzgarantie.","breadcrumb":{"@id":"https:\/\/winandofficews.com\/switzerland\/product\/combo-office-2021-professional-windows-11-pro\/#breadcrumb"},"inLanguage":"de","potentialAction":[{"@type":"ReadAction","target":["https:\/\/winandofficews.com\/switzerland\/product\/combo-office-2021-professional-windows-11-pro\/"]}]},{"@type":"ImageObject","inLanguage":"de","@id":"https:\/\/winandofficews.com\/switzerland\/product\/combo-office-2021-professional-windows-11-pro\/#primaryimage","url":"https:\/\/winandofficews.com\/switzerland\/wp-content\/uploads\/W11PO21P.png","contentUrl":"https:\/\/winandofficews.com\/switzerland\/wp-content\/uploads\/W11PO21P.png"},{"@type":"BreadcrumbList","@id":"https:\/\/winandofficews.com\/switzerland\/product\/combo-office-2021-professional-windows-11-pro\/#breadcrumb","itemListElement":[{"@type":"ListItem","position":1,"name":"Home","item":"https:\/\/winandofficews.com\/switzerland\/"},{"@type":"ListItem","position":2,"name":"Shop","item":"https:\/\/winandofficews.com\/switzerland\/shop\/"},{"@type":"ListItem","position":3,"name":"Microsoft Windows 11 Professional + Microsoft Office 2021 Professional Plus Lizenz f\u00fcr 3 PC"}]},{"@type":"WebSite","@id":"https:\/\/winandofficews.com\/switzerland\/#website","url":"https:\/\/winandofficews.com\/switzerland\/","name":"switzerland","description":"WinOfficeWS Switzerland","publisher":{"@id":"https:\/\/winandofficews.com\/switzerland\/#organization"},"potentialAction":[{"@type":"SearchAction","target":{"@type":"EntryPoint","urlTemplate":"https:\/\/winandofficews.com\/switzerland\/?s={search_term_string}"},"query-input":{"@type":"PropertyValueSpecification","valueRequired":true,"valueName":"search_term_string"}}],"inLanguage":"de"},{"@type":"Organization","@id":"https:\/\/winandofficews.com\/switzerland\/#organization","name":"Win and Office","url":"https:\/\/winandofficews.com\/switzerland\/","logo":{"@type":"ImageObject","inLanguage":"de","@id":"https:\/\/winandofficews.com\/switzerland\/#\/schema\/logo\/image\/","url":"https:\/\/winandofficews.com\/switzerland\/wp-content\/uploads\/sites\/34\/2022\/04\/logo.png","contentUrl":"https:\/\/winandofficews.com\/switzerland\/wp-content\/uploads\/sites\/34\/2022\/04\/logo.png","width":400,"height":111,"caption":"Win and Office"},"image":{"@id":"https:\/\/winandofficews.com\/switzerland\/#\/schema\/logo\/image\/"},"sameAs":["https:\/\/www.facebook.com\/winandoffice"]}]}},"_links":{"self":[{"href":"https:\/\/winandofficews.com\/switzerland\/wp-json\/wp\/v2\/product\/84776","targetHints":{"allow":["GET"]}}],"collection":[{"href":"https:\/\/winandofficews.com\/switzerland\/wp-json\/wp\/v2\/product"}],"about":[{"href":"https:\/\/winandofficews.com\/switzerland\/wp-json\/wp\/v2\/types\/product"}],"replies":[{"embeddable":true,"href":"https:\/\/winandofficews.com\/switzerland\/wp-json\/wp\/v2\/comments?post=84776"}],"wp:featuredmedia":[{"embeddable":true,"href":"https:\/\/winandofficews.com\/switzerland\/wp-json\/"}],"wp:attachment":[{"href":"https:\/\/winandofficews.com\/switzerland\/wp-json\/wp\/v2\/media?parent=84776"}],"wp:term":[{"taxonomy":"product_brand","embeddable":true,"href":"https:\/\/winandofficews.com\/switzerland\/wp-json\/wp\/v2\/product_brand?post=84776"},{"taxonomy":"product_cat","embeddable":true,"href":"https:\/\/winandofficews.com\/switzerland\/wp-json\/wp\/v2\/product_cat?post=84776"},{"taxonomy":"product_tag","embeddable":true,"href":"https:\/\/winandofficews.com\/switzerland\/wp-json\/wp\/v2\/product_tag?post=84776"}],"curies":[{"name":"wp","href":"https:\/\/api.w.org\/{rel}","templated":true}]}}