{"id":84775,"date":"2022-04-27T13:33:59","date_gmt":"2022-04-27T11:33:59","guid":{"rendered":"https:\/\/shop.winandoffice.com\/switzerland\/?post_type=product&#038;p=84775"},"modified":"2026-04-16T01:03:15","modified_gmt":"2026-04-15T23:03:15","slug":"combo-microsoft-office-2021-professional-plus-windows-10-professional","status":"publish","type":"product","link":"https:\/\/winandofficews.com\/switzerland\/product\/combo-microsoft-office-2021-professional-plus-windows-10-professional\/","title":{"rendered":"Microsoft Windows 10 Professional + Microsoft Office 2021 Professional Plus Lizenz f\u00fcr 3 PC"},"content":{"rendered":"<h3>Microsoft Windows 10 Professional Lizenz f\u00fcr 3 PC<\/h3>\n<p><strong>Mit dieser Lizenz kann die Software auf 3 verschiedenen Ger\u00e4ten aktiviert werden, z.B. Heim-PC, Notebook und Arbeits-PC.<\/strong><\/p>\n<p><strong>30 Tage volle R\u00fcckerstattung &#8211; Lebenslange Ersatzgarantie<\/strong><\/p>\n<p>Microsoft Windows 10 Professional ist das fortschrittlichste und sicherste Betriebssystem aller Zeiten. Mit seinen universellen Apps, Features und Sicherheitsfunktionen ist es ideal f\u00fcr Desktop-PCs und Notebooks geeignet. Neue Versionen und automatische Updates f\u00fcr Ihre Apps und Funktionen gew\u00e4hrleisten die Effizienz und Sicherheit Ihres Ger\u00e4ts.<\/p>\n<p>Mit Microsoft Windows 10 Professional, dem Herzst\u00fcck Ihres Computers, k\u00f6nnen Sie alles tun<\/p>\n<ul>\n<li>Integrierte Sicherheitsfunktionen wie Antivirensoftware, Firewall und Internetschutzmechanismen<\/li>\n<li>Scannen Sie Ihr Gesicht oder Ihren Fingerabdruck mit Microsoft Windows Hello, um Ihren Computer schnell und sicher ohne Passwort zu entsperren<\/li>\n<li>Mit dem Benachrichtigungsassistenten k\u00f6nnen Sie Benachrichtigungen, Sounds und Alarme blockieren, damit Sie beim Arbeiten nicht abgelenkt werden<\/li>\n<li>Mit der Zeitleiste k\u00f6nnen Sie schnell und einfach durch Ihre zuletzt verwendeten Dokumente, Anwendungen und Websites bl\u00e4ttern<\/li>\n<li>Mit Microsoft Fotos k\u00f6nnen Sie Ihre Fotos und Videos ganz einfach organisieren, durchsuchen, bearbeiten und weitergeben<\/li>\n<li>Mit der Spieleleiste k\u00f6nnen Sie Ihre Spiele sofort live streamen, Bildschirmfotos aufnehmen und die Audioeinstellungen feinabstimmen<\/li>\n<li>Remotedesktop erm\u00f6glicht Ihnen den Fernzugriff auf Ihren eigenen PC \u00fcber das Internet, d. h. auf alle Dateien, Ordner und Anwendungen<\/li>\n<li>Microsoft Windows Information Protection (WIP) sch\u00fctzt Sie vor m\u00f6glichem Datendiebstahl, ohne die Benutzerfreundlichkeit des Systems einzuschr\u00e4nken<\/li>\n<li>BitLocker Drive Encryption ist eine in das Betriebssystem integrierte Datenschutzfunktion. Sie sch\u00fctzt vor allem auf gestohlenen Computern vor Datendiebstahl<\/li>\n<li>Tools f\u00fcr Gesch\u00e4ftsanwendungen<\/li>\n<\/ul>\n<p><strong>Microsoft Windows 10 Professional<\/strong> unterst\u00fctzt Sie optimal bei allem, was Sie tun. Bleiben Sie organisiert, indem Sie Apps einfach einrasten lassen und die Anzeige f\u00fcr produktiveres Arbeiten optimieren. Docken Sie bis zu vier Anwendungen gleichzeitig an und erstellen Sie virtuelle Desktops, wenn Sie mehr Platz ben\u00f6tigen oder Inhalte f\u00fcr ein Projekt gruppieren m\u00f6chten, z. B. Microsoft Office-Anwendungen f\u00fcr die Arbeit und Spiele f\u00fcr die Freizeit.<\/p>\n<p><strong>Microsoft Windows 10<\/strong> ist mit der Hardware, Software und den Peripherieger\u00e4ten kompatibel, die Sie bereits besitzen. Halten Sie Ihr System w\u00e4hrend der gesamten Produktlebensdauer mit neuen Funktionen und Sicherheitsmerkmalen auf dem neuesten Stand.<\/p>\n<p><strong>Systemvoraussetzungen:<\/strong><\/p>\n<ul>\n<li>Minimum. 1 GHz Prozessor oder schneller<\/li>\n<li>1 GB (32-Bit), 2 GB (64-Bit) Arbeitsspeicher<\/li>\n<li>20 GB verf\u00fcgbarer Festplattenspeicher<\/li>\n<li>Grafikkarte mit DirectX 9-Grafikprozessor und WDDM-Treiber<\/li>\n<\/ul>\n<h3>Microsoft Office 2021 Professional Plus Lizenz f\u00fcr 3 PC<\/h3>\n<p><strong>Mit dieser Lizenz kann die Software auf 3 verschiedenen Ger\u00e4ten aktiviert werden, z.B. Heim-PC, Notebook und Arbeits-PC.<\/strong><\/p>\n<p><strong>30 Tage volle R\u00fcckerstattung &#8211; Lebenslange Ersatzgarantie<\/strong><\/p>\n<p>Die Microsoft Office 2021 Professional Plus Edition ist ideal f\u00fcr Benutzer, die zu Hause oder im B\u00fcro die gesamte Palette der Anwendungen nutzen. Sie enth\u00e4lt die gesamte Palette der Microsoft Office-Anwendungen: Word, Excel, Outlook, PowerPoint, Publisher und Access. Mit OneNote, das Sie aus dem Microsoft Windows Store herunterladen k\u00f6nnen, k\u00f6nnen Sie schnell Notizen erstellen und diese \u00fcber die Cloud auf allen Ger\u00e4ten verf\u00fcgbar machen. Erleben Sie verbesserte Leistung, Stabilit\u00e4t und Geschwindigkeit in Word, Excel, PowerPoint und Outlook. In der gesamten Microsoft Office 2021-Suite stehen Ihnen neue und verbesserte Suchfunktionen, Tintenwerkzeuge, Datentypen, Funktionen, \u00dcbersetzungs- und Bearbeitungstools, animierte Grafiken, benutzerfreundliche Funktionen und vieles mehr zur Verf\u00fcgung.<\/p>\n<ul>\n<li><strong>Word<\/strong>: Erstellen Sie im Handumdrehen Textdokumente in professioneller Qualit\u00e4t.<\/li>\n<li><strong>Excel<\/strong>: Intelligente Tabellenkalkulationen, jetzt mit neuen Funktionen wie XLOOKUP<\/li>\n<li><strong>Power Point<\/strong>: Neue und verbesserte Funktionen f\u00fcr die Erstellung beeindruckender dynamischer Pr\u00e4sentationen.<\/li>\n<li><strong>OneNote<\/strong>: Ihr digitales Notizbuch in der Cloud.<\/li>\n<li><strong>Outlook<\/strong>: Kommunikation leicht gemacht; jetzt mit leistungsstarken \u00dcbersetzungsfunktionen.<\/li>\n<li><strong>Publisher<\/strong>: Erstellung von Layouts f\u00fcr professionelle Publikationen<\/li>\n<li><strong>Access<\/strong>: Einfache und leistungsstarke Datenbankerstellung<\/li>\n<li><strong>Microsoft Teams<\/strong>: Mehr Produktivit\u00e4t mit Instant Messaging und HD-Videokonferenzen. (separat zum Download verf\u00fcgbar)<\/li>\n<\/ul>\n<p>HINWEIS: Aufgrund einer <a href=\"https:\/\/blogs.microsoft.com\/eupolicy\/2023\/08\/31\/european-competition-teams-office-microsoft-365\/\" target=\"_blank\" rel=\"noopener\">Untersuchung der Europ\u00e4ischen Kommission<\/a>, b\u00fcndelt Microsoft keine Teams-Lizenz mehr mit Office-Produkten. Sie k\u00f6nnen <a href=\"https:\/\/www.microsoft.com\/en-us\/microsoft-teams\/download-app\" target=\"_blank\" rel=\"noopener\"> Teams herunterladen<\/a>, um es mit einer kostenlosen oder kostenpflichtigen Lizenz zu verwenden (separat zu erwerben), je nach Bedarf.<\/p>\n<p><strong>ERFORDERT WINDOWS 10 ODER 11!<\/strong><\/p>\n<p><strong>Unterst\u00fctzung:<\/strong><\/p>\n<p><strong>Support:<\/strong><br \/>\nBei Fragen z\u00f6gern Sie bitte nicht, uns <a href=\"mailto:switzerland@winandofficews.com\" target=\"_self\" rel=\"noopener\">per E-Mail<\/a> zu kontaktieren. Unser Kundendienst ist 7 Tage die Woche, 24 Stunden am Tag verf\u00fcgbar.<\/p>\n","protected":false},"excerpt":{"rendered":"<ul>\n<li>Microsoft Windows 10 Professional Lizenz f\u00fcr 3 PC<\/li>\n<li>Microsoft Office 2021 Professional Plus Lizenz f\u00fcr 3 PC<\/li>\n<li><strong>Mit dieser Lizenz kann die Software auf 3 verschiedenen Ger\u00e4ten aktiviert werden, z.B. Heim-PC, Notebook und Arbeits-PC.<\/strong><\/li>\n<li><strong>30 Tage volle R\u00fcckerstattung &#8211; Lebenslange Ersatzgarantie<\/strong><\/li>\n<li>Versionen f\u00fcr 32 und 64 Bit Systeme verf\u00fcgbar<\/li>\n<li>Versand per E-Mail: Produktschl\u00fcssel, Anleitung, Download-Links, Rechnung<\/li>\n<li>Sofortiger Download!<\/li>\n<li>Kein Zeitlimit, kein Abonnement<\/li>\n<li>Kostenloser Support bei Installation und Aktivierung<\/li>\n<li>Keine Lieferung auf Datentr\u00e4ger (USB, CD, etc.)<\/li>\n<li>Aktivierung online und per Telefon<\/li>\n<li><strong>Dieses Produkt ist mit Windows kompatibel.<\/strong><\/li>\n<li><strong>NICHT kompatibel mit Apple macOS&trade;, Apple-Prozessoren, Parallels f\u00fcr Mac, Android-Ger\u00e4ten und Chromebooks.<\/strong><\/li>\n<\/ul>\n","protected":false},"featured_media":1000007986,"comment_status":"closed","ping_status":"closed","template":"","meta":{"_acf_changed":false},"product_brand":[],"product_cat":[27,17],"product_tag":[59,58],"class_list":{"0":"post-84775","1":"product","2":"type-product","3":"status-publish","4":"has-post-thumbnail","6":"product_cat-combo","7":"product_cat-microsoft","8":"product_tag-microsoft-windows-10-professional-office-2021-professional-plus","9":"product_tag-microsoft-windows-10-professional-office-2021-professional-plus-lizenz-fuer-3-pc","11":"first","12":"instock","13":"sale","14":"virtual","15":"taxable","16":"purchasable","17":"product-type-simple"},"acf":[],"yoast_head":"<!-- This site is optimized with the Yoast SEO plugin v27.5 - https:\/\/yoast.com\/product\/yoast-seo-wordpress\/ -->\n<title>Microsoft Windows 10 Professional + Microsoft Office 2021 Professional Plus Lizenz f\u00fcr 3 PC<\/title>\n<meta name=\"description\" content=\"Mit dieser Lizenz kann die Software auf 3 verschiedenen Ger\u00e4ten aktiviert werden, z.B. Heim-PC, Notebook und Arbeits-PC.30 Tage volle R\u00fcckerstattung - Lebenslange Ersatzgarantie\" \/>\n<meta name=\"robots\" content=\"index, follow, max-snippet:-1, max-image-preview:large, max-video-preview:-1\" \/>\n<link rel=\"canonical\" href=\"https:\/\/winandofficews.com\/switzerland\/product\/combo-microsoft-office-2021-professional-plus-windows-10-professional\/\" \/>\n<meta property=\"og:locale\" content=\"de_DE\" \/>\n<meta property=\"og:type\" content=\"article\" \/>\n<meta property=\"og:title\" content=\"Microsoft Windows 10 Professional + Microsoft Office 2021 Professional Plus Lizenz f\u00fcr 3 PC\" \/>\n<meta property=\"og:description\" content=\"Mit dieser Lizenz kann die Software auf 3 verschiedenen Ger\u00e4ten aktiviert werden, z.B. Heim-PC, Notebook und Arbeits-PC.30 Tage volle R\u00fcckerstattung - Lebenslange Ersatzgarantie\" \/>\n<meta property=\"og:url\" content=\"https:\/\/winandofficews.com\/switzerland\/product\/combo-microsoft-office-2021-professional-plus-windows-10-professional\/\" \/>\n<meta property=\"og:site_name\" content=\"switzerland\" \/>\n<meta property=\"article:publisher\" content=\"https:\/\/www.facebook.com\/winandoffice\" \/>\n<meta property=\"article:modified_time\" content=\"2026-04-15T23:03:15+00:00\" \/>\n<meta name=\"twitter:card\" content=\"summary_large_image\" \/>\n<meta name=\"twitter:label1\" content=\"Gesch\u00e4tzte Lesezeit\" \/>\n\t<meta name=\"twitter:data1\" content=\"4\u00a0Minuten\" \/>\n<script type=\"application\/ld+json\" class=\"yoast-schema-graph\">{\"@context\":\"https:\\\/\\\/schema.org\",\"@graph\":[{\"@type\":\"WebPage\",\"@id\":\"https:\\\/\\\/winandofficews.com\\\/switzerland\\\/product\\\/combo-microsoft-office-2021-professional-plus-windows-10-professional\\\/\",\"url\":\"https:\\\/\\\/winandofficews.com\\\/switzerland\\\/product\\\/combo-microsoft-office-2021-professional-plus-windows-10-professional\\\/\",\"name\":\"Microsoft Windows 10 Professional + Microsoft Office 2021 Professional Plus Lizenz f\u00fcr 3 PC\",\"isPartOf\":{\"@id\":\"https:\\\/\\\/winandofficews.com\\\/switzerland\\\/#website\"},\"primaryImageOfPage\":{\"@id\":\"https:\\\/\\\/winandofficews.com\\\/switzerland\\\/product\\\/combo-microsoft-office-2021-professional-plus-windows-10-professional\\\/#primaryimage\"},\"image\":{\"@id\":\"https:\\\/\\\/winandofficews.com\\\/switzerland\\\/product\\\/combo-microsoft-office-2021-professional-plus-windows-10-professional\\\/#primaryimage\"},\"thumbnailUrl\":\"https:\\\/\\\/winandofficews.com\\\/switzerland\\\/wp-content\\\/uploads\\\/W10PO21P.png\",\"datePublished\":\"2022-04-27T11:33:59+00:00\",\"dateModified\":\"2026-04-15T23:03:15+00:00\",\"description\":\"Mit dieser Lizenz kann die Software auf 3 verschiedenen Ger\u00e4ten aktiviert werden, z.B. Heim-PC, Notebook und Arbeits-PC.30 Tage volle R\u00fcckerstattung - Lebenslange Ersatzgarantie\",\"breadcrumb\":{\"@id\":\"https:\\\/\\\/winandofficews.com\\\/switzerland\\\/product\\\/combo-microsoft-office-2021-professional-plus-windows-10-professional\\\/#breadcrumb\"},\"inLanguage\":\"de\",\"potentialAction\":[{\"@type\":\"ReadAction\",\"target\":[\"https:\\\/\\\/winandofficews.com\\\/switzerland\\\/product\\\/combo-microsoft-office-2021-professional-plus-windows-10-professional\\\/\"]}]},{\"@type\":\"ImageObject\",\"inLanguage\":\"de\",\"@id\":\"https:\\\/\\\/winandofficews.com\\\/switzerland\\\/product\\\/combo-microsoft-office-2021-professional-plus-windows-10-professional\\\/#primaryimage\",\"url\":\"https:\\\/\\\/winandofficews.com\\\/switzerland\\\/wp-content\\\/uploads\\\/W10PO21P.png\",\"contentUrl\":\"https:\\\/\\\/winandofficews.com\\\/switzerland\\\/wp-content\\\/uploads\\\/W10PO21P.png\"},{\"@type\":\"BreadcrumbList\",\"@id\":\"https:\\\/\\\/winandofficews.com\\\/switzerland\\\/product\\\/combo-microsoft-office-2021-professional-plus-windows-10-professional\\\/#breadcrumb\",\"itemListElement\":[{\"@type\":\"ListItem\",\"position\":1,\"name\":\"Home\",\"item\":\"https:\\\/\\\/winandofficews.com\\\/switzerland\\\/\"},{\"@type\":\"ListItem\",\"position\":2,\"name\":\"Shop\",\"item\":\"https:\\\/\\\/winandofficews.com\\\/switzerland\\\/shop\\\/\"},{\"@type\":\"ListItem\",\"position\":3,\"name\":\"Microsoft Windows 10 Professional + Microsoft Office 2021 Professional Plus Lizenz f\u00fcr 3 PC\"}]},{\"@type\":\"WebSite\",\"@id\":\"https:\\\/\\\/winandofficews.com\\\/switzerland\\\/#website\",\"url\":\"https:\\\/\\\/winandofficews.com\\\/switzerland\\\/\",\"name\":\"switzerland\",\"description\":\"WinOfficeWS Switzerland\",\"publisher\":{\"@id\":\"https:\\\/\\\/winandofficews.com\\\/switzerland\\\/#organization\"},\"potentialAction\":[{\"@type\":\"SearchAction\",\"target\":{\"@type\":\"EntryPoint\",\"urlTemplate\":\"https:\\\/\\\/winandofficews.com\\\/switzerland\\\/?s={search_term_string}\"},\"query-input\":{\"@type\":\"PropertyValueSpecification\",\"valueRequired\":true,\"valueName\":\"search_term_string\"}}],\"inLanguage\":\"de\"},{\"@type\":\"Organization\",\"@id\":\"https:\\\/\\\/winandofficews.com\\\/switzerland\\\/#organization\",\"name\":\"Win and Office\",\"url\":\"https:\\\/\\\/winandofficews.com\\\/switzerland\\\/\",\"logo\":{\"@type\":\"ImageObject\",\"inLanguage\":\"de\",\"@id\":\"https:\\\/\\\/winandofficews.com\\\/switzerland\\\/#\\\/schema\\\/logo\\\/image\\\/\",\"url\":\"https:\\\/\\\/winandofficews.com\\\/switzerland\\\/wp-content\\\/uploads\\\/sites\\\/34\\\/2022\\\/04\\\/logo.png\",\"contentUrl\":\"https:\\\/\\\/winandofficews.com\\\/switzerland\\\/wp-content\\\/uploads\\\/sites\\\/34\\\/2022\\\/04\\\/logo.png\",\"width\":400,\"height\":111,\"caption\":\"Win and Office\"},\"image\":{\"@id\":\"https:\\\/\\\/winandofficews.com\\\/switzerland\\\/#\\\/schema\\\/logo\\\/image\\\/\"},\"sameAs\":[\"https:\\\/\\\/www.facebook.com\\\/winandoffice\"]}]}<\/script>\n<!-- \/ Yoast SEO plugin. -->","yoast_head_json":{"title":"Microsoft Windows 10 Professional + Microsoft Office 2021 Professional Plus Lizenz f\u00fcr 3 PC","description":"Mit dieser Lizenz kann die Software auf 3 verschiedenen Ger\u00e4ten aktiviert werden, z.B. Heim-PC, Notebook und Arbeits-PC.30 Tage volle R\u00fcckerstattung - Lebenslange Ersatzgarantie","robots":{"index":"index","follow":"follow","max-snippet":"max-snippet:-1","max-image-preview":"max-image-preview:large","max-video-preview":"max-video-preview:-1"},"canonical":"https:\/\/winandofficews.com\/switzerland\/product\/combo-microsoft-office-2021-professional-plus-windows-10-professional\/","og_locale":"de_DE","og_type":"article","og_title":"Microsoft Windows 10 Professional + Microsoft Office 2021 Professional Plus Lizenz f\u00fcr 3 PC","og_description":"Mit dieser Lizenz kann die Software auf 3 verschiedenen Ger\u00e4ten aktiviert werden, z.B. Heim-PC, Notebook und Arbeits-PC.30 Tage volle R\u00fcckerstattung - Lebenslange Ersatzgarantie","og_url":"https:\/\/winandofficews.com\/switzerland\/product\/combo-microsoft-office-2021-professional-plus-windows-10-professional\/","og_site_name":"switzerland","article_publisher":"https:\/\/www.facebook.com\/winandoffice","article_modified_time":"2026-04-15T23:03:15+00:00","twitter_card":"summary_large_image","twitter_misc":{"Gesch\u00e4tzte Lesezeit":"4\u00a0Minuten"},"schema":{"@context":"https:\/\/schema.org","@graph":[{"@type":"WebPage","@id":"https:\/\/winandofficews.com\/switzerland\/product\/combo-microsoft-office-2021-professional-plus-windows-10-professional\/","url":"https:\/\/winandofficews.com\/switzerland\/product\/combo-microsoft-office-2021-professional-plus-windows-10-professional\/","name":"Microsoft Windows 10 Professional + Microsoft Office 2021 Professional Plus Lizenz f\u00fcr 3 PC","isPartOf":{"@id":"https:\/\/winandofficews.com\/switzerland\/#website"},"primaryImageOfPage":{"@id":"https:\/\/winandofficews.com\/switzerland\/product\/combo-microsoft-office-2021-professional-plus-windows-10-professional\/#primaryimage"},"image":{"@id":"https:\/\/winandofficews.com\/switzerland\/product\/combo-microsoft-office-2021-professional-plus-windows-10-professional\/#primaryimage"},"thumbnailUrl":"https:\/\/winandofficews.com\/switzerland\/wp-content\/uploads\/W10PO21P.png","datePublished":"2022-04-27T11:33:59+00:00","dateModified":"2026-04-15T23:03:15+00:00","description":"Mit dieser Lizenz kann die Software auf 3 verschiedenen Ger\u00e4ten aktiviert werden, z.B. Heim-PC, Notebook und Arbeits-PC.30 Tage volle R\u00fcckerstattung - Lebenslange Ersatzgarantie","breadcrumb":{"@id":"https:\/\/winandofficews.com\/switzerland\/product\/combo-microsoft-office-2021-professional-plus-windows-10-professional\/#breadcrumb"},"inLanguage":"de","potentialAction":[{"@type":"ReadAction","target":["https:\/\/winandofficews.com\/switzerland\/product\/combo-microsoft-office-2021-professional-plus-windows-10-professional\/"]}]},{"@type":"ImageObject","inLanguage":"de","@id":"https:\/\/winandofficews.com\/switzerland\/product\/combo-microsoft-office-2021-professional-plus-windows-10-professional\/#primaryimage","url":"https:\/\/winandofficews.com\/switzerland\/wp-content\/uploads\/W10PO21P.png","contentUrl":"https:\/\/winandofficews.com\/switzerland\/wp-content\/uploads\/W10PO21P.png"},{"@type":"BreadcrumbList","@id":"https:\/\/winandofficews.com\/switzerland\/product\/combo-microsoft-office-2021-professional-plus-windows-10-professional\/#breadcrumb","itemListElement":[{"@type":"ListItem","position":1,"name":"Home","item":"https:\/\/winandofficews.com\/switzerland\/"},{"@type":"ListItem","position":2,"name":"Shop","item":"https:\/\/winandofficews.com\/switzerland\/shop\/"},{"@type":"ListItem","position":3,"name":"Microsoft Windows 10 Professional + Microsoft Office 2021 Professional Plus Lizenz f\u00fcr 3 PC"}]},{"@type":"WebSite","@id":"https:\/\/winandofficews.com\/switzerland\/#website","url":"https:\/\/winandofficews.com\/switzerland\/","name":"switzerland","description":"WinOfficeWS Switzerland","publisher":{"@id":"https:\/\/winandofficews.com\/switzerland\/#organization"},"potentialAction":[{"@type":"SearchAction","target":{"@type":"EntryPoint","urlTemplate":"https:\/\/winandofficews.com\/switzerland\/?s={search_term_string}"},"query-input":{"@type":"PropertyValueSpecification","valueRequired":true,"valueName":"search_term_string"}}],"inLanguage":"de"},{"@type":"Organization","@id":"https:\/\/winandofficews.com\/switzerland\/#organization","name":"Win and Office","url":"https:\/\/winandofficews.com\/switzerland\/","logo":{"@type":"ImageObject","inLanguage":"de","@id":"https:\/\/winandofficews.com\/switzerland\/#\/schema\/logo\/image\/","url":"https:\/\/winandofficews.com\/switzerland\/wp-content\/uploads\/sites\/34\/2022\/04\/logo.png","contentUrl":"https:\/\/winandofficews.com\/switzerland\/wp-content\/uploads\/sites\/34\/2022\/04\/logo.png","width":400,"height":111,"caption":"Win and Office"},"image":{"@id":"https:\/\/winandofficews.com\/switzerland\/#\/schema\/logo\/image\/"},"sameAs":["https:\/\/www.facebook.com\/winandoffice"]}]}},"_links":{"self":[{"href":"https:\/\/winandofficews.com\/switzerland\/wp-json\/wp\/v2\/product\/84775","targetHints":{"allow":["GET"]}}],"collection":[{"href":"https:\/\/winandofficews.com\/switzerland\/wp-json\/wp\/v2\/product"}],"about":[{"href":"https:\/\/winandofficews.com\/switzerland\/wp-json\/wp\/v2\/types\/product"}],"replies":[{"embeddable":true,"href":"https:\/\/winandofficews.com\/switzerland\/wp-json\/wp\/v2\/comments?post=84775"}],"wp:featuredmedia":[{"embeddable":true,"href":"https:\/\/winandofficews.com\/switzerland\/wp-json\/"}],"wp:attachment":[{"href":"https:\/\/winandofficews.com\/switzerland\/wp-json\/wp\/v2\/media?parent=84775"}],"wp:term":[{"taxonomy":"product_brand","embeddable":true,"href":"https:\/\/winandofficews.com\/switzerland\/wp-json\/wp\/v2\/product_brand?post=84775"},{"taxonomy":"product_cat","embeddable":true,"href":"https:\/\/winandofficews.com\/switzerland\/wp-json\/wp\/v2\/product_cat?post=84775"},{"taxonomy":"product_tag","embeddable":true,"href":"https:\/\/winandofficews.com\/switzerland\/wp-json\/wp\/v2\/product_tag?post=84775"}],"curies":[{"name":"wp","href":"https:\/\/api.w.org\/{rel}","templated":true}]}}