{"id":84767,"date":"2022-04-27T13:33:55","date_gmt":"2022-04-27T11:33:55","guid":{"rendered":"https:\/\/shop.winandoffice.com\/switzerland\/?post_type=product&#038;p=84767"},"modified":"2026-04-16T01:04:41","modified_gmt":"2026-04-15T23:04:41","slug":"microsoft-office-2019-professional-plus","status":"publish","type":"product","link":"https:\/\/winandofficews.com\/switzerland\/product\/microsoft-office-2019-professional-plus\/","title":{"rendered":"Microsoft Office 2019 Professional Plus Lizenz f\u00fcr 3 PC"},"content":{"rendered":"<h3>Microsoft Office 2019 Professional Plus Lizenz f\u00fcr 3 PC<\/h3>\n<p><strong>Mit dieser Lizenz kann die Software auf 3 verschiedenen Ger\u00e4ten aktiviert werden, z.B. Heim-PC, Notebook und Arbeits-PC.<\/strong><\/p>\n<p><strong>30 Tage volle R\u00fcckerstattung &#8211; Lebenslange Ersatzgarantie<\/strong><\/p>\n<p>Entscheiden Sie sich noch heute f\u00fcr Microsoft Office 2019 Professional Plus und Sie erhalten die modernste B\u00fcrol\u00f6sung aus dem Hause Microsoft. Neben den bekannten Anwendungen erhalten Sie automatisch Zugriff auf browserbasierte Apps sowie Skype for Business. Durch vereinfachte Kommunikation k\u00f6nnen Sie noch effektiver mit anderen Personen zusammenarbeiten.<\/p>\n<p><strong>Alles was Sie ben\u00f6tigen auf einen Blick:<\/strong><\/p>\n<ul>\n<li><strong>Word 2019 <\/strong>\u2013 f\u00fcr die Erstellung und Bearbeitung Ihrer Texte und Dokumente<\/li>\n<li><strong>Excel 2019 <\/strong>\u2013 f\u00fcr die Bearbeitung von Datens\u00e4tzen in Tabellenform<\/li>\n<li><strong>PowerPoint 2019 <\/strong>\u2013 f\u00fcr die Erstellung mitrei\u00dfender Pr\u00e4sentationen<\/li>\n<li><strong>Outlook 2019<\/strong> \u2013 f\u00fcr die Verwaltung von E-Mails, Kontakten, Terminen und Aufgaben<\/li>\n<li><strong>Publisher 2019<\/strong> \u2013 f\u00fcr die einfache Erstellung professionell aussehender Publikationen<\/li>\n<li><strong>Access 2019<\/strong> \u2013 f\u00fcr Datenbankerstellung mit Internetzugriff<\/li>\n<li><strong>Lync 2019<\/strong> (Skype for Business) \u2013 f\u00fcr mehr Produktivit\u00e4t durch Instant Messaging und einfache Kommunikation sowie Zusammenarbeit mit HD-Videokonferenzen<\/li>\n<li><strong>Web Apps<\/strong> (Word, Excel, PowerPoint)<\/li>\n<\/ul>\n<p>OneNote ist nicht mehr Bestandteil des Microsoft Office Pakets, sondern steht als Standardanwendung in Microsoft Windows 10 zur Verf\u00fcgung, welches Voraussetzung f\u00fcr die Verwendung von Microsoft Office 2019 ist. <strong>\u00c4ltere Microsoft Windows Versionen werden nicht unterst\u00fctzt.<\/strong><\/p>\n<p><strong>Zusammenarbeit<\/strong><\/p>\n<p>Gemeinsame Arbeit stellt eine wichtige und entscheidende Neuerung des Microsoft Office Pakets dar. Ihre Mitarbeiter k\u00f6nnen gleichzeitig an einer Datei \u00c4nderungen vornehmen oder das Dokument fortf\u00fchren. Diese M\u00f6glichkeit besteht bei allen Komponenten von Microsoft Office, von Word \u00fcber Excel und PowerPoint bis hin zu OneNote. Die Dateien m\u00fcssen lediglich auf OneDrive oder OneDrive for Business bzw. SharePoint Online gespeichert und f\u00fcr die entsprechenden Mitarbeiter freigegeben werden. Die Freigabe erfolgt ganz einfach \u00fcber einen Button im Programm.<\/p>\n<p>Skype for Business ist ein weiteres Tool des Microsoft Office 2019 Professional Plus-Pakets, das die Zusammenarbeit f\u00f6rdert. Benutzer k\u00f6nnen den Online-Status von Teammitgliedern auf einen Blick sehen und nach Bedarf einen Chat, einen Internetanruf, ein Gruppengespr\u00e4ch oder eine Video\u00fcbertragung starten.<\/p>\n<p><strong>Zeit effektiver nutzen durch ein intelligentes Mailprogramm<\/strong><\/p>\n<p>Schnell ist der Posteingang \u00fcberf\u00fcllt mit unwichtigen Mails und Spam. Dies f\u00fchrt dazu, dass Sie oder Ihre Mitarbeiter nicht effizient arbeiten k\u00f6nnen und Zeit verloren geht. Microsoft Outlook 2019 wurde weiterentwickelt und um die Funktion &bdquo;Clutter\u201c erweitert, so dass das Programm selbst irrelevante E-Mails erkennt und sofort aussortiert. Dadurch ist Ihr Posteingang \u00fcbersichtlicher und Sie k\u00f6nnen sich um die wirklich wichtigen Aufgaben k\u00fcmmern.<\/p>\n<p><strong>Verbesserte Sicherheit f\u00fcr Ihr digitales B\u00fcro<\/strong><\/p>\n<p>Eine weitere Neuerung ist die verbesserte Sicherheit mit &bdquo;Data Loss Prevention\u201c. \u00dcber die Programme kann einfacher gesteuert werden, welche Informationen in Dokumente integriert und weitergegeben werden. Zudem haben Administratoren die M\u00f6glichkeit, den Zugriff auf bestimmte Daten zu blockieren oder zu beschr\u00e4nken. Dar\u00fcber hinaus werden die Nutzer durch Benachrichtigungen zu potenziellen Risiken f\u00fcr die Gefahr des Datenverlusts sensibilisiert. Durch die Cloud-Services wie OneDrive gehen Ihre Daten auch bei einem Ausfall eines Servers oder eines Ger\u00e4ts nicht verloren. Sie k\u00f6nnen von \u00fcberall auf der Welt problemlos auf die Dateien zugreifen und sie bearbeiten.<\/p>\n<p><strong>Systemanforderungen:<br \/>\n<\/strong><\/p>\n<ul>\n<li>1,6 GHz, Doppelkern Prozessor<\/li>\n<li>Betriebssystem Microsoft Windows 10<\/li>\n<li>2 GB (32bit), 4 GB (64bit) Arbeitsspeicher<\/li>\n<li>4 GB verf\u00fcgbarer Festplattenspeicher<\/li>\n<li>Grafikbeschleunigung setzt eine DirectX 10 kompatible Grafikkarte voraus<\/li>\n<\/ul>\n<p><strong>Support:<\/strong><br \/>\nBei Fragen z\u00f6gern Sie bitte nicht, uns <a href=\"mailto:switzerland@winandofficews.com\" target=\"_self\" rel=\"noopener\">per E-Mail<\/a> zu kontaktieren. Unser Kundendienst ist 7 Tage die Woche, 24 Stunden am Tag verf\u00fcgbar.<\/p>\n","protected":false},"excerpt":{"rendered":"<ul>\n<li>Microsoft Windows Microsoft Office 2019 Professional Plus Lizenz f\u00fcr 3 PC<\/li>\n<li><strong>Mit dieser Lizenz kann die Software auf 3 verschiedenen Ger\u00e4ten aktiviert werden, z.B. Heim-PC, Notebook und Arbeits-PC.<\/strong><\/li>\n<li><strong>30 Tage volle R\u00fcckerstattung &#8211; Lebenslange Ersatzgarantie<\/strong><\/li>\n<li>Versionen f\u00fcr 32 und 64 Bit Systeme verf\u00fcgbar<\/li>\n<li>Versand per E-Mail: Produktschl\u00fcssel, Anleitung, Downloadlinks, Rechnung<\/li>\n<li>Sofort-Download!<\/li>\n<li>Keine zeitliche Begrenzung, kein Abo<\/li>\n<li>Gratis Support bei der Installation und Aktivierung<\/li>\n<li>Keine Lieferung auf Datentr\u00e4ger (USB, CD, usw.)<\/li>\n<li>Aktivierung online und per Telefon<\/li>\n<li><strong>Dieses Produkt ist mit Windows kompatibel.<\/strong><\/li>\n<li><strong>NICHT kompatibel mit Apple macOS&trade;, Apple-Prozessoren, Parallels f\u00fcr Mac, Android-Ger\u00e4ten und Chromebooks.<\/strong><\/li>\n<\/ul>\n","protected":false},"featured_media":10000089680,"comment_status":"closed","ping_status":"closed","template":"","meta":{"_acf_changed":false},"product_brand":[],"product_cat":[17],"product_tag":[53,52,20],"class_list":{"0":"post-84767","1":"product","2":"type-product","3":"status-publish","4":"has-post-thumbnail","6":"product_cat-microsoft","7":"product_tag-microsoft-office-2019-professional-plus","8":"product_tag-microsoft-office-2019-professional-plus-lizenz-fuer-3-pc","9":"product_tag-ms-office","11":"first","12":"instock","13":"sale","14":"virtual","15":"taxable","16":"purchasable","17":"product-type-simple"},"acf":[],"yoast_head":"<!-- This site is optimized with the Yoast SEO plugin v27.5 - https:\/\/yoast.com\/product\/yoast-seo-wordpress\/ -->\n<title>Microsoft Office 2019 Professional Plus Lizenz f\u00fcr 3 PC<\/title>\n<meta name=\"description\" content=\"Mit dieser Lizenz kann die Software auf 3 verschiedenen Ger\u00e4ten aktiviert werden, z.B. Heim-PC, Notebook und Arbeits-PC. 30 Tage volle R\u00fcckerstattung - Lebenslange Ersatzgarantie.\" \/>\n<meta name=\"robots\" content=\"index, follow, max-snippet:-1, max-image-preview:large, max-video-preview:-1\" \/>\n<link rel=\"canonical\" href=\"https:\/\/winandofficews.com\/switzerland\/product\/microsoft-office-2019-professional-plus\/\" \/>\n<meta property=\"og:locale\" content=\"de_DE\" \/>\n<meta property=\"og:type\" content=\"article\" \/>\n<meta property=\"og:title\" content=\"Microsoft Office 2019 Professional Plus Lizenz f\u00fcr 3 PC\" \/>\n<meta property=\"og:description\" content=\"Mit dieser Lizenz kann die Software auf 3 verschiedenen Ger\u00e4ten aktiviert werden, z.B. Heim-PC, Notebook und Arbeits-PC. 30 Tage volle R\u00fcckerstattung - Lebenslange Ersatzgarantie.\" \/>\n<meta property=\"og:url\" content=\"https:\/\/winandofficews.com\/switzerland\/product\/microsoft-office-2019-professional-plus\/\" \/>\n<meta property=\"og:site_name\" content=\"switzerland\" \/>\n<meta property=\"article:publisher\" content=\"https:\/\/www.facebook.com\/winandoffice\" \/>\n<meta property=\"article:modified_time\" content=\"2026-04-15T23:04:41+00:00\" \/>\n<meta name=\"twitter:card\" content=\"summary_large_image\" \/>\n<meta name=\"twitter:label1\" content=\"Gesch\u00e4tzte Lesezeit\" \/>\n\t<meta name=\"twitter:data1\" content=\"4\u00a0Minuten\" \/>\n<script type=\"application\/ld+json\" class=\"yoast-schema-graph\">{\"@context\":\"https:\\\/\\\/schema.org\",\"@graph\":[{\"@type\":\"WebPage\",\"@id\":\"https:\\\/\\\/winandofficews.com\\\/switzerland\\\/product\\\/microsoft-office-2019-professional-plus\\\/\",\"url\":\"https:\\\/\\\/winandofficews.com\\\/switzerland\\\/product\\\/microsoft-office-2019-professional-plus\\\/\",\"name\":\"Microsoft Office 2019 Professional Plus Lizenz f\u00fcr 3 PC\",\"isPartOf\":{\"@id\":\"https:\\\/\\\/winandofficews.com\\\/switzerland\\\/#website\"},\"primaryImageOfPage\":{\"@id\":\"https:\\\/\\\/winandofficews.com\\\/switzerland\\\/product\\\/microsoft-office-2019-professional-plus\\\/#primaryimage\"},\"image\":{\"@id\":\"https:\\\/\\\/winandofficews.com\\\/switzerland\\\/product\\\/microsoft-office-2019-professional-plus\\\/#primaryimage\"},\"thumbnailUrl\":\"https:\\\/\\\/winandofficews.com\\\/switzerland\\\/wp-content\\\/uploads\\\/o19p-1.jpg\",\"datePublished\":\"2022-04-27T11:33:55+00:00\",\"dateModified\":\"2026-04-15T23:04:41+00:00\",\"description\":\"Mit dieser Lizenz kann die Software auf 3 verschiedenen Ger\u00e4ten aktiviert werden, z.B. Heim-PC, Notebook und Arbeits-PC. 30 Tage volle R\u00fcckerstattung - Lebenslange Ersatzgarantie.\",\"breadcrumb\":{\"@id\":\"https:\\\/\\\/winandofficews.com\\\/switzerland\\\/product\\\/microsoft-office-2019-professional-plus\\\/#breadcrumb\"},\"inLanguage\":\"de\",\"potentialAction\":[{\"@type\":\"ReadAction\",\"target\":[\"https:\\\/\\\/winandofficews.com\\\/switzerland\\\/product\\\/microsoft-office-2019-professional-plus\\\/\"]}]},{\"@type\":\"ImageObject\",\"inLanguage\":\"de\",\"@id\":\"https:\\\/\\\/winandofficews.com\\\/switzerland\\\/product\\\/microsoft-office-2019-professional-plus\\\/#primaryimage\",\"url\":\"https:\\\/\\\/winandofficews.com\\\/switzerland\\\/wp-content\\\/uploads\\\/o19p-1.jpg\",\"contentUrl\":\"https:\\\/\\\/winandofficews.com\\\/switzerland\\\/wp-content\\\/uploads\\\/o19p-1.jpg\"},{\"@type\":\"BreadcrumbList\",\"@id\":\"https:\\\/\\\/winandofficews.com\\\/switzerland\\\/product\\\/microsoft-office-2019-professional-plus\\\/#breadcrumb\",\"itemListElement\":[{\"@type\":\"ListItem\",\"position\":1,\"name\":\"Home\",\"item\":\"https:\\\/\\\/winandofficews.com\\\/switzerland\\\/\"},{\"@type\":\"ListItem\",\"position\":2,\"name\":\"Shop\",\"item\":\"https:\\\/\\\/winandofficews.com\\\/switzerland\\\/shop\\\/\"},{\"@type\":\"ListItem\",\"position\":3,\"name\":\"Microsoft Office 2019 Professional Plus Lizenz f\u00fcr 3 PC\"}]},{\"@type\":\"WebSite\",\"@id\":\"https:\\\/\\\/winandofficews.com\\\/switzerland\\\/#website\",\"url\":\"https:\\\/\\\/winandofficews.com\\\/switzerland\\\/\",\"name\":\"switzerland\",\"description\":\"WinOfficeWS Switzerland\",\"publisher\":{\"@id\":\"https:\\\/\\\/winandofficews.com\\\/switzerland\\\/#organization\"},\"potentialAction\":[{\"@type\":\"SearchAction\",\"target\":{\"@type\":\"EntryPoint\",\"urlTemplate\":\"https:\\\/\\\/winandofficews.com\\\/switzerland\\\/?s={search_term_string}\"},\"query-input\":{\"@type\":\"PropertyValueSpecification\",\"valueRequired\":true,\"valueName\":\"search_term_string\"}}],\"inLanguage\":\"de\"},{\"@type\":\"Organization\",\"@id\":\"https:\\\/\\\/winandofficews.com\\\/switzerland\\\/#organization\",\"name\":\"Win and Office\",\"url\":\"https:\\\/\\\/winandofficews.com\\\/switzerland\\\/\",\"logo\":{\"@type\":\"ImageObject\",\"inLanguage\":\"de\",\"@id\":\"https:\\\/\\\/winandofficews.com\\\/switzerland\\\/#\\\/schema\\\/logo\\\/image\\\/\",\"url\":\"https:\\\/\\\/winandofficews.com\\\/switzerland\\\/wp-content\\\/uploads\\\/sites\\\/34\\\/2022\\\/04\\\/logo.png\",\"contentUrl\":\"https:\\\/\\\/winandofficews.com\\\/switzerland\\\/wp-content\\\/uploads\\\/sites\\\/34\\\/2022\\\/04\\\/logo.png\",\"width\":400,\"height\":111,\"caption\":\"Win and Office\"},\"image\":{\"@id\":\"https:\\\/\\\/winandofficews.com\\\/switzerland\\\/#\\\/schema\\\/logo\\\/image\\\/\"},\"sameAs\":[\"https:\\\/\\\/www.facebook.com\\\/winandoffice\"]}]}<\/script>\n<!-- \/ Yoast SEO plugin. -->","yoast_head_json":{"title":"Microsoft Office 2019 Professional Plus Lizenz f\u00fcr 3 PC","description":"Mit dieser Lizenz kann die Software auf 3 verschiedenen Ger\u00e4ten aktiviert werden, z.B. Heim-PC, Notebook und Arbeits-PC. 30 Tage volle R\u00fcckerstattung - Lebenslange Ersatzgarantie.","robots":{"index":"index","follow":"follow","max-snippet":"max-snippet:-1","max-image-preview":"max-image-preview:large","max-video-preview":"max-video-preview:-1"},"canonical":"https:\/\/winandofficews.com\/switzerland\/product\/microsoft-office-2019-professional-plus\/","og_locale":"de_DE","og_type":"article","og_title":"Microsoft Office 2019 Professional Plus Lizenz f\u00fcr 3 PC","og_description":"Mit dieser Lizenz kann die Software auf 3 verschiedenen Ger\u00e4ten aktiviert werden, z.B. Heim-PC, Notebook und Arbeits-PC. 30 Tage volle R\u00fcckerstattung - Lebenslange Ersatzgarantie.","og_url":"https:\/\/winandofficews.com\/switzerland\/product\/microsoft-office-2019-professional-plus\/","og_site_name":"switzerland","article_publisher":"https:\/\/www.facebook.com\/winandoffice","article_modified_time":"2026-04-15T23:04:41+00:00","twitter_card":"summary_large_image","twitter_misc":{"Gesch\u00e4tzte Lesezeit":"4\u00a0Minuten"},"schema":{"@context":"https:\/\/schema.org","@graph":[{"@type":"WebPage","@id":"https:\/\/winandofficews.com\/switzerland\/product\/microsoft-office-2019-professional-plus\/","url":"https:\/\/winandofficews.com\/switzerland\/product\/microsoft-office-2019-professional-plus\/","name":"Microsoft Office 2019 Professional Plus Lizenz f\u00fcr 3 PC","isPartOf":{"@id":"https:\/\/winandofficews.com\/switzerland\/#website"},"primaryImageOfPage":{"@id":"https:\/\/winandofficews.com\/switzerland\/product\/microsoft-office-2019-professional-plus\/#primaryimage"},"image":{"@id":"https:\/\/winandofficews.com\/switzerland\/product\/microsoft-office-2019-professional-plus\/#primaryimage"},"thumbnailUrl":"https:\/\/winandofficews.com\/switzerland\/wp-content\/uploads\/o19p-1.jpg","datePublished":"2022-04-27T11:33:55+00:00","dateModified":"2026-04-15T23:04:41+00:00","description":"Mit dieser Lizenz kann die Software auf 3 verschiedenen Ger\u00e4ten aktiviert werden, z.B. Heim-PC, Notebook und Arbeits-PC. 30 Tage volle R\u00fcckerstattung - Lebenslange Ersatzgarantie.","breadcrumb":{"@id":"https:\/\/winandofficews.com\/switzerland\/product\/microsoft-office-2019-professional-plus\/#breadcrumb"},"inLanguage":"de","potentialAction":[{"@type":"ReadAction","target":["https:\/\/winandofficews.com\/switzerland\/product\/microsoft-office-2019-professional-plus\/"]}]},{"@type":"ImageObject","inLanguage":"de","@id":"https:\/\/winandofficews.com\/switzerland\/product\/microsoft-office-2019-professional-plus\/#primaryimage","url":"https:\/\/winandofficews.com\/switzerland\/wp-content\/uploads\/o19p-1.jpg","contentUrl":"https:\/\/winandofficews.com\/switzerland\/wp-content\/uploads\/o19p-1.jpg"},{"@type":"BreadcrumbList","@id":"https:\/\/winandofficews.com\/switzerland\/product\/microsoft-office-2019-professional-plus\/#breadcrumb","itemListElement":[{"@type":"ListItem","position":1,"name":"Home","item":"https:\/\/winandofficews.com\/switzerland\/"},{"@type":"ListItem","position":2,"name":"Shop","item":"https:\/\/winandofficews.com\/switzerland\/shop\/"},{"@type":"ListItem","position":3,"name":"Microsoft Office 2019 Professional Plus Lizenz f\u00fcr 3 PC"}]},{"@type":"WebSite","@id":"https:\/\/winandofficews.com\/switzerland\/#website","url":"https:\/\/winandofficews.com\/switzerland\/","name":"switzerland","description":"WinOfficeWS Switzerland","publisher":{"@id":"https:\/\/winandofficews.com\/switzerland\/#organization"},"potentialAction":[{"@type":"SearchAction","target":{"@type":"EntryPoint","urlTemplate":"https:\/\/winandofficews.com\/switzerland\/?s={search_term_string}"},"query-input":{"@type":"PropertyValueSpecification","valueRequired":true,"valueName":"search_term_string"}}],"inLanguage":"de"},{"@type":"Organization","@id":"https:\/\/winandofficews.com\/switzerland\/#organization","name":"Win and Office","url":"https:\/\/winandofficews.com\/switzerland\/","logo":{"@type":"ImageObject","inLanguage":"de","@id":"https:\/\/winandofficews.com\/switzerland\/#\/schema\/logo\/image\/","url":"https:\/\/winandofficews.com\/switzerland\/wp-content\/uploads\/sites\/34\/2022\/04\/logo.png","contentUrl":"https:\/\/winandofficews.com\/switzerland\/wp-content\/uploads\/sites\/34\/2022\/04\/logo.png","width":400,"height":111,"caption":"Win and Office"},"image":{"@id":"https:\/\/winandofficews.com\/switzerland\/#\/schema\/logo\/image\/"},"sameAs":["https:\/\/www.facebook.com\/winandoffice"]}]}},"_links":{"self":[{"href":"https:\/\/winandofficews.com\/switzerland\/wp-json\/wp\/v2\/product\/84767","targetHints":{"allow":["GET"]}}],"collection":[{"href":"https:\/\/winandofficews.com\/switzerland\/wp-json\/wp\/v2\/product"}],"about":[{"href":"https:\/\/winandofficews.com\/switzerland\/wp-json\/wp\/v2\/types\/product"}],"replies":[{"embeddable":true,"href":"https:\/\/winandofficews.com\/switzerland\/wp-json\/wp\/v2\/comments?post=84767"}],"wp:featuredmedia":[{"embeddable":true,"href":"https:\/\/winandofficews.com\/switzerland\/wp-json\/"}],"wp:attachment":[{"href":"https:\/\/winandofficews.com\/switzerland\/wp-json\/wp\/v2\/media?parent=84767"}],"wp:term":[{"taxonomy":"product_brand","embeddable":true,"href":"https:\/\/winandofficews.com\/switzerland\/wp-json\/wp\/v2\/product_brand?post=84767"},{"taxonomy":"product_cat","embeddable":true,"href":"https:\/\/winandofficews.com\/switzerland\/wp-json\/wp\/v2\/product_cat?post=84767"},{"taxonomy":"product_tag","embeddable":true,"href":"https:\/\/winandofficews.com\/switzerland\/wp-json\/wp\/v2\/product_tag?post=84767"}],"curies":[{"name":"wp","href":"https:\/\/api.w.org\/{rel}","templated":true}]}}