{"id":146280,"date":"2024-11-03T16:32:31","date_gmt":"2024-11-03T15:32:31","guid":{"rendered":"https:\/\/shop.winandoffice.com\/switzerland\/?post_type=product&#038;p=146280"},"modified":"2026-04-16T02:31:25","modified_gmt":"2026-04-16T00:31:25","slug":"microsoft-office-2024-professional-plus-microsoft-visio-2024-professional-fuer-3-pc","status":"publish","type":"product","link":"https:\/\/winandofficews.com\/switzerland\/product\/microsoft-office-2024-professional-plus-microsoft-visio-2024-professional-fuer-3-pc\/","title":{"rendered":"Microsoft Office 2024 Professional Plus + Microsoft Visio 2024 Professional f\u00fcr 3 PC"},"content":{"rendered":"<h3>Microsoft Office 2024 Professional Plus<\/h3>\n<p><strong>Mit dieser Lizenz kann die Software auf 3 verschiedenen Ger\u00e4ten aktiviert werden, z.B. Heim-PC, Notebook und Arbeits-PC.<\/strong><\/p>\n<p>Microsoft Office-Anwender, die zu Hause oder im B\u00fcro die volle Bandbreite an Anwendungen nutzen, sind mit der Microsoft Office 2024 Professional Plus Edition gut beraten. Alle wichtigen Programme sind enthalten: Word, Excel, Outlook, PowerPoint und Access (Publisher ist nicht mehr enthalten, da er 2026 ausgemustert wird). OneNote steht ab sofort im Microsoft Windows Store zum Download bereit, so dass man sich schnell Notizen machen und diese \u00fcber die Cloud auf allen Ger\u00e4ten zur Verf\u00fcgung stellen kann. Die Professional Plus Version richtet sich aufgrund der Vielzahl an unterschiedlichen Programmen vor allem an Personen, die zu Hause oder im Home Office arbeiten oder im B\u00fcro eine leistungsstarke und zuverl\u00e4ssige L\u00f6sung zur Organisation von Dokumenten, Tabellen etc. suchen.<\/p>\n<ul>\n<li><strong>Word<\/strong>: Erstellen Sie im Handumdrehen Textdokumente in professioneller Qualit\u00e4t.<\/li>\n<li><strong>Excel<\/strong>: Intelligente Tabellenkalkulation f\u00fcr das Informationsmanagement.<\/li>\n<li><strong>PowerPoint<\/strong>: Erstellen Sie beeindruckende dynamische Pr\u00e4sentationen.<\/li>\n<li><strong>OneNote<\/strong>: Ihr digitales Notizbuch.<\/li>\n<li><strong>Outlook<\/strong>: Kommunikation leicht gemacht.<\/li>\n<li><strong>Access<\/strong>: Datenbankprogrammierung f\u00fcr browserbasierte Anwendungen<\/li>\n<\/ul>\n<p><strong>Wichtiger Hinweis: Teams<\/strong> ist in dieser Version von Office <strong>NICHT<\/strong> enthalten!<\/p>\n<p><strong>Voraussetzung f\u00fcr das Betriebssystem: Microsoft Windows 10 oder 11<\/strong><\/p>\n<h3>Microsoft Visio 2024 Professional<\/h3>\n<p>Mit Microsoft Visio 2024 ist es f\u00fcr Einzelpersonen und Teams einfacher denn je, professionelle und vielseitige Diagramme f\u00fcr alle Anforderungen zu erstellen und zu teilen. Es enth\u00e4lt aktualisierte Formen, Vorlagen und Stile sowie eine neue intuitive Suchleiste und ein aktualisiertes Erscheinungsbild, das eine vertraute Benutzererfahrung bietet, die an andere Office-Anwendungen angepasst ist.<\/p>\n<p>In Microsoft Visio 2024 finden Sie weiterhin alle Funktionen, die Sie gewohnt sind, und Sie erhalten einige neue dazu:<\/p>\n<ul>\n<li>Microsoft Visio 2024 bietet noch mehr Formen, Schablonen und Vorlagen, mit denen Sie Ihre Diagramme in k\u00fcrzerer Zeit erstellen k\u00f6nnen.<\/li>\n<li>Ein aktualisiertes Erscheinungsbild mit einem modernen Transparenzeffekt, der hinter der Leinwand und den Men\u00fcs angewendet wird, verleiht Visio 2024 ein moderneres und eleganteres Aussehen.<\/li>\n<li>Visio 2024 bietet das neue Design und Farbschema von Office 2024, einschlie\u00dflich Dunkelmodus, einer anpassbaren Benutzeroberfl\u00e4che und Verbesserungen f\u00fcr die Barrierefreiheit.<\/li>\n<li>Die Suche in Visio ist jetzt in der Titelleiste verf\u00fcgbar und somit barrierefreier.<\/li>\n<li>Erweiterte Prozessanalyse-Tools wie dynamische Bl\u00f6cke, zur Analyse von Gesch\u00e4ftsprozessen und Visualisierung von Datenfl\u00fcssen<\/li>\n<\/ul>\n<p><strong>Support:<\/strong><br \/>\nBei Fragen z\u00f6gern Sie bitte nicht, uns <a href=\"mailto:switzerland@winandofficews.com\" target=\"_self\" rel=\"noopener\">per E-Mail<\/a> zu kontaktieren. Unser Kundendienst ist 7 Tage die Woche, 24 Stunden am Tag verf\u00fcgbar.<\/p>\n","protected":false},"excerpt":{"rendered":"<ul>\n<li>Microsoft Office 2024 Professional Plus Lizenz f\u00fcr 3 PC<\/li>\n<li>Microsoft Visio 2024 Professional Lizenz f\u00fcr 3 PC<\/li>\n<li><strong>Mit dieser Lizenz kann die Software auf 3 verschiedenen Ger\u00e4ten aktiviert werden, z.B. Heim-PC, Notebook und Arbeits-PC.<\/strong><\/li>\n<li>Version f\u00fcr 32- und 64-Bit-Systeme, unbegrenzte Vollversionen der Software <strong>vom zertifizierten Microsoft Gold Partner<\/strong><\/li>\n<li><strong>30 Tage volle R\u00fcckerstattung &#8211; Lebenslange Ersatzgarantie!<\/strong><\/li>\n<li>Lieferung per E-Mail: Produktschl\u00fcssel, Anleitung, Download-Links, Rechnung<\/li>\n<li>Sofortiger Download!<\/li>\n<li>Keine zeitliche Begrenzung, kein Abonnement<\/li>\n<li>Kostenloser 24\/7-Support bei Problemen mit der Installation und Aktivierung<\/li>\n<li>Keine Lieferung auf Datentr\u00e4ger (USB, CD, etc.)<\/li>\n<li>Aktivierung online und per Telefon<\/li>\n<li>Sprachen: Englisch, Spanisch, Italienisch, Deutsch, Franz\u00f6sisch<\/li>\n<li><strong> Dieses Produkt ist mit Microsoft Windows kompatibel.<\/strong><\/li>\n<li><strong>NICHT kompatibel mit Apple macOS&trade;, Android-Ger\u00e4ten und Chromebooks.<\/strong><\/li>\n<\/ul>\n","protected":false},"featured_media":1000008092,"comment_status":"closed","ping_status":"closed","template":"","meta":{"_acf_changed":false},"product_brand":[],"product_cat":[36,99,31,119],"product_tag":[],"class_list":{"0":"post-146280","1":"product","2":"type-product","3":"status-publish","4":"has-post-thumbnail","6":"product_cat-microsoft-office","7":"product_cat-99","8":"product_cat-popular","9":"product_cat-visio","11":"first","12":"instock","13":"sale","14":"featured","15":"virtual","16":"taxable","17":"purchasable","18":"product-type-simple"},"acf":[],"yoast_head":"<!-- This site is optimized with the Yoast SEO plugin v27.5 - https:\/\/yoast.com\/product\/yoast-seo-wordpress\/ -->\n<title>Microsoft Office 2024 Professional Plus + Microsoft Visio 2024 Professional f\u00fcr 3 PC - switzerland<\/title>\n<meta name=\"robots\" content=\"index, follow, max-snippet:-1, max-image-preview:large, max-video-preview:-1\" \/>\n<link rel=\"canonical\" href=\"https:\/\/winandofficews.com\/switzerland\/product\/microsoft-office-2024-professional-plus-microsoft-visio-2024-professional-fuer-3-pc\/\" \/>\n<meta property=\"og:locale\" content=\"de_DE\" \/>\n<meta property=\"og:type\" content=\"article\" \/>\n<meta property=\"og:title\" content=\"Microsoft Office 2024 Professional Plus + Microsoft Visio 2024 Professional f\u00fcr 3 PC - switzerland\" \/>\n<meta property=\"og:description\" content=\"Microsoft Office 2024 Professional Plus Lizenz f\u00fcr 3 PC  Microsoft Visio 2024 Professional Lizenz f\u00fcr 3 PC  Mit dieser Lizenz kann die Software auf 3 verschiedenen Ger\u00e4ten aktiviert werden, z.B. Heim-PC, Notebook und Arbeits-PC.  Version f\u00fcr 32- und 64-Bit-Systeme, unbegrenzte Vollversionen der Software vom zertifizierten Microsoft Gold Partner  30 Tage volle R\u00fcckerstattung - Lebenslange Ersatzgarantie!  Lieferung per E-Mail: Produktschl\u00fcssel, Anleitung, Download-Links, Rechnung  Sofortiger Download!  Keine zeitliche Begrenzung, kein Abonnement  Kostenloser 24\/7-Support bei Problemen mit der Installation und Aktivierung  Keine Lieferung auf Datentr\u00e4ger (USB, CD, etc.)  Aktivierung online und per Telefon  Sprachen: Englisch, Spanisch, Italienisch, Deutsch, Franz\u00f6sisch   Dieses Produkt ist mit Microsoft Windows kompatibel.  NICHT kompatibel mit Apple macOS&trade;, Android-Ger\u00e4ten und Chromebooks.\" \/>\n<meta property=\"og:url\" content=\"https:\/\/winandofficews.com\/switzerland\/product\/microsoft-office-2024-professional-plus-microsoft-visio-2024-professional-fuer-3-pc\/\" \/>\n<meta property=\"og:site_name\" content=\"switzerland\" \/>\n<meta property=\"article:publisher\" content=\"https:\/\/www.facebook.com\/winandoffice\" \/>\n<meta property=\"article:modified_time\" content=\"2026-04-16T00:31:25+00:00\" \/>\n<meta name=\"twitter:card\" content=\"summary_large_image\" \/>\n<meta name=\"twitter:label1\" content=\"Gesch\u00e4tzte Lesezeit\" \/>\n\t<meta name=\"twitter:data1\" content=\"3\u00a0Minuten\" \/>\n<script type=\"application\/ld+json\" class=\"yoast-schema-graph\">{\"@context\":\"https:\\\/\\\/schema.org\",\"@graph\":[{\"@type\":\"WebPage\",\"@id\":\"https:\\\/\\\/winandofficews.com\\\/switzerland\\\/product\\\/microsoft-office-2024-professional-plus-microsoft-visio-2024-professional-fuer-3-pc\\\/\",\"url\":\"https:\\\/\\\/winandofficews.com\\\/switzerland\\\/product\\\/microsoft-office-2024-professional-plus-microsoft-visio-2024-professional-fuer-3-pc\\\/\",\"name\":\"Microsoft Office 2024 Professional Plus + Microsoft Visio 2024 Professional f\u00fcr 3 PC - switzerland\",\"isPartOf\":{\"@id\":\"https:\\\/\\\/winandofficews.com\\\/switzerland\\\/#website\"},\"primaryImageOfPage\":{\"@id\":\"https:\\\/\\\/winandofficews.com\\\/switzerland\\\/product\\\/microsoft-office-2024-professional-plus-microsoft-visio-2024-professional-fuer-3-pc\\\/#primaryimage\"},\"image\":{\"@id\":\"https:\\\/\\\/winandofficews.com\\\/switzerland\\\/product\\\/microsoft-office-2024-professional-plus-microsoft-visio-2024-professional-fuer-3-pc\\\/#primaryimage\"},\"thumbnailUrl\":\"https:\\\/\\\/winandofficews.com\\\/switzerland\\\/wp-content\\\/uploads\\\/O24PV24P.png\",\"datePublished\":\"2024-11-03T15:32:31+00:00\",\"dateModified\":\"2026-04-16T00:31:25+00:00\",\"breadcrumb\":{\"@id\":\"https:\\\/\\\/winandofficews.com\\\/switzerland\\\/product\\\/microsoft-office-2024-professional-plus-microsoft-visio-2024-professional-fuer-3-pc\\\/#breadcrumb\"},\"inLanguage\":\"de\",\"potentialAction\":[{\"@type\":\"ReadAction\",\"target\":[\"https:\\\/\\\/winandofficews.com\\\/switzerland\\\/product\\\/microsoft-office-2024-professional-plus-microsoft-visio-2024-professional-fuer-3-pc\\\/\"]}]},{\"@type\":\"ImageObject\",\"inLanguage\":\"de\",\"@id\":\"https:\\\/\\\/winandofficews.com\\\/switzerland\\\/product\\\/microsoft-office-2024-professional-plus-microsoft-visio-2024-professional-fuer-3-pc\\\/#primaryimage\",\"url\":\"https:\\\/\\\/winandofficews.com\\\/switzerland\\\/wp-content\\\/uploads\\\/O24PV24P.png\",\"contentUrl\":\"https:\\\/\\\/winandofficews.com\\\/switzerland\\\/wp-content\\\/uploads\\\/O24PV24P.png\"},{\"@type\":\"BreadcrumbList\",\"@id\":\"https:\\\/\\\/winandofficews.com\\\/switzerland\\\/product\\\/microsoft-office-2024-professional-plus-microsoft-visio-2024-professional-fuer-3-pc\\\/#breadcrumb\",\"itemListElement\":[{\"@type\":\"ListItem\",\"position\":1,\"name\":\"Home\",\"item\":\"https:\\\/\\\/winandofficews.com\\\/switzerland\\\/\"},{\"@type\":\"ListItem\",\"position\":2,\"name\":\"Shop\",\"item\":\"https:\\\/\\\/winandofficews.com\\\/switzerland\\\/shop\\\/\"},{\"@type\":\"ListItem\",\"position\":3,\"name\":\"Microsoft Office 2024 Professional Plus + Microsoft Visio 2024 Professional f\u00fcr 3 PC\"}]},{\"@type\":\"WebSite\",\"@id\":\"https:\\\/\\\/winandofficews.com\\\/switzerland\\\/#website\",\"url\":\"https:\\\/\\\/winandofficews.com\\\/switzerland\\\/\",\"name\":\"switzerland\",\"description\":\"WinOfficeWS Switzerland\",\"publisher\":{\"@id\":\"https:\\\/\\\/winandofficews.com\\\/switzerland\\\/#organization\"},\"potentialAction\":[{\"@type\":\"SearchAction\",\"target\":{\"@type\":\"EntryPoint\",\"urlTemplate\":\"https:\\\/\\\/winandofficews.com\\\/switzerland\\\/?s={search_term_string}\"},\"query-input\":{\"@type\":\"PropertyValueSpecification\",\"valueRequired\":true,\"valueName\":\"search_term_string\"}}],\"inLanguage\":\"de\"},{\"@type\":\"Organization\",\"@id\":\"https:\\\/\\\/winandofficews.com\\\/switzerland\\\/#organization\",\"name\":\"Win and Office\",\"url\":\"https:\\\/\\\/winandofficews.com\\\/switzerland\\\/\",\"logo\":{\"@type\":\"ImageObject\",\"inLanguage\":\"de\",\"@id\":\"https:\\\/\\\/winandofficews.com\\\/switzerland\\\/#\\\/schema\\\/logo\\\/image\\\/\",\"url\":\"https:\\\/\\\/winandofficews.com\\\/switzerland\\\/wp-content\\\/uploads\\\/sites\\\/34\\\/2022\\\/04\\\/logo.png\",\"contentUrl\":\"https:\\\/\\\/winandofficews.com\\\/switzerland\\\/wp-content\\\/uploads\\\/sites\\\/34\\\/2022\\\/04\\\/logo.png\",\"width\":400,\"height\":111,\"caption\":\"Win and Office\"},\"image\":{\"@id\":\"https:\\\/\\\/winandofficews.com\\\/switzerland\\\/#\\\/schema\\\/logo\\\/image\\\/\"},\"sameAs\":[\"https:\\\/\\\/www.facebook.com\\\/winandoffice\"]}]}<\/script>\n<!-- \/ Yoast SEO plugin. -->","yoast_head_json":{"title":"Microsoft Office 2024 Professional Plus + Microsoft Visio 2024 Professional f\u00fcr 3 PC - switzerland","robots":{"index":"index","follow":"follow","max-snippet":"max-snippet:-1","max-image-preview":"max-image-preview:large","max-video-preview":"max-video-preview:-1"},"canonical":"https:\/\/winandofficews.com\/switzerland\/product\/microsoft-office-2024-professional-plus-microsoft-visio-2024-professional-fuer-3-pc\/","og_locale":"de_DE","og_type":"article","og_title":"Microsoft Office 2024 Professional Plus + Microsoft Visio 2024 Professional f\u00fcr 3 PC - switzerland","og_description":"Microsoft Office 2024 Professional Plus Lizenz f\u00fcr 3 PC  Microsoft Visio 2024 Professional Lizenz f\u00fcr 3 PC  Mit dieser Lizenz kann die Software auf 3 verschiedenen Ger\u00e4ten aktiviert werden, z.B. Heim-PC, Notebook und Arbeits-PC.  Version f\u00fcr 32- und 64-Bit-Systeme, unbegrenzte Vollversionen der Software vom zertifizierten Microsoft Gold Partner  30 Tage volle R\u00fcckerstattung - Lebenslange Ersatzgarantie!  Lieferung per E-Mail: Produktschl\u00fcssel, Anleitung, Download-Links, Rechnung  Sofortiger Download!  Keine zeitliche Begrenzung, kein Abonnement  Kostenloser 24\/7-Support bei Problemen mit der Installation und Aktivierung  Keine Lieferung auf Datentr\u00e4ger (USB, CD, etc.)  Aktivierung online und per Telefon  Sprachen: Englisch, Spanisch, Italienisch, Deutsch, Franz\u00f6sisch   Dieses Produkt ist mit Microsoft Windows kompatibel.  NICHT kompatibel mit Apple macOS&trade;, Android-Ger\u00e4ten und Chromebooks.","og_url":"https:\/\/winandofficews.com\/switzerland\/product\/microsoft-office-2024-professional-plus-microsoft-visio-2024-professional-fuer-3-pc\/","og_site_name":"switzerland","article_publisher":"https:\/\/www.facebook.com\/winandoffice","article_modified_time":"2026-04-16T00:31:25+00:00","twitter_card":"summary_large_image","twitter_misc":{"Gesch\u00e4tzte Lesezeit":"3\u00a0Minuten"},"schema":{"@context":"https:\/\/schema.org","@graph":[{"@type":"WebPage","@id":"https:\/\/winandofficews.com\/switzerland\/product\/microsoft-office-2024-professional-plus-microsoft-visio-2024-professional-fuer-3-pc\/","url":"https:\/\/winandofficews.com\/switzerland\/product\/microsoft-office-2024-professional-plus-microsoft-visio-2024-professional-fuer-3-pc\/","name":"Microsoft Office 2024 Professional Plus + Microsoft Visio 2024 Professional f\u00fcr 3 PC - switzerland","isPartOf":{"@id":"https:\/\/winandofficews.com\/switzerland\/#website"},"primaryImageOfPage":{"@id":"https:\/\/winandofficews.com\/switzerland\/product\/microsoft-office-2024-professional-plus-microsoft-visio-2024-professional-fuer-3-pc\/#primaryimage"},"image":{"@id":"https:\/\/winandofficews.com\/switzerland\/product\/microsoft-office-2024-professional-plus-microsoft-visio-2024-professional-fuer-3-pc\/#primaryimage"},"thumbnailUrl":"https:\/\/winandofficews.com\/switzerland\/wp-content\/uploads\/O24PV24P.png","datePublished":"2024-11-03T15:32:31+00:00","dateModified":"2026-04-16T00:31:25+00:00","breadcrumb":{"@id":"https:\/\/winandofficews.com\/switzerland\/product\/microsoft-office-2024-professional-plus-microsoft-visio-2024-professional-fuer-3-pc\/#breadcrumb"},"inLanguage":"de","potentialAction":[{"@type":"ReadAction","target":["https:\/\/winandofficews.com\/switzerland\/product\/microsoft-office-2024-professional-plus-microsoft-visio-2024-professional-fuer-3-pc\/"]}]},{"@type":"ImageObject","inLanguage":"de","@id":"https:\/\/winandofficews.com\/switzerland\/product\/microsoft-office-2024-professional-plus-microsoft-visio-2024-professional-fuer-3-pc\/#primaryimage","url":"https:\/\/winandofficews.com\/switzerland\/wp-content\/uploads\/O24PV24P.png","contentUrl":"https:\/\/winandofficews.com\/switzerland\/wp-content\/uploads\/O24PV24P.png"},{"@type":"BreadcrumbList","@id":"https:\/\/winandofficews.com\/switzerland\/product\/microsoft-office-2024-professional-plus-microsoft-visio-2024-professional-fuer-3-pc\/#breadcrumb","itemListElement":[{"@type":"ListItem","position":1,"name":"Home","item":"https:\/\/winandofficews.com\/switzerland\/"},{"@type":"ListItem","position":2,"name":"Shop","item":"https:\/\/winandofficews.com\/switzerland\/shop\/"},{"@type":"ListItem","position":3,"name":"Microsoft Office 2024 Professional Plus + Microsoft Visio 2024 Professional f\u00fcr 3 PC"}]},{"@type":"WebSite","@id":"https:\/\/winandofficews.com\/switzerland\/#website","url":"https:\/\/winandofficews.com\/switzerland\/","name":"switzerland","description":"WinOfficeWS Switzerland","publisher":{"@id":"https:\/\/winandofficews.com\/switzerland\/#organization"},"potentialAction":[{"@type":"SearchAction","target":{"@type":"EntryPoint","urlTemplate":"https:\/\/winandofficews.com\/switzerland\/?s={search_term_string}"},"query-input":{"@type":"PropertyValueSpecification","valueRequired":true,"valueName":"search_term_string"}}],"inLanguage":"de"},{"@type":"Organization","@id":"https:\/\/winandofficews.com\/switzerland\/#organization","name":"Win and Office","url":"https:\/\/winandofficews.com\/switzerland\/","logo":{"@type":"ImageObject","inLanguage":"de","@id":"https:\/\/winandofficews.com\/switzerland\/#\/schema\/logo\/image\/","url":"https:\/\/winandofficews.com\/switzerland\/wp-content\/uploads\/sites\/34\/2022\/04\/logo.png","contentUrl":"https:\/\/winandofficews.com\/switzerland\/wp-content\/uploads\/sites\/34\/2022\/04\/logo.png","width":400,"height":111,"caption":"Win and Office"},"image":{"@id":"https:\/\/winandofficews.com\/switzerland\/#\/schema\/logo\/image\/"},"sameAs":["https:\/\/www.facebook.com\/winandoffice"]}]}},"_links":{"self":[{"href":"https:\/\/winandofficews.com\/switzerland\/wp-json\/wp\/v2\/product\/146280","targetHints":{"allow":["GET"]}}],"collection":[{"href":"https:\/\/winandofficews.com\/switzerland\/wp-json\/wp\/v2\/product"}],"about":[{"href":"https:\/\/winandofficews.com\/switzerland\/wp-json\/wp\/v2\/types\/product"}],"replies":[{"embeddable":true,"href":"https:\/\/winandofficews.com\/switzerland\/wp-json\/wp\/v2\/comments?post=146280"}],"wp:featuredmedia":[{"embeddable":true,"href":"https:\/\/winandofficews.com\/switzerland\/wp-json\/"}],"wp:attachment":[{"href":"https:\/\/winandofficews.com\/switzerland\/wp-json\/wp\/v2\/media?parent=146280"}],"wp:term":[{"taxonomy":"product_brand","embeddable":true,"href":"https:\/\/winandofficews.com\/switzerland\/wp-json\/wp\/v2\/product_brand?post=146280"},{"taxonomy":"product_cat","embeddable":true,"href":"https:\/\/winandofficews.com\/switzerland\/wp-json\/wp\/v2\/product_cat?post=146280"},{"taxonomy":"product_tag","embeddable":true,"href":"https:\/\/winandofficews.com\/switzerland\/wp-json\/wp\/v2\/product_tag?post=146280"}],"curies":[{"name":"wp","href":"https:\/\/api.w.org\/{rel}","templated":true}]}}