{"id":145953,"date":"2024-07-09T15:54:37","date_gmt":"2024-07-09T14:54:37","guid":{"rendered":"https:\/\/shop.winandoffice.com\/switzerland\/?post_type=product&#038;p=145953"},"modified":"2026-04-18T01:11:47","modified_gmt":"2026-04-17T23:11:47","slug":"microsoft-office-2010-professional-plus-lizenz-fuer-3pc","status":"publish","type":"product","link":"https:\/\/winandofficews.com\/switzerland\/product\/microsoft-office-2010-professional-plus-lizenz-fuer-3pc\/","title":{"rendered":"Microsoft Office 2010 Professional Plus Lizenz f\u00fcr 3PC"},"content":{"rendered":"<p><strong>Mit dieser Lizenz kann die Software auf 3 verschiedenen Ger\u00e4ten aktiviert werden, z.B. Heim-PC, Notebook und Arbeits-PC.<\/strong><\/p>\n<p>Mit Microsoft Office 2010 integriert Microsoft mehrere neue Features in die Microsoft Office-Software: K\u00fcnftig gibt es parallel zur Desktop-Variante auch Web-Applikationen von Word, Excel &amp; Co.<\/p>\n<p>Au\u00dferdem unterst\u00fctzt das Microsoft Office-Paket erstmals das ISO-zertifizierte Microsoft Office-Open-XML-Format. Dar\u00fcber hinaus bietet Microsoft Office 2010 eine \u00fcberarbeitete Ribbon-Men\u00fcf\u00fchrung im Microsoft Windows-7-Look und starke Funktionen f\u00fcr den Microsoft Office-Button.<\/p>\n<p>Microsoft Office 2010 Professional Plus beinhaltet diese Anwendungen:<\/p>\n<ul>\n<li><strong>Word 2010<\/strong> &#8211; f\u00fcr die Erstellung ansprechender Dokumente<\/li>\n<li><strong>Excel 2010<\/strong> &#8211; f\u00fcr Analysen und Auswertungen<\/li>\n<li><strong>PowerPoint 2010<\/strong> \u2013 f\u00fcr anspruchsvolle Pr\u00e4sentationen<\/li>\n<li><strong>Ausblick 2010<\/strong> &#8211; f\u00fcr die Verwaltung Ihrer E-Mails, Kontakte, Zeitpl\u00e4ne und Aufgaben<\/li>\n<li><strong>OneNote 2010<\/strong> &#8211; f\u00fcr Ihre Notizen<\/li>\n<li><strong>Herausgeber 2010<\/strong> \u2013 f\u00fcr die Erstellung professioneller Publikationen<\/li>\n<li><strong>Zugang 2010<\/strong> &#8211; f\u00fcr Browser-basierte Datenbankanwendungen<\/li>\n<li><strong>Web-Anwendungen<\/strong> (Word, Excel, PowerPoint, OneNote)<\/li>\n<li><strong>InfoPath<\/strong> &#8211; f\u00fcr das Entwerfen, Verteilen und Ausf\u00fcllen elektronischer Formulare<\/li>\n<li><strong>Kommunikator<\/strong> &#8211; f\u00fcr den Kontakt mit Kunden und Kollegen<\/li>\n<li><strong>SharePoint-Arbeitsbereich<\/strong> &#8211; f\u00fcr die ortsunabh\u00e4ngige Zusammenarbeit mit Kunden, Kollegen und Lieferanten<\/li>\n<\/ul>\n<p><strong>Systemanforderungen:<\/strong><\/p>\n<ul>\n<li>Prozessor: 500 Megahertz (MHz) Prozessor oder besser; 1 Gigahertz (GHz) f\u00fcr Outlook mit Business Contact Manager<\/li>\n<li>RAM: 512 Megabyte (MB) RAM oder mehr (dies ist allerdings eine sehr geringe Anforderung)<\/li>\n<li>Verf\u00fcgbarer Festplattenspeicher: 3.5 Gigabyte (GB)<\/li>\n<li>F\u00fcr die 32-bit Version von Microsoft Office 2010: Microsoft Windows XP (SP 3), Microsoft Windows Server 2003 (SP2), MSXML 6.0<\/li>\n<li>F\u00fcr die 32-oder 64-bit Versionen von Microsoft Office 2010: Microsoft Windows Vista (SP1), Microsoft Windows Server 2008, Microsoft Windows 7, Terminal Server, Microsoft Windows on Microsoft Windows (WOW)<\/li>\n<\/ul>\n<p><strong>Support:<\/strong><\/p>\n<p>Bei Fragen z\u00f6gern Sie bitte nicht, uns <a href=\"mailto:switzerland@winandofficews.com\" target=\"_self\" rel=\"noopener\">per E-Mail<\/a> zu kontaktieren. Unser Kundendienst ist 7 Tage die Woche, 24 Stunden am Tag verf\u00fcgbar.<\/p>\n","protected":false},"excerpt":{"rendered":"<ul>\n<li>Microsoft Windows Microsoft Office 2010 Professional Plus f\u00fcr 3 PC<\/li>\n<li><strong>Mit dieser Lizenz kann die Software auf 3 verschiedenen Ger\u00e4ten aktiviert werden, z.B. Heim-PC, Notebook und Arbeits-PC.<\/strong><\/li>\n<li>Version f\u00fcr 32 und 64 Bit-Systeme<\/li>\n<li>Versand per E-Mail: Produktschl\u00fcssel, Anleitung, Downloadlinks, Rechnung<\/li>\n<li><strong>30 Tage volle R\u00fcckerstattung \u2013 Lebenslange Ersatzgarantie!!!<\/strong><\/li>\n<li>Sofort-Download!<\/li>\n<li>Keine zeitliche Begrenzung, kein Abo<\/li>\n<li>Kostenlose Unterst\u00fctzung bei der Installation und Aktivierung<\/li>\n<li>Keine Lieferung auf Datentr\u00e4ger (USB, CD, usw.)<\/li>\n<li>Aktivierung online und per Telefon<\/li>\n<li><strong>Dieses Produkt ist mit Windows kompatibel.<\/strong><\/li>\n<li><strong>NICHT kompatibel mit Apple macOS&trade;, Apple-Prozessoren, Parallels f\u00fcr Mac, Android-Ger\u00e4ten und Chromebooks.<\/strong><\/li>\n<\/ul>\n","protected":false},"featured_media":10000089661,"comment_status":"closed","ping_status":"closed","template":"","meta":{"_acf_changed":false},"product_brand":[],"product_cat":[36],"product_tag":[],"class_list":{"0":"post-145953","1":"product","2":"type-product","3":"status-publish","4":"has-post-thumbnail","6":"product_cat-microsoft-office","8":"first","9":"instock","10":"sale","11":"virtual","12":"taxable","13":"purchasable","14":"product-type-simple"},"acf":[],"yoast_head":"<!-- This site is optimized with the Yoast SEO plugin v27.5 - https:\/\/yoast.com\/product\/yoast-seo-wordpress\/ -->\n<title>Microsoft Office 2010 Professional Plus Lizenz f\u00fcr 3PC - switzerland<\/title>\n<meta name=\"robots\" content=\"index, follow, max-snippet:-1, max-image-preview:large, max-video-preview:-1\" \/>\n<link rel=\"canonical\" href=\"https:\/\/winandofficews.com\/switzerland\/product\/microsoft-office-2010-professional-plus-lizenz-fuer-3pc\/\" \/>\n<meta property=\"og:locale\" content=\"de_DE\" \/>\n<meta property=\"og:type\" content=\"article\" \/>\n<meta property=\"og:title\" content=\"Microsoft Office 2010 Professional Plus Lizenz f\u00fcr 3PC - switzerland\" \/>\n<meta property=\"og:description\" content=\"Microsoft Windows Microsoft Office 2010 Professional Plus f\u00fcr 3 PC  Mit dieser Lizenz kann die Software auf 3 verschiedenen Ger\u00e4ten aktiviert werden, z.B. Heim-PC, Notebook und Arbeits-PC.  Version f\u00fcr 32 und 64 Bit-Systeme  Versand per E-Mail: Produktschl\u00fcssel, Anleitung, Downloadlinks, Rechnung  30 Tage volle R\u00fcckerstattung \u2013 Lebenslange Ersatzgarantie!!!  Sofort-Download!  Keine zeitliche Begrenzung, kein Abo  Kostenlose Unterst\u00fctzung bei der Installation und Aktivierung  Keine Lieferung auf Datentr\u00e4ger (USB, CD, usw.)  Aktivierung online und per Telefon  Dieses Produkt ist mit Windows kompatibel.  NICHT kompatibel mit Apple macOS&trade;, Apple-Prozessoren, Parallels f\u00fcr Mac, Android-Ger\u00e4ten und Chromebooks.\" \/>\n<meta property=\"og:url\" content=\"https:\/\/winandofficews.com\/switzerland\/product\/microsoft-office-2010-professional-plus-lizenz-fuer-3pc\/\" \/>\n<meta property=\"og:site_name\" content=\"switzerland\" \/>\n<meta property=\"article:publisher\" content=\"https:\/\/www.facebook.com\/winandoffice\" \/>\n<meta property=\"article:modified_time\" content=\"2026-04-17T23:11:47+00:00\" \/>\n<meta name=\"twitter:card\" content=\"summary_large_image\" \/>\n<meta name=\"twitter:label1\" content=\"Gesch\u00e4tzte Lesezeit\" \/>\n\t<meta name=\"twitter:data1\" content=\"2\u00a0Minuten\" \/>\n<script type=\"application\/ld+json\" class=\"yoast-schema-graph\">{\"@context\":\"https:\\\/\\\/schema.org\",\"@graph\":[{\"@type\":\"WebPage\",\"@id\":\"https:\\\/\\\/winandofficews.com\\\/switzerland\\\/product\\\/microsoft-office-2010-professional-plus-lizenz-fuer-3pc\\\/\",\"url\":\"https:\\\/\\\/winandofficews.com\\\/switzerland\\\/product\\\/microsoft-office-2010-professional-plus-lizenz-fuer-3pc\\\/\",\"name\":\"Microsoft Office 2010 Professional Plus Lizenz f\u00fcr 3PC - switzerland\",\"isPartOf\":{\"@id\":\"https:\\\/\\\/winandofficews.com\\\/switzerland\\\/#website\"},\"primaryImageOfPage\":{\"@id\":\"https:\\\/\\\/winandofficews.com\\\/switzerland\\\/product\\\/microsoft-office-2010-professional-plus-lizenz-fuer-3pc\\\/#primaryimage\"},\"image\":{\"@id\":\"https:\\\/\\\/winandofficews.com\\\/switzerland\\\/product\\\/microsoft-office-2010-professional-plus-lizenz-fuer-3pc\\\/#primaryimage\"},\"thumbnailUrl\":\"https:\\\/\\\/winandofficews.com\\\/switzerland\\\/wp-content\\\/uploads\\\/O10P.jpg\",\"datePublished\":\"2024-07-09T14:54:37+00:00\",\"dateModified\":\"2026-04-17T23:11:47+00:00\",\"breadcrumb\":{\"@id\":\"https:\\\/\\\/winandofficews.com\\\/switzerland\\\/product\\\/microsoft-office-2010-professional-plus-lizenz-fuer-3pc\\\/#breadcrumb\"},\"inLanguage\":\"de\",\"potentialAction\":[{\"@type\":\"ReadAction\",\"target\":[\"https:\\\/\\\/winandofficews.com\\\/switzerland\\\/product\\\/microsoft-office-2010-professional-plus-lizenz-fuer-3pc\\\/\"]}]},{\"@type\":\"ImageObject\",\"inLanguage\":\"de\",\"@id\":\"https:\\\/\\\/winandofficews.com\\\/switzerland\\\/product\\\/microsoft-office-2010-professional-plus-lizenz-fuer-3pc\\\/#primaryimage\",\"url\":\"https:\\\/\\\/winandofficews.com\\\/switzerland\\\/wp-content\\\/uploads\\\/O10P.jpg\",\"contentUrl\":\"https:\\\/\\\/winandofficews.com\\\/switzerland\\\/wp-content\\\/uploads\\\/O10P.jpg\"},{\"@type\":\"BreadcrumbList\",\"@id\":\"https:\\\/\\\/winandofficews.com\\\/switzerland\\\/product\\\/microsoft-office-2010-professional-plus-lizenz-fuer-3pc\\\/#breadcrumb\",\"itemListElement\":[{\"@type\":\"ListItem\",\"position\":1,\"name\":\"Home\",\"item\":\"https:\\\/\\\/winandofficews.com\\\/switzerland\\\/\"},{\"@type\":\"ListItem\",\"position\":2,\"name\":\"Shop\",\"item\":\"https:\\\/\\\/winandofficews.com\\\/switzerland\\\/shop\\\/\"},{\"@type\":\"ListItem\",\"position\":3,\"name\":\"Microsoft Office 2010 Professional Plus Lizenz f\u00fcr 3PC\"}]},{\"@type\":\"WebSite\",\"@id\":\"https:\\\/\\\/winandofficews.com\\\/switzerland\\\/#website\",\"url\":\"https:\\\/\\\/winandofficews.com\\\/switzerland\\\/\",\"name\":\"switzerland\",\"description\":\"WinOfficeWS Switzerland\",\"publisher\":{\"@id\":\"https:\\\/\\\/winandofficews.com\\\/switzerland\\\/#organization\"},\"potentialAction\":[{\"@type\":\"SearchAction\",\"target\":{\"@type\":\"EntryPoint\",\"urlTemplate\":\"https:\\\/\\\/winandofficews.com\\\/switzerland\\\/?s={search_term_string}\"},\"query-input\":{\"@type\":\"PropertyValueSpecification\",\"valueRequired\":true,\"valueName\":\"search_term_string\"}}],\"inLanguage\":\"de\"},{\"@type\":\"Organization\",\"@id\":\"https:\\\/\\\/winandofficews.com\\\/switzerland\\\/#organization\",\"name\":\"Win and Office\",\"url\":\"https:\\\/\\\/winandofficews.com\\\/switzerland\\\/\",\"logo\":{\"@type\":\"ImageObject\",\"inLanguage\":\"de\",\"@id\":\"https:\\\/\\\/winandofficews.com\\\/switzerland\\\/#\\\/schema\\\/logo\\\/image\\\/\",\"url\":\"https:\\\/\\\/winandofficews.com\\\/switzerland\\\/wp-content\\\/uploads\\\/sites\\\/34\\\/2022\\\/04\\\/logo.png\",\"contentUrl\":\"https:\\\/\\\/winandofficews.com\\\/switzerland\\\/wp-content\\\/uploads\\\/sites\\\/34\\\/2022\\\/04\\\/logo.png\",\"width\":400,\"height\":111,\"caption\":\"Win and Office\"},\"image\":{\"@id\":\"https:\\\/\\\/winandofficews.com\\\/switzerland\\\/#\\\/schema\\\/logo\\\/image\\\/\"},\"sameAs\":[\"https:\\\/\\\/www.facebook.com\\\/winandoffice\"]}]}<\/script>\n<!-- \/ Yoast SEO plugin. -->","yoast_head_json":{"title":"Microsoft Office 2010 Professional Plus Lizenz f\u00fcr 3PC - switzerland","robots":{"index":"index","follow":"follow","max-snippet":"max-snippet:-1","max-image-preview":"max-image-preview:large","max-video-preview":"max-video-preview:-1"},"canonical":"https:\/\/winandofficews.com\/switzerland\/product\/microsoft-office-2010-professional-plus-lizenz-fuer-3pc\/","og_locale":"de_DE","og_type":"article","og_title":"Microsoft Office 2010 Professional Plus Lizenz f\u00fcr 3PC - switzerland","og_description":"Microsoft Windows Microsoft Office 2010 Professional Plus f\u00fcr 3 PC  Mit dieser Lizenz kann die Software auf 3 verschiedenen Ger\u00e4ten aktiviert werden, z.B. Heim-PC, Notebook und Arbeits-PC.  Version f\u00fcr 32 und 64 Bit-Systeme  Versand per E-Mail: Produktschl\u00fcssel, Anleitung, Downloadlinks, Rechnung  30 Tage volle R\u00fcckerstattung \u2013 Lebenslange Ersatzgarantie!!!  Sofort-Download!  Keine zeitliche Begrenzung, kein Abo  Kostenlose Unterst\u00fctzung bei der Installation und Aktivierung  Keine Lieferung auf Datentr\u00e4ger (USB, CD, usw.)  Aktivierung online und per Telefon  Dieses Produkt ist mit Windows kompatibel.  NICHT kompatibel mit Apple macOS&trade;, Apple-Prozessoren, Parallels f\u00fcr Mac, Android-Ger\u00e4ten und Chromebooks.","og_url":"https:\/\/winandofficews.com\/switzerland\/product\/microsoft-office-2010-professional-plus-lizenz-fuer-3pc\/","og_site_name":"switzerland","article_publisher":"https:\/\/www.facebook.com\/winandoffice","article_modified_time":"2026-04-17T23:11:47+00:00","twitter_card":"summary_large_image","twitter_misc":{"Gesch\u00e4tzte Lesezeit":"2\u00a0Minuten"},"schema":{"@context":"https:\/\/schema.org","@graph":[{"@type":"WebPage","@id":"https:\/\/winandofficews.com\/switzerland\/product\/microsoft-office-2010-professional-plus-lizenz-fuer-3pc\/","url":"https:\/\/winandofficews.com\/switzerland\/product\/microsoft-office-2010-professional-plus-lizenz-fuer-3pc\/","name":"Microsoft Office 2010 Professional Plus Lizenz f\u00fcr 3PC - switzerland","isPartOf":{"@id":"https:\/\/winandofficews.com\/switzerland\/#website"},"primaryImageOfPage":{"@id":"https:\/\/winandofficews.com\/switzerland\/product\/microsoft-office-2010-professional-plus-lizenz-fuer-3pc\/#primaryimage"},"image":{"@id":"https:\/\/winandofficews.com\/switzerland\/product\/microsoft-office-2010-professional-plus-lizenz-fuer-3pc\/#primaryimage"},"thumbnailUrl":"https:\/\/winandofficews.com\/switzerland\/wp-content\/uploads\/O10P.jpg","datePublished":"2024-07-09T14:54:37+00:00","dateModified":"2026-04-17T23:11:47+00:00","breadcrumb":{"@id":"https:\/\/winandofficews.com\/switzerland\/product\/microsoft-office-2010-professional-plus-lizenz-fuer-3pc\/#breadcrumb"},"inLanguage":"de","potentialAction":[{"@type":"ReadAction","target":["https:\/\/winandofficews.com\/switzerland\/product\/microsoft-office-2010-professional-plus-lizenz-fuer-3pc\/"]}]},{"@type":"ImageObject","inLanguage":"de","@id":"https:\/\/winandofficews.com\/switzerland\/product\/microsoft-office-2010-professional-plus-lizenz-fuer-3pc\/#primaryimage","url":"https:\/\/winandofficews.com\/switzerland\/wp-content\/uploads\/O10P.jpg","contentUrl":"https:\/\/winandofficews.com\/switzerland\/wp-content\/uploads\/O10P.jpg"},{"@type":"BreadcrumbList","@id":"https:\/\/winandofficews.com\/switzerland\/product\/microsoft-office-2010-professional-plus-lizenz-fuer-3pc\/#breadcrumb","itemListElement":[{"@type":"ListItem","position":1,"name":"Home","item":"https:\/\/winandofficews.com\/switzerland\/"},{"@type":"ListItem","position":2,"name":"Shop","item":"https:\/\/winandofficews.com\/switzerland\/shop\/"},{"@type":"ListItem","position":3,"name":"Microsoft Office 2010 Professional Plus Lizenz f\u00fcr 3PC"}]},{"@type":"WebSite","@id":"https:\/\/winandofficews.com\/switzerland\/#website","url":"https:\/\/winandofficews.com\/switzerland\/","name":"switzerland","description":"WinOfficeWS Switzerland","publisher":{"@id":"https:\/\/winandofficews.com\/switzerland\/#organization"},"potentialAction":[{"@type":"SearchAction","target":{"@type":"EntryPoint","urlTemplate":"https:\/\/winandofficews.com\/switzerland\/?s={search_term_string}"},"query-input":{"@type":"PropertyValueSpecification","valueRequired":true,"valueName":"search_term_string"}}],"inLanguage":"de"},{"@type":"Organization","@id":"https:\/\/winandofficews.com\/switzerland\/#organization","name":"Win and Office","url":"https:\/\/winandofficews.com\/switzerland\/","logo":{"@type":"ImageObject","inLanguage":"de","@id":"https:\/\/winandofficews.com\/switzerland\/#\/schema\/logo\/image\/","url":"https:\/\/winandofficews.com\/switzerland\/wp-content\/uploads\/sites\/34\/2022\/04\/logo.png","contentUrl":"https:\/\/winandofficews.com\/switzerland\/wp-content\/uploads\/sites\/34\/2022\/04\/logo.png","width":400,"height":111,"caption":"Win and Office"},"image":{"@id":"https:\/\/winandofficews.com\/switzerland\/#\/schema\/logo\/image\/"},"sameAs":["https:\/\/www.facebook.com\/winandoffice"]}]}},"_links":{"self":[{"href":"https:\/\/winandofficews.com\/switzerland\/wp-json\/wp\/v2\/product\/145953","targetHints":{"allow":["GET"]}}],"collection":[{"href":"https:\/\/winandofficews.com\/switzerland\/wp-json\/wp\/v2\/product"}],"about":[{"href":"https:\/\/winandofficews.com\/switzerland\/wp-json\/wp\/v2\/types\/product"}],"replies":[{"embeddable":true,"href":"https:\/\/winandofficews.com\/switzerland\/wp-json\/wp\/v2\/comments?post=145953"}],"wp:featuredmedia":[{"embeddable":true,"href":"https:\/\/winandofficews.com\/switzerland\/wp-json\/"}],"wp:attachment":[{"href":"https:\/\/winandofficews.com\/switzerland\/wp-json\/wp\/v2\/media?parent=145953"}],"wp:term":[{"taxonomy":"product_brand","embeddable":true,"href":"https:\/\/winandofficews.com\/switzerland\/wp-json\/wp\/v2\/product_brand?post=145953"},{"taxonomy":"product_cat","embeddable":true,"href":"https:\/\/winandofficews.com\/switzerland\/wp-json\/wp\/v2\/product_cat?post=145953"},{"taxonomy":"product_tag","embeddable":true,"href":"https:\/\/winandofficews.com\/switzerland\/wp-json\/wp\/v2\/product_tag?post=145953"}],"curies":[{"name":"wp","href":"https:\/\/api.w.org\/{rel}","templated":true}]}}