{"id":257,"date":"2020-09-14T13:27:07","date_gmt":"2020-09-14T12:27:07","guid":{"rendered":"http:\/\/localhost\/shopingcart\/?page_id=257"},"modified":"2025-10-12T01:12:52","modified_gmt":"2025-10-11T23:12:52","slug":"about-us","status":"publish","type":"page","link":"https:\/\/winandofficews.com\/switzerland\/about-us\/","title":{"rendered":"\u00dcber uns"},"content":{"rendered":"\r\n<p>Willkommen, Ihrem vertrauensw\u00fcrdigen Microsoft-Partner f\u00fcr alle Ihre Software-Bed\u00fcrfnisse. Wir sind spezialisiert auf den Verkauf von Microsoft-Software, einschlie\u00dflich Microsoft Windows und Microsoft Office, und bieten eine breite Palette von OEM-Lizenzen an.<\/p>\r\n<p><strong>Schnelle Lieferung<\/strong><\/p>\r\n<p>Unser 2-Minuten-Versand garantiert, dass Sie Ihre Software so schnell wie m\u00f6glich erhalten. Nach dem Kauf senden wir Ihnen die Rechnung mit unserer USt-ID sowie den Ursprungsnachweis der Lizenz und einen verschl\u00fcsselten SSL-Link per E-Mail. Eine detaillierte Installationsanleitung ist ebenfalls in der E-Mail enthalten, um den Installationsprozess so einfach wie m\u00f6glich zu gestalten.<\/p>\r\n<p><strong>Neueste Produkte und Download Center<\/strong><\/p>\r\n<p>Wir sind stets bem\u00fcht, die neuesten Produkte in unserem Sortiment anzubieten. \u00dcber unser Download Center k\u00f6nnen Sie die Software sofort nach dem Kauf herunterladen.<\/p>\r\n<p><strong>Kundenservice und R\u00fcckgaberecht<\/strong><\/p>\r\n<p>Unser mehrsprachiges Kundenservice-Team ist 24\/7 erreichbar und steht Ihnen jederzeit zur Verf\u00fcgung, sei es \u00fcber Live-Chat oder E-Mail. Wir sind stolz darauf, einen exzellenten Kundenservice zu bieten, der bereits zahlreiche zufriedene Kunden gewonnen hat. Sollten Sie mit Ihrem Kauf nicht zufrieden sein, bieten wir ein kundenfreundliches R\u00fcckgaberecht an.<\/p>\r\n<p><strong>Produktgarantie und lebenslange Garantie<\/strong><\/p>\r\n<p>Bei Winandofficews.com k\u00f6nnen Sie sicher sein, dass alle unsere Produkte authentisch sind da wir ein legaler Vertriebspartner f\u00fcr Microsoft-Software sind. Alle unsere Produkte kommen mit einer vollst\u00e4ndigen lebenslangen Produktgarantie.<\/p>\r\n<!-- \/wp:post-content -->","protected":false},"excerpt":{"rendered":"<p>Willkommen, Ihrem vertrauensw\u00fcrdigen Microsoft-Partner f\u00fcr alle Ihre Software-Bed\u00fcrfnisse. Wir sind spezialisiert auf den Verkauf von Microsoft-Software, einschlie\u00dflich Microsoft Windows und Microsoft Office, und bieten eine breite Palette von OEM-Lizenzen an. Schnelle Lieferung Unser 2-Minuten-Versand garantiert, dass Sie Ihre Software so schnell wie m\u00f6glich erhalten. Nach dem Kauf senden wir Ihnen&hellip; <\/p>\n","protected":false},"author":2988,"featured_media":0,"parent":0,"menu_order":0,"comment_status":"closed","ping_status":"closed","template":"page-templates\/contact-template.php","meta":{"_acf_changed":false,"footnotes":""},"class_list":["post-257","page","type-page","status-publish","hentry"],"acf":[],"yoast_head":"<!-- This site is optimized with the Yoast SEO plugin v27.5 - https:\/\/yoast.com\/product\/yoast-seo-wordpress\/ -->\n<title>\u00dcber uns - switzerland<\/title>\n<meta name=\"robots\" content=\"index, follow, max-snippet:-1, max-image-preview:large, max-video-preview:-1\" \/>\n<link rel=\"canonical\" href=\"https:\/\/winandofficews.com\/switzerland\/about-us\/\" \/>\n<meta property=\"og:locale\" content=\"de_DE\" \/>\n<meta property=\"og:type\" content=\"article\" \/>\n<meta property=\"og:title\" content=\"\u00dcber uns - switzerland\" \/>\n<meta property=\"og:description\" content=\"Willkommen, Ihrem vertrauensw\u00fcrdigen Microsoft-Partner f\u00fcr alle Ihre Software-Bed\u00fcrfnisse. Wir sind spezialisiert auf den Verkauf von Microsoft-Software, einschlie\u00dflich Microsoft Windows und Microsoft Office, und bieten eine breite Palette von OEM-Lizenzen an. Schnelle Lieferung Unser 2-Minuten-Versand garantiert, dass Sie Ihre Software so schnell wie m\u00f6glich erhalten. Nach dem Kauf senden wir Ihnen&hellip;\" \/>\n<meta property=\"og:url\" content=\"https:\/\/winandofficews.com\/switzerland\/about-us\/\" \/>\n<meta property=\"og:site_name\" content=\"switzerland\" \/>\n<meta property=\"article:publisher\" content=\"https:\/\/www.facebook.com\/winandoffice\" \/>\n<meta property=\"article:modified_time\" content=\"2025-10-11T23:12:52+00:00\" \/>\n<meta name=\"twitter:card\" content=\"summary_large_image\" \/>\n<meta name=\"twitter:label1\" content=\"Gesch\u00e4tzte Lesezeit\" \/>\n\t<meta name=\"twitter:data1\" content=\"2\u00a0Minuten\" \/>\n<script type=\"application\/ld+json\" class=\"yoast-schema-graph\">{\"@context\":\"https:\\\/\\\/schema.org\",\"@graph\":[{\"@type\":\"WebPage\",\"@id\":\"https:\\\/\\\/winandofficews.com\\\/switzerland\\\/about-us\\\/\",\"url\":\"https:\\\/\\\/winandofficews.com\\\/switzerland\\\/about-us\\\/\",\"name\":\"\u00dcber uns - switzerland\",\"isPartOf\":{\"@id\":\"https:\\\/\\\/winandofficews.com\\\/switzerland\\\/#website\"},\"datePublished\":\"2020-09-14T12:27:07+00:00\",\"dateModified\":\"2025-10-11T23:12:52+00:00\",\"breadcrumb\":{\"@id\":\"https:\\\/\\\/winandofficews.com\\\/switzerland\\\/about-us\\\/#breadcrumb\"},\"inLanguage\":\"de\",\"potentialAction\":[{\"@type\":\"ReadAction\",\"target\":[\"https:\\\/\\\/winandofficews.com\\\/switzerland\\\/about-us\\\/\"]}]},{\"@type\":\"BreadcrumbList\",\"@id\":\"https:\\\/\\\/winandofficews.com\\\/switzerland\\\/about-us\\\/#breadcrumb\",\"itemListElement\":[{\"@type\":\"ListItem\",\"position\":1,\"name\":\"Home\",\"item\":\"https:\\\/\\\/winandofficews.com\\\/switzerland\\\/\"},{\"@type\":\"ListItem\",\"position\":2,\"name\":\"\u00dcber uns\"}]},{\"@type\":\"WebSite\",\"@id\":\"https:\\\/\\\/winandofficews.com\\\/switzerland\\\/#website\",\"url\":\"https:\\\/\\\/winandofficews.com\\\/switzerland\\\/\",\"name\":\"switzerland\",\"description\":\"WinOfficeWS Switzerland\",\"publisher\":{\"@id\":\"https:\\\/\\\/winandofficews.com\\\/switzerland\\\/#organization\"},\"potentialAction\":[{\"@type\":\"SearchAction\",\"target\":{\"@type\":\"EntryPoint\",\"urlTemplate\":\"https:\\\/\\\/winandofficews.com\\\/switzerland\\\/?s={search_term_string}\"},\"query-input\":{\"@type\":\"PropertyValueSpecification\",\"valueRequired\":true,\"valueName\":\"search_term_string\"}}],\"inLanguage\":\"de\"},{\"@type\":\"Organization\",\"@id\":\"https:\\\/\\\/winandofficews.com\\\/switzerland\\\/#organization\",\"name\":\"Win and Office\",\"url\":\"https:\\\/\\\/winandofficews.com\\\/switzerland\\\/\",\"logo\":{\"@type\":\"ImageObject\",\"inLanguage\":\"de\",\"@id\":\"https:\\\/\\\/winandofficews.com\\\/switzerland\\\/#\\\/schema\\\/logo\\\/image\\\/\",\"url\":\"https:\\\/\\\/winandofficews.com\\\/switzerland\\\/wp-content\\\/uploads\\\/sites\\\/34\\\/2022\\\/04\\\/logo.png\",\"contentUrl\":\"https:\\\/\\\/winandofficews.com\\\/switzerland\\\/wp-content\\\/uploads\\\/sites\\\/34\\\/2022\\\/04\\\/logo.png\",\"width\":400,\"height\":111,\"caption\":\"Win and Office\"},\"image\":{\"@id\":\"https:\\\/\\\/winandofficews.com\\\/switzerland\\\/#\\\/schema\\\/logo\\\/image\\\/\"},\"sameAs\":[\"https:\\\/\\\/www.facebook.com\\\/winandoffice\"]}]}<\/script>\n<!-- \/ Yoast SEO plugin. -->","yoast_head_json":{"title":"\u00dcber uns - switzerland","robots":{"index":"index","follow":"follow","max-snippet":"max-snippet:-1","max-image-preview":"max-image-preview:large","max-video-preview":"max-video-preview:-1"},"canonical":"https:\/\/winandofficews.com\/switzerland\/about-us\/","og_locale":"de_DE","og_type":"article","og_title":"\u00dcber uns - switzerland","og_description":"Willkommen, Ihrem vertrauensw\u00fcrdigen Microsoft-Partner f\u00fcr alle Ihre Software-Bed\u00fcrfnisse. Wir sind spezialisiert auf den Verkauf von Microsoft-Software, einschlie\u00dflich Microsoft Windows und Microsoft Office, und bieten eine breite Palette von OEM-Lizenzen an. Schnelle Lieferung Unser 2-Minuten-Versand garantiert, dass Sie Ihre Software so schnell wie m\u00f6glich erhalten. Nach dem Kauf senden wir Ihnen&hellip;","og_url":"https:\/\/winandofficews.com\/switzerland\/about-us\/","og_site_name":"switzerland","article_publisher":"https:\/\/www.facebook.com\/winandoffice","article_modified_time":"2025-10-11T23:12:52+00:00","twitter_card":"summary_large_image","twitter_misc":{"Gesch\u00e4tzte Lesezeit":"2\u00a0Minuten"},"schema":{"@context":"https:\/\/schema.org","@graph":[{"@type":"WebPage","@id":"https:\/\/winandofficews.com\/switzerland\/about-us\/","url":"https:\/\/winandofficews.com\/switzerland\/about-us\/","name":"\u00dcber uns - switzerland","isPartOf":{"@id":"https:\/\/winandofficews.com\/switzerland\/#website"},"datePublished":"2020-09-14T12:27:07+00:00","dateModified":"2025-10-11T23:12:52+00:00","breadcrumb":{"@id":"https:\/\/winandofficews.com\/switzerland\/about-us\/#breadcrumb"},"inLanguage":"de","potentialAction":[{"@type":"ReadAction","target":["https:\/\/winandofficews.com\/switzerland\/about-us\/"]}]},{"@type":"BreadcrumbList","@id":"https:\/\/winandofficews.com\/switzerland\/about-us\/#breadcrumb","itemListElement":[{"@type":"ListItem","position":1,"name":"Home","item":"https:\/\/winandofficews.com\/switzerland\/"},{"@type":"ListItem","position":2,"name":"\u00dcber uns"}]},{"@type":"WebSite","@id":"https:\/\/winandofficews.com\/switzerland\/#website","url":"https:\/\/winandofficews.com\/switzerland\/","name":"switzerland","description":"WinOfficeWS Switzerland","publisher":{"@id":"https:\/\/winandofficews.com\/switzerland\/#organization"},"potentialAction":[{"@type":"SearchAction","target":{"@type":"EntryPoint","urlTemplate":"https:\/\/winandofficews.com\/switzerland\/?s={search_term_string}"},"query-input":{"@type":"PropertyValueSpecification","valueRequired":true,"valueName":"search_term_string"}}],"inLanguage":"de"},{"@type":"Organization","@id":"https:\/\/winandofficews.com\/switzerland\/#organization","name":"Win and Office","url":"https:\/\/winandofficews.com\/switzerland\/","logo":{"@type":"ImageObject","inLanguage":"de","@id":"https:\/\/winandofficews.com\/switzerland\/#\/schema\/logo\/image\/","url":"https:\/\/winandofficews.com\/switzerland\/wp-content\/uploads\/sites\/34\/2022\/04\/logo.png","contentUrl":"https:\/\/winandofficews.com\/switzerland\/wp-content\/uploads\/sites\/34\/2022\/04\/logo.png","width":400,"height":111,"caption":"Win and Office"},"image":{"@id":"https:\/\/winandofficews.com\/switzerland\/#\/schema\/logo\/image\/"},"sameAs":["https:\/\/www.facebook.com\/winandoffice"]}]}},"_links":{"self":[{"href":"https:\/\/winandofficews.com\/switzerland\/wp-json\/wp\/v2\/pages\/257","targetHints":{"allow":["GET"]}}],"collection":[{"href":"https:\/\/winandofficews.com\/switzerland\/wp-json\/wp\/v2\/pages"}],"about":[{"href":"https:\/\/winandofficews.com\/switzerland\/wp-json\/wp\/v2\/types\/page"}],"author":[{"embeddable":true,"href":"https:\/\/winandofficews.com\/switzerland\/wp-json\/wp\/v2\/users\/2988"}],"replies":[{"embeddable":true,"href":"https:\/\/winandofficews.com\/switzerland\/wp-json\/wp\/v2\/comments?post=257"}],"version-history":[{"count":0,"href":"https:\/\/winandofficews.com\/switzerland\/wp-json\/wp\/v2\/pages\/257\/revisions"}],"wp:attachment":[{"href":"https:\/\/winandofficews.com\/switzerland\/wp-json\/wp\/v2\/media?parent=257"}],"curies":[{"name":"wp","href":"https:\/\/api.w.org\/{rel}","templated":true}]}}