{"id":1163,"date":"2020-12-16T16:19:20","date_gmt":"2020-12-16T16:19:20","guid":{"rendered":"https:\/\/shop.winandoffice.com\/?page_id=1163"},"modified":"2025-10-14T20:07:39","modified_gmt":"2025-10-14T18:07:39","slug":"terms-and-conditions","status":"publish","type":"page","link":"https:\/\/winandofficews.com\/switzerland\/terms-and-conditions\/","title":{"rendered":"AGB"},"content":{"rendered":"<article id=\"page-1163\" class=\"post-1163 page type-page status-publish hentry\">\n<div class=\"entry-content\">\n<p><strong>1. Grundlegende Bestimmungen<\/strong><\/p>\n<p>1.1 Die Lieferungen, Leistungen und Angebote von Ines Castro Andia, handelnd unter Shop Win &amp; Office WS (nachfolgend \u201eVerk\u00e4ufer\u201c), erfolgen ausschlie\u00dflich aufgrund dieser Gesch\u00e4ftsbedingungen (nachfolgend \u201eAGB\u201c). Sie gelten somit auch f\u00fcr alle k\u00fcnftigen Gesch\u00e4ftsbeziehungen, auch wenn sie nicht nochmals ausdr\u00fccklich vereinbart werden. Hinweisen des K\u00e4ufers (nachfolgend \u201eKunde\u201c) auf seine Gesch\u00e4ftsbedingungen wird hiermit widersprochen.<\/p>\n<p>1.2. Diese AGB gelten sowohl gegen\u00fcber Verbrauchern (\u00a7 13 BGB) als auch gegen\u00fcber Unternehmern (\u00a7 14 BGB). Sofern die nachfolgenden AGB keinen gesonderten Hinweis enthalten, gelten s\u00e4mtliche Bedingungen gleicherma\u00dfen f\u00fcr Vertr\u00e4ge mit Unternehmern und Verbrauchern.<\/p>\n<p>1.3. Zus\u00e4tze oder Ab\u00e4nderungen der Bedingungen bed\u00fcrfen der schriftlichen Best\u00e4tigung durch die Lieferfirma. Ma\u00dfgebend f\u00fcr den Vertragsinhalt ist das Original des Bestell \u2013 Auftrages.<\/p>\n<p>1.4. Wir k\u00f6nnen Konstruktions- und Form\u00e4nderungen der Ware vornehmen, sofern diese \u00c4nderungen nicht grundlegender Art sind und der vertragsgem\u00e4\u00dfe Zweck nicht erheblich eingeschr\u00e4nkt wird.<\/p>\n<p>1.5. Mit der Abgabe der Bestellung gem\u00e4\u00df Ziff. 2.2 erkl\u00e4rt sich der Kunde mit diesen AGB einverstanden.<\/p>\n<p><strong>2. Zustandekommen des Vertrages<\/strong><\/p>\n<p>2.1. Gegenstand des Vertrages ist der Verkauf von Download-Produkten (digitale Inhalte, die nicht auf einem k\u00f6rperlichen Datentr\u00e4ger geliefert werden, etwa digital vorliegende Produktschl\u00fcssel, Zugangscodes oder andere digital vorhandenen Informationen) samt zugeh\u00f6riger Lizenzen.<br \/>\nMit dem Einstellen des jeweiligen Download-Produkts auf unserer Internetseite unterbreiten wir dem Kunden ein verbindliches Angebot zum Abschluss eines Vertrages zu den in der Artikelbeschreibung angegebenen Bedingungen.<\/p>\n<p>2.2 .Im Falle eines Vertrags \u00fcber die Lieferung digitaler Waren schuldet der Verk\u00e4ufer bei einem Vertrag \u00fcber die Lieferung von Software (nachfolgend: \u201eSoftware-Kauf\u201c) die dauerhafte \u00dcberlassung der in dem Lizenzschein genannten Software im Objektcode. Der Verk\u00e4ufer schuldet das Aufzeigen einer M\u00f6glichkeit zum Download der Software sowie die \u00dcberlassung einer gedruckten oder per Download erh\u00e4ltlichen Version der zugeh\u00f6rigen Anwenderdokumentation. Vor der vollst\u00e4ndigen Bezahlung des Kaufpreises gem\u00e4\u00df Ziff. 8 steht die \u00fcbergebene Anwenderdokumentation unter dem Eigentumsvorbehalt des Verk\u00e4ufers. F\u00fcr die Beschaffenheit der Software ist die jeweilige Produktbeschreibung im Online-Shop oder dem jeweiligen Marketplace des Verk\u00e4ufers ma\u00dfgeblich. Der Verk\u00e4ufer schuldet ferner die Rechteeinr\u00e4umung gem\u00e4\u00df Ziff. 4.8.<\/p>\n<p>2.3. Der Vertrag kommt \u00fcber das Online-Warenkorbsystem zustande:<br \/>\nDer Kunde legt die ausgew\u00e4hlten Waren in den virtuellen Warenkorb und durchl\u00e4uft den elektronischen Bestellprozess. Durch Klicken auf den Button zum Abschluss des Bestellvorgangs, schlie\u00dft der Kunde ein rechtlich verbindliches Vertragsangebot in Bezug auf die im Warenkorb enthaltenen Waren ab. Au\u00dferdem kann der Kunde das Angebot auch per E-Mail gegen\u00fcber dem Verk\u00e4ufer abgeben.<\/p>\n<p>2.4.\u2009Der Verk\u00e4ufer kann das Angebot des Kunden innerhalb von f\u00fcnf Tagen annehmen, indem er den Kunden nach Abgabe von dessen Bestellung zur Zahlung auffordert. Hierunter f\u00e4llt auch die Auswahl einer Zahlungsart im Bestellprozess, durch die eine Zahlung vor Versendung der bestellten Ware erfolgt. Die Frist zur Annahme des Angebots beginnt am Tag nach der Absendung des Angebots durch den Kunden zu laufen und endet mit dem Ablauf des f\u00fcnften Tages, welcher auf die Absendung des Angebots folgt. Nimmt der Verk\u00e4ufer das Angebot des Kunden innerhalb vorgenannter Frist nicht an, so gilt dies als Ablehnung des Angebots mit der Folge, dass der Kunde nicht mehr an seine Willenserkl\u00e4rung gebunden ist.<\/p>\n<p>2.5. Die Abwicklung der Bestellung und \u00dcbermittlung aller im Zusammenhang mit dem Vertragsschluss erforderlichen Informationen erfolgt per E-Mail, ebenso die Lieferung von Download-Produkten. Der Kunde hat deshalb sicherzustellen, dass die von ihm bei uns hinterlegte E-Mail-Adresse zutreffend ist und der Empfang der E-Mails insbesondere nicht durch SPAM-Filter verhindert wird.<\/p>\n<p><strong>3. Widerrufsrecht<\/strong><\/p>\n<p>3.1.\u2009Verbrauchern steht grunds\u00e4tzlich ein Widerrufsrecht zu.<\/p>\n<p>3.2\u2009.N\u00e4here Informationen zum Widerrufsrecht ergeben sich aus der Widerrufsbelehrung des Verk\u00e4ufers.<\/p>\n<p data-start=\"317\" data-end=\"398\"><strong data-start=\"317\" data-end=\"338\">4. Gew\u00e4hrleistung<\/strong><\/p>\n<p data-start=\"317\" data-end=\"398\">4.1. Es bestehen die gesetzlichen M\u00e4ngelhaftungsrechte.<\/p>\n<p data-start=\"400\" data-end=\"684\">4.2. Der Kunde wird gebeten, die Sache bei Lieferung umgehend auf Vollst\u00e4ndigkeit und offensichtliche M\u00e4ngel zu \u00fcberpr\u00fcfen und uns Beanstandungen schnellstm\u00f6glich mitzuteilen. Kommt der Kunde dem nicht nach, hat dies keine Auswirkung auf seine gesetzlichen Gew\u00e4hrleistungsanspr\u00fcche.<\/p>\n<p data-start=\"686\" data-end=\"903\">4.3. Als Beschaffenheit der Sache gelten nur unsere eigenen Angaben und die Produktbeschreibung des Herstellers als vereinbart, nicht jedoch sonstige Werbung, \u00f6ffentliche Anpreisungen und \u00c4u\u00dferungen des Herstellers.<\/p>\n<p data-start=\"905\" data-end=\"1010\">4.4. Die Gew\u00e4hrleistungsfrist betr\u00e4gt ein Jahr ab Ablieferung der Ware. Die Fristverk\u00fcrzung gilt nicht:<\/p>\n<ul data-start=\"1011\" data-end=\"1426\">\n<li data-start=\"1011\" data-end=\"1205\">\n<p data-start=\"1013\" data-end=\"1205\">f\u00fcr uns zurechenbare, schuldhaft verursachte Sch\u00e4den aus der Verletzung des Lebens, des K\u00f6rpers oder der Gesundheit sowie bei vors\u00e4tzlich oder grob fahrl\u00e4ssig verursachten sonstigen Sch\u00e4den;<\/p>\n<\/li>\n<li data-start=\"1206\" data-end=\"1324\">\n<p data-start=\"1208\" data-end=\"1324\">soweit wir den Mangel arglistig verschwiegen oder eine Garantie f\u00fcr die Beschaffenheit der Sache \u00fcbernommen haben;<\/p>\n<\/li>\n<li data-start=\"1325\" data-end=\"1426\">\n<p data-start=\"1327\" data-end=\"1426\">bei gesetzlichen R\u00fcckgriffsanspr\u00fcchen, die Sie im Zusammenhang mit M\u00e4ngelrechten gegen uns haben.<\/p>\n<\/li>\n<\/ul>\n<p data-start=\"1428\" data-end=\"1785\">4.5. Weist der Kunde die Lieferung des Verk\u00e4ufers aus einem anderen Grund als wegen eines erheblichen Mangels, der die Nutzung schwer einschr\u00e4nkt oder unm\u00f6glich macht, zur\u00fcck, obwohl der Verk\u00e4ufer die Leistungsbereitschaft erkl\u00e4rt hat, so ger\u00e4t der Kunde in Annahmeverzug. Wegen unwesentlicher M\u00e4ngel darf die Annahme der Lieferung nicht abgelehnt werden.<\/p>\n<p data-start=\"1787\" data-end=\"2510\">4.6. Von der Gew\u00e4hrleistung sind M\u00e4ngel ausgeschlossen, die auf unsachgem\u00e4\u00dfe Bedienung, entgegen den vertraglichen Grundlagen ge\u00e4nderte Systemkomponenten, Verwendung ungeeigneter Organisationsmittel, den Einsatz in einer Hardware- oder Softwareumgebung, die den im Lizenzschein genannten Anforderungen nicht gerecht wird, un\u00fcbliche Betriebsbedingungen oder Systemeingriffe durch den Kunden oder Dritte zur\u00fcckzuf\u00fchren sind. Werden Waren in Verbindung mit Ger\u00e4ten Dritter eingesetzt, besteht eine Gew\u00e4hrleistung f\u00fcr Funktions- und Leistungsm\u00e4ngel nur dann, wenn solche M\u00e4ngel auch ohne eine derartige Verbindung auftreten oder die Kompatibilit\u00e4t mit diesen Gegenst\u00e4nden Teil der vertraglich vereinbarten Beschaffenheit ist.<\/p>\n<p data-start=\"2512\" data-end=\"3124\">4.7. Ist eine Lieferung mangelhaft, kann der Verk\u00e4ufer nach seiner Wahl die Nacherf\u00fcllung durch Beseitigung des Mangels (Nachbesserung) oder durch Lieferung einer mangelfreien Sache (Ersatzlieferung) leisten. Im letzten Fall ist der Kunde verpflichtet, mangelhafte Ware auf Verlangen des Verk\u00e4ufers nach den gesetzlichen Vorschriften zur\u00fcckzugew\u00e4hren. Ist der Kunde ein Verbraucher, gilt der vorstehende Satz mit der Ma\u00dfgabe, dass Nutzungen nicht herauszugeben oder durch ihren Wert zu ersetzen sind. Der Kunde hat dem Verk\u00e4ufer Zeit und Gelegenheit zur Nacherf\u00fcllung, insbesondere zur Nachbesserung, zu geben.<\/p>\n<p data-start=\"3126\" data-end=\"3291\"><strong data-start=\"3126\" data-end=\"3196\">Rechteeinr\u00e4umung bei einem Vertrag \u00fcber die Lieferung von Software<\/strong><br data-start=\"3196\" data-end=\"3199\" \/>Die Ziff. 4.8 gilt ausschlie\u00dflich f\u00fcr Vertr\u00e4ge \u00fcber den Kauf von Software gem\u00e4\u00df Ziff. 2.2.<\/p>\n<p data-start=\"3293\" data-end=\"5138\">4.8. Der Kunde erh\u00e4lt mit vollst\u00e4ndiger Bezahlung des Kaufpreises ein nicht ausschlie\u00dfliches, zeitlich unbeschr\u00e4nktes Recht zur Nutzung der Ware im in dem Vertrag einger\u00e4umten Umfang. Der Verk\u00e4ufer kann eine Nutzung der Ware auch schon vor diesem Zeitpunkt vorl\u00e4ufig erlauben. Die Ware darf nur durch maximal die Anzahl nat\u00fcrlicher Personen gleichzeitig genutzt werden, die den vom Kunden erworbenen Waren entspricht. Die zul\u00e4ssige Nutzung umfasst die Installation der Software, das Laden in den Arbeitsspeicher sowie den bestimmungsgem\u00e4\u00dfen Gebrauch durch den Kunden. In keinem Fall hat der Kunde das Recht, die erworbene Ware zu vermieten oder unterzulizenzieren, sie drahtgebunden oder drahtlos \u00f6ffentlich wiederzugeben oder zug\u00e4nglich zu machen oder sie Dritten entgeltlich oder unentgeltlich zur Verf\u00fcgung zu stellen. <strong data-start=\"4115\" data-end=\"4146\">Ziff. 4.8 bleibt unber\u00fchrt.<\/strong> Der Kunde ist berechtigt, eine Sicherungskopie der Software zu erstellen, wenn dies zur Sicherung der k\u00fcnftigen Nutzung erforderlich ist. Der Kunde ist berechtigt, die erworbene Kopie der Software einem Dritten unter \u00dcbergabe der Dokumentation dauerhaft zu \u00fcberlassen. In diesem Fall wird er die Nutzung der Software vollst\u00e4ndig aufgeben, s\u00e4mtliche installierten Kopien der Software von seinen Rechnern entfernen und s\u00e4mtliche auf anderen Datentr\u00e4gern befindlichen Kopien l\u00f6schen oder dem Verk\u00e4ufer \u00fcbergeben, sofern er nicht gesetzlich zu einer l\u00e4ngeren Aufbewahrung verpflichtet ist. Auf Anforderung des Verk\u00e4ufers wird der Kunde ihm die vollst\u00e4ndige Durchf\u00fchrung der genannten Ma\u00dfnahmen schriftlich best\u00e4tigen oder ihm gegebenenfalls die Gr\u00fcnde f\u00fcr eine l\u00e4ngere Aufbewahrung darlegen. Des Weiteren wird der Kunde mit dem Dritten ausdr\u00fccklich die Beachtung des Umfangs der Rechtseinr\u00e4umung gem\u00e4\u00df dieser Ziff. 4.8 vereinbaren. Eine Aufspaltung erworbener Volumenpakete ist nicht zul\u00e4ssig.<\/p>\n<p><strong>5. Preise und Zahlungsbedingungen<\/strong><\/p>\n<p>5.1. Sofern sich aus der Produktbeschreibung des Verk\u00e4ufers nichts Anderes ergibt, handelt es sich bei den angegebenen Preisen um Gesamtpreise, die die gesetzliche Umsatzsteuer enthalten. Gegebenenfalls zus\u00e4tzlich anfallende Liefer- und Versandkosten werden in der jeweiligen Produktbeschreibung gesondert angegeben.<\/p>\n<p>5.2. Bei Lieferungen in L\u00e4nder au\u00dferhalb der Europ\u00e4ischen Union k\u00f6nnen im Einzelfall weitere Kosten anfallen, die der Verk\u00e4ufer nicht zu vertreten hat und die vom Kunden zu tragen sind. Hierzu z\u00e4hlen beispielsweise Kosten f\u00fcr die Geld\u00fcbermittlung durch Kreditinstitute (z.B. \u00dcberweisungsgeb\u00fchren, Wechselkursgeb\u00fchren) oder einfuhrrechtliche Abgaben bzw. Steuern (z.B. Z\u00f6lle). Solche Kosten k\u00f6nnen in Bezug auf die Geld\u00fcbermittlung auch dann anfallen, wenn die Lieferung nicht in ein Land au\u00dferhalb der Europ\u00e4ischen Union erfolgt, der Kunde die Zahlung aber von einem Land au\u00dferhalb der Europ\u00e4ischen Union aus vornimmt.<\/p>\n<p>5.3. Die Zahlungsm\u00f6glichkeit\/en wird\/werden dem Kunden im Online-Shop oder jeweiligen Marketplace des Verk\u00e4ufers mitgeteilt.<\/p>\n<p>5.4. Ist Vorauskasse per Bank\u00fcberweisung vereinbart, ist die Zahlung sofort nach Vertragsabschluss f\u00e4llig, sofern die Parteien keinen sp\u00e4teren F\u00e4lligkeitstermin vereinbart haben.<\/p>\n<p>5.5. Bei Zahlung mittels einer von dem Zahlungsdienstleister PayPal (Europe) S.\u00e0 r.l. et Cie, S.C.A., 22-24 Boulevard Royal, L-2449 Luxembourg (im Folgenden: \u201cPayPal\u201d) angebotenen Zahlungsart erfolgt die Zahlungsabwicklung \u00fcber PayPal, unter Geltung der PayPal-Nutzungsbedingungen, einsehbar unter https:\/\/www.paypal.com\/de\/webapps\/mpp\/ua\/useragreement-full oder \u2013 falls der Kunde nicht \u00fcber ein PayPal-Konto verf\u00fcgt \u2013 unter Geltung der Bedingungen f\u00fcr Zahlungen ohne PayPal-Konto, einsehbar unter https:\/\/www.paypal.com\/de\/webapps\/mpp\/ua\/privacywax-full.<\/p>\n<p>5.6. Ist der Kunde in Verzug, so sind wir berechtigt, Zinsen in H\u00f6he des von den Gesch\u00e4ftsbanken berechneten Zinssatzes f\u00fcr offene Kontokorrentkredite \u2013 mindestens jedoch 4 % \u00fcber dem Bundesbank -Diskontsatz \u2013 zuz\u00fcglich der jeweiligen gesetzlichen Mehrwertsteuer zu berechnen. Die Zinsen sind sofort f\u00e4llig.<\/p>\n<p><strong>6. Liefer- und Versandbedingungen<\/strong><\/p>\n<p>6.1. Digitale Inhalte werden dem Kunden in elektronischer Form als Download durch Mitteilung eines Downloadlinks \u00fcberlassen. Produktschl\u00fcssel werden dem Kunden per E-Mail \u00fcbersandt.<\/p>\n<p><strong>7. Eigentumsvorbehalt<\/strong><\/p>\n<p>7.1 Wir behalten uns das Eigentum an der Ware bis zu vollst\u00e4ndigen Bezahlung aller Forderungen vor, die uns aus Gesch\u00e4ftsverbindungen zu dem Kunden zustehen.<\/p>\n<p>7.2 Die Geltendmachung des Eigentumsvorbehaltes gilt nicht als R\u00fccktritt vom Vertrag. Wir sind jedoch berechtigt, nach angemessener Frist \u00fcber die Ware f\u00fcr die der Eigentumsvorbehalt geltend gemacht wurde, anderweitig zu verf\u00fcgen und bei vollst\u00e4ndiger Zahlung des Kaufpreises dem Kunden eine gleiche oder gleichwertige Ware zu liefern.<\/p>\n<p><strong>8. Schlussbestimmungen<\/strong><\/p>\n<p>8.1 Der Vertragspartner ist nur mit vorheriger schriftlicher Zustimmung des Verk\u00e4ufers berechtigt, Rechte und Anspr\u00fcche aus dem Vertragsverh\u00e4ltnis Dritten abzutreten. \u00a7 354a HGB bleibt unber\u00fchrt; \u00a7 354a HGB gilt nicht gegen\u00fcber Verbrauchern.<\/p>\n<p>8.2 Mit Aufnahme der Gesch\u00e4ftsbeziehungen werden Daten des Kunden, die auch personenbezogene Daten sein k\u00f6nnen, gespeichert und, soweit f\u00fcr die Durchf\u00fchrung des Auftrages erforderlich, verarbeitet und \u00fcbermittelt.<\/p>\n<p>8.3 Es gilt ausschlie\u00dflich deutsches Recht unter Ausschluss des UN-Kaufrechts sowie der Weiterverweisungen des internationalen Privat- und Verfahrensrechts. Bei Verbrauchern gilt diese Rechtswahl nur insoweit, als nicht\u00a0 zwingende Bestimmungen des Rechts des Staates, in dem der Verbraucher seinen gew\u00f6hnlichen Aufenthalt hat, einen breiteren Schutz gew\u00e4hren.<\/p>\n<p>8.4 Ausschlie\u00dflicher Gerichtsstand f\u00fcr s\u00e4mtliche Streitigkeiten aus und im Zusammenhang mit Vertr\u00e4gen, f\u00fcr welche diese AGB gelten, ist der Sitz des Verk\u00e4ufers; der Verk\u00e4ufer ist jedoch berechtigt, den Kunden an jedem gesetzlich er\u00f6ffneten Gerichtsstand in Anspruch zu nehmen. Diese Regelung gilt nicht gegen\u00fcber Verbrauchern.<\/p>\n<\/div>\n<\/article>\n<div id=\"simple-translate\">\n<div>\n<div class=\"simple-translate-button isShow\" style=\"height: 22px; width: 22px; top: 1735px; left: 597px;\"><\/div>\n<div class=\"simple-translate-panel \" style=\"width: 300px; height: 200px; top: 0px; left: 0px; font-size: 13px; background-color: #ffffff;\">\n<div class=\"simple-translate-result-wrapper\" style=\"overflow: hidden;\">\n<div class=\"simple-translate-move\"><\/div>\n<div class=\"simple-translate-result-contents\">\n<p class=\"simple-translate-candidate\" style=\"color: #737373;\">\n<\/div>\n<\/div>\n<\/div>\n<\/div>\n<\/div>\n","protected":false},"excerpt":{"rendered":"<p>1. Grundlegende Bestimmungen 1.1 Die Lieferungen, Leistungen und Angebote von Ines Castro Andia, handelnd unter Shop Win &amp; Office WS (nachfolgend \u201eVerk\u00e4ufer\u201c), erfolgen ausschlie\u00dflich aufgrund dieser Gesch\u00e4ftsbedingungen (nachfolgend \u201eAGB\u201c). Sie gelten somit auch f\u00fcr alle k\u00fcnftigen Gesch\u00e4ftsbeziehungen, auch wenn sie nicht nochmals ausdr\u00fccklich vereinbart werden. Hinweisen des K\u00e4ufers (nachfolgend \u201eKunde\u201c)&hellip; <\/p>\n","protected":false},"author":2988,"featured_media":0,"parent":0,"menu_order":0,"comment_status":"closed","ping_status":"closed","template":"","meta":{"_acf_changed":false,"footnotes":""},"class_list":["post-1163","page","type-page","status-publish","hentry"],"acf":[],"yoast_head":"<!-- This site is optimized with the Yoast SEO plugin v27.5 - https:\/\/yoast.com\/product\/yoast-seo-wordpress\/ -->\n<title>AGB - switzerland<\/title>\n<meta name=\"robots\" content=\"index, follow, max-snippet:-1, max-image-preview:large, max-video-preview:-1\" \/>\n<link rel=\"canonical\" href=\"https:\/\/winandofficews.com\/switzerland\/terms-and-conditions\/\" \/>\n<meta property=\"og:locale\" content=\"de_DE\" \/>\n<meta property=\"og:type\" content=\"article\" \/>\n<meta property=\"og:title\" content=\"AGB - switzerland\" \/>\n<meta property=\"og:description\" content=\"1. Grundlegende Bestimmungen 1.1 Die Lieferungen, Leistungen und Angebote von Ines Castro Andia, handelnd unter Shop Win &amp; Office WS (nachfolgend \u201eVerk\u00e4ufer\u201c), erfolgen ausschlie\u00dflich aufgrund dieser Gesch\u00e4ftsbedingungen (nachfolgend \u201eAGB\u201c). Sie gelten somit auch f\u00fcr alle k\u00fcnftigen Gesch\u00e4ftsbeziehungen, auch wenn sie nicht nochmals ausdr\u00fccklich vereinbart werden. Hinweisen des K\u00e4ufers (nachfolgend \u201eKunde\u201c)&hellip;\" \/>\n<meta property=\"og:url\" content=\"https:\/\/winandofficews.com\/switzerland\/terms-and-conditions\/\" \/>\n<meta property=\"og:site_name\" content=\"switzerland\" \/>\n<meta property=\"article:publisher\" content=\"https:\/\/www.facebook.com\/winandoffice\" \/>\n<meta property=\"article:modified_time\" content=\"2025-10-14T18:07:39+00:00\" \/>\n<meta name=\"twitter:card\" content=\"summary_large_image\" \/>\n<meta name=\"twitter:label1\" content=\"Gesch\u00e4tzte Lesezeit\" \/>\n\t<meta name=\"twitter:data1\" content=\"10\u00a0Minuten\" \/>\n<script type=\"application\/ld+json\" class=\"yoast-schema-graph\">{\"@context\":\"https:\\\/\\\/schema.org\",\"@graph\":[{\"@type\":\"WebPage\",\"@id\":\"https:\\\/\\\/winandofficews.com\\\/switzerland\\\/terms-and-conditions\\\/\",\"url\":\"https:\\\/\\\/winandofficews.com\\\/switzerland\\\/terms-and-conditions\\\/\",\"name\":\"AGB - switzerland\",\"isPartOf\":{\"@id\":\"https:\\\/\\\/winandofficews.com\\\/switzerland\\\/#website\"},\"datePublished\":\"2020-12-16T16:19:20+00:00\",\"dateModified\":\"2025-10-14T18:07:39+00:00\",\"breadcrumb\":{\"@id\":\"https:\\\/\\\/winandofficews.com\\\/switzerland\\\/terms-and-conditions\\\/#breadcrumb\"},\"inLanguage\":\"de\",\"potentialAction\":[{\"@type\":\"ReadAction\",\"target\":[\"https:\\\/\\\/winandofficews.com\\\/switzerland\\\/terms-and-conditions\\\/\"]}]},{\"@type\":\"BreadcrumbList\",\"@id\":\"https:\\\/\\\/winandofficews.com\\\/switzerland\\\/terms-and-conditions\\\/#breadcrumb\",\"itemListElement\":[{\"@type\":\"ListItem\",\"position\":1,\"name\":\"Home\",\"item\":\"https:\\\/\\\/winandofficews.com\\\/switzerland\\\/\"},{\"@type\":\"ListItem\",\"position\":2,\"name\":\"AGB\"}]},{\"@type\":\"WebSite\",\"@id\":\"https:\\\/\\\/winandofficews.com\\\/switzerland\\\/#website\",\"url\":\"https:\\\/\\\/winandofficews.com\\\/switzerland\\\/\",\"name\":\"switzerland\",\"description\":\"WinOfficeWS Switzerland\",\"publisher\":{\"@id\":\"https:\\\/\\\/winandofficews.com\\\/switzerland\\\/#organization\"},\"potentialAction\":[{\"@type\":\"SearchAction\",\"target\":{\"@type\":\"EntryPoint\",\"urlTemplate\":\"https:\\\/\\\/winandofficews.com\\\/switzerland\\\/?s={search_term_string}\"},\"query-input\":{\"@type\":\"PropertyValueSpecification\",\"valueRequired\":true,\"valueName\":\"search_term_string\"}}],\"inLanguage\":\"de\"},{\"@type\":\"Organization\",\"@id\":\"https:\\\/\\\/winandofficews.com\\\/switzerland\\\/#organization\",\"name\":\"Win and Office\",\"url\":\"https:\\\/\\\/winandofficews.com\\\/switzerland\\\/\",\"logo\":{\"@type\":\"ImageObject\",\"inLanguage\":\"de\",\"@id\":\"https:\\\/\\\/winandofficews.com\\\/switzerland\\\/#\\\/schema\\\/logo\\\/image\\\/\",\"url\":\"https:\\\/\\\/winandofficews.com\\\/switzerland\\\/wp-content\\\/uploads\\\/sites\\\/34\\\/2022\\\/04\\\/logo.png\",\"contentUrl\":\"https:\\\/\\\/winandofficews.com\\\/switzerland\\\/wp-content\\\/uploads\\\/sites\\\/34\\\/2022\\\/04\\\/logo.png\",\"width\":400,\"height\":111,\"caption\":\"Win and Office\"},\"image\":{\"@id\":\"https:\\\/\\\/winandofficews.com\\\/switzerland\\\/#\\\/schema\\\/logo\\\/image\\\/\"},\"sameAs\":[\"https:\\\/\\\/www.facebook.com\\\/winandoffice\"]}]}<\/script>\n<!-- \/ Yoast SEO plugin. -->","yoast_head_json":{"title":"AGB - switzerland","robots":{"index":"index","follow":"follow","max-snippet":"max-snippet:-1","max-image-preview":"max-image-preview:large","max-video-preview":"max-video-preview:-1"},"canonical":"https:\/\/winandofficews.com\/switzerland\/terms-and-conditions\/","og_locale":"de_DE","og_type":"article","og_title":"AGB - switzerland","og_description":"1. Grundlegende Bestimmungen 1.1 Die Lieferungen, Leistungen und Angebote von Ines Castro Andia, handelnd unter Shop Win &amp; Office WS (nachfolgend \u201eVerk\u00e4ufer\u201c), erfolgen ausschlie\u00dflich aufgrund dieser Gesch\u00e4ftsbedingungen (nachfolgend \u201eAGB\u201c). Sie gelten somit auch f\u00fcr alle k\u00fcnftigen Gesch\u00e4ftsbeziehungen, auch wenn sie nicht nochmals ausdr\u00fccklich vereinbart werden. Hinweisen des K\u00e4ufers (nachfolgend \u201eKunde\u201c)&hellip;","og_url":"https:\/\/winandofficews.com\/switzerland\/terms-and-conditions\/","og_site_name":"switzerland","article_publisher":"https:\/\/www.facebook.com\/winandoffice","article_modified_time":"2025-10-14T18:07:39+00:00","twitter_card":"summary_large_image","twitter_misc":{"Gesch\u00e4tzte Lesezeit":"10\u00a0Minuten"},"schema":{"@context":"https:\/\/schema.org","@graph":[{"@type":"WebPage","@id":"https:\/\/winandofficews.com\/switzerland\/terms-and-conditions\/","url":"https:\/\/winandofficews.com\/switzerland\/terms-and-conditions\/","name":"AGB - switzerland","isPartOf":{"@id":"https:\/\/winandofficews.com\/switzerland\/#website"},"datePublished":"2020-12-16T16:19:20+00:00","dateModified":"2025-10-14T18:07:39+00:00","breadcrumb":{"@id":"https:\/\/winandofficews.com\/switzerland\/terms-and-conditions\/#breadcrumb"},"inLanguage":"de","potentialAction":[{"@type":"ReadAction","target":["https:\/\/winandofficews.com\/switzerland\/terms-and-conditions\/"]}]},{"@type":"BreadcrumbList","@id":"https:\/\/winandofficews.com\/switzerland\/terms-and-conditions\/#breadcrumb","itemListElement":[{"@type":"ListItem","position":1,"name":"Home","item":"https:\/\/winandofficews.com\/switzerland\/"},{"@type":"ListItem","position":2,"name":"AGB"}]},{"@type":"WebSite","@id":"https:\/\/winandofficews.com\/switzerland\/#website","url":"https:\/\/winandofficews.com\/switzerland\/","name":"switzerland","description":"WinOfficeWS Switzerland","publisher":{"@id":"https:\/\/winandofficews.com\/switzerland\/#organization"},"potentialAction":[{"@type":"SearchAction","target":{"@type":"EntryPoint","urlTemplate":"https:\/\/winandofficews.com\/switzerland\/?s={search_term_string}"},"query-input":{"@type":"PropertyValueSpecification","valueRequired":true,"valueName":"search_term_string"}}],"inLanguage":"de"},{"@type":"Organization","@id":"https:\/\/winandofficews.com\/switzerland\/#organization","name":"Win and Office","url":"https:\/\/winandofficews.com\/switzerland\/","logo":{"@type":"ImageObject","inLanguage":"de","@id":"https:\/\/winandofficews.com\/switzerland\/#\/schema\/logo\/image\/","url":"https:\/\/winandofficews.com\/switzerland\/wp-content\/uploads\/sites\/34\/2022\/04\/logo.png","contentUrl":"https:\/\/winandofficews.com\/switzerland\/wp-content\/uploads\/sites\/34\/2022\/04\/logo.png","width":400,"height":111,"caption":"Win and Office"},"image":{"@id":"https:\/\/winandofficews.com\/switzerland\/#\/schema\/logo\/image\/"},"sameAs":["https:\/\/www.facebook.com\/winandoffice"]}]}},"_links":{"self":[{"href":"https:\/\/winandofficews.com\/switzerland\/wp-json\/wp\/v2\/pages\/1163","targetHints":{"allow":["GET"]}}],"collection":[{"href":"https:\/\/winandofficews.com\/switzerland\/wp-json\/wp\/v2\/pages"}],"about":[{"href":"https:\/\/winandofficews.com\/switzerland\/wp-json\/wp\/v2\/types\/page"}],"author":[{"embeddable":true,"href":"https:\/\/winandofficews.com\/switzerland\/wp-json\/wp\/v2\/users\/2988"}],"replies":[{"embeddable":true,"href":"https:\/\/winandofficews.com\/switzerland\/wp-json\/wp\/v2\/comments?post=1163"}],"version-history":[{"count":0,"href":"https:\/\/winandofficews.com\/switzerland\/wp-json\/wp\/v2\/pages\/1163\/revisions"}],"wp:attachment":[{"href":"https:\/\/winandofficews.com\/switzerland\/wp-json\/wp\/v2\/media?parent=1163"}],"curies":[{"name":"wp","href":"https:\/\/api.w.org\/{rel}","templated":true}]}}