{"id":1159,"date":"2020-12-16T16:14:33","date_gmt":"2020-12-16T16:14:33","guid":{"rendered":"https:\/\/shop.winandoffice.com\/?page_id=1159"},"modified":"2025-04-21T15:36:00","modified_gmt":"2025-04-21T14:36:00","slug":"warranty-policy","status":"publish","type":"page","link":"https:\/\/winandofficews.com\/switzerland\/warranty-policy\/","title":{"rendered":"Garantiebestimmungen"},"content":{"rendered":"<section style=\"font-family: Arial, sans-serif; line-height: 1.6; max-width: 800px; margin: auto;\">\n<h2 style=\"color: #2c3e50;\">30-Tage-Geld-zur\u00fcck-Garantie &amp; Lebenslange Ersatzgarantie<\/h2>\n<p><strong>WS Store<\/strong> bietet eine 30-t\u00e4gige Geld-zur\u00fcck-Garantie f\u00fcr alle gekauften Produkte. Wenn Sie mit Ihrem Kauf nicht zufrieden sind, k\u00f6nnen Sie ihn innerhalb von 30 Tagen gegen vollst\u00e4ndige R\u00fcckerstattung zur\u00fcckgeben.<\/p>\n<p>Nach Ablauf dieser 30 Tage bieten wir eine <strong>lebenslange Ersatzgarantie<\/strong> f\u00fcr alle fehlerhaften Produkte an.<\/p>\n<h3 style=\"color: #34495e;\">Gesetzliche Gew\u00e4hrleistung<\/h3>\n<p>Die gesetzliche Gew\u00e4hrleistungsfrist gem\u00e4\u00df deutschem Recht betr\u00e4gt <strong>1 Jahr<\/strong> ab Kaufdatum f\u00fcr M\u00e4ngel, die auf fehlerhafte Konstruktion, Materialien oder Verarbeitung zur\u00fcckzuf\u00fchren sind.<\/p>\n<hr style=\"border: none; border-top: 1px dashed #bbb; margin: 30px 0;\" \/>\n<h3 style=\"color: #34495e;\">Bedingungen f\u00fcr mangelhafte Waren<\/h3>\n<p>Im Falle mangelhafter Waren wird <strong>WS Store<\/strong> nach eigenem Ermessen entweder die mangelhafte Ware reparieren oder ersetzen \u2013 <strong>kostenlos<\/strong> \u2013 sofern die folgenden Bedingungen erf\u00fcllt sind:<\/p>\n<ol style=\"padding-left: 20px;\">\n<li>Der K\u00e4ufer muss den Verk\u00e4ufer unverz\u00fcglich <strong>schriftlich<\/strong> \u00fcber den Mangel informieren.<\/li>\n<li>Der Mangel muss auf <strong>fehlerhafte Konstruktion, Materialien oder Verarbeitung<\/strong> durch den Hersteller oder Verk\u00e4ufer zur\u00fcckzuf\u00fchren sein.<\/li>\n<li>Die mangelhaften Waren m\u00fcssen auf <strong>Anforderung des Verk\u00e4ufers<\/strong> zur\u00fcckgesendet werden.<\/li>\n<li>Wurden die Waren von einem <strong>Drittanbieter<\/strong> hergestellt und an den Verk\u00e4ufer geliefert, wird jede dem Verk\u00e4ufer gew\u00e4hrte Garantie an den K\u00e4ufer \u00fcbertragen.<\/li>\n<li>Der Verk\u00e4ufer ist berechtigt, <strong>nach eigenem Ermessen<\/strong> den Kaufpreis der mangelhaften Waren zu erstatten, sofern dieser bereits bezahlt wurde.<\/li>\n<\/ol>\n<\/section>\n","protected":false},"excerpt":{"rendered":"<p>30-Tage-Geld-zur\u00fcck-Garantie &amp; Lebenslange Ersatzgarantie bietet eine 30-t\u00e4gige Geld-zur\u00fcck-Garantie f\u00fcr alle gekauften Produkte. Wenn Sie mit Ihrem Kauf nicht zufrieden sind, k\u00f6nnen Sie ihn innerhalb von 30 Tagen gegen vollst\u00e4ndige R\u00fcckerstattung zur\u00fcckgeben. Nach Ablauf dieser 30 Tage bieten wir eine lebenslange Ersatzgarantie f\u00fcr alle fehlerhaften Produkte an. Gesetzliche Gew\u00e4hrleistung Die gesetzliche&hellip; <\/p>\n","protected":false},"author":2988,"featured_media":0,"parent":0,"menu_order":0,"comment_status":"closed","ping_status":"closed","template":"","meta":{"_acf_changed":false,"footnotes":""},"class_list":["post-1159","page","type-page","status-publish","hentry"],"acf":[],"yoast_head":"<!-- This site is optimized with the Yoast SEO plugin v27.5 - https:\/\/yoast.com\/product\/yoast-seo-wordpress\/ -->\n<title>Garantiebestimmungen - switzerland<\/title>\n<meta name=\"robots\" content=\"index, follow, max-snippet:-1, max-image-preview:large, max-video-preview:-1\" \/>\n<link rel=\"canonical\" href=\"https:\/\/winandofficews.com\/switzerland\/warranty-policy\/\" \/>\n<meta property=\"og:locale\" content=\"de_DE\" \/>\n<meta property=\"og:type\" content=\"article\" \/>\n<meta property=\"og:title\" content=\"Garantiebestimmungen - switzerland\" \/>\n<meta property=\"og:description\" content=\"30-Tage-Geld-zur\u00fcck-Garantie &amp; Lebenslange Ersatzgarantie bietet eine 30-t\u00e4gige Geld-zur\u00fcck-Garantie f\u00fcr alle gekauften Produkte. Wenn Sie mit Ihrem Kauf nicht zufrieden sind, k\u00f6nnen Sie ihn innerhalb von 30 Tagen gegen vollst\u00e4ndige R\u00fcckerstattung zur\u00fcckgeben. Nach Ablauf dieser 30 Tage bieten wir eine lebenslange Ersatzgarantie f\u00fcr alle fehlerhaften Produkte an. Gesetzliche Gew\u00e4hrleistung Die gesetzliche&hellip;\" \/>\n<meta property=\"og:url\" content=\"https:\/\/winandofficews.com\/switzerland\/warranty-policy\/\" \/>\n<meta property=\"og:site_name\" content=\"switzerland\" \/>\n<meta property=\"article:publisher\" content=\"https:\/\/www.facebook.com\/winandoffice\" \/>\n<meta property=\"article:modified_time\" content=\"2025-04-21T14:36:00+00:00\" \/>\n<meta name=\"twitter:card\" content=\"summary_large_image\" \/>\n<meta name=\"twitter:label1\" content=\"Gesch\u00e4tzte Lesezeit\" \/>\n\t<meta name=\"twitter:data1\" content=\"1\u00a0Minute\" \/>\n<script type=\"application\/ld+json\" class=\"yoast-schema-graph\">{\"@context\":\"https:\\\/\\\/schema.org\",\"@graph\":[{\"@type\":\"WebPage\",\"@id\":\"https:\\\/\\\/winandofficews.com\\\/switzerland\\\/warranty-policy\\\/\",\"url\":\"https:\\\/\\\/winandofficews.com\\\/switzerland\\\/warranty-policy\\\/\",\"name\":\"Garantiebestimmungen - switzerland\",\"isPartOf\":{\"@id\":\"https:\\\/\\\/winandofficews.com\\\/switzerland\\\/#website\"},\"datePublished\":\"2020-12-16T16:14:33+00:00\",\"dateModified\":\"2025-04-21T14:36:00+00:00\",\"breadcrumb\":{\"@id\":\"https:\\\/\\\/winandofficews.com\\\/switzerland\\\/warranty-policy\\\/#breadcrumb\"},\"inLanguage\":\"de\",\"potentialAction\":[{\"@type\":\"ReadAction\",\"target\":[\"https:\\\/\\\/winandofficews.com\\\/switzerland\\\/warranty-policy\\\/\"]}]},{\"@type\":\"BreadcrumbList\",\"@id\":\"https:\\\/\\\/winandofficews.com\\\/switzerland\\\/warranty-policy\\\/#breadcrumb\",\"itemListElement\":[{\"@type\":\"ListItem\",\"position\":1,\"name\":\"Home\",\"item\":\"https:\\\/\\\/winandofficews.com\\\/switzerland\\\/\"},{\"@type\":\"ListItem\",\"position\":2,\"name\":\"Garantiebestimmungen\"}]},{\"@type\":\"WebSite\",\"@id\":\"https:\\\/\\\/winandofficews.com\\\/switzerland\\\/#website\",\"url\":\"https:\\\/\\\/winandofficews.com\\\/switzerland\\\/\",\"name\":\"switzerland\",\"description\":\"WinOfficeWS Switzerland\",\"publisher\":{\"@id\":\"https:\\\/\\\/winandofficews.com\\\/switzerland\\\/#organization\"},\"potentialAction\":[{\"@type\":\"SearchAction\",\"target\":{\"@type\":\"EntryPoint\",\"urlTemplate\":\"https:\\\/\\\/winandofficews.com\\\/switzerland\\\/?s={search_term_string}\"},\"query-input\":{\"@type\":\"PropertyValueSpecification\",\"valueRequired\":true,\"valueName\":\"search_term_string\"}}],\"inLanguage\":\"de\"},{\"@type\":\"Organization\",\"@id\":\"https:\\\/\\\/winandofficews.com\\\/switzerland\\\/#organization\",\"name\":\"Win and Office\",\"url\":\"https:\\\/\\\/winandofficews.com\\\/switzerland\\\/\",\"logo\":{\"@type\":\"ImageObject\",\"inLanguage\":\"de\",\"@id\":\"https:\\\/\\\/winandofficews.com\\\/switzerland\\\/#\\\/schema\\\/logo\\\/image\\\/\",\"url\":\"https:\\\/\\\/winandofficews.com\\\/switzerland\\\/wp-content\\\/uploads\\\/sites\\\/34\\\/2022\\\/04\\\/logo.png\",\"contentUrl\":\"https:\\\/\\\/winandofficews.com\\\/switzerland\\\/wp-content\\\/uploads\\\/sites\\\/34\\\/2022\\\/04\\\/logo.png\",\"width\":400,\"height\":111,\"caption\":\"Win and Office\"},\"image\":{\"@id\":\"https:\\\/\\\/winandofficews.com\\\/switzerland\\\/#\\\/schema\\\/logo\\\/image\\\/\"},\"sameAs\":[\"https:\\\/\\\/www.facebook.com\\\/winandoffice\"]}]}<\/script>\n<!-- \/ Yoast SEO plugin. -->","yoast_head_json":{"title":"Garantiebestimmungen - switzerland","robots":{"index":"index","follow":"follow","max-snippet":"max-snippet:-1","max-image-preview":"max-image-preview:large","max-video-preview":"max-video-preview:-1"},"canonical":"https:\/\/winandofficews.com\/switzerland\/warranty-policy\/","og_locale":"de_DE","og_type":"article","og_title":"Garantiebestimmungen - switzerland","og_description":"30-Tage-Geld-zur\u00fcck-Garantie &amp; Lebenslange Ersatzgarantie bietet eine 30-t\u00e4gige Geld-zur\u00fcck-Garantie f\u00fcr alle gekauften Produkte. Wenn Sie mit Ihrem Kauf nicht zufrieden sind, k\u00f6nnen Sie ihn innerhalb von 30 Tagen gegen vollst\u00e4ndige R\u00fcckerstattung zur\u00fcckgeben. Nach Ablauf dieser 30 Tage bieten wir eine lebenslange Ersatzgarantie f\u00fcr alle fehlerhaften Produkte an. Gesetzliche Gew\u00e4hrleistung Die gesetzliche&hellip;","og_url":"https:\/\/winandofficews.com\/switzerland\/warranty-policy\/","og_site_name":"switzerland","article_publisher":"https:\/\/www.facebook.com\/winandoffice","article_modified_time":"2025-04-21T14:36:00+00:00","twitter_card":"summary_large_image","twitter_misc":{"Gesch\u00e4tzte Lesezeit":"1\u00a0Minute"},"schema":{"@context":"https:\/\/schema.org","@graph":[{"@type":"WebPage","@id":"https:\/\/winandofficews.com\/switzerland\/warranty-policy\/","url":"https:\/\/winandofficews.com\/switzerland\/warranty-policy\/","name":"Garantiebestimmungen - switzerland","isPartOf":{"@id":"https:\/\/winandofficews.com\/switzerland\/#website"},"datePublished":"2020-12-16T16:14:33+00:00","dateModified":"2025-04-21T14:36:00+00:00","breadcrumb":{"@id":"https:\/\/winandofficews.com\/switzerland\/warranty-policy\/#breadcrumb"},"inLanguage":"de","potentialAction":[{"@type":"ReadAction","target":["https:\/\/winandofficews.com\/switzerland\/warranty-policy\/"]}]},{"@type":"BreadcrumbList","@id":"https:\/\/winandofficews.com\/switzerland\/warranty-policy\/#breadcrumb","itemListElement":[{"@type":"ListItem","position":1,"name":"Home","item":"https:\/\/winandofficews.com\/switzerland\/"},{"@type":"ListItem","position":2,"name":"Garantiebestimmungen"}]},{"@type":"WebSite","@id":"https:\/\/winandofficews.com\/switzerland\/#website","url":"https:\/\/winandofficews.com\/switzerland\/","name":"switzerland","description":"WinOfficeWS Switzerland","publisher":{"@id":"https:\/\/winandofficews.com\/switzerland\/#organization"},"potentialAction":[{"@type":"SearchAction","target":{"@type":"EntryPoint","urlTemplate":"https:\/\/winandofficews.com\/switzerland\/?s={search_term_string}"},"query-input":{"@type":"PropertyValueSpecification","valueRequired":true,"valueName":"search_term_string"}}],"inLanguage":"de"},{"@type":"Organization","@id":"https:\/\/winandofficews.com\/switzerland\/#organization","name":"Win and Office","url":"https:\/\/winandofficews.com\/switzerland\/","logo":{"@type":"ImageObject","inLanguage":"de","@id":"https:\/\/winandofficews.com\/switzerland\/#\/schema\/logo\/image\/","url":"https:\/\/winandofficews.com\/switzerland\/wp-content\/uploads\/sites\/34\/2022\/04\/logo.png","contentUrl":"https:\/\/winandofficews.com\/switzerland\/wp-content\/uploads\/sites\/34\/2022\/04\/logo.png","width":400,"height":111,"caption":"Win and Office"},"image":{"@id":"https:\/\/winandofficews.com\/switzerland\/#\/schema\/logo\/image\/"},"sameAs":["https:\/\/www.facebook.com\/winandoffice"]}]}},"_links":{"self":[{"href":"https:\/\/winandofficews.com\/switzerland\/wp-json\/wp\/v2\/pages\/1159","targetHints":{"allow":["GET"]}}],"collection":[{"href":"https:\/\/winandofficews.com\/switzerland\/wp-json\/wp\/v2\/pages"}],"about":[{"href":"https:\/\/winandofficews.com\/switzerland\/wp-json\/wp\/v2\/types\/page"}],"author":[{"embeddable":true,"href":"https:\/\/winandofficews.com\/switzerland\/wp-json\/wp\/v2\/users\/2988"}],"replies":[{"embeddable":true,"href":"https:\/\/winandofficews.com\/switzerland\/wp-json\/wp\/v2\/comments?post=1159"}],"version-history":[{"count":0,"href":"https:\/\/winandofficews.com\/switzerland\/wp-json\/wp\/v2\/pages\/1159\/revisions"}],"wp:attachment":[{"href":"https:\/\/winandofficews.com\/switzerland\/wp-json\/wp\/v2\/media?parent=1159"}],"curies":[{"name":"wp","href":"https:\/\/api.w.org\/{rel}","templated":true}]}}