{"id":1156,"date":"2020-12-16T16:09:41","date_gmt":"2020-12-16T16:09:41","guid":{"rendered":"https:\/\/shop.winandoffice.com\/?page_id=1156"},"modified":"2025-10-13T01:51:38","modified_gmt":"2025-10-12T23:51:38","slug":"returns-and-refunds","status":"publish","type":"page","link":"https:\/\/winandofficews.com\/switzerland\/returns-and-refunds\/","title":{"rendered":"Widerruf und R\u00fcckgabe"},"content":{"rendered":"<ul style=\"padding-left: 20px;\">\n<li>Keine R\u00fccksendegeb\u00fchren<\/li>\n<li>Keine Versandkosten<\/li>\n<li>30 Tage volle R\u00fcckerstattung<\/li>\n<li>Lebenslange Ersatzgarantie<\/li>\n<\/ul>\n<p><strong>Widerrufsbelehrung<\/strong><\/p>\n<p>Sie haben das Recht, diesen Vertrag ohne Angabe von Gr\u00fcnden innerhalb von 30 Tagen nach Erhalt der Ware zu widerrufen.<\/p>\n<p>Um Ihr Widerrufsrecht auszu\u00fcben, m\u00fcssen Sie uns mittels einer eindeutigen Erkl\u00e4rung (z. B. ein mit der Post versandter Brief, Telefax oder E-Mail) \u00fcber Ihren Entschluss, diesen Vertrag zu widerrufen, informieren. Sie k\u00f6nnen daf\u00fcr das beigef\u00fcgte Muster verwenden.<\/p>\n<div style=\"border: dashed 1px gray; border-radius: 5px; background-color: #f5f5f5; padding: 5px; margin-bottom: 15px;\">\n<p><strong>Inhaber:<\/strong> INES CASTRO ANDIA<\/p>\n<p><strong>Hauptsitz:<\/strong> Samoastra\u00dfe 1, 13353 Berlin, Germany<\/p>\n<p><strong>Tel.:<\/strong> +49 60213274874<\/p>\n<p><strong>E-Mail:<\/strong> <a href='mailto:switzerland@winandofficews.com'>switzerland@winandofficews.com<\/a><\/p>\n<\/div>\n<p><strong>Muster-Widerrufsformular<\/strong><\/p>\n<p>(Wenn Sie den Vertrag widerrufen wollen, dann f\u00fcllen Sie bitte dieses Formular aus und senden Sie es zur\u00fcck.)<\/p>\n<div style=\"border: dashed 1px gray; border-radius: 5px; background-color: #f5f5f5; padding: 5px; margin-bottom: 15px;\">\n<p>Hiermit widerrufe(n) ich\/wir () den von mir\/uns () abgeschlossenen Vertrag \u00fcber den Kauf der folgenden Waren ()\/die Erbringung der folgenden Dienstleistung ():<\/p>\n<ul style=\"padding-left: 20px;\">\n<li>Bestellt am () \/ erhalten am ()<\/li>\n<li>Name des \/ der Verbraucher(s)<\/li>\n<li>Anschrift des \/ der Verbraucher(s)<\/li>\n<li>Unterschrift des \/ der Verbraucher(s) (nur bei Mitteilung auf Papier)<\/li>\n<li>Datum<\/li>\n<\/ul>\n<\/div>\n<p><em>(*) Unzutreffendes streichen.<\/em><\/p>\n<p>Zur Wahrung der Widerrufsfrist reicht es aus, wenn Sie die Mitteilung \u00fcber die Aus\u00fcbung des Widerrufsrechts vor Ablauf der Frist absenden.<\/p>\n<p><strong>Folgen des Widerrufs<\/strong><\/p>\n<p>Wenn Sie diesen Vertrag widerrufen, haben wir Ihnen alle Zahlungen, die wir von Ihnen erhalten haben, einschlie\u00dflich der Lieferkosten (mit Ausnahme der zus\u00e4tzlichen Kosten, die sich daraus ergeben, dass Sie eine andere Art der Lieferung als die von uns angebotene, g\u00fcnstigste Standardlieferung gew\u00e4hlt haben), unverz\u00fcglich zur\u00fcckzuzuzahlen. F\u00fcr diese R\u00fcckzahlung verwenden wir dasselbe Zahlungsmittel, das Sie bei der urspr\u00fcnglichen Transaktion eingesetzt haben, es sei denn, mit Ihnen wurde ausdr\u00fccklich etwas anderes vereinbart; in keinem Fall werden Ihnen wegen dieser R\u00fcckzahlung Entgelte berechnet.<\/p>\n<p><strong>Lebenslange Ersatzgarantie:<\/strong><\/p>\n<p>Sollten Sie die 30-Tage-R\u00fcckerstattungsfrist verpasst haben, bieten wir Ihnen eine lebenslange Ersatzgarantie f\u00fcr das Produkt. Wenn das Produkt w\u00e4hrend der Nutzung defekt ist, erhalten Sie einen kostenlosen Ersatz.<\/p>\n<div style=\"border: dashed 1px gray; border-radius: 5px; background-color: #f5f5f5; padding: 5px; margin-bottom: 15px;\"><strong>Inhaber:<\/strong> INES CASTRO ANDIA<br \/>\n<strong>Hauptsitz:<\/strong> Samoastra\u00dfe 1, 13353 Berlin, Germany<br \/>\n<strong>Tel.:<\/strong> +49 60213274874<br \/>\n<strong>E-Mail:<\/strong> <a href='mailto:switzerland@winandofficews.com'>switzerland@winandofficews.com<\/a><\/div>\n<div class=\"notranslate\" style=\"all: initial;\"><\/div>\n","protected":false},"excerpt":{"rendered":"<p>Keine R\u00fccksendegeb\u00fchren Keine Versandkosten 30 Tage volle R\u00fcckerstattung Lebenslange Ersatzgarantie Widerrufsbelehrung Sie haben das Recht, diesen Vertrag ohne Angabe von Gr\u00fcnden innerhalb von 30 Tagen nach Erhalt der Ware zu widerrufen. Um Ihr Widerrufsrecht auszu\u00fcben, m\u00fcssen Sie uns mittels einer eindeutigen Erkl\u00e4rung (z. B. ein mit der Post versandter Brief,&hellip; <\/p>\n","protected":false},"author":2988,"featured_media":0,"parent":0,"menu_order":0,"comment_status":"closed","ping_status":"closed","template":"","meta":{"_acf_changed":false,"footnotes":""},"class_list":["post-1156","page","type-page","status-publish","hentry"],"acf":[],"yoast_head":"<!-- This site is optimized with the Yoast SEO plugin v27.5 - https:\/\/yoast.com\/product\/yoast-seo-wordpress\/ -->\n<title>Widerruf und R\u00fcckgabe - switzerland<\/title>\n<meta name=\"robots\" content=\"index, follow, max-snippet:-1, max-image-preview:large, max-video-preview:-1\" \/>\n<link rel=\"canonical\" href=\"https:\/\/winandofficews.com\/switzerland\/returns-and-refunds\/\" \/>\n<meta property=\"og:locale\" content=\"de_DE\" \/>\n<meta property=\"og:type\" content=\"article\" \/>\n<meta property=\"og:title\" content=\"Widerruf und R\u00fcckgabe - switzerland\" \/>\n<meta property=\"og:description\" content=\"Keine R\u00fccksendegeb\u00fchren Keine Versandkosten 30 Tage volle R\u00fcckerstattung Lebenslange Ersatzgarantie Widerrufsbelehrung Sie haben das Recht, diesen Vertrag ohne Angabe von Gr\u00fcnden innerhalb von 30 Tagen nach Erhalt der Ware zu widerrufen. Um Ihr Widerrufsrecht auszu\u00fcben, m\u00fcssen Sie uns mittels einer eindeutigen Erkl\u00e4rung (z. B. ein mit der Post versandter Brief,&hellip;\" \/>\n<meta property=\"og:url\" content=\"https:\/\/winandofficews.com\/switzerland\/returns-and-refunds\/\" \/>\n<meta property=\"og:site_name\" content=\"switzerland\" \/>\n<meta property=\"article:publisher\" content=\"https:\/\/www.facebook.com\/winandoffice\" \/>\n<meta property=\"article:modified_time\" content=\"2025-10-12T23:51:38+00:00\" \/>\n<meta name=\"twitter:card\" content=\"summary_large_image\" \/>\n<meta name=\"twitter:label1\" content=\"Gesch\u00e4tzte Lesezeit\" \/>\n\t<meta name=\"twitter:data1\" content=\"2\u00a0Minuten\" \/>\n<script type=\"application\/ld+json\" class=\"yoast-schema-graph\">{\"@context\":\"https:\\\/\\\/schema.org\",\"@graph\":[{\"@type\":\"WebPage\",\"@id\":\"https:\\\/\\\/winandofficews.com\\\/switzerland\\\/returns-and-refunds\\\/\",\"url\":\"https:\\\/\\\/winandofficews.com\\\/switzerland\\\/returns-and-refunds\\\/\",\"name\":\"Widerruf und R\u00fcckgabe - switzerland\",\"isPartOf\":{\"@id\":\"https:\\\/\\\/winandofficews.com\\\/switzerland\\\/#website\"},\"datePublished\":\"2020-12-16T16:09:41+00:00\",\"dateModified\":\"2025-10-12T23:51:38+00:00\",\"breadcrumb\":{\"@id\":\"https:\\\/\\\/winandofficews.com\\\/switzerland\\\/returns-and-refunds\\\/#breadcrumb\"},\"inLanguage\":\"de\",\"potentialAction\":[{\"@type\":\"ReadAction\",\"target\":[\"https:\\\/\\\/winandofficews.com\\\/switzerland\\\/returns-and-refunds\\\/\"]}]},{\"@type\":\"BreadcrumbList\",\"@id\":\"https:\\\/\\\/winandofficews.com\\\/switzerland\\\/returns-and-refunds\\\/#breadcrumb\",\"itemListElement\":[{\"@type\":\"ListItem\",\"position\":1,\"name\":\"Home\",\"item\":\"https:\\\/\\\/winandofficews.com\\\/switzerland\\\/\"},{\"@type\":\"ListItem\",\"position\":2,\"name\":\"Widerruf und R\u00fcckgabe\"}]},{\"@type\":\"WebSite\",\"@id\":\"https:\\\/\\\/winandofficews.com\\\/switzerland\\\/#website\",\"url\":\"https:\\\/\\\/winandofficews.com\\\/switzerland\\\/\",\"name\":\"switzerland\",\"description\":\"WinOfficeWS Switzerland\",\"publisher\":{\"@id\":\"https:\\\/\\\/winandofficews.com\\\/switzerland\\\/#organization\"},\"potentialAction\":[{\"@type\":\"SearchAction\",\"target\":{\"@type\":\"EntryPoint\",\"urlTemplate\":\"https:\\\/\\\/winandofficews.com\\\/switzerland\\\/?s={search_term_string}\"},\"query-input\":{\"@type\":\"PropertyValueSpecification\",\"valueRequired\":true,\"valueName\":\"search_term_string\"}}],\"inLanguage\":\"de\"},{\"@type\":\"Organization\",\"@id\":\"https:\\\/\\\/winandofficews.com\\\/switzerland\\\/#organization\",\"name\":\"Win and Office\",\"url\":\"https:\\\/\\\/winandofficews.com\\\/switzerland\\\/\",\"logo\":{\"@type\":\"ImageObject\",\"inLanguage\":\"de\",\"@id\":\"https:\\\/\\\/winandofficews.com\\\/switzerland\\\/#\\\/schema\\\/logo\\\/image\\\/\",\"url\":\"https:\\\/\\\/winandofficews.com\\\/switzerland\\\/wp-content\\\/uploads\\\/sites\\\/34\\\/2022\\\/04\\\/logo.png\",\"contentUrl\":\"https:\\\/\\\/winandofficews.com\\\/switzerland\\\/wp-content\\\/uploads\\\/sites\\\/34\\\/2022\\\/04\\\/logo.png\",\"width\":400,\"height\":111,\"caption\":\"Win and Office\"},\"image\":{\"@id\":\"https:\\\/\\\/winandofficews.com\\\/switzerland\\\/#\\\/schema\\\/logo\\\/image\\\/\"},\"sameAs\":[\"https:\\\/\\\/www.facebook.com\\\/winandoffice\"]}]}<\/script>\n<!-- \/ Yoast SEO plugin. -->","yoast_head_json":{"title":"Widerruf und R\u00fcckgabe - switzerland","robots":{"index":"index","follow":"follow","max-snippet":"max-snippet:-1","max-image-preview":"max-image-preview:large","max-video-preview":"max-video-preview:-1"},"canonical":"https:\/\/winandofficews.com\/switzerland\/returns-and-refunds\/","og_locale":"de_DE","og_type":"article","og_title":"Widerruf und R\u00fcckgabe - switzerland","og_description":"Keine R\u00fccksendegeb\u00fchren Keine Versandkosten 30 Tage volle R\u00fcckerstattung Lebenslange Ersatzgarantie Widerrufsbelehrung Sie haben das Recht, diesen Vertrag ohne Angabe von Gr\u00fcnden innerhalb von 30 Tagen nach Erhalt der Ware zu widerrufen. Um Ihr Widerrufsrecht auszu\u00fcben, m\u00fcssen Sie uns mittels einer eindeutigen Erkl\u00e4rung (z. B. ein mit der Post versandter Brief,&hellip;","og_url":"https:\/\/winandofficews.com\/switzerland\/returns-and-refunds\/","og_site_name":"switzerland","article_publisher":"https:\/\/www.facebook.com\/winandoffice","article_modified_time":"2025-10-12T23:51:38+00:00","twitter_card":"summary_large_image","twitter_misc":{"Gesch\u00e4tzte Lesezeit":"2\u00a0Minuten"},"schema":{"@context":"https:\/\/schema.org","@graph":[{"@type":"WebPage","@id":"https:\/\/winandofficews.com\/switzerland\/returns-and-refunds\/","url":"https:\/\/winandofficews.com\/switzerland\/returns-and-refunds\/","name":"Widerruf und R\u00fcckgabe - switzerland","isPartOf":{"@id":"https:\/\/winandofficews.com\/switzerland\/#website"},"datePublished":"2020-12-16T16:09:41+00:00","dateModified":"2025-10-12T23:51:38+00:00","breadcrumb":{"@id":"https:\/\/winandofficews.com\/switzerland\/returns-and-refunds\/#breadcrumb"},"inLanguage":"de","potentialAction":[{"@type":"ReadAction","target":["https:\/\/winandofficews.com\/switzerland\/returns-and-refunds\/"]}]},{"@type":"BreadcrumbList","@id":"https:\/\/winandofficews.com\/switzerland\/returns-and-refunds\/#breadcrumb","itemListElement":[{"@type":"ListItem","position":1,"name":"Home","item":"https:\/\/winandofficews.com\/switzerland\/"},{"@type":"ListItem","position":2,"name":"Widerruf und R\u00fcckgabe"}]},{"@type":"WebSite","@id":"https:\/\/winandofficews.com\/switzerland\/#website","url":"https:\/\/winandofficews.com\/switzerland\/","name":"switzerland","description":"WinOfficeWS Switzerland","publisher":{"@id":"https:\/\/winandofficews.com\/switzerland\/#organization"},"potentialAction":[{"@type":"SearchAction","target":{"@type":"EntryPoint","urlTemplate":"https:\/\/winandofficews.com\/switzerland\/?s={search_term_string}"},"query-input":{"@type":"PropertyValueSpecification","valueRequired":true,"valueName":"search_term_string"}}],"inLanguage":"de"},{"@type":"Organization","@id":"https:\/\/winandofficews.com\/switzerland\/#organization","name":"Win and Office","url":"https:\/\/winandofficews.com\/switzerland\/","logo":{"@type":"ImageObject","inLanguage":"de","@id":"https:\/\/winandofficews.com\/switzerland\/#\/schema\/logo\/image\/","url":"https:\/\/winandofficews.com\/switzerland\/wp-content\/uploads\/sites\/34\/2022\/04\/logo.png","contentUrl":"https:\/\/winandofficews.com\/switzerland\/wp-content\/uploads\/sites\/34\/2022\/04\/logo.png","width":400,"height":111,"caption":"Win and Office"},"image":{"@id":"https:\/\/winandofficews.com\/switzerland\/#\/schema\/logo\/image\/"},"sameAs":["https:\/\/www.facebook.com\/winandoffice"]}]}},"_links":{"self":[{"href":"https:\/\/winandofficews.com\/switzerland\/wp-json\/wp\/v2\/pages\/1156","targetHints":{"allow":["GET"]}}],"collection":[{"href":"https:\/\/winandofficews.com\/switzerland\/wp-json\/wp\/v2\/pages"}],"about":[{"href":"https:\/\/winandofficews.com\/switzerland\/wp-json\/wp\/v2\/types\/page"}],"author":[{"embeddable":true,"href":"https:\/\/winandofficews.com\/switzerland\/wp-json\/wp\/v2\/users\/2988"}],"replies":[{"embeddable":true,"href":"https:\/\/winandofficews.com\/switzerland\/wp-json\/wp\/v2\/comments?post=1156"}],"version-history":[{"count":0,"href":"https:\/\/winandofficews.com\/switzerland\/wp-json\/wp\/v2\/pages\/1156\/revisions"}],"wp:attachment":[{"href":"https:\/\/winandofficews.com\/switzerland\/wp-json\/wp\/v2\/media?parent=1156"}],"curies":[{"name":"wp","href":"https:\/\/api.w.org\/{rel}","templated":true}]}}