{"id":1150,"date":"2020-12-16T15:58:31","date_gmt":"2020-12-16T15:58:31","guid":{"rendered":"https:\/\/shop.winandoffice.com\/?page_id=1150"},"modified":"2025-09-06T20:28:16","modified_gmt":"2025-09-06T19:28:16","slug":"payment-and-delivery","status":"publish","type":"page","link":"https:\/\/winandofficews.com\/switzerland\/payment-and-delivery\/","title":{"rendered":"Zahlung und Versand"},"content":{"rendered":"<h4><\/h4>\n<h4><strong>Versand<\/strong><\/h4>\n<p>Unsere Produkte werden digital verschickt. Sobald wir den Eingang Ihrer Zahlung best\u00e4tigt haben, erhalten Sie eine E-Mail mit allen n\u00f6tigen Informationen zu Download, Installation und Aktivierung.<\/p>\n<p>Um den Versand der Produkte zu gew\u00e4hrleisten, m\u00fcssen Sie sicherstellen, dass Sie Ihre E-Mail-Adresse bei der Bestellung korrekt angeben!<\/p>\n<p>F\u00fcr den Versand per E-Mail fallen keine Versandkosten an.<\/p>\n<h4><strong>Zahlungsm\u00f6glichkeiten und -bedingungen<\/strong><\/h4>\n<h4><strong>Debit-Kreditkarte<\/strong><\/h4>\n<p>Bezahlen Sie schnell und bequem mit Ihrer Debit- oder Kreditkarte. Ihre Zahlung wird innerhalb weniger Minuten best\u00e4tigt und Ihre Bestellung umgehend bearbeitet.<\/p>\n<h4><strong>Google Pay<\/strong><\/h4>\n<p>Nutzen Sie Google Pay f\u00fcr eine schnelle und sichere Zahlung. Ihre Bestellung wird in der Regel innerhalb weniger Minuten nach Best\u00e4tigung des Zahlungseingangs verschickt.<\/p>\n<h4><strong>Klarna Sp\u00e4ter bezahlen<\/strong><\/h4>\n<p>W\u00e4hlen Sie Klarna Sp\u00e4ter bezahlen, um Ihre Bestellung sofort zu erhalten und erst sp\u00e4ter zu zahlen. Der Versand erfolgt nach Best\u00e4tigung Ihrer Bestellung, und Sie haben sp\u00e4ter Zeit, die Zahlung abzuschlie\u00dfen.<\/p>\n<h4><strong>Klarna Jetzt bezahlen<\/strong><\/h4>\n<p>Mit Klarna Jetzt bezahlen k\u00f6nnen Sie Ihre Bestellung sofort begleichen. Die Zahlung wird sofort in unserem System best\u00e4tigt, und Ihre Bestellung wird umgehend verschickt.<\/p>\n<h4><strong>Apple Pay<\/strong><\/h4>\n<p>Bezahlen Sie schnell und sicher mit Apple Pay. Ihre Zahlung wird innerhalb weniger Minuten best\u00e4tigt und Ihre Bestellung wird umgehend bearbeitet.<\/p>\n","protected":false},"excerpt":{"rendered":"<p>Versand Unsere Produkte werden digital verschickt. Sobald wir den Eingang Ihrer Zahlung best\u00e4tigt haben, erhalten Sie eine E-Mail mit allen n\u00f6tigen Informationen zu Download, Installation und Aktivierung. Um den Versand der Produkte zu gew\u00e4hrleisten, m\u00fcssen Sie sicherstellen, dass Sie Ihre E-Mail-Adresse bei der Bestellung korrekt angeben! F\u00fcr den Versand per&hellip; <\/p>\n","protected":false},"author":2988,"featured_media":0,"parent":0,"menu_order":0,"comment_status":"closed","ping_status":"closed","template":"","meta":{"_acf_changed":false,"footnotes":""},"class_list":["post-1150","page","type-page","status-publish","hentry"],"acf":[],"yoast_head":"<!-- This site is optimized with the Yoast SEO plugin v27.5 - https:\/\/yoast.com\/product\/yoast-seo-wordpress\/ -->\n<title>Zahlung und Versand - switzerland<\/title>\n<meta name=\"robots\" content=\"index, follow, max-snippet:-1, max-image-preview:large, max-video-preview:-1\" \/>\n<link rel=\"canonical\" href=\"https:\/\/winandofficews.com\/switzerland\/payment-and-delivery\/\" \/>\n<meta property=\"og:locale\" content=\"de_DE\" \/>\n<meta property=\"og:type\" content=\"article\" \/>\n<meta property=\"og:title\" content=\"Zahlung und Versand - switzerland\" \/>\n<meta property=\"og:description\" content=\"Versand Unsere Produkte werden digital verschickt. Sobald wir den Eingang Ihrer Zahlung best\u00e4tigt haben, erhalten Sie eine E-Mail mit allen n\u00f6tigen Informationen zu Download, Installation und Aktivierung. Um den Versand der Produkte zu gew\u00e4hrleisten, m\u00fcssen Sie sicherstellen, dass Sie Ihre E-Mail-Adresse bei der Bestellung korrekt angeben! F\u00fcr den Versand per&hellip;\" \/>\n<meta property=\"og:url\" content=\"https:\/\/winandofficews.com\/switzerland\/payment-and-delivery\/\" \/>\n<meta property=\"og:site_name\" content=\"switzerland\" \/>\n<meta property=\"article:publisher\" content=\"https:\/\/www.facebook.com\/winandoffice\" \/>\n<meta property=\"article:modified_time\" content=\"2025-09-06T19:28:16+00:00\" \/>\n<meta name=\"twitter:card\" content=\"summary_large_image\" \/>\n<meta name=\"twitter:label1\" content=\"Gesch\u00e4tzte Lesezeit\" \/>\n\t<meta name=\"twitter:data1\" content=\"2\u00a0Minuten\" \/>\n<script type=\"application\/ld+json\" class=\"yoast-schema-graph\">{\"@context\":\"https:\\\/\\\/schema.org\",\"@graph\":[{\"@type\":\"WebPage\",\"@id\":\"https:\\\/\\\/winandofficews.com\\\/switzerland\\\/payment-and-delivery\\\/\",\"url\":\"https:\\\/\\\/winandofficews.com\\\/switzerland\\\/payment-and-delivery\\\/\",\"name\":\"Zahlung und Versand - switzerland\",\"isPartOf\":{\"@id\":\"https:\\\/\\\/winandofficews.com\\\/switzerland\\\/#website\"},\"datePublished\":\"2020-12-16T15:58:31+00:00\",\"dateModified\":\"2025-09-06T19:28:16+00:00\",\"breadcrumb\":{\"@id\":\"https:\\\/\\\/winandofficews.com\\\/switzerland\\\/payment-and-delivery\\\/#breadcrumb\"},\"inLanguage\":\"de\",\"potentialAction\":[{\"@type\":\"ReadAction\",\"target\":[\"https:\\\/\\\/winandofficews.com\\\/switzerland\\\/payment-and-delivery\\\/\"]}]},{\"@type\":\"BreadcrumbList\",\"@id\":\"https:\\\/\\\/winandofficews.com\\\/switzerland\\\/payment-and-delivery\\\/#breadcrumb\",\"itemListElement\":[{\"@type\":\"ListItem\",\"position\":1,\"name\":\"Home\",\"item\":\"https:\\\/\\\/winandofficews.com\\\/switzerland\\\/\"},{\"@type\":\"ListItem\",\"position\":2,\"name\":\"Zahlung und Versand\"}]},{\"@type\":\"WebSite\",\"@id\":\"https:\\\/\\\/winandofficews.com\\\/switzerland\\\/#website\",\"url\":\"https:\\\/\\\/winandofficews.com\\\/switzerland\\\/\",\"name\":\"switzerland\",\"description\":\"WinOfficeWS Switzerland\",\"publisher\":{\"@id\":\"https:\\\/\\\/winandofficews.com\\\/switzerland\\\/#organization\"},\"potentialAction\":[{\"@type\":\"SearchAction\",\"target\":{\"@type\":\"EntryPoint\",\"urlTemplate\":\"https:\\\/\\\/winandofficews.com\\\/switzerland\\\/?s={search_term_string}\"},\"query-input\":{\"@type\":\"PropertyValueSpecification\",\"valueRequired\":true,\"valueName\":\"search_term_string\"}}],\"inLanguage\":\"de\"},{\"@type\":\"Organization\",\"@id\":\"https:\\\/\\\/winandofficews.com\\\/switzerland\\\/#organization\",\"name\":\"Win and Office\",\"url\":\"https:\\\/\\\/winandofficews.com\\\/switzerland\\\/\",\"logo\":{\"@type\":\"ImageObject\",\"inLanguage\":\"de\",\"@id\":\"https:\\\/\\\/winandofficews.com\\\/switzerland\\\/#\\\/schema\\\/logo\\\/image\\\/\",\"url\":\"https:\\\/\\\/winandofficews.com\\\/switzerland\\\/wp-content\\\/uploads\\\/sites\\\/34\\\/2022\\\/04\\\/logo.png\",\"contentUrl\":\"https:\\\/\\\/winandofficews.com\\\/switzerland\\\/wp-content\\\/uploads\\\/sites\\\/34\\\/2022\\\/04\\\/logo.png\",\"width\":400,\"height\":111,\"caption\":\"Win and Office\"},\"image\":{\"@id\":\"https:\\\/\\\/winandofficews.com\\\/switzerland\\\/#\\\/schema\\\/logo\\\/image\\\/\"},\"sameAs\":[\"https:\\\/\\\/www.facebook.com\\\/winandoffice\"]}]}<\/script>\n<!-- \/ Yoast SEO plugin. -->","yoast_head_json":{"title":"Zahlung und Versand - switzerland","robots":{"index":"index","follow":"follow","max-snippet":"max-snippet:-1","max-image-preview":"max-image-preview:large","max-video-preview":"max-video-preview:-1"},"canonical":"https:\/\/winandofficews.com\/switzerland\/payment-and-delivery\/","og_locale":"de_DE","og_type":"article","og_title":"Zahlung und Versand - switzerland","og_description":"Versand Unsere Produkte werden digital verschickt. Sobald wir den Eingang Ihrer Zahlung best\u00e4tigt haben, erhalten Sie eine E-Mail mit allen n\u00f6tigen Informationen zu Download, Installation und Aktivierung. Um den Versand der Produkte zu gew\u00e4hrleisten, m\u00fcssen Sie sicherstellen, dass Sie Ihre E-Mail-Adresse bei der Bestellung korrekt angeben! F\u00fcr den Versand per&hellip;","og_url":"https:\/\/winandofficews.com\/switzerland\/payment-and-delivery\/","og_site_name":"switzerland","article_publisher":"https:\/\/www.facebook.com\/winandoffice","article_modified_time":"2025-09-06T19:28:16+00:00","twitter_card":"summary_large_image","twitter_misc":{"Gesch\u00e4tzte Lesezeit":"2\u00a0Minuten"},"schema":{"@context":"https:\/\/schema.org","@graph":[{"@type":"WebPage","@id":"https:\/\/winandofficews.com\/switzerland\/payment-and-delivery\/","url":"https:\/\/winandofficews.com\/switzerland\/payment-and-delivery\/","name":"Zahlung und Versand - switzerland","isPartOf":{"@id":"https:\/\/winandofficews.com\/switzerland\/#website"},"datePublished":"2020-12-16T15:58:31+00:00","dateModified":"2025-09-06T19:28:16+00:00","breadcrumb":{"@id":"https:\/\/winandofficews.com\/switzerland\/payment-and-delivery\/#breadcrumb"},"inLanguage":"de","potentialAction":[{"@type":"ReadAction","target":["https:\/\/winandofficews.com\/switzerland\/payment-and-delivery\/"]}]},{"@type":"BreadcrumbList","@id":"https:\/\/winandofficews.com\/switzerland\/payment-and-delivery\/#breadcrumb","itemListElement":[{"@type":"ListItem","position":1,"name":"Home","item":"https:\/\/winandofficews.com\/switzerland\/"},{"@type":"ListItem","position":2,"name":"Zahlung und Versand"}]},{"@type":"WebSite","@id":"https:\/\/winandofficews.com\/switzerland\/#website","url":"https:\/\/winandofficews.com\/switzerland\/","name":"switzerland","description":"WinOfficeWS Switzerland","publisher":{"@id":"https:\/\/winandofficews.com\/switzerland\/#organization"},"potentialAction":[{"@type":"SearchAction","target":{"@type":"EntryPoint","urlTemplate":"https:\/\/winandofficews.com\/switzerland\/?s={search_term_string}"},"query-input":{"@type":"PropertyValueSpecification","valueRequired":true,"valueName":"search_term_string"}}],"inLanguage":"de"},{"@type":"Organization","@id":"https:\/\/winandofficews.com\/switzerland\/#organization","name":"Win and Office","url":"https:\/\/winandofficews.com\/switzerland\/","logo":{"@type":"ImageObject","inLanguage":"de","@id":"https:\/\/winandofficews.com\/switzerland\/#\/schema\/logo\/image\/","url":"https:\/\/winandofficews.com\/switzerland\/wp-content\/uploads\/sites\/34\/2022\/04\/logo.png","contentUrl":"https:\/\/winandofficews.com\/switzerland\/wp-content\/uploads\/sites\/34\/2022\/04\/logo.png","width":400,"height":111,"caption":"Win and Office"},"image":{"@id":"https:\/\/winandofficews.com\/switzerland\/#\/schema\/logo\/image\/"},"sameAs":["https:\/\/www.facebook.com\/winandoffice"]}]}},"_links":{"self":[{"href":"https:\/\/winandofficews.com\/switzerland\/wp-json\/wp\/v2\/pages\/1150","targetHints":{"allow":["GET"]}}],"collection":[{"href":"https:\/\/winandofficews.com\/switzerland\/wp-json\/wp\/v2\/pages"}],"about":[{"href":"https:\/\/winandofficews.com\/switzerland\/wp-json\/wp\/v2\/types\/page"}],"author":[{"embeddable":true,"href":"https:\/\/winandofficews.com\/switzerland\/wp-json\/wp\/v2\/users\/2988"}],"replies":[{"embeddable":true,"href":"https:\/\/winandofficews.com\/switzerland\/wp-json\/wp\/v2\/comments?post=1150"}],"version-history":[{"count":0,"href":"https:\/\/winandofficews.com\/switzerland\/wp-json\/wp\/v2\/pages\/1150\/revisions"}],"wp:attachment":[{"href":"https:\/\/winandofficews.com\/switzerland\/wp-json\/wp\/v2\/media?parent=1150"}],"curies":[{"name":"wp","href":"https:\/\/api.w.org\/{rel}","templated":true}]}}