{"id":11056,"date":"2021-03-03T15:10:06","date_gmt":"2021-03-03T14:10:06","guid":{"rendered":"https:\/\/shop.winandoffice.com\/?page_id=11056"},"modified":"2025-09-06T20:50:09","modified_gmt":"2025-09-06T19:50:09","slug":"legal-basis","status":"publish","type":"page","link":"https:\/\/winandofficews.com\/switzerland\/legal-basis\/","title":{"rendered":"Rechtliche Grundlagen"},"content":{"rendered":"<article id=\"page-11056\" class=\"post-11056 page type-page status-publish hentry\">\n<div class=\"entry-content\">\n<p>&nbsp;<\/p>\n<h4><strong>Vertriebsrecht<\/strong><\/h4>\n<p>Softwarehersteller wie Microsoft oder Corel erlauben zertifizierten Vertriebspartnern (Resellern), Produkte an Verbraucher zu vertreiben. Damit werden sogenannte Reseller-Rechte vergeben. Nur autorisierte Partner haben das Recht, Softwarelizenzen zu ver\u00e4ussern und sind zwingend Mitglieder des jeweiligen Partnerprogramms des Herstellers. Die Reseller erhalten das nicht exklusive Recht, innerhalb der EU\/EFTA Software mit Lizenz aktiv zu vermarkten und zu vertreiben. Abweichend hiervon k\u00f6nnen Vertriebspartner auch in anderen Regionen t\u00e4tig sein; dies bedarf einer schriftlichen Vereinbarung.<\/p>\n<p>Der H\u00e4ndler ist verpflichtet, die Softwareprodukte unter den jeweiligen Produktnamen des Herstellers anzubieten. Einschl\u00e4gige Schutzrechts- und Copyrightvermerke sind zu beachten bzw. vorzunehmen. Alle Markennamen und eingetragenen Warenzeichen sind Eigentum der jeweiligen Hersteller. Technische Hinweise m\u00fcssen stets den Angaben des Herstellers entsprechen. Abbildungen, Icons und Logos dienen der Artikelkennzeichnung. Bis zur vollst\u00e4ndigen Bezahlung bleiben die verkauften Waren Eigentum des H\u00e4ndlers.<\/p>\n<h4><strong>Lizenzrecht<\/strong><\/h4>\n<p>Gem\u00e4ss der aktuellen Rechtsprechung des Bundesgerichtshofes (BGH, Urteil vom 17. Juli 2013 \u2013 I ZR 129\/08) sind Fachh\u00e4ndler verpflichtet, die Legalit\u00e4t und Rechtm\u00e4ssigkeit der angebotenen Software zu dokumentieren. Softwarelizenzen d\u00fcrfen nur mit Zustimmung des Rechteinhabers in den Verkehr gebracht werden. Die Lizenz wird als Gegenleistung f\u00fcr eine Zahlung erteilt, welche es erlaubt, eine dem wirtschaftlichen Wert der Software entsprechende Verg\u00fctung zu erzielen. Der Rechteinhaber verpflichtet den H\u00e4ndler, die Software dauerhaft zu ver\u00e4ussern, ohne die Nutzung zeitlich zu begrenzen. Der Verbraucher wird dar\u00fcber informiert, dass die Software den Lizenzbedingungen und Produktnutzungsrechten des Softwareherstellers unterliegt.<\/p>\n<p>Der Erwerber hat ein einfaches, uneingeschr\u00e4nktes Nutzungsrecht an der Software. Er darf diese weder kopieren noch anderen zur Nutzung \u00fcberlassen. Ein mehrfaches Nutzungsrecht bedarf einer gesonderten Vereinbarung.<\/p>\n<\/div>\n<\/article>\n","protected":false},"excerpt":{"rendered":"<p>&nbsp; Vertriebsrecht Softwarehersteller wie Microsoft oder Corel erlauben zertifizierten Vertriebspartnern (Resellern), Produkte an Verbraucher zu vertreiben. Damit werden sogenannte Reseller-Rechte vergeben. Nur autorisierte Partner haben das Recht, Softwarelizenzen zu ver\u00e4ussern und sind zwingend Mitglieder des jeweiligen Partnerprogramms des Herstellers. Die Reseller erhalten das nicht exklusive Recht, innerhalb der EU\/EFTA Software&hellip; <\/p>\n","protected":false},"author":2988,"featured_media":0,"parent":0,"menu_order":0,"comment_status":"closed","ping_status":"closed","template":"","meta":{"_acf_changed":false,"footnotes":""},"class_list":["post-11056","page","type-page","status-publish","hentry"],"acf":[],"yoast_head":"<!-- This site is optimized with the Yoast SEO plugin v27.5 - https:\/\/yoast.com\/product\/yoast-seo-wordpress\/ -->\n<title>Rechtliche Grundlagen - switzerland<\/title>\n<meta name=\"robots\" content=\"index, follow, max-snippet:-1, max-image-preview:large, max-video-preview:-1\" \/>\n<link rel=\"canonical\" href=\"https:\/\/winandofficews.com\/switzerland\/legal-basis\/\" \/>\n<meta property=\"og:locale\" content=\"de_DE\" \/>\n<meta property=\"og:type\" content=\"article\" \/>\n<meta property=\"og:title\" content=\"Rechtliche Grundlagen - switzerland\" \/>\n<meta property=\"og:description\" content=\"&nbsp; Vertriebsrecht Softwarehersteller wie Microsoft oder Corel erlauben zertifizierten Vertriebspartnern (Resellern), Produkte an Verbraucher zu vertreiben. Damit werden sogenannte Reseller-Rechte vergeben. Nur autorisierte Partner haben das Recht, Softwarelizenzen zu ver\u00e4ussern und sind zwingend Mitglieder des jeweiligen Partnerprogramms des Herstellers. Die Reseller erhalten das nicht exklusive Recht, innerhalb der EU\/EFTA Software&hellip;\" \/>\n<meta property=\"og:url\" content=\"https:\/\/winandofficews.com\/switzerland\/legal-basis\/\" \/>\n<meta property=\"og:site_name\" content=\"switzerland\" \/>\n<meta property=\"article:publisher\" content=\"https:\/\/www.facebook.com\/winandoffice\" \/>\n<meta property=\"article:modified_time\" content=\"2025-09-06T19:50:09+00:00\" \/>\n<meta name=\"twitter:card\" content=\"summary_large_image\" \/>\n<meta name=\"twitter:label1\" content=\"Gesch\u00e4tzte Lesezeit\" \/>\n\t<meta name=\"twitter:data1\" content=\"2\u00a0Minuten\" \/>\n<script type=\"application\/ld+json\" class=\"yoast-schema-graph\">{\"@context\":\"https:\\\/\\\/schema.org\",\"@graph\":[{\"@type\":\"WebPage\",\"@id\":\"https:\\\/\\\/winandofficews.com\\\/switzerland\\\/legal-basis\\\/\",\"url\":\"https:\\\/\\\/winandofficews.com\\\/switzerland\\\/legal-basis\\\/\",\"name\":\"Rechtliche Grundlagen - switzerland\",\"isPartOf\":{\"@id\":\"https:\\\/\\\/winandofficews.com\\\/switzerland\\\/#website\"},\"datePublished\":\"2021-03-03T14:10:06+00:00\",\"dateModified\":\"2025-09-06T19:50:09+00:00\",\"breadcrumb\":{\"@id\":\"https:\\\/\\\/winandofficews.com\\\/switzerland\\\/legal-basis\\\/#breadcrumb\"},\"inLanguage\":\"de\",\"potentialAction\":[{\"@type\":\"ReadAction\",\"target\":[\"https:\\\/\\\/winandofficews.com\\\/switzerland\\\/legal-basis\\\/\"]}]},{\"@type\":\"BreadcrumbList\",\"@id\":\"https:\\\/\\\/winandofficews.com\\\/switzerland\\\/legal-basis\\\/#breadcrumb\",\"itemListElement\":[{\"@type\":\"ListItem\",\"position\":1,\"name\":\"Home\",\"item\":\"https:\\\/\\\/winandofficews.com\\\/switzerland\\\/\"},{\"@type\":\"ListItem\",\"position\":2,\"name\":\"Rechtliche Grundlagen\"}]},{\"@type\":\"WebSite\",\"@id\":\"https:\\\/\\\/winandofficews.com\\\/switzerland\\\/#website\",\"url\":\"https:\\\/\\\/winandofficews.com\\\/switzerland\\\/\",\"name\":\"switzerland\",\"description\":\"WinOfficeWS Switzerland\",\"publisher\":{\"@id\":\"https:\\\/\\\/winandofficews.com\\\/switzerland\\\/#organization\"},\"potentialAction\":[{\"@type\":\"SearchAction\",\"target\":{\"@type\":\"EntryPoint\",\"urlTemplate\":\"https:\\\/\\\/winandofficews.com\\\/switzerland\\\/?s={search_term_string}\"},\"query-input\":{\"@type\":\"PropertyValueSpecification\",\"valueRequired\":true,\"valueName\":\"search_term_string\"}}],\"inLanguage\":\"de\"},{\"@type\":\"Organization\",\"@id\":\"https:\\\/\\\/winandofficews.com\\\/switzerland\\\/#organization\",\"name\":\"Win and Office\",\"url\":\"https:\\\/\\\/winandofficews.com\\\/switzerland\\\/\",\"logo\":{\"@type\":\"ImageObject\",\"inLanguage\":\"de\",\"@id\":\"https:\\\/\\\/winandofficews.com\\\/switzerland\\\/#\\\/schema\\\/logo\\\/image\\\/\",\"url\":\"https:\\\/\\\/winandofficews.com\\\/switzerland\\\/wp-content\\\/uploads\\\/sites\\\/34\\\/2022\\\/04\\\/logo.png\",\"contentUrl\":\"https:\\\/\\\/winandofficews.com\\\/switzerland\\\/wp-content\\\/uploads\\\/sites\\\/34\\\/2022\\\/04\\\/logo.png\",\"width\":400,\"height\":111,\"caption\":\"Win and Office\"},\"image\":{\"@id\":\"https:\\\/\\\/winandofficews.com\\\/switzerland\\\/#\\\/schema\\\/logo\\\/image\\\/\"},\"sameAs\":[\"https:\\\/\\\/www.facebook.com\\\/winandoffice\"]}]}<\/script>\n<!-- \/ Yoast SEO plugin. -->","yoast_head_json":{"title":"Rechtliche Grundlagen - switzerland","robots":{"index":"index","follow":"follow","max-snippet":"max-snippet:-1","max-image-preview":"max-image-preview:large","max-video-preview":"max-video-preview:-1"},"canonical":"https:\/\/winandofficews.com\/switzerland\/legal-basis\/","og_locale":"de_DE","og_type":"article","og_title":"Rechtliche Grundlagen - switzerland","og_description":"&nbsp; Vertriebsrecht Softwarehersteller wie Microsoft oder Corel erlauben zertifizierten Vertriebspartnern (Resellern), Produkte an Verbraucher zu vertreiben. Damit werden sogenannte Reseller-Rechte vergeben. Nur autorisierte Partner haben das Recht, Softwarelizenzen zu ver\u00e4ussern und sind zwingend Mitglieder des jeweiligen Partnerprogramms des Herstellers. Die Reseller erhalten das nicht exklusive Recht, innerhalb der EU\/EFTA Software&hellip;","og_url":"https:\/\/winandofficews.com\/switzerland\/legal-basis\/","og_site_name":"switzerland","article_publisher":"https:\/\/www.facebook.com\/winandoffice","article_modified_time":"2025-09-06T19:50:09+00:00","twitter_card":"summary_large_image","twitter_misc":{"Gesch\u00e4tzte Lesezeit":"2\u00a0Minuten"},"schema":{"@context":"https:\/\/schema.org","@graph":[{"@type":"WebPage","@id":"https:\/\/winandofficews.com\/switzerland\/legal-basis\/","url":"https:\/\/winandofficews.com\/switzerland\/legal-basis\/","name":"Rechtliche Grundlagen - switzerland","isPartOf":{"@id":"https:\/\/winandofficews.com\/switzerland\/#website"},"datePublished":"2021-03-03T14:10:06+00:00","dateModified":"2025-09-06T19:50:09+00:00","breadcrumb":{"@id":"https:\/\/winandofficews.com\/switzerland\/legal-basis\/#breadcrumb"},"inLanguage":"de","potentialAction":[{"@type":"ReadAction","target":["https:\/\/winandofficews.com\/switzerland\/legal-basis\/"]}]},{"@type":"BreadcrumbList","@id":"https:\/\/winandofficews.com\/switzerland\/legal-basis\/#breadcrumb","itemListElement":[{"@type":"ListItem","position":1,"name":"Home","item":"https:\/\/winandofficews.com\/switzerland\/"},{"@type":"ListItem","position":2,"name":"Rechtliche Grundlagen"}]},{"@type":"WebSite","@id":"https:\/\/winandofficews.com\/switzerland\/#website","url":"https:\/\/winandofficews.com\/switzerland\/","name":"switzerland","description":"WinOfficeWS Switzerland","publisher":{"@id":"https:\/\/winandofficews.com\/switzerland\/#organization"},"potentialAction":[{"@type":"SearchAction","target":{"@type":"EntryPoint","urlTemplate":"https:\/\/winandofficews.com\/switzerland\/?s={search_term_string}"},"query-input":{"@type":"PropertyValueSpecification","valueRequired":true,"valueName":"search_term_string"}}],"inLanguage":"de"},{"@type":"Organization","@id":"https:\/\/winandofficews.com\/switzerland\/#organization","name":"Win and Office","url":"https:\/\/winandofficews.com\/switzerland\/","logo":{"@type":"ImageObject","inLanguage":"de","@id":"https:\/\/winandofficews.com\/switzerland\/#\/schema\/logo\/image\/","url":"https:\/\/winandofficews.com\/switzerland\/wp-content\/uploads\/sites\/34\/2022\/04\/logo.png","contentUrl":"https:\/\/winandofficews.com\/switzerland\/wp-content\/uploads\/sites\/34\/2022\/04\/logo.png","width":400,"height":111,"caption":"Win and Office"},"image":{"@id":"https:\/\/winandofficews.com\/switzerland\/#\/schema\/logo\/image\/"},"sameAs":["https:\/\/www.facebook.com\/winandoffice"]}]}},"_links":{"self":[{"href":"https:\/\/winandofficews.com\/switzerland\/wp-json\/wp\/v2\/pages\/11056","targetHints":{"allow":["GET"]}}],"collection":[{"href":"https:\/\/winandofficews.com\/switzerland\/wp-json\/wp\/v2\/pages"}],"about":[{"href":"https:\/\/winandofficews.com\/switzerland\/wp-json\/wp\/v2\/types\/page"}],"author":[{"embeddable":true,"href":"https:\/\/winandofficews.com\/switzerland\/wp-json\/wp\/v2\/users\/2988"}],"replies":[{"embeddable":true,"href":"https:\/\/winandofficews.com\/switzerland\/wp-json\/wp\/v2\/comments?post=11056"}],"version-history":[{"count":0,"href":"https:\/\/winandofficews.com\/switzerland\/wp-json\/wp\/v2\/pages\/11056\/revisions"}],"wp:attachment":[{"href":"https:\/\/winandofficews.com\/switzerland\/wp-json\/wp\/v2\/media?parent=11056"}],"curies":[{"name":"wp","href":"https:\/\/api.w.org\/{rel}","templated":true}]}}