{"id":87418,"date":"2025-06-19T13:32:47","date_gmt":"2025-06-19T11:32:47","guid":{"rendered":"https:\/\/winandofficews.com\/spain\/?post_type=product&#038;p=87418"},"modified":"2026-04-15T01:13:56","modified_gmt":"2026-04-14T23:13:56","slug":"microsoft-windows-11-professional-microsoft-project-2024-professional-licencia-para-3-dispositivos","status":"publish","type":"product","link":"https:\/\/winandofficews.com\/spain\/product\/microsoft-windows-11-professional-microsoft-project-2024-professional-licencia-para-3-dispositivos\/","title":{"rendered":"Microsoft Windows 11 Professional + Microsoft Project 2024 Professional licencia para 3 dispositivos"},"content":{"rendered":"<h3>Requisitos del Sistema<\/h3>\n<p>\u00a1Aseg\u00farate de estar listo para el sistema operativo m\u00e1s nuevo y avanzado de Microsoft!Estos son los requisitos m\u00ednimos para instalar Microsoft Windows 11 en una PC. Si tu dispositivo no cumple con estos requisitos, es posible que no puedas instalar Microsoft Windows 11. Si no est\u00e1s seguro de si tu PC cumple con estos requisitos, puedes usar la aplicaci\u00f3n PC Health Check para evaluar la compatibilidad (requiere Microsoft Windows 10, haz clic aqu\u00ed para descargar).<\/p>\n<ul>\n<li><strong>Procesador<\/strong>: 1 gigahercio (GHz) o m\u00e1s r\u00e1pido con 2 o m\u00e1s n\u00facleos en un procesador compatible de 64 bits o Sistema en un Chip (SoC).<\/li>\n<li><strong>RAM<\/strong>: 4 gigabytes (GB).<\/li>\n<li><strong>Almacenamiento<\/strong>: Dispositivo de almacenamiento de 64 GB o m\u00e1s grande.Nota: Consulta m\u00e1s abajo en \u201cM\u00e1s informaci\u00f3n sobre el espacio de almacenamiento para mantener Microsoft Windows 11 actualizado\u201d para m\u00e1s detalles.<\/li>\n<li><strong>Firmware del sistema<\/strong>: UEFI, capaz de Secure Boot.<\/li>\n<li><strong>TPM<\/strong>: M\u00f3dulo de Plataforma de Confianza (TPM) versi\u00f3n 2.0.<\/li>\n<li><strong>Tarjeta gr\u00e1fica<\/strong>: Compatible con DirectX 12 o posterior con controlador WDDM 2.0.<\/li>\n<li><strong>Pantalla<\/strong>: Pantalla de alta definici\u00f3n (720p) que sea mayor de 9\u201d en diagonal, 8 bits por canal de color.<\/li>\n<li><strong>Conexi\u00f3n a Internet y cuentas de Microsoft<\/strong>: La edici\u00f3n Home de Microsoft Windows 11 requiere conectividad a Internet y una cuenta de Microsoft para completar la configuraci\u00f3n del dispositivo en el primer uso.Cambiar un dispositivo de Microsoft Windows 11 Home en modo S tambi\u00e9n requiere conectividad a Internet.Para todas las ediciones de Microsoft Windows 11, se requiere acceso a Internet para realizar actualizaciones y para descargar y aprovechar algunas caracter\u00edsticas. Se requiere una cuenta de Microsoft para algunas funciones.Puede haber requisitos adicionales con el tiempo para actualizaciones, as\u00ed como requisitos para activar caracter\u00edsticas espec\u00edficas dentro del sistema operativo.<\/li>\n<\/ul>\n<p>Algunas caracter\u00edsticas en Microsoft Windows 11 tienen requisitos aumentados m\u00e1s all\u00e1 de los listados anteriormente en la secci\u00f3n de requisitos m\u00ednimos. A continuaci\u00f3n, se presentan algunos detalles adicionales sobre los requisitos para caracter\u00edsticas clave:<\/p>\n<ul>\n<li><strong>Soporte 5G<\/strong> requiere un m\u00f3dem compatible con 5G.<\/li>\n<li><strong>Auto HDR<\/strong> requiere un monitor HDR.<\/li>\n<li><strong>BitLocker To Go<\/strong> requiere una unidad flash USB (disponible en las ediciones Microsoft Windows 7 Pro y superiores).<\/li>\n<li><strong>Client Hyper-V<\/strong> requiere un procesador con capacidades de traducci\u00f3n de direcciones de segundo nivel (SLAT) (disponible en las ediciones Microsoft Windows Pro y superiores).<\/li>\n<li><strong>Cortana<\/strong> requiere un micr\u00f3fono y altavoz y est\u00e1 disponible actualmente en Microsoft Windows 11 para Australia, Brasil, Canad\u00e1, China, Francia, Alemania, India, Italia, Jap\u00f3n, M\u00e9xico, Espa\u00f1a, Reino Unido y Estados Unidos.<\/li>\n<li><strong>DirectStorage<\/strong> requiere un SSD NVMe para almacenar y ejecutar juegos que utilizan el controlador &#8220;Standard NVM Express Controller&#8221; y una GPU DirectX12 con soporte para Shader Model 6.0.<\/li>\n<li><strong>DirectX 12 Ultimate<\/strong> est\u00e1 disponible con juegos y chips gr\u00e1ficos compatibles.<\/li>\n<li><strong>Presencia<\/strong> requiere un sensor que pueda detectar la distancia humana del dispositivo o la intenci\u00f3n de interactuar con el dispositivo.<\/li>\n<li><strong>Videoconferencia Inteligente<\/strong> requiere c\u00e1mara de video, micr\u00f3fono y altavoz (salida de audio).<\/li>\n<li><strong>Asistente de Voz M\u00faltiple (MVA)<\/strong> requiere un micr\u00f3fono y altavoz.<\/li>\n<li><strong>Dise\u00f1os de tres columnas en Snap<\/strong> requieren una pantalla que tenga 1920 p\u00edxeles efectivos o m\u00e1s de ancho.<\/li>\n<li><strong>Silenciar\/Activar sonido desde la barra de tareas<\/strong> requiere c\u00e1mara de video, micr\u00f3fono y altavoz (salida de audio). La aplicaci\u00f3n debe ser compatible con la funci\u00f3n para habilitar el silencio global.<\/li>\n<li><strong>Sonido Espacial<\/strong> requiere hardware y software compatibles.<\/li>\n<li><strong>Teams<\/strong> requiere c\u00e1mara de video, micr\u00f3fono y altavoz (salida de audio).<\/li>\n<li><strong>T\u00e1ctil<\/strong> requiere una pantalla o monitor que soporte multi-t\u00e1ctil.<\/li>\n<li><strong>Autenticaci\u00f3n de dos factores<\/strong> requiere el uso de PIN, biom\u00e9trico (lector de huellas dactilares o c\u00e1mara infrarroja iluminada), o un tel\u00e9fono con capacidades Wi-Fi o Bluetooth.<\/li>\n<li><strong>Dictado por voz<\/strong> requiere una PC con micr\u00f3fono.<\/li>\n<li><strong>Despertar por voz<\/strong> requiere un modelo de energ\u00eda de Modern Standby y micr\u00f3fono.<\/li>\n<li><strong>Wi-Fi 6E<\/strong> requiere nuevo hardware y controlador WLAN IHV y un AP\/router compatible con Wi-Fi 6E.<\/li>\n<li><strong>Microsoft Windows Hello<\/strong> requiere una c\u00e1mara configurada para im\u00e1genes de infrarrojos cercanos (IR) o un lector de huellas dactilares para autenticaci\u00f3n biom\u00e9trica. Los dispositivos sin sensores biom\u00e9tricos pueden usar Microsoft Windows Hello con un PIN o una clave de seguridad port\u00e1til compatible con Microsoft.<\/li>\n<li><strong>Microsoft Windows Proyecci\u00f3n<\/strong> requiere un adaptador de pantalla que soporte el Modelo de Controlador de Pantalla de Microsoft Windows (WDDM) 2.0 y un adaptador Wi-Fi que soporte Wi-Fi Direct.<\/li>\n<li><strong>Xbox (aplicaci\u00f3n)<\/strong> requiere una cuenta de Xbox Live, que no est\u00e1 disponible en todas las regiones. Consulta los Pa\u00edses y Regiones de Xbox Live para obtener la informaci\u00f3n m\u00e1s actualizada sobre disponibilidad. Algunas caracter\u00edsticas en la aplicaci\u00f3n Xbox requerir\u00e1n una suscripci\u00f3n activa a Xbox Game Pass. Aprende m\u00e1s sobre el pase.<\/li>\n<\/ul>\n<hr>\n<h3>Microsoft Project 2024 Professional<\/h3>\n<p>Microsoft Project 2024 trae nuevas caracter\u00edsticas y mejoras que ayudan a los equipos a organizar el trabajo, gestionar tareas y rastrear presupuestos y recursos de manera a\u00fan m\u00e1s efectiva. Esta nueva versi\u00f3n presenta innovaciones clave que beneficiar\u00e1n tanto a principiantes como a profesionales que trabajan en proyectos de cualquier complejidad:<\/p>\n<ul>\n<li><strong>Nueva interfaz m\u00e1s intuitiva y personalizable<\/strong> y navegaci\u00f3n de usuario mejorada con una visualizaci\u00f3n de datos flexible.<\/li>\n<li><strong>Plantillas predefinidas<\/strong> que te ayudan a comenzar tu proyecto en poco tiempo.<\/li>\n<li><strong>Sincronizaci\u00f3n con Project Online y Project Server<\/strong> para la integraci\u00f3n y gesti\u00f3n de recursos.<\/li>\n<li><strong>Escenarios hipot\u00e9ticos<\/strong> que ayudan a optimizar las asignaciones de tareas utilizando simulaciones de escenarios.<\/li>\n<li><strong>Mejora tu planificaci\u00f3n<\/strong> autocompletando las fechas de inicio y fin basadas en las dependencias.<\/li>\n<li><strong>Usa m\u00faltiples l\u00edneas de tiempo<\/strong> para una representaci\u00f3n visual clara de horarios complejos.<\/li>\n<li><strong>Nuevas caracter\u00edsticas para la visualizaci\u00f3n y an\u00e1lisis de datos<\/strong>, cambiando f\u00e1cilmente entre diferentes tipos de presentaci\u00f3n de informaci\u00f3n, incluyendo tableros Kanban y Scrum.<\/li>\n<li><strong>Soporte para enfoques \u00c1giles, Scrum, Cascada<\/strong>, as\u00ed como enfoques h\u00edbridos, permitiendo a los usuarios combinar elementos de diferentes metodolog\u00edas.<\/li>\n<\/ul>\n<hr>\n<p><strong>Asistencia y soporte:<\/strong><\/p>\n<p>Para cualquier pregunta, por favor no dude en ponerse en contacto con nosotros <a href=\"mailto:spain@winandofficews.com\">por <\/a><a href=\"mailto:spain@winandofficews.com\">correo <\/a>electr\u00f3nico, Nuestro servicio de atenci\u00f3n al cliente y soporte, se encuentra disponible los 7 d\u00edas de la semana, las 24 horas del d\u00eda.<\/p>\n","protected":false},"excerpt":{"rendered":"<ul>\n<li>Microsoft Windows 11 Professional <strong>licencia para 3 dispositivos<\/strong><\/li>\n<li>Microsoft Project 2024 Professional Plus <strong>licencia para 3 dispositivos<\/strong><\/li>\n<li><strong>Con esta licencia, el software se puede activar en 3 dispositivos diferentes, p. ej., PC de casa, port\u00e1til y PC del trabajo.<\/strong><\/li>\n<li>Versi\u00f3n para sistemas de 32 y 64 bits, versiones ilimitadas del software de un socio Gold certificado de Microsoft<\/li>\n<li><strong>Garant\u00eda de reemplazo de por vida!<\/strong><\/li>\n<li>Entrega por correo electr\u00f3nico: clave de producto, instrucciones, enlaces de descarga, factura<\/li>\n<li>\u00a1Descarga instant\u00e1nea!<\/li>\n<li>Sin l\u00edmite de tiempo, sin suscripci\u00f3n<\/li>\n<li>Soporte gratuito 24\/7 para problemas con la instalaci\u00f3n y activaci\u00f3n<\/li>\n<li>No se realiza entrega de almacenamiento de datos (USB, CD, etc.)<\/li>\n<li>Activaci\u00f3n en l\u00ednea y por tel\u00e9fono<\/li>\n<li>Idiomas: ingl\u00e9s, espa\u00f1ol, italiano, alem\u00e1n, franc\u00e9s<\/li>\n<li><strong>Este producto es compatible con Microsoft Windows.<\/strong><\/li>\n<li><strong>NO es compatible con Apple macOS&trade;, procesadores Apple, Parallels para Mac, dispositivos Android y Chromebooks.<\/strong><\/li>\n<\/ul>\n","protected":false},"featured_media":1000008098,"comment_status":"closed","ping_status":"closed","template":"","meta":{"_acf_changed":false},"product_brand":[],"product_cat":[157,155,158,156,267,270],"product_tag":[159,161],"class_list":{"0":"post-87418","1":"product","2":"type-product","3":"status-publish","4":"has-post-thumbnail","6":"product_cat-combo","7":"product_cat-microsoft-office","8":"product_cat-microsoft-windows","9":"product_cat-popular","10":"product_cat-project","11":"product_cat-windows-11-windows-desktop","12":"product_tag-office","13":"product_tag-windows-11","15":"first","16":"instock","17":"sale","18":"featured","19":"virtual","20":"taxable","21":"purchasable","22":"product-type-simple"},"acf":[],"yoast_head":"<!-- This site is optimized with the Yoast SEO plugin v27.4 - https:\/\/yoast.com\/product\/yoast-seo-wordpress\/ -->\n<title>Microsoft Windows 11 Professional + Microsoft Project 2024 Professional licencia para 3 dispositivos - Spain<\/title>\n<meta name=\"robots\" content=\"index, follow, max-snippet:-1, max-image-preview:large, max-video-preview:-1\" \/>\n<link rel=\"canonical\" href=\"https:\/\/winandofficews.com\/spain\/product\/microsoft-windows-11-professional-microsoft-project-2024-professional-licencia-para-3-dispositivos\/\" \/>\n<meta property=\"og:locale\" content=\"es_ES\" \/>\n<meta property=\"og:type\" content=\"article\" \/>\n<meta property=\"og:title\" content=\"Microsoft Windows 11 Professional + Microsoft Project 2024 Professional licencia para 3 dispositivos - Spain\" \/>\n<meta property=\"og:description\" content=\"Microsoft Windows 11 Professional licencia para 3 dispositivos  Microsoft Project 2024 Professional Plus licencia para 3 dispositivos  Con esta licencia, el software se puede activar en 3 dispositivos diferentes, p. ej., PC de casa, port\u00e1til y PC del trabajo.  Versi\u00f3n para sistemas de 32 y 64 bits, versiones ilimitadas del software de un socio Gold certificado de Microsoft  Garant\u00eda de reemplazo de por vida!  Entrega por correo electr\u00f3nico: clave de producto, instrucciones, enlaces de descarga, factura  \u00a1Descarga instant\u00e1nea!  Sin l\u00edmite de tiempo, sin suscripci\u00f3n  Soporte gratuito 24\/7 para problemas con la instalaci\u00f3n y activaci\u00f3n  No se realiza entrega de almacenamiento de datos (USB, CD, etc.)  Activaci\u00f3n en l\u00ednea y por tel\u00e9fono  Idiomas: ingl\u00e9s, espa\u00f1ol, italiano, alem\u00e1n, franc\u00e9s  Este producto es compatible con Microsoft Windows.  NO es compatible con Apple macOS&trade;, procesadores Apple, Parallels para Mac, dispositivos Android y Chromebooks.\" \/>\n<meta property=\"og:url\" content=\"https:\/\/winandofficews.com\/spain\/product\/microsoft-windows-11-professional-microsoft-project-2024-professional-licencia-para-3-dispositivos\/\" \/>\n<meta property=\"og:site_name\" content=\"Spain\" \/>\n<meta property=\"article:modified_time\" content=\"2026-04-14T23:13:56+00:00\" \/>\n<meta name=\"twitter:card\" content=\"summary_large_image\" \/>\n<meta name=\"twitter:label1\" content=\"Tiempo de lectura\" \/>\n\t<meta name=\"twitter:data1\" content=\"5 minutos\" \/>\n<script type=\"application\/ld+json\" class=\"yoast-schema-graph\">{\"@context\":\"https:\\\/\\\/schema.org\",\"@graph\":[{\"@type\":\"WebPage\",\"@id\":\"https:\\\/\\\/winandofficews.com\\\/spain\\\/product\\\/microsoft-windows-11-professional-microsoft-project-2024-professional-licencia-para-3-dispositivos\\\/\",\"url\":\"https:\\\/\\\/winandofficews.com\\\/spain\\\/product\\\/microsoft-windows-11-professional-microsoft-project-2024-professional-licencia-para-3-dispositivos\\\/\",\"name\":\"Microsoft Windows 11 Professional + Microsoft Project 2024 Professional licencia para 3 dispositivos - Spain\",\"isPartOf\":{\"@id\":\"https:\\\/\\\/winandofficews.com\\\/spain\\\/#website\"},\"primaryImageOfPage\":{\"@id\":\"https:\\\/\\\/winandofficews.com\\\/spain\\\/product\\\/microsoft-windows-11-professional-microsoft-project-2024-professional-licencia-para-3-dispositivos\\\/#primaryimage\"},\"image\":{\"@id\":\"https:\\\/\\\/winandofficews.com\\\/spain\\\/product\\\/microsoft-windows-11-professional-microsoft-project-2024-professional-licencia-para-3-dispositivos\\\/#primaryimage\"},\"thumbnailUrl\":\"https:\\\/\\\/winandofficews.com\\\/spain\\\/wp-content\\\/uploads\\\/W11PP24P.png\",\"datePublished\":\"2025-06-19T11:32:47+00:00\",\"dateModified\":\"2026-04-14T23:13:56+00:00\",\"breadcrumb\":{\"@id\":\"https:\\\/\\\/winandofficews.com\\\/spain\\\/product\\\/microsoft-windows-11-professional-microsoft-project-2024-professional-licencia-para-3-dispositivos\\\/#breadcrumb\"},\"inLanguage\":\"es\",\"potentialAction\":[{\"@type\":\"ReadAction\",\"target\":[\"https:\\\/\\\/winandofficews.com\\\/spain\\\/product\\\/microsoft-windows-11-professional-microsoft-project-2024-professional-licencia-para-3-dispositivos\\\/\"]}]},{\"@type\":\"ImageObject\",\"inLanguage\":\"es\",\"@id\":\"https:\\\/\\\/winandofficews.com\\\/spain\\\/product\\\/microsoft-windows-11-professional-microsoft-project-2024-professional-licencia-para-3-dispositivos\\\/#primaryimage\",\"url\":\"https:\\\/\\\/winandofficews.com\\\/spain\\\/wp-content\\\/uploads\\\/W11PP24P.png\",\"contentUrl\":\"https:\\\/\\\/winandofficews.com\\\/spain\\\/wp-content\\\/uploads\\\/W11PP24P.png\"},{\"@type\":\"BreadcrumbList\",\"@id\":\"https:\\\/\\\/winandofficews.com\\\/spain\\\/product\\\/microsoft-windows-11-professional-microsoft-project-2024-professional-licencia-para-3-dispositivos\\\/#breadcrumb\",\"itemListElement\":[{\"@type\":\"ListItem\",\"position\":1,\"name\":\"Home\",\"item\":\"https:\\\/\\\/winandofficews.com\\\/spain\\\/\"},{\"@type\":\"ListItem\",\"position\":2,\"name\":\"Shop\",\"item\":\"https:\\\/\\\/winandofficews.com\\\/spain\\\/shop\\\/\"},{\"@type\":\"ListItem\",\"position\":3,\"name\":\"Microsoft Windows 11 Professional + Microsoft Project 2024 Professional licencia para 3 dispositivos\"}]},{\"@type\":\"WebSite\",\"@id\":\"https:\\\/\\\/winandofficews.com\\\/spain\\\/#website\",\"url\":\"https:\\\/\\\/winandofficews.com\\\/spain\\\/\",\"name\":\"Spain\",\"description\":\"Wholesales Store of Office\",\"publisher\":{\"@id\":\"https:\\\/\\\/winandofficews.com\\\/spain\\\/#organization\"},\"potentialAction\":[{\"@type\":\"SearchAction\",\"target\":{\"@type\":\"EntryPoint\",\"urlTemplate\":\"https:\\\/\\\/winandofficews.com\\\/spain\\\/?s={search_term_string}\"},\"query-input\":{\"@type\":\"PropertyValueSpecification\",\"valueRequired\":true,\"valueName\":\"search_term_string\"}}],\"inLanguage\":\"es\"},{\"@type\":\"Organization\",\"@id\":\"https:\\\/\\\/winandofficews.com\\\/spain\\\/#organization\",\"name\":\"Spain\",\"url\":\"https:\\\/\\\/winandofficews.com\\\/spain\\\/\",\"logo\":{\"@type\":\"ImageObject\",\"inLanguage\":\"es\",\"@id\":\"https:\\\/\\\/winandofficews.com\\\/spain\\\/#\\\/schema\\\/logo\\\/image\\\/\",\"url\":\"https:\\\/\\\/winandofficews.com\\\/spain\\\/wp-content\\\/uploads\\\/sites\\\/19\\\/logo14.png\",\"contentUrl\":\"https:\\\/\\\/winandofficews.com\\\/spain\\\/wp-content\\\/uploads\\\/sites\\\/19\\\/logo14.png\",\"width\":322,\"height\":116,\"caption\":\"Spain\"},\"image\":{\"@id\":\"https:\\\/\\\/winandofficews.com\\\/spain\\\/#\\\/schema\\\/logo\\\/image\\\/\"}}]}<\/script>\n<!-- \/ Yoast SEO plugin. -->","yoast_head_json":{"title":"Microsoft Windows 11 Professional + Microsoft Project 2024 Professional licencia para 3 dispositivos - Spain","robots":{"index":"index","follow":"follow","max-snippet":"max-snippet:-1","max-image-preview":"max-image-preview:large","max-video-preview":"max-video-preview:-1"},"canonical":"https:\/\/winandofficews.com\/spain\/product\/microsoft-windows-11-professional-microsoft-project-2024-professional-licencia-para-3-dispositivos\/","og_locale":"es_ES","og_type":"article","og_title":"Microsoft Windows 11 Professional + Microsoft Project 2024 Professional licencia para 3 dispositivos - Spain","og_description":"Microsoft Windows 11 Professional licencia para 3 dispositivos  Microsoft Project 2024 Professional Plus licencia para 3 dispositivos  Con esta licencia, el software se puede activar en 3 dispositivos diferentes, p. ej., PC de casa, port\u00e1til y PC del trabajo.  Versi\u00f3n para sistemas de 32 y 64 bits, versiones ilimitadas del software de un socio Gold certificado de Microsoft  Garant\u00eda de reemplazo de por vida!  Entrega por correo electr\u00f3nico: clave de producto, instrucciones, enlaces de descarga, factura  \u00a1Descarga instant\u00e1nea!  Sin l\u00edmite de tiempo, sin suscripci\u00f3n  Soporte gratuito 24\/7 para problemas con la instalaci\u00f3n y activaci\u00f3n  No se realiza entrega de almacenamiento de datos (USB, CD, etc.)  Activaci\u00f3n en l\u00ednea y por tel\u00e9fono  Idiomas: ingl\u00e9s, espa\u00f1ol, italiano, alem\u00e1n, franc\u00e9s  Este producto es compatible con Microsoft Windows.  NO es compatible con Apple macOS&trade;, procesadores Apple, Parallels para Mac, dispositivos Android y Chromebooks.","og_url":"https:\/\/winandofficews.com\/spain\/product\/microsoft-windows-11-professional-microsoft-project-2024-professional-licencia-para-3-dispositivos\/","og_site_name":"Spain","article_modified_time":"2026-04-14T23:13:56+00:00","twitter_card":"summary_large_image","twitter_misc":{"Tiempo de lectura":"5 minutos"},"schema":{"@context":"https:\/\/schema.org","@graph":[{"@type":"WebPage","@id":"https:\/\/winandofficews.com\/spain\/product\/microsoft-windows-11-professional-microsoft-project-2024-professional-licencia-para-3-dispositivos\/","url":"https:\/\/winandofficews.com\/spain\/product\/microsoft-windows-11-professional-microsoft-project-2024-professional-licencia-para-3-dispositivos\/","name":"Microsoft Windows 11 Professional + Microsoft Project 2024 Professional licencia para 3 dispositivos - Spain","isPartOf":{"@id":"https:\/\/winandofficews.com\/spain\/#website"},"primaryImageOfPage":{"@id":"https:\/\/winandofficews.com\/spain\/product\/microsoft-windows-11-professional-microsoft-project-2024-professional-licencia-para-3-dispositivos\/#primaryimage"},"image":{"@id":"https:\/\/winandofficews.com\/spain\/product\/microsoft-windows-11-professional-microsoft-project-2024-professional-licencia-para-3-dispositivos\/#primaryimage"},"thumbnailUrl":"https:\/\/winandofficews.com\/spain\/wp-content\/uploads\/W11PP24P.png","datePublished":"2025-06-19T11:32:47+00:00","dateModified":"2026-04-14T23:13:56+00:00","breadcrumb":{"@id":"https:\/\/winandofficews.com\/spain\/product\/microsoft-windows-11-professional-microsoft-project-2024-professional-licencia-para-3-dispositivos\/#breadcrumb"},"inLanguage":"es","potentialAction":[{"@type":"ReadAction","target":["https:\/\/winandofficews.com\/spain\/product\/microsoft-windows-11-professional-microsoft-project-2024-professional-licencia-para-3-dispositivos\/"]}]},{"@type":"ImageObject","inLanguage":"es","@id":"https:\/\/winandofficews.com\/spain\/product\/microsoft-windows-11-professional-microsoft-project-2024-professional-licencia-para-3-dispositivos\/#primaryimage","url":"https:\/\/winandofficews.com\/spain\/wp-content\/uploads\/W11PP24P.png","contentUrl":"https:\/\/winandofficews.com\/spain\/wp-content\/uploads\/W11PP24P.png"},{"@type":"BreadcrumbList","@id":"https:\/\/winandofficews.com\/spain\/product\/microsoft-windows-11-professional-microsoft-project-2024-professional-licencia-para-3-dispositivos\/#breadcrumb","itemListElement":[{"@type":"ListItem","position":1,"name":"Home","item":"https:\/\/winandofficews.com\/spain\/"},{"@type":"ListItem","position":2,"name":"Shop","item":"https:\/\/winandofficews.com\/spain\/shop\/"},{"@type":"ListItem","position":3,"name":"Microsoft Windows 11 Professional + Microsoft Project 2024 Professional licencia para 3 dispositivos"}]},{"@type":"WebSite","@id":"https:\/\/winandofficews.com\/spain\/#website","url":"https:\/\/winandofficews.com\/spain\/","name":"Spain","description":"Wholesales Store of Office","publisher":{"@id":"https:\/\/winandofficews.com\/spain\/#organization"},"potentialAction":[{"@type":"SearchAction","target":{"@type":"EntryPoint","urlTemplate":"https:\/\/winandofficews.com\/spain\/?s={search_term_string}"},"query-input":{"@type":"PropertyValueSpecification","valueRequired":true,"valueName":"search_term_string"}}],"inLanguage":"es"},{"@type":"Organization","@id":"https:\/\/winandofficews.com\/spain\/#organization","name":"Spain","url":"https:\/\/winandofficews.com\/spain\/","logo":{"@type":"ImageObject","inLanguage":"es","@id":"https:\/\/winandofficews.com\/spain\/#\/schema\/logo\/image\/","url":"https:\/\/winandofficews.com\/spain\/wp-content\/uploads\/sites\/19\/logo14.png","contentUrl":"https:\/\/winandofficews.com\/spain\/wp-content\/uploads\/sites\/19\/logo14.png","width":322,"height":116,"caption":"Spain"},"image":{"@id":"https:\/\/winandofficews.com\/spain\/#\/schema\/logo\/image\/"}}]}},"_links":{"self":[{"href":"https:\/\/winandofficews.com\/spain\/wp-json\/wp\/v2\/product\/87418","targetHints":{"allow":["GET"]}}],"collection":[{"href":"https:\/\/winandofficews.com\/spain\/wp-json\/wp\/v2\/product"}],"about":[{"href":"https:\/\/winandofficews.com\/spain\/wp-json\/wp\/v2\/types\/product"}],"replies":[{"embeddable":true,"href":"https:\/\/winandofficews.com\/spain\/wp-json\/wp\/v2\/comments?post=87418"}],"wp:featuredmedia":[{"embeddable":true,"href":"https:\/\/winandofficews.com\/spain\/wp-json\/"}],"wp:attachment":[{"href":"https:\/\/winandofficews.com\/spain\/wp-json\/wp\/v2\/media?parent=87418"}],"wp:term":[{"taxonomy":"product_brand","embeddable":true,"href":"https:\/\/winandofficews.com\/spain\/wp-json\/wp\/v2\/product_brand?post=87418"},{"taxonomy":"product_cat","embeddable":true,"href":"https:\/\/winandofficews.com\/spain\/wp-json\/wp\/v2\/product_cat?post=87418"},{"taxonomy":"product_tag","embeddable":true,"href":"https:\/\/winandofficews.com\/spain\/wp-json\/wp\/v2\/product_tag?post=87418"}],"curies":[{"name":"wp","href":"https:\/\/api.w.org\/{rel}","templated":true}]}}