{"id":87413,"date":"2025-06-19T13:32:47","date_gmt":"2025-06-19T11:32:47","guid":{"rendered":"https:\/\/winandofficews.com\/spain\/?post_type=product&#038;p=87413"},"modified":"2026-04-15T01:26:18","modified_gmt":"2026-04-14T23:26:18","slug":"microsoft-visio-2024-professional-licencia-para-3-dispositivos","status":"publish","type":"product","link":"https:\/\/winandofficews.com\/spain\/product\/microsoft-visio-2024-professional-licencia-para-3-dispositivos\/","title":{"rendered":"Microsoft Visio 2024 Professional licencia para 3 dispositivos"},"content":{"rendered":"<p>Con Microsoft Visio 2024, es m\u00e1s f\u00e1cil que nunca para individuos y equipos crear y compartir diagramas profesionales y vers\u00e1tiles para todas las necesidades. Incluye formas, plantillas y estilos actualizados, as\u00ed como una nueva barra de b\u00fasqueda intuitiva y un aspecto renovado que ofrece una experiencia de usuario familiar alineada con otras aplicaciones de Office.En Microsoft Visio 2024, a\u00fan encontrar\u00e1s todas las caracter\u00edsticas a las que est\u00e1s acostumbrado, y recibir\u00e1s algunas nuevas:<\/p>\n<ul>\n<li><strong>Microsoft Visio 2024 tiene a\u00fan m\u00e1s formas, plantillas y estilos<\/strong> para ayudarte a crear tus diagramas en menos tiempo.<\/li>\n<li><strong>Un aspecto actualizado<\/strong> con un moderno efecto de transparencia aplicado detr\u00e1s del lienzo y los men\u00fas le da a Visio 2024 un aspecto m\u00e1s moderno y elegante.<\/li>\n<li><strong>Visio 2024 presenta el nuevo tema y esquema de colores de Office 2024<\/strong>, incluyendo el Modo Oscuro, una interfaz personalizable y mejoras para la accesibilidad.<\/li>\n<li><strong>La b\u00fasqueda en Visio ahora est\u00e1 disponible en la barra de t\u00edtulo<\/strong>, haci\u00e9ndola m\u00e1s accesible.<\/li>\n<li><strong>Herramientas de An\u00e1lisis de Procesos mejoradas<\/strong>, como Bloques Din\u00e1micos para analizar procesos de negocio y visualizar flujos de datos.<\/li>\n<\/ul>\n<p>Esta traducci\u00f3n refleja las caracter\u00edsticas y mejoras de Microsoft Visio 2024, destacando su enfoque en la facilidad de uso y la modernizaci\u00f3n de la interfaz.<\/p>\n<p>Para cualquier pregunta, por favor no dude en ponerse en contacto con nosotros <a href=\"mailto:spain@winandofficews.com\">por <\/a><a href=\"mailto:spain@winandofficews.com\">correo <\/a>electr\u00f3nico, Nuestro servicio de atenci\u00f3n al cliente y soporte, se encuentra disponible los 7 d\u00edas de la semana, las 24 horas del d\u00eda.<\/p>\n","protected":false},"excerpt":{"rendered":"<ul>\n<li>Licencia Microsoft Visio 2024 Professional para 3 dispositivos<\/li>\n<li><strong>Con esta licencia, el software se puede activar en 3 dispositivos diferentes, p. ej., PC de casa, port\u00e1til y PC del trabajo.<\/strong><\/li>\n<li>Versi\u00f3n para sistemas de 32 y 64 bits, versiones ilimitadas del software de un socio Gold certificado de Microsoft<\/li>\n<li><strong>Garant\u00eda de reemplazo de por vida!<\/strong><\/li>\n<li>Entrega por correo electr\u00f3nico: clave de producto, instrucciones, enlaces de descarga, factura<\/li>\n<li>\u00a1Descarga instant\u00e1nea!<\/li>\n<li>Sin l\u00edmite de tiempo, sin suscripci\u00f3n<\/li>\n<li>Soporte gratuito 24\/7 para problemas con la instalaci\u00f3n y activaci\u00f3n<\/li>\n<li>No se realiza entrega de almacenamiento de datos (USB, CD, etc.)<\/li>\n<li>Activaci\u00f3n en l\u00ednea y por tel\u00e9fono<\/li>\n<li>Idiomas: ingl\u00e9s, espa\u00f1ol, italiano, alem\u00e1n, franc\u00e9s<\/li>\n<li><strong>Este producto es compatible con Microsoft Windows.<\/strong><\/li>\n<li><strong>NO es compatible con Apple macOS&trade;, procesadores Apple, Parallels para Mac, dispositivos Android y Chromebooks.<\/strong><\/li>\n<\/ul>\n","protected":false},"featured_media":1000008088,"comment_status":"closed","ping_status":"closed","template":"","meta":{"_acf_changed":false},"product_brand":[],"product_cat":[155,266],"product_tag":[],"class_list":{"0":"post-87413","1":"product","2":"type-product","3":"status-publish","4":"has-post-thumbnail","6":"product_cat-microsoft-office","7":"product_cat-visio","9":"first","10":"instock","11":"virtual","12":"taxable","13":"purchasable","14":"product-type-simple"},"acf":[],"yoast_head":"<!-- This site is optimized with the Yoast SEO plugin v27.4 - https:\/\/yoast.com\/product\/yoast-seo-wordpress\/ -->\n<title>Microsoft Visio 2024 Professional licencia para 3 dispositivos - Spain<\/title>\n<meta name=\"robots\" content=\"index, follow, max-snippet:-1, max-image-preview:large, max-video-preview:-1\" \/>\n<link rel=\"canonical\" href=\"https:\/\/winandofficews.com\/spain\/product\/microsoft-visio-2024-professional-licencia-para-3-dispositivos\/\" \/>\n<meta property=\"og:locale\" content=\"es_ES\" \/>\n<meta property=\"og:type\" content=\"article\" \/>\n<meta property=\"og:title\" content=\"Microsoft Visio 2024 Professional licencia para 3 dispositivos - Spain\" \/>\n<meta property=\"og:description\" content=\"Licencia Microsoft Visio 2024 Professional para 3 dispositivos  Con esta licencia, el software se puede activar en 3 dispositivos diferentes, p. ej., PC de casa, port\u00e1til y PC del trabajo.  Versi\u00f3n para sistemas de 32 y 64 bits, versiones ilimitadas del software de un socio Gold certificado de Microsoft  Garant\u00eda de reemplazo de por vida!  Entrega por correo electr\u00f3nico: clave de producto, instrucciones, enlaces de descarga, factura  \u00a1Descarga instant\u00e1nea!  Sin l\u00edmite de tiempo, sin suscripci\u00f3n  Soporte gratuito 24\/7 para problemas con la instalaci\u00f3n y activaci\u00f3n  No se realiza entrega de almacenamiento de datos (USB, CD, etc.)  Activaci\u00f3n en l\u00ednea y por tel\u00e9fono  Idiomas: ingl\u00e9s, espa\u00f1ol, italiano, alem\u00e1n, franc\u00e9s  Este producto es compatible con Microsoft Windows.  NO es compatible con Apple macOS&trade;, procesadores Apple, Parallels para Mac, dispositivos Android y Chromebooks.\" \/>\n<meta property=\"og:url\" content=\"https:\/\/winandofficews.com\/spain\/product\/microsoft-visio-2024-professional-licencia-para-3-dispositivos\/\" \/>\n<meta property=\"og:site_name\" content=\"Spain\" \/>\n<meta property=\"article:modified_time\" content=\"2026-04-14T23:26:18+00:00\" \/>\n<meta name=\"twitter:card\" content=\"summary_large_image\" \/>\n<meta name=\"twitter:label1\" content=\"Tiempo de lectura\" \/>\n\t<meta name=\"twitter:data1\" content=\"2 minutos\" \/>\n<script type=\"application\/ld+json\" class=\"yoast-schema-graph\">{\"@context\":\"https:\\\/\\\/schema.org\",\"@graph\":[{\"@type\":\"WebPage\",\"@id\":\"https:\\\/\\\/winandofficews.com\\\/spain\\\/product\\\/microsoft-visio-2024-professional-licencia-para-3-dispositivos\\\/\",\"url\":\"https:\\\/\\\/winandofficews.com\\\/spain\\\/product\\\/microsoft-visio-2024-professional-licencia-para-3-dispositivos\\\/\",\"name\":\"Microsoft Visio 2024 Professional licencia para 3 dispositivos - Spain\",\"isPartOf\":{\"@id\":\"https:\\\/\\\/winandofficews.com\\\/spain\\\/#website\"},\"primaryImageOfPage\":{\"@id\":\"https:\\\/\\\/winandofficews.com\\\/spain\\\/product\\\/microsoft-visio-2024-professional-licencia-para-3-dispositivos\\\/#primaryimage\"},\"image\":{\"@id\":\"https:\\\/\\\/winandofficews.com\\\/spain\\\/product\\\/microsoft-visio-2024-professional-licencia-para-3-dispositivos\\\/#primaryimage\"},\"thumbnailUrl\":\"https:\\\/\\\/winandofficews.com\\\/spain\\\/wp-content\\\/uploads\\\/v24p-1.jpg\",\"datePublished\":\"2025-06-19T11:32:47+00:00\",\"dateModified\":\"2026-04-14T23:26:18+00:00\",\"breadcrumb\":{\"@id\":\"https:\\\/\\\/winandofficews.com\\\/spain\\\/product\\\/microsoft-visio-2024-professional-licencia-para-3-dispositivos\\\/#breadcrumb\"},\"inLanguage\":\"es\",\"potentialAction\":[{\"@type\":\"ReadAction\",\"target\":[\"https:\\\/\\\/winandofficews.com\\\/spain\\\/product\\\/microsoft-visio-2024-professional-licencia-para-3-dispositivos\\\/\"]}]},{\"@type\":\"ImageObject\",\"inLanguage\":\"es\",\"@id\":\"https:\\\/\\\/winandofficews.com\\\/spain\\\/product\\\/microsoft-visio-2024-professional-licencia-para-3-dispositivos\\\/#primaryimage\",\"url\":\"https:\\\/\\\/winandofficews.com\\\/spain\\\/wp-content\\\/uploads\\\/v24p-1.jpg\",\"contentUrl\":\"https:\\\/\\\/winandofficews.com\\\/spain\\\/wp-content\\\/uploads\\\/v24p-1.jpg\"},{\"@type\":\"BreadcrumbList\",\"@id\":\"https:\\\/\\\/winandofficews.com\\\/spain\\\/product\\\/microsoft-visio-2024-professional-licencia-para-3-dispositivos\\\/#breadcrumb\",\"itemListElement\":[{\"@type\":\"ListItem\",\"position\":1,\"name\":\"Home\",\"item\":\"https:\\\/\\\/winandofficews.com\\\/spain\\\/\"},{\"@type\":\"ListItem\",\"position\":2,\"name\":\"Shop\",\"item\":\"https:\\\/\\\/winandofficews.com\\\/spain\\\/shop\\\/\"},{\"@type\":\"ListItem\",\"position\":3,\"name\":\"Microsoft Visio 2024 Professional licencia para 3 dispositivos\"}]},{\"@type\":\"WebSite\",\"@id\":\"https:\\\/\\\/winandofficews.com\\\/spain\\\/#website\",\"url\":\"https:\\\/\\\/winandofficews.com\\\/spain\\\/\",\"name\":\"Spain\",\"description\":\"Wholesales Store of Office\",\"publisher\":{\"@id\":\"https:\\\/\\\/winandofficews.com\\\/spain\\\/#organization\"},\"potentialAction\":[{\"@type\":\"SearchAction\",\"target\":{\"@type\":\"EntryPoint\",\"urlTemplate\":\"https:\\\/\\\/winandofficews.com\\\/spain\\\/?s={search_term_string}\"},\"query-input\":{\"@type\":\"PropertyValueSpecification\",\"valueRequired\":true,\"valueName\":\"search_term_string\"}}],\"inLanguage\":\"es\"},{\"@type\":\"Organization\",\"@id\":\"https:\\\/\\\/winandofficews.com\\\/spain\\\/#organization\",\"name\":\"Spain\",\"url\":\"https:\\\/\\\/winandofficews.com\\\/spain\\\/\",\"logo\":{\"@type\":\"ImageObject\",\"inLanguage\":\"es\",\"@id\":\"https:\\\/\\\/winandofficews.com\\\/spain\\\/#\\\/schema\\\/logo\\\/image\\\/\",\"url\":\"https:\\\/\\\/winandofficews.com\\\/spain\\\/wp-content\\\/uploads\\\/sites\\\/19\\\/logo14.png\",\"contentUrl\":\"https:\\\/\\\/winandofficews.com\\\/spain\\\/wp-content\\\/uploads\\\/sites\\\/19\\\/logo14.png\",\"width\":322,\"height\":116,\"caption\":\"Spain\"},\"image\":{\"@id\":\"https:\\\/\\\/winandofficews.com\\\/spain\\\/#\\\/schema\\\/logo\\\/image\\\/\"}}]}<\/script>\n<!-- \/ Yoast SEO plugin. -->","yoast_head_json":{"title":"Microsoft Visio 2024 Professional licencia para 3 dispositivos - Spain","robots":{"index":"index","follow":"follow","max-snippet":"max-snippet:-1","max-image-preview":"max-image-preview:large","max-video-preview":"max-video-preview:-1"},"canonical":"https:\/\/winandofficews.com\/spain\/product\/microsoft-visio-2024-professional-licencia-para-3-dispositivos\/","og_locale":"es_ES","og_type":"article","og_title":"Microsoft Visio 2024 Professional licencia para 3 dispositivos - Spain","og_description":"Licencia Microsoft Visio 2024 Professional para 3 dispositivos  Con esta licencia, el software se puede activar en 3 dispositivos diferentes, p. ej., PC de casa, port\u00e1til y PC del trabajo.  Versi\u00f3n para sistemas de 32 y 64 bits, versiones ilimitadas del software de un socio Gold certificado de Microsoft  Garant\u00eda de reemplazo de por vida!  Entrega por correo electr\u00f3nico: clave de producto, instrucciones, enlaces de descarga, factura  \u00a1Descarga instant\u00e1nea!  Sin l\u00edmite de tiempo, sin suscripci\u00f3n  Soporte gratuito 24\/7 para problemas con la instalaci\u00f3n y activaci\u00f3n  No se realiza entrega de almacenamiento de datos (USB, CD, etc.)  Activaci\u00f3n en l\u00ednea y por tel\u00e9fono  Idiomas: ingl\u00e9s, espa\u00f1ol, italiano, alem\u00e1n, franc\u00e9s  Este producto es compatible con Microsoft Windows.  NO es compatible con Apple macOS&trade;, procesadores Apple, Parallels para Mac, dispositivos Android y Chromebooks.","og_url":"https:\/\/winandofficews.com\/spain\/product\/microsoft-visio-2024-professional-licencia-para-3-dispositivos\/","og_site_name":"Spain","article_modified_time":"2026-04-14T23:26:18+00:00","twitter_card":"summary_large_image","twitter_misc":{"Tiempo de lectura":"2 minutos"},"schema":{"@context":"https:\/\/schema.org","@graph":[{"@type":"WebPage","@id":"https:\/\/winandofficews.com\/spain\/product\/microsoft-visio-2024-professional-licencia-para-3-dispositivos\/","url":"https:\/\/winandofficews.com\/spain\/product\/microsoft-visio-2024-professional-licencia-para-3-dispositivos\/","name":"Microsoft Visio 2024 Professional licencia para 3 dispositivos - Spain","isPartOf":{"@id":"https:\/\/winandofficews.com\/spain\/#website"},"primaryImageOfPage":{"@id":"https:\/\/winandofficews.com\/spain\/product\/microsoft-visio-2024-professional-licencia-para-3-dispositivos\/#primaryimage"},"image":{"@id":"https:\/\/winandofficews.com\/spain\/product\/microsoft-visio-2024-professional-licencia-para-3-dispositivos\/#primaryimage"},"thumbnailUrl":"https:\/\/winandofficews.com\/spain\/wp-content\/uploads\/v24p-1.jpg","datePublished":"2025-06-19T11:32:47+00:00","dateModified":"2026-04-14T23:26:18+00:00","breadcrumb":{"@id":"https:\/\/winandofficews.com\/spain\/product\/microsoft-visio-2024-professional-licencia-para-3-dispositivos\/#breadcrumb"},"inLanguage":"es","potentialAction":[{"@type":"ReadAction","target":["https:\/\/winandofficews.com\/spain\/product\/microsoft-visio-2024-professional-licencia-para-3-dispositivos\/"]}]},{"@type":"ImageObject","inLanguage":"es","@id":"https:\/\/winandofficews.com\/spain\/product\/microsoft-visio-2024-professional-licencia-para-3-dispositivos\/#primaryimage","url":"https:\/\/winandofficews.com\/spain\/wp-content\/uploads\/v24p-1.jpg","contentUrl":"https:\/\/winandofficews.com\/spain\/wp-content\/uploads\/v24p-1.jpg"},{"@type":"BreadcrumbList","@id":"https:\/\/winandofficews.com\/spain\/product\/microsoft-visio-2024-professional-licencia-para-3-dispositivos\/#breadcrumb","itemListElement":[{"@type":"ListItem","position":1,"name":"Home","item":"https:\/\/winandofficews.com\/spain\/"},{"@type":"ListItem","position":2,"name":"Shop","item":"https:\/\/winandofficews.com\/spain\/shop\/"},{"@type":"ListItem","position":3,"name":"Microsoft Visio 2024 Professional licencia para 3 dispositivos"}]},{"@type":"WebSite","@id":"https:\/\/winandofficews.com\/spain\/#website","url":"https:\/\/winandofficews.com\/spain\/","name":"Spain","description":"Wholesales Store of Office","publisher":{"@id":"https:\/\/winandofficews.com\/spain\/#organization"},"potentialAction":[{"@type":"SearchAction","target":{"@type":"EntryPoint","urlTemplate":"https:\/\/winandofficews.com\/spain\/?s={search_term_string}"},"query-input":{"@type":"PropertyValueSpecification","valueRequired":true,"valueName":"search_term_string"}}],"inLanguage":"es"},{"@type":"Organization","@id":"https:\/\/winandofficews.com\/spain\/#organization","name":"Spain","url":"https:\/\/winandofficews.com\/spain\/","logo":{"@type":"ImageObject","inLanguage":"es","@id":"https:\/\/winandofficews.com\/spain\/#\/schema\/logo\/image\/","url":"https:\/\/winandofficews.com\/spain\/wp-content\/uploads\/sites\/19\/logo14.png","contentUrl":"https:\/\/winandofficews.com\/spain\/wp-content\/uploads\/sites\/19\/logo14.png","width":322,"height":116,"caption":"Spain"},"image":{"@id":"https:\/\/winandofficews.com\/spain\/#\/schema\/logo\/image\/"}}]}},"_links":{"self":[{"href":"https:\/\/winandofficews.com\/spain\/wp-json\/wp\/v2\/product\/87413","targetHints":{"allow":["GET"]}}],"collection":[{"href":"https:\/\/winandofficews.com\/spain\/wp-json\/wp\/v2\/product"}],"about":[{"href":"https:\/\/winandofficews.com\/spain\/wp-json\/wp\/v2\/types\/product"}],"replies":[{"embeddable":true,"href":"https:\/\/winandofficews.com\/spain\/wp-json\/wp\/v2\/comments?post=87413"}],"wp:featuredmedia":[{"embeddable":true,"href":"https:\/\/winandofficews.com\/spain\/wp-json\/"}],"wp:attachment":[{"href":"https:\/\/winandofficews.com\/spain\/wp-json\/wp\/v2\/media?parent=87413"}],"wp:term":[{"taxonomy":"product_brand","embeddable":true,"href":"https:\/\/winandofficews.com\/spain\/wp-json\/wp\/v2\/product_brand?post=87413"},{"taxonomy":"product_cat","embeddable":true,"href":"https:\/\/winandofficews.com\/spain\/wp-json\/wp\/v2\/product_cat?post=87413"},{"taxonomy":"product_tag","embeddable":true,"href":"https:\/\/winandofficews.com\/spain\/wp-json\/wp\/v2\/product_tag?post=87413"}],"curies":[{"name":"wp","href":"https:\/\/api.w.org\/{rel}","templated":true}]}}