{"id":87384,"date":"2025-06-19T13:32:25","date_gmt":"2025-06-19T11:32:25","guid":{"rendered":"https:\/\/winandofficews.com\/spain\/?post_type=product&#038;p=87384"},"modified":"2026-04-15T01:42:13","modified_gmt":"2026-04-14T23:42:13","slug":"microsoft-office-home-business-2021-mac","status":"publish","type":"product","link":"https:\/\/winandofficews.com\/spain\/product\/microsoft-office-home-business-2021-mac\/","title":{"rendered":"Microsoft Office Home &amp; Business 2021 MAC"},"content":{"rendered":"<h3>Microsoft Office Home &amp; Business 2021 MAC<\/h3>\n<p>Es para familias y peque\u00f1as empresas que necesitan el correo electr\u00f3nico y las aplicaciones cl\u00e1sicas de Microsoft Office. Incluye Word, Excel, PowerPoint y Outlook para Microsoft Windows 11 y Microsoft Windows 10. Una compra \u00fanica para instalar en 1 PC Mac para uso dom\u00e9stico o laboral.<\/p>\n<p>Microsoft Office Home &amp; Con su simplicidad y familiaridad, Business 2021 para Mac fue dise\u00f1ado para usuarios y peque\u00f1as empresas que quieren Microsoft Office con el poder de Outlook para correo electr\u00f3nico, calendario y contactos. Es la oficina que conoces, amas y en la que conf\u00edas, actualizada para aprovechar las \u00faltimas funciones de Mac, incluida la pantalla Retina y la vista de pantalla completa, entre otras.<\/p>\n<p>Microsoft Office 2021 Home Business incluye herramientas para optimizar las capacidades de producci\u00f3n y las tareas comerciales mediante el uso de funciones y elementos avanzados de la suite de Microsoft Office.<\/p>\n<p>Microsoft Office 2021 para Mac se ha reconstruido desde cero para aprovechar las funciones m\u00e1s recientes de Mac, incluida la pantalla Retina. Es la combinaci\u00f3n perfecta para la oficina que conoce y en la que conf\u00eda y la Mac que ama.<\/p>\n<p>Microsoft Office es un excelente conjunto de herramientas de producci\u00f3n que le ahorrar\u00e1 tiempo y producir\u00e1 resultados fant\u00e1sticos. Las ventajas del paquete Microsoft Office 2021 incluyen una mejor colaboraci\u00f3n entre las personas con las que trabaja, compartir enlaces, notas y citas, editar y convertir f\u00e1cilmente, la capacidad de trabajar sin conexi\u00f3n con todas las aplicaciones, as\u00ed como compartir archivos y documentos desde su nube.<\/p>\n<p>Para cualquier pregunta, por favor no dude en ponerse en contacto con nosotros <a href=\"mailto:spain@winandofficews.com\">por <\/a><a href=\"mailto:spain@winandofficews.com\">correo <\/a>electr\u00f3nico, Nuestro servicio de atenci\u00f3n al cliente y soporte, se encuentra disponible los 7 d\u00edas de la semana, las 24 horas del d\u00eda.<\/p>\n","protected":false},"excerpt":{"rendered":"<ul>\n<li><strong>Microsoft Office Home &amp; Business 2021 MAC<\/strong><\/li>\n<li>Se envia por correo electr\u00f3nico: clave de producto, instrucciones, enlaces de descarga, factura<\/li>\n<li>\u00a1Descarga instant\u00e1nea!<\/li>\n<li>Sin l\u00edmite de tiempo, sin suscripci\u00f3n<\/li>\n<li>Asistencia gratuita para la instalaci\u00f3n y la activaci\u00f3n<\/li>\n<li>Sin entrega en soportes de datos (USB, CD, etc.)<\/li>\n<li>Activaci\u00f3n en l\u00ednea y por tel\u00e9fono<\/li>\n<li><strong> Este producto es compatible con Apple macOS&trade;<\/strong><\/li>\n<li><strong> NO es compatible con Microsoft Windows, dispositivos Android y Chromebooks.<\/strong><\/li>\n<\/ul>\n","protected":false},"featured_media":1000008028,"comment_status":"closed","ping_status":"closed","template":"","meta":{"_acf_changed":false},"product_brand":[],"product_cat":[254],"product_tag":[],"class_list":{"0":"post-87384","1":"product","2":"type-product","3":"status-publish","4":"has-post-thumbnail","6":"product_cat-mac","8":"first","9":"instock","10":"virtual","11":"taxable","12":"purchasable","13":"product-type-simple"},"acf":[],"yoast_head":"<!-- This site is optimized with the Yoast SEO plugin v27.4 - https:\/\/yoast.com\/product\/yoast-seo-wordpress\/ -->\n<title>Microsoft Office Home &amp; Business 2021 MAC - Spain<\/title>\n<meta name=\"robots\" content=\"index, follow, max-snippet:-1, max-image-preview:large, max-video-preview:-1\" \/>\n<link rel=\"canonical\" href=\"https:\/\/winandofficews.com\/spain\/product\/microsoft-office-home-business-2021-mac\/\" \/>\n<meta property=\"og:locale\" content=\"es_ES\" \/>\n<meta property=\"og:type\" content=\"article\" \/>\n<meta property=\"og:title\" content=\"Microsoft Office Home &amp; Business 2021 MAC - Spain\" \/>\n<meta property=\"og:description\" content=\"Microsoft Office Home &amp; Business 2021 MAC  Se envia por correo electr\u00f3nico: clave de producto, instrucciones, enlaces de descarga, factura  \u00a1Descarga instant\u00e1nea!  Sin l\u00edmite de tiempo, sin suscripci\u00f3n  Asistencia gratuita para la instalaci\u00f3n y la activaci\u00f3n  Sin entrega en soportes de datos (USB, CD, etc.)  Activaci\u00f3n en l\u00ednea y por tel\u00e9fono  Este producto es compatible con Apple macOS&trade;  NO es compatible con Microsoft Windows, dispositivos Android y Chromebooks.\" \/>\n<meta property=\"og:url\" content=\"https:\/\/winandofficews.com\/spain\/product\/microsoft-office-home-business-2021-mac\/\" \/>\n<meta property=\"og:site_name\" content=\"Spain\" \/>\n<meta property=\"article:modified_time\" content=\"2026-04-14T23:42:13+00:00\" \/>\n<meta name=\"twitter:card\" content=\"summary_large_image\" \/>\n<meta name=\"twitter:label1\" content=\"Tiempo de lectura\" \/>\n\t<meta name=\"twitter:data1\" content=\"2 minutos\" \/>\n<script type=\"application\/ld+json\" class=\"yoast-schema-graph\">{\"@context\":\"https:\\\/\\\/schema.org\",\"@graph\":[{\"@type\":\"WebPage\",\"@id\":\"https:\\\/\\\/winandofficews.com\\\/spain\\\/product\\\/microsoft-office-home-business-2021-mac\\\/\",\"url\":\"https:\\\/\\\/winandofficews.com\\\/spain\\\/product\\\/microsoft-office-home-business-2021-mac\\\/\",\"name\":\"Microsoft Office Home &amp; Business 2021 MAC - Spain\",\"isPartOf\":{\"@id\":\"https:\\\/\\\/winandofficews.com\\\/spain\\\/#website\"},\"primaryImageOfPage\":{\"@id\":\"https:\\\/\\\/winandofficews.com\\\/spain\\\/product\\\/microsoft-office-home-business-2021-mac\\\/#primaryimage\"},\"image\":{\"@id\":\"https:\\\/\\\/winandofficews.com\\\/spain\\\/product\\\/microsoft-office-home-business-2021-mac\\\/#primaryimage\"},\"thumbnailUrl\":\"https:\\\/\\\/winandofficews.com\\\/spain\\\/wp-content\\\/uploads\\\/O21HB.png\",\"datePublished\":\"2025-06-19T11:32:25+00:00\",\"dateModified\":\"2026-04-14T23:42:13+00:00\",\"breadcrumb\":{\"@id\":\"https:\\\/\\\/winandofficews.com\\\/spain\\\/product\\\/microsoft-office-home-business-2021-mac\\\/#breadcrumb\"},\"inLanguage\":\"es\",\"potentialAction\":[{\"@type\":\"ReadAction\",\"target\":[\"https:\\\/\\\/winandofficews.com\\\/spain\\\/product\\\/microsoft-office-home-business-2021-mac\\\/\"]}]},{\"@type\":\"ImageObject\",\"inLanguage\":\"es\",\"@id\":\"https:\\\/\\\/winandofficews.com\\\/spain\\\/product\\\/microsoft-office-home-business-2021-mac\\\/#primaryimage\",\"url\":\"https:\\\/\\\/winandofficews.com\\\/spain\\\/wp-content\\\/uploads\\\/O21HB.png\",\"contentUrl\":\"https:\\\/\\\/winandofficews.com\\\/spain\\\/wp-content\\\/uploads\\\/O21HB.png\"},{\"@type\":\"BreadcrumbList\",\"@id\":\"https:\\\/\\\/winandofficews.com\\\/spain\\\/product\\\/microsoft-office-home-business-2021-mac\\\/#breadcrumb\",\"itemListElement\":[{\"@type\":\"ListItem\",\"position\":1,\"name\":\"Home\",\"item\":\"https:\\\/\\\/winandofficews.com\\\/spain\\\/\"},{\"@type\":\"ListItem\",\"position\":2,\"name\":\"Shop\",\"item\":\"https:\\\/\\\/winandofficews.com\\\/spain\\\/shop\\\/\"},{\"@type\":\"ListItem\",\"position\":3,\"name\":\"Microsoft Office Home &amp; Business 2021 MAC\"}]},{\"@type\":\"WebSite\",\"@id\":\"https:\\\/\\\/winandofficews.com\\\/spain\\\/#website\",\"url\":\"https:\\\/\\\/winandofficews.com\\\/spain\\\/\",\"name\":\"Spain\",\"description\":\"Wholesales Store of Office\",\"publisher\":{\"@id\":\"https:\\\/\\\/winandofficews.com\\\/spain\\\/#organization\"},\"potentialAction\":[{\"@type\":\"SearchAction\",\"target\":{\"@type\":\"EntryPoint\",\"urlTemplate\":\"https:\\\/\\\/winandofficews.com\\\/spain\\\/?s={search_term_string}\"},\"query-input\":{\"@type\":\"PropertyValueSpecification\",\"valueRequired\":true,\"valueName\":\"search_term_string\"}}],\"inLanguage\":\"es\"},{\"@type\":\"Organization\",\"@id\":\"https:\\\/\\\/winandofficews.com\\\/spain\\\/#organization\",\"name\":\"Spain\",\"url\":\"https:\\\/\\\/winandofficews.com\\\/spain\\\/\",\"logo\":{\"@type\":\"ImageObject\",\"inLanguage\":\"es\",\"@id\":\"https:\\\/\\\/winandofficews.com\\\/spain\\\/#\\\/schema\\\/logo\\\/image\\\/\",\"url\":\"https:\\\/\\\/winandofficews.com\\\/spain\\\/wp-content\\\/uploads\\\/sites\\\/19\\\/logo14.png\",\"contentUrl\":\"https:\\\/\\\/winandofficews.com\\\/spain\\\/wp-content\\\/uploads\\\/sites\\\/19\\\/logo14.png\",\"width\":322,\"height\":116,\"caption\":\"Spain\"},\"image\":{\"@id\":\"https:\\\/\\\/winandofficews.com\\\/spain\\\/#\\\/schema\\\/logo\\\/image\\\/\"}}]}<\/script>\n<!-- \/ Yoast SEO plugin. -->","yoast_head_json":{"title":"Microsoft Office Home &amp; Business 2021 MAC - Spain","robots":{"index":"index","follow":"follow","max-snippet":"max-snippet:-1","max-image-preview":"max-image-preview:large","max-video-preview":"max-video-preview:-1"},"canonical":"https:\/\/winandofficews.com\/spain\/product\/microsoft-office-home-business-2021-mac\/","og_locale":"es_ES","og_type":"article","og_title":"Microsoft Office Home &amp; Business 2021 MAC - Spain","og_description":"Microsoft Office Home &amp; Business 2021 MAC  Se envia por correo electr\u00f3nico: clave de producto, instrucciones, enlaces de descarga, factura  \u00a1Descarga instant\u00e1nea!  Sin l\u00edmite de tiempo, sin suscripci\u00f3n  Asistencia gratuita para la instalaci\u00f3n y la activaci\u00f3n  Sin entrega en soportes de datos (USB, CD, etc.)  Activaci\u00f3n en l\u00ednea y por tel\u00e9fono  Este producto es compatible con Apple macOS&trade;  NO es compatible con Microsoft Windows, dispositivos Android y Chromebooks.","og_url":"https:\/\/winandofficews.com\/spain\/product\/microsoft-office-home-business-2021-mac\/","og_site_name":"Spain","article_modified_time":"2026-04-14T23:42:13+00:00","twitter_card":"summary_large_image","twitter_misc":{"Tiempo de lectura":"2 minutos"},"schema":{"@context":"https:\/\/schema.org","@graph":[{"@type":"WebPage","@id":"https:\/\/winandofficews.com\/spain\/product\/microsoft-office-home-business-2021-mac\/","url":"https:\/\/winandofficews.com\/spain\/product\/microsoft-office-home-business-2021-mac\/","name":"Microsoft Office Home &amp; Business 2021 MAC - Spain","isPartOf":{"@id":"https:\/\/winandofficews.com\/spain\/#website"},"primaryImageOfPage":{"@id":"https:\/\/winandofficews.com\/spain\/product\/microsoft-office-home-business-2021-mac\/#primaryimage"},"image":{"@id":"https:\/\/winandofficews.com\/spain\/product\/microsoft-office-home-business-2021-mac\/#primaryimage"},"thumbnailUrl":"https:\/\/winandofficews.com\/spain\/wp-content\/uploads\/O21HB.png","datePublished":"2025-06-19T11:32:25+00:00","dateModified":"2026-04-14T23:42:13+00:00","breadcrumb":{"@id":"https:\/\/winandofficews.com\/spain\/product\/microsoft-office-home-business-2021-mac\/#breadcrumb"},"inLanguage":"es","potentialAction":[{"@type":"ReadAction","target":["https:\/\/winandofficews.com\/spain\/product\/microsoft-office-home-business-2021-mac\/"]}]},{"@type":"ImageObject","inLanguage":"es","@id":"https:\/\/winandofficews.com\/spain\/product\/microsoft-office-home-business-2021-mac\/#primaryimage","url":"https:\/\/winandofficews.com\/spain\/wp-content\/uploads\/O21HB.png","contentUrl":"https:\/\/winandofficews.com\/spain\/wp-content\/uploads\/O21HB.png"},{"@type":"BreadcrumbList","@id":"https:\/\/winandofficews.com\/spain\/product\/microsoft-office-home-business-2021-mac\/#breadcrumb","itemListElement":[{"@type":"ListItem","position":1,"name":"Home","item":"https:\/\/winandofficews.com\/spain\/"},{"@type":"ListItem","position":2,"name":"Shop","item":"https:\/\/winandofficews.com\/spain\/shop\/"},{"@type":"ListItem","position":3,"name":"Microsoft Office Home &amp; Business 2021 MAC"}]},{"@type":"WebSite","@id":"https:\/\/winandofficews.com\/spain\/#website","url":"https:\/\/winandofficews.com\/spain\/","name":"Spain","description":"Wholesales Store of Office","publisher":{"@id":"https:\/\/winandofficews.com\/spain\/#organization"},"potentialAction":[{"@type":"SearchAction","target":{"@type":"EntryPoint","urlTemplate":"https:\/\/winandofficews.com\/spain\/?s={search_term_string}"},"query-input":{"@type":"PropertyValueSpecification","valueRequired":true,"valueName":"search_term_string"}}],"inLanguage":"es"},{"@type":"Organization","@id":"https:\/\/winandofficews.com\/spain\/#organization","name":"Spain","url":"https:\/\/winandofficews.com\/spain\/","logo":{"@type":"ImageObject","inLanguage":"es","@id":"https:\/\/winandofficews.com\/spain\/#\/schema\/logo\/image\/","url":"https:\/\/winandofficews.com\/spain\/wp-content\/uploads\/sites\/19\/logo14.png","contentUrl":"https:\/\/winandofficews.com\/spain\/wp-content\/uploads\/sites\/19\/logo14.png","width":322,"height":116,"caption":"Spain"},"image":{"@id":"https:\/\/winandofficews.com\/spain\/#\/schema\/logo\/image\/"}}]}},"_links":{"self":[{"href":"https:\/\/winandofficews.com\/spain\/wp-json\/wp\/v2\/product\/87384","targetHints":{"allow":["GET"]}}],"collection":[{"href":"https:\/\/winandofficews.com\/spain\/wp-json\/wp\/v2\/product"}],"about":[{"href":"https:\/\/winandofficews.com\/spain\/wp-json\/wp\/v2\/types\/product"}],"replies":[{"embeddable":true,"href":"https:\/\/winandofficews.com\/spain\/wp-json\/wp\/v2\/comments?post=87384"}],"wp:featuredmedia":[{"embeddable":true,"href":"https:\/\/winandofficews.com\/spain\/wp-json\/"}],"wp:attachment":[{"href":"https:\/\/winandofficews.com\/spain\/wp-json\/wp\/v2\/media?parent=87384"}],"wp:term":[{"taxonomy":"product_brand","embeddable":true,"href":"https:\/\/winandofficews.com\/spain\/wp-json\/wp\/v2\/product_brand?post=87384"},{"taxonomy":"product_cat","embeddable":true,"href":"https:\/\/winandofficews.com\/spain\/wp-json\/wp\/v2\/product_cat?post=87384"},{"taxonomy":"product_tag","embeddable":true,"href":"https:\/\/winandofficews.com\/spain\/wp-json\/wp\/v2\/product_tag?post=87384"}],"curies":[{"name":"wp","href":"https:\/\/api.w.org\/{rel}","templated":true}]}}