{"id":87379,"date":"2025-06-19T13:32:24","date_gmt":"2025-06-19T11:32:24","guid":{"rendered":"https:\/\/winandofficews.com\/spain\/?post_type=product&#038;p=87379"},"modified":"2026-04-15T03:54:46","modified_gmt":"2026-04-15T01:54:46","slug":"combo-microsoft-windows-11-home-microsoft-office-2021-professional","status":"publish","type":"product","link":"https:\/\/winandofficews.com\/spain\/product\/combo-microsoft-windows-11-home-microsoft-office-2021-professional\/","title":{"rendered":"Combo Microsoft Windows 11 Home + Microsoft Office 2021 Professional"},"content":{"rendered":"<h3>Microsoft Windows 11 Home<\/h3>\n<p><strong>Requisitos del sistema:<\/strong><\/p>\n<p>\u00a1Prep\u00e1rese para el \u00faltimo y mejor sistema operativo de Microsoft! Esta edici\u00f3n est\u00e1 dirigida al usuario dom\u00e9stico y es adecuada para el uso diario, el trabajo creativo y los juegos.<\/p>\n<p>Estos son los requisitos b\u00e1sicos para instalar Microsoft Windows 11 en una PC. Si su dispositivo no cumple con estos requisitos, es posible que no pueda instalar Microsoft Windows 11 en su dispositivo y deber\u00eda considerar comprar una nueva PC. Si no est\u00e1 seguro de si su PC cumple con estos requisitos, puede consultar con el fabricante del equipo original (OEM) de su PC o, si su dispositivo ya ejecuta Microsoft Windows 10, use la aplicaci\u00f3n PC Health Check para verificar la compatibilidad ( <a href=\"https:\/\/aka.ms\/GetPCHealthCheckApp\"><strong>para descargar<\/strong><\/a>).<\/p>\n<ul>\n<li><strong>Procesador:<\/strong> 1 gigahercio (GHz) o m\u00e1s r\u00e1pido con 2 o m\u00e1s n\u00facleos en un procesador compatible de 64 bits o SoC (System on a Chip).<\/li>\n<li><strong>RAM:<\/strong> 4 gigas (GB)<\/li>\n<li><strong>Espacio de almacenamiento:<\/strong> 64 GB o m\u00e1s Nota: Consulte &#8220;Obtenga m\u00e1s informaci\u00f3n sobre el espacio en disco para mantener Microsoft Windows 11 actualizado&#8221; a continuaci\u00f3n para obtener m\u00e1s detalles.<\/li>\n<li><strong>firmware del sistema:<\/strong> UEFI, compatible con arranque seguro<\/li>\n<li><strong>TPM:<\/strong> M\u00f3dulo de plataforma segura (TPM) versi\u00f3n 2.0<\/li>\n<li><strong>Tarjeta gr\u00e1fica:<\/strong> Compatible con DirectX 12 o superior con controlador WDDM 2.0<\/li>\n<li><strong>Anuncio publicitario:<\/strong> Pantalla de alta resoluci\u00f3n (720p) con una diagonal de m\u00e1s de 9\u2033, 8 bits por canal de color<\/li>\n<li><strong>Conexi\u00f3n a Internet y cuentas de Microsoft:<\/strong> Microsoft Windows 11 Home Edition requiere una conexi\u00f3n a Internet y una cuenta de Microsoft para completar la configuraci\u00f3n del dispositivo en el primer uso. Cambiar un dispositivo desde Microsoft Windows 11 Home en modo S tambi\u00e9n requiere una conexi\u00f3n a Internet. Todas las ediciones de Microsoft Windows 11 requieren acceso a Internet para actualizar y descargar y usar algunas funciones. Se requiere una cuenta de Microsoft para algunas funciones.<\/li>\n<\/ul>\n<p>Con el tiempo, puede haber requisitos adicionales para las actualizaciones, as\u00ed como requisitos para habilitar ciertas funciones dentro del sistema operativo.<\/p>\n<p><a href=\"https:\/\/www.microsoft.com\/en-us\/windows\/windows-11\"><strong>Requisitos espec\u00edficos de funciones para Microsoft Windows 11<\/strong><\/a><\/p>\n<p>Algunas caracter\u00edsticas de Microsoft Windows 11 tienen mayores requisitos m\u00e1s all\u00e1 de los enumerados en la secci\u00f3n de requisitos m\u00ednimos anterior. A continuaci\u00f3n se presentan algunos detalles adicionales sobre los requisitos para las funciones clave:<\/p>\n<ul>\n<li><strong>La compatibilidad con 5G <\/strong>requiere un m\u00f3dem compatible con 5G.<\/li>\n<li><strong>Auto HDR <\/strong>requiere un monitor HDR.<\/li>\n<li><strong>BitLocker to Go <\/strong>requiere una unidad flash USB (disponible en Microsoft Windows Pro y ediciones superiores).<\/li>\n<li><strong>Client Hyper-V <\/strong>requiere un procesador con capacidades de traducci\u00f3n de direcciones de segundo nivel (SLAT) (disponible en Microsoft Windows Pro y ediciones posteriores).<\/li>\n<li><strong>Cortana <\/strong>requiere un micr\u00f3fono y un altavoz y actualmente est\u00e1 disponible en Microsoft Windows 11 para Australia, Brasil, Canad\u00e1, China, Francia, Alemania, India, Italia, Jap\u00f3n, M\u00e9xico, Espa\u00f1a, Reino Unido y EE. UU.<\/li>\n<li><strong>DirectStorage <\/strong>requiere un SSD NVMe para almacenar y ejecutar juegos que usan el controlador &#8220;Standard NVM Express Controller&#8221; y una GPU DirectX12 compatible con Shader Model 6.0.<\/li>\n<li><strong>DirectX 12 Ultimate <\/strong>est\u00e1 disponible con juegos y chips gr\u00e1ficos compatibles.<\/li>\n<li><strong>Presencia <\/strong>requiere un sensor que pueda detectar la distancia del ser humano desde el dispositivo o la intenci\u00f3n de interactuar con el dispositivo.<\/li>\n<li><strong>Las videoconferencias inteligentes <\/strong>requieren una c\u00e1mara de video, un micr\u00f3fono y parlantes (salida de audio).<\/li>\n<li><strong>El asistente de voz m\u00faltiple (MVA) <\/strong>requiere un micr\u00f3fono y un altavoz.<\/li>\n<li><strong>Snap <\/strong>requieren un ancho de pantalla de 1920 p\u00edxeles efectivos o m\u00e1s.<\/li>\n<li><strong>Silenciar\/reactivar el silencio de la barra de tareas <\/strong>requiere c\u00e1mara de video, micr\u00f3fono y parlantes (salida de audio). La aplicaci\u00f3n debe ser compatible con la funci\u00f3n para reactivar el silenciamiento global.<\/li>\n<li><strong>Spatial Sound <\/strong>requiere hardware y software de soporte.<\/li>\n<li><strong>Teams <\/strong>requiere una c\u00e1mara de video, un micr\u00f3fono y parlantes (salida de audio).<\/li>\n<li><strong>Touch <\/strong>requiere una pantalla o monitor que admita multi-touch.<\/li>\n<li><strong>La autenticaci\u00f3n de dos factores <\/strong>requiere el uso de un PIN, datos biom\u00e9tricos (lector de huellas dactilares o c\u00e1mara infrarroja iluminada) o un tel\u00e9fono con capacidades Wi-Fi o Bluetooth.<\/li>\n<li><strong>Voice Typing <\/strong>requiere una PC con un micr\u00f3fono.<\/li>\n<li><strong>Wake on Voice <\/strong>requiere un modelo moderno de alimentaci\u00f3n en espera y un micr\u00f3fono.<\/li>\n<li><strong>Wi-Fi 6E <\/strong>requiere hardware y controladores WiFi IHV nuevos, y un punto de acceso\/enrutador habilitado para Wi-Fi 6E.<\/li>\n<li><strong>Microsoft Windows Hello <\/strong>requiere una c\u00e1mara configurada para infrarrojo cercano (IR) o un lector de huellas dactilares para la autenticaci\u00f3n biom\u00e9trica. Los dispositivos sin sensores biom\u00e9tricos pueden usar Microsoft Windows Hello con un PIN o una clave de seguridad port\u00e1til compatible con Microsoft.<\/li>\n<li><strong>Microsoft Windows Microsoft Projection <\/strong>requiere un adaptador de pantalla compatible con Microsoft Windows Display Driver Model (WDDM) 2.0 y un adaptador Wi-Fi compatible con Wi-Fi Direct.<\/li>\n<li><strong>Xbox (aplicaci\u00f3n) <\/strong>requiere una cuenta de Xbox Live, no disponible en todas las regiones. Consulte los pa\u00edses y regiones de Xbox Live para obtener la informaci\u00f3n m\u00e1s actualizada sobre la disponibilidad. Algunas funciones de la aplicaci\u00f3n Xbox requieren una suscripci\u00f3n activa a Xbox Game Pass. Obtenga m\u00e1s informaci\u00f3n sobre el pase.<\/li>\n<\/ul>\n<h3>Microsoft Office 2021 Profesional<\/h3>\n<p>Microsoft Office 2021 Professional Plus Edition es ideal para usuarios que utilizan la gama completa de aplicaciones en casa o en la oficina. Incluye la gama completa de aplicaciones de Microsoft Office: Word, Excel, Outlook, PowerPoint, Publisher y Access. OneNote, que se puede descargar desde la tienda de Microsoft Windows, le permite crear notas r\u00e1pidamente y hacer que est\u00e9n disponibles en todos los dispositivos a trav\u00e9s de la nube. Experimente rendimiento, estabilidad y velocidad mejorados en Word, Excel, PowerPoint y Outlook. Obtiene b\u00fasquedas nuevas y mejoradas, herramientas de entrada manuscrita, tipos de datos, funciones, herramientas de traducci\u00f3n y edici\u00f3n, gr\u00e1ficos animados, funciones f\u00e1ciles de usar y mucho m\u00e1s en todo el paquete de Microsoft Office 2021.<\/p>\n<ul>\n<li><strong>Word<\/strong>: Creaci\u00f3n de documentos de texto de calidad profesional en poco tiempo.<\/li>\n<li><strong>Excel<\/strong>: Hojas de c\u00e1lculo inteligentes, ahora con nuevas funciones como BUSCARX<\/li>\n<li><strong>Power Point<\/strong>: Funciones nuevas y mejoradas para crear impresionantes presentaciones din\u00e1micas.<\/li>\n<li><strong>OneNote<\/strong>: Tu libreta digital en la nube.<\/li>\n<li><strong>Outlook<\/strong>: Comunicaci\u00f3n simplificada; ahora incluye potentes funciones de traducci\u00f3n.<\/li>\n<li><strong>Publisher<\/strong>: Creaci\u00f3n de maquetaciones para publicaciones profesionales<\/li>\n<li><strong>Access<\/strong>: Creaci\u00f3n de base de datos simple y potente<\/li>\n<li><strong>Microsoft Teams<\/strong>: Sea m\u00e1s productivo con la mensajer\u00eda instant\u00e1nea y las videoconferencias en HD<\/li>\n<\/ul>\n<p>NOTA: Microsoft ya no incluye una licencia de Teams con productos de Office debido a una <a href=\"https:\/\/blogs.microsoft.com\/eupolicy\/2023\/08\/31\/european-competition-teams-office-microsoft-365\/\" target=\"_blank\" rel=\"noopener\">investigaci\u00f3n de la Comisi\u00f3n Europea<\/a>. Puede <a href=\"https:\/\/www.microsoft.com\/en-us\/microsoft-teams\/download-app\" target=\"_blank\" rel=\"noopener\">descargar Teams<\/a> para usarlo con una licencia gratuita o de pago ( compra por separado) dependiendo de sus necesidades. <strong>\u00a1ADQUIERE WINDOWS 10 U 11!<\/strong><\/p>\n<p><strong>Asistencia y soporte:<\/strong><\/p>\n<p>Para cualquier pregunta, por favor no dude en ponerse en contacto con nosotros <a href=\"mailto:spain@winandofficews.com\">por <\/a><a href=\"mailto:spain@winandofficews.com\">correo <\/a>electr\u00f3nico, Nuestro servicio de atenci\u00f3n al cliente y soporte, se encuentra disponible los 7 d\u00edas de la semana, las 24 horas del d\u00eda.<\/p>\n","protected":false},"excerpt":{"rendered":"<ul>\n<li><strong>Combo Microsoft Windows 11 Home + Microsoft Office 2021 Professional<\/strong><\/li>\n<li>Versiones para sistemas de 32 y 64 bits disponibles<\/li>\n<li>Entrega por correo electr\u00f3nico: clave de producto, instrucciones, enlaces de descarga, factura<\/li>\n<li>\u00a1Descarga instant\u00e1nea!<\/li>\n<li>Sin l\u00edmite de tiempo, sin suscripci\u00f3n<\/li>\n<li>Soporte gratuito durante la instalaci\u00f3n y activaci\u00f3n<\/li>\n<li>No disponible en medios f\u00edsicos (USB, CD, etc.)<\/li>\n<li>Activaci\u00f3n en l\u00ednea y por tel\u00e9fono<\/li>\n<li>Idiomas: <strong>espa\u00f1ol<\/strong>, ingl\u00e9s, italiano, alem\u00e1n, franc\u00e9s<\/li>\n<li><strong> Este producto es compatible con Microsoft Windows.<\/strong><\/li>\n<li><strong> NO es compatible con Apple macOS&trade;, procesadores Apple, Parallels para Mac, dispositivos Android y Chromebooks.<\/strong><\/li>\n<\/ul>\n","protected":false},"featured_media":1000007992,"comment_status":"closed","ping_status":"closed","template":"","meta":{"_acf_changed":false},"product_brand":[],"product_cat":[157],"product_tag":[],"class_list":{"0":"post-87379","1":"product","2":"type-product","3":"status-publish","4":"has-post-thumbnail","6":"product_cat-combo","8":"first","9":"instock","10":"sale","11":"virtual","12":"taxable","13":"purchasable","14":"product-type-simple"},"acf":[],"yoast_head":"<!-- This site is optimized with the Yoast SEO plugin v27.4 - https:\/\/yoast.com\/product\/yoast-seo-wordpress\/ -->\n<title>Combo Microsoft Windows 11 Home + Microsoft Office 2021 Professional - Spain<\/title>\n<meta name=\"robots\" content=\"index, follow, max-snippet:-1, max-image-preview:large, max-video-preview:-1\" \/>\n<link rel=\"canonical\" href=\"https:\/\/winandofficews.com\/spain\/product\/combo-microsoft-windows-11-home-microsoft-office-2021-professional\/\" \/>\n<meta property=\"og:locale\" content=\"es_ES\" \/>\n<meta property=\"og:type\" content=\"article\" \/>\n<meta property=\"og:title\" content=\"Combo Microsoft Windows 11 Home + Microsoft Office 2021 Professional - Spain\" \/>\n<meta property=\"og:description\" content=\"Combo Microsoft Windows 11 Home + Microsoft Office 2021 Professional  Versiones para sistemas de 32 y 64 bits disponibles  Entrega por correo electr\u00f3nico: clave de producto, instrucciones, enlaces de descarga, factura  \u00a1Descarga instant\u00e1nea!  Sin l\u00edmite de tiempo, sin suscripci\u00f3n  Soporte gratuito durante la instalaci\u00f3n y activaci\u00f3n  No disponible en medios f\u00edsicos (USB, CD, etc.)  Activaci\u00f3n en l\u00ednea y por tel\u00e9fono  Idiomas: espa\u00f1ol, ingl\u00e9s, italiano, alem\u00e1n, franc\u00e9s   Este producto es compatible con Microsoft Windows.   NO es compatible con Apple macOS&trade;, procesadores Apple, Parallels para Mac, dispositivos Android y Chromebooks.\" \/>\n<meta property=\"og:url\" content=\"https:\/\/winandofficews.com\/spain\/product\/combo-microsoft-windows-11-home-microsoft-office-2021-professional\/\" \/>\n<meta property=\"og:site_name\" content=\"Spain\" \/>\n<meta property=\"article:modified_time\" content=\"2026-04-15T01:54:46+00:00\" \/>\n<meta name=\"twitter:card\" content=\"summary_large_image\" \/>\n<meta name=\"twitter:label1\" content=\"Tiempo de lectura\" \/>\n\t<meta name=\"twitter:data1\" content=\"6 minutos\" \/>\n<script type=\"application\/ld+json\" class=\"yoast-schema-graph\">{\"@context\":\"https:\\\/\\\/schema.org\",\"@graph\":[{\"@type\":\"WebPage\",\"@id\":\"https:\\\/\\\/winandofficews.com\\\/spain\\\/product\\\/combo-microsoft-windows-11-home-microsoft-office-2021-professional\\\/\",\"url\":\"https:\\\/\\\/winandofficews.com\\\/spain\\\/product\\\/combo-microsoft-windows-11-home-microsoft-office-2021-professional\\\/\",\"name\":\"Combo Microsoft Windows 11 Home + Microsoft Office 2021 Professional - Spain\",\"isPartOf\":{\"@id\":\"https:\\\/\\\/winandofficews.com\\\/spain\\\/#website\"},\"primaryImageOfPage\":{\"@id\":\"https:\\\/\\\/winandofficews.com\\\/spain\\\/product\\\/combo-microsoft-windows-11-home-microsoft-office-2021-professional\\\/#primaryimage\"},\"image\":{\"@id\":\"https:\\\/\\\/winandofficews.com\\\/spain\\\/product\\\/combo-microsoft-windows-11-home-microsoft-office-2021-professional\\\/#primaryimage\"},\"thumbnailUrl\":\"https:\\\/\\\/winandofficews.com\\\/spain\\\/wp-content\\\/uploads\\\/W11HO21P.png\",\"datePublished\":\"2025-06-19T11:32:24+00:00\",\"dateModified\":\"2026-04-15T01:54:46+00:00\",\"breadcrumb\":{\"@id\":\"https:\\\/\\\/winandofficews.com\\\/spain\\\/product\\\/combo-microsoft-windows-11-home-microsoft-office-2021-professional\\\/#breadcrumb\"},\"inLanguage\":\"es\",\"potentialAction\":[{\"@type\":\"ReadAction\",\"target\":[\"https:\\\/\\\/winandofficews.com\\\/spain\\\/product\\\/combo-microsoft-windows-11-home-microsoft-office-2021-professional\\\/\"]}]},{\"@type\":\"ImageObject\",\"inLanguage\":\"es\",\"@id\":\"https:\\\/\\\/winandofficews.com\\\/spain\\\/product\\\/combo-microsoft-windows-11-home-microsoft-office-2021-professional\\\/#primaryimage\",\"url\":\"https:\\\/\\\/winandofficews.com\\\/spain\\\/wp-content\\\/uploads\\\/W11HO21P.png\",\"contentUrl\":\"https:\\\/\\\/winandofficews.com\\\/spain\\\/wp-content\\\/uploads\\\/W11HO21P.png\"},{\"@type\":\"BreadcrumbList\",\"@id\":\"https:\\\/\\\/winandofficews.com\\\/spain\\\/product\\\/combo-microsoft-windows-11-home-microsoft-office-2021-professional\\\/#breadcrumb\",\"itemListElement\":[{\"@type\":\"ListItem\",\"position\":1,\"name\":\"Home\",\"item\":\"https:\\\/\\\/winandofficews.com\\\/spain\\\/\"},{\"@type\":\"ListItem\",\"position\":2,\"name\":\"Shop\",\"item\":\"https:\\\/\\\/winandofficews.com\\\/spain\\\/shop\\\/\"},{\"@type\":\"ListItem\",\"position\":3,\"name\":\"Combo Microsoft Windows 11 Home + Microsoft Office 2021 Professional\"}]},{\"@type\":\"WebSite\",\"@id\":\"https:\\\/\\\/winandofficews.com\\\/spain\\\/#website\",\"url\":\"https:\\\/\\\/winandofficews.com\\\/spain\\\/\",\"name\":\"Spain\",\"description\":\"Wholesales Store of Office\",\"publisher\":{\"@id\":\"https:\\\/\\\/winandofficews.com\\\/spain\\\/#organization\"},\"potentialAction\":[{\"@type\":\"SearchAction\",\"target\":{\"@type\":\"EntryPoint\",\"urlTemplate\":\"https:\\\/\\\/winandofficews.com\\\/spain\\\/?s={search_term_string}\"},\"query-input\":{\"@type\":\"PropertyValueSpecification\",\"valueRequired\":true,\"valueName\":\"search_term_string\"}}],\"inLanguage\":\"es\"},{\"@type\":\"Organization\",\"@id\":\"https:\\\/\\\/winandofficews.com\\\/spain\\\/#organization\",\"name\":\"Spain\",\"url\":\"https:\\\/\\\/winandofficews.com\\\/spain\\\/\",\"logo\":{\"@type\":\"ImageObject\",\"inLanguage\":\"es\",\"@id\":\"https:\\\/\\\/winandofficews.com\\\/spain\\\/#\\\/schema\\\/logo\\\/image\\\/\",\"url\":\"https:\\\/\\\/winandofficews.com\\\/spain\\\/wp-content\\\/uploads\\\/sites\\\/19\\\/logo14.png\",\"contentUrl\":\"https:\\\/\\\/winandofficews.com\\\/spain\\\/wp-content\\\/uploads\\\/sites\\\/19\\\/logo14.png\",\"width\":322,\"height\":116,\"caption\":\"Spain\"},\"image\":{\"@id\":\"https:\\\/\\\/winandofficews.com\\\/spain\\\/#\\\/schema\\\/logo\\\/image\\\/\"}}]}<\/script>\n<!-- \/ Yoast SEO plugin. -->","yoast_head_json":{"title":"Combo Microsoft Windows 11 Home + Microsoft Office 2021 Professional - Spain","robots":{"index":"index","follow":"follow","max-snippet":"max-snippet:-1","max-image-preview":"max-image-preview:large","max-video-preview":"max-video-preview:-1"},"canonical":"https:\/\/winandofficews.com\/spain\/product\/combo-microsoft-windows-11-home-microsoft-office-2021-professional\/","og_locale":"es_ES","og_type":"article","og_title":"Combo Microsoft Windows 11 Home + Microsoft Office 2021 Professional - Spain","og_description":"Combo Microsoft Windows 11 Home + Microsoft Office 2021 Professional  Versiones para sistemas de 32 y 64 bits disponibles  Entrega por correo electr\u00f3nico: clave de producto, instrucciones, enlaces de descarga, factura  \u00a1Descarga instant\u00e1nea!  Sin l\u00edmite de tiempo, sin suscripci\u00f3n  Soporte gratuito durante la instalaci\u00f3n y activaci\u00f3n  No disponible en medios f\u00edsicos (USB, CD, etc.)  Activaci\u00f3n en l\u00ednea y por tel\u00e9fono  Idiomas: espa\u00f1ol, ingl\u00e9s, italiano, alem\u00e1n, franc\u00e9s   Este producto es compatible con Microsoft Windows.   NO es compatible con Apple macOS&trade;, procesadores Apple, Parallels para Mac, dispositivos Android y Chromebooks.","og_url":"https:\/\/winandofficews.com\/spain\/product\/combo-microsoft-windows-11-home-microsoft-office-2021-professional\/","og_site_name":"Spain","article_modified_time":"2026-04-15T01:54:46+00:00","twitter_card":"summary_large_image","twitter_misc":{"Tiempo de lectura":"6 minutos"},"schema":{"@context":"https:\/\/schema.org","@graph":[{"@type":"WebPage","@id":"https:\/\/winandofficews.com\/spain\/product\/combo-microsoft-windows-11-home-microsoft-office-2021-professional\/","url":"https:\/\/winandofficews.com\/spain\/product\/combo-microsoft-windows-11-home-microsoft-office-2021-professional\/","name":"Combo Microsoft Windows 11 Home + Microsoft Office 2021 Professional - Spain","isPartOf":{"@id":"https:\/\/winandofficews.com\/spain\/#website"},"primaryImageOfPage":{"@id":"https:\/\/winandofficews.com\/spain\/product\/combo-microsoft-windows-11-home-microsoft-office-2021-professional\/#primaryimage"},"image":{"@id":"https:\/\/winandofficews.com\/spain\/product\/combo-microsoft-windows-11-home-microsoft-office-2021-professional\/#primaryimage"},"thumbnailUrl":"https:\/\/winandofficews.com\/spain\/wp-content\/uploads\/W11HO21P.png","datePublished":"2025-06-19T11:32:24+00:00","dateModified":"2026-04-15T01:54:46+00:00","breadcrumb":{"@id":"https:\/\/winandofficews.com\/spain\/product\/combo-microsoft-windows-11-home-microsoft-office-2021-professional\/#breadcrumb"},"inLanguage":"es","potentialAction":[{"@type":"ReadAction","target":["https:\/\/winandofficews.com\/spain\/product\/combo-microsoft-windows-11-home-microsoft-office-2021-professional\/"]}]},{"@type":"ImageObject","inLanguage":"es","@id":"https:\/\/winandofficews.com\/spain\/product\/combo-microsoft-windows-11-home-microsoft-office-2021-professional\/#primaryimage","url":"https:\/\/winandofficews.com\/spain\/wp-content\/uploads\/W11HO21P.png","contentUrl":"https:\/\/winandofficews.com\/spain\/wp-content\/uploads\/W11HO21P.png"},{"@type":"BreadcrumbList","@id":"https:\/\/winandofficews.com\/spain\/product\/combo-microsoft-windows-11-home-microsoft-office-2021-professional\/#breadcrumb","itemListElement":[{"@type":"ListItem","position":1,"name":"Home","item":"https:\/\/winandofficews.com\/spain\/"},{"@type":"ListItem","position":2,"name":"Shop","item":"https:\/\/winandofficews.com\/spain\/shop\/"},{"@type":"ListItem","position":3,"name":"Combo Microsoft Windows 11 Home + Microsoft Office 2021 Professional"}]},{"@type":"WebSite","@id":"https:\/\/winandofficews.com\/spain\/#website","url":"https:\/\/winandofficews.com\/spain\/","name":"Spain","description":"Wholesales Store of Office","publisher":{"@id":"https:\/\/winandofficews.com\/spain\/#organization"},"potentialAction":[{"@type":"SearchAction","target":{"@type":"EntryPoint","urlTemplate":"https:\/\/winandofficews.com\/spain\/?s={search_term_string}"},"query-input":{"@type":"PropertyValueSpecification","valueRequired":true,"valueName":"search_term_string"}}],"inLanguage":"es"},{"@type":"Organization","@id":"https:\/\/winandofficews.com\/spain\/#organization","name":"Spain","url":"https:\/\/winandofficews.com\/spain\/","logo":{"@type":"ImageObject","inLanguage":"es","@id":"https:\/\/winandofficews.com\/spain\/#\/schema\/logo\/image\/","url":"https:\/\/winandofficews.com\/spain\/wp-content\/uploads\/sites\/19\/logo14.png","contentUrl":"https:\/\/winandofficews.com\/spain\/wp-content\/uploads\/sites\/19\/logo14.png","width":322,"height":116,"caption":"Spain"},"image":{"@id":"https:\/\/winandofficews.com\/spain\/#\/schema\/logo\/image\/"}}]}},"_links":{"self":[{"href":"https:\/\/winandofficews.com\/spain\/wp-json\/wp\/v2\/product\/87379","targetHints":{"allow":["GET"]}}],"collection":[{"href":"https:\/\/winandofficews.com\/spain\/wp-json\/wp\/v2\/product"}],"about":[{"href":"https:\/\/winandofficews.com\/spain\/wp-json\/wp\/v2\/types\/product"}],"replies":[{"embeddable":true,"href":"https:\/\/winandofficews.com\/spain\/wp-json\/wp\/v2\/comments?post=87379"}],"wp:featuredmedia":[{"embeddable":true,"href":"https:\/\/winandofficews.com\/spain\/wp-json\/"}],"wp:attachment":[{"href":"https:\/\/winandofficews.com\/spain\/wp-json\/wp\/v2\/media?parent=87379"}],"wp:term":[{"taxonomy":"product_brand","embeddable":true,"href":"https:\/\/winandofficews.com\/spain\/wp-json\/wp\/v2\/product_brand?post=87379"},{"taxonomy":"product_cat","embeddable":true,"href":"https:\/\/winandofficews.com\/spain\/wp-json\/wp\/v2\/product_cat?post=87379"},{"taxonomy":"product_tag","embeddable":true,"href":"https:\/\/winandofficews.com\/spain\/wp-json\/wp\/v2\/product_tag?post=87379"}],"curies":[{"name":"wp","href":"https:\/\/api.w.org\/{rel}","templated":true}]}}