{"id":87378,"date":"2025-06-19T13:32:24","date_gmt":"2025-06-19T11:32:24","guid":{"rendered":"https:\/\/winandofficews.com\/spain\/?post_type=product&#038;p=87378"},"modified":"2026-04-15T04:05:09","modified_gmt":"2026-04-15T02:05:09","slug":"combo-microsoft-windows-10-home-microsoft-office-2021-professional","status":"publish","type":"product","link":"https:\/\/winandofficews.com\/spain\/product\/combo-microsoft-windows-10-home-microsoft-office-2021-professional\/","title":{"rendered":"Combo Microsoft Windows 10 Home + Microsoft Office 2021 Professional"},"content":{"rendered":"<h3>Microsoft Windows 10 Home<\/h3>\n<p>Con una computadora que ejecuta Microsoft Windows 10 Home, todas las opciones est\u00e1n abiertas para usted.<\/p>\n<ul>\n<li>Funciones de seguridad integradas, como software antivirus, cortafuegos y mecanismos de protecci\u00f3n de Internet<\/li>\n<li>Escanee su rostro o su huella digital con Microsoft Windows Hello para desbloquear su computadora de manera r\u00e1pida y segura sin contrase\u00f1a<\/li>\n<li>Con el Asistente de notificaciones, puede bloquear notificaciones, sonidos y alertas para no distraerse mientras trabaja<\/li>\n<li>La l\u00ednea de tiempo le permite desplazarse r\u00e1pida y f\u00e1cilmente a trav\u00e9s de sus documentos, aplicaciones y sitios web utilizados m\u00e1s recientemente.<\/li>\n<li>Con Microsoft Photos, puede organizar, buscar, editar y compartir f\u00e1cilmente sus fotos y videos<\/li>\n<li>Game Bar le permite transmitir sus juegos en vivo al instante, capturar capturas de pantalla y ajustar la configuraci\u00f3n de audio<\/li>\n<\/ul>\n<p>Se beneficiar\u00e1 de inicios m\u00e1s r\u00e1pidos, un men\u00fa Inicio familiar pero mejorado y nuevas formas de hacer las cosas de manera r\u00e1pida y efectiva. Tambi\u00e9n obtendr\u00e1 nuevas funciones como un nuevo navegador para ayudarlo a navegar por la web y su asistente digital personal, Cortana. Cortana lo acompa\u00f1a en todos sus dispositivos con Microsoft Windows 10 y lo ayuda a hacer las cosas. Ella aprende m\u00e1s y m\u00e1s sobre ti con el tiempo y puede apoyarte mejor cada d\u00eda.<\/p>\n<p><strong>Microsoft Windows 10 Home <\/strong>lo apoya de manera \u00f3ptima en todo lo que hace. Mant\u00e9ngase organizado simplemente ajustando aplicaciones y optimizando la pantalla para un trabajo m\u00e1s productivo. Acople hasta cuatro aplicaciones al mismo tiempo y cree escritorios virtuales cuando necesite m\u00e1s espacio o desee agrupar contenido para un proyecto. Aplicaciones ofim\u00e1ticas para el trabajo y juegos para el ocio.<\/p>\n<p><strong>Microsoft Windows 10 <\/strong>es compatible con el hardware, el software y los perif\u00e9ricos que ya posee. Mantenga su sistema actualizado con nuevas funciones y funciones de seguridad durante toda la vida \u00fatil del producto.<\/p>\n<p><strong>Requisitos del sistema:<\/strong><\/p>\n<ul>\n<li>M\u00ednimo. Procesador de 1 GHz o m\u00e1s r\u00e1pido<\/li>\n<li>Memoria de 1 GB (32 bits), 2 GB (64 bits)<\/li>\n<li>20 GB de espacio disponible en disco duro<\/li>\n<li>Tarjeta gr\u00e1fica con procesador de gr\u00e1ficos DirectX 9 y controlador WDDM<\/li>\n<\/ul>\n<h3>Microsoft Office 2021 Profesional Plus<\/h3>\n<p>Microsoft Office 2021 Professional Plus Edition es ideal para usuarios que utilizan la gama completa de aplicaciones en casa o en la oficina. Incluye la gama completa de aplicaciones de Microsoft Office: Word, Excel, Outlook, PowerPoint, Publisher y Access. OneNote, que se puede descargar desde la tienda de Microsoft Windows, le permite crear notas r\u00e1pidamente y hacer que est\u00e9n disponibles en todos los dispositivos a trav\u00e9s de la nube. Experimente rendimiento, estabilidad y velocidad mejorados en Word, Excel, PowerPoint y Outlook. Obtiene b\u00fasquedas nuevas y mejoradas, herramientas de entrada manuscrita, tipos de datos, funciones, herramientas de traducci\u00f3n y edici\u00f3n, gr\u00e1ficos animados, funciones f\u00e1ciles de usar y mucho m\u00e1s en todo el paquete de Microsoft Office 2021.<\/p>\n<ul>\n<li><strong>Word<\/strong>: Crea documentos de texto de calidad profesional en poco tiempo.<\/li>\n<li><strong>Excel<\/strong>: Hojas de c\u00e1lculo inteligentes, ahora con nuevas funciones como BUSCARX<\/li>\n<li><strong>Power Point<\/strong>: Funciones nuevas y mejoradas para crear impresionantes presentaciones din\u00e1micas.<\/li>\n<li><strong>OneNote<\/strong>: Tu libreta digital en la nube.<\/li>\n<li><strong>Outlook<\/strong>: Comunicaci\u00f3n simplificada; ahora incluye potentes funciones de traducci\u00f3n.<\/li>\n<li><strong>Publisher<\/strong>: Creaci\u00f3n de maquetaciones para publicaciones profesionales<\/li>\n<li><strong>Access<\/strong>: Creaci\u00f3n de base de datos simple y potente<\/li>\n<li><strong>Microsoft Teams<\/strong>: Sea m\u00e1s productivo con la mensajer\u00eda instant\u00e1nea y las videoconferencias en HD.<\/li>\n<\/ul>\n<p>NOTA: Microsoft ya no incluye una licencia de Teams con productos de Office debido a una <a href=\"https:\/\/blogs.microsoft.com\/eupolicy\/2023\/08\/31\/european-competition-teams-office-microsoft-365\/\" target=\"_blank\" rel=\"noopener\">investigaci\u00f3n de la Comisi\u00f3n Europea<\/a>. Puede <a href=\"https:\/\/www.microsoft.com\/en-us\/microsoft-teams\/download-app\" target=\"_blank\" rel=\"noopener\">descargar Teams<\/a> para usarlo con una licencia gratuita o de pago ( compra por separado) dependiendo de sus necesidades. <strong>\u00a1ADQUIERE WINDOWS 10 U 11!<\/strong><\/p>\n<p><strong>Asistencia y soporte:<\/strong><\/p>\n<p>Para cualquier pregunta, por favor no dude en ponerse en contacto con nosotros <a href=\"mailto:spain@winandofficews.com\">por <\/a><a href=\"mailto:spain@winandofficews.com\">correo <\/a>electr\u00f3nico, Nuestro servicio de atenci\u00f3n al cliente y soporte, se encuentra disponible los 7 d\u00edas de la semana, las 24 horas del d\u00eda.<\/p>\n","protected":false},"excerpt":{"rendered":"<ul>\n<li>Combo Microsoft Windows 10 Home + Microsoft Office 2021 Professional<\/li>\n<li>Versiones para sistemas de 32 y 64 bits disponibles<\/li>\n<li>Entrega por correo electr\u00f3nico: clave de producto, instrucciones, enlaces de descarga, factura<\/li>\n<li>\u00a1Descarga instant\u00e1nea!<\/li>\n<li>Sin l\u00edmite de tiempo, sin suscripci\u00f3n<\/li>\n<li>Soporte gratuito durante la instalaci\u00f3n y activaci\u00f3n<\/li>\n<li>No disponible en medios f\u00edsicos (USB, CD, etc.)<\/li>\n<li>Activaci\u00f3n en l\u00ednea y por tel\u00e9fono<\/li>\n<li>Idiomas: <strong>espa\u00f1ol<\/strong>, ingl\u00e9s, italiano, alem\u00e1n, franc\u00e9s<\/li>\n<li><strong> Este producto es compatible con Microsoft Windows.<\/strong><\/li>\n<li><strong> NO es compatible con Apple macOS&trade;, procesadores Apple, Parallels para Mac, dispositivos Android y Chromebooks.<\/strong><\/li>\n<\/ul>\n","protected":false},"featured_media":1000007988,"comment_status":"closed","ping_status":"closed","template":"","meta":{"_acf_changed":false},"product_brand":[],"product_cat":[157],"product_tag":[],"class_list":{"0":"post-87378","1":"product","2":"type-product","3":"status-publish","4":"has-post-thumbnail","6":"product_cat-combo","8":"first","9":"instock","10":"sale","11":"virtual","12":"taxable","13":"purchasable","14":"product-type-simple"},"acf":[],"yoast_head":"<!-- This site is optimized with the Yoast SEO plugin v27.4 - https:\/\/yoast.com\/product\/yoast-seo-wordpress\/ -->\n<title>Combo Microsoft Windows 10 Home + Microsoft Office 2021 Professional - Spain<\/title>\n<meta name=\"robots\" content=\"index, follow, max-snippet:-1, max-image-preview:large, max-video-preview:-1\" \/>\n<link rel=\"canonical\" href=\"https:\/\/winandofficews.com\/spain\/product\/combo-microsoft-windows-10-home-microsoft-office-2021-professional\/\" \/>\n<meta property=\"og:locale\" content=\"es_ES\" \/>\n<meta property=\"og:type\" content=\"article\" \/>\n<meta property=\"og:title\" content=\"Combo Microsoft Windows 10 Home + Microsoft Office 2021 Professional - Spain\" \/>\n<meta property=\"og:description\" content=\"Combo Microsoft Windows 10 Home + Microsoft Office 2021 Professional  Versiones para sistemas de 32 y 64 bits disponibles  Entrega por correo electr\u00f3nico: clave de producto, instrucciones, enlaces de descarga, factura  \u00a1Descarga instant\u00e1nea!  Sin l\u00edmite de tiempo, sin suscripci\u00f3n  Soporte gratuito durante la instalaci\u00f3n y activaci\u00f3n  No disponible en medios f\u00edsicos (USB, CD, etc.)  Activaci\u00f3n en l\u00ednea y por tel\u00e9fono  Idiomas: espa\u00f1ol, ingl\u00e9s, italiano, alem\u00e1n, franc\u00e9s   Este producto es compatible con Microsoft Windows.   NO es compatible con Apple macOS&trade;, procesadores Apple, Parallels para Mac, dispositivos Android y Chromebooks.\" \/>\n<meta property=\"og:url\" content=\"https:\/\/winandofficews.com\/spain\/product\/combo-microsoft-windows-10-home-microsoft-office-2021-professional\/\" \/>\n<meta property=\"og:site_name\" content=\"Spain\" \/>\n<meta property=\"article:modified_time\" content=\"2026-04-15T02:05:09+00:00\" \/>\n<meta name=\"twitter:card\" content=\"summary_large_image\" \/>\n<meta name=\"twitter:label1\" content=\"Tiempo de lectura\" \/>\n\t<meta name=\"twitter:data1\" content=\"4 minutos\" \/>\n<script type=\"application\/ld+json\" class=\"yoast-schema-graph\">{\"@context\":\"https:\\\/\\\/schema.org\",\"@graph\":[{\"@type\":\"WebPage\",\"@id\":\"https:\\\/\\\/winandofficews.com\\\/spain\\\/product\\\/combo-microsoft-windows-10-home-microsoft-office-2021-professional\\\/\",\"url\":\"https:\\\/\\\/winandofficews.com\\\/spain\\\/product\\\/combo-microsoft-windows-10-home-microsoft-office-2021-professional\\\/\",\"name\":\"Combo Microsoft Windows 10 Home + Microsoft Office 2021 Professional - Spain\",\"isPartOf\":{\"@id\":\"https:\\\/\\\/winandofficews.com\\\/spain\\\/#website\"},\"primaryImageOfPage\":{\"@id\":\"https:\\\/\\\/winandofficews.com\\\/spain\\\/product\\\/combo-microsoft-windows-10-home-microsoft-office-2021-professional\\\/#primaryimage\"},\"image\":{\"@id\":\"https:\\\/\\\/winandofficews.com\\\/spain\\\/product\\\/combo-microsoft-windows-10-home-microsoft-office-2021-professional\\\/#primaryimage\"},\"thumbnailUrl\":\"https:\\\/\\\/winandofficews.com\\\/spain\\\/wp-content\\\/uploads\\\/W10HO21P.png\",\"datePublished\":\"2025-06-19T11:32:24+00:00\",\"dateModified\":\"2026-04-15T02:05:09+00:00\",\"breadcrumb\":{\"@id\":\"https:\\\/\\\/winandofficews.com\\\/spain\\\/product\\\/combo-microsoft-windows-10-home-microsoft-office-2021-professional\\\/#breadcrumb\"},\"inLanguage\":\"es\",\"potentialAction\":[{\"@type\":\"ReadAction\",\"target\":[\"https:\\\/\\\/winandofficews.com\\\/spain\\\/product\\\/combo-microsoft-windows-10-home-microsoft-office-2021-professional\\\/\"]}]},{\"@type\":\"ImageObject\",\"inLanguage\":\"es\",\"@id\":\"https:\\\/\\\/winandofficews.com\\\/spain\\\/product\\\/combo-microsoft-windows-10-home-microsoft-office-2021-professional\\\/#primaryimage\",\"url\":\"https:\\\/\\\/winandofficews.com\\\/spain\\\/wp-content\\\/uploads\\\/W10HO21P.png\",\"contentUrl\":\"https:\\\/\\\/winandofficews.com\\\/spain\\\/wp-content\\\/uploads\\\/W10HO21P.png\"},{\"@type\":\"BreadcrumbList\",\"@id\":\"https:\\\/\\\/winandofficews.com\\\/spain\\\/product\\\/combo-microsoft-windows-10-home-microsoft-office-2021-professional\\\/#breadcrumb\",\"itemListElement\":[{\"@type\":\"ListItem\",\"position\":1,\"name\":\"Home\",\"item\":\"https:\\\/\\\/winandofficews.com\\\/spain\\\/\"},{\"@type\":\"ListItem\",\"position\":2,\"name\":\"Shop\",\"item\":\"https:\\\/\\\/winandofficews.com\\\/spain\\\/shop\\\/\"},{\"@type\":\"ListItem\",\"position\":3,\"name\":\"Combo Microsoft Windows 10 Home + Microsoft Office 2021 Professional\"}]},{\"@type\":\"WebSite\",\"@id\":\"https:\\\/\\\/winandofficews.com\\\/spain\\\/#website\",\"url\":\"https:\\\/\\\/winandofficews.com\\\/spain\\\/\",\"name\":\"Spain\",\"description\":\"Wholesales Store of Office\",\"publisher\":{\"@id\":\"https:\\\/\\\/winandofficews.com\\\/spain\\\/#organization\"},\"potentialAction\":[{\"@type\":\"SearchAction\",\"target\":{\"@type\":\"EntryPoint\",\"urlTemplate\":\"https:\\\/\\\/winandofficews.com\\\/spain\\\/?s={search_term_string}\"},\"query-input\":{\"@type\":\"PropertyValueSpecification\",\"valueRequired\":true,\"valueName\":\"search_term_string\"}}],\"inLanguage\":\"es\"},{\"@type\":\"Organization\",\"@id\":\"https:\\\/\\\/winandofficews.com\\\/spain\\\/#organization\",\"name\":\"Spain\",\"url\":\"https:\\\/\\\/winandofficews.com\\\/spain\\\/\",\"logo\":{\"@type\":\"ImageObject\",\"inLanguage\":\"es\",\"@id\":\"https:\\\/\\\/winandofficews.com\\\/spain\\\/#\\\/schema\\\/logo\\\/image\\\/\",\"url\":\"https:\\\/\\\/winandofficews.com\\\/spain\\\/wp-content\\\/uploads\\\/sites\\\/19\\\/logo14.png\",\"contentUrl\":\"https:\\\/\\\/winandofficews.com\\\/spain\\\/wp-content\\\/uploads\\\/sites\\\/19\\\/logo14.png\",\"width\":322,\"height\":116,\"caption\":\"Spain\"},\"image\":{\"@id\":\"https:\\\/\\\/winandofficews.com\\\/spain\\\/#\\\/schema\\\/logo\\\/image\\\/\"}}]}<\/script>\n<!-- \/ Yoast SEO plugin. -->","yoast_head_json":{"title":"Combo Microsoft Windows 10 Home + Microsoft Office 2021 Professional - Spain","robots":{"index":"index","follow":"follow","max-snippet":"max-snippet:-1","max-image-preview":"max-image-preview:large","max-video-preview":"max-video-preview:-1"},"canonical":"https:\/\/winandofficews.com\/spain\/product\/combo-microsoft-windows-10-home-microsoft-office-2021-professional\/","og_locale":"es_ES","og_type":"article","og_title":"Combo Microsoft Windows 10 Home + Microsoft Office 2021 Professional - Spain","og_description":"Combo Microsoft Windows 10 Home + Microsoft Office 2021 Professional  Versiones para sistemas de 32 y 64 bits disponibles  Entrega por correo electr\u00f3nico: clave de producto, instrucciones, enlaces de descarga, factura  \u00a1Descarga instant\u00e1nea!  Sin l\u00edmite de tiempo, sin suscripci\u00f3n  Soporte gratuito durante la instalaci\u00f3n y activaci\u00f3n  No disponible en medios f\u00edsicos (USB, CD, etc.)  Activaci\u00f3n en l\u00ednea y por tel\u00e9fono  Idiomas: espa\u00f1ol, ingl\u00e9s, italiano, alem\u00e1n, franc\u00e9s   Este producto es compatible con Microsoft Windows.   NO es compatible con Apple macOS&trade;, procesadores Apple, Parallels para Mac, dispositivos Android y Chromebooks.","og_url":"https:\/\/winandofficews.com\/spain\/product\/combo-microsoft-windows-10-home-microsoft-office-2021-professional\/","og_site_name":"Spain","article_modified_time":"2026-04-15T02:05:09+00:00","twitter_card":"summary_large_image","twitter_misc":{"Tiempo de lectura":"4 minutos"},"schema":{"@context":"https:\/\/schema.org","@graph":[{"@type":"WebPage","@id":"https:\/\/winandofficews.com\/spain\/product\/combo-microsoft-windows-10-home-microsoft-office-2021-professional\/","url":"https:\/\/winandofficews.com\/spain\/product\/combo-microsoft-windows-10-home-microsoft-office-2021-professional\/","name":"Combo Microsoft Windows 10 Home + Microsoft Office 2021 Professional - Spain","isPartOf":{"@id":"https:\/\/winandofficews.com\/spain\/#website"},"primaryImageOfPage":{"@id":"https:\/\/winandofficews.com\/spain\/product\/combo-microsoft-windows-10-home-microsoft-office-2021-professional\/#primaryimage"},"image":{"@id":"https:\/\/winandofficews.com\/spain\/product\/combo-microsoft-windows-10-home-microsoft-office-2021-professional\/#primaryimage"},"thumbnailUrl":"https:\/\/winandofficews.com\/spain\/wp-content\/uploads\/W10HO21P.png","datePublished":"2025-06-19T11:32:24+00:00","dateModified":"2026-04-15T02:05:09+00:00","breadcrumb":{"@id":"https:\/\/winandofficews.com\/spain\/product\/combo-microsoft-windows-10-home-microsoft-office-2021-professional\/#breadcrumb"},"inLanguage":"es","potentialAction":[{"@type":"ReadAction","target":["https:\/\/winandofficews.com\/spain\/product\/combo-microsoft-windows-10-home-microsoft-office-2021-professional\/"]}]},{"@type":"ImageObject","inLanguage":"es","@id":"https:\/\/winandofficews.com\/spain\/product\/combo-microsoft-windows-10-home-microsoft-office-2021-professional\/#primaryimage","url":"https:\/\/winandofficews.com\/spain\/wp-content\/uploads\/W10HO21P.png","contentUrl":"https:\/\/winandofficews.com\/spain\/wp-content\/uploads\/W10HO21P.png"},{"@type":"BreadcrumbList","@id":"https:\/\/winandofficews.com\/spain\/product\/combo-microsoft-windows-10-home-microsoft-office-2021-professional\/#breadcrumb","itemListElement":[{"@type":"ListItem","position":1,"name":"Home","item":"https:\/\/winandofficews.com\/spain\/"},{"@type":"ListItem","position":2,"name":"Shop","item":"https:\/\/winandofficews.com\/spain\/shop\/"},{"@type":"ListItem","position":3,"name":"Combo Microsoft Windows 10 Home + Microsoft Office 2021 Professional"}]},{"@type":"WebSite","@id":"https:\/\/winandofficews.com\/spain\/#website","url":"https:\/\/winandofficews.com\/spain\/","name":"Spain","description":"Wholesales Store of Office","publisher":{"@id":"https:\/\/winandofficews.com\/spain\/#organization"},"potentialAction":[{"@type":"SearchAction","target":{"@type":"EntryPoint","urlTemplate":"https:\/\/winandofficews.com\/spain\/?s={search_term_string}"},"query-input":{"@type":"PropertyValueSpecification","valueRequired":true,"valueName":"search_term_string"}}],"inLanguage":"es"},{"@type":"Organization","@id":"https:\/\/winandofficews.com\/spain\/#organization","name":"Spain","url":"https:\/\/winandofficews.com\/spain\/","logo":{"@type":"ImageObject","inLanguage":"es","@id":"https:\/\/winandofficews.com\/spain\/#\/schema\/logo\/image\/","url":"https:\/\/winandofficews.com\/spain\/wp-content\/uploads\/sites\/19\/logo14.png","contentUrl":"https:\/\/winandofficews.com\/spain\/wp-content\/uploads\/sites\/19\/logo14.png","width":322,"height":116,"caption":"Spain"},"image":{"@id":"https:\/\/winandofficews.com\/spain\/#\/schema\/logo\/image\/"}}]}},"_links":{"self":[{"href":"https:\/\/winandofficews.com\/spain\/wp-json\/wp\/v2\/product\/87378","targetHints":{"allow":["GET"]}}],"collection":[{"href":"https:\/\/winandofficews.com\/spain\/wp-json\/wp\/v2\/product"}],"about":[{"href":"https:\/\/winandofficews.com\/spain\/wp-json\/wp\/v2\/types\/product"}],"replies":[{"embeddable":true,"href":"https:\/\/winandofficews.com\/spain\/wp-json\/wp\/v2\/comments?post=87378"}],"wp:featuredmedia":[{"embeddable":true,"href":"https:\/\/winandofficews.com\/spain\/wp-json\/"}],"wp:attachment":[{"href":"https:\/\/winandofficews.com\/spain\/wp-json\/wp\/v2\/media?parent=87378"}],"wp:term":[{"taxonomy":"product_brand","embeddable":true,"href":"https:\/\/winandofficews.com\/spain\/wp-json\/wp\/v2\/product_brand?post=87378"},{"taxonomy":"product_cat","embeddable":true,"href":"https:\/\/winandofficews.com\/spain\/wp-json\/wp\/v2\/product_cat?post=87378"},{"taxonomy":"product_tag","embeddable":true,"href":"https:\/\/winandofficews.com\/spain\/wp-json\/wp\/v2\/product_tag?post=87378"}],"curies":[{"name":"wp","href":"https:\/\/api.w.org\/{rel}","templated":true}]}}