{"id":87375,"date":"2025-06-19T13:32:24","date_gmt":"2025-06-19T11:32:24","guid":{"rendered":"https:\/\/winandofficews.com\/spain\/?post_type=product&#038;p=87375"},"modified":"2026-04-15T04:16:18","modified_gmt":"2026-04-15T02:16:18","slug":"microsoft-visio-2021-standard-microsoft-project-2021-professional-microsoft-office-2021-professional-plus-microsoft-windows-11-professional-licencia-para-3-dispositivos","status":"publish","type":"product","link":"https:\/\/winandofficews.com\/spain\/product\/microsoft-visio-2021-standard-microsoft-project-2021-professional-microsoft-office-2021-professional-plus-microsoft-windows-11-professional-licencia-para-3-dispositivos\/","title":{"rendered":"Microsoft Visio 2021 Standard, Microsoft Project 2021 Professional, Microsoft Office 2021 Professional Plus, Microsoft Windows 11 Professional Licencia para 3 dispositivos"},"content":{"rendered":"<h3>Microsoft Windows 11 Professional<\/h3>\n<p><strong>Con esta licencia, el software puede activarse en 3 dispositivos diferentes, por ejemplo, PC dom\u00e9stico, port\u00e1til y PC de trabajo.<\/strong><\/p>\n<p><strong>Requisitos de Sistema<\/strong><\/p>\n<p><strong>\u00a1Aseg\u00farese de contar con todos los requisitos para poder instalar la ultima versi\u00f3n de Microsoft Windows, el sistema operativo de Microsoft!<\/strong><\/p>\n<p>Estos son los requisitos b\u00e1sicos para instalar Microsoft Windows 11 en una PC. Si su dispositivo no cumple con estos requisitos, es posible que no pueda instalar Microsoft Windows 11 en el y que desee considerar comprar una nueva PC. Si no est\u00e1 seguro de si su PC cumple con estos requisitos, puede consultar con el fabricante (OEM) de su PC o, si su dispositivo ya ejecuta Microsoft Windows 10, puede usar la aplicaci\u00f3n PC Health Check para evaluar la compatibilidad ( <strong><a href=\"https:\/\/aka.ms\/GetPCHealthCheckApp\">haga clic aqu\u00ed para descargar <\/a><\/strong>).<\/p>\n<ul>\n<li><strong>Procesador :<\/strong> De 1 gigahercio (GHz) o mayor frecuencia con 2 o m\u00e1s n\u00facleos en un procesador compatible de 64 bits o &#8220;System on a Chip&#8221; ( SoC )<\/li>\n<li><strong>RAM:<\/strong> 4 gigabytes (GB)<\/li>\n<li><strong>Almacenamiento:<\/strong> 64 GB o m\u00e1s disponibles en el almacenamiento del dispositivo Nota: Consulte en &#8220;M\u00e1s informaci\u00f3n sobre el espacio de almacenamiento necesario para mantener Microsoft Windows 11 actualizado&#8221;<\/li>\n<li><strong>Firmware del sistema :<\/strong> Necesitar\u00e1s un ordenador con UEFI y compatible con Secure Boot.<\/li>\n<li><strong>TPM:<\/strong> De confianza M\u00f3dulo de plataforma (TPM) versi\u00f3n 2.0 (que desde 2016 es obligatorio para el hardware de cualquier ordenador con Microsoft Windows)<\/li>\n<li><strong>Tarjeta gr\u00e1fica :<\/strong> Compatible con DirectX 12 o posterior con controlador WDDM 2.0<\/li>\n<li><strong>Pantalla :<\/strong> Pantalla de un m\u00ednimo de 9 pulgadas en diagonal, con 720p de alta definici\u00f3n y canal de 8 bits por color.<\/li>\n<li><strong>Conexi\u00f3n a Internet y cuentas de Microsoft :<\/strong> Vas a necesitar contar con una cuenta de Microsoft y necesitar\u00e1s estar conectado a Internet para la configuraci\u00f3n inicial y cualquier actualizaci\u00f3n.<\/li>\n<\/ul>\n<h3> Microsoft Project 2021 Professional <\/h3>\n<p><strong>Con esta licencia, el software puede activarse en 3 dispositivos diferentes, por ejemplo, PC dom\u00e9stico, port\u00e1til y PC de trabajo.<\/strong><\/p>\n<p>El potente Microsoft Project Professional 2021 Edition ofrece funciones ampliadas y nuevas interfaces para MS SharePoint, Microsoft Project Server y Skype. El software aprovecha al m\u00e1ximo las numerosas ventajas del sistema operativo Microsoft Windows 10 u 11, pero no es compatible con versiones anteriores de Microsoft Windows. MS Microsoft Project Professional 2021 est\u00e1 dirigido principalmente a gerentes de proyectos en empresas que planifican, controlan, documentan y luego analizan sus proyectos individuales.<\/p>\n<h3>Microsoft Office 2021 Professional Plus<\/h3>\n<p><strong>Con esta licencia, el software puede activarse en 3 dispositivos diferentes, por ejemplo, PC dom\u00e9stico, port\u00e1til y PC de trabajo.<\/strong><\/p>\n<p>Se recomienda a los usuarios de Microsoft Office que utilizan la gama completa de aplicaciones en casa o en la oficina que utilicen Microsoft Office 2021 Professional Plus Edition. Todos los programas importantes est\u00e1n incluidos: Word, Excel, Outlook, PowerPoint, Publisher y Access. OneNote ya est\u00e1 disponible para descargar desde la tienda de Microsoft Windows para que pueda tomar notas r\u00e1pidamente y compartirlas entre dispositivos a trav\u00e9s de la nube. Debido a la gran selecci\u00f3n de diferentes programas, la versi\u00f3n Professional Plus est\u00e1 dirigida principalmente a personas que trabajan en casa, en la oficina en casa o buscan una soluci\u00f3n potente y fiable en la oficina para organizar documentos, hojas de c\u00e1lculo, etc.<\/p>\n<ul>\n<li><strong>Word<\/strong>: Cree documentos de texto de calidad profesional en poco tiempo<\/li>\n<li><strong>Excel<\/strong>: Hojas de c\u00e1lculo inteligentes para la gesti\u00f3n de la informaci\u00f3n<\/li>\n<li><strong>Power Point<\/strong>: Cree impresionantes presentaciones din\u00e1micas<\/li>\n<li><strong>OneNote<\/strong>: Tu libreta digital<\/li>\n<li><strong>Outlook<\/strong>: Comunicaci\u00f3n simplificado<\/li>\n<li><strong>Publisher:<\/strong> Creaci\u00f3n de maquetaciones para publicaciones profesionales<\/li>\n<li><strong>Access<\/strong>: Programaci\u00f3n de bases de datos para aplicaciones basadas en navegador<\/li>\n<li><strong>Microsoft Teams<\/strong>: Sea m\u00e1s productivo con la mensajer\u00eda instant\u00e1nea y las videoconferencias en HD<\/li>\n<\/ul>\n<p>NOTA: Microsoft ya no incluye una licencia de Teams con productos de Office debido a una <a href=\"https:\/\/blogs.microsoft.com\/eupolicy\/2023\/08\/31\/european-competition-teams-office-microsoft-365\/\" target=\"_blank\" rel=\"noopener\">investigaci\u00f3n de la Comisi\u00f3n Europea<\/a>. Puede <a href=\"https:\/\/www.microsoft.com\/en-us\/microsoft-teams\/download-app\" target=\"_blank\" rel=\"noopener\">descargar Teams<\/a> para usarlo con una licencia gratuita o de pago ( compra por separado) dependiendo de sus necesidades.<\/p>\n<h3>Microsoft Visio 2021 Standard<\/h3>\n<p><strong>Con esta licencia, el software puede activarse en 3 dispositivos diferentes, por ejemplo, PC dom\u00e9stico, port\u00e1til y PC de trabajo.<\/strong><\/p>\n<p>Microsoft Visio Standard 2021 es la \u00faltima generaci\u00f3n del popular software de Microsoft para crear y editar diagramas y visualizaciones. Microsoft Visio Standard es particularmente adecuado para empresas porque varios usuarios en un equipo o departamento pueden trabajar en los diagramas al mismo tiempo. Muchas interfaces est\u00e1n disponibles para compartir las visualizaciones terminadas interna y externamente con personas seleccionadas. Microsoft ha trabajado mucho en las plantillas y formas que se usan continuamente en Microsoft Visio. Los estilos de los gr\u00e1ficos tambi\u00e9n se han mejorado para hacerlos m\u00e1s impactantes visualmente y al mismo tiempo hacerlos m\u00e1s legibles. Con Microsoft Visio Standard 2021, tambi\u00e9n tiene la opci\u00f3n de introducir datos en una visualizaci\u00f3n existente en tiempo real.<\/p>\n<p><strong>Asistencia y soporte:<\/strong><\/p>\n<p>Para cualquier pregunta, por favor no dude en ponerse en contacto con nosotros <a href=\"mailto:spain@winandofficews.com\">por <\/a><a href=\"mailto:spain@winandofficews.com\">correo <\/a>electr\u00f3nico, Nuestro servicio de atenci\u00f3n al cliente y soporte, se encuentra disponible los 7 d\u00edas de la semana, las 24 horas del d\u00eda.<\/p>\n","protected":false},"excerpt":{"rendered":"<ul>\n<li><strong>Microsoft Visio 2021 Standard, Microsoft Project 2021 Professional, Microsoft Office 2021 Professional Plus, Microsoft Windows 11 Pro Licencia para 3 PC<\/strong><\/li>\n<li>Con esta licencia, el software puede activarse en 3 dispositivos diferentes, por ejemplo, PC dom\u00e9stico, port\u00e1til y PC de trabajo.<\/li>\n<li>Versiones para sistemas de 32 y 64 bits disponibles<\/li>\n<li>Entrega por correo electr\u00f3nico: clave de producto, instrucciones, enlaces de descarga, factura<\/li>\n<li>\u00a1Descarga instant\u00e1nea!<\/li>\n<li>Sin l\u00edmite de tiempo, sin suscripci\u00f3n<\/li>\n<li>Soporte gratuito durante la instalaci\u00f3n y activaci\u00f3n<\/li>\n<li>No disponible en medios f\u00edsicos (USB, CD, etc.)<\/li>\n<li>Activaci\u00f3n en l\u00ednea y por tel\u00e9fono<\/li>\n<li><strong> Este producto es compatible con Microsoft Windows.<\/strong><\/li>\n<li><strong> NO es compatible con Apple macOS&trade;, procesadores Apple, Parallels para Mac, dispositivos Android y Chromebooks.<\/strong><\/li>\n<\/ul>\n","protected":false},"featured_media":1000008008,"comment_status":"closed","ping_status":"closed","template":"","meta":{"_acf_changed":false},"product_brand":[],"product_cat":[157],"product_tag":[],"class_list":{"0":"post-87375","1":"product","2":"type-product","3":"status-publish","4":"has-post-thumbnail","6":"product_cat-combo","8":"first","9":"instock","10":"sale","11":"virtual","12":"taxable","13":"purchasable","14":"product-type-simple"},"acf":[],"yoast_head":"<!-- This site is optimized with the Yoast SEO plugin v27.4 - https:\/\/yoast.com\/product\/yoast-seo-wordpress\/ -->\n<title>Microsoft Visio 2021 Standard, Microsoft Project 2021 Professional, Microsoft Office 2021 Professional Plus, Microsoft Windows 11 Professional Licencia para 3 dispositivos - Spain<\/title>\n<meta name=\"robots\" content=\"index, follow, max-snippet:-1, max-image-preview:large, max-video-preview:-1\" \/>\n<link rel=\"canonical\" href=\"https:\/\/winandofficews.com\/spain\/product\/microsoft-visio-2021-standard-microsoft-project-2021-professional-microsoft-office-2021-professional-plus-microsoft-windows-11-professional-licencia-para-3-dispositivos\/\" \/>\n<meta property=\"og:locale\" content=\"es_ES\" \/>\n<meta property=\"og:type\" content=\"article\" \/>\n<meta property=\"og:title\" content=\"Microsoft Visio 2021 Standard, Microsoft Project 2021 Professional, Microsoft Office 2021 Professional Plus, Microsoft Windows 11 Professional Licencia para 3 dispositivos - Spain\" \/>\n<meta property=\"og:description\" content=\"Microsoft Visio 2021 Standard, Microsoft Project 2021 Professional, Microsoft Office 2021 Professional Plus, Microsoft Windows 11 Pro Licencia para 3 PC  Con esta licencia, el software puede activarse en 3 dispositivos diferentes, por ejemplo, PC dom\u00e9stico, port\u00e1til y PC de trabajo.  Versiones para sistemas de 32 y 64 bits disponibles  Entrega por correo electr\u00f3nico: clave de producto, instrucciones, enlaces de descarga, factura  \u00a1Descarga instant\u00e1nea!  Sin l\u00edmite de tiempo, sin suscripci\u00f3n  Soporte gratuito durante la instalaci\u00f3n y activaci\u00f3n  No disponible en medios f\u00edsicos (USB, CD, etc.)  Activaci\u00f3n en l\u00ednea y por tel\u00e9fono   Este producto es compatible con Microsoft Windows.   NO es compatible con Apple macOS&trade;, procesadores Apple, Parallels para Mac, dispositivos Android y Chromebooks.\" \/>\n<meta property=\"og:url\" content=\"https:\/\/winandofficews.com\/spain\/product\/microsoft-visio-2021-standard-microsoft-project-2021-professional-microsoft-office-2021-professional-plus-microsoft-windows-11-professional-licencia-para-3-dispositivos\/\" \/>\n<meta property=\"og:site_name\" content=\"Spain\" \/>\n<meta property=\"article:modified_time\" content=\"2026-04-15T02:16:18+00:00\" \/>\n<meta name=\"twitter:card\" content=\"summary_large_image\" \/>\n<meta name=\"twitter:label1\" content=\"Tiempo de lectura\" \/>\n\t<meta name=\"twitter:data1\" content=\"4 minutos\" \/>\n<script type=\"application\/ld+json\" class=\"yoast-schema-graph\">{\"@context\":\"https:\\\/\\\/schema.org\",\"@graph\":[{\"@type\":\"WebPage\",\"@id\":\"https:\\\/\\\/winandofficews.com\\\/spain\\\/product\\\/microsoft-visio-2021-standard-microsoft-project-2021-professional-microsoft-office-2021-professional-plus-microsoft-windows-11-professional-licencia-para-3-dispositivos\\\/\",\"url\":\"https:\\\/\\\/winandofficews.com\\\/spain\\\/product\\\/microsoft-visio-2021-standard-microsoft-project-2021-professional-microsoft-office-2021-professional-plus-microsoft-windows-11-professional-licencia-para-3-dispositivos\\\/\",\"name\":\"Microsoft Visio 2021 Standard, Microsoft Project 2021 Professional, Microsoft Office 2021 Professional Plus, Microsoft Windows 11 Professional Licencia para 3 dispositivos - Spain\",\"isPartOf\":{\"@id\":\"https:\\\/\\\/winandofficews.com\\\/spain\\\/#website\"},\"primaryImageOfPage\":{\"@id\":\"https:\\\/\\\/winandofficews.com\\\/spain\\\/product\\\/microsoft-visio-2021-standard-microsoft-project-2021-professional-microsoft-office-2021-professional-plus-microsoft-windows-11-professional-licencia-para-3-dispositivos\\\/#primaryimage\"},\"image\":{\"@id\":\"https:\\\/\\\/winandofficews.com\\\/spain\\\/product\\\/microsoft-visio-2021-standard-microsoft-project-2021-professional-microsoft-office-2021-professional-plus-microsoft-windows-11-professional-licencia-para-3-dispositivos\\\/#primaryimage\"},\"thumbnailUrl\":\"https:\\\/\\\/winandofficews.com\\\/spain\\\/wp-content\\\/uploads\\\/W11PO21PP21PV21S.png\",\"datePublished\":\"2025-06-19T11:32:24+00:00\",\"dateModified\":\"2026-04-15T02:16:18+00:00\",\"breadcrumb\":{\"@id\":\"https:\\\/\\\/winandofficews.com\\\/spain\\\/product\\\/microsoft-visio-2021-standard-microsoft-project-2021-professional-microsoft-office-2021-professional-plus-microsoft-windows-11-professional-licencia-para-3-dispositivos\\\/#breadcrumb\"},\"inLanguage\":\"es\",\"potentialAction\":[{\"@type\":\"ReadAction\",\"target\":[\"https:\\\/\\\/winandofficews.com\\\/spain\\\/product\\\/microsoft-visio-2021-standard-microsoft-project-2021-professional-microsoft-office-2021-professional-plus-microsoft-windows-11-professional-licencia-para-3-dispositivos\\\/\"]}]},{\"@type\":\"ImageObject\",\"inLanguage\":\"es\",\"@id\":\"https:\\\/\\\/winandofficews.com\\\/spain\\\/product\\\/microsoft-visio-2021-standard-microsoft-project-2021-professional-microsoft-office-2021-professional-plus-microsoft-windows-11-professional-licencia-para-3-dispositivos\\\/#primaryimage\",\"url\":\"https:\\\/\\\/winandofficews.com\\\/spain\\\/wp-content\\\/uploads\\\/W11PO21PP21PV21S.png\",\"contentUrl\":\"https:\\\/\\\/winandofficews.com\\\/spain\\\/wp-content\\\/uploads\\\/W11PO21PP21PV21S.png\"},{\"@type\":\"BreadcrumbList\",\"@id\":\"https:\\\/\\\/winandofficews.com\\\/spain\\\/product\\\/microsoft-visio-2021-standard-microsoft-project-2021-professional-microsoft-office-2021-professional-plus-microsoft-windows-11-professional-licencia-para-3-dispositivos\\\/#breadcrumb\",\"itemListElement\":[{\"@type\":\"ListItem\",\"position\":1,\"name\":\"Home\",\"item\":\"https:\\\/\\\/winandofficews.com\\\/spain\\\/\"},{\"@type\":\"ListItem\",\"position\":2,\"name\":\"Shop\",\"item\":\"https:\\\/\\\/winandofficews.com\\\/spain\\\/shop\\\/\"},{\"@type\":\"ListItem\",\"position\":3,\"name\":\"Microsoft Visio 2021 Standard, Microsoft Project 2021 Professional, Microsoft Office 2021 Professional Plus, Microsoft Windows 11 Professional Licencia para 3 dispositivos\"}]},{\"@type\":\"WebSite\",\"@id\":\"https:\\\/\\\/winandofficews.com\\\/spain\\\/#website\",\"url\":\"https:\\\/\\\/winandofficews.com\\\/spain\\\/\",\"name\":\"Spain\",\"description\":\"Wholesales Store of Office\",\"publisher\":{\"@id\":\"https:\\\/\\\/winandofficews.com\\\/spain\\\/#organization\"},\"potentialAction\":[{\"@type\":\"SearchAction\",\"target\":{\"@type\":\"EntryPoint\",\"urlTemplate\":\"https:\\\/\\\/winandofficews.com\\\/spain\\\/?s={search_term_string}\"},\"query-input\":{\"@type\":\"PropertyValueSpecification\",\"valueRequired\":true,\"valueName\":\"search_term_string\"}}],\"inLanguage\":\"es\"},{\"@type\":\"Organization\",\"@id\":\"https:\\\/\\\/winandofficews.com\\\/spain\\\/#organization\",\"name\":\"Spain\",\"url\":\"https:\\\/\\\/winandofficews.com\\\/spain\\\/\",\"logo\":{\"@type\":\"ImageObject\",\"inLanguage\":\"es\",\"@id\":\"https:\\\/\\\/winandofficews.com\\\/spain\\\/#\\\/schema\\\/logo\\\/image\\\/\",\"url\":\"https:\\\/\\\/winandofficews.com\\\/spain\\\/wp-content\\\/uploads\\\/sites\\\/19\\\/logo14.png\",\"contentUrl\":\"https:\\\/\\\/winandofficews.com\\\/spain\\\/wp-content\\\/uploads\\\/sites\\\/19\\\/logo14.png\",\"width\":322,\"height\":116,\"caption\":\"Spain\"},\"image\":{\"@id\":\"https:\\\/\\\/winandofficews.com\\\/spain\\\/#\\\/schema\\\/logo\\\/image\\\/\"}}]}<\/script>\n<!-- \/ Yoast SEO plugin. -->","yoast_head_json":{"title":"Microsoft Visio 2021 Standard, Microsoft Project 2021 Professional, Microsoft Office 2021 Professional Plus, Microsoft Windows 11 Professional Licencia para 3 dispositivos - Spain","robots":{"index":"index","follow":"follow","max-snippet":"max-snippet:-1","max-image-preview":"max-image-preview:large","max-video-preview":"max-video-preview:-1"},"canonical":"https:\/\/winandofficews.com\/spain\/product\/microsoft-visio-2021-standard-microsoft-project-2021-professional-microsoft-office-2021-professional-plus-microsoft-windows-11-professional-licencia-para-3-dispositivos\/","og_locale":"es_ES","og_type":"article","og_title":"Microsoft Visio 2021 Standard, Microsoft Project 2021 Professional, Microsoft Office 2021 Professional Plus, Microsoft Windows 11 Professional Licencia para 3 dispositivos - Spain","og_description":"Microsoft Visio 2021 Standard, Microsoft Project 2021 Professional, Microsoft Office 2021 Professional Plus, Microsoft Windows 11 Pro Licencia para 3 PC  Con esta licencia, el software puede activarse en 3 dispositivos diferentes, por ejemplo, PC dom\u00e9stico, port\u00e1til y PC de trabajo.  Versiones para sistemas de 32 y 64 bits disponibles  Entrega por correo electr\u00f3nico: clave de producto, instrucciones, enlaces de descarga, factura  \u00a1Descarga instant\u00e1nea!  Sin l\u00edmite de tiempo, sin suscripci\u00f3n  Soporte gratuito durante la instalaci\u00f3n y activaci\u00f3n  No disponible en medios f\u00edsicos (USB, CD, etc.)  Activaci\u00f3n en l\u00ednea y por tel\u00e9fono   Este producto es compatible con Microsoft Windows.   NO es compatible con Apple macOS&trade;, procesadores Apple, Parallels para Mac, dispositivos Android y Chromebooks.","og_url":"https:\/\/winandofficews.com\/spain\/product\/microsoft-visio-2021-standard-microsoft-project-2021-professional-microsoft-office-2021-professional-plus-microsoft-windows-11-professional-licencia-para-3-dispositivos\/","og_site_name":"Spain","article_modified_time":"2026-04-15T02:16:18+00:00","twitter_card":"summary_large_image","twitter_misc":{"Tiempo de lectura":"4 minutos"},"schema":{"@context":"https:\/\/schema.org","@graph":[{"@type":"WebPage","@id":"https:\/\/winandofficews.com\/spain\/product\/microsoft-visio-2021-standard-microsoft-project-2021-professional-microsoft-office-2021-professional-plus-microsoft-windows-11-professional-licencia-para-3-dispositivos\/","url":"https:\/\/winandofficews.com\/spain\/product\/microsoft-visio-2021-standard-microsoft-project-2021-professional-microsoft-office-2021-professional-plus-microsoft-windows-11-professional-licencia-para-3-dispositivos\/","name":"Microsoft Visio 2021 Standard, Microsoft Project 2021 Professional, Microsoft Office 2021 Professional Plus, Microsoft Windows 11 Professional Licencia para 3 dispositivos - Spain","isPartOf":{"@id":"https:\/\/winandofficews.com\/spain\/#website"},"primaryImageOfPage":{"@id":"https:\/\/winandofficews.com\/spain\/product\/microsoft-visio-2021-standard-microsoft-project-2021-professional-microsoft-office-2021-professional-plus-microsoft-windows-11-professional-licencia-para-3-dispositivos\/#primaryimage"},"image":{"@id":"https:\/\/winandofficews.com\/spain\/product\/microsoft-visio-2021-standard-microsoft-project-2021-professional-microsoft-office-2021-professional-plus-microsoft-windows-11-professional-licencia-para-3-dispositivos\/#primaryimage"},"thumbnailUrl":"https:\/\/winandofficews.com\/spain\/wp-content\/uploads\/W11PO21PP21PV21S.png","datePublished":"2025-06-19T11:32:24+00:00","dateModified":"2026-04-15T02:16:18+00:00","breadcrumb":{"@id":"https:\/\/winandofficews.com\/spain\/product\/microsoft-visio-2021-standard-microsoft-project-2021-professional-microsoft-office-2021-professional-plus-microsoft-windows-11-professional-licencia-para-3-dispositivos\/#breadcrumb"},"inLanguage":"es","potentialAction":[{"@type":"ReadAction","target":["https:\/\/winandofficews.com\/spain\/product\/microsoft-visio-2021-standard-microsoft-project-2021-professional-microsoft-office-2021-professional-plus-microsoft-windows-11-professional-licencia-para-3-dispositivos\/"]}]},{"@type":"ImageObject","inLanguage":"es","@id":"https:\/\/winandofficews.com\/spain\/product\/microsoft-visio-2021-standard-microsoft-project-2021-professional-microsoft-office-2021-professional-plus-microsoft-windows-11-professional-licencia-para-3-dispositivos\/#primaryimage","url":"https:\/\/winandofficews.com\/spain\/wp-content\/uploads\/W11PO21PP21PV21S.png","contentUrl":"https:\/\/winandofficews.com\/spain\/wp-content\/uploads\/W11PO21PP21PV21S.png"},{"@type":"BreadcrumbList","@id":"https:\/\/winandofficews.com\/spain\/product\/microsoft-visio-2021-standard-microsoft-project-2021-professional-microsoft-office-2021-professional-plus-microsoft-windows-11-professional-licencia-para-3-dispositivos\/#breadcrumb","itemListElement":[{"@type":"ListItem","position":1,"name":"Home","item":"https:\/\/winandofficews.com\/spain\/"},{"@type":"ListItem","position":2,"name":"Shop","item":"https:\/\/winandofficews.com\/spain\/shop\/"},{"@type":"ListItem","position":3,"name":"Microsoft Visio 2021 Standard, Microsoft Project 2021 Professional, Microsoft Office 2021 Professional Plus, Microsoft Windows 11 Professional Licencia para 3 dispositivos"}]},{"@type":"WebSite","@id":"https:\/\/winandofficews.com\/spain\/#website","url":"https:\/\/winandofficews.com\/spain\/","name":"Spain","description":"Wholesales Store of Office","publisher":{"@id":"https:\/\/winandofficews.com\/spain\/#organization"},"potentialAction":[{"@type":"SearchAction","target":{"@type":"EntryPoint","urlTemplate":"https:\/\/winandofficews.com\/spain\/?s={search_term_string}"},"query-input":{"@type":"PropertyValueSpecification","valueRequired":true,"valueName":"search_term_string"}}],"inLanguage":"es"},{"@type":"Organization","@id":"https:\/\/winandofficews.com\/spain\/#organization","name":"Spain","url":"https:\/\/winandofficews.com\/spain\/","logo":{"@type":"ImageObject","inLanguage":"es","@id":"https:\/\/winandofficews.com\/spain\/#\/schema\/logo\/image\/","url":"https:\/\/winandofficews.com\/spain\/wp-content\/uploads\/sites\/19\/logo14.png","contentUrl":"https:\/\/winandofficews.com\/spain\/wp-content\/uploads\/sites\/19\/logo14.png","width":322,"height":116,"caption":"Spain"},"image":{"@id":"https:\/\/winandofficews.com\/spain\/#\/schema\/logo\/image\/"}}]}},"_links":{"self":[{"href":"https:\/\/winandofficews.com\/spain\/wp-json\/wp\/v2\/product\/87375","targetHints":{"allow":["GET"]}}],"collection":[{"href":"https:\/\/winandofficews.com\/spain\/wp-json\/wp\/v2\/product"}],"about":[{"href":"https:\/\/winandofficews.com\/spain\/wp-json\/wp\/v2\/types\/product"}],"replies":[{"embeddable":true,"href":"https:\/\/winandofficews.com\/spain\/wp-json\/wp\/v2\/comments?post=87375"}],"wp:featuredmedia":[{"embeddable":true,"href":"https:\/\/winandofficews.com\/spain\/wp-json\/"}],"wp:attachment":[{"href":"https:\/\/winandofficews.com\/spain\/wp-json\/wp\/v2\/media?parent=87375"}],"wp:term":[{"taxonomy":"product_brand","embeddable":true,"href":"https:\/\/winandofficews.com\/spain\/wp-json\/wp\/v2\/product_brand?post=87375"},{"taxonomy":"product_cat","embeddable":true,"href":"https:\/\/winandofficews.com\/spain\/wp-json\/wp\/v2\/product_cat?post=87375"},{"taxonomy":"product_tag","embeddable":true,"href":"https:\/\/winandofficews.com\/spain\/wp-json\/wp\/v2\/product_tag?post=87375"}],"curies":[{"name":"wp","href":"https:\/\/api.w.org\/{rel}","templated":true}]}}