{"id":87372,"date":"2025-06-19T13:32:24","date_gmt":"2025-06-19T11:32:24","guid":{"rendered":"https:\/\/winandofficews.com\/spain\/?post_type=product&#038;p=87372"},"modified":"2026-04-15T04:24:29","modified_gmt":"2026-04-15T02:24:29","slug":"combo-microsoft-office-2019-professional-plus-microsoft-windows-10-professional-licencia-para-3-dispositivos","status":"publish","type":"product","link":"https:\/\/winandofficews.com\/spain\/product\/combo-microsoft-office-2019-professional-plus-microsoft-windows-10-professional-licencia-para-3-dispositivos\/","title":{"rendered":"COMBO:  Microsoft Office 2019 Professional Plus &#8211; Microsoft Windows 10 Professional Licencia para 3 dispositivos"},"content":{"rendered":"<h3>Microsoft Office 2019 Professional Plus &#8211; Microsoft Windows 10 Professional<\/h3>\n<p><strong>Con esta licencia, el software puede activarse en 3 dispositivos diferentes, por ejemplo, PC dom\u00e9stico, port\u00e1til y PC de trabajo.<\/strong><\/p>\n<p>Ahorre tiempo y dinero con nuestro combo de Microsoft, compuesto por las versiones m\u00e1s recientes de Microsoft Office y Microsoft Windows. la soluciones de productividad para los l\u00edderes en el mundo. El paquete contiene los siguientes productos:<\/p>\n<ul>\n<li><strong>Microsoft Windows 10 Professional <\/strong>: El sistema operativo m\u00e1s seguro y fiable con su asistente personal Cortana<\/li>\n<li><strong>Microsoft Office 2019 Profesional Plus <\/strong>: El paquete de software de Microsoft Office m\u00e1s completo<\/li>\n<\/ul>\n<p><strong>Microsoft Windows 10 Profesional<\/strong><\/p>\n<p>Con Microsoft Windows 10 Professional adquiere un sistema operativo fiable en su dispositivo. Se beneficia de un inicio m\u00e1s r\u00e1pido del sistema operativo, un men\u00fa de inicio familiar pero mejorado y con nuevas formas para completar las cosas r\u00e1pidamente. Tambi\u00e9n obtendr\u00e1 nuevas caracter\u00edsticas como un nuevo navegador que le ayudar\u00e1 a navegar por la web y su asistente digital personal Cortana. Cortana es tu asistente digital personal que te seguir\u00e1 en todos tus dispositivos Microsoft Windows 10 y te ayudar\u00e1 en tus tareas rutinarias. Cortana aprende m\u00e1s sobre ti con el tiempo y puede ayudarte mejor cada d\u00eda. Microsoft Windows 10 Professional te ayuda de forma \u00f3ptima en todo lo que realizas.<\/p>\n<p><strong>Microsoft Office 2019 Profesional Plus<\/strong><\/p>\n<p>Elija Microsoft Office 2019 Professional Plus hoy y recibir\u00e1 la soluci\u00f3n de oficina m\u00e1s actualizada y moderna de Microsoft. Adem\u00e1s de las aplicaciones tradicionales, obtiene acceso autom\u00e1ticamente a aplicaciones basadas en navegador y Skype for Business. Con una comunicaci\u00f3n simplificada, puede trabajar de manera m\u00e1s efectiva con otros.<\/p>\n<p>Todo lo que necesitas en un vistazo:<\/p>\n<ul>\n<li><strong>Word 2019: <\/strong>Para la creaci\u00f3n y edici\u00f3n de sus textos y documentos<\/li>\n<li><strong>Excel 2019:<\/strong> Para procesar registros de datos en forma tabular<\/li>\n<li><strong>PowerPoint 2019:<\/strong> Para la creaci\u00f3n de presentaciones inspiradoras<\/li>\n<li><strong>Outlook 2019: <\/strong>Para administrar sus correos electr\u00f3nicos, contactos, horarios y tareas<\/li>\n<li><strong>Publisher 2019:<\/strong> Para crear f\u00e1cilmente publicaciones de aspecto profesional<\/li>\n<li><strong>Access 2019: <\/strong>Para la creaci\u00f3n de bases de datos con acceso a Internet<\/li>\n<li><strong>Lync 2019<\/strong> (Skype for Business): Para aumentar la productividad a trav\u00e9s de mensajer\u00eda instant\u00e1nea y comunicaci\u00f3n y colaboraci\u00f3n sencillas con videoconferencias HD<\/li>\n<li><strong>Web Apps:<\/strong> (Word, Excel, PowerPoint)<\/li>\n<\/ul>\n<p>OneNote ya no forma parte del paquete de Microsoft Office, ahora est\u00e1 incluido en el sistema operativo Microsoft Windows 10, que es necesario para usar Microsoft Office 2021. <strong>Las versiones anteriores de Microsoft Windows no son compatibles.<\/strong><\/p>\n<p><strong>Asistencia y soporte:<\/strong><\/p>\n<p>Para cualquier pregunta, por favor no dude en ponerse en contacto con nosotros <a href=\"mailto:spain@winandofficews.com\">por <\/a><a href=\"mailto:spain@winandofficews.com\">correo <\/a>electr\u00f3nico, Nuestro servicio de atenci\u00f3n al cliente y soporte, se encuentra disponible los 7 d\u00edas de la semana, las 24 horas del d\u00eda.<\/p>\n","protected":false},"excerpt":{"rendered":"<ul>\n<li><strong>Microsoft Windows 10 Professional &amp; Microsoft Office 2019 Professional Plus<\/strong><\/li>\n<li>Con esta licencia, el software puede activarse en 3 dispositivos diferentes, por ejemplo, PC dom\u00e9stico, port\u00e1til y PC de trabajo.<\/li>\n<li>Versiones para sistemas de 32 y 64 bits disponibles<\/li>\n<li>Entrega por correo electr\u00f3nico: clave de producto, instrucciones, enlaces de descarga, factura<\/li>\n<li>\u00a1Descarga instant\u00e1nea!<\/li>\n<li>Sin l\u00edmite de tiempo, sin suscripci\u00f3n<\/li>\n<li>Soporte gratuito durante la instalaci\u00f3n y activaci\u00f3n<\/li>\n<li>No disponible en medios f\u00edsicos (USB, CD, etc.)<\/li>\n<li>Activaci\u00f3n en l\u00ednea y por tel\u00e9fono<\/li>\n<li>Para Microsoft Windows<\/li>\n<li><strong> Este producto es compatible con Microsoft Windows.<\/strong><\/li>\n<li><strong> NO es compatible con Apple macOS&trade;, procesadores Apple, Parallels para Mac, dispositivos Android y Chromebooks.<\/strong><\/li>\n<\/ul>\n","protected":false},"featured_media":1000007970,"comment_status":"closed","ping_status":"closed","template":"","meta":{"_acf_changed":false},"product_brand":[],"product_cat":[155],"product_tag":[],"class_list":{"0":"post-87372","1":"product","2":"type-product","3":"status-publish","4":"has-post-thumbnail","6":"product_cat-microsoft-office","8":"first","9":"instock","10":"sale","11":"virtual","12":"taxable","13":"purchasable","14":"product-type-simple"},"acf":[],"yoast_head":"<!-- This site is optimized with the Yoast SEO plugin v27.4 - https:\/\/yoast.com\/product\/yoast-seo-wordpress\/ -->\n<title>COMBO: Microsoft Office 2019 Professional Plus - Microsoft Windows 10 Professional Licencia para 3 dispositivos - Spain<\/title>\n<meta name=\"robots\" content=\"index, follow, max-snippet:-1, max-image-preview:large, max-video-preview:-1\" \/>\n<link rel=\"canonical\" href=\"https:\/\/winandofficews.com\/spain\/product\/combo-microsoft-office-2019-professional-plus-microsoft-windows-10-professional-licencia-para-3-dispositivos\/\" \/>\n<meta property=\"og:locale\" content=\"es_ES\" \/>\n<meta property=\"og:type\" content=\"article\" \/>\n<meta property=\"og:title\" content=\"COMBO: Microsoft Office 2019 Professional Plus - Microsoft Windows 10 Professional Licencia para 3 dispositivos - Spain\" \/>\n<meta property=\"og:description\" content=\"Microsoft Windows 10 Professional &amp; Microsoft Office 2019 Professional Plus  Con esta licencia, el software puede activarse en 3 dispositivos diferentes, por ejemplo, PC dom\u00e9stico, port\u00e1til y PC de trabajo.  Versiones para sistemas de 32 y 64 bits disponibles  Entrega por correo electr\u00f3nico: clave de producto, instrucciones, enlaces de descarga, factura  \u00a1Descarga instant\u00e1nea!  Sin l\u00edmite de tiempo, sin suscripci\u00f3n  Soporte gratuito durante la instalaci\u00f3n y activaci\u00f3n  No disponible en medios f\u00edsicos (USB, CD, etc.)  Activaci\u00f3n en l\u00ednea y por tel\u00e9fono  Para Microsoft Windows   Este producto es compatible con Microsoft Windows.   NO es compatible con Apple macOS&trade;, procesadores Apple, Parallels para Mac, dispositivos Android y Chromebooks.\" \/>\n<meta property=\"og:url\" content=\"https:\/\/winandofficews.com\/spain\/product\/combo-microsoft-office-2019-professional-plus-microsoft-windows-10-professional-licencia-para-3-dispositivos\/\" \/>\n<meta property=\"og:site_name\" content=\"Spain\" \/>\n<meta property=\"article:modified_time\" content=\"2026-04-15T02:24:29+00:00\" \/>\n<meta name=\"twitter:card\" content=\"summary_large_image\" \/>\n<meta name=\"twitter:label1\" content=\"Tiempo de lectura\" \/>\n\t<meta name=\"twitter:data1\" content=\"3 minutos\" \/>\n<script type=\"application\/ld+json\" class=\"yoast-schema-graph\">{\"@context\":\"https:\\\/\\\/schema.org\",\"@graph\":[{\"@type\":\"WebPage\",\"@id\":\"https:\\\/\\\/winandofficews.com\\\/spain\\\/product\\\/combo-microsoft-office-2019-professional-plus-microsoft-windows-10-professional-licencia-para-3-dispositivos\\\/\",\"url\":\"https:\\\/\\\/winandofficews.com\\\/spain\\\/product\\\/combo-microsoft-office-2019-professional-plus-microsoft-windows-10-professional-licencia-para-3-dispositivos\\\/\",\"name\":\"COMBO: Microsoft Office 2019 Professional Plus - Microsoft Windows 10 Professional Licencia para 3 dispositivos - Spain\",\"isPartOf\":{\"@id\":\"https:\\\/\\\/winandofficews.com\\\/spain\\\/#website\"},\"primaryImageOfPage\":{\"@id\":\"https:\\\/\\\/winandofficews.com\\\/spain\\\/product\\\/combo-microsoft-office-2019-professional-plus-microsoft-windows-10-professional-licencia-para-3-dispositivos\\\/#primaryimage\"},\"image\":{\"@id\":\"https:\\\/\\\/winandofficews.com\\\/spain\\\/product\\\/combo-microsoft-office-2019-professional-plus-microsoft-windows-10-professional-licencia-para-3-dispositivos\\\/#primaryimage\"},\"thumbnailUrl\":\"https:\\\/\\\/winandofficews.com\\\/spain\\\/wp-content\\\/uploads\\\/W10PO19P.png\",\"datePublished\":\"2025-06-19T11:32:24+00:00\",\"dateModified\":\"2026-04-15T02:24:29+00:00\",\"breadcrumb\":{\"@id\":\"https:\\\/\\\/winandofficews.com\\\/spain\\\/product\\\/combo-microsoft-office-2019-professional-plus-microsoft-windows-10-professional-licencia-para-3-dispositivos\\\/#breadcrumb\"},\"inLanguage\":\"es\",\"potentialAction\":[{\"@type\":\"ReadAction\",\"target\":[\"https:\\\/\\\/winandofficews.com\\\/spain\\\/product\\\/combo-microsoft-office-2019-professional-plus-microsoft-windows-10-professional-licencia-para-3-dispositivos\\\/\"]}]},{\"@type\":\"ImageObject\",\"inLanguage\":\"es\",\"@id\":\"https:\\\/\\\/winandofficews.com\\\/spain\\\/product\\\/combo-microsoft-office-2019-professional-plus-microsoft-windows-10-professional-licencia-para-3-dispositivos\\\/#primaryimage\",\"url\":\"https:\\\/\\\/winandofficews.com\\\/spain\\\/wp-content\\\/uploads\\\/W10PO19P.png\",\"contentUrl\":\"https:\\\/\\\/winandofficews.com\\\/spain\\\/wp-content\\\/uploads\\\/W10PO19P.png\"},{\"@type\":\"BreadcrumbList\",\"@id\":\"https:\\\/\\\/winandofficews.com\\\/spain\\\/product\\\/combo-microsoft-office-2019-professional-plus-microsoft-windows-10-professional-licencia-para-3-dispositivos\\\/#breadcrumb\",\"itemListElement\":[{\"@type\":\"ListItem\",\"position\":1,\"name\":\"Home\",\"item\":\"https:\\\/\\\/winandofficews.com\\\/spain\\\/\"},{\"@type\":\"ListItem\",\"position\":2,\"name\":\"Shop\",\"item\":\"https:\\\/\\\/winandofficews.com\\\/spain\\\/shop\\\/\"},{\"@type\":\"ListItem\",\"position\":3,\"name\":\"COMBO: Microsoft Office 2019 Professional Plus &#8211; Microsoft Windows 10 Professional Licencia para 3 dispositivos\"}]},{\"@type\":\"WebSite\",\"@id\":\"https:\\\/\\\/winandofficews.com\\\/spain\\\/#website\",\"url\":\"https:\\\/\\\/winandofficews.com\\\/spain\\\/\",\"name\":\"Spain\",\"description\":\"Wholesales Store of Office\",\"publisher\":{\"@id\":\"https:\\\/\\\/winandofficews.com\\\/spain\\\/#organization\"},\"potentialAction\":[{\"@type\":\"SearchAction\",\"target\":{\"@type\":\"EntryPoint\",\"urlTemplate\":\"https:\\\/\\\/winandofficews.com\\\/spain\\\/?s={search_term_string}\"},\"query-input\":{\"@type\":\"PropertyValueSpecification\",\"valueRequired\":true,\"valueName\":\"search_term_string\"}}],\"inLanguage\":\"es\"},{\"@type\":\"Organization\",\"@id\":\"https:\\\/\\\/winandofficews.com\\\/spain\\\/#organization\",\"name\":\"Spain\",\"url\":\"https:\\\/\\\/winandofficews.com\\\/spain\\\/\",\"logo\":{\"@type\":\"ImageObject\",\"inLanguage\":\"es\",\"@id\":\"https:\\\/\\\/winandofficews.com\\\/spain\\\/#\\\/schema\\\/logo\\\/image\\\/\",\"url\":\"https:\\\/\\\/winandofficews.com\\\/spain\\\/wp-content\\\/uploads\\\/sites\\\/19\\\/logo14.png\",\"contentUrl\":\"https:\\\/\\\/winandofficews.com\\\/spain\\\/wp-content\\\/uploads\\\/sites\\\/19\\\/logo14.png\",\"width\":322,\"height\":116,\"caption\":\"Spain\"},\"image\":{\"@id\":\"https:\\\/\\\/winandofficews.com\\\/spain\\\/#\\\/schema\\\/logo\\\/image\\\/\"}}]}<\/script>\n<!-- \/ Yoast SEO plugin. -->","yoast_head_json":{"title":"COMBO: Microsoft Office 2019 Professional Plus - Microsoft Windows 10 Professional Licencia para 3 dispositivos - Spain","robots":{"index":"index","follow":"follow","max-snippet":"max-snippet:-1","max-image-preview":"max-image-preview:large","max-video-preview":"max-video-preview:-1"},"canonical":"https:\/\/winandofficews.com\/spain\/product\/combo-microsoft-office-2019-professional-plus-microsoft-windows-10-professional-licencia-para-3-dispositivos\/","og_locale":"es_ES","og_type":"article","og_title":"COMBO: Microsoft Office 2019 Professional Plus - Microsoft Windows 10 Professional Licencia para 3 dispositivos - Spain","og_description":"Microsoft Windows 10 Professional &amp; Microsoft Office 2019 Professional Plus  Con esta licencia, el software puede activarse en 3 dispositivos diferentes, por ejemplo, PC dom\u00e9stico, port\u00e1til y PC de trabajo.  Versiones para sistemas de 32 y 64 bits disponibles  Entrega por correo electr\u00f3nico: clave de producto, instrucciones, enlaces de descarga, factura  \u00a1Descarga instant\u00e1nea!  Sin l\u00edmite de tiempo, sin suscripci\u00f3n  Soporte gratuito durante la instalaci\u00f3n y activaci\u00f3n  No disponible en medios f\u00edsicos (USB, CD, etc.)  Activaci\u00f3n en l\u00ednea y por tel\u00e9fono  Para Microsoft Windows   Este producto es compatible con Microsoft Windows.   NO es compatible con Apple macOS&trade;, procesadores Apple, Parallels para Mac, dispositivos Android y Chromebooks.","og_url":"https:\/\/winandofficews.com\/spain\/product\/combo-microsoft-office-2019-professional-plus-microsoft-windows-10-professional-licencia-para-3-dispositivos\/","og_site_name":"Spain","article_modified_time":"2026-04-15T02:24:29+00:00","twitter_card":"summary_large_image","twitter_misc":{"Tiempo de lectura":"3 minutos"},"schema":{"@context":"https:\/\/schema.org","@graph":[{"@type":"WebPage","@id":"https:\/\/winandofficews.com\/spain\/product\/combo-microsoft-office-2019-professional-plus-microsoft-windows-10-professional-licencia-para-3-dispositivos\/","url":"https:\/\/winandofficews.com\/spain\/product\/combo-microsoft-office-2019-professional-plus-microsoft-windows-10-professional-licencia-para-3-dispositivos\/","name":"COMBO: Microsoft Office 2019 Professional Plus - Microsoft Windows 10 Professional Licencia para 3 dispositivos - Spain","isPartOf":{"@id":"https:\/\/winandofficews.com\/spain\/#website"},"primaryImageOfPage":{"@id":"https:\/\/winandofficews.com\/spain\/product\/combo-microsoft-office-2019-professional-plus-microsoft-windows-10-professional-licencia-para-3-dispositivos\/#primaryimage"},"image":{"@id":"https:\/\/winandofficews.com\/spain\/product\/combo-microsoft-office-2019-professional-plus-microsoft-windows-10-professional-licencia-para-3-dispositivos\/#primaryimage"},"thumbnailUrl":"https:\/\/winandofficews.com\/spain\/wp-content\/uploads\/W10PO19P.png","datePublished":"2025-06-19T11:32:24+00:00","dateModified":"2026-04-15T02:24:29+00:00","breadcrumb":{"@id":"https:\/\/winandofficews.com\/spain\/product\/combo-microsoft-office-2019-professional-plus-microsoft-windows-10-professional-licencia-para-3-dispositivos\/#breadcrumb"},"inLanguage":"es","potentialAction":[{"@type":"ReadAction","target":["https:\/\/winandofficews.com\/spain\/product\/combo-microsoft-office-2019-professional-plus-microsoft-windows-10-professional-licencia-para-3-dispositivos\/"]}]},{"@type":"ImageObject","inLanguage":"es","@id":"https:\/\/winandofficews.com\/spain\/product\/combo-microsoft-office-2019-professional-plus-microsoft-windows-10-professional-licencia-para-3-dispositivos\/#primaryimage","url":"https:\/\/winandofficews.com\/spain\/wp-content\/uploads\/W10PO19P.png","contentUrl":"https:\/\/winandofficews.com\/spain\/wp-content\/uploads\/W10PO19P.png"},{"@type":"BreadcrumbList","@id":"https:\/\/winandofficews.com\/spain\/product\/combo-microsoft-office-2019-professional-plus-microsoft-windows-10-professional-licencia-para-3-dispositivos\/#breadcrumb","itemListElement":[{"@type":"ListItem","position":1,"name":"Home","item":"https:\/\/winandofficews.com\/spain\/"},{"@type":"ListItem","position":2,"name":"Shop","item":"https:\/\/winandofficews.com\/spain\/shop\/"},{"@type":"ListItem","position":3,"name":"COMBO: Microsoft Office 2019 Professional Plus &#8211; Microsoft Windows 10 Professional Licencia para 3 dispositivos"}]},{"@type":"WebSite","@id":"https:\/\/winandofficews.com\/spain\/#website","url":"https:\/\/winandofficews.com\/spain\/","name":"Spain","description":"Wholesales Store of Office","publisher":{"@id":"https:\/\/winandofficews.com\/spain\/#organization"},"potentialAction":[{"@type":"SearchAction","target":{"@type":"EntryPoint","urlTemplate":"https:\/\/winandofficews.com\/spain\/?s={search_term_string}"},"query-input":{"@type":"PropertyValueSpecification","valueRequired":true,"valueName":"search_term_string"}}],"inLanguage":"es"},{"@type":"Organization","@id":"https:\/\/winandofficews.com\/spain\/#organization","name":"Spain","url":"https:\/\/winandofficews.com\/spain\/","logo":{"@type":"ImageObject","inLanguage":"es","@id":"https:\/\/winandofficews.com\/spain\/#\/schema\/logo\/image\/","url":"https:\/\/winandofficews.com\/spain\/wp-content\/uploads\/sites\/19\/logo14.png","contentUrl":"https:\/\/winandofficews.com\/spain\/wp-content\/uploads\/sites\/19\/logo14.png","width":322,"height":116,"caption":"Spain"},"image":{"@id":"https:\/\/winandofficews.com\/spain\/#\/schema\/logo\/image\/"}}]}},"_links":{"self":[{"href":"https:\/\/winandofficews.com\/spain\/wp-json\/wp\/v2\/product\/87372","targetHints":{"allow":["GET"]}}],"collection":[{"href":"https:\/\/winandofficews.com\/spain\/wp-json\/wp\/v2\/product"}],"about":[{"href":"https:\/\/winandofficews.com\/spain\/wp-json\/wp\/v2\/types\/product"}],"replies":[{"embeddable":true,"href":"https:\/\/winandofficews.com\/spain\/wp-json\/wp\/v2\/comments?post=87372"}],"wp:featuredmedia":[{"embeddable":true,"href":"https:\/\/winandofficews.com\/spain\/wp-json\/"}],"wp:attachment":[{"href":"https:\/\/winandofficews.com\/spain\/wp-json\/wp\/v2\/media?parent=87372"}],"wp:term":[{"taxonomy":"product_brand","embeddable":true,"href":"https:\/\/winandofficews.com\/spain\/wp-json\/wp\/v2\/product_brand?post=87372"},{"taxonomy":"product_cat","embeddable":true,"href":"https:\/\/winandofficews.com\/spain\/wp-json\/wp\/v2\/product_cat?post=87372"},{"taxonomy":"product_tag","embeddable":true,"href":"https:\/\/winandofficews.com\/spain\/wp-json\/wp\/v2\/product_tag?post=87372"}],"curies":[{"name":"wp","href":"https:\/\/api.w.org\/{rel}","templated":true}]}}