{"id":87371,"date":"2025-06-19T13:32:24","date_gmt":"2025-06-19T11:32:24","guid":{"rendered":"https:\/\/winandofficews.com\/spain\/?post_type=product&#038;p=87371"},"modified":"2026-04-15T04:26:03","modified_gmt":"2026-04-15T02:26:03","slug":"microsoft-office-2019-professional-plus-licencia-para-3-dispositivos","status":"publish","type":"product","link":"https:\/\/winandofficews.com\/spain\/product\/microsoft-office-2019-professional-plus-licencia-para-3-dispositivos\/","title":{"rendered":"Microsoft Office 2019 Professional Plus Licencia para 3 dispositivos"},"content":{"rendered":"<h3>Microsoft Office 2019 Professional Plus<\/h3>\n<p><strong>Con esta licencia, el software puede activarse en 3 dispositivos diferentes, por ejemplo, PC dom\u00e9stico, port\u00e1til y PC de trabajo.<\/strong><\/p>\n<p>Elige Microsoft Office 2019 Professional Plus hoy y recibe la soluci\u00f3n de oficina m\u00e1s reciente y moderna de Microsoft. Adem\u00e1s de las aplicaciones tradicionales, obtiene acceso autom\u00e1ticamente a aplicaciones basadas en navegador y Skype for Business. Con una comunicaci\u00f3n simplificada, puede trabajar de manera m\u00e1s efectiva con otros.<\/p>\n<p><strong>Todo lo que necesitas de un vistazo:<\/strong><\/p>\n<ul>\n<li><strong>Word 2019 <\/strong>\u2013 Para la creaci\u00f3n y edici\u00f3n de sus textos y documentos<\/li>\n<li><strong>Excel 2019 <\/strong>\u2013 Para procesar registros de datos en forma tabular<\/li>\n<li><strong>PowerPoint 2019 <\/strong>\u2013 Para la creaci\u00f3n de presentaciones inspiradoras<\/li>\n<li><strong>Outlook 2019<\/strong> \u2013 Para administrar sus correos electr\u00f3nicos, contactos, horarios y tareas<\/li>\n<li><strong>Publisher 2019<\/strong> \u2013 Para crear f\u00e1cilmente publicaciones de aspecto profesional<\/li>\n<li><strong>Access 2019<\/strong> \u2013 Para la creaci\u00f3n de bases de datos con acceso a Internet<\/li>\n<li><strong>Lync 2019<\/strong> (Skype for Business): Para aumentar la productividad a trav\u00e9s de mensajer\u00eda instant\u00e1nea y comunicaci\u00f3n y colaboraci\u00f3n sencillas con videoconferencias HD<\/li>\n<li><strong>Web Apps<\/strong> (Word, Excel, PowerPoint)<\/li>\n<\/ul>\n<p>OneNote ya no forma parte del paquete de Microsoft Office, ahora est\u00e1 incluido en el sistema operativo Microsoft Windows 10, que es necesario para usar Microsoft Office 2021. <strong>Las versiones anteriores de Microsoft Windows no son compatibles.<\/strong><\/p>\n<p><strong>Trabajo en equipo<\/strong><\/p>\n<p>Trabajar juntos es una innovaci\u00f3n importante y crucial en la suite de Microsoft Office. Sus empleados pueden editar un archivo o continuar trabajando en el documento al mismo tiempo. Esta opci\u00f3n est\u00e1 disponible para todos los componentes de Microsoft Office, desde Word a Excel y de PowerPoint a OneNote. Los archivos solo deben guardarse en SharePoint Online, OneDrive o OneDrive for Business y publicarse para los empleados correspondientes. La liberaci\u00f3n es muy simple a trav\u00e9s de un bot\u00f3n en el programa.<\/p>\n<p>Skype for Business es otra herramienta de la suite Microsoft Office 2019 Pro Plus que promueve la colaboraci\u00f3n. Los usuarios pueden ver el estado en l\u00ednea de los miembros del equipo de un vistazo y pueden iniciar un chat, una llamada por Internet, una conversaci\u00f3n grupal o una transmisi\u00f3n de video si es necesario.<\/p>\n<p><strong>Use el tiempo de manera m\u00e1s efectiva con un programa de correo inteligente<\/strong><\/p>\n<p>La bandeja de entrada se llena r\u00e1pidamente con correo no importante y spam. esto significa que usted o sus empleados no pueden trabajar de manera eficiente y se pierde el tiempo. Microsoft Outlook 2019 se ha desarrollado y ampliado a\u00fan m\u00e1s para incluir la funci\u00f3n &#8220;Desorden&#8221; para que el programa en s\u00ed mismo detecte correos electr\u00f3nicos irrelevantes y los clasifique de inmediato. Esto hace que tu bandeja de entrada sea m\u00e1s clara y te acerques a las tareas realmente importantes.<\/p>\n<p><strong>Seguridad mejorada para su oficina digital<\/strong><\/p>\n<p>Otra innovaci\u00f3n es la seguridad mejorada con &#8220;Prevenci\u00f3n de p\u00e9rdida de datos&#8221;. Ahora es m\u00e1s f\u00e1cil controlar dentro de los programas qu\u00e9 informaci\u00f3n se puede integrar en los documentos y transmitir. Los administradores tambi\u00e9n tienen la opci\u00f3n de bloquear o restringir el acceso a ciertos datos. Adem\u00e1s, los usuarios son conscientes del riesgo de p\u00e9rdida de datos a trav\u00e9s de notificaciones de riesgos potenciales. Gracias a servicios en la nube como OneDrive, sus datos no se pierden aunque falle un servidor o dispositivo. Puede acceder y editar archivos f\u00e1cilmente desde cualquier parte del mundo.<\/p>\n<p><strong>Requisitos del sistema:<\/strong><\/p>\n<ul>\n<li>Procesador de 2 n\u00facleos a 1,6 GHz<\/li>\n<li>Sistema operativo Microsoft Windows 10<\/li>\n<li>2 GB (32bit), 4 GB (64bit) RAM<\/li>\n<li>4 GB de espacio disponible en disco duro<\/li>\n<li>Tarjeta gr\u00e1fica DirectX 10 para el uso de aceleraci\u00f3n de hardware de gr\u00e1ficos<\/li>\n<\/ul>\n<p><strong>Asistencia y soporte:<\/strong><\/p>\n<p>Para cualquier pregunta, por favor no dude en ponerse en contacto con nosotros <a href=\"mailto:spain@winandofficews.com\">por <\/a><a href=\"mailto:spain@winandofficews.com\">correo <\/a>electr\u00f3nico, Nuestro servicio de atenci\u00f3n al cliente y soporte, se encuentra disponible los 7 d\u00edas de la semana, las 24 horas del d\u00eda.<\/p>\n","protected":false},"excerpt":{"rendered":"<ul>\n<li><strong>Microsoft Office 2019 Professional Plus Licencia para 3 PC<\/strong><\/li>\n<li>Con esta licencia, el software puede activarse en 3 dispositivos diferentes, por ejemplo, PC dom\u00e9stico, port\u00e1til y PC de trabajo.<\/li>\n<li>Versiones para sistemas de 32 y 64 bits disponibles<\/li>\n<li>Entrega por correo electr\u00f3nico: clave de producto, instrucciones, enlaces de descarga, factura<\/li>\n<li>\u00a1Descarga instant\u00e1nea!<\/li>\n<li>Sin l\u00edmite de tiempo, sin suscripci\u00f3n<\/li>\n<li>Soporte gratuito durante la instalaci\u00f3n y activaci\u00f3n<\/li>\n<li>No disponible en medios f\u00edsicos (USB, CD, etc.)<\/li>\n<li>Activaci\u00f3n en l\u00ednea y por tel\u00e9fono<\/li>\n<li><strong> Este producto es compatible con Microsoft Windows.<\/strong><\/li>\n<li><strong> NO es compatible con Apple macOS&trade;, procesadores Apple, Parallels para Mac, dispositivos Android y Chromebooks.<\/strong><\/li>\n<\/ul>\n","protected":false},"featured_media":1000007962,"comment_status":"closed","ping_status":"closed","template":"","meta":{"_acf_changed":false},"product_brand":[],"product_cat":[155],"product_tag":[107,108,109],"class_list":{"0":"post-87371","1":"product","2":"type-product","3":"status-publish","4":"has-post-thumbnail","6":"product_cat-microsoft-office","7":"product_tag-excellence","8":"product_tag-ms-office","9":"product_tag-security","11":"first","12":"instock","13":"sale","14":"virtual","15":"taxable","16":"purchasable","17":"product-type-simple"},"acf":[],"yoast_head":"<!-- This site is optimized with the Yoast SEO plugin v27.4 - https:\/\/yoast.com\/product\/yoast-seo-wordpress\/ -->\n<title>Microsoft Office 2019 Professional Plus Licencia para 3 dispositivos - Spain<\/title>\n<meta name=\"robots\" content=\"index, follow, max-snippet:-1, max-image-preview:large, max-video-preview:-1\" \/>\n<link rel=\"canonical\" href=\"https:\/\/winandofficews.com\/spain\/product\/microsoft-office-2019-professional-plus-licencia-para-3-dispositivos\/\" \/>\n<meta property=\"og:locale\" content=\"es_ES\" \/>\n<meta property=\"og:type\" content=\"article\" \/>\n<meta property=\"og:title\" content=\"Microsoft Office 2019 Professional Plus Licencia para 3 dispositivos - Spain\" \/>\n<meta property=\"og:description\" content=\"Microsoft Office 2019 Professional Plus Licencia para 3 PC  Con esta licencia, el software puede activarse en 3 dispositivos diferentes, por ejemplo, PC dom\u00e9stico, port\u00e1til y PC de trabajo.  Versiones para sistemas de 32 y 64 bits disponibles  Entrega por correo electr\u00f3nico: clave de producto, instrucciones, enlaces de descarga, factura  \u00a1Descarga instant\u00e1nea!  Sin l\u00edmite de tiempo, sin suscripci\u00f3n  Soporte gratuito durante la instalaci\u00f3n y activaci\u00f3n  No disponible en medios f\u00edsicos (USB, CD, etc.)  Activaci\u00f3n en l\u00ednea y por tel\u00e9fono   Este producto es compatible con Microsoft Windows.   NO es compatible con Apple macOS&trade;, procesadores Apple, Parallels para Mac, dispositivos Android y Chromebooks.\" \/>\n<meta property=\"og:url\" content=\"https:\/\/winandofficews.com\/spain\/product\/microsoft-office-2019-professional-plus-licencia-para-3-dispositivos\/\" \/>\n<meta property=\"og:site_name\" content=\"Spain\" \/>\n<meta property=\"article:modified_time\" content=\"2026-04-15T02:26:03+00:00\" \/>\n<meta name=\"twitter:card\" content=\"summary_large_image\" \/>\n<meta name=\"twitter:label1\" content=\"Tiempo de lectura\" \/>\n\t<meta name=\"twitter:data1\" content=\"4 minutos\" \/>\n<script type=\"application\/ld+json\" class=\"yoast-schema-graph\">{\"@context\":\"https:\\\/\\\/schema.org\",\"@graph\":[{\"@type\":\"WebPage\",\"@id\":\"https:\\\/\\\/winandofficews.com\\\/spain\\\/product\\\/microsoft-office-2019-professional-plus-licencia-para-3-dispositivos\\\/\",\"url\":\"https:\\\/\\\/winandofficews.com\\\/spain\\\/product\\\/microsoft-office-2019-professional-plus-licencia-para-3-dispositivos\\\/\",\"name\":\"Microsoft Office 2019 Professional Plus Licencia para 3 dispositivos - Spain\",\"isPartOf\":{\"@id\":\"https:\\\/\\\/winandofficews.com\\\/spain\\\/#website\"},\"primaryImageOfPage\":{\"@id\":\"https:\\\/\\\/winandofficews.com\\\/spain\\\/product\\\/microsoft-office-2019-professional-plus-licencia-para-3-dispositivos\\\/#primaryimage\"},\"image\":{\"@id\":\"https:\\\/\\\/winandofficews.com\\\/spain\\\/product\\\/microsoft-office-2019-professional-plus-licencia-para-3-dispositivos\\\/#primaryimage\"},\"thumbnailUrl\":\"https:\\\/\\\/winandofficews.com\\\/spain\\\/wp-content\\\/uploads\\\/o19p.jpg\",\"datePublished\":\"2025-06-19T11:32:24+00:00\",\"dateModified\":\"2026-04-15T02:26:03+00:00\",\"breadcrumb\":{\"@id\":\"https:\\\/\\\/winandofficews.com\\\/spain\\\/product\\\/microsoft-office-2019-professional-plus-licencia-para-3-dispositivos\\\/#breadcrumb\"},\"inLanguage\":\"es\",\"potentialAction\":[{\"@type\":\"ReadAction\",\"target\":[\"https:\\\/\\\/winandofficews.com\\\/spain\\\/product\\\/microsoft-office-2019-professional-plus-licencia-para-3-dispositivos\\\/\"]}]},{\"@type\":\"ImageObject\",\"inLanguage\":\"es\",\"@id\":\"https:\\\/\\\/winandofficews.com\\\/spain\\\/product\\\/microsoft-office-2019-professional-plus-licencia-para-3-dispositivos\\\/#primaryimage\",\"url\":\"https:\\\/\\\/winandofficews.com\\\/spain\\\/wp-content\\\/uploads\\\/o19p.jpg\",\"contentUrl\":\"https:\\\/\\\/winandofficews.com\\\/spain\\\/wp-content\\\/uploads\\\/o19p.jpg\"},{\"@type\":\"BreadcrumbList\",\"@id\":\"https:\\\/\\\/winandofficews.com\\\/spain\\\/product\\\/microsoft-office-2019-professional-plus-licencia-para-3-dispositivos\\\/#breadcrumb\",\"itemListElement\":[{\"@type\":\"ListItem\",\"position\":1,\"name\":\"Home\",\"item\":\"https:\\\/\\\/winandofficews.com\\\/spain\\\/\"},{\"@type\":\"ListItem\",\"position\":2,\"name\":\"Shop\",\"item\":\"https:\\\/\\\/winandofficews.com\\\/spain\\\/shop\\\/\"},{\"@type\":\"ListItem\",\"position\":3,\"name\":\"Microsoft Office 2019 Professional Plus Licencia para 3 dispositivos\"}]},{\"@type\":\"WebSite\",\"@id\":\"https:\\\/\\\/winandofficews.com\\\/spain\\\/#website\",\"url\":\"https:\\\/\\\/winandofficews.com\\\/spain\\\/\",\"name\":\"Spain\",\"description\":\"Wholesales Store of Office\",\"publisher\":{\"@id\":\"https:\\\/\\\/winandofficews.com\\\/spain\\\/#organization\"},\"potentialAction\":[{\"@type\":\"SearchAction\",\"target\":{\"@type\":\"EntryPoint\",\"urlTemplate\":\"https:\\\/\\\/winandofficews.com\\\/spain\\\/?s={search_term_string}\"},\"query-input\":{\"@type\":\"PropertyValueSpecification\",\"valueRequired\":true,\"valueName\":\"search_term_string\"}}],\"inLanguage\":\"es\"},{\"@type\":\"Organization\",\"@id\":\"https:\\\/\\\/winandofficews.com\\\/spain\\\/#organization\",\"name\":\"Spain\",\"url\":\"https:\\\/\\\/winandofficews.com\\\/spain\\\/\",\"logo\":{\"@type\":\"ImageObject\",\"inLanguage\":\"es\",\"@id\":\"https:\\\/\\\/winandofficews.com\\\/spain\\\/#\\\/schema\\\/logo\\\/image\\\/\",\"url\":\"https:\\\/\\\/winandofficews.com\\\/spain\\\/wp-content\\\/uploads\\\/sites\\\/19\\\/logo14.png\",\"contentUrl\":\"https:\\\/\\\/winandofficews.com\\\/spain\\\/wp-content\\\/uploads\\\/sites\\\/19\\\/logo14.png\",\"width\":322,\"height\":116,\"caption\":\"Spain\"},\"image\":{\"@id\":\"https:\\\/\\\/winandofficews.com\\\/spain\\\/#\\\/schema\\\/logo\\\/image\\\/\"}}]}<\/script>\n<!-- \/ Yoast SEO plugin. -->","yoast_head_json":{"title":"Microsoft Office 2019 Professional Plus Licencia para 3 dispositivos - Spain","robots":{"index":"index","follow":"follow","max-snippet":"max-snippet:-1","max-image-preview":"max-image-preview:large","max-video-preview":"max-video-preview:-1"},"canonical":"https:\/\/winandofficews.com\/spain\/product\/microsoft-office-2019-professional-plus-licencia-para-3-dispositivos\/","og_locale":"es_ES","og_type":"article","og_title":"Microsoft Office 2019 Professional Plus Licencia para 3 dispositivos - Spain","og_description":"Microsoft Office 2019 Professional Plus Licencia para 3 PC  Con esta licencia, el software puede activarse en 3 dispositivos diferentes, por ejemplo, PC dom\u00e9stico, port\u00e1til y PC de trabajo.  Versiones para sistemas de 32 y 64 bits disponibles  Entrega por correo electr\u00f3nico: clave de producto, instrucciones, enlaces de descarga, factura  \u00a1Descarga instant\u00e1nea!  Sin l\u00edmite de tiempo, sin suscripci\u00f3n  Soporte gratuito durante la instalaci\u00f3n y activaci\u00f3n  No disponible en medios f\u00edsicos (USB, CD, etc.)  Activaci\u00f3n en l\u00ednea y por tel\u00e9fono   Este producto es compatible con Microsoft Windows.   NO es compatible con Apple macOS&trade;, procesadores Apple, Parallels para Mac, dispositivos Android y Chromebooks.","og_url":"https:\/\/winandofficews.com\/spain\/product\/microsoft-office-2019-professional-plus-licencia-para-3-dispositivos\/","og_site_name":"Spain","article_modified_time":"2026-04-15T02:26:03+00:00","twitter_card":"summary_large_image","twitter_misc":{"Tiempo de lectura":"4 minutos"},"schema":{"@context":"https:\/\/schema.org","@graph":[{"@type":"WebPage","@id":"https:\/\/winandofficews.com\/spain\/product\/microsoft-office-2019-professional-plus-licencia-para-3-dispositivos\/","url":"https:\/\/winandofficews.com\/spain\/product\/microsoft-office-2019-professional-plus-licencia-para-3-dispositivos\/","name":"Microsoft Office 2019 Professional Plus Licencia para 3 dispositivos - Spain","isPartOf":{"@id":"https:\/\/winandofficews.com\/spain\/#website"},"primaryImageOfPage":{"@id":"https:\/\/winandofficews.com\/spain\/product\/microsoft-office-2019-professional-plus-licencia-para-3-dispositivos\/#primaryimage"},"image":{"@id":"https:\/\/winandofficews.com\/spain\/product\/microsoft-office-2019-professional-plus-licencia-para-3-dispositivos\/#primaryimage"},"thumbnailUrl":"https:\/\/winandofficews.com\/spain\/wp-content\/uploads\/o19p.jpg","datePublished":"2025-06-19T11:32:24+00:00","dateModified":"2026-04-15T02:26:03+00:00","breadcrumb":{"@id":"https:\/\/winandofficews.com\/spain\/product\/microsoft-office-2019-professional-plus-licencia-para-3-dispositivos\/#breadcrumb"},"inLanguage":"es","potentialAction":[{"@type":"ReadAction","target":["https:\/\/winandofficews.com\/spain\/product\/microsoft-office-2019-professional-plus-licencia-para-3-dispositivos\/"]}]},{"@type":"ImageObject","inLanguage":"es","@id":"https:\/\/winandofficews.com\/spain\/product\/microsoft-office-2019-professional-plus-licencia-para-3-dispositivos\/#primaryimage","url":"https:\/\/winandofficews.com\/spain\/wp-content\/uploads\/o19p.jpg","contentUrl":"https:\/\/winandofficews.com\/spain\/wp-content\/uploads\/o19p.jpg"},{"@type":"BreadcrumbList","@id":"https:\/\/winandofficews.com\/spain\/product\/microsoft-office-2019-professional-plus-licencia-para-3-dispositivos\/#breadcrumb","itemListElement":[{"@type":"ListItem","position":1,"name":"Home","item":"https:\/\/winandofficews.com\/spain\/"},{"@type":"ListItem","position":2,"name":"Shop","item":"https:\/\/winandofficews.com\/spain\/shop\/"},{"@type":"ListItem","position":3,"name":"Microsoft Office 2019 Professional Plus Licencia para 3 dispositivos"}]},{"@type":"WebSite","@id":"https:\/\/winandofficews.com\/spain\/#website","url":"https:\/\/winandofficews.com\/spain\/","name":"Spain","description":"Wholesales Store of Office","publisher":{"@id":"https:\/\/winandofficews.com\/spain\/#organization"},"potentialAction":[{"@type":"SearchAction","target":{"@type":"EntryPoint","urlTemplate":"https:\/\/winandofficews.com\/spain\/?s={search_term_string}"},"query-input":{"@type":"PropertyValueSpecification","valueRequired":true,"valueName":"search_term_string"}}],"inLanguage":"es"},{"@type":"Organization","@id":"https:\/\/winandofficews.com\/spain\/#organization","name":"Spain","url":"https:\/\/winandofficews.com\/spain\/","logo":{"@type":"ImageObject","inLanguage":"es","@id":"https:\/\/winandofficews.com\/spain\/#\/schema\/logo\/image\/","url":"https:\/\/winandofficews.com\/spain\/wp-content\/uploads\/sites\/19\/logo14.png","contentUrl":"https:\/\/winandofficews.com\/spain\/wp-content\/uploads\/sites\/19\/logo14.png","width":322,"height":116,"caption":"Spain"},"image":{"@id":"https:\/\/winandofficews.com\/spain\/#\/schema\/logo\/image\/"}}]}},"_links":{"self":[{"href":"https:\/\/winandofficews.com\/spain\/wp-json\/wp\/v2\/product\/87371","targetHints":{"allow":["GET"]}}],"collection":[{"href":"https:\/\/winandofficews.com\/spain\/wp-json\/wp\/v2\/product"}],"about":[{"href":"https:\/\/winandofficews.com\/spain\/wp-json\/wp\/v2\/types\/product"}],"replies":[{"embeddable":true,"href":"https:\/\/winandofficews.com\/spain\/wp-json\/wp\/v2\/comments?post=87371"}],"wp:featuredmedia":[{"embeddable":true,"href":"https:\/\/winandofficews.com\/spain\/wp-json\/"}],"wp:attachment":[{"href":"https:\/\/winandofficews.com\/spain\/wp-json\/wp\/v2\/media?parent=87371"}],"wp:term":[{"taxonomy":"product_brand","embeddable":true,"href":"https:\/\/winandofficews.com\/spain\/wp-json\/wp\/v2\/product_brand?post=87371"},{"taxonomy":"product_cat","embeddable":true,"href":"https:\/\/winandofficews.com\/spain\/wp-json\/wp\/v2\/product_cat?post=87371"},{"taxonomy":"product_tag","embeddable":true,"href":"https:\/\/winandofficews.com\/spain\/wp-json\/wp\/v2\/product_tag?post=87371"}],"curies":[{"name":"wp","href":"https:\/\/api.w.org\/{rel}","templated":true}]}}