{"id":3413,"date":"2021-03-03T14:12:03","date_gmt":"2021-03-03T14:12:03","guid":{"rendered":"https:\/\/shop.winandofficews.com\/spain\/?page_id=3413"},"modified":"2025-06-19T18:35:03","modified_gmt":"2025-06-19T16:35:03","slug":"legal-basis","status":"publish","type":"page","link":"https:\/\/winandofficews.com\/spain\/legal-basis\/","title":{"rendered":"Base Legal"},"content":{"rendered":"<h4>Derechos de distribuci\u00f3n<\/h4>\n<p> Los desarrolladores de software, como Microsoft, autorizan a socios comerciales certificados (revendedores) a vender productos a los consumidores. Se conceden los llamados derechos de reventa. Solo los socios autorizados tienen derecho a vender licencias de software y son miembros obligatorios del programa de socios del desarrollador. Los revendedores reciben el derecho no exclusivo de comercializar y distribuir activamente software bajo licencia dentro de la UE \/ EFTA. Como excepci\u00f3n, los socios comerciales pueden operar tambi\u00e9n en otras regiones; esto requiere un acuerdo por escrito.<br \/>\nEl distribuidor est\u00e1 obligado a ofrecer los productos de software bajo los nombres comerciales correspondientes del desarrollador. Deben respetarse y mostrarse las indicaciones de protecci\u00f3n y derechos de autor pertinentes. Todas las marcas y nombres registrados son propiedad de sus respectivos desarrolladores. La informaci\u00f3n t\u00e9cnica debe coincidir siempre con la proporcionada por el desarrollador. Im\u00e1genes, s\u00edmbolos y logotipos se usan para identificar los art\u00edculos. Los productos vendidos permanecen en propiedad del distribuidor hasta que se haya efectuado el pago completo.<\/p>\n<h4>Legislaci\u00f3n sobre licencias<\/h4>\n<p> Seg\u00fan la jurisprudencia actual del Tribunal Federal de Justicia alem\u00e1n (BGH, sentencia del 17 de julio de 2013 &#8211; I ZR 129\/08), los distribuidores especializados est\u00e1n obligados a documentar la legalidad del software que ofrecen. Las licencias de software solo pueden ser comercializadas con el consentimiento del titular de los derechos. La licencia se concede a cambio de una remuneraci\u00f3n que corresponde al valor econ\u00f3mico del software. El titular de los derechos obliga al distribuidor a vender el software de forma permanente y sin limitaci\u00f3n temporal de uso. El consumidor es informado de que el software est\u00e1 sujeto a las condiciones de licencia y a los derechos de uso del fabricante del software.<br \/>\nEl comprador tiene un derecho sencillo y sin restricciones para usar el software. No est\u00e1 permitido copiarlo ni permitir que terceros lo utilicen. Los derechos de uso m\u00faltiples requieren un acuerdo aparte.<\/p>\n","protected":false},"excerpt":{"rendered":"<p>Derechos de distribuci\u00f3n Los desarrolladores de software, como Microsoft, autorizan a socios comerciales certificados (revendedores) a vender productos a los consumidores. Se conceden los llamados derechos de reventa. Solo los socios autorizados tienen derecho a vender licencias de software y son miembros obligatorios del programa de socios del desarrollador. Los&hellip; <\/p>\n","protected":false},"author":1,"featured_media":0,"parent":0,"menu_order":0,"comment_status":"closed","ping_status":"closed","template":"","meta":{"_acf_changed":false,"footnotes":""},"class_list":["post-3413","page","type-page","status-publish","hentry"],"acf":[],"yoast_head":"<!-- This site is optimized with the Yoast SEO plugin v27.4 - https:\/\/yoast.com\/product\/yoast-seo-wordpress\/ -->\n<title>Base Legal - Spain<\/title>\n<meta name=\"robots\" content=\"index, follow, max-snippet:-1, max-image-preview:large, max-video-preview:-1\" \/>\n<link rel=\"canonical\" href=\"https:\/\/winandofficews.com\/spain\/legal-basis\/\" \/>\n<meta property=\"og:locale\" content=\"es_ES\" \/>\n<meta property=\"og:type\" content=\"article\" \/>\n<meta property=\"og:title\" content=\"Base Legal - Spain\" \/>\n<meta property=\"og:description\" content=\"Derechos de distribuci\u00f3n Los desarrolladores de software, como Microsoft, autorizan a socios comerciales certificados (revendedores) a vender productos a los consumidores. Se conceden los llamados derechos de reventa. Solo los socios autorizados tienen derecho a vender licencias de software y son miembros obligatorios del programa de socios del desarrollador. Los&hellip;\" \/>\n<meta property=\"og:url\" content=\"https:\/\/winandofficews.com\/spain\/legal-basis\/\" \/>\n<meta property=\"og:site_name\" content=\"Spain\" \/>\n<meta property=\"article:modified_time\" content=\"2025-06-19T16:35:03+00:00\" \/>\n<meta name=\"twitter:card\" content=\"summary_large_image\" \/>\n<meta name=\"twitter:label1\" content=\"Tiempo de lectura\" \/>\n\t<meta name=\"twitter:data1\" content=\"2 minutos\" \/>\n<script type=\"application\/ld+json\" class=\"yoast-schema-graph\">{\"@context\":\"https:\\\/\\\/schema.org\",\"@graph\":[{\"@type\":\"WebPage\",\"@id\":\"https:\\\/\\\/winandofficews.com\\\/spain\\\/legal-basis\\\/\",\"url\":\"https:\\\/\\\/winandofficews.com\\\/spain\\\/legal-basis\\\/\",\"name\":\"Base Legal - Spain\",\"isPartOf\":{\"@id\":\"https:\\\/\\\/winandofficews.com\\\/spain\\\/#website\"},\"datePublished\":\"2021-03-03T14:12:03+00:00\",\"dateModified\":\"2025-06-19T16:35:03+00:00\",\"breadcrumb\":{\"@id\":\"https:\\\/\\\/winandofficews.com\\\/spain\\\/legal-basis\\\/#breadcrumb\"},\"inLanguage\":\"es\",\"potentialAction\":[{\"@type\":\"ReadAction\",\"target\":[\"https:\\\/\\\/winandofficews.com\\\/spain\\\/legal-basis\\\/\"]}]},{\"@type\":\"BreadcrumbList\",\"@id\":\"https:\\\/\\\/winandofficews.com\\\/spain\\\/legal-basis\\\/#breadcrumb\",\"itemListElement\":[{\"@type\":\"ListItem\",\"position\":1,\"name\":\"Home\",\"item\":\"https:\\\/\\\/winandofficews.com\\\/spain\\\/\"},{\"@type\":\"ListItem\",\"position\":2,\"name\":\"Base Legal\"}]},{\"@type\":\"WebSite\",\"@id\":\"https:\\\/\\\/winandofficews.com\\\/spain\\\/#website\",\"url\":\"https:\\\/\\\/winandofficews.com\\\/spain\\\/\",\"name\":\"Spain\",\"description\":\"Wholesales Store of Office\",\"publisher\":{\"@id\":\"https:\\\/\\\/winandofficews.com\\\/spain\\\/#organization\"},\"potentialAction\":[{\"@type\":\"SearchAction\",\"target\":{\"@type\":\"EntryPoint\",\"urlTemplate\":\"https:\\\/\\\/winandofficews.com\\\/spain\\\/?s={search_term_string}\"},\"query-input\":{\"@type\":\"PropertyValueSpecification\",\"valueRequired\":true,\"valueName\":\"search_term_string\"}}],\"inLanguage\":\"es\"},{\"@type\":\"Organization\",\"@id\":\"https:\\\/\\\/winandofficews.com\\\/spain\\\/#organization\",\"name\":\"Spain\",\"url\":\"https:\\\/\\\/winandofficews.com\\\/spain\\\/\",\"logo\":{\"@type\":\"ImageObject\",\"inLanguage\":\"es\",\"@id\":\"https:\\\/\\\/winandofficews.com\\\/spain\\\/#\\\/schema\\\/logo\\\/image\\\/\",\"url\":\"https:\\\/\\\/winandofficews.com\\\/spain\\\/wp-content\\\/uploads\\\/sites\\\/19\\\/logo14.png\",\"contentUrl\":\"https:\\\/\\\/winandofficews.com\\\/spain\\\/wp-content\\\/uploads\\\/sites\\\/19\\\/logo14.png\",\"width\":322,\"height\":116,\"caption\":\"Spain\"},\"image\":{\"@id\":\"https:\\\/\\\/winandofficews.com\\\/spain\\\/#\\\/schema\\\/logo\\\/image\\\/\"}}]}<\/script>\n<!-- \/ Yoast SEO plugin. -->","yoast_head_json":{"title":"Base Legal - Spain","robots":{"index":"index","follow":"follow","max-snippet":"max-snippet:-1","max-image-preview":"max-image-preview:large","max-video-preview":"max-video-preview:-1"},"canonical":"https:\/\/winandofficews.com\/spain\/legal-basis\/","og_locale":"es_ES","og_type":"article","og_title":"Base Legal - Spain","og_description":"Derechos de distribuci\u00f3n Los desarrolladores de software, como Microsoft, autorizan a socios comerciales certificados (revendedores) a vender productos a los consumidores. Se conceden los llamados derechos de reventa. Solo los socios autorizados tienen derecho a vender licencias de software y son miembros obligatorios del programa de socios del desarrollador. Los&hellip;","og_url":"https:\/\/winandofficews.com\/spain\/legal-basis\/","og_site_name":"Spain","article_modified_time":"2025-06-19T16:35:03+00:00","twitter_card":"summary_large_image","twitter_misc":{"Tiempo de lectura":"2 minutos"},"schema":{"@context":"https:\/\/schema.org","@graph":[{"@type":"WebPage","@id":"https:\/\/winandofficews.com\/spain\/legal-basis\/","url":"https:\/\/winandofficews.com\/spain\/legal-basis\/","name":"Base Legal - Spain","isPartOf":{"@id":"https:\/\/winandofficews.com\/spain\/#website"},"datePublished":"2021-03-03T14:12:03+00:00","dateModified":"2025-06-19T16:35:03+00:00","breadcrumb":{"@id":"https:\/\/winandofficews.com\/spain\/legal-basis\/#breadcrumb"},"inLanguage":"es","potentialAction":[{"@type":"ReadAction","target":["https:\/\/winandofficews.com\/spain\/legal-basis\/"]}]},{"@type":"BreadcrumbList","@id":"https:\/\/winandofficews.com\/spain\/legal-basis\/#breadcrumb","itemListElement":[{"@type":"ListItem","position":1,"name":"Home","item":"https:\/\/winandofficews.com\/spain\/"},{"@type":"ListItem","position":2,"name":"Base Legal"}]},{"@type":"WebSite","@id":"https:\/\/winandofficews.com\/spain\/#website","url":"https:\/\/winandofficews.com\/spain\/","name":"Spain","description":"Wholesales Store of Office","publisher":{"@id":"https:\/\/winandofficews.com\/spain\/#organization"},"potentialAction":[{"@type":"SearchAction","target":{"@type":"EntryPoint","urlTemplate":"https:\/\/winandofficews.com\/spain\/?s={search_term_string}"},"query-input":{"@type":"PropertyValueSpecification","valueRequired":true,"valueName":"search_term_string"}}],"inLanguage":"es"},{"@type":"Organization","@id":"https:\/\/winandofficews.com\/spain\/#organization","name":"Spain","url":"https:\/\/winandofficews.com\/spain\/","logo":{"@type":"ImageObject","inLanguage":"es","@id":"https:\/\/winandofficews.com\/spain\/#\/schema\/logo\/image\/","url":"https:\/\/winandofficews.com\/spain\/wp-content\/uploads\/sites\/19\/logo14.png","contentUrl":"https:\/\/winandofficews.com\/spain\/wp-content\/uploads\/sites\/19\/logo14.png","width":322,"height":116,"caption":"Spain"},"image":{"@id":"https:\/\/winandofficews.com\/spain\/#\/schema\/logo\/image\/"}}]}},"_links":{"self":[{"href":"https:\/\/winandofficews.com\/spain\/wp-json\/wp\/v2\/pages\/3413","targetHints":{"allow":["GET"]}}],"collection":[{"href":"https:\/\/winandofficews.com\/spain\/wp-json\/wp\/v2\/pages"}],"about":[{"href":"https:\/\/winandofficews.com\/spain\/wp-json\/wp\/v2\/types\/page"}],"author":[{"embeddable":true,"href":"https:\/\/winandofficews.com\/spain\/wp-json\/wp\/v2\/users\/1"}],"replies":[{"embeddable":true,"href":"https:\/\/winandofficews.com\/spain\/wp-json\/wp\/v2\/comments?post=3413"}],"version-history":[{"count":0,"href":"https:\/\/winandofficews.com\/spain\/wp-json\/wp\/v2\/pages\/3413\/revisions"}],"wp:attachment":[{"href":"https:\/\/winandofficews.com\/spain\/wp-json\/wp\/v2\/media?parent=3413"}],"curies":[{"name":"wp","href":"https:\/\/api.w.org\/{rel}","templated":true}]}}