{"id":3410,"date":"2021-03-03T13:41:10","date_gmt":"2021-03-03T13:41:10","guid":{"rendered":"https:\/\/shop.winandofficews.com\/spain\/?page_id=3410"},"modified":"2025-06-20T21:39:38","modified_gmt":"2025-06-20T19:39:38","slug":"services","status":"publish","type":"page","link":"https:\/\/winandofficews.com\/spain\/services\/","title":{"rendered":"Servicios"},"content":{"rendered":"<ul>\n<li>\n<h4>Entrega r\u00e1pida 24\/7<\/h4>\n<ul>\n<li>Enviamos la clave del producto 2 minutos despu\u00e9s de recibir el pago<\/li>\n<li>Recibir\u00e1 un enlace de descarga e instrucciones de instalaci\u00f3n por correo electr\u00f3nico<\/li>\n<li>El software y las instrucciones est\u00e1n disponibles en 5 idiomas (alem\u00e1n, ingl\u00e9s, franc\u00e9s, italiano y espa\u00f1ol)<\/li>\n<\/ul>\n<\/li>\n<\/ul>\n<ul>\n<li>\n<h4>Socios fuertes<\/h4>\n<ul>\n<li>Somos Socios Gold de Microsoft con MSPN<\/li>\n<\/ul>\n<\/li>\n<\/ul>\n<ul>\n<li>\n<h4>Factura<\/h4>\n<ul>\n<li>En 24 horas recibir\u00e1 una factura con el NIF y el n\u00famero de socio de Microsoft<\/li>\n<li>Todas las licencias se someter\u00e1n a una auditor\u00eda mediante blockchain Tecnolog\u00eda<\/li>\n<\/ul>\n<\/li>\n<\/ul>\n<ul>\n<li>\n<h4>Garant\u00eda del producto<\/h4>\n<ul>\n<li>Activaci\u00f3n en l\u00ednea garantizada<\/li>\n<li>Garant\u00eda de reemplazo de por vida<\/li>\n<li>Control de calidad de las claves de producto antes del env\u00edo<\/li>\n<\/ul>\n<\/li>\n<\/ul>\n<ul>\n<li>\n<h4>Transparencia<\/h4>\n<p>Cumplimos con todos los requisitos legales en cuanto a nuestras obligaciones de informaci\u00f3n.<\/p>\n<ul>\n<li>Enlace a la plataforma de la Comisi\u00f3n Europea para la resoluci\u00f3n de litigios en l\u00ednea<\/li>\n<\/ul>\n<\/li>\n<\/ul>\n<ul>\n<li>\n<h4>Pagos r\u00e1pidos y seguros<\/h4>\n<p>Puede pagar de forma segura y r\u00e1pida utilizando estos servicios:<\/p>\n<ul>\n<li>Amazon Pay<\/li>\n<li>Paypal<\/li>\n<\/ul>\n<\/li>\n<\/ul>\n<ul>\n<li>\n<h4>Software Descargas<\/h4>\n<ul>\n<li>Descargas r\u00e1pidas y seguras desde nuestro portal de descargas sin registro<\/li>\n<li>Todos los programas han sido revisados \u200b\u200bpara detectar virus y malware<\/li>\n<li>Nuestro portal de descargas est\u00e1 disponible en cinco idiomas<\/li>\n<\/ul>\n<\/li>\n<\/ul>\n<ul>\n<li>\n<h4>\u00a1Nuestro servicio de atenci\u00f3n al cliente est\u00e1 a tu disposici\u00f3n!<\/h4>\n<ul>\n<li>Disponible 24\/7 por correo electr\u00f3nico<\/li>\n<li>Atenci\u00f3n al cliente multiling\u00fce (alem\u00e1n, ingl\u00e9s, franc\u00e9s, italiano, espa\u00f1ol)<\/li>\n<\/ul>\n<\/li>\n<\/ul>\n<p>&nbsp;<\/p>\n<blockquote><p><strong><br \/>\nWin &amp; Office Al comprar su producto, recibir\u00e1 servicio y soporte completos.<br \/>\n<\/strong><\/p><\/blockquote>\n","protected":false},"excerpt":{"rendered":"<p>Entrega r\u00e1pida 24\/7 Enviamos la clave del producto 2 minutos despu\u00e9s de recibir el pago Recibir\u00e1 un enlace de descarga e instrucciones de instalaci\u00f3n por correo electr\u00f3nico El software y las instrucciones est\u00e1n disponibles en 5 idiomas (alem\u00e1n, ingl\u00e9s, franc\u00e9s, italiano y espa\u00f1ol) Socios fuertes Somos Socios Gold de Microsoft&hellip; <\/p>\n","protected":false},"author":1,"featured_media":0,"parent":0,"menu_order":0,"comment_status":"closed","ping_status":"closed","template":"","meta":{"_acf_changed":false,"footnotes":""},"class_list":["post-3410","page","type-page","status-publish","hentry"],"acf":[],"yoast_head":"<!-- This site is optimized with the Yoast SEO plugin v27.4 - https:\/\/yoast.com\/product\/yoast-seo-wordpress\/ -->\n<title>Servicios - Spain<\/title>\n<meta name=\"robots\" content=\"index, follow, max-snippet:-1, max-image-preview:large, max-video-preview:-1\" \/>\n<link rel=\"canonical\" href=\"https:\/\/winandofficews.com\/spain\/services\/\" \/>\n<meta property=\"og:locale\" content=\"es_ES\" \/>\n<meta property=\"og:type\" content=\"article\" \/>\n<meta property=\"og:title\" content=\"Servicios - Spain\" \/>\n<meta property=\"og:description\" content=\"Entrega r\u00e1pida 24\/7 Enviamos la clave del producto 2 minutos despu\u00e9s de recibir el pago Recibir\u00e1 un enlace de descarga e instrucciones de instalaci\u00f3n por correo electr\u00f3nico El software y las instrucciones est\u00e1n disponibles en 5 idiomas (alem\u00e1n, ingl\u00e9s, franc\u00e9s, italiano y espa\u00f1ol) Socios fuertes Somos Socios Gold de Microsoft&hellip;\" \/>\n<meta property=\"og:url\" content=\"https:\/\/winandofficews.com\/spain\/services\/\" \/>\n<meta property=\"og:site_name\" content=\"Spain\" \/>\n<meta property=\"article:modified_time\" content=\"2025-06-20T19:39:38+00:00\" \/>\n<meta name=\"twitter:card\" content=\"summary_large_image\" \/>\n<meta name=\"twitter:label1\" content=\"Tiempo de lectura\" \/>\n\t<meta name=\"twitter:data1\" content=\"1 minuto\" \/>\n<script type=\"application\/ld+json\" class=\"yoast-schema-graph\">{\"@context\":\"https:\\\/\\\/schema.org\",\"@graph\":[{\"@type\":\"WebPage\",\"@id\":\"https:\\\/\\\/winandofficews.com\\\/spain\\\/services\\\/\",\"url\":\"https:\\\/\\\/winandofficews.com\\\/spain\\\/services\\\/\",\"name\":\"Servicios - Spain\",\"isPartOf\":{\"@id\":\"https:\\\/\\\/winandofficews.com\\\/spain\\\/#website\"},\"datePublished\":\"2021-03-03T13:41:10+00:00\",\"dateModified\":\"2025-06-20T19:39:38+00:00\",\"breadcrumb\":{\"@id\":\"https:\\\/\\\/winandofficews.com\\\/spain\\\/services\\\/#breadcrumb\"},\"inLanguage\":\"es\",\"potentialAction\":[{\"@type\":\"ReadAction\",\"target\":[\"https:\\\/\\\/winandofficews.com\\\/spain\\\/services\\\/\"]}]},{\"@type\":\"BreadcrumbList\",\"@id\":\"https:\\\/\\\/winandofficews.com\\\/spain\\\/services\\\/#breadcrumb\",\"itemListElement\":[{\"@type\":\"ListItem\",\"position\":1,\"name\":\"Home\",\"item\":\"https:\\\/\\\/winandofficews.com\\\/spain\\\/\"},{\"@type\":\"ListItem\",\"position\":2,\"name\":\"Servicios\"}]},{\"@type\":\"WebSite\",\"@id\":\"https:\\\/\\\/winandofficews.com\\\/spain\\\/#website\",\"url\":\"https:\\\/\\\/winandofficews.com\\\/spain\\\/\",\"name\":\"Spain\",\"description\":\"Wholesales Store of Office\",\"publisher\":{\"@id\":\"https:\\\/\\\/winandofficews.com\\\/spain\\\/#organization\"},\"potentialAction\":[{\"@type\":\"SearchAction\",\"target\":{\"@type\":\"EntryPoint\",\"urlTemplate\":\"https:\\\/\\\/winandofficews.com\\\/spain\\\/?s={search_term_string}\"},\"query-input\":{\"@type\":\"PropertyValueSpecification\",\"valueRequired\":true,\"valueName\":\"search_term_string\"}}],\"inLanguage\":\"es\"},{\"@type\":\"Organization\",\"@id\":\"https:\\\/\\\/winandofficews.com\\\/spain\\\/#organization\",\"name\":\"Spain\",\"url\":\"https:\\\/\\\/winandofficews.com\\\/spain\\\/\",\"logo\":{\"@type\":\"ImageObject\",\"inLanguage\":\"es\",\"@id\":\"https:\\\/\\\/winandofficews.com\\\/spain\\\/#\\\/schema\\\/logo\\\/image\\\/\",\"url\":\"https:\\\/\\\/winandofficews.com\\\/spain\\\/wp-content\\\/uploads\\\/sites\\\/19\\\/logo14.png\",\"contentUrl\":\"https:\\\/\\\/winandofficews.com\\\/spain\\\/wp-content\\\/uploads\\\/sites\\\/19\\\/logo14.png\",\"width\":322,\"height\":116,\"caption\":\"Spain\"},\"image\":{\"@id\":\"https:\\\/\\\/winandofficews.com\\\/spain\\\/#\\\/schema\\\/logo\\\/image\\\/\"}}]}<\/script>\n<!-- \/ Yoast SEO plugin. -->","yoast_head_json":{"title":"Servicios - Spain","robots":{"index":"index","follow":"follow","max-snippet":"max-snippet:-1","max-image-preview":"max-image-preview:large","max-video-preview":"max-video-preview:-1"},"canonical":"https:\/\/winandofficews.com\/spain\/services\/","og_locale":"es_ES","og_type":"article","og_title":"Servicios - Spain","og_description":"Entrega r\u00e1pida 24\/7 Enviamos la clave del producto 2 minutos despu\u00e9s de recibir el pago Recibir\u00e1 un enlace de descarga e instrucciones de instalaci\u00f3n por correo electr\u00f3nico El software y las instrucciones est\u00e1n disponibles en 5 idiomas (alem\u00e1n, ingl\u00e9s, franc\u00e9s, italiano y espa\u00f1ol) Socios fuertes Somos Socios Gold de Microsoft&hellip;","og_url":"https:\/\/winandofficews.com\/spain\/services\/","og_site_name":"Spain","article_modified_time":"2025-06-20T19:39:38+00:00","twitter_card":"summary_large_image","twitter_misc":{"Tiempo de lectura":"1 minuto"},"schema":{"@context":"https:\/\/schema.org","@graph":[{"@type":"WebPage","@id":"https:\/\/winandofficews.com\/spain\/services\/","url":"https:\/\/winandofficews.com\/spain\/services\/","name":"Servicios - Spain","isPartOf":{"@id":"https:\/\/winandofficews.com\/spain\/#website"},"datePublished":"2021-03-03T13:41:10+00:00","dateModified":"2025-06-20T19:39:38+00:00","breadcrumb":{"@id":"https:\/\/winandofficews.com\/spain\/services\/#breadcrumb"},"inLanguage":"es","potentialAction":[{"@type":"ReadAction","target":["https:\/\/winandofficews.com\/spain\/services\/"]}]},{"@type":"BreadcrumbList","@id":"https:\/\/winandofficews.com\/spain\/services\/#breadcrumb","itemListElement":[{"@type":"ListItem","position":1,"name":"Home","item":"https:\/\/winandofficews.com\/spain\/"},{"@type":"ListItem","position":2,"name":"Servicios"}]},{"@type":"WebSite","@id":"https:\/\/winandofficews.com\/spain\/#website","url":"https:\/\/winandofficews.com\/spain\/","name":"Spain","description":"Wholesales Store of Office","publisher":{"@id":"https:\/\/winandofficews.com\/spain\/#organization"},"potentialAction":[{"@type":"SearchAction","target":{"@type":"EntryPoint","urlTemplate":"https:\/\/winandofficews.com\/spain\/?s={search_term_string}"},"query-input":{"@type":"PropertyValueSpecification","valueRequired":true,"valueName":"search_term_string"}}],"inLanguage":"es"},{"@type":"Organization","@id":"https:\/\/winandofficews.com\/spain\/#organization","name":"Spain","url":"https:\/\/winandofficews.com\/spain\/","logo":{"@type":"ImageObject","inLanguage":"es","@id":"https:\/\/winandofficews.com\/spain\/#\/schema\/logo\/image\/","url":"https:\/\/winandofficews.com\/spain\/wp-content\/uploads\/sites\/19\/logo14.png","contentUrl":"https:\/\/winandofficews.com\/spain\/wp-content\/uploads\/sites\/19\/logo14.png","width":322,"height":116,"caption":"Spain"},"image":{"@id":"https:\/\/winandofficews.com\/spain\/#\/schema\/logo\/image\/"}}]}},"_links":{"self":[{"href":"https:\/\/winandofficews.com\/spain\/wp-json\/wp\/v2\/pages\/3410","targetHints":{"allow":["GET"]}}],"collection":[{"href":"https:\/\/winandofficews.com\/spain\/wp-json\/wp\/v2\/pages"}],"about":[{"href":"https:\/\/winandofficews.com\/spain\/wp-json\/wp\/v2\/types\/page"}],"author":[{"embeddable":true,"href":"https:\/\/winandofficews.com\/spain\/wp-json\/wp\/v2\/users\/1"}],"replies":[{"embeddable":true,"href":"https:\/\/winandofficews.com\/spain\/wp-json\/wp\/v2\/comments?post=3410"}],"version-history":[{"count":0,"href":"https:\/\/winandofficews.com\/spain\/wp-json\/wp\/v2\/pages\/3410\/revisions"}],"wp:attachment":[{"href":"https:\/\/winandofficews.com\/spain\/wp-json\/wp\/v2\/media?parent=3410"}],"curies":[{"name":"wp","href":"https:\/\/api.w.org\/{rel}","templated":true}]}}