{"id":87466,"date":"2025-06-19T13:28:46","date_gmt":"2025-06-19T11:28:46","guid":{"rendered":"https:\/\/winandofficews.com\/italy\/?post_type=product&#038;p=87466"},"modified":"2026-04-23T14:35:49","modified_gmt":"2026-04-23T12:35:49","slug":"microsoft-windows-10-professional-microsoft-project-2024-professional-licenza-per-3-dispositivi","status":"publish","type":"product","link":"https:\/\/winandofficews.com\/italy\/product\/microsoft-windows-10-professional-microsoft-project-2024-professional-licenza-per-3-dispositivi\/","title":{"rendered":"Microsoft Windows 10 Professional + Microsoft Project 2024 Professional licenza per 3 dispositivi"},"content":{"rendered":"<h3>Microsoft Windows 10 Professional<\/h3>\n<p>Con la nuova versione di Microsoft Windows 10, Microsoft offre agli utenti domestici esigenti e alle aziende in particolare un sistema operativo moderno e intuitivo. Tra le altre cose, Microsoft Windows 10 offre funzionalit\u00e0 di sicurezza migliorate, accesso desktop remoto, crittografia BitLocker e l&#8217;assistente virtuale personale Cortana. Il sistema si adatta a qualsiasi dispositivo con le sue funzionalit\u00e0 avanzate e ha il vantaggio che i requisiti di sistema sono cambiati poco rispetto ai suoi predecessori. Ci\u00f2 significa che non \u00e8 necessario investire in nuova hardware per sfruttare Microsoft Windows 10 Professional.<strong>Requisiti di sistema minimi<\/strong><\/p>\n<ul>\n<li>CPU da 1 GHz o pi\u00f9 veloce<\/li>\n<li>1 GB di RAM per il sistema operativo a 32 bit o 2 GB di RAM per il sistema operativo a 64 bit<\/li>\n<li>16 GB di spazio su disco rigido disponibile per il sistema operativo a 32 bit o 20 GB per il sistema operativo a 64 bit<\/li>\n<\/ul>\n<h3>Microsoft Project 2024 Professional<\/h3>\n<p>Microsoft Project 2024 porta nuove funzionalit\u00e0 e miglioramenti che aiutano i team a organizzare il lavoro, gestire i compiti e monitorare budget e risorse in modo ancora pi\u00f9 efficace. Questa nuova versione presenta innovazioni chiave che beneficeranno sia i principianti che i professionisti che lavorano su progetti di qualsiasi complessit\u00e0:<\/p>\n<ul>\n<li>Nuova interfaccia pi\u00f9 intuitiva e personalizzabile e navigazione utente migliorata con visualizzazione dati flessibile.<\/li>\n<li>Modelli predefiniti che ti aiutano a iniziare il tuo progetto in pochissimo tempo.<\/li>\n<li>Sincronizzazione con Project Online e Project Server per integrazione e gestione delle risorse.<\/li>\n<li>Scenari &#8220;What-if&#8221; che aiutano a ottimizzare le assegnazioni dei compiti utilizzando simulazioni di scenario.<\/li>\n<li>Migliora la tua pianificazione auto-compilando le date di inizio e fine in base alle dipendenze.<\/li>\n<li>Utilizza pi\u00f9 cronologie per una chiara rappresentazione visiva di programmi complessi.<\/li>\n<li>Nuove funzionalit\u00e0 per la visualizzazione e l&#8217;analisi dei dati, passando facilmente tra diversi tipi di presentazione delle informazioni, inclusi Kanban e Scrum board.<\/li>\n<li>Supporto per Agile, Scrum, Waterfall e approcci ibridi, consentendo agli utenti di combinare elementi di diverse metodologie.<\/li>\n<\/ul>\n<p><strong>Assistenza e supporto:<\/strong><\/p>\n<p>Per qualsiasi domanda, non esitare a contattarci via email. Il nostro servizio clienti e supporto \u00e8 disponibile 7 giorni su 7, 24 ore su 24.<\/p>\n","protected":false},"excerpt":{"rendered":"<ul>\n<li>Licenza Microsoft Windows 10 Professional licenza per 3 dispositivi<\/li>\n<li>Microsoft Project 2024 Professional licenza per 3 dispositivi<\/li>\n<li><strong>Con questa licenza, il software pu\u00f2 essere attivato su 3 dispositivi diversi, ad esempio PC di casa, notebook e PC da lavoro.<\/strong><\/li>\n<li>Versione per sistemi a 32 e 64 bit, versioni complete illimitate del software<\/li>\n<li>Consegna tramite e-mail: codice prodotto, istruzioni, link per il download, fattura<\/li>\n<li>Download immediato!<\/li>\n<li>Nessun limite di tempo, nessun abbonamento<\/li>\n<li>Supporto gratuito 24 ore su 24, 7 giorni su 7 per problemi con installazione e attivazione<\/li>\n<li>Nessuna consegna su archiviazione dati (USB, CD, ecc.)<\/li>\n<li>Attivazione online e telefonica<\/li>\n<li>Lingue: inglese, spagnolo, italiano, tedesco, francese<\/li>\n<li><strong>Questo prodotto \u00e8 compatibile con Microsoft Windows.<\/strong><\/li>\n<li><strong>NON compatibile con Apple macOS&trade;, processori Apple, Parallels per Mac, dispositivi Android e Chromebook.<\/strong><\/li>\n<\/ul>\n","protected":false},"featured_media":1000008102,"comment_status":"closed","ping_status":"closed","template":"","meta":{"_acf_changed":false},"product_brand":[],"product_cat":[155,158,156,267,271,269],"product_tag":[],"class_list":{"0":"post-87466","1":"product","2":"type-product","3":"status-publish","4":"has-post-thumbnail","6":"product_cat-microsoft-office","7":"product_cat-microsoft-windows","8":"product_cat-popular","9":"product_cat-project","10":"product_cat-windows-10","11":"product_cat-windows-desktop","13":"first","14":"instock","15":"sale","16":"featured","17":"virtual","18":"taxable","19":"purchasable","20":"product-type-simple"},"acf":[],"yoast_head":"<!-- This site is optimized with the Yoast SEO plugin v27.4 - https:\/\/yoast.com\/product\/yoast-seo-wordpress\/ -->\n<title>Microsoft Windows 10 Professional + Microsoft Project 2024 Professional licenza per 3 dispositivi - Italy<\/title>\n<meta name=\"robots\" content=\"index, follow, max-snippet:-1, max-image-preview:large, max-video-preview:-1\" \/>\n<link rel=\"canonical\" href=\"https:\/\/winandofficews.com\/italy\/product\/microsoft-windows-10-professional-microsoft-project-2024-professional-licenza-per-3-dispositivi\/\" \/>\n<meta property=\"og:locale\" content=\"it_IT\" \/>\n<meta property=\"og:type\" content=\"article\" \/>\n<meta property=\"og:title\" content=\"Microsoft Windows 10 Professional + Microsoft Project 2024 Professional licenza per 3 dispositivi - Italy\" \/>\n<meta property=\"og:description\" content=\"Licenza Microsoft Windows 10 Professional licenza per 3 dispositivi  Microsoft Project 2024 Professional licenza per 3 dispositivi  Con questa licenza, il software pu\u00f2 essere attivato su 3 dispositivi diversi, ad esempio PC di casa, notebook e PC da lavoro.  Versione per sistemi a 32 e 64 bit, versioni complete illimitate del software  Consegna tramite e-mail: codice prodotto, istruzioni, link per il download, fattura  Download immediato!  Nessun limite di tempo, nessun abbonamento  Supporto gratuito 24 ore su 24, 7 giorni su 7 per problemi con installazione e attivazione  Nessuna consegna su archiviazione dati (USB, CD, ecc.)  Attivazione online e telefonica  Lingue: inglese, spagnolo, italiano, tedesco, francese  Questo prodotto \u00e8 compatibile con Microsoft Windows.  NON compatibile con Apple macOS&trade;, processori Apple, Parallels per Mac, dispositivi Android e Chromebook.\" \/>\n<meta property=\"og:url\" content=\"https:\/\/winandofficews.com\/italy\/product\/microsoft-windows-10-professional-microsoft-project-2024-professional-licenza-per-3-dispositivi\/\" \/>\n<meta property=\"og:site_name\" content=\"Italy\" \/>\n<meta property=\"article:modified_time\" content=\"2026-04-23T12:35:49+00:00\" \/>\n<meta name=\"twitter:card\" content=\"summary_large_image\" \/>\n<meta name=\"twitter:label1\" content=\"Tempo di lettura stimato\" \/>\n\t<meta name=\"twitter:data1\" content=\"3 minuti\" \/>\n<script type=\"application\/ld+json\" class=\"yoast-schema-graph\">{\"@context\":\"https:\\\/\\\/schema.org\",\"@graph\":[{\"@type\":\"WebPage\",\"@id\":\"https:\\\/\\\/winandofficews.com\\\/italy\\\/product\\\/microsoft-windows-10-professional-microsoft-project-2024-professional-licenza-per-3-dispositivi\\\/\",\"url\":\"https:\\\/\\\/winandofficews.com\\\/italy\\\/product\\\/microsoft-windows-10-professional-microsoft-project-2024-professional-licenza-per-3-dispositivi\\\/\",\"name\":\"Microsoft Windows 10 Professional + Microsoft Project 2024 Professional licenza per 3 dispositivi - Italy\",\"isPartOf\":{\"@id\":\"https:\\\/\\\/winandofficews.com\\\/italy\\\/#website\"},\"primaryImageOfPage\":{\"@id\":\"https:\\\/\\\/winandofficews.com\\\/italy\\\/product\\\/microsoft-windows-10-professional-microsoft-project-2024-professional-licenza-per-3-dispositivi\\\/#primaryimage\"},\"image\":{\"@id\":\"https:\\\/\\\/winandofficews.com\\\/italy\\\/product\\\/microsoft-windows-10-professional-microsoft-project-2024-professional-licenza-per-3-dispositivi\\\/#primaryimage\"},\"thumbnailUrl\":\"https:\\\/\\\/winandofficews.com\\\/italy\\\/wp-content\\\/uploads\\\/W10PP24P.png\",\"datePublished\":\"2025-06-19T11:28:46+00:00\",\"dateModified\":\"2026-04-23T12:35:49+00:00\",\"breadcrumb\":{\"@id\":\"https:\\\/\\\/winandofficews.com\\\/italy\\\/product\\\/microsoft-windows-10-professional-microsoft-project-2024-professional-licenza-per-3-dispositivi\\\/#breadcrumb\"},\"inLanguage\":\"it-IT\",\"potentialAction\":[{\"@type\":\"ReadAction\",\"target\":[\"https:\\\/\\\/winandofficews.com\\\/italy\\\/product\\\/microsoft-windows-10-professional-microsoft-project-2024-professional-licenza-per-3-dispositivi\\\/\"]}]},{\"@type\":\"ImageObject\",\"inLanguage\":\"it-IT\",\"@id\":\"https:\\\/\\\/winandofficews.com\\\/italy\\\/product\\\/microsoft-windows-10-professional-microsoft-project-2024-professional-licenza-per-3-dispositivi\\\/#primaryimage\",\"url\":\"https:\\\/\\\/winandofficews.com\\\/italy\\\/wp-content\\\/uploads\\\/W10PP24P.png\",\"contentUrl\":\"https:\\\/\\\/winandofficews.com\\\/italy\\\/wp-content\\\/uploads\\\/W10PP24P.png\"},{\"@type\":\"BreadcrumbList\",\"@id\":\"https:\\\/\\\/winandofficews.com\\\/italy\\\/product\\\/microsoft-windows-10-professional-microsoft-project-2024-professional-licenza-per-3-dispositivi\\\/#breadcrumb\",\"itemListElement\":[{\"@type\":\"ListItem\",\"position\":1,\"name\":\"Home\",\"item\":\"https:\\\/\\\/winandofficews.com\\\/italy\\\/\"},{\"@type\":\"ListItem\",\"position\":2,\"name\":\"Shop\",\"item\":\"https:\\\/\\\/winandofficews.com\\\/italy\\\/shop\\\/\"},{\"@type\":\"ListItem\",\"position\":3,\"name\":\"Microsoft Windows 10 Professional + Microsoft Project 2024 Professional licenza per 3 dispositivi\"}]},{\"@type\":\"WebSite\",\"@id\":\"https:\\\/\\\/winandofficews.com\\\/italy\\\/#website\",\"url\":\"https:\\\/\\\/winandofficews.com\\\/italy\\\/\",\"name\":\"Italy\",\"description\":\"Wholesales Store of Office\",\"publisher\":{\"@id\":\"https:\\\/\\\/winandofficews.com\\\/italy\\\/#organization\"},\"potentialAction\":[{\"@type\":\"SearchAction\",\"target\":{\"@type\":\"EntryPoint\",\"urlTemplate\":\"https:\\\/\\\/winandofficews.com\\\/italy\\\/?s={search_term_string}\"},\"query-input\":{\"@type\":\"PropertyValueSpecification\",\"valueRequired\":true,\"valueName\":\"search_term_string\"}}],\"inLanguage\":\"it-IT\"},{\"@type\":\"Organization\",\"@id\":\"https:\\\/\\\/winandofficews.com\\\/italy\\\/#organization\",\"name\":\"Italy\",\"url\":\"https:\\\/\\\/winandofficews.com\\\/italy\\\/\",\"logo\":{\"@type\":\"ImageObject\",\"inLanguage\":\"it-IT\",\"@id\":\"https:\\\/\\\/winandofficews.com\\\/italy\\\/#\\\/schema\\\/logo\\\/image\\\/\",\"url\":\"https:\\\/\\\/winandofficews.com\\\/italy\\\/wp-content\\\/uploads\\\/sites\\\/18\\\/logo14.png\",\"contentUrl\":\"https:\\\/\\\/winandofficews.com\\\/italy\\\/wp-content\\\/uploads\\\/sites\\\/18\\\/logo14.png\",\"width\":322,\"height\":116,\"caption\":\"Italy\"},\"image\":{\"@id\":\"https:\\\/\\\/winandofficews.com\\\/italy\\\/#\\\/schema\\\/logo\\\/image\\\/\"}}]}<\/script>\n<!-- \/ Yoast SEO plugin. -->","yoast_head_json":{"title":"Microsoft Windows 10 Professional + Microsoft Project 2024 Professional licenza per 3 dispositivi - Italy","robots":{"index":"index","follow":"follow","max-snippet":"max-snippet:-1","max-image-preview":"max-image-preview:large","max-video-preview":"max-video-preview:-1"},"canonical":"https:\/\/winandofficews.com\/italy\/product\/microsoft-windows-10-professional-microsoft-project-2024-professional-licenza-per-3-dispositivi\/","og_locale":"it_IT","og_type":"article","og_title":"Microsoft Windows 10 Professional + Microsoft Project 2024 Professional licenza per 3 dispositivi - Italy","og_description":"Licenza Microsoft Windows 10 Professional licenza per 3 dispositivi  Microsoft Project 2024 Professional licenza per 3 dispositivi  Con questa licenza, il software pu\u00f2 essere attivato su 3 dispositivi diversi, ad esempio PC di casa, notebook e PC da lavoro.  Versione per sistemi a 32 e 64 bit, versioni complete illimitate del software  Consegna tramite e-mail: codice prodotto, istruzioni, link per il download, fattura  Download immediato!  Nessun limite di tempo, nessun abbonamento  Supporto gratuito 24 ore su 24, 7 giorni su 7 per problemi con installazione e attivazione  Nessuna consegna su archiviazione dati (USB, CD, ecc.)  Attivazione online e telefonica  Lingue: inglese, spagnolo, italiano, tedesco, francese  Questo prodotto \u00e8 compatibile con Microsoft Windows.  NON compatibile con Apple macOS&trade;, processori Apple, Parallels per Mac, dispositivi Android e Chromebook.","og_url":"https:\/\/winandofficews.com\/italy\/product\/microsoft-windows-10-professional-microsoft-project-2024-professional-licenza-per-3-dispositivi\/","og_site_name":"Italy","article_modified_time":"2026-04-23T12:35:49+00:00","twitter_card":"summary_large_image","twitter_misc":{"Tempo di lettura stimato":"3 minuti"},"schema":{"@context":"https:\/\/schema.org","@graph":[{"@type":"WebPage","@id":"https:\/\/winandofficews.com\/italy\/product\/microsoft-windows-10-professional-microsoft-project-2024-professional-licenza-per-3-dispositivi\/","url":"https:\/\/winandofficews.com\/italy\/product\/microsoft-windows-10-professional-microsoft-project-2024-professional-licenza-per-3-dispositivi\/","name":"Microsoft Windows 10 Professional + Microsoft Project 2024 Professional licenza per 3 dispositivi - Italy","isPartOf":{"@id":"https:\/\/winandofficews.com\/italy\/#website"},"primaryImageOfPage":{"@id":"https:\/\/winandofficews.com\/italy\/product\/microsoft-windows-10-professional-microsoft-project-2024-professional-licenza-per-3-dispositivi\/#primaryimage"},"image":{"@id":"https:\/\/winandofficews.com\/italy\/product\/microsoft-windows-10-professional-microsoft-project-2024-professional-licenza-per-3-dispositivi\/#primaryimage"},"thumbnailUrl":"https:\/\/winandofficews.com\/italy\/wp-content\/uploads\/W10PP24P.png","datePublished":"2025-06-19T11:28:46+00:00","dateModified":"2026-04-23T12:35:49+00:00","breadcrumb":{"@id":"https:\/\/winandofficews.com\/italy\/product\/microsoft-windows-10-professional-microsoft-project-2024-professional-licenza-per-3-dispositivi\/#breadcrumb"},"inLanguage":"it-IT","potentialAction":[{"@type":"ReadAction","target":["https:\/\/winandofficews.com\/italy\/product\/microsoft-windows-10-professional-microsoft-project-2024-professional-licenza-per-3-dispositivi\/"]}]},{"@type":"ImageObject","inLanguage":"it-IT","@id":"https:\/\/winandofficews.com\/italy\/product\/microsoft-windows-10-professional-microsoft-project-2024-professional-licenza-per-3-dispositivi\/#primaryimage","url":"https:\/\/winandofficews.com\/italy\/wp-content\/uploads\/W10PP24P.png","contentUrl":"https:\/\/winandofficews.com\/italy\/wp-content\/uploads\/W10PP24P.png"},{"@type":"BreadcrumbList","@id":"https:\/\/winandofficews.com\/italy\/product\/microsoft-windows-10-professional-microsoft-project-2024-professional-licenza-per-3-dispositivi\/#breadcrumb","itemListElement":[{"@type":"ListItem","position":1,"name":"Home","item":"https:\/\/winandofficews.com\/italy\/"},{"@type":"ListItem","position":2,"name":"Shop","item":"https:\/\/winandofficews.com\/italy\/shop\/"},{"@type":"ListItem","position":3,"name":"Microsoft Windows 10 Professional + Microsoft Project 2024 Professional licenza per 3 dispositivi"}]},{"@type":"WebSite","@id":"https:\/\/winandofficews.com\/italy\/#website","url":"https:\/\/winandofficews.com\/italy\/","name":"Italy","description":"Wholesales Store of Office","publisher":{"@id":"https:\/\/winandofficews.com\/italy\/#organization"},"potentialAction":[{"@type":"SearchAction","target":{"@type":"EntryPoint","urlTemplate":"https:\/\/winandofficews.com\/italy\/?s={search_term_string}"},"query-input":{"@type":"PropertyValueSpecification","valueRequired":true,"valueName":"search_term_string"}}],"inLanguage":"it-IT"},{"@type":"Organization","@id":"https:\/\/winandofficews.com\/italy\/#organization","name":"Italy","url":"https:\/\/winandofficews.com\/italy\/","logo":{"@type":"ImageObject","inLanguage":"it-IT","@id":"https:\/\/winandofficews.com\/italy\/#\/schema\/logo\/image\/","url":"https:\/\/winandofficews.com\/italy\/wp-content\/uploads\/sites\/18\/logo14.png","contentUrl":"https:\/\/winandofficews.com\/italy\/wp-content\/uploads\/sites\/18\/logo14.png","width":322,"height":116,"caption":"Italy"},"image":{"@id":"https:\/\/winandofficews.com\/italy\/#\/schema\/logo\/image\/"}}]}},"_links":{"self":[{"href":"https:\/\/winandofficews.com\/italy\/wp-json\/wp\/v2\/product\/87466","targetHints":{"allow":["GET"]}}],"collection":[{"href":"https:\/\/winandofficews.com\/italy\/wp-json\/wp\/v2\/product"}],"about":[{"href":"https:\/\/winandofficews.com\/italy\/wp-json\/wp\/v2\/types\/product"}],"replies":[{"embeddable":true,"href":"https:\/\/winandofficews.com\/italy\/wp-json\/wp\/v2\/comments?post=87466"}],"wp:featuredmedia":[{"embeddable":true,"href":"https:\/\/winandofficews.com\/italy\/wp-json\/"}],"wp:attachment":[{"href":"https:\/\/winandofficews.com\/italy\/wp-json\/wp\/v2\/media?parent=87466"}],"wp:term":[{"taxonomy":"product_brand","embeddable":true,"href":"https:\/\/winandofficews.com\/italy\/wp-json\/wp\/v2\/product_brand?post=87466"},{"taxonomy":"product_cat","embeddable":true,"href":"https:\/\/winandofficews.com\/italy\/wp-json\/wp\/v2\/product_cat?post=87466"},{"taxonomy":"product_tag","embeddable":true,"href":"https:\/\/winandofficews.com\/italy\/wp-json\/wp\/v2\/product_tag?post=87466"}],"curies":[{"name":"wp","href":"https:\/\/api.w.org\/{rel}","templated":true}]}}