{"id":87464,"date":"2025-06-19T13:28:46","date_gmt":"2025-06-19T11:28:46","guid":{"rendered":"https:\/\/winandofficews.com\/italy\/?post_type=product&#038;p=87464"},"modified":"2026-04-23T14:35:49","modified_gmt":"2026-04-23T12:35:49","slug":"microsoft-windows-11-professional-microsoft-project-2024-professional-licenza-per-3-dispositivi","status":"publish","type":"product","link":"https:\/\/winandofficews.com\/italy\/product\/microsoft-windows-11-professional-microsoft-project-2024-professional-licenza-per-3-dispositivi\/","title":{"rendered":"Microsoft Windows 11 Professional + Microsoft Project 2024 Professional licenza per 3 dispositivi"},"content":{"rendered":"<h4>Requisiti di Sistema<\/h4>\n<p>Assicurati di essere pronto per il nuovo e straordinario sistema operativo di Microsoft!Questi sono i requisiti minimi per installare Microsoft Windows 11 su un PC. Se il tuo dispositivo non soddisfa questi requisiti, potresti non essere in grado di installare Microsoft Windows 11. Se non sei sicuro che il tuo PC soddisfi questi requisiti, puoi utilizzare l&#8217;app PC Health Check per valutare la compatibilit\u00e0 (richiede Microsoft Windows 10, clicca qui per scaricare).<\/p>\n<ul>\n<li><strong>Processore<\/strong>: CPU da 1 gigahertz (GHz) o pi\u00f9 veloce con 2 o pi\u00f9 core su un processore compatibile a 64 bit o System on a Chip (SoC).<\/li>\n<li><strong>RAM<\/strong>: 4 gigabyte (GB).<\/li>\n<li><strong>Archiviazione<\/strong>: Dispositivo di archiviazione da 64 GB o pi\u00f9 grande.Nota: Vedi sotto &#8220;Ulteriori informazioni sullo spazio di archiviazione per mantenere Microsoft Windows 11 aggiornato&#8221; per ulteriori dettagli.<\/li>\n<li><strong>Firmware di sistema<\/strong>: UEFI, compatibile con Secure Boot.<\/li>\n<li><strong>TPM<\/strong>: Trusted Platform Module (TPM) versione 2.0.<\/li>\n<li><strong>Scheda grafica<\/strong>: Compatibile con DirectX 12 o versioni successive con driver WDDM 2.0.<\/li>\n<li><strong>Display<\/strong>: Schermo ad alta definizione (720p) con diagonale superiore a 9\u201d, 8 bit per canale colore.<\/li>\n<li><strong>Connessione Internet e account Microsoft<\/strong>: L&#8217;edizione Microsoft Windows 11 Home richiede connettivit\u00e0 Internet e un account Microsoft per completare la configurazione del dispositivo al primo utilizzo.Passare un dispositivo da Microsoft Windows 11 Home in modalit\u00e0 S richiede anche connettivit\u00e0 Internet.Per tutte le edizioni di Microsoft Windows 11, l&#8217;accesso a Internet \u00e8 necessario per eseguire aggiornamenti e per scaricare e sfruttare alcune funzionalit\u00e0. Un account Microsoft \u00e8 richiesto per alcune funzionalit\u00e0.Potrebbero esserci requisiti aggiuntivi nel tempo per gli aggiornamenti, cos\u00ec come requisiti per attivare specifiche funzionalit\u00e0 all&#8217;interno del sistema operativo.<\/li>\n<\/ul>\n<p>Al alcune funzionalit\u00e0 in Microsoft Windows 11 hanno requisiti aumentati rispetto a quelli elencati sopra nella sezione dei requisiti minimi. Di seguito sono riportati alcuni dettagli aggiuntivi riguardanti i requisiti per funzionalit\u00e0 chiave:<\/p>\n<ul>\n<li>Il supporto 5G richiede un modem compatibile con il 5G.<\/li>\n<li>Auto HDR richiede un monitor HDR.<\/li>\n<li>BitLocker to Go richiede un&#8217;unit\u00e0 flash USB (disponibile nelle edizioni Microsoft Windows 7 Pro e superiori).<\/li>\n<li>Client Hyper-V richiede un processore con capacit\u00e0 di traduzione degli indirizzi di secondo livello (SLAT) (disponibile nelle edizioni Microsoft Windows Pro e superiori).<\/li>\n<li>Cortana richiede un microfono e un altoparlante ed \u00e8 attualmente disponibile su Microsoft Windows 11 per Australia, Brasile, Canada, Cina, Francia, Germania, India, Italia, Giappone, Messico, Spagna, Regno Unito e Stati Uniti.<\/li>\n<li>DirectStorage richiede un SSD NVMe per memorizzare ed eseguire giochi che utilizzano il driver &#8220;Standard NVM Express Controller&#8221; e una GPU DirectX12 con supporto per Shader Model 6.0.<\/li>\n<li>DirectX 12 Ultimate \u00e8 disponibile con giochi e chip grafici supportati.<\/li>\n<li>La presenza richiede un sensore in grado di rilevare la distanza umana dal dispositivo o l&#8217;intento di interagire con il dispositivo.<\/li>\n<li>La videoconferenza intelligente richiede una videocamera, un microfono e un altoparlante (uscita audio).<\/li>\n<li>L&#8217;Assistente Vocale Multiplo (MVA) richiede un microfono e un altoparlante.<\/li>\n<li>I layout a tre colonne richiedono uno schermo che abbia almeno 1920 pixel effettivi di larghezza.<\/li>\n<li>La funzione Mute\/Unmute dalla barra delle applicazioni richiede una videocamera, un microfono e un altoparlante (uscita audio). L&#8217;app deve essere compatibile con la funzionalit\u00e0 per abilitare il silenziamento globale.<\/li>\n<li>Il suono spaziale richiede hardware e software di supporto.<\/li>\n<li>Teams richiede una videocamera, un microfono e un altoparlante (uscita audio).<\/li>\n<li>Il touch richiede uno schermo o un monitor che supporti il multi-touch.<\/li>\n<li>L&#8217;autenticazione a due fattori richiede l&#8217;uso di un PIN, biometrico (lettore di impronte digitali o fotocamera a infrarossi illuminata) o un telefono con capacit\u00e0 Wi-Fi o Bluetooth.<\/li>\n<li>La digitazione vocale richiede un PC con un microfono.<\/li>\n<li>Wake on Voice richiede un modello di alimentazione Modern Standby e un microfono.<\/li>\n<li>Wi-Fi 6E richiede nuovo hardware e driver WLAN IHV e un AP\/router compatibile con Wi-Fi 6E.<\/li>\n<li>Microsoft Windows Hello richiede una fotocamera configurata per l&#8217;imaging a infrarossi vicino (IR) o un lettore di impronte digitali per l&#8217;autenticazione biometrica. I dispositivi senza sensori biometrici possono utilizzare Microsoft Windows Hello con un PIN o una chiave di sicurezza portatile compatibile con Microsoft.<\/li>\n<li>Microsoft Windows Microsoft Projection richiede un adattatore di visualizzazione che supporti il modello di driver di visualizzazione Microsoft Windows (WDDM) 2.0 e un adattatore Wi-Fi che supporti Wi-Fi Direct.<\/li>\n<li>L&#8217;app Xbox richiede un account Xbox Live, che non \u00e8 disponibile in tutte le regioni. Consulta i Paesi e le Regioni di Xbox Live per le informazioni pi\u00f9 aggiornate sulla disponibilit\u00e0. Alcune funzionalit\u00e0 nell&#8217;app Xbox richiederanno un abbonamento attivo a Xbox Game Pass. Scopri di pi\u00f9 sul pass.<\/li>\n<\/ul>\n<h3>Microsoft Project 2024 Professional<\/h3>\n<p>Microsoft Project 2024 porta nuove funzionalit\u00e0 e miglioramenti che aiutano i team a organizzare il lavoro, gestire i compiti e monitorare budget e risorse in modo ancora pi\u00f9 efficace. Questa nuova versione presenta innovazioni chiave che beneficeranno sia i principianti che i professionisti che lavorano su progetti di qualsiasi complessit\u00e0:<\/p>\n<ul>\n<li>Nuova interfaccia pi\u00f9 intuitiva e personalizzabile e navigazione utente migliorata con visualizzazione dati flessibile.<\/li>\n<li>Modelli predefiniti che ti aiutano a iniziare il tuo progetto in pochissimo tempo.<\/li>\n<li>Sincronizzazione con Project Online e Project Server per integrazione e gestione delle risorse.<\/li>\n<li>Scenari &#8220;What-if&#8221; che aiutano a ottimizzare le assegnazioni dei compiti utilizzando simulazioni di scenario.<\/li>\n<li>Migliora la tua pianificazione auto-compilando le date di inizio e fine in base alle dipendenze.<\/li>\n<li>Utilizza pi\u00f9 cronologie per una chiara rappresentazione visiva di programmi complessi.<\/li>\n<li>Nuove funzionalit\u00e0 per la visualizzazione e l&#8217;analisi dei dati, passando facilmente tra diversi tipi di presentazione delle informazioni, inclusi Kanban e Scrum board.<\/li>\n<li>Supporto per Agile, Scrum, Waterfall e approcci ibridi, consentendo agli utenti di combinare elementi di diverse metodologie.<\/li>\n<\/ul>\n<p><strong>Assistenza e supporto:<\/strong><\/p>\n<p>Per qualsiasi domanda, non esitare a contattarci via email. Il nostro servizio clienti e supporto \u00e8 disponibile 7 giorni su 7, 24 ore su 24.<\/p>\n","protected":false},"excerpt":{"rendered":"<ul>\n<li>Microsoft Windows 11 Professional licenza per 3 dispositivi<\/li>\n<li>Microsoft Project 2024 Professional Plus licenza per 3 dispositivi<\/li>\n<li><strong>Con questa licenza, il software pu\u00f2 essere attivato su 3 dispositivi diversi, ad esempio PC di casa, notebook e PC di lavoro.<\/strong><\/li>\n<li>Versione per sistemi a 32 e 64 bit, versioni complete illimitate del software<\/li>\n<li>Consegna tramite e-mail: codice prodotto, istruzioni, link per il download, fattura<\/li>\n<li>Download immediato!<\/li>\n<li>Nessun limite di tempo, nessun abbonamento<\/li>\n<li>Supporto gratuito 24 ore su 24, 7 giorni su 7 per problemi con installazione e attivazione<\/li>\n<li>Nessuna consegna su archiviazione dati (USB, CD, ecc.)<\/li>\n<li>Attivazione online e telefonica<\/li>\n<li>Lingue: inglese, spagnolo, italiano, tedesco, francese<\/li>\n<li><strong>Questo prodotto \u00e8 compatibile con Microsoft Windows..<\/strong><\/li>\n<li><strong>NON compatibile con Apple macOS&trade;, processori Apple, Parallels per Mac, dispositivi Android e Chromebook.<\/strong><\/li>\n<li>\n<\/ul>\n","protected":false},"featured_media":1000008098,"comment_status":"closed","ping_status":"closed","template":"","meta":{"_acf_changed":false},"product_brand":[],"product_cat":[157,155,158,156,267,270,269],"product_tag":[159,161],"class_list":{"0":"post-87464","1":"product","2":"type-product","3":"status-publish","4":"has-post-thumbnail","6":"product_cat-combo","7":"product_cat-microsoft-office","8":"product_cat-microsoft-windows","9":"product_cat-popular","10":"product_cat-project","11":"product_cat-windows-11-windows-desktop","12":"product_cat-windows-desktop","13":"product_tag-office","14":"product_tag-windows-11","16":"first","17":"instock","18":"sale","19":"featured","20":"virtual","21":"taxable","22":"purchasable","23":"product-type-simple"},"acf":[],"yoast_head":"<!-- This site is optimized with the Yoast SEO plugin v27.4 - https:\/\/yoast.com\/product\/yoast-seo-wordpress\/ -->\n<title>Microsoft Windows 11 Professional + Microsoft Project 2024 Professional licenza per 3 dispositivi - Italy<\/title>\n<meta name=\"robots\" content=\"index, follow, max-snippet:-1, max-image-preview:large, max-video-preview:-1\" \/>\n<link rel=\"canonical\" href=\"https:\/\/winandofficews.com\/italy\/product\/microsoft-windows-11-professional-microsoft-project-2024-professional-licenza-per-3-dispositivi\/\" \/>\n<meta property=\"og:locale\" content=\"it_IT\" \/>\n<meta property=\"og:type\" content=\"article\" \/>\n<meta property=\"og:title\" content=\"Microsoft Windows 11 Professional + Microsoft Project 2024 Professional licenza per 3 dispositivi - Italy\" \/>\n<meta property=\"og:description\" content=\"Microsoft Windows 11 Professional licenza per 3 dispositivi  Microsoft Project 2024 Professional Plus licenza per 3 dispositivi  Con questa licenza, il software pu\u00f2 essere attivato su 3 dispositivi diversi, ad esempio PC di casa, notebook e PC di lavoro.  Versione per sistemi a 32 e 64 bit, versioni complete illimitate del software  Consegna tramite e-mail: codice prodotto, istruzioni, link per il download, fattura  Download immediato!  Nessun limite di tempo, nessun abbonamento  Supporto gratuito 24 ore su 24, 7 giorni su 7 per problemi con installazione e attivazione  Nessuna consegna su archiviazione dati (USB, CD, ecc.)  Attivazione online e telefonica  Lingue: inglese, spagnolo, italiano, tedesco, francese  Questo prodotto \u00e8 compatibile con Microsoft Windows..  NON compatibile con Apple macOS&trade;, processori Apple, Parallels per Mac, dispositivi Android e Chromebook.\" \/>\n<meta property=\"og:url\" content=\"https:\/\/winandofficews.com\/italy\/product\/microsoft-windows-11-professional-microsoft-project-2024-professional-licenza-per-3-dispositivi\/\" \/>\n<meta property=\"og:site_name\" content=\"Italy\" \/>\n<meta property=\"article:modified_time\" content=\"2026-04-23T12:35:49+00:00\" \/>\n<meta name=\"twitter:card\" content=\"summary_large_image\" \/>\n<meta name=\"twitter:label1\" content=\"Tempo di lettura stimato\" \/>\n\t<meta name=\"twitter:data1\" content=\"6 minuti\" \/>\n<script type=\"application\/ld+json\" class=\"yoast-schema-graph\">{\"@context\":\"https:\\\/\\\/schema.org\",\"@graph\":[{\"@type\":\"WebPage\",\"@id\":\"https:\\\/\\\/winandofficews.com\\\/italy\\\/product\\\/microsoft-windows-11-professional-microsoft-project-2024-professional-licenza-per-3-dispositivi\\\/\",\"url\":\"https:\\\/\\\/winandofficews.com\\\/italy\\\/product\\\/microsoft-windows-11-professional-microsoft-project-2024-professional-licenza-per-3-dispositivi\\\/\",\"name\":\"Microsoft Windows 11 Professional + Microsoft Project 2024 Professional licenza per 3 dispositivi - Italy\",\"isPartOf\":{\"@id\":\"https:\\\/\\\/winandofficews.com\\\/italy\\\/#website\"},\"primaryImageOfPage\":{\"@id\":\"https:\\\/\\\/winandofficews.com\\\/italy\\\/product\\\/microsoft-windows-11-professional-microsoft-project-2024-professional-licenza-per-3-dispositivi\\\/#primaryimage\"},\"image\":{\"@id\":\"https:\\\/\\\/winandofficews.com\\\/italy\\\/product\\\/microsoft-windows-11-professional-microsoft-project-2024-professional-licenza-per-3-dispositivi\\\/#primaryimage\"},\"thumbnailUrl\":\"https:\\\/\\\/winandofficews.com\\\/italy\\\/wp-content\\\/uploads\\\/W11PP24P.png\",\"datePublished\":\"2025-06-19T11:28:46+00:00\",\"dateModified\":\"2026-04-23T12:35:49+00:00\",\"breadcrumb\":{\"@id\":\"https:\\\/\\\/winandofficews.com\\\/italy\\\/product\\\/microsoft-windows-11-professional-microsoft-project-2024-professional-licenza-per-3-dispositivi\\\/#breadcrumb\"},\"inLanguage\":\"it-IT\",\"potentialAction\":[{\"@type\":\"ReadAction\",\"target\":[\"https:\\\/\\\/winandofficews.com\\\/italy\\\/product\\\/microsoft-windows-11-professional-microsoft-project-2024-professional-licenza-per-3-dispositivi\\\/\"]}]},{\"@type\":\"ImageObject\",\"inLanguage\":\"it-IT\",\"@id\":\"https:\\\/\\\/winandofficews.com\\\/italy\\\/product\\\/microsoft-windows-11-professional-microsoft-project-2024-professional-licenza-per-3-dispositivi\\\/#primaryimage\",\"url\":\"https:\\\/\\\/winandofficews.com\\\/italy\\\/wp-content\\\/uploads\\\/W11PP24P.png\",\"contentUrl\":\"https:\\\/\\\/winandofficews.com\\\/italy\\\/wp-content\\\/uploads\\\/W11PP24P.png\"},{\"@type\":\"BreadcrumbList\",\"@id\":\"https:\\\/\\\/winandofficews.com\\\/italy\\\/product\\\/microsoft-windows-11-professional-microsoft-project-2024-professional-licenza-per-3-dispositivi\\\/#breadcrumb\",\"itemListElement\":[{\"@type\":\"ListItem\",\"position\":1,\"name\":\"Home\",\"item\":\"https:\\\/\\\/winandofficews.com\\\/italy\\\/\"},{\"@type\":\"ListItem\",\"position\":2,\"name\":\"Shop\",\"item\":\"https:\\\/\\\/winandofficews.com\\\/italy\\\/shop\\\/\"},{\"@type\":\"ListItem\",\"position\":3,\"name\":\"Microsoft Windows 11 Professional + Microsoft Project 2024 Professional licenza per 3 dispositivi\"}]},{\"@type\":\"WebSite\",\"@id\":\"https:\\\/\\\/winandofficews.com\\\/italy\\\/#website\",\"url\":\"https:\\\/\\\/winandofficews.com\\\/italy\\\/\",\"name\":\"Italy\",\"description\":\"Wholesales Store of Office\",\"publisher\":{\"@id\":\"https:\\\/\\\/winandofficews.com\\\/italy\\\/#organization\"},\"potentialAction\":[{\"@type\":\"SearchAction\",\"target\":{\"@type\":\"EntryPoint\",\"urlTemplate\":\"https:\\\/\\\/winandofficews.com\\\/italy\\\/?s={search_term_string}\"},\"query-input\":{\"@type\":\"PropertyValueSpecification\",\"valueRequired\":true,\"valueName\":\"search_term_string\"}}],\"inLanguage\":\"it-IT\"},{\"@type\":\"Organization\",\"@id\":\"https:\\\/\\\/winandofficews.com\\\/italy\\\/#organization\",\"name\":\"Italy\",\"url\":\"https:\\\/\\\/winandofficews.com\\\/italy\\\/\",\"logo\":{\"@type\":\"ImageObject\",\"inLanguage\":\"it-IT\",\"@id\":\"https:\\\/\\\/winandofficews.com\\\/italy\\\/#\\\/schema\\\/logo\\\/image\\\/\",\"url\":\"https:\\\/\\\/winandofficews.com\\\/italy\\\/wp-content\\\/uploads\\\/sites\\\/18\\\/logo14.png\",\"contentUrl\":\"https:\\\/\\\/winandofficews.com\\\/italy\\\/wp-content\\\/uploads\\\/sites\\\/18\\\/logo14.png\",\"width\":322,\"height\":116,\"caption\":\"Italy\"},\"image\":{\"@id\":\"https:\\\/\\\/winandofficews.com\\\/italy\\\/#\\\/schema\\\/logo\\\/image\\\/\"}}]}<\/script>\n<!-- \/ Yoast SEO plugin. -->","yoast_head_json":{"title":"Microsoft Windows 11 Professional + Microsoft Project 2024 Professional licenza per 3 dispositivi - Italy","robots":{"index":"index","follow":"follow","max-snippet":"max-snippet:-1","max-image-preview":"max-image-preview:large","max-video-preview":"max-video-preview:-1"},"canonical":"https:\/\/winandofficews.com\/italy\/product\/microsoft-windows-11-professional-microsoft-project-2024-professional-licenza-per-3-dispositivi\/","og_locale":"it_IT","og_type":"article","og_title":"Microsoft Windows 11 Professional + Microsoft Project 2024 Professional licenza per 3 dispositivi - Italy","og_description":"Microsoft Windows 11 Professional licenza per 3 dispositivi  Microsoft Project 2024 Professional Plus licenza per 3 dispositivi  Con questa licenza, il software pu\u00f2 essere attivato su 3 dispositivi diversi, ad esempio PC di casa, notebook e PC di lavoro.  Versione per sistemi a 32 e 64 bit, versioni complete illimitate del software  Consegna tramite e-mail: codice prodotto, istruzioni, link per il download, fattura  Download immediato!  Nessun limite di tempo, nessun abbonamento  Supporto gratuito 24 ore su 24, 7 giorni su 7 per problemi con installazione e attivazione  Nessuna consegna su archiviazione dati (USB, CD, ecc.)  Attivazione online e telefonica  Lingue: inglese, spagnolo, italiano, tedesco, francese  Questo prodotto \u00e8 compatibile con Microsoft Windows..  NON compatibile con Apple macOS&trade;, processori Apple, Parallels per Mac, dispositivi Android e Chromebook.","og_url":"https:\/\/winandofficews.com\/italy\/product\/microsoft-windows-11-professional-microsoft-project-2024-professional-licenza-per-3-dispositivi\/","og_site_name":"Italy","article_modified_time":"2026-04-23T12:35:49+00:00","twitter_card":"summary_large_image","twitter_misc":{"Tempo di lettura stimato":"6 minuti"},"schema":{"@context":"https:\/\/schema.org","@graph":[{"@type":"WebPage","@id":"https:\/\/winandofficews.com\/italy\/product\/microsoft-windows-11-professional-microsoft-project-2024-professional-licenza-per-3-dispositivi\/","url":"https:\/\/winandofficews.com\/italy\/product\/microsoft-windows-11-professional-microsoft-project-2024-professional-licenza-per-3-dispositivi\/","name":"Microsoft Windows 11 Professional + Microsoft Project 2024 Professional licenza per 3 dispositivi - Italy","isPartOf":{"@id":"https:\/\/winandofficews.com\/italy\/#website"},"primaryImageOfPage":{"@id":"https:\/\/winandofficews.com\/italy\/product\/microsoft-windows-11-professional-microsoft-project-2024-professional-licenza-per-3-dispositivi\/#primaryimage"},"image":{"@id":"https:\/\/winandofficews.com\/italy\/product\/microsoft-windows-11-professional-microsoft-project-2024-professional-licenza-per-3-dispositivi\/#primaryimage"},"thumbnailUrl":"https:\/\/winandofficews.com\/italy\/wp-content\/uploads\/W11PP24P.png","datePublished":"2025-06-19T11:28:46+00:00","dateModified":"2026-04-23T12:35:49+00:00","breadcrumb":{"@id":"https:\/\/winandofficews.com\/italy\/product\/microsoft-windows-11-professional-microsoft-project-2024-professional-licenza-per-3-dispositivi\/#breadcrumb"},"inLanguage":"it-IT","potentialAction":[{"@type":"ReadAction","target":["https:\/\/winandofficews.com\/italy\/product\/microsoft-windows-11-professional-microsoft-project-2024-professional-licenza-per-3-dispositivi\/"]}]},{"@type":"ImageObject","inLanguage":"it-IT","@id":"https:\/\/winandofficews.com\/italy\/product\/microsoft-windows-11-professional-microsoft-project-2024-professional-licenza-per-3-dispositivi\/#primaryimage","url":"https:\/\/winandofficews.com\/italy\/wp-content\/uploads\/W11PP24P.png","contentUrl":"https:\/\/winandofficews.com\/italy\/wp-content\/uploads\/W11PP24P.png"},{"@type":"BreadcrumbList","@id":"https:\/\/winandofficews.com\/italy\/product\/microsoft-windows-11-professional-microsoft-project-2024-professional-licenza-per-3-dispositivi\/#breadcrumb","itemListElement":[{"@type":"ListItem","position":1,"name":"Home","item":"https:\/\/winandofficews.com\/italy\/"},{"@type":"ListItem","position":2,"name":"Shop","item":"https:\/\/winandofficews.com\/italy\/shop\/"},{"@type":"ListItem","position":3,"name":"Microsoft Windows 11 Professional + Microsoft Project 2024 Professional licenza per 3 dispositivi"}]},{"@type":"WebSite","@id":"https:\/\/winandofficews.com\/italy\/#website","url":"https:\/\/winandofficews.com\/italy\/","name":"Italy","description":"Wholesales Store of Office","publisher":{"@id":"https:\/\/winandofficews.com\/italy\/#organization"},"potentialAction":[{"@type":"SearchAction","target":{"@type":"EntryPoint","urlTemplate":"https:\/\/winandofficews.com\/italy\/?s={search_term_string}"},"query-input":{"@type":"PropertyValueSpecification","valueRequired":true,"valueName":"search_term_string"}}],"inLanguage":"it-IT"},{"@type":"Organization","@id":"https:\/\/winandofficews.com\/italy\/#organization","name":"Italy","url":"https:\/\/winandofficews.com\/italy\/","logo":{"@type":"ImageObject","inLanguage":"it-IT","@id":"https:\/\/winandofficews.com\/italy\/#\/schema\/logo\/image\/","url":"https:\/\/winandofficews.com\/italy\/wp-content\/uploads\/sites\/18\/logo14.png","contentUrl":"https:\/\/winandofficews.com\/italy\/wp-content\/uploads\/sites\/18\/logo14.png","width":322,"height":116,"caption":"Italy"},"image":{"@id":"https:\/\/winandofficews.com\/italy\/#\/schema\/logo\/image\/"}}]}},"_links":{"self":[{"href":"https:\/\/winandofficews.com\/italy\/wp-json\/wp\/v2\/product\/87464","targetHints":{"allow":["GET"]}}],"collection":[{"href":"https:\/\/winandofficews.com\/italy\/wp-json\/wp\/v2\/product"}],"about":[{"href":"https:\/\/winandofficews.com\/italy\/wp-json\/wp\/v2\/types\/product"}],"replies":[{"embeddable":true,"href":"https:\/\/winandofficews.com\/italy\/wp-json\/wp\/v2\/comments?post=87464"}],"wp:featuredmedia":[{"embeddable":true,"href":"https:\/\/winandofficews.com\/italy\/wp-json\/"}],"wp:attachment":[{"href":"https:\/\/winandofficews.com\/italy\/wp-json\/wp\/v2\/media?parent=87464"}],"wp:term":[{"taxonomy":"product_brand","embeddable":true,"href":"https:\/\/winandofficews.com\/italy\/wp-json\/wp\/v2\/product_brand?post=87464"},{"taxonomy":"product_cat","embeddable":true,"href":"https:\/\/winandofficews.com\/italy\/wp-json\/wp\/v2\/product_cat?post=87464"},{"taxonomy":"product_tag","embeddable":true,"href":"https:\/\/winandofficews.com\/italy\/wp-json\/wp\/v2\/product_tag?post=87464"}],"curies":[{"name":"wp","href":"https:\/\/api.w.org\/{rel}","templated":true}]}}