{"id":87446,"date":"2025-06-19T13:28:44","date_gmt":"2025-06-19T11:28:44","guid":{"rendered":"https:\/\/winandofficews.com\/italy\/?post_type=product&#038;p=87446"},"modified":"2026-04-23T14:34:45","modified_gmt":"2026-04-23T12:34:45","slug":"microsoft-office-home-business-2016-mac","status":"publish","type":"product","link":"https:\/\/winandofficews.com\/italy\/product\/microsoft-office-home-business-2016-mac\/","title":{"rendered":"Microsoft Office Home &amp; Business 2016 MAC"},"content":{"rendered":"<h4>Microsoft Office Home &amp; Business 2016 MAC<\/h4>\n<p>Microsoft Office 2016 MAC \u00e8 progettato per aiutarti a lavorare pi\u00f9 velocemente. Offre nuove straordinarie funzionalit\u00e0 che semplificano la comunicazione, la creazione, la collaborazione e la condivisione del lavoro. Microsoft Office 2016 per Mac \u00e8 progettato per sfruttare le funzionalit\u00e0 Mac pi\u00f9 recenti, tra cui il display Retina, il supporto della visualizzazione a schermo intero e persino lo scroll bounce.<\/p>\n<p><strong>CARATTERISTICHE<\/strong><\/p>\n<p>Microsoft Office 2016 MAC \u00e8 il successore di Microsoft Office 2011. Microsoft Office 2016 per Mac \u00e8 compatibile con OS X 10.10 Yosemite o qualsiasi versione successiva di Mac OS X. Microsoft Office 2016 per MAC, come i suoi predecessori, \u00e8 disponibile in una variet\u00e0 di pacchetti, ognuno \u00e8 adattato alle diverse esigenze. Se hai bisogno di Microsoft Office per uso personale o professionale, Microsoft ha il pacchetto giusto per te.<\/p>\n<p>Assistenza e supporto: Per qualsiasi domanda, non esitare a contattarci <a href=\"mailto:italy@winandofficews.com\">via email<\/a>. Il nostro servizio clienti e supporto \u00e8 disponibile 7 giorni su 7, 24 ore su 24.<\/p>\n","protected":false},"excerpt":{"rendered":"<ul>\n<li><strong>Microsoft Office Home &amp; Business 2016 MAC<\/strong><\/li>\n<li>Invia tramite email: codice prodotto, istruzioni, link per il download, fattura<\/li>\n<li>Download istantaneo!<\/li>\n<li>Nessun limite di tempo, nessun abbonamento<\/li>\n<li>Supporto gratuito per l&#8217;installazione e l&#8217;attivazione<\/li>\n<li>Nessuna consegna su supporti dati (USB, CD, ecc.)<\/li>\n<li>Attivazione online e per telefono<\/li>\n<li><strong>Questo prodotto \u00e8 compatibile con Apple macOS&trade;<\/strong><\/li>\n<li><strong>NON compatibile con Microsoft Windows, dispositivi Android e Chromebook.<\/strong><\/li>\n<\/ul>\n","protected":false},"featured_media":1000008036,"comment_status":"closed","ping_status":"closed","template":"","meta":{"_acf_changed":false},"product_brand":[],"product_cat":[254],"product_tag":[],"class_list":{"0":"post-87446","1":"product","2":"type-product","3":"status-publish","4":"has-post-thumbnail","6":"product_cat-mac","8":"first","9":"instock","10":"sale","11":"virtual","12":"taxable","13":"purchasable","14":"product-type-simple"},"acf":[],"yoast_head":"<!-- This site is optimized with the Yoast SEO plugin v27.4 - https:\/\/yoast.com\/product\/yoast-seo-wordpress\/ -->\n<title>Microsoft Office Home &amp; Business 2016 MAC - Italy<\/title>\n<meta name=\"robots\" content=\"index, follow, max-snippet:-1, max-image-preview:large, max-video-preview:-1\" \/>\n<link rel=\"canonical\" href=\"https:\/\/winandofficews.com\/italy\/product\/microsoft-office-home-business-2016-mac\/\" \/>\n<meta property=\"og:locale\" content=\"it_IT\" \/>\n<meta property=\"og:type\" content=\"article\" \/>\n<meta property=\"og:title\" content=\"Microsoft Office Home &amp; Business 2016 MAC - Italy\" \/>\n<meta property=\"og:description\" content=\"Microsoft Office Home &amp; Business 2016 MAC  Invia tramite email: codice prodotto, istruzioni, link per il download, fattura  Download istantaneo!  Nessun limite di tempo, nessun abbonamento  Supporto gratuito per l&#039;installazione e l&#039;attivazione  Nessuna consegna su supporti dati (USB, CD, ecc.)  Attivazione online e per telefono Questo prodotto \u00e8 compatibile con Apple macOS&trade; NON compatibile con Microsoft Windows, dispositivi Android e Chromebook.\" \/>\n<meta property=\"og:url\" content=\"https:\/\/winandofficews.com\/italy\/product\/microsoft-office-home-business-2016-mac\/\" \/>\n<meta property=\"og:site_name\" content=\"Italy\" \/>\n<meta property=\"article:modified_time\" content=\"2026-04-23T12:34:45+00:00\" \/>\n<meta name=\"twitter:card\" content=\"summary_large_image\" \/>\n<meta name=\"twitter:label1\" content=\"Tempo di lettura stimato\" \/>\n\t<meta name=\"twitter:data1\" content=\"2 minuti\" \/>\n<script type=\"application\/ld+json\" class=\"yoast-schema-graph\">{\"@context\":\"https:\\\/\\\/schema.org\",\"@graph\":[{\"@type\":\"WebPage\",\"@id\":\"https:\\\/\\\/winandofficews.com\\\/italy\\\/product\\\/microsoft-office-home-business-2016-mac\\\/\",\"url\":\"https:\\\/\\\/winandofficews.com\\\/italy\\\/product\\\/microsoft-office-home-business-2016-mac\\\/\",\"name\":\"Microsoft Office Home &amp; Business 2016 MAC - Italy\",\"isPartOf\":{\"@id\":\"https:\\\/\\\/winandofficews.com\\\/italy\\\/#website\"},\"primaryImageOfPage\":{\"@id\":\"https:\\\/\\\/winandofficews.com\\\/italy\\\/product\\\/microsoft-office-home-business-2016-mac\\\/#primaryimage\"},\"image\":{\"@id\":\"https:\\\/\\\/winandofficews.com\\\/italy\\\/product\\\/microsoft-office-home-business-2016-mac\\\/#primaryimage\"},\"thumbnailUrl\":\"https:\\\/\\\/winandofficews.com\\\/italy\\\/wp-content\\\/uploads\\\/O16HB.png\",\"datePublished\":\"2025-06-19T11:28:44+00:00\",\"dateModified\":\"2026-04-23T12:34:45+00:00\",\"breadcrumb\":{\"@id\":\"https:\\\/\\\/winandofficews.com\\\/italy\\\/product\\\/microsoft-office-home-business-2016-mac\\\/#breadcrumb\"},\"inLanguage\":\"it-IT\",\"potentialAction\":[{\"@type\":\"ReadAction\",\"target\":[\"https:\\\/\\\/winandofficews.com\\\/italy\\\/product\\\/microsoft-office-home-business-2016-mac\\\/\"]}]},{\"@type\":\"ImageObject\",\"inLanguage\":\"it-IT\",\"@id\":\"https:\\\/\\\/winandofficews.com\\\/italy\\\/product\\\/microsoft-office-home-business-2016-mac\\\/#primaryimage\",\"url\":\"https:\\\/\\\/winandofficews.com\\\/italy\\\/wp-content\\\/uploads\\\/O16HB.png\",\"contentUrl\":\"https:\\\/\\\/winandofficews.com\\\/italy\\\/wp-content\\\/uploads\\\/O16HB.png\"},{\"@type\":\"BreadcrumbList\",\"@id\":\"https:\\\/\\\/winandofficews.com\\\/italy\\\/product\\\/microsoft-office-home-business-2016-mac\\\/#breadcrumb\",\"itemListElement\":[{\"@type\":\"ListItem\",\"position\":1,\"name\":\"Home\",\"item\":\"https:\\\/\\\/winandofficews.com\\\/italy\\\/\"},{\"@type\":\"ListItem\",\"position\":2,\"name\":\"Shop\",\"item\":\"https:\\\/\\\/winandofficews.com\\\/italy\\\/shop\\\/\"},{\"@type\":\"ListItem\",\"position\":3,\"name\":\"Microsoft Office Home &amp; Business 2016 MAC\"}]},{\"@type\":\"WebSite\",\"@id\":\"https:\\\/\\\/winandofficews.com\\\/italy\\\/#website\",\"url\":\"https:\\\/\\\/winandofficews.com\\\/italy\\\/\",\"name\":\"Italy\",\"description\":\"Wholesales Store of Office\",\"publisher\":{\"@id\":\"https:\\\/\\\/winandofficews.com\\\/italy\\\/#organization\"},\"potentialAction\":[{\"@type\":\"SearchAction\",\"target\":{\"@type\":\"EntryPoint\",\"urlTemplate\":\"https:\\\/\\\/winandofficews.com\\\/italy\\\/?s={search_term_string}\"},\"query-input\":{\"@type\":\"PropertyValueSpecification\",\"valueRequired\":true,\"valueName\":\"search_term_string\"}}],\"inLanguage\":\"it-IT\"},{\"@type\":\"Organization\",\"@id\":\"https:\\\/\\\/winandofficews.com\\\/italy\\\/#organization\",\"name\":\"Italy\",\"url\":\"https:\\\/\\\/winandofficews.com\\\/italy\\\/\",\"logo\":{\"@type\":\"ImageObject\",\"inLanguage\":\"it-IT\",\"@id\":\"https:\\\/\\\/winandofficews.com\\\/italy\\\/#\\\/schema\\\/logo\\\/image\\\/\",\"url\":\"https:\\\/\\\/winandofficews.com\\\/italy\\\/wp-content\\\/uploads\\\/sites\\\/18\\\/logo14.png\",\"contentUrl\":\"https:\\\/\\\/winandofficews.com\\\/italy\\\/wp-content\\\/uploads\\\/sites\\\/18\\\/logo14.png\",\"width\":322,\"height\":116,\"caption\":\"Italy\"},\"image\":{\"@id\":\"https:\\\/\\\/winandofficews.com\\\/italy\\\/#\\\/schema\\\/logo\\\/image\\\/\"}}]}<\/script>\n<!-- \/ Yoast SEO plugin. -->","yoast_head_json":{"title":"Microsoft Office Home &amp; Business 2016 MAC - Italy","robots":{"index":"index","follow":"follow","max-snippet":"max-snippet:-1","max-image-preview":"max-image-preview:large","max-video-preview":"max-video-preview:-1"},"canonical":"https:\/\/winandofficews.com\/italy\/product\/microsoft-office-home-business-2016-mac\/","og_locale":"it_IT","og_type":"article","og_title":"Microsoft Office Home &amp; Business 2016 MAC - Italy","og_description":"Microsoft Office Home &amp; Business 2016 MAC  Invia tramite email: codice prodotto, istruzioni, link per il download, fattura  Download istantaneo!  Nessun limite di tempo, nessun abbonamento  Supporto gratuito per l'installazione e l'attivazione  Nessuna consegna su supporti dati (USB, CD, ecc.)  Attivazione online e per telefono Questo prodotto \u00e8 compatibile con Apple macOS&trade; NON compatibile con Microsoft Windows, dispositivi Android e Chromebook.","og_url":"https:\/\/winandofficews.com\/italy\/product\/microsoft-office-home-business-2016-mac\/","og_site_name":"Italy","article_modified_time":"2026-04-23T12:34:45+00:00","twitter_card":"summary_large_image","twitter_misc":{"Tempo di lettura stimato":"2 minuti"},"schema":{"@context":"https:\/\/schema.org","@graph":[{"@type":"WebPage","@id":"https:\/\/winandofficews.com\/italy\/product\/microsoft-office-home-business-2016-mac\/","url":"https:\/\/winandofficews.com\/italy\/product\/microsoft-office-home-business-2016-mac\/","name":"Microsoft Office Home &amp; Business 2016 MAC - Italy","isPartOf":{"@id":"https:\/\/winandofficews.com\/italy\/#website"},"primaryImageOfPage":{"@id":"https:\/\/winandofficews.com\/italy\/product\/microsoft-office-home-business-2016-mac\/#primaryimage"},"image":{"@id":"https:\/\/winandofficews.com\/italy\/product\/microsoft-office-home-business-2016-mac\/#primaryimage"},"thumbnailUrl":"https:\/\/winandofficews.com\/italy\/wp-content\/uploads\/O16HB.png","datePublished":"2025-06-19T11:28:44+00:00","dateModified":"2026-04-23T12:34:45+00:00","breadcrumb":{"@id":"https:\/\/winandofficews.com\/italy\/product\/microsoft-office-home-business-2016-mac\/#breadcrumb"},"inLanguage":"it-IT","potentialAction":[{"@type":"ReadAction","target":["https:\/\/winandofficews.com\/italy\/product\/microsoft-office-home-business-2016-mac\/"]}]},{"@type":"ImageObject","inLanguage":"it-IT","@id":"https:\/\/winandofficews.com\/italy\/product\/microsoft-office-home-business-2016-mac\/#primaryimage","url":"https:\/\/winandofficews.com\/italy\/wp-content\/uploads\/O16HB.png","contentUrl":"https:\/\/winandofficews.com\/italy\/wp-content\/uploads\/O16HB.png"},{"@type":"BreadcrumbList","@id":"https:\/\/winandofficews.com\/italy\/product\/microsoft-office-home-business-2016-mac\/#breadcrumb","itemListElement":[{"@type":"ListItem","position":1,"name":"Home","item":"https:\/\/winandofficews.com\/italy\/"},{"@type":"ListItem","position":2,"name":"Shop","item":"https:\/\/winandofficews.com\/italy\/shop\/"},{"@type":"ListItem","position":3,"name":"Microsoft Office Home &amp; Business 2016 MAC"}]},{"@type":"WebSite","@id":"https:\/\/winandofficews.com\/italy\/#website","url":"https:\/\/winandofficews.com\/italy\/","name":"Italy","description":"Wholesales Store of Office","publisher":{"@id":"https:\/\/winandofficews.com\/italy\/#organization"},"potentialAction":[{"@type":"SearchAction","target":{"@type":"EntryPoint","urlTemplate":"https:\/\/winandofficews.com\/italy\/?s={search_term_string}"},"query-input":{"@type":"PropertyValueSpecification","valueRequired":true,"valueName":"search_term_string"}}],"inLanguage":"it-IT"},{"@type":"Organization","@id":"https:\/\/winandofficews.com\/italy\/#organization","name":"Italy","url":"https:\/\/winandofficews.com\/italy\/","logo":{"@type":"ImageObject","inLanguage":"it-IT","@id":"https:\/\/winandofficews.com\/italy\/#\/schema\/logo\/image\/","url":"https:\/\/winandofficews.com\/italy\/wp-content\/uploads\/sites\/18\/logo14.png","contentUrl":"https:\/\/winandofficews.com\/italy\/wp-content\/uploads\/sites\/18\/logo14.png","width":322,"height":116,"caption":"Italy"},"image":{"@id":"https:\/\/winandofficews.com\/italy\/#\/schema\/logo\/image\/"}}]}},"_links":{"self":[{"href":"https:\/\/winandofficews.com\/italy\/wp-json\/wp\/v2\/product\/87446","targetHints":{"allow":["GET"]}}],"collection":[{"href":"https:\/\/winandofficews.com\/italy\/wp-json\/wp\/v2\/product"}],"about":[{"href":"https:\/\/winandofficews.com\/italy\/wp-json\/wp\/v2\/types\/product"}],"replies":[{"embeddable":true,"href":"https:\/\/winandofficews.com\/italy\/wp-json\/wp\/v2\/comments?post=87446"}],"wp:featuredmedia":[{"embeddable":true,"href":"https:\/\/winandofficews.com\/italy\/wp-json\/"}],"wp:attachment":[{"href":"https:\/\/winandofficews.com\/italy\/wp-json\/wp\/v2\/media?parent=87446"}],"wp:term":[{"taxonomy":"product_brand","embeddable":true,"href":"https:\/\/winandofficews.com\/italy\/wp-json\/wp\/v2\/product_brand?post=87446"},{"taxonomy":"product_cat","embeddable":true,"href":"https:\/\/winandofficews.com\/italy\/wp-json\/wp\/v2\/product_cat?post=87446"},{"taxonomy":"product_tag","embeddable":true,"href":"https:\/\/winandofficews.com\/italy\/wp-json\/wp\/v2\/product_tag?post=87446"}],"curies":[{"name":"wp","href":"https:\/\/api.w.org\/{rel}","templated":true}]}}