{"id":87433,"date":"2025-06-19T13:28:28","date_gmt":"2025-06-19T11:28:28","guid":{"rendered":"https:\/\/winandofficews.com\/italy\/?post_type=product&#038;p=87433"},"modified":"2026-04-23T14:34:38","modified_gmt":"2026-04-23T12:34:38","slug":"microsoft-visio-2021-standard","status":"publish","type":"product","link":"https:\/\/winandofficews.com\/italy\/product\/microsoft-visio-2021-standard\/","title":{"rendered":"Microsoft Visio 2021 Standard"},"content":{"rendered":"<h3>Microsoft Visio Standard 2021<\/h3>\n<p>Microsoft Visio Standard 2021 \u00e8 l&#8217;ultima generazione del popolare software Microsoft per la creazione e la modifica di diagrammi e visualizzazioni. Microsoft Visio Standard \u00e8 particolarmente adatto alle aziende perch\u00e9 pi\u00f9 utenti di un team o di un reparto possono lavorare sui diagrammi contemporaneamente. Sono disponibili molte interfacce per condividere le visualizzazioni finite internamente ed esternamente con persone selezionate.<\/p>\n<p>Microsoft ha svolto molto lavoro sui modelli e le forme che vengono continuamente utilizzati in Microsoft Visio. Anche gli stili dei grafici sono stati migliorati per renderli visivamente pi\u00f9 sorprendenti e allo stesso tempo pi\u00f9 leggibili. Con Microsoft Visio Standard 2021, hai anche la possibilit\u00e0 di portare i dati in una visualizzazione esistente in tempo reale.<\/p>\n<p><strong>Assistenza e supporto:<\/strong><\/p>\n<p>Per qualsiasi domanda, non esitare a contattarci tramite <a href=\"mailto:italy@winandofficews.com\">e-mail<\/a> , il nostro servizio clienti e supporto \u00e8 disponibile 7 giorni alla settimana, 24 ore al giorno.<\/p>\n","protected":false},"excerpt":{"rendered":"<ul>\n<li><strong>Microsoft Visio 2021 Standard<\/strong><\/li>\n<li>Versione per sistemi a 32 e 64 bit, versioni complete e illimitate del software<\/li>\n<li>Consegna tramite e-mail: codice prodotto, istruzioni, link per il download, fattura<\/li>\n<li>Download immediato!<\/li>\n<li>Nessun limite di tempo, nessun abbonamento<\/li>\n<li>Supporto gratuito 24 ore su 24, 7 giorni su 7 per problemi con installazione e attivazione<\/li>\n<li>Nessuna consegna su archiviazione dati (USB, CD, ecc.)<\/li>\n<li>Attivazione online e telefonica<\/li>\n<li>Lingue: inglese, spagnolo, italiano, tedesco, francese<\/li>\n<li><strong>Questo prodotto \u00e8 compatibile con Microsoft Windows.<\/strong><\/li>\n<li><strong>NON compatibile con Apple macOS&trade;, processori Apple, Parallels per Mac, dispositivi Android e Chromebook.<\/strong><\/li>\n<\/ul>\n","protected":false},"featured_media":1000008024,"comment_status":"closed","ping_status":"closed","template":"","meta":{"_acf_changed":false},"product_brand":[],"product_cat":[157],"product_tag":[],"class_list":{"0":"post-87433","1":"product","2":"type-product","3":"status-publish","4":"has-post-thumbnail","6":"product_cat-combo","8":"first","9":"instock","10":"sale","11":"virtual","12":"taxable","13":"purchasable","14":"product-type-simple"},"acf":[],"yoast_head":"<!-- This site is optimized with the Yoast SEO plugin v27.4 - https:\/\/yoast.com\/product\/yoast-seo-wordpress\/ -->\n<title>Microsoft Visio 2021 Standard - Italy<\/title>\n<meta name=\"robots\" content=\"index, follow, max-snippet:-1, max-image-preview:large, max-video-preview:-1\" \/>\n<link rel=\"canonical\" href=\"https:\/\/winandofficews.com\/italy\/product\/microsoft-visio-2021-standard\/\" \/>\n<meta property=\"og:locale\" content=\"it_IT\" \/>\n<meta property=\"og:type\" content=\"article\" \/>\n<meta property=\"og:title\" content=\"Microsoft Visio 2021 Standard - Italy\" \/>\n<meta property=\"og:description\" content=\"Microsoft Visio 2021 Standard  Versione per sistemi a 32 e 64 bit, versioni complete e illimitate del software  Consegna tramite e-mail: codice prodotto, istruzioni, link per il download, fattura  Download immediato!  Nessun limite di tempo, nessun abbonamento  Supporto gratuito 24 ore su 24, 7 giorni su 7 per problemi con installazione e attivazione  Nessuna consegna su archiviazione dati (USB, CD, ecc.)  Attivazione online e telefonica  Lingue: inglese, spagnolo, italiano, tedesco, francese  Questo prodotto \u00e8 compatibile con Microsoft Windows.  NON compatibile con Apple macOS&trade;, processori Apple, Parallels per Mac, dispositivi Android e Chromebook.\" \/>\n<meta property=\"og:url\" content=\"https:\/\/winandofficews.com\/italy\/product\/microsoft-visio-2021-standard\/\" \/>\n<meta property=\"og:site_name\" content=\"Italy\" \/>\n<meta property=\"article:modified_time\" content=\"2026-04-23T12:34:38+00:00\" \/>\n<meta name=\"twitter:card\" content=\"summary_large_image\" \/>\n<meta name=\"twitter:label1\" content=\"Tempo di lettura stimato\" \/>\n\t<meta name=\"twitter:data1\" content=\"1 minuto\" \/>\n<script type=\"application\/ld+json\" class=\"yoast-schema-graph\">{\"@context\":\"https:\\\/\\\/schema.org\",\"@graph\":[{\"@type\":\"WebPage\",\"@id\":\"https:\\\/\\\/winandofficews.com\\\/italy\\\/product\\\/microsoft-visio-2021-standard\\\/\",\"url\":\"https:\\\/\\\/winandofficews.com\\\/italy\\\/product\\\/microsoft-visio-2021-standard\\\/\",\"name\":\"Microsoft Visio 2021 Standard - Italy\",\"isPartOf\":{\"@id\":\"https:\\\/\\\/winandofficews.com\\\/italy\\\/#website\"},\"primaryImageOfPage\":{\"@id\":\"https:\\\/\\\/winandofficews.com\\\/italy\\\/product\\\/microsoft-visio-2021-standard\\\/#primaryimage\"},\"image\":{\"@id\":\"https:\\\/\\\/winandofficews.com\\\/italy\\\/product\\\/microsoft-visio-2021-standard\\\/#primaryimage\"},\"thumbnailUrl\":\"https:\\\/\\\/winandofficews.com\\\/italy\\\/wp-content\\\/uploads\\\/v21s-1.jpg\",\"datePublished\":\"2025-06-19T11:28:28+00:00\",\"dateModified\":\"2026-04-23T12:34:38+00:00\",\"breadcrumb\":{\"@id\":\"https:\\\/\\\/winandofficews.com\\\/italy\\\/product\\\/microsoft-visio-2021-standard\\\/#breadcrumb\"},\"inLanguage\":\"it-IT\",\"potentialAction\":[{\"@type\":\"ReadAction\",\"target\":[\"https:\\\/\\\/winandofficews.com\\\/italy\\\/product\\\/microsoft-visio-2021-standard\\\/\"]}]},{\"@type\":\"ImageObject\",\"inLanguage\":\"it-IT\",\"@id\":\"https:\\\/\\\/winandofficews.com\\\/italy\\\/product\\\/microsoft-visio-2021-standard\\\/#primaryimage\",\"url\":\"https:\\\/\\\/winandofficews.com\\\/italy\\\/wp-content\\\/uploads\\\/v21s-1.jpg\",\"contentUrl\":\"https:\\\/\\\/winandofficews.com\\\/italy\\\/wp-content\\\/uploads\\\/v21s-1.jpg\"},{\"@type\":\"BreadcrumbList\",\"@id\":\"https:\\\/\\\/winandofficews.com\\\/italy\\\/product\\\/microsoft-visio-2021-standard\\\/#breadcrumb\",\"itemListElement\":[{\"@type\":\"ListItem\",\"position\":1,\"name\":\"Home\",\"item\":\"https:\\\/\\\/winandofficews.com\\\/italy\\\/\"},{\"@type\":\"ListItem\",\"position\":2,\"name\":\"Shop\",\"item\":\"https:\\\/\\\/winandofficews.com\\\/italy\\\/shop\\\/\"},{\"@type\":\"ListItem\",\"position\":3,\"name\":\"Microsoft Visio 2021 Standard\"}]},{\"@type\":\"WebSite\",\"@id\":\"https:\\\/\\\/winandofficews.com\\\/italy\\\/#website\",\"url\":\"https:\\\/\\\/winandofficews.com\\\/italy\\\/\",\"name\":\"Italy\",\"description\":\"Wholesales Store of Office\",\"publisher\":{\"@id\":\"https:\\\/\\\/winandofficews.com\\\/italy\\\/#organization\"},\"potentialAction\":[{\"@type\":\"SearchAction\",\"target\":{\"@type\":\"EntryPoint\",\"urlTemplate\":\"https:\\\/\\\/winandofficews.com\\\/italy\\\/?s={search_term_string}\"},\"query-input\":{\"@type\":\"PropertyValueSpecification\",\"valueRequired\":true,\"valueName\":\"search_term_string\"}}],\"inLanguage\":\"it-IT\"},{\"@type\":\"Organization\",\"@id\":\"https:\\\/\\\/winandofficews.com\\\/italy\\\/#organization\",\"name\":\"Italy\",\"url\":\"https:\\\/\\\/winandofficews.com\\\/italy\\\/\",\"logo\":{\"@type\":\"ImageObject\",\"inLanguage\":\"it-IT\",\"@id\":\"https:\\\/\\\/winandofficews.com\\\/italy\\\/#\\\/schema\\\/logo\\\/image\\\/\",\"url\":\"https:\\\/\\\/winandofficews.com\\\/italy\\\/wp-content\\\/uploads\\\/sites\\\/18\\\/logo14.png\",\"contentUrl\":\"https:\\\/\\\/winandofficews.com\\\/italy\\\/wp-content\\\/uploads\\\/sites\\\/18\\\/logo14.png\",\"width\":322,\"height\":116,\"caption\":\"Italy\"},\"image\":{\"@id\":\"https:\\\/\\\/winandofficews.com\\\/italy\\\/#\\\/schema\\\/logo\\\/image\\\/\"}}]}<\/script>\n<!-- \/ Yoast SEO plugin. -->","yoast_head_json":{"title":"Microsoft Visio 2021 Standard - Italy","robots":{"index":"index","follow":"follow","max-snippet":"max-snippet:-1","max-image-preview":"max-image-preview:large","max-video-preview":"max-video-preview:-1"},"canonical":"https:\/\/winandofficews.com\/italy\/product\/microsoft-visio-2021-standard\/","og_locale":"it_IT","og_type":"article","og_title":"Microsoft Visio 2021 Standard - Italy","og_description":"Microsoft Visio 2021 Standard  Versione per sistemi a 32 e 64 bit, versioni complete e illimitate del software  Consegna tramite e-mail: codice prodotto, istruzioni, link per il download, fattura  Download immediato!  Nessun limite di tempo, nessun abbonamento  Supporto gratuito 24 ore su 24, 7 giorni su 7 per problemi con installazione e attivazione  Nessuna consegna su archiviazione dati (USB, CD, ecc.)  Attivazione online e telefonica  Lingue: inglese, spagnolo, italiano, tedesco, francese  Questo prodotto \u00e8 compatibile con Microsoft Windows.  NON compatibile con Apple macOS&trade;, processori Apple, Parallels per Mac, dispositivi Android e Chromebook.","og_url":"https:\/\/winandofficews.com\/italy\/product\/microsoft-visio-2021-standard\/","og_site_name":"Italy","article_modified_time":"2026-04-23T12:34:38+00:00","twitter_card":"summary_large_image","twitter_misc":{"Tempo di lettura stimato":"1 minuto"},"schema":{"@context":"https:\/\/schema.org","@graph":[{"@type":"WebPage","@id":"https:\/\/winandofficews.com\/italy\/product\/microsoft-visio-2021-standard\/","url":"https:\/\/winandofficews.com\/italy\/product\/microsoft-visio-2021-standard\/","name":"Microsoft Visio 2021 Standard - Italy","isPartOf":{"@id":"https:\/\/winandofficews.com\/italy\/#website"},"primaryImageOfPage":{"@id":"https:\/\/winandofficews.com\/italy\/product\/microsoft-visio-2021-standard\/#primaryimage"},"image":{"@id":"https:\/\/winandofficews.com\/italy\/product\/microsoft-visio-2021-standard\/#primaryimage"},"thumbnailUrl":"https:\/\/winandofficews.com\/italy\/wp-content\/uploads\/v21s-1.jpg","datePublished":"2025-06-19T11:28:28+00:00","dateModified":"2026-04-23T12:34:38+00:00","breadcrumb":{"@id":"https:\/\/winandofficews.com\/italy\/product\/microsoft-visio-2021-standard\/#breadcrumb"},"inLanguage":"it-IT","potentialAction":[{"@type":"ReadAction","target":["https:\/\/winandofficews.com\/italy\/product\/microsoft-visio-2021-standard\/"]}]},{"@type":"ImageObject","inLanguage":"it-IT","@id":"https:\/\/winandofficews.com\/italy\/product\/microsoft-visio-2021-standard\/#primaryimage","url":"https:\/\/winandofficews.com\/italy\/wp-content\/uploads\/v21s-1.jpg","contentUrl":"https:\/\/winandofficews.com\/italy\/wp-content\/uploads\/v21s-1.jpg"},{"@type":"BreadcrumbList","@id":"https:\/\/winandofficews.com\/italy\/product\/microsoft-visio-2021-standard\/#breadcrumb","itemListElement":[{"@type":"ListItem","position":1,"name":"Home","item":"https:\/\/winandofficews.com\/italy\/"},{"@type":"ListItem","position":2,"name":"Shop","item":"https:\/\/winandofficews.com\/italy\/shop\/"},{"@type":"ListItem","position":3,"name":"Microsoft Visio 2021 Standard"}]},{"@type":"WebSite","@id":"https:\/\/winandofficews.com\/italy\/#website","url":"https:\/\/winandofficews.com\/italy\/","name":"Italy","description":"Wholesales Store of Office","publisher":{"@id":"https:\/\/winandofficews.com\/italy\/#organization"},"potentialAction":[{"@type":"SearchAction","target":{"@type":"EntryPoint","urlTemplate":"https:\/\/winandofficews.com\/italy\/?s={search_term_string}"},"query-input":{"@type":"PropertyValueSpecification","valueRequired":true,"valueName":"search_term_string"}}],"inLanguage":"it-IT"},{"@type":"Organization","@id":"https:\/\/winandofficews.com\/italy\/#organization","name":"Italy","url":"https:\/\/winandofficews.com\/italy\/","logo":{"@type":"ImageObject","inLanguage":"it-IT","@id":"https:\/\/winandofficews.com\/italy\/#\/schema\/logo\/image\/","url":"https:\/\/winandofficews.com\/italy\/wp-content\/uploads\/sites\/18\/logo14.png","contentUrl":"https:\/\/winandofficews.com\/italy\/wp-content\/uploads\/sites\/18\/logo14.png","width":322,"height":116,"caption":"Italy"},"image":{"@id":"https:\/\/winandofficews.com\/italy\/#\/schema\/logo\/image\/"}}]}},"_links":{"self":[{"href":"https:\/\/winandofficews.com\/italy\/wp-json\/wp\/v2\/product\/87433","targetHints":{"allow":["GET"]}}],"collection":[{"href":"https:\/\/winandofficews.com\/italy\/wp-json\/wp\/v2\/product"}],"about":[{"href":"https:\/\/winandofficews.com\/italy\/wp-json\/wp\/v2\/types\/product"}],"replies":[{"embeddable":true,"href":"https:\/\/winandofficews.com\/italy\/wp-json\/wp\/v2\/comments?post=87433"}],"wp:featuredmedia":[{"embeddable":true,"href":"https:\/\/winandofficews.com\/italy\/wp-json\/"}],"wp:attachment":[{"href":"https:\/\/winandofficews.com\/italy\/wp-json\/wp\/v2\/media?parent=87433"}],"wp:term":[{"taxonomy":"product_brand","embeddable":true,"href":"https:\/\/winandofficews.com\/italy\/wp-json\/wp\/v2\/product_brand?post=87433"},{"taxonomy":"product_cat","embeddable":true,"href":"https:\/\/winandofficews.com\/italy\/wp-json\/wp\/v2\/product_cat?post=87433"},{"taxonomy":"product_tag","embeddable":true,"href":"https:\/\/winandofficews.com\/italy\/wp-json\/wp\/v2\/product_tag?post=87433"}],"curies":[{"name":"wp","href":"https:\/\/api.w.org\/{rel}","templated":true}]}}