{"id":87420,"date":"2025-06-19T13:28:27","date_gmt":"2025-06-19T11:28:27","guid":{"rendered":"https:\/\/winandofficews.com\/italy\/?post_type=product&#038;p=87420"},"modified":"2026-04-23T14:35:34","modified_gmt":"2026-04-23T12:35:34","slug":"microsoft-office-2021-professional-plus-microsoft-windows-10-home","status":"publish","type":"product","link":"https:\/\/winandofficews.com\/italy\/product\/microsoft-office-2021-professional-plus-microsoft-windows-10-home\/","title":{"rendered":"Microsoft Office 2021 Professional Plus + Microsoft Windows 10 Home"},"content":{"rendered":"<h3>Microsoft Windows 10 Home<\/h3>\n<p>Con un computer che esegue Microsoft Windows 10 Home, tutte le opzioni sono aperte.<\/p>\n<ul>\n<li>Le funzioni di sicurezza si integrano con software antivirus, firewall e meccanismi di protezione Internet<\/li>\n<li>Scansiona la tua vista o l&#8217;impronta digitale con Microsoft Windows Hello per sbloccare il tuo computer in modo rapido e sicuro senza password<\/li>\n<li>Con Notification Assistant puoi bloccare notifiche, suoni e avvisi in modo non distraente mentre lavori<\/li>\n<li>La sequenza temporanea consente di navigare in modo semplice e veloce tra i documenti, le applicazioni e il sito Web utilizzati pi\u00f9 di recente.<\/li>\n<li>Con Microsoft Photos puoi facilmente organizzare, sfogliare, modificare e condividere foto e video<\/li>\n<li>La barra di gioco consente di trasmettere istantaneamente i tuoi giochi in diretta, acquisire schermate e regolare l&#8217;impostazione audio.<\/li>\n<\/ul>\n<p>Trarrai vantaggio da avviamenti pi\u00f9 rapidi, un familiare menu Start ma migliorato e nuovi modi per fare le cucire in modo rapido ed efficiente. Ha anche nuove funzionalit\u00e0 come un nuovo browser per aiutarti a navigare sul Web e il tuo assistente digitale personale, Cortana. Cortana \u00e8 con te e il tuo dispositivo Microsoft Windows 10, aiutandoti a portarlo con te per completare la tua attivit\u00e0. Impara sempre di pi\u00f9 su di te nel tempo e pu\u00f2 supportarti meglio ogni giorno.<\/p>\n<p><strong>Microsoft Windows 10 Home<\/strong> ti supporta nel migliore dei modi in tutto ci\u00f2 che \u00e8 possibile. Rimani organizzato semplicemente scattando l&#8217;app e ottimizzando lo schermo per un lavoro pi\u00f9 produttivo. Si connette a quattro applicazioni contemporaneamente e crea un desktop virtuale quando ci sono nuovi spazi o nuovi gruppi e contenuti per un progetto. Applicazioni Microsoft Office per il lavoro e giochi per il tempo libero.<\/p>\n<p><strong>Microsoft Windows 10 <\/strong><\/p>\n<p>\u00e8 compatibile con l&#8217;hardware, il software e le periferiche che gi\u00e0 possiedi. Mantieni il tuo sistema aggiornato con nuove funzionalit\u00e0 e funzionalit\u00e0 di sicurezza per tutta la vita del prodotto.<\/p>\n<p><strong>Requisiti di sistema:<\/strong><\/p>\n<ul>\n<li>Minimo. Processore da 1 GHz o superiore<\/li>\n<li>1 GB di memoria (32 bit), 2 GB (64 bit)<\/li>\n<li>20 GB di spazio disponibile su disco<\/li>\n<li>Scheda grafica con processore grafico DirectX 9 e driver WDDM<\/li>\n<\/ul>\n<h3>Microsoft Office 2021 Professional Plus<\/h3>\n<p>Microsoft Office 2021 Professional Plus Edition \u00e8 l&#8217;ideale per gli utenti che utilizzano l&#8217;intera gamma di applicazioni a casa o in ufficio. Include l&#8217;intera gamma di applicazioni Microsoft Office: Word, Excel, Outlook, PowerPoint, Publisher e Access. Scaricabile da Microsoft Windows Store, OneNote ti consente di creare rapidamente note e renderle disponibili su tutti i tuoi dispositivi tramite il cloud. Sperimenta prestazioni, stabilit\u00e0 e velocit\u00e0 migliorate in Word, Excel, PowerPoint e Outlook. Ottieni nuovi e migliorati strumenti di ricerca, input penna, tipi di dati, funzionalit\u00e0, strumenti di traduzione e modifica, grafica animata, funzionalit\u00e0 facili da usare e altro nell&#8217;intera suite Microsoft Office 2021.<\/p>\n<ul>\n<li><strong>Word<\/strong>: Crea documenti di testo di qualit\u00e0 professionale in pochissimo tempo.<\/li>\n<li><strong>Excel<\/strong>: Fogli di lavoro intelligenti, ora con nuove funzionalit\u00e0 come XLOOKUP<\/li>\n<li><strong>Power Point<\/strong>: Funzionalit\u00e0 nuove e migliorate per creare presentazioni dinamiche impressionanti.<\/li>\n<li><strong>OneNote<\/strong>: Il tuo taccuino digitale nel cloud.<\/li>\n<li><strong>Outlook<\/strong>: Comunicazione semplificata; ora include potenti funzionalit\u00e0 di traduzione.<\/li>\n<li><strong>Publisher<\/strong>: Creazione di layout per pubblicazioni professionali<\/li>\n<li><strong>Access<\/strong>: Creazione di database semplice e potente<\/li>\n<li><strong>Microsoft Teams<\/strong>: Aumenta la produttivit\u00e0 con la messaggistica istantanea e le videoconferenze in HD (disponibile separatamente per download)<\/li>\n<\/ul>\n<p>NOTA: Microsoft non include pi\u00f9 una licenza Teams con i prodotti Office a causa di un <a href=\"https:\/\/blogs.microsoft.com\/eupolicy\/2023\/08\/31\/european-competition-teams-office-microsoft-365\/\" target=\"_blank\" rel=\"noopener\">indagine della Commissione Europea<\/a>. Puoi <a href=\"https:\/\/www.microsoft.com\/en-us\/microsoft-teams\/download-app\" target=\"_blank\" rel=\"noopener\">scaricare Teams<\/a> per utilizzarlo con una licenza gratuita o a pagamento ( acquisto separato) a seconda delle vostre esigenze. <strong>RICHIEDE WINDOWS 10 O 11!<\/strong><\/p>\n<p><strong>Assistenza e supporto:<\/strong><\/p>\n<p>Per qualsiasi domanda, non esitare a contattarci tramite <a href=\"mailto:italy@winandofficews.com\">e-mail<\/a> , il nostro servizio clienti e supporto \u00e8 disponibile 7 giorni alla settimana, 24 ore al giorno.<\/p>\n","protected":false},"excerpt":{"rendered":"<ul>\n<li><strong>Microsoft Office 2021 Professional Plus e Microsoft Windows 10 Home <\/strong><\/li>\n<li>Versione per sistemi a 32 e 64 bit, versioni complete e illimitate del software<\/li>\n<li>Consegna tramite e-mail: codice prodotto, istruzioni, link per il download, fattura<\/li>\n<li>Download immediato!<\/li>\n<li>Nessun limite di tempo, nessun abbonamento<\/li>\n<li>Supporto gratuito 24 ore su 24, 7 giorni su 7 per problemi con installazione e attivazione<\/li>\n<li>Nessuna consegna su archiviazione dati (USB, CD, ecc.)<\/li>\n<li>Attivazione online e telefonica<\/li>\n<li>Lingue: inglese, spagnolo, italiano, tedesco, francese<\/li>\n<li><strong>Questo prodotto \u00e8 compatibile con Microsoft Windows.<\/strong><\/li>\n<li><strong>NON compatibile con Apple macOS&trade;, processori Apple, Parallels per Mac, dispositivi Android e Chromebook.<\/strong><\/li>\n<\/ul>\n","protected":false},"featured_media":1000007988,"comment_status":"closed","ping_status":"closed","template":"","meta":{"_acf_changed":false},"product_brand":[],"product_cat":[157],"product_tag":[],"class_list":{"0":"post-87420","1":"product","2":"type-product","3":"status-publish","4":"has-post-thumbnail","6":"product_cat-combo","8":"first","9":"instock","10":"sale","11":"virtual","12":"taxable","13":"purchasable","14":"product-type-simple"},"acf":[],"yoast_head":"<!-- This site is optimized with the Yoast SEO plugin v27.4 - https:\/\/yoast.com\/product\/yoast-seo-wordpress\/ -->\n<title>Microsoft Office 2021 Professional Plus + Microsoft Windows 10 Home - Italy<\/title>\n<meta name=\"robots\" content=\"index, follow, max-snippet:-1, max-image-preview:large, max-video-preview:-1\" \/>\n<link rel=\"canonical\" href=\"https:\/\/winandofficews.com\/italy\/product\/microsoft-office-2021-professional-plus-microsoft-windows-10-home\/\" \/>\n<meta property=\"og:locale\" content=\"it_IT\" \/>\n<meta property=\"og:type\" content=\"article\" \/>\n<meta property=\"og:title\" content=\"Microsoft Office 2021 Professional Plus + Microsoft Windows 10 Home - Italy\" \/>\n<meta property=\"og:description\" content=\"Microsoft Office 2021 Professional Plus e Microsoft Windows 10 Home   Versione per sistemi a 32 e 64 bit, versioni complete e illimitate del software  Consegna tramite e-mail: codice prodotto, istruzioni, link per il download, fattura  Download immediato!  Nessun limite di tempo, nessun abbonamento  Supporto gratuito 24 ore su 24, 7 giorni su 7 per problemi con installazione e attivazione  Nessuna consegna su archiviazione dati (USB, CD, ecc.)  Attivazione online e telefonica  Lingue: inglese, spagnolo, italiano, tedesco, francese  Questo prodotto \u00e8 compatibile con Microsoft Windows.  NON compatibile con Apple macOS&trade;, processori Apple, Parallels per Mac, dispositivi Android e Chromebook.\" \/>\n<meta property=\"og:url\" content=\"https:\/\/winandofficews.com\/italy\/product\/microsoft-office-2021-professional-plus-microsoft-windows-10-home\/\" \/>\n<meta property=\"og:site_name\" content=\"Italy\" \/>\n<meta property=\"article:modified_time\" content=\"2026-04-23T12:35:34+00:00\" \/>\n<meta name=\"twitter:card\" content=\"summary_large_image\" \/>\n<meta name=\"twitter:label1\" content=\"Tempo di lettura stimato\" \/>\n\t<meta name=\"twitter:data1\" content=\"4 minuti\" \/>\n<script type=\"application\/ld+json\" class=\"yoast-schema-graph\">{\"@context\":\"https:\\\/\\\/schema.org\",\"@graph\":[{\"@type\":\"WebPage\",\"@id\":\"https:\\\/\\\/winandofficews.com\\\/italy\\\/product\\\/microsoft-office-2021-professional-plus-microsoft-windows-10-home\\\/\",\"url\":\"https:\\\/\\\/winandofficews.com\\\/italy\\\/product\\\/microsoft-office-2021-professional-plus-microsoft-windows-10-home\\\/\",\"name\":\"Microsoft Office 2021 Professional Plus + Microsoft Windows 10 Home - Italy\",\"isPartOf\":{\"@id\":\"https:\\\/\\\/winandofficews.com\\\/italy\\\/#website\"},\"primaryImageOfPage\":{\"@id\":\"https:\\\/\\\/winandofficews.com\\\/italy\\\/product\\\/microsoft-office-2021-professional-plus-microsoft-windows-10-home\\\/#primaryimage\"},\"image\":{\"@id\":\"https:\\\/\\\/winandofficews.com\\\/italy\\\/product\\\/microsoft-office-2021-professional-plus-microsoft-windows-10-home\\\/#primaryimage\"},\"thumbnailUrl\":\"https:\\\/\\\/winandofficews.com\\\/italy\\\/wp-content\\\/uploads\\\/W10HO21P.png\",\"datePublished\":\"2025-06-19T11:28:27+00:00\",\"dateModified\":\"2026-04-23T12:35:34+00:00\",\"breadcrumb\":{\"@id\":\"https:\\\/\\\/winandofficews.com\\\/italy\\\/product\\\/microsoft-office-2021-professional-plus-microsoft-windows-10-home\\\/#breadcrumb\"},\"inLanguage\":\"it-IT\",\"potentialAction\":[{\"@type\":\"ReadAction\",\"target\":[\"https:\\\/\\\/winandofficews.com\\\/italy\\\/product\\\/microsoft-office-2021-professional-plus-microsoft-windows-10-home\\\/\"]}]},{\"@type\":\"ImageObject\",\"inLanguage\":\"it-IT\",\"@id\":\"https:\\\/\\\/winandofficews.com\\\/italy\\\/product\\\/microsoft-office-2021-professional-plus-microsoft-windows-10-home\\\/#primaryimage\",\"url\":\"https:\\\/\\\/winandofficews.com\\\/italy\\\/wp-content\\\/uploads\\\/W10HO21P.png\",\"contentUrl\":\"https:\\\/\\\/winandofficews.com\\\/italy\\\/wp-content\\\/uploads\\\/W10HO21P.png\"},{\"@type\":\"BreadcrumbList\",\"@id\":\"https:\\\/\\\/winandofficews.com\\\/italy\\\/product\\\/microsoft-office-2021-professional-plus-microsoft-windows-10-home\\\/#breadcrumb\",\"itemListElement\":[{\"@type\":\"ListItem\",\"position\":1,\"name\":\"Home\",\"item\":\"https:\\\/\\\/winandofficews.com\\\/italy\\\/\"},{\"@type\":\"ListItem\",\"position\":2,\"name\":\"Shop\",\"item\":\"https:\\\/\\\/winandofficews.com\\\/italy\\\/shop\\\/\"},{\"@type\":\"ListItem\",\"position\":3,\"name\":\"Microsoft Office 2021 Professional Plus + Microsoft Windows 10 Home\"}]},{\"@type\":\"WebSite\",\"@id\":\"https:\\\/\\\/winandofficews.com\\\/italy\\\/#website\",\"url\":\"https:\\\/\\\/winandofficews.com\\\/italy\\\/\",\"name\":\"Italy\",\"description\":\"Wholesales Store of Office\",\"publisher\":{\"@id\":\"https:\\\/\\\/winandofficews.com\\\/italy\\\/#organization\"},\"potentialAction\":[{\"@type\":\"SearchAction\",\"target\":{\"@type\":\"EntryPoint\",\"urlTemplate\":\"https:\\\/\\\/winandofficews.com\\\/italy\\\/?s={search_term_string}\"},\"query-input\":{\"@type\":\"PropertyValueSpecification\",\"valueRequired\":true,\"valueName\":\"search_term_string\"}}],\"inLanguage\":\"it-IT\"},{\"@type\":\"Organization\",\"@id\":\"https:\\\/\\\/winandofficews.com\\\/italy\\\/#organization\",\"name\":\"Italy\",\"url\":\"https:\\\/\\\/winandofficews.com\\\/italy\\\/\",\"logo\":{\"@type\":\"ImageObject\",\"inLanguage\":\"it-IT\",\"@id\":\"https:\\\/\\\/winandofficews.com\\\/italy\\\/#\\\/schema\\\/logo\\\/image\\\/\",\"url\":\"https:\\\/\\\/winandofficews.com\\\/italy\\\/wp-content\\\/uploads\\\/sites\\\/18\\\/logo14.png\",\"contentUrl\":\"https:\\\/\\\/winandofficews.com\\\/italy\\\/wp-content\\\/uploads\\\/sites\\\/18\\\/logo14.png\",\"width\":322,\"height\":116,\"caption\":\"Italy\"},\"image\":{\"@id\":\"https:\\\/\\\/winandofficews.com\\\/italy\\\/#\\\/schema\\\/logo\\\/image\\\/\"}}]}<\/script>\n<!-- \/ Yoast SEO plugin. -->","yoast_head_json":{"title":"Microsoft Office 2021 Professional Plus + Microsoft Windows 10 Home - Italy","robots":{"index":"index","follow":"follow","max-snippet":"max-snippet:-1","max-image-preview":"max-image-preview:large","max-video-preview":"max-video-preview:-1"},"canonical":"https:\/\/winandofficews.com\/italy\/product\/microsoft-office-2021-professional-plus-microsoft-windows-10-home\/","og_locale":"it_IT","og_type":"article","og_title":"Microsoft Office 2021 Professional Plus + Microsoft Windows 10 Home - Italy","og_description":"Microsoft Office 2021 Professional Plus e Microsoft Windows 10 Home   Versione per sistemi a 32 e 64 bit, versioni complete e illimitate del software  Consegna tramite e-mail: codice prodotto, istruzioni, link per il download, fattura  Download immediato!  Nessun limite di tempo, nessun abbonamento  Supporto gratuito 24 ore su 24, 7 giorni su 7 per problemi con installazione e attivazione  Nessuna consegna su archiviazione dati (USB, CD, ecc.)  Attivazione online e telefonica  Lingue: inglese, spagnolo, italiano, tedesco, francese  Questo prodotto \u00e8 compatibile con Microsoft Windows.  NON compatibile con Apple macOS&trade;, processori Apple, Parallels per Mac, dispositivi Android e Chromebook.","og_url":"https:\/\/winandofficews.com\/italy\/product\/microsoft-office-2021-professional-plus-microsoft-windows-10-home\/","og_site_name":"Italy","article_modified_time":"2026-04-23T12:35:34+00:00","twitter_card":"summary_large_image","twitter_misc":{"Tempo di lettura stimato":"4 minuti"},"schema":{"@context":"https:\/\/schema.org","@graph":[{"@type":"WebPage","@id":"https:\/\/winandofficews.com\/italy\/product\/microsoft-office-2021-professional-plus-microsoft-windows-10-home\/","url":"https:\/\/winandofficews.com\/italy\/product\/microsoft-office-2021-professional-plus-microsoft-windows-10-home\/","name":"Microsoft Office 2021 Professional Plus + Microsoft Windows 10 Home - Italy","isPartOf":{"@id":"https:\/\/winandofficews.com\/italy\/#website"},"primaryImageOfPage":{"@id":"https:\/\/winandofficews.com\/italy\/product\/microsoft-office-2021-professional-plus-microsoft-windows-10-home\/#primaryimage"},"image":{"@id":"https:\/\/winandofficews.com\/italy\/product\/microsoft-office-2021-professional-plus-microsoft-windows-10-home\/#primaryimage"},"thumbnailUrl":"https:\/\/winandofficews.com\/italy\/wp-content\/uploads\/W10HO21P.png","datePublished":"2025-06-19T11:28:27+00:00","dateModified":"2026-04-23T12:35:34+00:00","breadcrumb":{"@id":"https:\/\/winandofficews.com\/italy\/product\/microsoft-office-2021-professional-plus-microsoft-windows-10-home\/#breadcrumb"},"inLanguage":"it-IT","potentialAction":[{"@type":"ReadAction","target":["https:\/\/winandofficews.com\/italy\/product\/microsoft-office-2021-professional-plus-microsoft-windows-10-home\/"]}]},{"@type":"ImageObject","inLanguage":"it-IT","@id":"https:\/\/winandofficews.com\/italy\/product\/microsoft-office-2021-professional-plus-microsoft-windows-10-home\/#primaryimage","url":"https:\/\/winandofficews.com\/italy\/wp-content\/uploads\/W10HO21P.png","contentUrl":"https:\/\/winandofficews.com\/italy\/wp-content\/uploads\/W10HO21P.png"},{"@type":"BreadcrumbList","@id":"https:\/\/winandofficews.com\/italy\/product\/microsoft-office-2021-professional-plus-microsoft-windows-10-home\/#breadcrumb","itemListElement":[{"@type":"ListItem","position":1,"name":"Home","item":"https:\/\/winandofficews.com\/italy\/"},{"@type":"ListItem","position":2,"name":"Shop","item":"https:\/\/winandofficews.com\/italy\/shop\/"},{"@type":"ListItem","position":3,"name":"Microsoft Office 2021 Professional Plus + Microsoft Windows 10 Home"}]},{"@type":"WebSite","@id":"https:\/\/winandofficews.com\/italy\/#website","url":"https:\/\/winandofficews.com\/italy\/","name":"Italy","description":"Wholesales Store of Office","publisher":{"@id":"https:\/\/winandofficews.com\/italy\/#organization"},"potentialAction":[{"@type":"SearchAction","target":{"@type":"EntryPoint","urlTemplate":"https:\/\/winandofficews.com\/italy\/?s={search_term_string}"},"query-input":{"@type":"PropertyValueSpecification","valueRequired":true,"valueName":"search_term_string"}}],"inLanguage":"it-IT"},{"@type":"Organization","@id":"https:\/\/winandofficews.com\/italy\/#organization","name":"Italy","url":"https:\/\/winandofficews.com\/italy\/","logo":{"@type":"ImageObject","inLanguage":"it-IT","@id":"https:\/\/winandofficews.com\/italy\/#\/schema\/logo\/image\/","url":"https:\/\/winandofficews.com\/italy\/wp-content\/uploads\/sites\/18\/logo14.png","contentUrl":"https:\/\/winandofficews.com\/italy\/wp-content\/uploads\/sites\/18\/logo14.png","width":322,"height":116,"caption":"Italy"},"image":{"@id":"https:\/\/winandofficews.com\/italy\/#\/schema\/logo\/image\/"}}]}},"_links":{"self":[{"href":"https:\/\/winandofficews.com\/italy\/wp-json\/wp\/v2\/product\/87420","targetHints":{"allow":["GET"]}}],"collection":[{"href":"https:\/\/winandofficews.com\/italy\/wp-json\/wp\/v2\/product"}],"about":[{"href":"https:\/\/winandofficews.com\/italy\/wp-json\/wp\/v2\/types\/product"}],"replies":[{"embeddable":true,"href":"https:\/\/winandofficews.com\/italy\/wp-json\/wp\/v2\/comments?post=87420"}],"wp:featuredmedia":[{"embeddable":true,"href":"https:\/\/winandofficews.com\/italy\/wp-json\/"}],"wp:attachment":[{"href":"https:\/\/winandofficews.com\/italy\/wp-json\/wp\/v2\/media?parent=87420"}],"wp:term":[{"taxonomy":"product_brand","embeddable":true,"href":"https:\/\/winandofficews.com\/italy\/wp-json\/wp\/v2\/product_brand?post=87420"},{"taxonomy":"product_cat","embeddable":true,"href":"https:\/\/winandofficews.com\/italy\/wp-json\/wp\/v2\/product_cat?post=87420"},{"taxonomy":"product_tag","embeddable":true,"href":"https:\/\/winandofficews.com\/italy\/wp-json\/wp\/v2\/product_tag?post=87420"}],"curies":[{"name":"wp","href":"https:\/\/api.w.org\/{rel}","templated":true}]}}