{"id":87414,"date":"2025-06-19T13:28:26","date_gmt":"2025-06-19T11:28:26","guid":{"rendered":"https:\/\/winandofficews.com\/italy\/?post_type=product&#038;p=87414"},"modified":"2026-04-23T14:35:34","modified_gmt":"2026-04-23T12:35:34","slug":"combo-microsoft-windows-11-home-microsoft-office-2021-professional","status":"publish","type":"product","link":"https:\/\/winandofficews.com\/italy\/product\/combo-microsoft-windows-11-home-microsoft-office-2021-professional\/","title":{"rendered":"Combo Microsoft Windows 11 Home + Microsoft Office 2021 Professional"},"content":{"rendered":"<h3>Microsoft Windows 11 Home<\/h3>\n<p><strong>Requisiti di sistema:<\/strong><\/p>\n<p>Preparati per l&#8217;ultimo e il pi\u00f9 grande sistema operativo di Microsoft! Questa edizione \u00e8 rivolta all&#8217;utente domestico ed \u00e8 adatta per l&#8217;uso quotidiano, il lavoro creativo e il gioco<br \/>\nQuesti sono i requisiti di base per installare Microsoft Windows 11 su un PC. Se il tuo dispositivo non soddisfa questi requisiti, potresti non essere in grado di installare Microsoft Windows 11 sul tuo dispositivo e dovresti prendere in considerazione l&#8217;acquisto di un nuovo PC. Se non sei sicuro che il tuo PC soddisfi questi requisiti, puoi verificare con il produttore di apparecchiature originali (OEM) del tuo PC oppure, se il tuo dispositivo esegue gi\u00e0 Microsoft Windows 10, usa l&#8217;app PC Health Verifica la compatibilit\u00e0 ( <a href=\"https:\/\/aka.ms\/GetPCHealthCheckApp\"><strong>da <\/strong><\/a><a href=\"https:\/\/aka.ms\/GetPCHealthCheckApp\"><strong>scaricare <\/strong><\/a>).<\/p>\n<ul>\n<li><strong>Processore:<\/strong> 1 Gigahertz (GHz) o superiore con 2 o pi\u00f9 core su un processore a 64 bit o SoC (System on a Chip) supportato.<\/li>\n<li><strong>RAM:<\/strong> 4 gigabyte (GB)<\/li>\n<li><strong>Archiviazione:<\/strong> 64 GB o pi\u00f9 Nota: per ulteriori dettagli, vedere &#8220;Ulteriori informazioni sullo spazio su disco per mantenere aggiornato Microsoft Windows 11&#8221; di seguito.<\/li>\n<li><strong>Firmware di sistema:<\/strong> UEFI, avvio protetto supportato<\/li>\n<li><strong>TPM:<\/strong> Trusted Platform Module (TPM) versione 2.0<\/li>\n<li><strong>Scheda grafica:<\/strong> Compatibile con DirectX 12 o versioni successive con driver WDDM 2.0<\/li>\n<li><strong>Visualizzazione:<\/strong> Display ad alta risoluzione (720p) con diagonale superiore a 9&Prime;, 8 bit per canale colore<\/li>\n<li><strong>Connettivit\u00e0 Internet e account Microsoft:<\/strong> Microsoft Windows 11 Home Edition richiede una connessione Internet e un account Microsoft per completare la configurazione del dispositivo al primo utilizzo. Il passaggio da un dispositivo a Microsoft Windows 11 Home in modalit\u00e0 S richiede anche una connessione a Internet. Tutte le edizioni di Microsoft Windows 11 richiedono l&#8217;accesso a Internet per l&#8217;aggiornamento, il download e l&#8217;utilizzo di alcune funzionalit\u00e0. Per alcune funzionalit\u00e0 \u00e8 richiesto un account Microsoft.<\/li>\n<\/ul>\n<p>Nel tempo, potrebbero esserci requisiti aggiuntivi per gli aggiornamenti, nonch\u00e9 requisiti per abilitare determinate funzionalit\u00e0 all&#8217;interno del sistema operativo.<br \/>\n<a href=\"https:\/\/www.microsoft.com\/en-us\/windows\/windows-11\"><strong> Requisiti specifici delle funzionalit\u00e0 per Microsoft Windows 11 <\/strong><\/a><\/p>\n<p>Alcune funzionalit\u00e0 di Microsoft Windows 11 hanno requisiti pi\u00f9 elevati oltre a quelli elencati nella sezione dei requisiti minimi sopra. Di seguito sono riportati alcuni dettagli aggiuntivi sui requisiti per le funzionalit\u00e0 principali:<\/p>\n<ul>\n<li><strong>La compatibilit\u00e0 5G <\/strong>richiede un modem compatibile 5G.<\/li>\n<li><strong>L&#8217;HDR automatico <\/strong>richiede un monitor HDR.<\/li>\n<li><strong>BitLocker per andare <\/strong>richiede un&#8217;unit\u00e0 flash USB (disponibile in Microsoft Windows Pro e versioni successive).<\/li>\n<li><strong>Cliente Hyper -V <\/strong>richiede un processore con funzionalit\u00e0 SLAT (Second Level Address Translation) (disponibili in Microsoft Windows Pro e versioni successive).<\/li>\n<li><strong>Cortana <\/strong>richiede un microfono e un altoparlante ed \u00e8 attualmente disponibile su Microsoft Windows 11 per Australia, Brasile, Canada, Cina, Francia, Germania, India, Italia, Giappone, Messico, Spagna, Regno Unito e Stati Uniti.<\/li>\n<li><strong>Archiviazione diretta <\/strong>Richiede un SSD NVMe per archiviare ed eseguire giochi che utilizzano il driver &#8220;Standard NVM Express Controller &#8221; e una GPU DirectX12 con supporto Shader Modello 6.0.<\/li>\n<li><strong>DirectX 12 Ultimate <\/strong>\u00e8 disponibile con giochi e chip grafici compatibili.<\/li>\n<li><strong>Presenza <\/strong>richiede un sensore in grado di rilevare la distanza dell&#8217;essere umano dal dispositivo o l&#8217;intenzione di interagire con il dispositivo.<\/li>\n<li><strong>Video conferenza intelligente<\/strong>: richiede videocamera, microfono e altoparlante (output audio)<\/li>\n<li><strong>Pi\u00f9 Assistenti vocali:<\/strong> richiede un microfono e un altoparlante.<\/li>\n<li><strong>Snap<\/strong>: i layout a tre colonne richiedono uno schermo con larghezza effettiva di 1920 pixel o superiore.<\/li>\n<li><strong>Disattiva audio<\/strong> e <strong>Attiva audio<\/strong>: dalla barra delle applicazioni sono necessari videocamera, microfono e altoparlante (output audio). L&#8217;app deve essere compatibile con la funzionalit\u00e0 per la disattivazione\/attivazione audio globale.<\/li>\n<li><strong>Audio spaziale<\/strong>: richiede la compatibilit\u00e0 di hardware e software.<\/li>\n<li><strong>Microsoft Teams<\/strong>: richiede videocamera, microfono e altoparlante (output audio).<\/li>\n<li><strong>Touch<\/strong>: richiede uno schermo o un monitor che supporti il multitouch.<\/li>\n<li><strong>Autenticazione a due fattori<\/strong>: richiede l&#8217;uso del PIN, della biometria (lettore di impronte digitali o fotocamera a infrarossi illuminata) oppure un telefono compatibile con Wi-Fi o Bluetooth.<\/li>\n<li><strong>Digitazione vocale<\/strong>: richiede un PC con microfono.<\/li>\n<li><strong>Riattivazione vocale<\/strong>: richiede il modello di risparmio energia e il microfono per standby moderno.<\/li>\n<li><strong>Wi-Fi 6E<\/strong>: richiede nuovo hardware e driver IHV WLAN e un punto di accesso\/router compatibile con Wi-Fi 6E.<\/li>\n<li><strong>Microsoft Windows Hello<\/strong>: richiede una fotocamera configurata per la creazione dell&#8217;immagine a infrarossi o il lettore di impronta digitale per l&#8217;autenticazione biometrica. I dispositivi senza sensori biometrici possono usare Microsoft Windows Hello con un PIN o una chiave di sicurezza portatile compatibile con Microsoft. Per altre informazioni, vedere <a href=\"https:\/\/techcommunity.microsoft.com\/t5\/windows-it-pro-blog\/it-tools-to-support-windows-10-version-21h1\/ba-p\/2365103\">Strumenti IT per supportare Microsoft Windows 10, versione 21H1<\/a>.<\/li>\n<li><strong>Microsoft Windows Microsoft Projection<\/strong>: richiede una scheda video che supporti Microsoft Windows Display Driver Model (WDDM) 2.0 e una scheda Wi-Fi che supporti Wi-Fi Direct.<\/li>\n<li><strong>App Xbox<\/strong>: richiede un account Xbox Live, che non \u00e8 disponibile in tutte le aree geografiche. Per informazioni pi\u00f9 aggiornate sulla disponibilit\u00e0, passare alla pagina Paesi e aree geografiche supportate da Xbox Live..<\/li>\n<\/ul>\n<h3>Microsoft Office 2021 professional<\/h3>\n<p>Microsoft Office 2021 Professional Plus Edition \u00e8 ideale per gli utenti che utilizzano l&#8217;intera gamma di applicazioni a casa o in ufficio. Include l&#8217;intera gamma di applicazioni Microsoft Office: Word, Excel, Outlook, PowerPoint, Publisher e Access. OneNote, che pu\u00f2 essere scaricato da Microsoft Windows Store, consente di creare rapidamente note e renderle disponibili in tutti i dispositivi tramite il cloud. Sperimenta prestazioni, stabilit\u00e0 e velocit\u00e0 migliorate in Word, Excel, PowerPoint e Outlook. Ottieni ricerche nuove e migliorate, strumenti di input penna, tipi di dati, caratteristiche, strumenti di traduzione e modifica, grafica animata, caratteristiche di facile utilizzo e altro ancora nel pacchetto Microsoft Office 2021.<\/p>\n<ul>\n<li><strong>Word<\/strong>: Crea documenti di testo di qualit\u00e0 professionale in pochissimo tempo.<\/li>\n<li><strong>Excel<\/strong>: Fogli di calcolo intelligenti, ora con nuove funzionalit\u00e0 come XLOOKUP<\/li>\n<li><strong>Potenza Punto<\/strong>: Funzionalit\u00e0 nuove e migliorate per creare presentazioni dinamiche impressionanti.<\/li>\n<li><strong>OneNote<\/strong>: Il tuo taccuino digitale nel cloud.<\/li>\n<li><strong>Outlook<\/strong>:  Comunicazione semplificata; ora include potenti funzionalit\u00e0 di traduzione.<\/li>\n<li><strong>Publisher<\/strong>: Creazione di layout per pubblicazioni professionali<\/li>\n<li><strong>Access<\/strong>: Creazione di database semplice e potente<\/li>\n<li><strong>Microsoft Team<\/strong>: Aumenta la produttivit\u00e0 con la messaggistica istantanea HD e le videoconferenze (disponibile separatamente per download)<\/li>\n<\/ul>\n<p>NOTA: Microsoft non include pi\u00f9 una licenza Teams con i prodotti Office a causa di un <a href=\"https:\/\/blogs.microsoft.com\/eupolicy\/2023\/08\/31\/european-competition-teams-office-microsoft-365\/\" target=\"_blank\" rel=\"noopener\">indagine della Commissione Europea<\/a>. Puoi <a href=\"https:\/\/www.microsoft.com\/en-us\/microsoft-teams\/download-app\" target=\"_blank\" rel=\"noopener\">scaricare Teams<\/a> per utilizzarlo con una licenza gratuita o a pagamento ( acquisto separato) a seconda delle vostre esigenze.<br \/>\n<strong>RICHIEDE WINDOWS 10 O 11!<\/strong><\/p>\n<p><strong>Assistenza e supporto:<\/strong><\/p>\n<p>Per qualsiasi domanda, non esitare a contattarci tramite <a href=\"mailto:italy@winandofficews.com\">e-mail <\/a>, il nostro servizio clienti e supporto \u00e8 disponibile 7 giorni alla settimana, 24 ore al giorno.<\/p>\n","protected":false},"excerpt":{"rendered":"<ul>\n<li><strong>Microsoft Windows Microsoft Office 2021 Professional Plus e Microsoft Windows 11 Home <\/strong><\/li>\n<li>Versione per sistemi a 32 e 64 bit, versioni complete e illimitate del software<\/li>\n<li>Consegna tramite e-mail: codice prodotto, istruzioni, link per il download, fattura<\/li>\n<li>Download immediato!<\/li>\n<li>Nessun limite di tempo, nessun abbonamento<\/li>\n<li>Supporto gratuito 24 ore su 24, 7 giorni su 7 per problemi con installazione e attivazione<\/li>\n<li>Nessuna consegna su archiviazione dati (USB, CD, ecc.)<\/li>\n<li>Attivazione online e telefonica<\/li>\n<li>Lingue: inglese, spagnolo, italiano, tedesco, francese<\/li>\n<li><strong>Questo prodotto \u00e8 compatibile con Microsoft Windows.<\/strong><\/li>\n<li><strong>NON compatibile con Apple macOS&trade;, processori Apple, Parallels per Mac, dispositivi Android e Chromebook.<\/strong><\/li>\n<\/ul>\n","protected":false},"featured_media":1000007992,"comment_status":"closed","ping_status":"closed","template":"","meta":{"_acf_changed":false},"product_brand":[],"product_cat":[157],"product_tag":[],"class_list":{"0":"post-87414","1":"product","2":"type-product","3":"status-publish","4":"has-post-thumbnail","6":"product_cat-combo","8":"first","9":"instock","10":"sale","11":"virtual","12":"taxable","13":"purchasable","14":"product-type-simple"},"acf":[],"yoast_head":"<!-- This site is optimized with the Yoast SEO plugin v27.4 - https:\/\/yoast.com\/product\/yoast-seo-wordpress\/ -->\n<title>Combo Microsoft Windows 11 Home + Microsoft Office 2021 Professional - Italy<\/title>\n<meta name=\"robots\" content=\"index, follow, max-snippet:-1, max-image-preview:large, max-video-preview:-1\" \/>\n<link rel=\"canonical\" href=\"https:\/\/winandofficews.com\/italy\/product\/combo-microsoft-windows-11-home-microsoft-office-2021-professional\/\" \/>\n<meta property=\"og:locale\" content=\"it_IT\" \/>\n<meta property=\"og:type\" content=\"article\" \/>\n<meta property=\"og:title\" content=\"Combo Microsoft Windows 11 Home + Microsoft Office 2021 Professional - Italy\" \/>\n<meta property=\"og:description\" content=\"Microsoft Windows Microsoft Office 2021 Professional Plus e Microsoft Windows 11 Home   Versione per sistemi a 32 e 64 bit, versioni complete e illimitate del software  Consegna tramite e-mail: codice prodotto, istruzioni, link per il download, fattura  Download immediato!  Nessun limite di tempo, nessun abbonamento  Supporto gratuito 24 ore su 24, 7 giorni su 7 per problemi con installazione e attivazione  Nessuna consegna su archiviazione dati (USB, CD, ecc.)  Attivazione online e telefonica  Lingue: inglese, spagnolo, italiano, tedesco, francese  Questo prodotto \u00e8 compatibile con Microsoft Windows.  NON compatibile con Apple macOS&trade;, processori Apple, Parallels per Mac, dispositivi Android e Chromebook.\" \/>\n<meta property=\"og:url\" content=\"https:\/\/winandofficews.com\/italy\/product\/combo-microsoft-windows-11-home-microsoft-office-2021-professional\/\" \/>\n<meta property=\"og:site_name\" content=\"Italy\" \/>\n<meta property=\"article:modified_time\" content=\"2026-04-23T12:35:34+00:00\" \/>\n<meta name=\"twitter:card\" content=\"summary_large_image\" \/>\n<meta name=\"twitter:label1\" content=\"Tempo di lettura stimato\" \/>\n\t<meta name=\"twitter:data1\" content=\"6 minuti\" \/>\n<script type=\"application\/ld+json\" class=\"yoast-schema-graph\">{\"@context\":\"https:\\\/\\\/schema.org\",\"@graph\":[{\"@type\":\"WebPage\",\"@id\":\"https:\\\/\\\/winandofficews.com\\\/italy\\\/product\\\/combo-microsoft-windows-11-home-microsoft-office-2021-professional\\\/\",\"url\":\"https:\\\/\\\/winandofficews.com\\\/italy\\\/product\\\/combo-microsoft-windows-11-home-microsoft-office-2021-professional\\\/\",\"name\":\"Combo Microsoft Windows 11 Home + Microsoft Office 2021 Professional - Italy\",\"isPartOf\":{\"@id\":\"https:\\\/\\\/winandofficews.com\\\/italy\\\/#website\"},\"primaryImageOfPage\":{\"@id\":\"https:\\\/\\\/winandofficews.com\\\/italy\\\/product\\\/combo-microsoft-windows-11-home-microsoft-office-2021-professional\\\/#primaryimage\"},\"image\":{\"@id\":\"https:\\\/\\\/winandofficews.com\\\/italy\\\/product\\\/combo-microsoft-windows-11-home-microsoft-office-2021-professional\\\/#primaryimage\"},\"thumbnailUrl\":\"https:\\\/\\\/winandofficews.com\\\/italy\\\/wp-content\\\/uploads\\\/W11HO21P.png\",\"datePublished\":\"2025-06-19T11:28:26+00:00\",\"dateModified\":\"2026-04-23T12:35:34+00:00\",\"breadcrumb\":{\"@id\":\"https:\\\/\\\/winandofficews.com\\\/italy\\\/product\\\/combo-microsoft-windows-11-home-microsoft-office-2021-professional\\\/#breadcrumb\"},\"inLanguage\":\"it-IT\",\"potentialAction\":[{\"@type\":\"ReadAction\",\"target\":[\"https:\\\/\\\/winandofficews.com\\\/italy\\\/product\\\/combo-microsoft-windows-11-home-microsoft-office-2021-professional\\\/\"]}]},{\"@type\":\"ImageObject\",\"inLanguage\":\"it-IT\",\"@id\":\"https:\\\/\\\/winandofficews.com\\\/italy\\\/product\\\/combo-microsoft-windows-11-home-microsoft-office-2021-professional\\\/#primaryimage\",\"url\":\"https:\\\/\\\/winandofficews.com\\\/italy\\\/wp-content\\\/uploads\\\/W11HO21P.png\",\"contentUrl\":\"https:\\\/\\\/winandofficews.com\\\/italy\\\/wp-content\\\/uploads\\\/W11HO21P.png\"},{\"@type\":\"BreadcrumbList\",\"@id\":\"https:\\\/\\\/winandofficews.com\\\/italy\\\/product\\\/combo-microsoft-windows-11-home-microsoft-office-2021-professional\\\/#breadcrumb\",\"itemListElement\":[{\"@type\":\"ListItem\",\"position\":1,\"name\":\"Home\",\"item\":\"https:\\\/\\\/winandofficews.com\\\/italy\\\/\"},{\"@type\":\"ListItem\",\"position\":2,\"name\":\"Shop\",\"item\":\"https:\\\/\\\/winandofficews.com\\\/italy\\\/shop\\\/\"},{\"@type\":\"ListItem\",\"position\":3,\"name\":\"Combo Microsoft Windows 11 Home + Microsoft Office 2021 Professional\"}]},{\"@type\":\"WebSite\",\"@id\":\"https:\\\/\\\/winandofficews.com\\\/italy\\\/#website\",\"url\":\"https:\\\/\\\/winandofficews.com\\\/italy\\\/\",\"name\":\"Italy\",\"description\":\"Wholesales Store of Office\",\"publisher\":{\"@id\":\"https:\\\/\\\/winandofficews.com\\\/italy\\\/#organization\"},\"potentialAction\":[{\"@type\":\"SearchAction\",\"target\":{\"@type\":\"EntryPoint\",\"urlTemplate\":\"https:\\\/\\\/winandofficews.com\\\/italy\\\/?s={search_term_string}\"},\"query-input\":{\"@type\":\"PropertyValueSpecification\",\"valueRequired\":true,\"valueName\":\"search_term_string\"}}],\"inLanguage\":\"it-IT\"},{\"@type\":\"Organization\",\"@id\":\"https:\\\/\\\/winandofficews.com\\\/italy\\\/#organization\",\"name\":\"Italy\",\"url\":\"https:\\\/\\\/winandofficews.com\\\/italy\\\/\",\"logo\":{\"@type\":\"ImageObject\",\"inLanguage\":\"it-IT\",\"@id\":\"https:\\\/\\\/winandofficews.com\\\/italy\\\/#\\\/schema\\\/logo\\\/image\\\/\",\"url\":\"https:\\\/\\\/winandofficews.com\\\/italy\\\/wp-content\\\/uploads\\\/sites\\\/18\\\/logo14.png\",\"contentUrl\":\"https:\\\/\\\/winandofficews.com\\\/italy\\\/wp-content\\\/uploads\\\/sites\\\/18\\\/logo14.png\",\"width\":322,\"height\":116,\"caption\":\"Italy\"},\"image\":{\"@id\":\"https:\\\/\\\/winandofficews.com\\\/italy\\\/#\\\/schema\\\/logo\\\/image\\\/\"}}]}<\/script>\n<!-- \/ Yoast SEO plugin. -->","yoast_head_json":{"title":"Combo Microsoft Windows 11 Home + Microsoft Office 2021 Professional - Italy","robots":{"index":"index","follow":"follow","max-snippet":"max-snippet:-1","max-image-preview":"max-image-preview:large","max-video-preview":"max-video-preview:-1"},"canonical":"https:\/\/winandofficews.com\/italy\/product\/combo-microsoft-windows-11-home-microsoft-office-2021-professional\/","og_locale":"it_IT","og_type":"article","og_title":"Combo Microsoft Windows 11 Home + Microsoft Office 2021 Professional - Italy","og_description":"Microsoft Windows Microsoft Office 2021 Professional Plus e Microsoft Windows 11 Home   Versione per sistemi a 32 e 64 bit, versioni complete e illimitate del software  Consegna tramite e-mail: codice prodotto, istruzioni, link per il download, fattura  Download immediato!  Nessun limite di tempo, nessun abbonamento  Supporto gratuito 24 ore su 24, 7 giorni su 7 per problemi con installazione e attivazione  Nessuna consegna su archiviazione dati (USB, CD, ecc.)  Attivazione online e telefonica  Lingue: inglese, spagnolo, italiano, tedesco, francese  Questo prodotto \u00e8 compatibile con Microsoft Windows.  NON compatibile con Apple macOS&trade;, processori Apple, Parallels per Mac, dispositivi Android e Chromebook.","og_url":"https:\/\/winandofficews.com\/italy\/product\/combo-microsoft-windows-11-home-microsoft-office-2021-professional\/","og_site_name":"Italy","article_modified_time":"2026-04-23T12:35:34+00:00","twitter_card":"summary_large_image","twitter_misc":{"Tempo di lettura stimato":"6 minuti"},"schema":{"@context":"https:\/\/schema.org","@graph":[{"@type":"WebPage","@id":"https:\/\/winandofficews.com\/italy\/product\/combo-microsoft-windows-11-home-microsoft-office-2021-professional\/","url":"https:\/\/winandofficews.com\/italy\/product\/combo-microsoft-windows-11-home-microsoft-office-2021-professional\/","name":"Combo Microsoft Windows 11 Home + Microsoft Office 2021 Professional - Italy","isPartOf":{"@id":"https:\/\/winandofficews.com\/italy\/#website"},"primaryImageOfPage":{"@id":"https:\/\/winandofficews.com\/italy\/product\/combo-microsoft-windows-11-home-microsoft-office-2021-professional\/#primaryimage"},"image":{"@id":"https:\/\/winandofficews.com\/italy\/product\/combo-microsoft-windows-11-home-microsoft-office-2021-professional\/#primaryimage"},"thumbnailUrl":"https:\/\/winandofficews.com\/italy\/wp-content\/uploads\/W11HO21P.png","datePublished":"2025-06-19T11:28:26+00:00","dateModified":"2026-04-23T12:35:34+00:00","breadcrumb":{"@id":"https:\/\/winandofficews.com\/italy\/product\/combo-microsoft-windows-11-home-microsoft-office-2021-professional\/#breadcrumb"},"inLanguage":"it-IT","potentialAction":[{"@type":"ReadAction","target":["https:\/\/winandofficews.com\/italy\/product\/combo-microsoft-windows-11-home-microsoft-office-2021-professional\/"]}]},{"@type":"ImageObject","inLanguage":"it-IT","@id":"https:\/\/winandofficews.com\/italy\/product\/combo-microsoft-windows-11-home-microsoft-office-2021-professional\/#primaryimage","url":"https:\/\/winandofficews.com\/italy\/wp-content\/uploads\/W11HO21P.png","contentUrl":"https:\/\/winandofficews.com\/italy\/wp-content\/uploads\/W11HO21P.png"},{"@type":"BreadcrumbList","@id":"https:\/\/winandofficews.com\/italy\/product\/combo-microsoft-windows-11-home-microsoft-office-2021-professional\/#breadcrumb","itemListElement":[{"@type":"ListItem","position":1,"name":"Home","item":"https:\/\/winandofficews.com\/italy\/"},{"@type":"ListItem","position":2,"name":"Shop","item":"https:\/\/winandofficews.com\/italy\/shop\/"},{"@type":"ListItem","position":3,"name":"Combo Microsoft Windows 11 Home + Microsoft Office 2021 Professional"}]},{"@type":"WebSite","@id":"https:\/\/winandofficews.com\/italy\/#website","url":"https:\/\/winandofficews.com\/italy\/","name":"Italy","description":"Wholesales Store of Office","publisher":{"@id":"https:\/\/winandofficews.com\/italy\/#organization"},"potentialAction":[{"@type":"SearchAction","target":{"@type":"EntryPoint","urlTemplate":"https:\/\/winandofficews.com\/italy\/?s={search_term_string}"},"query-input":{"@type":"PropertyValueSpecification","valueRequired":true,"valueName":"search_term_string"}}],"inLanguage":"it-IT"},{"@type":"Organization","@id":"https:\/\/winandofficews.com\/italy\/#organization","name":"Italy","url":"https:\/\/winandofficews.com\/italy\/","logo":{"@type":"ImageObject","inLanguage":"it-IT","@id":"https:\/\/winandofficews.com\/italy\/#\/schema\/logo\/image\/","url":"https:\/\/winandofficews.com\/italy\/wp-content\/uploads\/sites\/18\/logo14.png","contentUrl":"https:\/\/winandofficews.com\/italy\/wp-content\/uploads\/sites\/18\/logo14.png","width":322,"height":116,"caption":"Italy"},"image":{"@id":"https:\/\/winandofficews.com\/italy\/#\/schema\/logo\/image\/"}}]}},"_links":{"self":[{"href":"https:\/\/winandofficews.com\/italy\/wp-json\/wp\/v2\/product\/87414","targetHints":{"allow":["GET"]}}],"collection":[{"href":"https:\/\/winandofficews.com\/italy\/wp-json\/wp\/v2\/product"}],"about":[{"href":"https:\/\/winandofficews.com\/italy\/wp-json\/wp\/v2\/types\/product"}],"replies":[{"embeddable":true,"href":"https:\/\/winandofficews.com\/italy\/wp-json\/wp\/v2\/comments?post=87414"}],"wp:featuredmedia":[{"embeddable":true,"href":"https:\/\/winandofficews.com\/italy\/wp-json\/"}],"wp:attachment":[{"href":"https:\/\/winandofficews.com\/italy\/wp-json\/wp\/v2\/media?parent=87414"}],"wp:term":[{"taxonomy":"product_brand","embeddable":true,"href":"https:\/\/winandofficews.com\/italy\/wp-json\/wp\/v2\/product_brand?post=87414"},{"taxonomy":"product_cat","embeddable":true,"href":"https:\/\/winandofficews.com\/italy\/wp-json\/wp\/v2\/product_cat?post=87414"},{"taxonomy":"product_tag","embeddable":true,"href":"https:\/\/winandofficews.com\/italy\/wp-json\/wp\/v2\/product_tag?post=87414"}],"curies":[{"name":"wp","href":"https:\/\/api.w.org\/{rel}","templated":true}]}}