{"id":87412,"date":"2025-06-19T13:28:26","date_gmt":"2025-06-19T11:28:26","guid":{"rendered":"https:\/\/winandofficews.com\/italy\/?post_type=product&#038;p=87412"},"modified":"2026-04-23T14:35:34","modified_gmt":"2026-04-23T12:35:34","slug":"combo-microsoft-office-2019-standard-microsoft-windows-11-pro","status":"publish","type":"product","link":"https:\/\/winandofficews.com\/italy\/product\/combo-microsoft-office-2019-standard-microsoft-windows-11-pro\/","title":{"rendered":"Combo Microsoft Office 2019 Standard + Microsoft Windows 11 Pro"},"content":{"rendered":"<h3>Microsoft Windows 11 professional<\/h3>\n<p><strong>Requisiti di sistema<\/strong><\/p>\n<p><strong>Assicurati di avere tutti i requisiti per poter installare l&#8217;ultima versione di Microsoft Windows, il sistema operativo di Microsoft!<\/strong><br \/>\nQuesti sono i requisiti di base per l&#8217;installazione di Microsoft Windows 11 su un PC. Se il tuo dispositivo non soddisfa questi requisiti, potresti non essere in grado di installare Microsoft Windows 11 su di esso e potresti prendere in considerazione l&#8217;acquisto di un nuovo PC. Se non sei sicuro che il tuo PC soddisfi questi requisiti, puoi rivolgerti al produttore del PC (OEM) o, se il tuo dispositivo esegue gi\u00e0 Microsoft Windows 10, puoi usare l&#8217;app Controllo dello stato del PC per valutare la compatibilit\u00e0 (fai clic qui per scaricare).<\/p>\n<ul>\n<li><strong>Processore:<\/strong> Frequenza di 1 gigahertz (GHz) o superiore con 2 o pi\u00f9 core su un processore a 64 bit supportato o &#8220;System on a Chip&#8221; (SoC)<\/li>\n<li><strong>RAM:<\/strong> 4 gigabyte (GB)<\/li>\n<li><strong>Archiviazione:<\/strong> Dispositivo di archiviazione da 64 GB o pi\u00f9 grande. Nota: vedi &#8220;Scopri di pi\u00f9 sullo spazio di archiviazione necessario per mantenere aggiornato Microsoft Windows 11&#8221;<\/li>\n<li><strong>Firmware di sistema:<\/strong> Avrai bisogno di un computer con UEFI e compatibile con l&#8217;avvio protetto.<\/li>\n<li><strong>TPM:<\/strong> Trusted Platform Module (TPM) versione 2.0 (che dal 2016 \u00e8 obbligatorio per l&#8217;hardware di qualsiasi computer Microsoft Windows)<\/li>\n<li><strong>Scheda grafica:<\/strong> Compatibile con DirectX 12 o versione successiva con il driver WDDM 2.0.<\/li>\n<li><strong>Visualizzazione:<\/strong> Schermo di un minimo di 9 pollici in diagonale, con 720p di alta definizione e canale di 8 bit per colore.<\/li>\n<li><strong>Connettivit\u00e0 Internet e account Microsoft:<\/strong> Dovrai disporre di un account Microsoft e dovrai essere connesso a Internet per la configurazione iniziale e gli eventuali aggiornamenti.<\/li>\n<\/ul>\n<h3>Microsoft Office 2019 Standard<\/h3>\n<p>Con Microsoft Office 2019 Standard, ottieni una soluzione per ufficio moderna da Microsoft. La versione classica delle migliori applicazioni per ufficio al mondo copre tutte le tue esigenze quotidiane. Le versioni Web di Word, OneNote, Excel e PowerPoint consentono un facile accesso da qualsiasi luogo.<br \/>\n<strong>Tutto ci\u00f2 di cui hai bisogno a colpo d&#8217;occhio:<\/strong><\/p>\n<ul>\n<li><strong>Word 2019<\/strong>: Per creare e modificare i tuoi testi e documenti<\/li>\n<li><strong>Excel 2019<\/strong>: Per modificare i record in forma tabulare<\/li>\n<li><strong>PowerPoint 2019<\/strong>: Per creare presentazioni accattivanti<\/li>\n<li><strong>Outlook 2019<\/strong>: Per gestire e-mail, contatti, appuntamenti e attivit\u00e0<\/li>\n<li><strong>Publisher 2019<\/strong>: Per creare facilmente post dall&#8217;aspetto professionale<\/li>\n<\/ul>\n<p>OneNote non fa pi\u00f9 parte del pacchetto Microsoft Office, ma \u00e8 disponibile come app standard in Microsoft Windows 10, che \u00e8 un prerequisito per l&#8217;uso di Microsoft Office 2019. <strong>Le versioni precedenti di Microsoft Windows non sono supportate.<\/strong><br \/>\n<strong>Utilizzare il tempo in modo pi\u00f9 efficace con un programma di smart mail<\/strong><br \/>\nLa posta in arrivo trabocca rapidamente di e-mail e spam non importanti. Ci\u00f2 significa che tu o i tuoi dipendenti non potete lavorare in modo efficiente e il tempo \u00e8 sprecato. Microsoft Outlook 2019 \u00e8 stato ulteriormente sviluppato ed \u00e8 stata aggiunta una funzionalit\u00e0 per il programma per riconoscere anche le e-mail irrilevanti e classificarle immediatamente. Ci\u00f2 significa che la tua casella di posta \u00e8 pi\u00f9 chiara e puoi occuparti delle attivit\u00e0 davvero importanti.<\/p>\n<p><strong>Assistenza e supporto:<\/strong><\/p>\n<p>Per qualsiasi domanda, non esitare a contattarci tramite <a href=\"mailto:italy@winandofficews.com\">e-mail <\/a>, il nostro servizio clienti e supporto \u00e8 disponibile 7 giorni alla settimana, 24 ore al giorno.<\/p>\n","protected":false},"excerpt":{"rendered":"<ul>\n<li><strong>Microsoft Windows Microsoft Office 2019 Standard e Microsoft Windows 11 Professional<\/strong><\/li>\n<li>Versione per sistemi a 32 e 64 bit, versioni complete e illimitate del software<\/li>\n<li>Consegna tramite e-mail: codice prodotto, istruzioni, link per il download, fattura<\/li>\n<li>Download immediato!<\/li>\n<li>Nessun limite di tempo, nessun abbonamento<\/li>\n<li>Supporto gratuito 24 ore su 24, 7 giorni su 7 per problemi con installazione e attivazione<\/li>\n<li>Nessuna consegna su archiviazione dati (USB, CD, ecc.)<\/li>\n<li>Attivazione online e telefonica<\/li>\n<li>Lingue: inglese, spagnolo, italiano, tedesco, francese<\/li>\n<li><strong>Questo prodotto \u00e8 compatibile con Microsoft Windows.<\/strong><\/li>\n<li><strong>NON compatibile con Apple macOS&trade;, processori Apple, Parallels per Mac, dispositivi Android e Chromebook.<\/strong><\/li>\n<\/ul>\n","protected":false},"featured_media":1000008000,"comment_status":"closed","ping_status":"closed","template":"","meta":{"_acf_changed":false},"product_brand":[],"product_cat":[157],"product_tag":[],"class_list":{"0":"post-87412","1":"product","2":"type-product","3":"status-publish","4":"has-post-thumbnail","6":"product_cat-combo","8":"first","9":"instock","10":"sale","11":"virtual","12":"taxable","13":"purchasable","14":"product-type-simple"},"acf":[],"yoast_head":"<!-- This site is optimized with the Yoast SEO plugin v27.4 - https:\/\/yoast.com\/product\/yoast-seo-wordpress\/ -->\n<title>Combo Microsoft Office 2019 Standard + Microsoft Windows 11 Pro - Italy<\/title>\n<meta name=\"robots\" content=\"index, follow, max-snippet:-1, max-image-preview:large, max-video-preview:-1\" \/>\n<link rel=\"canonical\" href=\"https:\/\/winandofficews.com\/italy\/product\/combo-microsoft-office-2019-standard-microsoft-windows-11-pro\/\" \/>\n<meta property=\"og:locale\" content=\"it_IT\" \/>\n<meta property=\"og:type\" content=\"article\" \/>\n<meta property=\"og:title\" content=\"Combo Microsoft Office 2019 Standard + Microsoft Windows 11 Pro - Italy\" \/>\n<meta property=\"og:description\" content=\"Microsoft Windows Microsoft Office 2019 Standard e Microsoft Windows 11 Professional  Versione per sistemi a 32 e 64 bit, versioni complete e illimitate del software  Consegna tramite e-mail: codice prodotto, istruzioni, link per il download, fattura  Download immediato!  Nessun limite di tempo, nessun abbonamento  Supporto gratuito 24 ore su 24, 7 giorni su 7 per problemi con installazione e attivazione  Nessuna consegna su archiviazione dati (USB, CD, ecc.)  Attivazione online e telefonica  Lingue: inglese, spagnolo, italiano, tedesco, francese  Questo prodotto \u00e8 compatibile con Microsoft Windows.  NON compatibile con Apple macOS&trade;, processori Apple, Parallels per Mac, dispositivi Android e Chromebook.\" \/>\n<meta property=\"og:url\" content=\"https:\/\/winandofficews.com\/italy\/product\/combo-microsoft-office-2019-standard-microsoft-windows-11-pro\/\" \/>\n<meta property=\"og:site_name\" content=\"Italy\" \/>\n<meta property=\"article:modified_time\" content=\"2026-04-23T12:35:34+00:00\" \/>\n<meta name=\"twitter:card\" content=\"summary_large_image\" \/>\n<meta name=\"twitter:label1\" content=\"Tempo di lettura stimato\" \/>\n\t<meta name=\"twitter:data1\" content=\"3 minuti\" \/>\n<script type=\"application\/ld+json\" class=\"yoast-schema-graph\">{\"@context\":\"https:\\\/\\\/schema.org\",\"@graph\":[{\"@type\":\"WebPage\",\"@id\":\"https:\\\/\\\/winandofficews.com\\\/italy\\\/product\\\/combo-microsoft-office-2019-standard-microsoft-windows-11-pro\\\/\",\"url\":\"https:\\\/\\\/winandofficews.com\\\/italy\\\/product\\\/combo-microsoft-office-2019-standard-microsoft-windows-11-pro\\\/\",\"name\":\"Combo Microsoft Office 2019 Standard + Microsoft Windows 11 Pro - Italy\",\"isPartOf\":{\"@id\":\"https:\\\/\\\/winandofficews.com\\\/italy\\\/#website\"},\"primaryImageOfPage\":{\"@id\":\"https:\\\/\\\/winandofficews.com\\\/italy\\\/product\\\/combo-microsoft-office-2019-standard-microsoft-windows-11-pro\\\/#primaryimage\"},\"image\":{\"@id\":\"https:\\\/\\\/winandofficews.com\\\/italy\\\/product\\\/combo-microsoft-office-2019-standard-microsoft-windows-11-pro\\\/#primaryimage\"},\"thumbnailUrl\":\"https:\\\/\\\/winandofficews.com\\\/italy\\\/wp-content\\\/uploads\\\/W11PO19S.png\",\"datePublished\":\"2025-06-19T11:28:26+00:00\",\"dateModified\":\"2026-04-23T12:35:34+00:00\",\"breadcrumb\":{\"@id\":\"https:\\\/\\\/winandofficews.com\\\/italy\\\/product\\\/combo-microsoft-office-2019-standard-microsoft-windows-11-pro\\\/#breadcrumb\"},\"inLanguage\":\"it-IT\",\"potentialAction\":[{\"@type\":\"ReadAction\",\"target\":[\"https:\\\/\\\/winandofficews.com\\\/italy\\\/product\\\/combo-microsoft-office-2019-standard-microsoft-windows-11-pro\\\/\"]}]},{\"@type\":\"ImageObject\",\"inLanguage\":\"it-IT\",\"@id\":\"https:\\\/\\\/winandofficews.com\\\/italy\\\/product\\\/combo-microsoft-office-2019-standard-microsoft-windows-11-pro\\\/#primaryimage\",\"url\":\"https:\\\/\\\/winandofficews.com\\\/italy\\\/wp-content\\\/uploads\\\/W11PO19S.png\",\"contentUrl\":\"https:\\\/\\\/winandofficews.com\\\/italy\\\/wp-content\\\/uploads\\\/W11PO19S.png\"},{\"@type\":\"BreadcrumbList\",\"@id\":\"https:\\\/\\\/winandofficews.com\\\/italy\\\/product\\\/combo-microsoft-office-2019-standard-microsoft-windows-11-pro\\\/#breadcrumb\",\"itemListElement\":[{\"@type\":\"ListItem\",\"position\":1,\"name\":\"Home\",\"item\":\"https:\\\/\\\/winandofficews.com\\\/italy\\\/\"},{\"@type\":\"ListItem\",\"position\":2,\"name\":\"Shop\",\"item\":\"https:\\\/\\\/winandofficews.com\\\/italy\\\/shop\\\/\"},{\"@type\":\"ListItem\",\"position\":3,\"name\":\"Combo Microsoft Office 2019 Standard + Microsoft Windows 11 Pro\"}]},{\"@type\":\"WebSite\",\"@id\":\"https:\\\/\\\/winandofficews.com\\\/italy\\\/#website\",\"url\":\"https:\\\/\\\/winandofficews.com\\\/italy\\\/\",\"name\":\"Italy\",\"description\":\"Wholesales Store of Office\",\"publisher\":{\"@id\":\"https:\\\/\\\/winandofficews.com\\\/italy\\\/#organization\"},\"potentialAction\":[{\"@type\":\"SearchAction\",\"target\":{\"@type\":\"EntryPoint\",\"urlTemplate\":\"https:\\\/\\\/winandofficews.com\\\/italy\\\/?s={search_term_string}\"},\"query-input\":{\"@type\":\"PropertyValueSpecification\",\"valueRequired\":true,\"valueName\":\"search_term_string\"}}],\"inLanguage\":\"it-IT\"},{\"@type\":\"Organization\",\"@id\":\"https:\\\/\\\/winandofficews.com\\\/italy\\\/#organization\",\"name\":\"Italy\",\"url\":\"https:\\\/\\\/winandofficews.com\\\/italy\\\/\",\"logo\":{\"@type\":\"ImageObject\",\"inLanguage\":\"it-IT\",\"@id\":\"https:\\\/\\\/winandofficews.com\\\/italy\\\/#\\\/schema\\\/logo\\\/image\\\/\",\"url\":\"https:\\\/\\\/winandofficews.com\\\/italy\\\/wp-content\\\/uploads\\\/sites\\\/18\\\/logo14.png\",\"contentUrl\":\"https:\\\/\\\/winandofficews.com\\\/italy\\\/wp-content\\\/uploads\\\/sites\\\/18\\\/logo14.png\",\"width\":322,\"height\":116,\"caption\":\"Italy\"},\"image\":{\"@id\":\"https:\\\/\\\/winandofficews.com\\\/italy\\\/#\\\/schema\\\/logo\\\/image\\\/\"}}]}<\/script>\n<!-- \/ Yoast SEO plugin. -->","yoast_head_json":{"title":"Combo Microsoft Office 2019 Standard + Microsoft Windows 11 Pro - Italy","robots":{"index":"index","follow":"follow","max-snippet":"max-snippet:-1","max-image-preview":"max-image-preview:large","max-video-preview":"max-video-preview:-1"},"canonical":"https:\/\/winandofficews.com\/italy\/product\/combo-microsoft-office-2019-standard-microsoft-windows-11-pro\/","og_locale":"it_IT","og_type":"article","og_title":"Combo Microsoft Office 2019 Standard + Microsoft Windows 11 Pro - Italy","og_description":"Microsoft Windows Microsoft Office 2019 Standard e Microsoft Windows 11 Professional  Versione per sistemi a 32 e 64 bit, versioni complete e illimitate del software  Consegna tramite e-mail: codice prodotto, istruzioni, link per il download, fattura  Download immediato!  Nessun limite di tempo, nessun abbonamento  Supporto gratuito 24 ore su 24, 7 giorni su 7 per problemi con installazione e attivazione  Nessuna consegna su archiviazione dati (USB, CD, ecc.)  Attivazione online e telefonica  Lingue: inglese, spagnolo, italiano, tedesco, francese  Questo prodotto \u00e8 compatibile con Microsoft Windows.  NON compatibile con Apple macOS&trade;, processori Apple, Parallels per Mac, dispositivi Android e Chromebook.","og_url":"https:\/\/winandofficews.com\/italy\/product\/combo-microsoft-office-2019-standard-microsoft-windows-11-pro\/","og_site_name":"Italy","article_modified_time":"2026-04-23T12:35:34+00:00","twitter_card":"summary_large_image","twitter_misc":{"Tempo di lettura stimato":"3 minuti"},"schema":{"@context":"https:\/\/schema.org","@graph":[{"@type":"WebPage","@id":"https:\/\/winandofficews.com\/italy\/product\/combo-microsoft-office-2019-standard-microsoft-windows-11-pro\/","url":"https:\/\/winandofficews.com\/italy\/product\/combo-microsoft-office-2019-standard-microsoft-windows-11-pro\/","name":"Combo Microsoft Office 2019 Standard + Microsoft Windows 11 Pro - Italy","isPartOf":{"@id":"https:\/\/winandofficews.com\/italy\/#website"},"primaryImageOfPage":{"@id":"https:\/\/winandofficews.com\/italy\/product\/combo-microsoft-office-2019-standard-microsoft-windows-11-pro\/#primaryimage"},"image":{"@id":"https:\/\/winandofficews.com\/italy\/product\/combo-microsoft-office-2019-standard-microsoft-windows-11-pro\/#primaryimage"},"thumbnailUrl":"https:\/\/winandofficews.com\/italy\/wp-content\/uploads\/W11PO19S.png","datePublished":"2025-06-19T11:28:26+00:00","dateModified":"2026-04-23T12:35:34+00:00","breadcrumb":{"@id":"https:\/\/winandofficews.com\/italy\/product\/combo-microsoft-office-2019-standard-microsoft-windows-11-pro\/#breadcrumb"},"inLanguage":"it-IT","potentialAction":[{"@type":"ReadAction","target":["https:\/\/winandofficews.com\/italy\/product\/combo-microsoft-office-2019-standard-microsoft-windows-11-pro\/"]}]},{"@type":"ImageObject","inLanguage":"it-IT","@id":"https:\/\/winandofficews.com\/italy\/product\/combo-microsoft-office-2019-standard-microsoft-windows-11-pro\/#primaryimage","url":"https:\/\/winandofficews.com\/italy\/wp-content\/uploads\/W11PO19S.png","contentUrl":"https:\/\/winandofficews.com\/italy\/wp-content\/uploads\/W11PO19S.png"},{"@type":"BreadcrumbList","@id":"https:\/\/winandofficews.com\/italy\/product\/combo-microsoft-office-2019-standard-microsoft-windows-11-pro\/#breadcrumb","itemListElement":[{"@type":"ListItem","position":1,"name":"Home","item":"https:\/\/winandofficews.com\/italy\/"},{"@type":"ListItem","position":2,"name":"Shop","item":"https:\/\/winandofficews.com\/italy\/shop\/"},{"@type":"ListItem","position":3,"name":"Combo Microsoft Office 2019 Standard + Microsoft Windows 11 Pro"}]},{"@type":"WebSite","@id":"https:\/\/winandofficews.com\/italy\/#website","url":"https:\/\/winandofficews.com\/italy\/","name":"Italy","description":"Wholesales Store of Office","publisher":{"@id":"https:\/\/winandofficews.com\/italy\/#organization"},"potentialAction":[{"@type":"SearchAction","target":{"@type":"EntryPoint","urlTemplate":"https:\/\/winandofficews.com\/italy\/?s={search_term_string}"},"query-input":{"@type":"PropertyValueSpecification","valueRequired":true,"valueName":"search_term_string"}}],"inLanguage":"it-IT"},{"@type":"Organization","@id":"https:\/\/winandofficews.com\/italy\/#organization","name":"Italy","url":"https:\/\/winandofficews.com\/italy\/","logo":{"@type":"ImageObject","inLanguage":"it-IT","@id":"https:\/\/winandofficews.com\/italy\/#\/schema\/logo\/image\/","url":"https:\/\/winandofficews.com\/italy\/wp-content\/uploads\/sites\/18\/logo14.png","contentUrl":"https:\/\/winandofficews.com\/italy\/wp-content\/uploads\/sites\/18\/logo14.png","width":322,"height":116,"caption":"Italy"},"image":{"@id":"https:\/\/winandofficews.com\/italy\/#\/schema\/logo\/image\/"}}]}},"_links":{"self":[{"href":"https:\/\/winandofficews.com\/italy\/wp-json\/wp\/v2\/product\/87412","targetHints":{"allow":["GET"]}}],"collection":[{"href":"https:\/\/winandofficews.com\/italy\/wp-json\/wp\/v2\/product"}],"about":[{"href":"https:\/\/winandofficews.com\/italy\/wp-json\/wp\/v2\/types\/product"}],"replies":[{"embeddable":true,"href":"https:\/\/winandofficews.com\/italy\/wp-json\/wp\/v2\/comments?post=87412"}],"wp:featuredmedia":[{"embeddable":true,"href":"https:\/\/winandofficews.com\/italy\/wp-json\/"}],"wp:attachment":[{"href":"https:\/\/winandofficews.com\/italy\/wp-json\/wp\/v2\/media?parent=87412"}],"wp:term":[{"taxonomy":"product_brand","embeddable":true,"href":"https:\/\/winandofficews.com\/italy\/wp-json\/wp\/v2\/product_brand?post=87412"},{"taxonomy":"product_cat","embeddable":true,"href":"https:\/\/winandofficews.com\/italy\/wp-json\/wp\/v2\/product_cat?post=87412"},{"taxonomy":"product_tag","embeddable":true,"href":"https:\/\/winandofficews.com\/italy\/wp-json\/wp\/v2\/product_tag?post=87412"}],"curies":[{"name":"wp","href":"https:\/\/api.w.org\/{rel}","templated":true}]}}