{"id":87411,"date":"2025-06-19T13:28:26","date_gmt":"2025-06-19T11:28:26","guid":{"rendered":"https:\/\/winandofficews.com\/italy\/?post_type=product&#038;p=87411"},"modified":"2026-04-23T14:34:29","modified_gmt":"2026-04-23T12:34:29","slug":"microsoft-visio-2021-standard-microsoft-project-2021-professional-microsoft-office-2021-professional-plus-microsoft-windows-11-pro","status":"publish","type":"product","link":"https:\/\/winandofficews.com\/italy\/product\/microsoft-visio-2021-standard-microsoft-project-2021-professional-microsoft-office-2021-professional-plus-microsoft-windows-11-pro\/","title":{"rendered":"Microsoft Visio 2021 Standard, Microsoft Project 2021 Professional, Microsoft Office 2021 Professional Plus, Microsoft Windows 11 Pro"},"content":{"rendered":"<h3>Microsoft Windows 11 professional<\/h3>\n<p><strong>Requisiti di sistema<\/strong><\/p>\n<p><strong>Assicurati di avere tutti i requisiti per poter installare l\u2019 ultima versione di Microsoft Windows, il sistema operativo di Microsoft!<\/strong><\/p>\n<p>Questi sono i requisiti di base per installare Microsoft Windows 11 su un PC. Se il tuo dispositivo non soddisfa questi requisiti, potresti non essere in grado di installare Microsoft Windows 11 su di esso e potresti prendere in considerazione l\u2019acquisto di un nuovo PC. Se non sei sicuro che il tuo PC soddisfi questi requisiti, puoi verificare con il produttore del tuo PC (OEM) o se il tuo dispositivo esegue gi\u00e0 Microsoft Windows 10, puoi utilizzare l\u2019app PC Health Verifica la compatibilit\u00e0 ( <a href=\"https:\/\/aka.ms\/GetPCHealthCheckApp\"><strong>clicca qui per <\/strong><\/a><a href=\"https:\/\/aka.ms\/GetPCHealthCheckApp\"><strong>scaricare <\/strong><\/a>).<\/p>\n<h3>Microsoft Project Professional 2021 <\/h3>\n<p>Il potente Microsoft Project Professional 2021 Edition offre funzionalit\u00e0 estese e nuove interfacce per MS SharePoint, Microsoft Project Server e Skype. Il software sfrutta appieno i numerosi vantaggi del sistema operativo Microsoft Windows 10 o 11, ma non \u00e8 compatibile con le versioni precedenti di Microsoft Windows. MS Microsoft Project Professional 2021 si rivolge principalmente ai project manager di aziende che pianificano, controllano, documentano e quindi analizzano i loro singoli progetti.<\/p>\n<h3>Microsoft Office 2021 Professional Plus<\/h3>\n<p>Gli utenti di Microsoft Office che utilizzano l\u2019intera gamma di applicazioni domestiche o aziendali sono invitati a utilizzare Microsoft Office 2021 Professional Plus Edition. Tutti i programmi importanti sono inclusi: Word, Excel, Outlook, PowerPoint, Publisher e Access. OneNote \u00e8 ora disponibile per il download da Microsoft Windows Store in modo da poter prendere rapidamente appunti e condividerli tra dispositivi tramite il cloud. A causa della vasta selezione di diversi programmi, la versione Professional Plus si rivolge principalmente a persone che lavorano a casa, in home office o sono alla ricerca di una soluzione potente e affidabile in ufficio per organizzare documenti, fogli di calcolo, ecc.<\/p>\n<ul>\n<li><strong>Word:<\/strong> Crea documenti di testo di qualit\u00e0 professionale in pochissimo tempo.<\/li>\n<li><strong>Excel:<\/strong> Fogli di calcolo intelligenti per la gestione delle informazion.<\/li>\n<li><strong>Power Point:<\/strong> Crea straordinarie presentazioni dinamiche.<\/li>\n<li><strong>OneNote:<\/strong> Il blocco appunti digitale.<\/li>\n<li><strong>Outlook:<\/strong> Comunicazione semplificata.<\/li>\n<li><strong>Publisher:<\/strong> Creazione di layout per pubblicazioni professionali.<\/li>\n<li><strong>Access:<\/strong> Programmazione di database per applicazioni basate su browser.<\/li>\n<li><strong>Microsoft Teams: <\/strong>Maggiore produttivit\u00e0 grazie alla messaggistica istantanea e alle videoconferenze HD.(disponibile separatamente per download)<\/li>\n<\/ul>\n<p>NOTA: Microsoft non include pi\u00f9 una licenza Teams con i prodotti Office a causa di un <a href=\"https:\/\/blogs.microsoft.com\/eupolicy\/2023\/08\/31\/european-competition-teams-office-microsoft-365\/\" target=\"_blank\" rel=\"noopener\">indagine della Commissione Europea<\/a>. Puoi <a href=\"https:\/\/www.microsoft.com\/en-us\/microsoft-teams\/download-app\" target=\"_blank\" rel=\"noopener\">scaricare Teams<\/a> per utilizzarlo con una licenza gratuita o a pagamento ( acquisto separato) a seconda delle vostre esigenze.<\/p>\n<h3>Microsoft Visio Standard 2021<\/h3>\n<p>Microsoft Visio Standard 2021 \u00e8 l\u2019ultima generazione del popolare software Microsoft per la creazione e la modifica di diagrammi e visualizzazioni. Microsoft Visio Standard \u00e8 particolarmente adatto alle aziende perch\u00e9 pi\u00f9 utenti di un team o di un reparto possono lavorare sui diagrammi contemporaneamente. Sono disponibili molte interfacce per condividere le visualizzazioni finite internamente ed esternamente con persone selezionate.Microsoft ha svolto molto lavoro sui modelli e le forme che vengono continuamente utilizzati in Microsoft Visio. Anche gli stili dei grafici sono stati migliorati per renderli visivamente pi\u00f9 sorprendenti e allo stesso tempo pi\u00f9 leggibili. Con Microsoft Visio Standard 2021, hai anche la possibilit\u00e0 di portare i dati in una visualizzazione esistente in tempo reale.<\/p>\n<p><strong>Assistenza e supporto:<\/strong><\/p>\n<p>Per qualsiasi domanda, non esitare a contattarci tramite <a href=\"mailto:italy@winandofficews.com\">e-mail<\/a> , il nostro servizio clienti e supporto \u00e8 disponibile 7 giorni alla settimana, 24 ore al giorno.<\/p>\n","protected":false},"excerpt":{"rendered":"<ul>\n<li>Microsoft Visio 2021 Standard, Microsoft Project 2021 Professional, Microsoft Office 2021 Professional Plus, Microsoft Windows 11 Pro.<\/li>\n<li>Versione per sistemi a 32 e 64 bit, versioni complete e illimitate del software<\/li>\n<li>Consegna tramite e-mail: codice prodotto, istruzioni, link per il download, fattura<\/li>\n<li>Download immediato!<\/li>\n<li>Nessun limite di tempo, nessun abbonamento<\/li>\n<li>Supporto gratuito 24 ore su 24, 7 giorni su 7 per problemi con installazione e attivazione<\/li>\n<li>Nessuna consegna su archiviazione dati (USB, CD, ecc.)<\/li>\n<li>Attivazione online e telefonica<\/li>\n<li>Lingue: inglese, spagnolo, italiano, tedesco, francese<\/li>\n<li><strong>Questo prodotto \u00e8 compatibile con Microsoft Windows.<\/strong><\/li>\n<li><strong>NON compatibile con Apple macOS&trade;, processori Apple, Parallels per Mac, dispositivi Android e Chromebook.<\/strong><\/li>\n<\/ul>\n","protected":false},"featured_media":1000008008,"comment_status":"closed","ping_status":"closed","template":"","meta":{"_acf_changed":false},"product_brand":[],"product_cat":[157],"product_tag":[],"class_list":{"0":"post-87411","1":"product","2":"type-product","3":"status-publish","4":"has-post-thumbnail","6":"product_cat-combo","8":"first","9":"instock","10":"sale","11":"virtual","12":"taxable","13":"purchasable","14":"product-type-simple"},"acf":[],"yoast_head":"<!-- This site is optimized with the Yoast SEO plugin v27.4 - https:\/\/yoast.com\/product\/yoast-seo-wordpress\/ -->\n<title>Microsoft Visio 2021 Standard, Microsoft Project 2021 Professional, Microsoft Office 2021 Professional Plus, Microsoft Windows 11 Pro - Italy<\/title>\n<meta name=\"robots\" content=\"index, follow, max-snippet:-1, max-image-preview:large, max-video-preview:-1\" \/>\n<link rel=\"canonical\" href=\"https:\/\/winandofficews.com\/italy\/product\/microsoft-visio-2021-standard-microsoft-project-2021-professional-microsoft-office-2021-professional-plus-microsoft-windows-11-pro\/\" \/>\n<meta property=\"og:locale\" content=\"it_IT\" \/>\n<meta property=\"og:type\" content=\"article\" \/>\n<meta property=\"og:title\" content=\"Microsoft Visio 2021 Standard, Microsoft Project 2021 Professional, Microsoft Office 2021 Professional Plus, Microsoft Windows 11 Pro - Italy\" \/>\n<meta property=\"og:description\" content=\"Microsoft Visio 2021 Standard, Microsoft Project 2021 Professional, Microsoft Office 2021 Professional Plus, Microsoft Windows 11 Pro.  Versione per sistemi a 32 e 64 bit, versioni complete e illimitate del software  Consegna tramite e-mail: codice prodotto, istruzioni, link per il download, fattura  Download immediato!  Nessun limite di tempo, nessun abbonamento  Supporto gratuito 24 ore su 24, 7 giorni su 7 per problemi con installazione e attivazione  Nessuna consegna su archiviazione dati (USB, CD, ecc.)  Attivazione online e telefonica  Lingue: inglese, spagnolo, italiano, tedesco, francese  Questo prodotto \u00e8 compatibile con Microsoft Windows.  NON compatibile con Apple macOS&trade;, processori Apple, Parallels per Mac, dispositivi Android e Chromebook.\" \/>\n<meta property=\"og:url\" content=\"https:\/\/winandofficews.com\/italy\/product\/microsoft-visio-2021-standard-microsoft-project-2021-professional-microsoft-office-2021-professional-plus-microsoft-windows-11-pro\/\" \/>\n<meta property=\"og:site_name\" content=\"Italy\" \/>\n<meta property=\"article:modified_time\" content=\"2026-04-23T12:34:29+00:00\" \/>\n<meta name=\"twitter:card\" content=\"summary_large_image\" \/>\n<meta name=\"twitter:label1\" content=\"Tempo di lettura stimato\" \/>\n\t<meta name=\"twitter:data1\" content=\"4 minuti\" \/>\n<script type=\"application\/ld+json\" class=\"yoast-schema-graph\">{\"@context\":\"https:\\\/\\\/schema.org\",\"@graph\":[{\"@type\":\"WebPage\",\"@id\":\"https:\\\/\\\/winandofficews.com\\\/italy\\\/product\\\/microsoft-visio-2021-standard-microsoft-project-2021-professional-microsoft-office-2021-professional-plus-microsoft-windows-11-pro\\\/\",\"url\":\"https:\\\/\\\/winandofficews.com\\\/italy\\\/product\\\/microsoft-visio-2021-standard-microsoft-project-2021-professional-microsoft-office-2021-professional-plus-microsoft-windows-11-pro\\\/\",\"name\":\"Microsoft Visio 2021 Standard, Microsoft Project 2021 Professional, Microsoft Office 2021 Professional Plus, Microsoft Windows 11 Pro - Italy\",\"isPartOf\":{\"@id\":\"https:\\\/\\\/winandofficews.com\\\/italy\\\/#website\"},\"primaryImageOfPage\":{\"@id\":\"https:\\\/\\\/winandofficews.com\\\/italy\\\/product\\\/microsoft-visio-2021-standard-microsoft-project-2021-professional-microsoft-office-2021-professional-plus-microsoft-windows-11-pro\\\/#primaryimage\"},\"image\":{\"@id\":\"https:\\\/\\\/winandofficews.com\\\/italy\\\/product\\\/microsoft-visio-2021-standard-microsoft-project-2021-professional-microsoft-office-2021-professional-plus-microsoft-windows-11-pro\\\/#primaryimage\"},\"thumbnailUrl\":\"https:\\\/\\\/winandofficews.com\\\/italy\\\/wp-content\\\/uploads\\\/W11PO21PP21PV21S.png\",\"datePublished\":\"2025-06-19T11:28:26+00:00\",\"dateModified\":\"2026-04-23T12:34:29+00:00\",\"breadcrumb\":{\"@id\":\"https:\\\/\\\/winandofficews.com\\\/italy\\\/product\\\/microsoft-visio-2021-standard-microsoft-project-2021-professional-microsoft-office-2021-professional-plus-microsoft-windows-11-pro\\\/#breadcrumb\"},\"inLanguage\":\"it-IT\",\"potentialAction\":[{\"@type\":\"ReadAction\",\"target\":[\"https:\\\/\\\/winandofficews.com\\\/italy\\\/product\\\/microsoft-visio-2021-standard-microsoft-project-2021-professional-microsoft-office-2021-professional-plus-microsoft-windows-11-pro\\\/\"]}]},{\"@type\":\"ImageObject\",\"inLanguage\":\"it-IT\",\"@id\":\"https:\\\/\\\/winandofficews.com\\\/italy\\\/product\\\/microsoft-visio-2021-standard-microsoft-project-2021-professional-microsoft-office-2021-professional-plus-microsoft-windows-11-pro\\\/#primaryimage\",\"url\":\"https:\\\/\\\/winandofficews.com\\\/italy\\\/wp-content\\\/uploads\\\/W11PO21PP21PV21S.png\",\"contentUrl\":\"https:\\\/\\\/winandofficews.com\\\/italy\\\/wp-content\\\/uploads\\\/W11PO21PP21PV21S.png\"},{\"@type\":\"BreadcrumbList\",\"@id\":\"https:\\\/\\\/winandofficews.com\\\/italy\\\/product\\\/microsoft-visio-2021-standard-microsoft-project-2021-professional-microsoft-office-2021-professional-plus-microsoft-windows-11-pro\\\/#breadcrumb\",\"itemListElement\":[{\"@type\":\"ListItem\",\"position\":1,\"name\":\"Home\",\"item\":\"https:\\\/\\\/winandofficews.com\\\/italy\\\/\"},{\"@type\":\"ListItem\",\"position\":2,\"name\":\"Shop\",\"item\":\"https:\\\/\\\/winandofficews.com\\\/italy\\\/shop\\\/\"},{\"@type\":\"ListItem\",\"position\":3,\"name\":\"Microsoft Visio 2021 Standard, Microsoft Project 2021 Professional, Microsoft Office 2021 Professional Plus, Microsoft Windows 11 Pro\"}]},{\"@type\":\"WebSite\",\"@id\":\"https:\\\/\\\/winandofficews.com\\\/italy\\\/#website\",\"url\":\"https:\\\/\\\/winandofficews.com\\\/italy\\\/\",\"name\":\"Italy\",\"description\":\"Wholesales Store of Office\",\"publisher\":{\"@id\":\"https:\\\/\\\/winandofficews.com\\\/italy\\\/#organization\"},\"potentialAction\":[{\"@type\":\"SearchAction\",\"target\":{\"@type\":\"EntryPoint\",\"urlTemplate\":\"https:\\\/\\\/winandofficews.com\\\/italy\\\/?s={search_term_string}\"},\"query-input\":{\"@type\":\"PropertyValueSpecification\",\"valueRequired\":true,\"valueName\":\"search_term_string\"}}],\"inLanguage\":\"it-IT\"},{\"@type\":\"Organization\",\"@id\":\"https:\\\/\\\/winandofficews.com\\\/italy\\\/#organization\",\"name\":\"Italy\",\"url\":\"https:\\\/\\\/winandofficews.com\\\/italy\\\/\",\"logo\":{\"@type\":\"ImageObject\",\"inLanguage\":\"it-IT\",\"@id\":\"https:\\\/\\\/winandofficews.com\\\/italy\\\/#\\\/schema\\\/logo\\\/image\\\/\",\"url\":\"https:\\\/\\\/winandofficews.com\\\/italy\\\/wp-content\\\/uploads\\\/sites\\\/18\\\/logo14.png\",\"contentUrl\":\"https:\\\/\\\/winandofficews.com\\\/italy\\\/wp-content\\\/uploads\\\/sites\\\/18\\\/logo14.png\",\"width\":322,\"height\":116,\"caption\":\"Italy\"},\"image\":{\"@id\":\"https:\\\/\\\/winandofficews.com\\\/italy\\\/#\\\/schema\\\/logo\\\/image\\\/\"}}]}<\/script>\n<!-- \/ Yoast SEO plugin. -->","yoast_head_json":{"title":"Microsoft Visio 2021 Standard, Microsoft Project 2021 Professional, Microsoft Office 2021 Professional Plus, Microsoft Windows 11 Pro - Italy","robots":{"index":"index","follow":"follow","max-snippet":"max-snippet:-1","max-image-preview":"max-image-preview:large","max-video-preview":"max-video-preview:-1"},"canonical":"https:\/\/winandofficews.com\/italy\/product\/microsoft-visio-2021-standard-microsoft-project-2021-professional-microsoft-office-2021-professional-plus-microsoft-windows-11-pro\/","og_locale":"it_IT","og_type":"article","og_title":"Microsoft Visio 2021 Standard, Microsoft Project 2021 Professional, Microsoft Office 2021 Professional Plus, Microsoft Windows 11 Pro - Italy","og_description":"Microsoft Visio 2021 Standard, Microsoft Project 2021 Professional, Microsoft Office 2021 Professional Plus, Microsoft Windows 11 Pro.  Versione per sistemi a 32 e 64 bit, versioni complete e illimitate del software  Consegna tramite e-mail: codice prodotto, istruzioni, link per il download, fattura  Download immediato!  Nessun limite di tempo, nessun abbonamento  Supporto gratuito 24 ore su 24, 7 giorni su 7 per problemi con installazione e attivazione  Nessuna consegna su archiviazione dati (USB, CD, ecc.)  Attivazione online e telefonica  Lingue: inglese, spagnolo, italiano, tedesco, francese  Questo prodotto \u00e8 compatibile con Microsoft Windows.  NON compatibile con Apple macOS&trade;, processori Apple, Parallels per Mac, dispositivi Android e Chromebook.","og_url":"https:\/\/winandofficews.com\/italy\/product\/microsoft-visio-2021-standard-microsoft-project-2021-professional-microsoft-office-2021-professional-plus-microsoft-windows-11-pro\/","og_site_name":"Italy","article_modified_time":"2026-04-23T12:34:29+00:00","twitter_card":"summary_large_image","twitter_misc":{"Tempo di lettura stimato":"4 minuti"},"schema":{"@context":"https:\/\/schema.org","@graph":[{"@type":"WebPage","@id":"https:\/\/winandofficews.com\/italy\/product\/microsoft-visio-2021-standard-microsoft-project-2021-professional-microsoft-office-2021-professional-plus-microsoft-windows-11-pro\/","url":"https:\/\/winandofficews.com\/italy\/product\/microsoft-visio-2021-standard-microsoft-project-2021-professional-microsoft-office-2021-professional-plus-microsoft-windows-11-pro\/","name":"Microsoft Visio 2021 Standard, Microsoft Project 2021 Professional, Microsoft Office 2021 Professional Plus, Microsoft Windows 11 Pro - Italy","isPartOf":{"@id":"https:\/\/winandofficews.com\/italy\/#website"},"primaryImageOfPage":{"@id":"https:\/\/winandofficews.com\/italy\/product\/microsoft-visio-2021-standard-microsoft-project-2021-professional-microsoft-office-2021-professional-plus-microsoft-windows-11-pro\/#primaryimage"},"image":{"@id":"https:\/\/winandofficews.com\/italy\/product\/microsoft-visio-2021-standard-microsoft-project-2021-professional-microsoft-office-2021-professional-plus-microsoft-windows-11-pro\/#primaryimage"},"thumbnailUrl":"https:\/\/winandofficews.com\/italy\/wp-content\/uploads\/W11PO21PP21PV21S.png","datePublished":"2025-06-19T11:28:26+00:00","dateModified":"2026-04-23T12:34:29+00:00","breadcrumb":{"@id":"https:\/\/winandofficews.com\/italy\/product\/microsoft-visio-2021-standard-microsoft-project-2021-professional-microsoft-office-2021-professional-plus-microsoft-windows-11-pro\/#breadcrumb"},"inLanguage":"it-IT","potentialAction":[{"@type":"ReadAction","target":["https:\/\/winandofficews.com\/italy\/product\/microsoft-visio-2021-standard-microsoft-project-2021-professional-microsoft-office-2021-professional-plus-microsoft-windows-11-pro\/"]}]},{"@type":"ImageObject","inLanguage":"it-IT","@id":"https:\/\/winandofficews.com\/italy\/product\/microsoft-visio-2021-standard-microsoft-project-2021-professional-microsoft-office-2021-professional-plus-microsoft-windows-11-pro\/#primaryimage","url":"https:\/\/winandofficews.com\/italy\/wp-content\/uploads\/W11PO21PP21PV21S.png","contentUrl":"https:\/\/winandofficews.com\/italy\/wp-content\/uploads\/W11PO21PP21PV21S.png"},{"@type":"BreadcrumbList","@id":"https:\/\/winandofficews.com\/italy\/product\/microsoft-visio-2021-standard-microsoft-project-2021-professional-microsoft-office-2021-professional-plus-microsoft-windows-11-pro\/#breadcrumb","itemListElement":[{"@type":"ListItem","position":1,"name":"Home","item":"https:\/\/winandofficews.com\/italy\/"},{"@type":"ListItem","position":2,"name":"Shop","item":"https:\/\/winandofficews.com\/italy\/shop\/"},{"@type":"ListItem","position":3,"name":"Microsoft Visio 2021 Standard, Microsoft Project 2021 Professional, Microsoft Office 2021 Professional Plus, Microsoft Windows 11 Pro"}]},{"@type":"WebSite","@id":"https:\/\/winandofficews.com\/italy\/#website","url":"https:\/\/winandofficews.com\/italy\/","name":"Italy","description":"Wholesales Store of Office","publisher":{"@id":"https:\/\/winandofficews.com\/italy\/#organization"},"potentialAction":[{"@type":"SearchAction","target":{"@type":"EntryPoint","urlTemplate":"https:\/\/winandofficews.com\/italy\/?s={search_term_string}"},"query-input":{"@type":"PropertyValueSpecification","valueRequired":true,"valueName":"search_term_string"}}],"inLanguage":"it-IT"},{"@type":"Organization","@id":"https:\/\/winandofficews.com\/italy\/#organization","name":"Italy","url":"https:\/\/winandofficews.com\/italy\/","logo":{"@type":"ImageObject","inLanguage":"it-IT","@id":"https:\/\/winandofficews.com\/italy\/#\/schema\/logo\/image\/","url":"https:\/\/winandofficews.com\/italy\/wp-content\/uploads\/sites\/18\/logo14.png","contentUrl":"https:\/\/winandofficews.com\/italy\/wp-content\/uploads\/sites\/18\/logo14.png","width":322,"height":116,"caption":"Italy"},"image":{"@id":"https:\/\/winandofficews.com\/italy\/#\/schema\/logo\/image\/"}}]}},"_links":{"self":[{"href":"https:\/\/winandofficews.com\/italy\/wp-json\/wp\/v2\/product\/87411","targetHints":{"allow":["GET"]}}],"collection":[{"href":"https:\/\/winandofficews.com\/italy\/wp-json\/wp\/v2\/product"}],"about":[{"href":"https:\/\/winandofficews.com\/italy\/wp-json\/wp\/v2\/types\/product"}],"replies":[{"embeddable":true,"href":"https:\/\/winandofficews.com\/italy\/wp-json\/wp\/v2\/comments?post=87411"}],"wp:featuredmedia":[{"embeddable":true,"href":"https:\/\/winandofficews.com\/italy\/wp-json\/"}],"wp:attachment":[{"href":"https:\/\/winandofficews.com\/italy\/wp-json\/wp\/v2\/media?parent=87411"}],"wp:term":[{"taxonomy":"product_brand","embeddable":true,"href":"https:\/\/winandofficews.com\/italy\/wp-json\/wp\/v2\/product_brand?post=87411"},{"taxonomy":"product_cat","embeddable":true,"href":"https:\/\/winandofficews.com\/italy\/wp-json\/wp\/v2\/product_cat?post=87411"},{"taxonomy":"product_tag","embeddable":true,"href":"https:\/\/winandofficews.com\/italy\/wp-json\/wp\/v2\/product_tag?post=87411"}],"curies":[{"name":"wp","href":"https:\/\/api.w.org\/{rel}","templated":true}]}}