{"id":87371,"date":"2025-06-19T13:28:12","date_gmt":"2025-06-19T11:28:12","guid":{"rendered":"https:\/\/winandofficews.com\/italy\/?post_type=product&#038;p=87371"},"modified":"2026-04-23T14:34:29","modified_gmt":"2026-04-23T12:34:29","slug":"microsoft-office-2019-professional-plus","status":"publish","type":"product","link":"https:\/\/winandofficews.com\/italy\/product\/microsoft-office-2019-professional-plus\/","title":{"rendered":"Microsoft Office 2019 Professional Plus"},"content":{"rendered":"<h3>Microsoft Office 2019 Professional Plus<\/h3>\n<p>Scegli oggi Microsoft Office 2019 Professional Plus e riceverai la soluzione per ufficio pi\u00f9 recente e moderna di Microsoft. Oltre alle app tradizionali, ottieni automaticamente l&#8217;accesso alle app basate su browser e a Skype for Business. Con una comunicazione semplificata, puoi lavorare in modo pi\u00f9 efficace con gli altri.<\/p>\n<p><strong>Tutto ci\u00f2 di cui hai bisogno a colpo d&#8217;occhio:<\/strong><\/p>\n<ul>\n<li><strong>Word 2019 <\/strong>\u2013 Per la creazione e la modifica dei tuoi testi e documenti<\/li>\n<li><strong>Excel 2019 <\/strong>\u2013 Per elaborare i record di dati in forma tabellare<\/li>\n<li><strong>PowerPoint 2019 <\/strong>\u2013 Per creare presentazioni stimolanti<\/li>\n<li><strong>Outlook 2019<\/strong> \u2013 Per gestire e-mail, contatti, orari e attivit\u00e0<\/li>\n<li><strong>Publisher 2019<\/strong> \u2013 Per creare facilmente pubblicazioni dall&#8217;aspetto professionale<\/li>\n<li><strong>Access 2019<\/strong> \u2013 Per la creazione di banche dati con accesso a Internet<\/li>\n<li><strong>Lync 2019<\/strong> (Skype for Business): per una maggiore produttivit\u00e0 attraverso la messaggistica istantanea e una facile comunicazione e collaborazione con le videoconferenze HD<\/li>\n<li><strong>Applicazioni Web<\/strong> (Word, Excel, PowerPoint)<\/li>\n<\/ul>\n<p>OneNote non fa pi\u00f9 parte della suite Microsoft Office, \u00e8 ora incluso nel sistema operativo Microsoft Windows 10, necessario per utilizzare Microsoft Office 2021. <strong>Le versioni precedenti di Microsoft Windows non sono supportate.<\/strong><\/p>\n<p><strong>Lavoro di squadra<\/strong><\/p>\n<p>Lavorare insieme \u00e8 un&#8217;innovazione importante e cruciale nella suite Microsoft Office. I tuoi dipendenti possono modificare un file o continuare a lavorare sul documento allo stesso tempo. Questa opzione \u00e8 disponibile per tutti i componenti di Microsoft Office, da Word a Excel e da PowerPoint a OneNote. I file devono essere salvati solo in SharePoint Online, OneDrive o OneDrive for Business e inviati ai dipendenti appropriati. Il rilascio \u00e8 molto semplice tramite un pulsante nel programma.<\/p>\n<p>Skype for Business \u00e8 un altro strumento della suite Microsoft Office 2019 Pro Plus che promuove la collaborazione. Gli utenti possono visualizzare a colpo d&#8217;occhio lo stato online dei membri del team e avviare una chat, una chiamata Internet, una conversazione di gruppo o un flusso video, se necessario.<\/p>\n<p><strong>Utilizza il tempo in modo pi\u00f9 efficace con un programma di posta elettronica intelligente<\/strong><\/p>\n<p>La tua casella di posta si riempie rapidamente di posta e spam non importanti. questo significa che tu o i tuoi dipendenti non potete lavorare in modo efficiente e il tempo \u00e8 sprecato. Microsoft Outlook 2019 \u00e8 stato ulteriormente sviluppato ed esteso per includere la funzione &#8220;Clutter&#8221; affinch\u00e9 il programma stesso rilevi le email irrilevanti e le classifichi immediatamente. Questo rende la tua casella di posta pi\u00f9 chiara e ti avvicina alle attivit\u00e0 davvero importanti.<\/p>\n<p><strong>Sicurezza migliorata per il tuo ufficio digitale<\/strong><\/p>\n<p>Un&#8217;altra innovazione \u00e8 una maggiore sicurezza con la &#8220;Prevenzione della perdita di dati&#8221;. Ora \u00e8 pi\u00f9 facile controllare all&#8217;interno dei programmi quali informazioni possono essere incorporate nei documenti e trasmesse. Gli amministratori hanno anche la possibilit\u00e0 di bloccare o limitare l&#8217;accesso a determinati dati. Inoltre, gli utenti vengono informati del rischio di perdita di dati tramite notifiche di potenziali rischi. Grazie a servizi cloud come OneDrive, i tuoi dati non vanno persi anche se un server o un dispositivo si guasta. Puoi accedere e modificare facilmente i file da qualsiasi parte del mondo.<\/p>\n<p><strong>Requisiti di sistema:<\/strong><\/p>\n<ul>\n<li>Processore a 2 core da 1,6 GHz<\/li>\n<li>Sistema operativo Microsoft Windows 10<\/li>\n<li>2 GB (32 bit), 4 GB (64 bit) RAM<\/li>\n<li>4 GB di spazio disponibile su disco<\/li>\n<li>Scheda grafica DirectX 10 per utilizzare l&#8217;accelerazione hardware grafica<\/li>\n<\/ul>\n<p><strong>Assistenza e supporto:<\/strong><\/p>\n<p>Per qualsiasi domanda, non esitare a contattarci tramite <a href=\"mailto:italy@winandofficews.com\">e-mail <\/a>, il nostro servizio clienti e supporto \u00e8 disponibile 7 giorni alla settimana, 24 ore al giorno.<\/p>\n","protected":false},"excerpt":{"rendered":"<ul>\n<li><strong>Microsoft Windows Microsoft Office 2019 Professional Plus<\/strong><\/li>\n<li>Versione per sistemi a 32 e 64 bit, versioni complete e illimitate del software<\/li>\n<li>Consegna tramite e-mail: codice prodotto, istruzioni, link per il download, fattura<\/li>\n<li>Download immediato!<\/li>\n<li>Nessun limite di tempo, nessun abbonamento<\/li>\n<li>Supporto gratuito 24 ore su 24, 7 giorni su 7 per problemi con installazione e attivazione<\/li>\n<li>Nessuna consegna su archiviazione dati (USB, CD, ecc.)<\/li>\n<li>Attivazione online e telefonica<\/li>\n<li>Lingue: inglese, spagnolo, italiano, tedesco, francese<\/li>\n<li><strong>Questo prodotto \u00e8 compatibile con Microsoft Windows.<\/strong><\/li>\n<li><strong>NON compatibile con Apple macOS&trade;, processori Apple, Parallels per Mac, dispositivi Android e Chromebook.<\/strong><\/li>\n<\/ul>\n","protected":false},"featured_media":1000007962,"comment_status":"closed","ping_status":"closed","template":"","meta":{"_acf_changed":false},"product_brand":[],"product_cat":[155],"product_tag":[107,108,109],"class_list":{"0":"post-87371","1":"product","2":"type-product","3":"status-publish","4":"has-post-thumbnail","6":"product_cat-microsoft-office","7":"product_tag-excellence","8":"product_tag-ms-office","9":"product_tag-security","11":"first","12":"instock","13":"sale","14":"virtual","15":"taxable","16":"purchasable","17":"product-type-simple"},"acf":[],"yoast_head":"<!-- This site is optimized with the Yoast SEO plugin v27.4 - https:\/\/yoast.com\/product\/yoast-seo-wordpress\/ -->\n<title>Microsoft Office 2019 Professional Plus - Italy<\/title>\n<meta name=\"robots\" content=\"index, follow, max-snippet:-1, max-image-preview:large, max-video-preview:-1\" \/>\n<link rel=\"canonical\" href=\"https:\/\/winandofficews.com\/italy\/product\/microsoft-office-2019-professional-plus\/\" \/>\n<meta property=\"og:locale\" content=\"it_IT\" \/>\n<meta property=\"og:type\" content=\"article\" \/>\n<meta property=\"og:title\" content=\"Microsoft Office 2019 Professional Plus - Italy\" \/>\n<meta property=\"og:description\" content=\"Microsoft Windows Microsoft Office 2019 Professional Plus  Versione per sistemi a 32 e 64 bit, versioni complete e illimitate del software  Consegna tramite e-mail: codice prodotto, istruzioni, link per il download, fattura  Download immediato!  Nessun limite di tempo, nessun abbonamento  Supporto gratuito 24 ore su 24, 7 giorni su 7 per problemi con installazione e attivazione  Nessuna consegna su archiviazione dati (USB, CD, ecc.)  Attivazione online e telefonica  Lingue: inglese, spagnolo, italiano, tedesco, francese  Questo prodotto \u00e8 compatibile con Microsoft Windows.  NON compatibile con Apple macOS&trade;, processori Apple, Parallels per Mac, dispositivi Android e Chromebook.\" \/>\n<meta property=\"og:url\" content=\"https:\/\/winandofficews.com\/italy\/product\/microsoft-office-2019-professional-plus\/\" \/>\n<meta property=\"og:site_name\" content=\"Italy\" \/>\n<meta property=\"article:modified_time\" content=\"2026-04-23T12:34:29+00:00\" \/>\n<meta name=\"twitter:card\" content=\"summary_large_image\" \/>\n<meta name=\"twitter:label1\" content=\"Tempo di lettura stimato\" \/>\n\t<meta name=\"twitter:data1\" content=\"4 minuti\" \/>\n<script type=\"application\/ld+json\" class=\"yoast-schema-graph\">{\"@context\":\"https:\\\/\\\/schema.org\",\"@graph\":[{\"@type\":\"WebPage\",\"@id\":\"https:\\\/\\\/winandofficews.com\\\/italy\\\/product\\\/microsoft-office-2019-professional-plus\\\/\",\"url\":\"https:\\\/\\\/winandofficews.com\\\/italy\\\/product\\\/microsoft-office-2019-professional-plus\\\/\",\"name\":\"Microsoft Office 2019 Professional Plus - Italy\",\"isPartOf\":{\"@id\":\"https:\\\/\\\/winandofficews.com\\\/italy\\\/#website\"},\"primaryImageOfPage\":{\"@id\":\"https:\\\/\\\/winandofficews.com\\\/italy\\\/product\\\/microsoft-office-2019-professional-plus\\\/#primaryimage\"},\"image\":{\"@id\":\"https:\\\/\\\/winandofficews.com\\\/italy\\\/product\\\/microsoft-office-2019-professional-plus\\\/#primaryimage\"},\"thumbnailUrl\":\"https:\\\/\\\/winandofficews.com\\\/italy\\\/wp-content\\\/uploads\\\/o19p.jpg\",\"datePublished\":\"2025-06-19T11:28:12+00:00\",\"dateModified\":\"2026-04-23T12:34:29+00:00\",\"breadcrumb\":{\"@id\":\"https:\\\/\\\/winandofficews.com\\\/italy\\\/product\\\/microsoft-office-2019-professional-plus\\\/#breadcrumb\"},\"inLanguage\":\"it-IT\",\"potentialAction\":[{\"@type\":\"ReadAction\",\"target\":[\"https:\\\/\\\/winandofficews.com\\\/italy\\\/product\\\/microsoft-office-2019-professional-plus\\\/\"]}]},{\"@type\":\"ImageObject\",\"inLanguage\":\"it-IT\",\"@id\":\"https:\\\/\\\/winandofficews.com\\\/italy\\\/product\\\/microsoft-office-2019-professional-plus\\\/#primaryimage\",\"url\":\"https:\\\/\\\/winandofficews.com\\\/italy\\\/wp-content\\\/uploads\\\/o19p.jpg\",\"contentUrl\":\"https:\\\/\\\/winandofficews.com\\\/italy\\\/wp-content\\\/uploads\\\/o19p.jpg\"},{\"@type\":\"BreadcrumbList\",\"@id\":\"https:\\\/\\\/winandofficews.com\\\/italy\\\/product\\\/microsoft-office-2019-professional-plus\\\/#breadcrumb\",\"itemListElement\":[{\"@type\":\"ListItem\",\"position\":1,\"name\":\"Home\",\"item\":\"https:\\\/\\\/winandofficews.com\\\/italy\\\/\"},{\"@type\":\"ListItem\",\"position\":2,\"name\":\"Shop\",\"item\":\"https:\\\/\\\/winandofficews.com\\\/italy\\\/shop\\\/\"},{\"@type\":\"ListItem\",\"position\":3,\"name\":\"Microsoft Office 2019 Professional Plus\"}]},{\"@type\":\"WebSite\",\"@id\":\"https:\\\/\\\/winandofficews.com\\\/italy\\\/#website\",\"url\":\"https:\\\/\\\/winandofficews.com\\\/italy\\\/\",\"name\":\"Italy\",\"description\":\"Wholesales Store of Office\",\"publisher\":{\"@id\":\"https:\\\/\\\/winandofficews.com\\\/italy\\\/#organization\"},\"potentialAction\":[{\"@type\":\"SearchAction\",\"target\":{\"@type\":\"EntryPoint\",\"urlTemplate\":\"https:\\\/\\\/winandofficews.com\\\/italy\\\/?s={search_term_string}\"},\"query-input\":{\"@type\":\"PropertyValueSpecification\",\"valueRequired\":true,\"valueName\":\"search_term_string\"}}],\"inLanguage\":\"it-IT\"},{\"@type\":\"Organization\",\"@id\":\"https:\\\/\\\/winandofficews.com\\\/italy\\\/#organization\",\"name\":\"Italy\",\"url\":\"https:\\\/\\\/winandofficews.com\\\/italy\\\/\",\"logo\":{\"@type\":\"ImageObject\",\"inLanguage\":\"it-IT\",\"@id\":\"https:\\\/\\\/winandofficews.com\\\/italy\\\/#\\\/schema\\\/logo\\\/image\\\/\",\"url\":\"https:\\\/\\\/winandofficews.com\\\/italy\\\/wp-content\\\/uploads\\\/sites\\\/18\\\/logo14.png\",\"contentUrl\":\"https:\\\/\\\/winandofficews.com\\\/italy\\\/wp-content\\\/uploads\\\/sites\\\/18\\\/logo14.png\",\"width\":322,\"height\":116,\"caption\":\"Italy\"},\"image\":{\"@id\":\"https:\\\/\\\/winandofficews.com\\\/italy\\\/#\\\/schema\\\/logo\\\/image\\\/\"}}]}<\/script>\n<!-- \/ Yoast SEO plugin. -->","yoast_head_json":{"title":"Microsoft Office 2019 Professional Plus - Italy","robots":{"index":"index","follow":"follow","max-snippet":"max-snippet:-1","max-image-preview":"max-image-preview:large","max-video-preview":"max-video-preview:-1"},"canonical":"https:\/\/winandofficews.com\/italy\/product\/microsoft-office-2019-professional-plus\/","og_locale":"it_IT","og_type":"article","og_title":"Microsoft Office 2019 Professional Plus - Italy","og_description":"Microsoft Windows Microsoft Office 2019 Professional Plus  Versione per sistemi a 32 e 64 bit, versioni complete e illimitate del software  Consegna tramite e-mail: codice prodotto, istruzioni, link per il download, fattura  Download immediato!  Nessun limite di tempo, nessun abbonamento  Supporto gratuito 24 ore su 24, 7 giorni su 7 per problemi con installazione e attivazione  Nessuna consegna su archiviazione dati (USB, CD, ecc.)  Attivazione online e telefonica  Lingue: inglese, spagnolo, italiano, tedesco, francese  Questo prodotto \u00e8 compatibile con Microsoft Windows.  NON compatibile con Apple macOS&trade;, processori Apple, Parallels per Mac, dispositivi Android e Chromebook.","og_url":"https:\/\/winandofficews.com\/italy\/product\/microsoft-office-2019-professional-plus\/","og_site_name":"Italy","article_modified_time":"2026-04-23T12:34:29+00:00","twitter_card":"summary_large_image","twitter_misc":{"Tempo di lettura stimato":"4 minuti"},"schema":{"@context":"https:\/\/schema.org","@graph":[{"@type":"WebPage","@id":"https:\/\/winandofficews.com\/italy\/product\/microsoft-office-2019-professional-plus\/","url":"https:\/\/winandofficews.com\/italy\/product\/microsoft-office-2019-professional-plus\/","name":"Microsoft Office 2019 Professional Plus - Italy","isPartOf":{"@id":"https:\/\/winandofficews.com\/italy\/#website"},"primaryImageOfPage":{"@id":"https:\/\/winandofficews.com\/italy\/product\/microsoft-office-2019-professional-plus\/#primaryimage"},"image":{"@id":"https:\/\/winandofficews.com\/italy\/product\/microsoft-office-2019-professional-plus\/#primaryimage"},"thumbnailUrl":"https:\/\/winandofficews.com\/italy\/wp-content\/uploads\/o19p.jpg","datePublished":"2025-06-19T11:28:12+00:00","dateModified":"2026-04-23T12:34:29+00:00","breadcrumb":{"@id":"https:\/\/winandofficews.com\/italy\/product\/microsoft-office-2019-professional-plus\/#breadcrumb"},"inLanguage":"it-IT","potentialAction":[{"@type":"ReadAction","target":["https:\/\/winandofficews.com\/italy\/product\/microsoft-office-2019-professional-plus\/"]}]},{"@type":"ImageObject","inLanguage":"it-IT","@id":"https:\/\/winandofficews.com\/italy\/product\/microsoft-office-2019-professional-plus\/#primaryimage","url":"https:\/\/winandofficews.com\/italy\/wp-content\/uploads\/o19p.jpg","contentUrl":"https:\/\/winandofficews.com\/italy\/wp-content\/uploads\/o19p.jpg"},{"@type":"BreadcrumbList","@id":"https:\/\/winandofficews.com\/italy\/product\/microsoft-office-2019-professional-plus\/#breadcrumb","itemListElement":[{"@type":"ListItem","position":1,"name":"Home","item":"https:\/\/winandofficews.com\/italy\/"},{"@type":"ListItem","position":2,"name":"Shop","item":"https:\/\/winandofficews.com\/italy\/shop\/"},{"@type":"ListItem","position":3,"name":"Microsoft Office 2019 Professional Plus"}]},{"@type":"WebSite","@id":"https:\/\/winandofficews.com\/italy\/#website","url":"https:\/\/winandofficews.com\/italy\/","name":"Italy","description":"Wholesales Store of Office","publisher":{"@id":"https:\/\/winandofficews.com\/italy\/#organization"},"potentialAction":[{"@type":"SearchAction","target":{"@type":"EntryPoint","urlTemplate":"https:\/\/winandofficews.com\/italy\/?s={search_term_string}"},"query-input":{"@type":"PropertyValueSpecification","valueRequired":true,"valueName":"search_term_string"}}],"inLanguage":"it-IT"},{"@type":"Organization","@id":"https:\/\/winandofficews.com\/italy\/#organization","name":"Italy","url":"https:\/\/winandofficews.com\/italy\/","logo":{"@type":"ImageObject","inLanguage":"it-IT","@id":"https:\/\/winandofficews.com\/italy\/#\/schema\/logo\/image\/","url":"https:\/\/winandofficews.com\/italy\/wp-content\/uploads\/sites\/18\/logo14.png","contentUrl":"https:\/\/winandofficews.com\/italy\/wp-content\/uploads\/sites\/18\/logo14.png","width":322,"height":116,"caption":"Italy"},"image":{"@id":"https:\/\/winandofficews.com\/italy\/#\/schema\/logo\/image\/"}}]}},"_links":{"self":[{"href":"https:\/\/winandofficews.com\/italy\/wp-json\/wp\/v2\/product\/87371","targetHints":{"allow":["GET"]}}],"collection":[{"href":"https:\/\/winandofficews.com\/italy\/wp-json\/wp\/v2\/product"}],"about":[{"href":"https:\/\/winandofficews.com\/italy\/wp-json\/wp\/v2\/types\/product"}],"replies":[{"embeddable":true,"href":"https:\/\/winandofficews.com\/italy\/wp-json\/wp\/v2\/comments?post=87371"}],"wp:featuredmedia":[{"embeddable":true,"href":"https:\/\/winandofficews.com\/italy\/wp-json\/"}],"wp:attachment":[{"href":"https:\/\/winandofficews.com\/italy\/wp-json\/wp\/v2\/media?parent=87371"}],"wp:term":[{"taxonomy":"product_brand","embeddable":true,"href":"https:\/\/winandofficews.com\/italy\/wp-json\/wp\/v2\/product_brand?post=87371"},{"taxonomy":"product_cat","embeddable":true,"href":"https:\/\/winandofficews.com\/italy\/wp-json\/wp\/v2\/product_cat?post=87371"},{"taxonomy":"product_tag","embeddable":true,"href":"https:\/\/winandofficews.com\/italy\/wp-json\/wp\/v2\/product_tag?post=87371"}],"curies":[{"name":"wp","href":"https:\/\/api.w.org\/{rel}","templated":true}]}}