{"id":87370,"date":"2025-06-19T13:28:12","date_gmt":"2025-06-19T11:28:12","guid":{"rendered":"https:\/\/winandofficews.com\/italy\/?post_type=product&#038;p=87370"},"modified":"2026-04-23T14:34:29","modified_gmt":"2026-04-23T12:34:29","slug":"microsoft-office-2019-standard","status":"publish","type":"product","link":"https:\/\/winandofficews.com\/italy\/product\/microsoft-office-2019-standard\/","title":{"rendered":"Microsoft Office 2019 Standard"},"content":{"rendered":"<h3>Microsoft Office 2019 Standard<\/h3>\n<p>Con Microsoft Office 2019 Standard, ottieni una soluzione per ufficio moderna da Microsoft. La versione classica delle migliori applicazioni per ufficio al mondo copre tutte le tue esigenze quotidiane. Le versioni Web di Word, OneNote, Excel e PowerPoint consentono un facile accesso da qualsiasi luogo.<\/p>\n<p><strong>Tutto ci\u00f2 di cui hai bisogno a colpo d&#8217;occhio:<\/strong><\/p>\n<ul>\n<li><strong>Word 2019<\/strong>: Per creare e modificare i tuoi testi e documenti<\/li>\n<li><strong>Excel 2019<\/strong>: Per modificare i record in forma tabellare<\/li>\n<li><strong>PowerPoint 2019<\/strong>: Per creare presentazioni accattivanti<\/li>\n<li><strong>Outlook 2019<\/strong>: Per gestire e-mail, contatti, appuntamenti e attivit\u00e0<\/li>\n<li><strong>Publisher 2019<\/strong>: Per creare facilmente pubblicazioni dall&#8217;aspetto professionale<\/li>\n<\/ul>\n<p>OneNote non fa pi\u00f9 parte della suite Microsoft Office, ma \u00e8 disponibile come app standard in Microsoft Windows 10, che \u00e8 un prerequisito per l&#8217;uso di Microsoft Office 2019. <strong>Le versioni precedenti di Microsoft Windows non sono supportate.<\/strong><\/p>\n<p><strong>Usa il tempo in modo pi\u00f9 efficace con un programma di posta elettronica intelligente<\/strong><\/p>\n<p>La posta in arrivo trabocca rapidamente di e-mail e spam non importanti. Ci\u00f2 significa che tu o i tuoi dipendenti non potete lavorare in modo efficiente e il tempo \u00e8 sprecato. Microsoft Outlook 2019 \u00e8 stato ulteriormente sviluppato ed \u00e8 stata aggiunta una funzionalit\u00e0 per il programma per riconoscere anche le e-mail irrilevanti e classificarle immediatamente. Ci\u00f2 significa che la tua casella di posta \u00e8 pi\u00f9 chiara e puoi occuparti delle attivit\u00e0 davvero importanti.<\/p>\n<p><strong>Sicurezza migliorata per il tuo ufficio digitale<\/strong><\/p>\n<p>Un&#8217;altra innovazione \u00e8 una maggiore sicurezza con la &#8220;Prevenzione della perdita di dati&#8221;. Ora \u00e8 pi\u00f9 facile controllare all&#8217;interno dei programmi quali informazioni possono essere incorporate nei documenti e trasmesse. Gli amministratori hanno anche la possibilit\u00e0 di bloccare o limitare l&#8217;accesso a determinati dati. Inoltre, gli utenti vengono informati del rischio di perdita di dati tramite notifiche di potenziali rischi. Grazie a servizi cloud come OneDrive, i tuoi dati non vanno persi anche se un server o un dispositivo si guasta. Puoi accedere e modificare facilmente i file da qualsiasi parte del mondo.<\/p>\n<p><strong>Requisiti di sistema:<\/strong><\/p>\n<ul>\n<li>Processore a 2 core da 1,6 GHz<\/li>\n<li>Sistema operativo Microsoft Windows 10<\/li>\n<li>2 GB (32 bit), 4 GB (64 bit) RAM<\/li>\n<li>4 GB di spazio disponibile su disco<\/li>\n<li>Scheda grafica DirectX 10 per utilizzare l&#8217;accelerazione hardware grafica<\/li>\n<\/ul>\n<p><strong>Assistenza e supporto:<\/strong><\/p>\n<p>Per qualsiasi domanda, non esitare a contattarci tramite <a href=\"mailto:italy@winandofficews.com\">e-mail <\/a>, il nostro servizio clienti e supporto \u00e8 disponibile 7 giorni alla settimana, 24 ore al giorno.<\/p>\n","protected":false},"excerpt":{"rendered":"<ul>\n<li><strong>Microsoft Windows Microsoft Office 2019 Standard<\/strong><\/li>\n<li>Versione per sistemi a 32 e 64 bit, versioni complete e illimitate del software<\/li>\n<li>Consegna tramite e-mail: codice prodotto, istruzioni, link per il download, fattura<\/li>\n<li>Download immediato!<\/li>\n<li>Nessun limite di tempo, nessun abbonamento<\/li>\n<li>Supporto gratuito 24 ore su 24, 7 giorni su 7 per problemi con installazione e attivazione<\/li>\n<li>Nessuna consegna su archiviazione dati (USB, CD, ecc.)<\/li>\n<li>Attivazione online e telefonica<\/li>\n<li>Lingue: inglese, spagnolo, italiano, tedesco, francese<\/li>\n<li><strong>Questo prodotto \u00e8 compatibile con Microsoft Windows.<\/strong><\/li>\n<li><strong>NON compatibile con Apple macOS&trade;, processori Apple, Parallels per Mac, dispositivi Android e Chromebook.<\/strong><\/li>\n<\/ul>\n","protected":false},"featured_media":1000007966,"comment_status":"closed","ping_status":"closed","template":"","meta":{"_acf_changed":false},"product_brand":[],"product_cat":[155],"product_tag":[107,108,109],"class_list":{"0":"post-87370","1":"product","2":"type-product","3":"status-publish","4":"has-post-thumbnail","6":"product_cat-microsoft-office","7":"product_tag-excellence","8":"product_tag-ms-office","9":"product_tag-security","11":"first","12":"instock","13":"sale","14":"virtual","15":"taxable","16":"purchasable","17":"product-type-simple"},"acf":[],"yoast_head":"<!-- This site is optimized with the Yoast SEO plugin v27.4 - https:\/\/yoast.com\/product\/yoast-seo-wordpress\/ -->\n<title>Microsoft Office 2019 Standard - Italy<\/title>\n<meta name=\"robots\" content=\"index, follow, max-snippet:-1, max-image-preview:large, max-video-preview:-1\" \/>\n<link rel=\"canonical\" href=\"https:\/\/winandofficews.com\/italy\/product\/microsoft-office-2019-standard\/\" \/>\n<meta property=\"og:locale\" content=\"it_IT\" \/>\n<meta property=\"og:type\" content=\"article\" \/>\n<meta property=\"og:title\" content=\"Microsoft Office 2019 Standard - Italy\" \/>\n<meta property=\"og:description\" content=\"Microsoft Windows Microsoft Office 2019 Standard  Versione per sistemi a 32 e 64 bit, versioni complete e illimitate del software  Consegna tramite e-mail: codice prodotto, istruzioni, link per il download, fattura  Download immediato!  Nessun limite di tempo, nessun abbonamento  Supporto gratuito 24 ore su 24, 7 giorni su 7 per problemi con installazione e attivazione  Nessuna consegna su archiviazione dati (USB, CD, ecc.)  Attivazione online e telefonica  Lingue: inglese, spagnolo, italiano, tedesco, francese  Questo prodotto \u00e8 compatibile con Microsoft Windows.  NON compatibile con Apple macOS&trade;, processori Apple, Parallels per Mac, dispositivi Android e Chromebook.\" \/>\n<meta property=\"og:url\" content=\"https:\/\/winandofficews.com\/italy\/product\/microsoft-office-2019-standard\/\" \/>\n<meta property=\"og:site_name\" content=\"Italy\" \/>\n<meta property=\"article:modified_time\" content=\"2026-04-23T12:34:29+00:00\" \/>\n<meta name=\"twitter:card\" content=\"summary_large_image\" \/>\n<meta name=\"twitter:label1\" content=\"Tempo di lettura stimato\" \/>\n\t<meta name=\"twitter:data1\" content=\"3 minuti\" \/>\n<script type=\"application\/ld+json\" class=\"yoast-schema-graph\">{\"@context\":\"https:\\\/\\\/schema.org\",\"@graph\":[{\"@type\":\"WebPage\",\"@id\":\"https:\\\/\\\/winandofficews.com\\\/italy\\\/product\\\/microsoft-office-2019-standard\\\/\",\"url\":\"https:\\\/\\\/winandofficews.com\\\/italy\\\/product\\\/microsoft-office-2019-standard\\\/\",\"name\":\"Microsoft Office 2019 Standard - Italy\",\"isPartOf\":{\"@id\":\"https:\\\/\\\/winandofficews.com\\\/italy\\\/#website\"},\"primaryImageOfPage\":{\"@id\":\"https:\\\/\\\/winandofficews.com\\\/italy\\\/product\\\/microsoft-office-2019-standard\\\/#primaryimage\"},\"image\":{\"@id\":\"https:\\\/\\\/winandofficews.com\\\/italy\\\/product\\\/microsoft-office-2019-standard\\\/#primaryimage\"},\"thumbnailUrl\":\"https:\\\/\\\/winandofficews.com\\\/italy\\\/wp-content\\\/uploads\\\/o19s-1.jpg\",\"datePublished\":\"2025-06-19T11:28:12+00:00\",\"dateModified\":\"2026-04-23T12:34:29+00:00\",\"breadcrumb\":{\"@id\":\"https:\\\/\\\/winandofficews.com\\\/italy\\\/product\\\/microsoft-office-2019-standard\\\/#breadcrumb\"},\"inLanguage\":\"it-IT\",\"potentialAction\":[{\"@type\":\"ReadAction\",\"target\":[\"https:\\\/\\\/winandofficews.com\\\/italy\\\/product\\\/microsoft-office-2019-standard\\\/\"]}]},{\"@type\":\"ImageObject\",\"inLanguage\":\"it-IT\",\"@id\":\"https:\\\/\\\/winandofficews.com\\\/italy\\\/product\\\/microsoft-office-2019-standard\\\/#primaryimage\",\"url\":\"https:\\\/\\\/winandofficews.com\\\/italy\\\/wp-content\\\/uploads\\\/o19s-1.jpg\",\"contentUrl\":\"https:\\\/\\\/winandofficews.com\\\/italy\\\/wp-content\\\/uploads\\\/o19s-1.jpg\"},{\"@type\":\"BreadcrumbList\",\"@id\":\"https:\\\/\\\/winandofficews.com\\\/italy\\\/product\\\/microsoft-office-2019-standard\\\/#breadcrumb\",\"itemListElement\":[{\"@type\":\"ListItem\",\"position\":1,\"name\":\"Home\",\"item\":\"https:\\\/\\\/winandofficews.com\\\/italy\\\/\"},{\"@type\":\"ListItem\",\"position\":2,\"name\":\"Shop\",\"item\":\"https:\\\/\\\/winandofficews.com\\\/italy\\\/shop\\\/\"},{\"@type\":\"ListItem\",\"position\":3,\"name\":\"Microsoft Office 2019 Standard\"}]},{\"@type\":\"WebSite\",\"@id\":\"https:\\\/\\\/winandofficews.com\\\/italy\\\/#website\",\"url\":\"https:\\\/\\\/winandofficews.com\\\/italy\\\/\",\"name\":\"Italy\",\"description\":\"Wholesales Store of Office\",\"publisher\":{\"@id\":\"https:\\\/\\\/winandofficews.com\\\/italy\\\/#organization\"},\"potentialAction\":[{\"@type\":\"SearchAction\",\"target\":{\"@type\":\"EntryPoint\",\"urlTemplate\":\"https:\\\/\\\/winandofficews.com\\\/italy\\\/?s={search_term_string}\"},\"query-input\":{\"@type\":\"PropertyValueSpecification\",\"valueRequired\":true,\"valueName\":\"search_term_string\"}}],\"inLanguage\":\"it-IT\"},{\"@type\":\"Organization\",\"@id\":\"https:\\\/\\\/winandofficews.com\\\/italy\\\/#organization\",\"name\":\"Italy\",\"url\":\"https:\\\/\\\/winandofficews.com\\\/italy\\\/\",\"logo\":{\"@type\":\"ImageObject\",\"inLanguage\":\"it-IT\",\"@id\":\"https:\\\/\\\/winandofficews.com\\\/italy\\\/#\\\/schema\\\/logo\\\/image\\\/\",\"url\":\"https:\\\/\\\/winandofficews.com\\\/italy\\\/wp-content\\\/uploads\\\/sites\\\/18\\\/logo14.png\",\"contentUrl\":\"https:\\\/\\\/winandofficews.com\\\/italy\\\/wp-content\\\/uploads\\\/sites\\\/18\\\/logo14.png\",\"width\":322,\"height\":116,\"caption\":\"Italy\"},\"image\":{\"@id\":\"https:\\\/\\\/winandofficews.com\\\/italy\\\/#\\\/schema\\\/logo\\\/image\\\/\"}}]}<\/script>\n<!-- \/ Yoast SEO plugin. -->","yoast_head_json":{"title":"Microsoft Office 2019 Standard - Italy","robots":{"index":"index","follow":"follow","max-snippet":"max-snippet:-1","max-image-preview":"max-image-preview:large","max-video-preview":"max-video-preview:-1"},"canonical":"https:\/\/winandofficews.com\/italy\/product\/microsoft-office-2019-standard\/","og_locale":"it_IT","og_type":"article","og_title":"Microsoft Office 2019 Standard - Italy","og_description":"Microsoft Windows Microsoft Office 2019 Standard  Versione per sistemi a 32 e 64 bit, versioni complete e illimitate del software  Consegna tramite e-mail: codice prodotto, istruzioni, link per il download, fattura  Download immediato!  Nessun limite di tempo, nessun abbonamento  Supporto gratuito 24 ore su 24, 7 giorni su 7 per problemi con installazione e attivazione  Nessuna consegna su archiviazione dati (USB, CD, ecc.)  Attivazione online e telefonica  Lingue: inglese, spagnolo, italiano, tedesco, francese  Questo prodotto \u00e8 compatibile con Microsoft Windows.  NON compatibile con Apple macOS&trade;, processori Apple, Parallels per Mac, dispositivi Android e Chromebook.","og_url":"https:\/\/winandofficews.com\/italy\/product\/microsoft-office-2019-standard\/","og_site_name":"Italy","article_modified_time":"2026-04-23T12:34:29+00:00","twitter_card":"summary_large_image","twitter_misc":{"Tempo di lettura stimato":"3 minuti"},"schema":{"@context":"https:\/\/schema.org","@graph":[{"@type":"WebPage","@id":"https:\/\/winandofficews.com\/italy\/product\/microsoft-office-2019-standard\/","url":"https:\/\/winandofficews.com\/italy\/product\/microsoft-office-2019-standard\/","name":"Microsoft Office 2019 Standard - Italy","isPartOf":{"@id":"https:\/\/winandofficews.com\/italy\/#website"},"primaryImageOfPage":{"@id":"https:\/\/winandofficews.com\/italy\/product\/microsoft-office-2019-standard\/#primaryimage"},"image":{"@id":"https:\/\/winandofficews.com\/italy\/product\/microsoft-office-2019-standard\/#primaryimage"},"thumbnailUrl":"https:\/\/winandofficews.com\/italy\/wp-content\/uploads\/o19s-1.jpg","datePublished":"2025-06-19T11:28:12+00:00","dateModified":"2026-04-23T12:34:29+00:00","breadcrumb":{"@id":"https:\/\/winandofficews.com\/italy\/product\/microsoft-office-2019-standard\/#breadcrumb"},"inLanguage":"it-IT","potentialAction":[{"@type":"ReadAction","target":["https:\/\/winandofficews.com\/italy\/product\/microsoft-office-2019-standard\/"]}]},{"@type":"ImageObject","inLanguage":"it-IT","@id":"https:\/\/winandofficews.com\/italy\/product\/microsoft-office-2019-standard\/#primaryimage","url":"https:\/\/winandofficews.com\/italy\/wp-content\/uploads\/o19s-1.jpg","contentUrl":"https:\/\/winandofficews.com\/italy\/wp-content\/uploads\/o19s-1.jpg"},{"@type":"BreadcrumbList","@id":"https:\/\/winandofficews.com\/italy\/product\/microsoft-office-2019-standard\/#breadcrumb","itemListElement":[{"@type":"ListItem","position":1,"name":"Home","item":"https:\/\/winandofficews.com\/italy\/"},{"@type":"ListItem","position":2,"name":"Shop","item":"https:\/\/winandofficews.com\/italy\/shop\/"},{"@type":"ListItem","position":3,"name":"Microsoft Office 2019 Standard"}]},{"@type":"WebSite","@id":"https:\/\/winandofficews.com\/italy\/#website","url":"https:\/\/winandofficews.com\/italy\/","name":"Italy","description":"Wholesales Store of Office","publisher":{"@id":"https:\/\/winandofficews.com\/italy\/#organization"},"potentialAction":[{"@type":"SearchAction","target":{"@type":"EntryPoint","urlTemplate":"https:\/\/winandofficews.com\/italy\/?s={search_term_string}"},"query-input":{"@type":"PropertyValueSpecification","valueRequired":true,"valueName":"search_term_string"}}],"inLanguage":"it-IT"},{"@type":"Organization","@id":"https:\/\/winandofficews.com\/italy\/#organization","name":"Italy","url":"https:\/\/winandofficews.com\/italy\/","logo":{"@type":"ImageObject","inLanguage":"it-IT","@id":"https:\/\/winandofficews.com\/italy\/#\/schema\/logo\/image\/","url":"https:\/\/winandofficews.com\/italy\/wp-content\/uploads\/sites\/18\/logo14.png","contentUrl":"https:\/\/winandofficews.com\/italy\/wp-content\/uploads\/sites\/18\/logo14.png","width":322,"height":116,"caption":"Italy"},"image":{"@id":"https:\/\/winandofficews.com\/italy\/#\/schema\/logo\/image\/"}}]}},"_links":{"self":[{"href":"https:\/\/winandofficews.com\/italy\/wp-json\/wp\/v2\/product\/87370","targetHints":{"allow":["GET"]}}],"collection":[{"href":"https:\/\/winandofficews.com\/italy\/wp-json\/wp\/v2\/product"}],"about":[{"href":"https:\/\/winandofficews.com\/italy\/wp-json\/wp\/v2\/types\/product"}],"replies":[{"embeddable":true,"href":"https:\/\/winandofficews.com\/italy\/wp-json\/wp\/v2\/comments?post=87370"}],"wp:featuredmedia":[{"embeddable":true,"href":"https:\/\/winandofficews.com\/italy\/wp-json\/"}],"wp:attachment":[{"href":"https:\/\/winandofficews.com\/italy\/wp-json\/wp\/v2\/media?parent=87370"}],"wp:term":[{"taxonomy":"product_brand","embeddable":true,"href":"https:\/\/winandofficews.com\/italy\/wp-json\/wp\/v2\/product_brand?post=87370"},{"taxonomy":"product_cat","embeddable":true,"href":"https:\/\/winandofficews.com\/italy\/wp-json\/wp\/v2\/product_cat?post=87370"},{"taxonomy":"product_tag","embeddable":true,"href":"https:\/\/winandofficews.com\/italy\/wp-json\/wp\/v2\/product_tag?post=87370"}],"curies":[{"name":"wp","href":"https:\/\/api.w.org\/{rel}","templated":true}]}}