{"id":8097,"date":"2024-11-24T11:28:12","date_gmt":"2024-11-24T10:28:12","guid":{"rendered":"https:\/\/winandofficews.com\/?post_type=product&#038;p=8097"},"modified":"2026-04-03T11:48:47","modified_gmt":"2026-04-03T09:48:47","slug":"microsoft-windows-11-professional-microsoft-project-2024-professional-license-for-3-devices","status":"publish","type":"product","link":"https:\/\/winandofficews.com\/it\/product\/microsoft-windows-11-professional-microsoft-project-2024-professional-license-for-3-devices\/","title":{"rendered":"Microsoft Windows 11 Professional + Microsoft Project 2024 Professional per 3 PC"},"content":{"rendered":"<h3>Microsoft Windows 11 Licenza professionale per 3 PC<\/h3>\n<p><strong>Con questa licenza, il software pu\u00f2 essere attivato su 3 diversi dispositivi, ad esempio PC di casa, notebook e PC di lavoro.<\/strong><\/p>\n<p><strong>30 Tage volle R\u00fcckerstattung &#8211; Lebenslange Ersatzgarantie!!!<\/strong><\/p>\n<p><strong>Systemanforderungen:<\/strong><\/p>\n<p>Stellen Sie sicher, dass Sie f\u00fcr das neueste und beste Betriebssystem von Microsoft bereit sind!<\/p>\n<p>Dies sind die Grundvoraussetzungen f\u00fcr die Installation von Microsoft Windows 11 auf einem PC. Wenn Ihr Ger\u00e4t diese Anforderungen nicht erf\u00fcllt, k\u00f6nnen Sie Microsoft Windows 11 m\u00f6glicherweise nicht auf Ihrem Ger\u00e4t installieren und sollten den Kauf eines neuen PCs in Betracht ziehen. Wenn Sie sich nicht sicher sind, ob Ihr PC diese Anforderungen erf\u00fcllt, k\u00f6nnen Sie sich bei Ihrem PC-Originalhersteller (OEM) erkundigen oder, wenn Ihr Ger\u00e4t bereits Microsoft Windows 10 ausf\u00fchrt, die App PC Health Check verwenden, um die Kompatibilit\u00e4t zu pr\u00fcfen (<a href=\"https:\/\/aka.ms\/GetPCHealthCheckApp\">zum Download<\/a>).<\/p>\n<ul>\n<li><strong>Prozessor:<\/strong> 1 Gigahertz (GHz) oder schneller mit 2 oder mehr Kernen auf einem kompatiblen 64-Bit-Prozessor oder SoC<\/li>\n<li><strong>RAM:<\/strong> 4 GB<\/li>\n<li><strong>Speicherplatz:<\/strong> 64 GB oder mehr<\/li>\n<li><strong>System Firmware:<\/strong> UEFI, Secure Boot f\u00e4hig<\/li>\n<li><strong>TPM:<\/strong> Trusted Platform Module (TPM) Version 2.0<\/li>\n<li><strong>Grafikkarte:<\/strong> Kompatibel mit DirectX 12 oder h\u00f6her mit WDDM 2.0 Treiber<\/li>\n<li><strong>Anzeige:<\/strong> Hochaufl\u00f6sendes Display (720p) gr\u00f6\u00dfer als 9 Zoll, 8 Bit pro Farbkanal<\/li>\n<li><strong>Internetverbindung und Microsoft-Konto:<\/strong> F\u00fcr Updates und einige Funktionen erforderlich<\/li>\n<\/ul>\n<hr \/>\n<h3>Microsoft Project 2024 Professional Plus Licenza per 3 PC<\/h3>\n<p><strong>Con questa licenza, il software pu\u00f2 essere attivato su 3 diversi dispositivi, ad esempio PC di casa, notebook e PC di lavoro.<\/strong><\/p>\n<p><strong>30 Tage volle R\u00fcckerstattung &#8211; Lebenslange Ersatzgarantie!!!<\/strong><\/p>\n<p>Microsoft Project 2024 bietet neue Funktionen und Verbesserungen, die Teams dabei helfen, ihre Arbeit noch effektiver zu organisieren, Aufgaben zu verwalten und Budgets sowie Ressourcen zu verwalten. Diese Version bietet wichtige Neuerungen f\u00fcr Anf\u00e4nger und Profis:<\/p>\n<ul>\n<li>Neue, intuitivere und anpassbare Benutzeroberfl\u00e4che<\/li>\n<li>Vorgefertigte Vorlagen f\u00fcr schnellen Projektstart<\/li>\n<li>Integration mit Project Online und Project Server<\/li>\n<li>Was-w\u00e4re-wenn-Szenarien zur Optimierung der Aufgabenverteilung<\/li>\n<li>Automatische Planung basierend auf Abh\u00e4ngigkeiten<\/li>\n<li>Mehrere Zeitleisten zur besseren Visualisierung<\/li>\n<li>Neue Analyse- und Darstellungsfunktionen (inkl. Kanban und Scrum)<\/li>\n<li>Unterst\u00fctzung f\u00fcr Agile, Scrum, Waterfall und hybride Methoden<\/li>\n<\/ul>\n<p><strong>Supporto:<\/strong><\/p>\n<p>In caso di domande, non esitate a <a href=\"mailto:contact@winandofficews.com\">via e-mail<\/a> per contattarci. Il nostro servizio di assistenza clienti \u00e8 disponibile 7 giorni su 7, 24 ore al giorno.<\/p>","protected":false},"excerpt":{"rendered":"<ul>\n<li>Microsoft Windows 11 Licenza professionale per 3 PC<\/li>\n<li>Microsoft Project 2024 Licenza professionale per 3 PC<\/li>\n<li><strong>Mit dieser Lizenz kann die Software auf 3 verschiedenen Ger\u00e4ten aktiviert werden<\/strong>, z.B. Heim-PC, Notebook und Arbeits-PC<\/li>\n<li><strong>30 Tage volle R\u00fcckerstattung &#8211; Lebenslange Ersatzgarantie!!!<\/strong><\/li>\n<li>Version f\u00fcr 64-Bit Systeme<\/li>\n<li>Spedizione via e-mail: Codice prodotto, istruzioni, link per il download, fattura<\/li>\n<li>Download immediato!<\/li>\n<li>Nessun limite di tempo, nessun abbonamento<\/li>\n<li>Assistenza gratuita per l'installazione e l'attivazione<\/li>\n<li>Nessuna consegna su supporti dati (USB, CD, ecc.)<\/li>\n<li>Attivazione online e per telefono<\/li>\n<li>F\u00fcr Microsoft Windows<\/li>\n<li><strong>Questo prodotto \u00e8 compatibile con Windows.<\/strong><\/li>\n<li><strong>NON \u00e8 compatibile con Apple macOS\u2122, processori Apple, Parallels for Mac, dispositivi Android e Chromebook.<\/strong><\/li>\n<\/ul>","protected":false},"featured_media":8098,"comment_status":"open","ping_status":"closed","template":"","meta":{"_acf_changed":false},"product_brand":[],"product_cat":[157,155,158,156,267,270,269],"product_tag":[159,161],"class_list":{"0":"post-8097","1":"product","2":"type-product","3":"status-publish","4":"has-post-thumbnail","6":"product_cat-combo","7":"product_cat-microsoft-office","8":"product_cat-microsoft-windows","9":"product_cat-popular","10":"product_cat-project","11":"product_cat-windows-11-windows-desktop","12":"product_cat-windows-desktop","13":"product_tag-office","14":"product_tag-windows-11","16":"first","17":"instock","18":"sale","19":"featured","20":"virtual","21":"taxable","22":"purchasable","23":"product-type-simple"},"acf":[],"yoast_head":"<!-- This site is optimized with the Yoast SEO plugin v27.3 - https:\/\/yoast.com\/product\/yoast-seo-wordpress\/ -->\n<title>Microsoft Windows 11 Professional + Microsoft Project 2024 Professional Lizenz f\u00fcr 3 PC - Win &amp; Office WS<\/title>\n<meta name=\"robots\" content=\"index, follow, max-snippet:-1, max-image-preview:large, max-video-preview:-1\" \/>\n<link rel=\"canonical\" href=\"https:\/\/winandofficews.com\/it\/product\/microsoft-windows-11-professional-microsoft-project-2024-professional-license-for-3-devices\/\" \/>\n<meta property=\"og:locale\" content=\"it_IT\" \/>\n<meta property=\"og:type\" content=\"article\" \/>\n<meta property=\"og:title\" content=\"Microsoft Windows 11 Professional + Microsoft Project 2024 Professional Lizenz f\u00fcr 3 PC - Win &amp; Office WS\" \/>\n<meta property=\"og:description\" content=\"Microsoft Windows 11 Professional Lizenz f\u00fcr 3 PC  Microsoft Project 2024 Professional Lizenz f\u00fcr 3 PC  Mit dieser Lizenz kann die Software auf 3 verschiedenen Ger\u00e4ten aktiviert werden, z.B. Heim-PC, Notebook und Arbeits-PC  30 Tage volle R\u00fcckerstattung - Lebenslange Ersatzgarantie!!!  Version f\u00fcr 64-Bit Systeme  Versand per E-Mail: Produktschl\u00fcssel, Anleitung, Downloadlinks, Rechnung  Sofort-Download!  Keine zeitliche Begrenzung, kein Abo  Gratis Support bei der Installation und Aktivierung  Keine Lieferung auf Datentr\u00e4ger (USB, CD, usw.)  Aktivierung online und per Telefon  F\u00fcr Microsoft Windows  Dieses Produkt ist mit Windows kompatibel.  NICHT kompatibel mit Apple macOS\u2122, Apple-Prozessoren, Parallels f\u00fcr Mac, Android-Ger\u00e4ten und Chromebooks.\" \/>\n<meta property=\"og:url\" content=\"https:\/\/winandofficews.com\/it\/product\/microsoft-windows-11-professional-microsoft-project-2024-professional-license-for-3-devices\/\" \/>\n<meta property=\"og:site_name\" content=\"Win &amp; Office WS\" \/>\n<meta property=\"article:publisher\" content=\"https:\/\/www.facebook.com\/winandofficews\/\" \/>\n<meta property=\"article:modified_time\" content=\"2026-04-03T09:48:47+00:00\" \/>\n<meta property=\"og:image\" content=\"https:\/\/winandofficews.com\/wp-content\/uploads\/W11PP24P.png\" \/>\n\t<meta property=\"og:image:width\" content=\"600\" \/>\n\t<meta property=\"og:image:height\" content=\"600\" \/>\n\t<meta property=\"og:image:type\" content=\"image\/png\" \/>\n<meta name=\"twitter:card\" content=\"summary_large_image\" \/>\n<meta name=\"twitter:site\" content=\"@WINDOWSANDOFFI1\" \/>\n<meta name=\"twitter:label1\" content=\"Tempo di lettura stimato\" \/>\n\t<meta name=\"twitter:data1\" content=\"3 minuti\" \/>\n<script type=\"application\/ld+json\" class=\"yoast-schema-graph\">{\"@context\":\"https:\\\/\\\/schema.org\",\"@graph\":[{\"@type\":\"WebPage\",\"@id\":\"https:\\\/\\\/winandofficews.com\\\/product\\\/microsoft-windows-11-professional-microsoft-project-2024-professional-license-for-3-devices\\\/\",\"url\":\"https:\\\/\\\/winandofficews.com\\\/product\\\/microsoft-windows-11-professional-microsoft-project-2024-professional-license-for-3-devices\\\/\",\"name\":\"Microsoft Windows 11 Professional + Microsoft Project 2024 Professional Lizenz f\u00fcr 3 PC - Win &amp; Office WS\",\"isPartOf\":{\"@id\":\"https:\\\/\\\/winandofficews.com\\\/#website\"},\"primaryImageOfPage\":{\"@id\":\"https:\\\/\\\/winandofficews.com\\\/product\\\/microsoft-windows-11-professional-microsoft-project-2024-professional-license-for-3-devices\\\/#primaryimage\"},\"image\":{\"@id\":\"https:\\\/\\\/winandofficews.com\\\/product\\\/microsoft-windows-11-professional-microsoft-project-2024-professional-license-for-3-devices\\\/#primaryimage\"},\"thumbnailUrl\":\"https:\\\/\\\/winandofficews.com\\\/wp-content\\\/uploads\\\/W11PP24P.png\",\"datePublished\":\"2024-11-24T10:28:12+00:00\",\"dateModified\":\"2026-04-03T09:48:47+00:00\",\"breadcrumb\":{\"@id\":\"https:\\\/\\\/winandofficews.com\\\/product\\\/microsoft-windows-11-professional-microsoft-project-2024-professional-license-for-3-devices\\\/#breadcrumb\"},\"inLanguage\":\"it-IT\",\"potentialAction\":[{\"@type\":\"ReadAction\",\"target\":[\"https:\\\/\\\/winandofficews.com\\\/product\\\/microsoft-windows-11-professional-microsoft-project-2024-professional-license-for-3-devices\\\/\"]}]},{\"@type\":\"ImageObject\",\"inLanguage\":\"it-IT\",\"@id\":\"https:\\\/\\\/winandofficews.com\\\/product\\\/microsoft-windows-11-professional-microsoft-project-2024-professional-license-for-3-devices\\\/#primaryimage\",\"url\":\"https:\\\/\\\/winandofficews.com\\\/wp-content\\\/uploads\\\/W11PP24P.png\",\"contentUrl\":\"https:\\\/\\\/winandofficews.com\\\/wp-content\\\/uploads\\\/W11PP24P.png\",\"width\":600,\"height\":600},{\"@type\":\"BreadcrumbList\",\"@id\":\"https:\\\/\\\/winandofficews.com\\\/product\\\/microsoft-windows-11-professional-microsoft-project-2024-professional-license-for-3-devices\\\/#breadcrumb\",\"itemListElement\":[{\"@type\":\"ListItem\",\"position\":1,\"name\":\"Home\",\"item\":\"https:\\\/\\\/winandofficews.com\\\/\"},{\"@type\":\"ListItem\",\"position\":2,\"name\":\"Shop\",\"item\":\"https:\\\/\\\/winandofficews.com\\\/shop\\\/\"},{\"@type\":\"ListItem\",\"position\":3,\"name\":\"Microsoft Windows 11 Professional + Microsoft Project 2024 Professional Lizenz f\u00fcr 3 PC\"}]},{\"@type\":\"WebSite\",\"@id\":\"https:\\\/\\\/winandofficews.com\\\/#website\",\"url\":\"https:\\\/\\\/winandofficews.com\\\/\",\"name\":\"Win & Office WS\",\"description\":\"Wholesales Store of Office\",\"publisher\":{\"@id\":\"https:\\\/\\\/winandofficews.com\\\/#organization\"},\"potentialAction\":[{\"@type\":\"SearchAction\",\"target\":{\"@type\":\"EntryPoint\",\"urlTemplate\":\"https:\\\/\\\/winandofficews.com\\\/?s={search_term_string}\"},\"query-input\":{\"@type\":\"PropertyValueSpecification\",\"valueRequired\":true,\"valueName\":\"search_term_string\"}}],\"inLanguage\":\"it-IT\"},{\"@type\":\"Organization\",\"@id\":\"https:\\\/\\\/winandofficews.com\\\/#organization\",\"name\":\"Win & Office WS\",\"url\":\"https:\\\/\\\/winandofficews.com\\\/\",\"logo\":{\"@type\":\"ImageObject\",\"inLanguage\":\"it-IT\",\"@id\":\"https:\\\/\\\/winandofficews.com\\\/#\\\/schema\\\/logo\\\/image\\\/\",\"url\":\"https:\\\/\\\/winandofficews.com\\\/wp-content\\\/uploads\\\/logo14.png\",\"contentUrl\":\"https:\\\/\\\/winandofficews.com\\\/wp-content\\\/uploads\\\/logo14.png\",\"width\":322,\"height\":116,\"caption\":\"Win & Office WS\"},\"image\":{\"@id\":\"https:\\\/\\\/winandofficews.com\\\/#\\\/schema\\\/logo\\\/image\\\/\"},\"sameAs\":[\"https:\\\/\\\/www.facebook.com\\\/winandofficews\\\/\",\"https:\\\/\\\/x.com\\\/WINDOWSANDOFFI1\",\"https:\\\/\\\/www.instagram.com\\\/winandoffice.ws\\\/\",\"https:\\\/\\\/de.pinterest.com\\\/winandofficews_official\\\/\",\"https:\\\/\\\/www.tiktok.com\\\/@winandofficews\",\"https:\\\/\\\/www.youtube.com\\\/channel\\\/UCPI87ZZIvl272mOtG5sL8Cg\",\"https:\\\/\\\/de.trustpilot.com\\\/review\\\/winandofficews.com\",\"https:\\\/\\\/www.trustami.com\\\/review\\\/win-and-office-wholesales-rating\"]}]}<\/script>\n<!-- \/ Yoast SEO plugin. -->","yoast_head_json":{"title":"Microsoft Windows 11 Professional + Microsoft Project 2024 Professional Lizenz f\u00fcr 3 PC - Win &amp; Office WS","robots":{"index":"index","follow":"follow","max-snippet":"max-snippet:-1","max-image-preview":"max-image-preview:large","max-video-preview":"max-video-preview:-1"},"canonical":"https:\/\/winandofficews.com\/it\/product\/microsoft-windows-11-professional-microsoft-project-2024-professional-license-for-3-devices\/","og_locale":"it_IT","og_type":"article","og_title":"Microsoft Windows 11 Professional + Microsoft Project 2024 Professional Lizenz f\u00fcr 3 PC - Win &amp; Office WS","og_description":"Microsoft Windows 11 Professional Lizenz f\u00fcr 3 PC  Microsoft Project 2024 Professional Lizenz f\u00fcr 3 PC  Mit dieser Lizenz kann die Software auf 3 verschiedenen Ger\u00e4ten aktiviert werden, z.B. Heim-PC, Notebook und Arbeits-PC  30 Tage volle R\u00fcckerstattung - Lebenslange Ersatzgarantie!!!  Version f\u00fcr 64-Bit Systeme  Versand per E-Mail: Produktschl\u00fcssel, Anleitung, Downloadlinks, Rechnung  Sofort-Download!  Keine zeitliche Begrenzung, kein Abo  Gratis Support bei der Installation und Aktivierung  Keine Lieferung auf Datentr\u00e4ger (USB, CD, usw.)  Aktivierung online und per Telefon  F\u00fcr Microsoft Windows  Dieses Produkt ist mit Windows kompatibel.  NICHT kompatibel mit Apple macOS\u2122, Apple-Prozessoren, Parallels f\u00fcr Mac, Android-Ger\u00e4ten und Chromebooks.","og_url":"https:\/\/winandofficews.com\/it\/product\/microsoft-windows-11-professional-microsoft-project-2024-professional-license-for-3-devices\/","og_site_name":"Win &amp; Office WS","article_publisher":"https:\/\/www.facebook.com\/winandofficews\/","article_modified_time":"2026-04-03T09:48:47+00:00","og_image":[{"width":600,"height":600,"url":"https:\/\/winandofficews.com\/wp-content\/uploads\/W11PP24P.png","type":"image\/png"}],"twitter_card":"summary_large_image","twitter_site":"@WINDOWSANDOFFI1","twitter_misc":{"Tempo di lettura stimato":"3 minuti"},"schema":{"@context":"https:\/\/schema.org","@graph":[{"@type":"WebPage","@id":"https:\/\/winandofficews.com\/product\/microsoft-windows-11-professional-microsoft-project-2024-professional-license-for-3-devices\/","url":"https:\/\/winandofficews.com\/product\/microsoft-windows-11-professional-microsoft-project-2024-professional-license-for-3-devices\/","name":"Microsoft Windows 11 Professional + Microsoft Project 2024 Professional Lizenz f\u00fcr 3 PC - Win &amp; Office WS","isPartOf":{"@id":"https:\/\/winandofficews.com\/#website"},"primaryImageOfPage":{"@id":"https:\/\/winandofficews.com\/product\/microsoft-windows-11-professional-microsoft-project-2024-professional-license-for-3-devices\/#primaryimage"},"image":{"@id":"https:\/\/winandofficews.com\/product\/microsoft-windows-11-professional-microsoft-project-2024-professional-license-for-3-devices\/#primaryimage"},"thumbnailUrl":"https:\/\/winandofficews.com\/wp-content\/uploads\/W11PP24P.png","datePublished":"2024-11-24T10:28:12+00:00","dateModified":"2026-04-03T09:48:47+00:00","breadcrumb":{"@id":"https:\/\/winandofficews.com\/product\/microsoft-windows-11-professional-microsoft-project-2024-professional-license-for-3-devices\/#breadcrumb"},"inLanguage":"it-IT","potentialAction":[{"@type":"ReadAction","target":["https:\/\/winandofficews.com\/product\/microsoft-windows-11-professional-microsoft-project-2024-professional-license-for-3-devices\/"]}]},{"@type":"ImageObject","inLanguage":"it-IT","@id":"https:\/\/winandofficews.com\/product\/microsoft-windows-11-professional-microsoft-project-2024-professional-license-for-3-devices\/#primaryimage","url":"https:\/\/winandofficews.com\/wp-content\/uploads\/W11PP24P.png","contentUrl":"https:\/\/winandofficews.com\/wp-content\/uploads\/W11PP24P.png","width":600,"height":600},{"@type":"BreadcrumbList","@id":"https:\/\/winandofficews.com\/product\/microsoft-windows-11-professional-microsoft-project-2024-professional-license-for-3-devices\/#breadcrumb","itemListElement":[{"@type":"ListItem","position":1,"name":"Home","item":"https:\/\/winandofficews.com\/"},{"@type":"ListItem","position":2,"name":"Shop","item":"https:\/\/winandofficews.com\/shop\/"},{"@type":"ListItem","position":3,"name":"Microsoft Windows 11 Professional + Microsoft Project 2024 Professional Lizenz f\u00fcr 3 PC"}]},{"@type":"WebSite","@id":"https:\/\/winandofficews.com\/#website","url":"https:\/\/winandofficews.com\/","name":"Win & Office WS","description":"Wholesales Store of Office","publisher":{"@id":"https:\/\/winandofficews.com\/#organization"},"potentialAction":[{"@type":"SearchAction","target":{"@type":"EntryPoint","urlTemplate":"https:\/\/winandofficews.com\/?s={search_term_string}"},"query-input":{"@type":"PropertyValueSpecification","valueRequired":true,"valueName":"search_term_string"}}],"inLanguage":"it-IT"},{"@type":"Organization","@id":"https:\/\/winandofficews.com\/#organization","name":"Win & Office WS","url":"https:\/\/winandofficews.com\/","logo":{"@type":"ImageObject","inLanguage":"it-IT","@id":"https:\/\/winandofficews.com\/#\/schema\/logo\/image\/","url":"https:\/\/winandofficews.com\/wp-content\/uploads\/logo14.png","contentUrl":"https:\/\/winandofficews.com\/wp-content\/uploads\/logo14.png","width":322,"height":116,"caption":"Win & Office WS"},"image":{"@id":"https:\/\/winandofficews.com\/#\/schema\/logo\/image\/"},"sameAs":["https:\/\/www.facebook.com\/winandofficews\/","https:\/\/x.com\/WINDOWSANDOFFI1","https:\/\/www.instagram.com\/winandoffice.ws\/","https:\/\/de.pinterest.com\/winandofficews_official\/","https:\/\/www.tiktok.com\/@winandofficews","https:\/\/www.youtube.com\/channel\/UCPI87ZZIvl272mOtG5sL8Cg","https:\/\/de.trustpilot.com\/review\/winandofficews.com","https:\/\/www.trustami.com\/review\/win-and-office-wholesales-rating"]}]}},"_links":{"self":[{"href":"https:\/\/winandofficews.com\/it\/wp-json\/wp\/v2\/product\/8097","targetHints":{"allow":["GET"]}}],"collection":[{"href":"https:\/\/winandofficews.com\/it\/wp-json\/wp\/v2\/product"}],"about":[{"href":"https:\/\/winandofficews.com\/it\/wp-json\/wp\/v2\/types\/product"}],"replies":[{"embeddable":true,"href":"https:\/\/winandofficews.com\/it\/wp-json\/wp\/v2\/comments?post=8097"}],"wp:featuredmedia":[{"embeddable":true,"href":"https:\/\/winandofficews.com\/it\/wp-json\/wp\/v2\/media\/8098"}],"wp:attachment":[{"href":"https:\/\/winandofficews.com\/it\/wp-json\/wp\/v2\/media?parent=8097"}],"wp:term":[{"taxonomy":"product_brand","embeddable":true,"href":"https:\/\/winandofficews.com\/it\/wp-json\/wp\/v2\/product_brand?post=8097"},{"taxonomy":"product_cat","embeddable":true,"href":"https:\/\/winandofficews.com\/it\/wp-json\/wp\/v2\/product_cat?post=8097"},{"taxonomy":"product_tag","embeddable":true,"href":"https:\/\/winandofficews.com\/it\/wp-json\/wp\/v2\/product_tag?post=8097"}],"curies":[{"name":"wp","href":"https:\/\/api.w.org\/{rel}","templated":true}]}}