{"id":8072,"date":"2024-11-24T11:27:07","date_gmt":"2024-11-24T10:27:07","guid":{"rendered":"https:\/\/winandofficews.com\/?post_type=product&#038;p=8072"},"modified":"2026-04-03T11:48:31","modified_gmt":"2026-04-03T09:48:31","slug":"microsoft-office-2016-professional-plus-license-for-3-devices","status":"publish","type":"product","link":"https:\/\/winandofficews.com\/it\/product\/microsoft-office-2016-professional-plus-license-for-3-devices\/","title":{"rendered":"Microsoft Office Licenza 2016 Professional Plus per 3 PC"},"content":{"rendered":"<p>Con i programmi in esso contenuti, Microsoft Office 2016 Professional Plus soddisfa tutti i requisiti di un software per ufficio completo. Sia che vogliate creare lettere, analizzare dati aziendali, progettare presentazioni, creare database o gestire la posta elettronica, con le applicazioni Microsoft Office potrete completare i vostri progetti professionali e privati in pochissimo tempo.<\/p>\n<h3>Quali programmi sono inclusi in Microsoft Office 2016 Professional Plus?<\/h3>\n<ul>\n<li><strong>Word 2016<\/strong> - per creare e modificare testi e documenti<\/li>\n<li><strong>Excel 2016<\/strong> - per modificare i record di dati in forma tabellare<\/li>\n<li><strong>PowerPoint 2016<\/strong> - per la creazione di presentazioni accattivanti<\/li>\n<li><strong>Outlook 2016<\/strong> - per la gestione di e-mail, contatti, appuntamenti e attivit\u00e0<\/li>\n<li><strong>OneNote 2016<\/strong> - per creare e gestire le note<\/li>\n<li><strong>Editore 2016<\/strong> - per la semplice creazione di pubblicazioni dall'aspetto professionale<\/li>\n<li><strong>Accesso 2016<\/strong> - per la creazione di database con accesso a Internet<\/li>\n<li><strong>Skype per le aziende<\/strong> - per una maggiore produttivit\u00e0 grazie alla messaggistica istantanea e a una comunicazione semplice.<\/li>\n<\/ul>\n<h3>Nuove funzioni in Microsoft Office 2016 Professional Plus<\/h3>\n<ul>\n<li>\u201eInsights\u201c consente di cercare informazioni rilevanti direttamente dal documento modificato e integra il motore di ricerca Bing nel vostro ambiente di lavoro.<\/li>\n<li>L'assistente \u201eTell Me\u201c consente di trovare pi\u00f9 rapidamente le funzioni del programma.<\/li>\n<li>La funzione di riempimento automatico di Excel riconosce i modelli e completa automaticamente le serie di dati. Le tendenze e gli sviluppi futuri possono essere facilmente previsti.<\/li>\n<li>L'opzione \u201eStampa fotografica\u201c integrata in Publisher riduce i tempi di elaborazione e garantisce una stampa professionale.<\/li>\n<li>Le presentazioni PowerPoint possono ora essere condivise online. Non \u00e8 necessario installare PowerPoint per la riproduzione, ad esempio presso la sede del cliente.<\/li>\n<li>La modalit\u00e0 notturna consente di lavorare senza affaticare gli occhi.<\/li>\n<li>Il servizio cloud OneDrive offre 5 GB di spazio di archiviazione gratuito per una collaborazione e un lavoro di squadra semplici ed efficaci.<\/li>\n<\/ul>\n<p>La versione aggiornata del popolare software per l'ufficio \u00e8 dotata di diverse nuove funzioni che vi forniranno un eccellente supporto nel vostro lavoro quotidiano. La funzione \u201eInsights\u201c vi permette di cercare informazioni utili per i vostri scopi direttamente dai documenti in Internet tramite Bing. Inserite i risultati direttamente nei vostri documenti e otterrete risultati ancora migliori.<\/p>\n<p>Se non si riesce a trovare la funzione desiderata o si ha bisogno di aiuto per l'utilizzo, \u00e8 disponibile l'assistente di ricerca \u201eDimmi\u201c. Con il suo supporto, \u00e8 possibile trovare rapidamente le singole funzioni all'interno dei programmi. La nuova barra multifunzione consente inoltre di avere sempre a portata di mano tutte le funzioni pi\u00f9 importanti. La navigazione intuitiva all'interno dei programmi \u00e8 quindi garantita in Microsoft Office Professional Plus 2016. Il collegamento a OneDrive consente di lavorare in modo flessibile e di condividere facilmente i contenuti con i colleghi.<\/p>\n<p>Skype for Business integrato in Microsoft Office Pro Plus 2016 migliora la comunicazione in azienda. Rimanete in contatto costante con dipendenti e colleghi. Grazie a Microsoft Office 2016 Professional Plus, potete sfruttare nuove possibilit\u00e0 per la telefonia IP, la messaggistica istantanea e le videoconferenze.<\/p>\n<p>Con pochi clic, potete scambiare informazioni, rispondere a domande sui progetti e organizzare riunioni virtuali. Grazie allo scambio di dati tramite OneDrive, siete pi\u00f9 flessibili che mai. Il lavoro collaborativo, indipendentemente dalla sede, consente ai vostri progetti di progredire costantemente. Garantite maggiore produttivit\u00e0 alla vostra azienda con Microsoft Office Professional Plus 2016.<\/p>\n<h3>Requisiti di sistema<\/h3>\n<ul>\n<li>Processore dual-core da 1,4 GHz<\/li>\n<li>Microsoft Windows 7 SP1, Microsoft Windows 8, Microsoft Windows 10<\/li>\n<li>1 GB di RAM (32 bit), 2 GB di RAM (64 bit)<\/li>\n<li>3 GB di spazio disponibile su disco rigido<\/li>\n<li>L'accelerazione grafica richiede una scheda grafica compatibile con DirectX 9.<\/li>\n<\/ul>\n<h3>Supporto per<\/h3>\n<p>In caso di domande, non esitate a <a href=\"mailto:contact@winandofficews.com\" rel=\"noopener\">via e-mail<\/a> per contattarci. Il nostro servizio di assistenza clienti \u00e8 a vostra disposizione 7 giorni su 7 e 24 ore su 24.<\/p>","protected":false},"excerpt":{"rendered":"<ul>\n<li>Microsoft Office 2016 Professional Plus per 3 PC<\/li>\n<li>Versioni disponibili per sistemi a 32 e 64 bit<\/li>\n<li>Spedizione via e-mail: Codice prodotto, istruzioni, link per il download e fattura<\/li>\n<li><strong>Garanzia di rimborso di 30 giorni - Garanzia di sostituzione a vita<\/strong><\/li>\n<li>Download immediato<\/li>\n<li>Nessun limite di tempo, nessun abbonamento<\/li>\n<li>Assistenza gratuita per l'installazione e l'attivazione<\/li>\n<li>Nessuna consegna su supporti fisici (USB, CD, ecc.).<\/li>\n<li>Attivazione online o per telefono<\/li>\n<li><strong>Compatibile con Windows<\/strong><\/li>\n<li><strong>Non \u00e8 compatibile con macOS\u2122, processori Apple, Parallels for Mac, dispositivi Android e Chromebook.<\/strong><\/li>\n<\/ul>","protected":false},"featured_media":8073,"comment_status":"open","ping_status":"closed","template":"","meta":{"_acf_changed":false},"product_brand":[],"product_cat":[155],"product_tag":[108,110],"class_list":{"0":"post-8072","1":"product","2":"type-product","3":"status-publish","4":"has-post-thumbnail","6":"product_cat-microsoft-office","7":"product_tag-ms-office","8":"product_tag-ms-office-2016","10":"first","11":"instock","12":"sale","13":"virtual","14":"taxable","15":"purchasable","16":"product-type-simple"},"acf":[],"yoast_head":"<!-- This site is optimized with the Yoast SEO plugin v27.4 - https:\/\/yoast.com\/product\/yoast-seo-wordpress\/ -->\n<title>Microsoft Office 2016 Professional Plus license f\u00fcr 3 PC - Win &amp; Office WS<\/title>\n<meta name=\"robots\" content=\"index, follow, max-snippet:-1, max-image-preview:large, max-video-preview:-1\" \/>\n<link rel=\"canonical\" href=\"https:\/\/winandofficews.com\/it\/product\/microsoft-office-2016-professional-plus-license-for-3-devices\/\" \/>\n<meta property=\"og:locale\" content=\"it_IT\" \/>\n<meta property=\"og:type\" content=\"article\" \/>\n<meta property=\"og:title\" content=\"Microsoft Office 2016 Professional Plus license f\u00fcr 3 PC - Win &amp; Office WS\" \/>\n<meta property=\"og:description\" content=\"Microsoft Office 2016 Professional Plus f\u00fcr 3 PC  Versionen f\u00fcr 32- und 64-Bit-Systeme verf\u00fcgbar  Versand per E-Mail: Produktschl\u00fcssel, Anleitung, Downloadlinks und Rechnung  30 Tage Geld-zur\u00fcck-Garantie \u2013 Lebenslange Ersatzgarantie  Sofort-Download  Keine zeitliche Begrenzung, kein Abonnement  Kostenloser Support bei Installation und Aktivierung  Keine Lieferung auf physischen Datentr\u00e4gern (USB, CD usw.)  Aktivierung online oder telefonisch  Kompatibel mit Windows  Nicht kompatibel mit macOS\u2122, Apple-Prozessoren, Parallels f\u00fcr Mac, Android-Ger\u00e4ten und Chromebooks\" \/>\n<meta property=\"og:url\" content=\"https:\/\/winandofficews.com\/it\/product\/microsoft-office-2016-professional-plus-license-for-3-devices\/\" \/>\n<meta property=\"og:site_name\" content=\"Win &amp; Office WS\" \/>\n<meta property=\"article:publisher\" content=\"https:\/\/www.facebook.com\/winandofficews\/\" \/>\n<meta property=\"article:modified_time\" content=\"2026-04-03T09:48:31+00:00\" \/>\n<meta property=\"og:image\" content=\"https:\/\/winandofficews.com\/wp-content\/uploads\/O16P.png\" \/>\n\t<meta property=\"og:image:width\" content=\"600\" \/>\n\t<meta property=\"og:image:height\" content=\"600\" \/>\n\t<meta property=\"og:image:type\" content=\"image\/png\" \/>\n<meta name=\"twitter:card\" content=\"summary_large_image\" \/>\n<meta name=\"twitter:site\" content=\"@WINDOWSANDOFFI1\" \/>\n<meta name=\"twitter:label1\" content=\"Tempo di lettura stimato\" \/>\n\t<meta name=\"twitter:data1\" content=\"4 minuti\" \/>\n<script type=\"application\/ld+json\" class=\"yoast-schema-graph\">{\"@context\":\"https:\\\/\\\/schema.org\",\"@graph\":[{\"@type\":\"WebPage\",\"@id\":\"https:\\\/\\\/winandofficews.com\\\/product\\\/microsoft-office-2016-professional-plus-license-for-3-devices\\\/\",\"url\":\"https:\\\/\\\/winandofficews.com\\\/product\\\/microsoft-office-2016-professional-plus-license-for-3-devices\\\/\",\"name\":\"Microsoft Office 2016 Professional Plus license f\u00fcr 3 PC - Win &amp; Office WS\",\"isPartOf\":{\"@id\":\"https:\\\/\\\/winandofficews.com\\\/#website\"},\"primaryImageOfPage\":{\"@id\":\"https:\\\/\\\/winandofficews.com\\\/product\\\/microsoft-office-2016-professional-plus-license-for-3-devices\\\/#primaryimage\"},\"image\":{\"@id\":\"https:\\\/\\\/winandofficews.com\\\/product\\\/microsoft-office-2016-professional-plus-license-for-3-devices\\\/#primaryimage\"},\"thumbnailUrl\":\"https:\\\/\\\/winandofficews.com\\\/wp-content\\\/uploads\\\/O16P.png\",\"datePublished\":\"2024-11-24T10:27:07+00:00\",\"dateModified\":\"2026-04-03T09:48:31+00:00\",\"breadcrumb\":{\"@id\":\"https:\\\/\\\/winandofficews.com\\\/product\\\/microsoft-office-2016-professional-plus-license-for-3-devices\\\/#breadcrumb\"},\"inLanguage\":\"it-IT\",\"potentialAction\":[{\"@type\":\"ReadAction\",\"target\":[\"https:\\\/\\\/winandofficews.com\\\/product\\\/microsoft-office-2016-professional-plus-license-for-3-devices\\\/\"]}]},{\"@type\":\"ImageObject\",\"inLanguage\":\"it-IT\",\"@id\":\"https:\\\/\\\/winandofficews.com\\\/product\\\/microsoft-office-2016-professional-plus-license-for-3-devices\\\/#primaryimage\",\"url\":\"https:\\\/\\\/winandofficews.com\\\/wp-content\\\/uploads\\\/O16P.png\",\"contentUrl\":\"https:\\\/\\\/winandofficews.com\\\/wp-content\\\/uploads\\\/O16P.png\",\"width\":600,\"height\":600},{\"@type\":\"BreadcrumbList\",\"@id\":\"https:\\\/\\\/winandofficews.com\\\/product\\\/microsoft-office-2016-professional-plus-license-for-3-devices\\\/#breadcrumb\",\"itemListElement\":[{\"@type\":\"ListItem\",\"position\":1,\"name\":\"Home\",\"item\":\"https:\\\/\\\/winandofficews.com\\\/\"},{\"@type\":\"ListItem\",\"position\":2,\"name\":\"Shop\",\"item\":\"https:\\\/\\\/winandofficews.com\\\/shop\\\/\"},{\"@type\":\"ListItem\",\"position\":3,\"name\":\"Microsoft Office 2016 Professional Plus license f\u00fcr 3 PC\"}]},{\"@type\":\"WebSite\",\"@id\":\"https:\\\/\\\/winandofficews.com\\\/#website\",\"url\":\"https:\\\/\\\/winandofficews.com\\\/\",\"name\":\"Win & Office WS\",\"description\":\"Wholesales Store of Office\",\"publisher\":{\"@id\":\"https:\\\/\\\/winandofficews.com\\\/#organization\"},\"potentialAction\":[{\"@type\":\"SearchAction\",\"target\":{\"@type\":\"EntryPoint\",\"urlTemplate\":\"https:\\\/\\\/winandofficews.com\\\/?s={search_term_string}\"},\"query-input\":{\"@type\":\"PropertyValueSpecification\",\"valueRequired\":true,\"valueName\":\"search_term_string\"}}],\"inLanguage\":\"it-IT\"},{\"@type\":\"Organization\",\"@id\":\"https:\\\/\\\/winandofficews.com\\\/#organization\",\"name\":\"Win & Office WS\",\"url\":\"https:\\\/\\\/winandofficews.com\\\/\",\"logo\":{\"@type\":\"ImageObject\",\"inLanguage\":\"it-IT\",\"@id\":\"https:\\\/\\\/winandofficews.com\\\/#\\\/schema\\\/logo\\\/image\\\/\",\"url\":\"https:\\\/\\\/winandofficews.com\\\/wp-content\\\/uploads\\\/logo14.png\",\"contentUrl\":\"https:\\\/\\\/winandofficews.com\\\/wp-content\\\/uploads\\\/logo14.png\",\"width\":322,\"height\":116,\"caption\":\"Win & Office WS\"},\"image\":{\"@id\":\"https:\\\/\\\/winandofficews.com\\\/#\\\/schema\\\/logo\\\/image\\\/\"},\"sameAs\":[\"https:\\\/\\\/www.facebook.com\\\/winandofficews\\\/\",\"https:\\\/\\\/x.com\\\/WINDOWSANDOFFI1\",\"https:\\\/\\\/www.instagram.com\\\/winandoffice.ws\\\/\",\"https:\\\/\\\/de.pinterest.com\\\/winandofficews_official\\\/\",\"https:\\\/\\\/www.tiktok.com\\\/@winandofficews\",\"https:\\\/\\\/www.youtube.com\\\/channel\\\/UCPI87ZZIvl272mOtG5sL8Cg\",\"https:\\\/\\\/de.trustpilot.com\\\/review\\\/winandofficews.com\",\"https:\\\/\\\/www.trustami.com\\\/review\\\/win-and-office-wholesales-rating\"]}]}<\/script>\n<!-- \/ Yoast SEO plugin. -->","yoast_head_json":{"title":"Microsoft Office 2016 Licenza Professional Plus per 3 PC - Win e Office WS","robots":{"index":"index","follow":"follow","max-snippet":"max-snippet:-1","max-image-preview":"max-image-preview:large","max-video-preview":"max-video-preview:-1"},"canonical":"https:\/\/winandofficews.com\/it\/product\/microsoft-office-2016-professional-plus-license-for-3-devices\/","og_locale":"it_IT","og_type":"article","og_title":"Microsoft Office 2016 Professional Plus license f\u00fcr 3 PC - Win &amp; Office WS","og_description":"Microsoft Office 2016 Professional Plus f\u00fcr 3 PC  Versionen f\u00fcr 32- und 64-Bit-Systeme verf\u00fcgbar  Versand per E-Mail: Produktschl\u00fcssel, Anleitung, Downloadlinks und Rechnung  30 Tage Geld-zur\u00fcck-Garantie \u2013 Lebenslange Ersatzgarantie  Sofort-Download  Keine zeitliche Begrenzung, kein Abonnement  Kostenloser Support bei Installation und Aktivierung  Keine Lieferung auf physischen Datentr\u00e4gern (USB, CD usw.)  Aktivierung online oder telefonisch  Kompatibel mit Windows  Nicht kompatibel mit macOS\u2122, Apple-Prozessoren, Parallels f\u00fcr Mac, Android-Ger\u00e4ten und Chromebooks","og_url":"https:\/\/winandofficews.com\/it\/product\/microsoft-office-2016-professional-plus-license-for-3-devices\/","og_site_name":"Win &amp; Office WS","article_publisher":"https:\/\/www.facebook.com\/winandofficews\/","article_modified_time":"2026-04-03T09:48:31+00:00","og_image":[{"width":600,"height":600,"url":"https:\/\/winandofficews.com\/wp-content\/uploads\/O16P.png","type":"image\/png"}],"twitter_card":"summary_large_image","twitter_site":"@WINDOWSANDOFFI1","twitter_misc":{"Tempo di lettura stimato":"4 minuti"},"schema":{"@context":"https:\/\/schema.org","@graph":[{"@type":"WebPage","@id":"https:\/\/winandofficews.com\/product\/microsoft-office-2016-professional-plus-license-for-3-devices\/","url":"https:\/\/winandofficews.com\/product\/microsoft-office-2016-professional-plus-license-for-3-devices\/","name":"Microsoft Office 2016 Licenza Professional Plus per 3 PC - Win e Office WS","isPartOf":{"@id":"https:\/\/winandofficews.com\/#website"},"primaryImageOfPage":{"@id":"https:\/\/winandofficews.com\/product\/microsoft-office-2016-professional-plus-license-for-3-devices\/#primaryimage"},"image":{"@id":"https:\/\/winandofficews.com\/product\/microsoft-office-2016-professional-plus-license-for-3-devices\/#primaryimage"},"thumbnailUrl":"https:\/\/winandofficews.com\/wp-content\/uploads\/O16P.png","datePublished":"2024-11-24T10:27:07+00:00","dateModified":"2026-04-03T09:48:31+00:00","breadcrumb":{"@id":"https:\/\/winandofficews.com\/product\/microsoft-office-2016-professional-plus-license-for-3-devices\/#breadcrumb"},"inLanguage":"it-IT","potentialAction":[{"@type":"ReadAction","target":["https:\/\/winandofficews.com\/product\/microsoft-office-2016-professional-plus-license-for-3-devices\/"]}]},{"@type":"ImageObject","inLanguage":"it-IT","@id":"https:\/\/winandofficews.com\/product\/microsoft-office-2016-professional-plus-license-for-3-devices\/#primaryimage","url":"https:\/\/winandofficews.com\/wp-content\/uploads\/O16P.png","contentUrl":"https:\/\/winandofficews.com\/wp-content\/uploads\/O16P.png","width":600,"height":600},{"@type":"BreadcrumbList","@id":"https:\/\/winandofficews.com\/product\/microsoft-office-2016-professional-plus-license-for-3-devices\/#breadcrumb","itemListElement":[{"@type":"ListItem","position":1,"name":"Home","item":"https:\/\/winandofficews.com\/"},{"@type":"ListItem","position":2,"name":"Shop","item":"https:\/\/winandofficews.com\/shop\/"},{"@type":"ListItem","position":3,"name":"Microsoft Office 2016 Professional Plus license f\u00fcr 3 PC"}]},{"@type":"WebSite","@id":"https:\/\/winandofficews.com\/#website","url":"https:\/\/winandofficews.com\/","name":"Win e Office WS","description":"Negozio all'ingrosso di Office","publisher":{"@id":"https:\/\/winandofficews.com\/#organization"},"potentialAction":[{"@type":"SearchAction","target":{"@type":"EntryPoint","urlTemplate":"https:\/\/winandofficews.com\/?s={search_term_string}"},"query-input":{"@type":"PropertyValueSpecification","valueRequired":true,"valueName":"search_term_string"}}],"inLanguage":"it-IT"},{"@type":"Organization","@id":"https:\/\/winandofficews.com\/#organization","name":"Win e Office WS","url":"https:\/\/winandofficews.com\/","logo":{"@type":"ImageObject","inLanguage":"it-IT","@id":"https:\/\/winandofficews.com\/#\/schema\/logo\/image\/","url":"https:\/\/winandofficews.com\/wp-content\/uploads\/logo14.png","contentUrl":"https:\/\/winandofficews.com\/wp-content\/uploads\/logo14.png","width":322,"height":116,"caption":"Win & Office WS"},"image":{"@id":"https:\/\/winandofficews.com\/#\/schema\/logo\/image\/"},"sameAs":["https:\/\/www.facebook.com\/winandofficews\/","https:\/\/x.com\/WINDOWSANDOFFI1","https:\/\/www.instagram.com\/winandoffice.ws\/","https:\/\/de.pinterest.com\/winandofficews_official\/","https:\/\/www.tiktok.com\/@winandofficews","https:\/\/www.youtube.com\/channel\/UCPI87ZZIvl272mOtG5sL8Cg","https:\/\/de.trustpilot.com\/review\/winandofficews.com","https:\/\/www.trustami.com\/review\/win-and-office-wholesales-rating"]}]}},"_links":{"self":[{"href":"https:\/\/winandofficews.com\/it\/wp-json\/wp\/v2\/product\/8072","targetHints":{"allow":["GET"]}}],"collection":[{"href":"https:\/\/winandofficews.com\/it\/wp-json\/wp\/v2\/product"}],"about":[{"href":"https:\/\/winandofficews.com\/it\/wp-json\/wp\/v2\/types\/product"}],"replies":[{"embeddable":true,"href":"https:\/\/winandofficews.com\/it\/wp-json\/wp\/v2\/comments?post=8072"}],"wp:featuredmedia":[{"embeddable":true,"href":"https:\/\/winandofficews.com\/it\/wp-json\/wp\/v2\/media\/8073"}],"wp:attachment":[{"href":"https:\/\/winandofficews.com\/it\/wp-json\/wp\/v2\/media?parent=8072"}],"wp:term":[{"taxonomy":"product_brand","embeddable":true,"href":"https:\/\/winandofficews.com\/it\/wp-json\/wp\/v2\/product_brand?post=8072"},{"taxonomy":"product_cat","embeddable":true,"href":"https:\/\/winandofficews.com\/it\/wp-json\/wp\/v2\/product_cat?post=8072"},{"taxonomy":"product_tag","embeddable":true,"href":"https:\/\/winandofficews.com\/it\/wp-json\/wp\/v2\/product_tag?post=8072"}],"curies":[{"name":"wp","href":"https:\/\/api.w.org\/{rel}","templated":true}]}}