{"id":8014,"date":"2024-11-24T11:24:34","date_gmt":"2024-11-24T10:24:34","guid":{"rendered":"https:\/\/winandofficews.com\/?post_type=product&#038;p=8014"},"modified":"2026-04-03T11:48:24","modified_gmt":"2026-04-03T09:48:24","slug":"microsoft-visio-2019-professional-license-for-3-devices","status":"publish","type":"product","link":"https:\/\/winandofficews.com\/it\/product\/microsoft-visio-2019-professional-license-for-3-devices\/","title":{"rendered":"Microsoft Visio 2019 Professional per 3 PC"},"content":{"rendered":"<p>Microsoft Visio nell'edizione Professional 2019 rimane il miglior strumento per la progettazione di diagrammi nelle aziende e si basa su standard industriali comuni come l'IEEE. Inoltre, Microsoft ha apportato migliaia di miglioramenti dettagliati e introdotto nuove funzionalit\u00e0 per facilitare il lavoro su progetti in team pi\u00f9 numerosi. Il software \u00e8 quindi esplicitamente rivolto agli utenti professionali. Ciononostante, viene mantenuta la consueta facilit\u00e0 di accesso al programma, ottenuta soprattutto grazie a innumerevoli modelli e alla collaudata interfaccia Microsoft Office. Ogni acquirente riceve inoltre 2 GB di spazio di archiviazione gratuito nella soluzione cloud OneDrive di Microsoft.<\/p>\n<p>I diagrammi possono essere generati in Microsoft Visio Professional 2019 non appena si avvia il programma: lo assicurano centinaia di modelli basati su una selezione di oltre 250.000 forme. Poich\u00e9 l'applicazione desktop si aggiorna costantemente, vengono aggiunti regolarmente nuovi modelli. Gli utenti possono condividere i diagrammi finiti non solo come set di dati Microsoft Visio, ma anche via Internet: A tal fine, Microsoft Visio Professional 2019 supporta rappresentazioni dei diagrammi basate sul Web o l'output come file PDF per gli utenti che non utilizzano Microsoft Visio sul proprio dispositivo. I commenti che altri utenti aggiungono successivamente al diagramma sono immediatamente visibili anche al creatore del progetto, consentendogli di ricevere un feedback.<\/p>\n<p>Specificamente per Microsoft Visio Professional 2019 e Microsoft Windows 10, Microsoft ha anche migliorato il supporto per l'input con le dita e le penne come la Microsoft Surface Pen. I diagrammi possono ora essere perfezionati con metodi di input naturali, utilizzando l'inchiostro virtuale o persino le dita per colorare, spostare e riorganizzare le forme. Questo facilita anche l'utilizzo del programma su tablet. Per migliorare la collaborazione con altre persone, sono state migliorate le funzioni di annotazione ed \u00e8 stata estesa l'integrazione di Skype for Business nell'interfaccia del programma.<\/p>\n<p>I nuovi dati vengono importati direttamente da altri programmi popolari come Excel in Microsoft Visio Professional 2019. In questo modo si risparmia tempo nella modifica dei diagrammi, poich\u00e9 l'inserimento manuale \u00e8 meno frequente. Sono disponibili innumerevoli colori, forme e grafici per dare vita ai diagrammi e visualizzare chiaramente anche grandi quantit\u00e0 di informazioni, consentendo di concentrarsi sui dati pi\u00f9 importanti. Il programma supporta anche l'integrazione di disegni creati con il software AutoCAD, rendendo possibili anche forme complesse.<\/p>\n<p>Non appena i dati di qualsiasi tipo precedentemente integrati nel diagramma cambiano, Microsoft Visio Professional 2019 aggiorna automaticamente la visualizzazione del progetto. Ci\u00f2 significa che tutti i soggetti coinvolti hanno sempre una visione d'insieme e lavorano insieme su una versione aggiornata. La rinuncia agli aggiornamenti manuali semplifica il processo di lavoro e fa risparmiare tempo a lungo termine.<\/p>\n<p>Microsoft Visio Professional 2019 \u00e8 compatibile solo con Microsoft Windows 10. Non \u00e8 possibile eseguire il software con versioni Microsoft Windows precedenti. Si tratta di un codice prodotto per PC desktop o notebook. Non ci sono costi di abbonamento aggiuntivi. Microsoft garantisce gli aggiornamenti per almeno cinque anni.<\/p>\n<p><strong>Requisiti di sistema:<\/strong><\/p>\n<ul>\n<li>Microsoft Windows 10, Microsoft Windows Server 2019<\/li>\n<li>1,6 GHz, processore dual-core o pi\u00f9 veloce<\/li>\n<li>2 GB di RAM (32 bit); 4 GB di RAM (64 bit)<\/li>\n<li>4 GB di spazio disponibile su disco rigido<\/li>\n<li>L'accelerazione grafica richiede una scheda grafica compatibile con DirectX 9 (WDDM 2.0 o superiore).<\/li>\n<\/ul>\n<p><strong>Supporto:<\/strong><\/p>\n<p>In caso di domande, non esitate a <a href=\"mailto:germany@dl-winandoffice.com\">via e-mail<\/a> per contattarci. Il nostro servizio di assistenza clienti \u00e8 disponibile 7 giorni su 7, 24 ore al giorno.<\/p>","protected":false},"excerpt":{"rendered":"<ul>\n<li>Microsoft Visio 2019 Professional per 1 PC<\/li>\n<li>Sono disponibili versioni per sistemi a 32 e 64 bit<\/li>\n<li>Spedizione via e-mail: Codice prodotto, istruzioni, link per il download, fattura<\/li>\n<li><strong>30 giorni di rimborso completo - Garanzia di sostituzione a vita!!!<\/strong><\/li>\n<li>Download immediato!<\/li>\n<li>Nessun limite di tempo, nessun abbonamento<\/li>\n<li>Assistenza gratuita per l'installazione e l'attivazione<\/li>\n<li>Nessuna consegna su supporti dati (USB, CD, ecc.)<\/li>\n<li>Attivazione online e per telefono<\/li>\n<li><strong>Questo prodotto \u00e8 compatibile con Windows.<\/strong><\/li>\n<li><strong>NON \u00e8 compatibile con Apple macOS\u2122, processori Apple, Parallels for Mac, dispositivi Android e Chromebook.<\/strong><\/li>\n<\/ul>","protected":false},"featured_media":8015,"comment_status":"open","ping_status":"closed","template":"","meta":{"_acf_changed":false},"product_brand":[],"product_cat":[155],"product_tag":[],"class_list":{"0":"post-8014","1":"product","2":"type-product","3":"status-publish","4":"has-post-thumbnail","6":"product_cat-microsoft-office","8":"first","9":"instock","10":"sale","11":"virtual","12":"taxable","13":"purchasable","14":"product-type-simple"},"acf":[],"yoast_head":"<!-- This site is optimized with the Yoast SEO plugin v27.4 - https:\/\/yoast.com\/product\/yoast-seo-wordpress\/ -->\n<title>Microsoft Visio 2019 Professional f\u00fcr 3 PC - Win &amp; Office WS<\/title>\n<meta name=\"robots\" content=\"index, follow, max-snippet:-1, max-image-preview:large, max-video-preview:-1\" \/>\n<link rel=\"canonical\" href=\"https:\/\/winandofficews.com\/it\/product\/microsoft-visio-2019-professional-license-for-3-devices\/\" \/>\n<meta property=\"og:locale\" content=\"it_IT\" \/>\n<meta property=\"og:type\" content=\"article\" \/>\n<meta property=\"og:title\" content=\"Microsoft Visio 2019 Professional f\u00fcr 3 PC - Win &amp; Office WS\" \/>\n<meta property=\"og:description\" content=\"Microsoft Visio 2019 Professional f\u00fcr 1 PC  Versionen f\u00fcr 32 und 64 Bit Systeme verf\u00fcgbar  Versand per E-Mail: Produktschl\u00fcssel, Anleitung, Downloadlinks, Rechnung  30 Tage volle R\u00fcckerstattung \u2013 Lebenslange Ersatzgarantie!!!  Sofort-Download!  Keine zeitliche Begrenzung, kein Abo  Gratis Support bei der Installation und Aktivierung  Keine Lieferung auf Datentr\u00e4ger (USB, CD, usw.)  Aktivierung online und per Telefon  Dieses Produkt ist mit Windows kompatibel.  NICHT kompatibel mit Apple macOS\u2122, Apple-Prozessoren, Parallels f\u00fcr Mac, Android-Ger\u00e4ten und Chromebooks.\" \/>\n<meta property=\"og:url\" content=\"https:\/\/winandofficews.com\/it\/product\/microsoft-visio-2019-professional-license-for-3-devices\/\" \/>\n<meta property=\"og:site_name\" content=\"Win &amp; Office WS\" \/>\n<meta property=\"article:publisher\" content=\"https:\/\/www.facebook.com\/winandofficews\/\" \/>\n<meta property=\"article:modified_time\" content=\"2026-04-03T09:48:24+00:00\" \/>\n<meta property=\"og:image\" content=\"https:\/\/winandofficews.com\/wp-content\/uploads\/v19p-1.jpg\" \/>\n\t<meta property=\"og:image:width\" content=\"1500\" \/>\n\t<meta property=\"og:image:height\" content=\"1500\" \/>\n\t<meta property=\"og:image:type\" content=\"image\/jpeg\" \/>\n<meta name=\"twitter:card\" content=\"summary_large_image\" \/>\n<meta name=\"twitter:site\" content=\"@WINDOWSANDOFFI1\" \/>\n<meta name=\"twitter:label1\" content=\"Tempo di lettura stimato\" \/>\n\t<meta name=\"twitter:data1\" content=\"4 minuti\" \/>\n<script type=\"application\/ld+json\" class=\"yoast-schema-graph\">{\"@context\":\"https:\\\/\\\/schema.org\",\"@graph\":[{\"@type\":\"WebPage\",\"@id\":\"https:\\\/\\\/winandofficews.com\\\/product\\\/microsoft-visio-2019-professional-license-for-3-devices\\\/\",\"url\":\"https:\\\/\\\/winandofficews.com\\\/product\\\/microsoft-visio-2019-professional-license-for-3-devices\\\/\",\"name\":\"Microsoft Visio 2019 Professional f\u00fcr 3 PC - Win &amp; Office WS\",\"isPartOf\":{\"@id\":\"https:\\\/\\\/winandofficews.com\\\/#website\"},\"primaryImageOfPage\":{\"@id\":\"https:\\\/\\\/winandofficews.com\\\/product\\\/microsoft-visio-2019-professional-license-for-3-devices\\\/#primaryimage\"},\"image\":{\"@id\":\"https:\\\/\\\/winandofficews.com\\\/product\\\/microsoft-visio-2019-professional-license-for-3-devices\\\/#primaryimage\"},\"thumbnailUrl\":\"https:\\\/\\\/winandofficews.com\\\/wp-content\\\/uploads\\\/v19p-1.jpg\",\"datePublished\":\"2024-11-24T10:24:34+00:00\",\"dateModified\":\"2026-04-03T09:48:24+00:00\",\"breadcrumb\":{\"@id\":\"https:\\\/\\\/winandofficews.com\\\/product\\\/microsoft-visio-2019-professional-license-for-3-devices\\\/#breadcrumb\"},\"inLanguage\":\"it-IT\",\"potentialAction\":[{\"@type\":\"ReadAction\",\"target\":[\"https:\\\/\\\/winandofficews.com\\\/product\\\/microsoft-visio-2019-professional-license-for-3-devices\\\/\"]}]},{\"@type\":\"ImageObject\",\"inLanguage\":\"it-IT\",\"@id\":\"https:\\\/\\\/winandofficews.com\\\/product\\\/microsoft-visio-2019-professional-license-for-3-devices\\\/#primaryimage\",\"url\":\"https:\\\/\\\/winandofficews.com\\\/wp-content\\\/uploads\\\/v19p-1.jpg\",\"contentUrl\":\"https:\\\/\\\/winandofficews.com\\\/wp-content\\\/uploads\\\/v19p-1.jpg\",\"width\":1500,\"height\":1500},{\"@type\":\"BreadcrumbList\",\"@id\":\"https:\\\/\\\/winandofficews.com\\\/product\\\/microsoft-visio-2019-professional-license-for-3-devices\\\/#breadcrumb\",\"itemListElement\":[{\"@type\":\"ListItem\",\"position\":1,\"name\":\"Home\",\"item\":\"https:\\\/\\\/winandofficews.com\\\/\"},{\"@type\":\"ListItem\",\"position\":2,\"name\":\"Shop\",\"item\":\"https:\\\/\\\/winandofficews.com\\\/shop\\\/\"},{\"@type\":\"ListItem\",\"position\":3,\"name\":\"Microsoft Visio 2019 Professional f\u00fcr 3 PC\"}]},{\"@type\":\"WebSite\",\"@id\":\"https:\\\/\\\/winandofficews.com\\\/#website\",\"url\":\"https:\\\/\\\/winandofficews.com\\\/\",\"name\":\"Win & Office WS\",\"description\":\"Wholesales Store of Office\",\"publisher\":{\"@id\":\"https:\\\/\\\/winandofficews.com\\\/#organization\"},\"potentialAction\":[{\"@type\":\"SearchAction\",\"target\":{\"@type\":\"EntryPoint\",\"urlTemplate\":\"https:\\\/\\\/winandofficews.com\\\/?s={search_term_string}\"},\"query-input\":{\"@type\":\"PropertyValueSpecification\",\"valueRequired\":true,\"valueName\":\"search_term_string\"}}],\"inLanguage\":\"it-IT\"},{\"@type\":\"Organization\",\"@id\":\"https:\\\/\\\/winandofficews.com\\\/#organization\",\"name\":\"Win & Office WS\",\"url\":\"https:\\\/\\\/winandofficews.com\\\/\",\"logo\":{\"@type\":\"ImageObject\",\"inLanguage\":\"it-IT\",\"@id\":\"https:\\\/\\\/winandofficews.com\\\/#\\\/schema\\\/logo\\\/image\\\/\",\"url\":\"https:\\\/\\\/winandofficews.com\\\/wp-content\\\/uploads\\\/logo14.png\",\"contentUrl\":\"https:\\\/\\\/winandofficews.com\\\/wp-content\\\/uploads\\\/logo14.png\",\"width\":322,\"height\":116,\"caption\":\"Win & Office WS\"},\"image\":{\"@id\":\"https:\\\/\\\/winandofficews.com\\\/#\\\/schema\\\/logo\\\/image\\\/\"},\"sameAs\":[\"https:\\\/\\\/www.facebook.com\\\/winandofficews\\\/\",\"https:\\\/\\\/x.com\\\/WINDOWSANDOFFI1\",\"https:\\\/\\\/www.instagram.com\\\/winandoffice.ws\\\/\",\"https:\\\/\\\/de.pinterest.com\\\/winandofficews_official\\\/\",\"https:\\\/\\\/www.tiktok.com\\\/@winandofficews\",\"https:\\\/\\\/www.youtube.com\\\/channel\\\/UCPI87ZZIvl272mOtG5sL8Cg\",\"https:\\\/\\\/de.trustpilot.com\\\/review\\\/winandofficews.com\",\"https:\\\/\\\/www.trustami.com\\\/review\\\/win-and-office-wholesales-rating\"]}]}<\/script>\n<!-- \/ Yoast SEO plugin. -->","yoast_head_json":{"title":"Microsoft Visio 2019 Professional f\u00fcr 3 PC - Win &amp; Office WS","robots":{"index":"index","follow":"follow","max-snippet":"max-snippet:-1","max-image-preview":"max-image-preview:large","max-video-preview":"max-video-preview:-1"},"canonical":"https:\/\/winandofficews.com\/it\/product\/microsoft-visio-2019-professional-license-for-3-devices\/","og_locale":"it_IT","og_type":"article","og_title":"Microsoft Visio 2019 Professional f\u00fcr 3 PC - Win &amp; Office WS","og_description":"Microsoft Visio 2019 Professional f\u00fcr 1 PC  Versionen f\u00fcr 32 und 64 Bit Systeme verf\u00fcgbar  Versand per E-Mail: Produktschl\u00fcssel, Anleitung, Downloadlinks, Rechnung  30 Tage volle R\u00fcckerstattung \u2013 Lebenslange Ersatzgarantie!!!  Sofort-Download!  Keine zeitliche Begrenzung, kein Abo  Gratis Support bei der Installation und Aktivierung  Keine Lieferung auf Datentr\u00e4ger (USB, CD, usw.)  Aktivierung online und per Telefon  Dieses Produkt ist mit Windows kompatibel.  NICHT kompatibel mit Apple macOS\u2122, Apple-Prozessoren, Parallels f\u00fcr Mac, Android-Ger\u00e4ten und Chromebooks.","og_url":"https:\/\/winandofficews.com\/it\/product\/microsoft-visio-2019-professional-license-for-3-devices\/","og_site_name":"Win &amp; Office WS","article_publisher":"https:\/\/www.facebook.com\/winandofficews\/","article_modified_time":"2026-04-03T09:48:24+00:00","og_image":[{"width":1500,"height":1500,"url":"https:\/\/winandofficews.com\/wp-content\/uploads\/v19p-1.jpg","type":"image\/jpeg"}],"twitter_card":"summary_large_image","twitter_site":"@WINDOWSANDOFFI1","twitter_misc":{"Tempo di lettura stimato":"4 minuti"},"schema":{"@context":"https:\/\/schema.org","@graph":[{"@type":"WebPage","@id":"https:\/\/winandofficews.com\/product\/microsoft-visio-2019-professional-license-for-3-devices\/","url":"https:\/\/winandofficews.com\/product\/microsoft-visio-2019-professional-license-for-3-devices\/","name":"Microsoft Visio 2019 Professional f\u00fcr 3 PC - Win &amp; Office WS","isPartOf":{"@id":"https:\/\/winandofficews.com\/#website"},"primaryImageOfPage":{"@id":"https:\/\/winandofficews.com\/product\/microsoft-visio-2019-professional-license-for-3-devices\/#primaryimage"},"image":{"@id":"https:\/\/winandofficews.com\/product\/microsoft-visio-2019-professional-license-for-3-devices\/#primaryimage"},"thumbnailUrl":"https:\/\/winandofficews.com\/wp-content\/uploads\/v19p-1.jpg","datePublished":"2024-11-24T10:24:34+00:00","dateModified":"2026-04-03T09:48:24+00:00","breadcrumb":{"@id":"https:\/\/winandofficews.com\/product\/microsoft-visio-2019-professional-license-for-3-devices\/#breadcrumb"},"inLanguage":"it-IT","potentialAction":[{"@type":"ReadAction","target":["https:\/\/winandofficews.com\/product\/microsoft-visio-2019-professional-license-for-3-devices\/"]}]},{"@type":"ImageObject","inLanguage":"it-IT","@id":"https:\/\/winandofficews.com\/product\/microsoft-visio-2019-professional-license-for-3-devices\/#primaryimage","url":"https:\/\/winandofficews.com\/wp-content\/uploads\/v19p-1.jpg","contentUrl":"https:\/\/winandofficews.com\/wp-content\/uploads\/v19p-1.jpg","width":1500,"height":1500},{"@type":"BreadcrumbList","@id":"https:\/\/winandofficews.com\/product\/microsoft-visio-2019-professional-license-for-3-devices\/#breadcrumb","itemListElement":[{"@type":"ListItem","position":1,"name":"Home","item":"https:\/\/winandofficews.com\/"},{"@type":"ListItem","position":2,"name":"Shop","item":"https:\/\/winandofficews.com\/shop\/"},{"@type":"ListItem","position":3,"name":"Microsoft Visio 2019 Professional f\u00fcr 3 PC"}]},{"@type":"WebSite","@id":"https:\/\/winandofficews.com\/#website","url":"https:\/\/winandofficews.com\/","name":"Win e Office WS","description":"Negozio all'ingrosso di Office","publisher":{"@id":"https:\/\/winandofficews.com\/#organization"},"potentialAction":[{"@type":"SearchAction","target":{"@type":"EntryPoint","urlTemplate":"https:\/\/winandofficews.com\/?s={search_term_string}"},"query-input":{"@type":"PropertyValueSpecification","valueRequired":true,"valueName":"search_term_string"}}],"inLanguage":"it-IT"},{"@type":"Organization","@id":"https:\/\/winandofficews.com\/#organization","name":"Win e Office WS","url":"https:\/\/winandofficews.com\/","logo":{"@type":"ImageObject","inLanguage":"it-IT","@id":"https:\/\/winandofficews.com\/#\/schema\/logo\/image\/","url":"https:\/\/winandofficews.com\/wp-content\/uploads\/logo14.png","contentUrl":"https:\/\/winandofficews.com\/wp-content\/uploads\/logo14.png","width":322,"height":116,"caption":"Win & Office WS"},"image":{"@id":"https:\/\/winandofficews.com\/#\/schema\/logo\/image\/"},"sameAs":["https:\/\/www.facebook.com\/winandofficews\/","https:\/\/x.com\/WINDOWSANDOFFI1","https:\/\/www.instagram.com\/winandoffice.ws\/","https:\/\/de.pinterest.com\/winandofficews_official\/","https:\/\/www.tiktok.com\/@winandofficews","https:\/\/www.youtube.com\/channel\/UCPI87ZZIvl272mOtG5sL8Cg","https:\/\/de.trustpilot.com\/review\/winandofficews.com","https:\/\/www.trustami.com\/review\/win-and-office-wholesales-rating"]}]}},"_links":{"self":[{"href":"https:\/\/winandofficews.com\/it\/wp-json\/wp\/v2\/product\/8014","targetHints":{"allow":["GET"]}}],"collection":[{"href":"https:\/\/winandofficews.com\/it\/wp-json\/wp\/v2\/product"}],"about":[{"href":"https:\/\/winandofficews.com\/it\/wp-json\/wp\/v2\/types\/product"}],"replies":[{"embeddable":true,"href":"https:\/\/winandofficews.com\/it\/wp-json\/wp\/v2\/comments?post=8014"}],"wp:featuredmedia":[{"embeddable":true,"href":"https:\/\/winandofficews.com\/it\/wp-json\/wp\/v2\/media\/8015"}],"wp:attachment":[{"href":"https:\/\/winandofficews.com\/it\/wp-json\/wp\/v2\/media?parent=8014"}],"wp:term":[{"taxonomy":"product_brand","embeddable":true,"href":"https:\/\/winandofficews.com\/it\/wp-json\/wp\/v2\/product_brand?post=8014"},{"taxonomy":"product_cat","embeddable":true,"href":"https:\/\/winandofficews.com\/it\/wp-json\/wp\/v2\/product_cat?post=8014"},{"taxonomy":"product_tag","embeddable":true,"href":"https:\/\/winandofficews.com\/it\/wp-json\/wp\/v2\/product_tag?post=8014"}],"curies":[{"name":"wp","href":"https:\/\/api.w.org\/{rel}","templated":true}]}}