{"id":8003,"date":"2024-11-24T11:24:12","date_gmt":"2024-11-24T10:24:12","guid":{"rendered":"https:\/\/winandofficews.com\/?post_type=product&#038;p=8003"},"modified":"2026-04-03T11:48:15","modified_gmt":"2026-04-03T09:48:15","slug":"microsoft-windows-10-home-microsoft-office-2021-standard","status":"publish","type":"product","link":"https:\/\/winandofficews.com\/it\/product\/microsoft-windows-10-home-microsoft-office-2021-standard\/","title":{"rendered":"Microsoft Windows 10 Casa + Microsoft Office 2021 Standard"},"content":{"rendered":"<h3>Microsoft Windows 10 Casa<\/h3>\n<p>Con un computer con Microsoft Windows 10 Home, tutte le opzioni sono aperte.<\/p>\n<ul>\n<li>Funzionalit\u00e0 di sicurezza integrate, come software antivirus, firewall e meccanismi di protezione Internet.<\/li>\n<li>Scansione del volto o dell'impronta digitale con Microsoft Windows Hello per sbloccare il computer in modo rapido, sicuro e senza password.<\/li>\n<li>Con la procedura guidata di notifica, \u00e8 possibile bloccare notifiche, suoni e avvisi per non essere distratti durante il lavoro.<\/li>\n<li>\u00c8 possibile utilizzare la timeline per scorrere rapidamente e facilmente i documenti, le app e i siti web utilizzati pi\u00f9 di recente.<\/li>\n<li>Con Microsoft Photos \u00e8 possibile organizzare, sfogliare, modificare e condividere facilmente foto e video.<\/li>\n<li>Con Game Bar \u00e8 possibile trasmettere istantaneamente le partite in live streaming, effettuare registrazioni dello schermo e regolare con precisione le impostazioni audio.<\/li>\n<\/ul>\n<p>Avrete un avvio pi\u00f9 rapido del sistema, un menu di avvio familiare ma migliorato e nuovi modi per completare le attivit\u00e0 in modo rapido ed efficace. Inoltre, avrete a disposizione nuove funzionalit\u00e0 come un nuovissimo browser che vi aiuter\u00e0 a navigare nel web e il vostro assistente digitale personale Cortana. Cortana vi accompagna su tutti i dispositivi Microsoft Windows 10 e vi aiuta a fare le cose. Con il passare del tempo impara a conoscervi meglio e pu\u00f2 aiutarvi ogni giorno di pi\u00f9.<\/p>\n<p><strong>Microsoft Windows 10 Casa<\/strong> vi supporta in modo ottimale in tutto ci\u00f2 che fate. Mantenete una visione d'insieme semplicemente agganciando le applicazioni e ottimizzando il display per lavorare in modo pi\u00f9 produttivo. \u00c8 possibile agganciare fino a quattro applicazioni contemporaneamente e creare desktop virtuali se si ha bisogno di pi\u00f9 spazio o si desidera raggruppare i contenuti per un progetto, ad esempio applicazioni per ufficio per il lavoro e giochi per il tempo libero.<\/p>\n<p><strong>Microsoft Windows 10<\/strong> \u00e8 compatibile con l'hardware, il software e le periferiche gi\u00e0 in vostro possesso. Mantenete il vostro sistema aggiornato con nuove funzionalit\u00e0 e caratteristiche di sicurezza per tutta la durata del prodotto.<\/p>\n<p><strong>Requisiti di sistema:<\/strong><\/p>\n<ul>\n<li>Minimo. Processore da 1 GHz o pi\u00f9 veloce<\/li>\n<li>1 GB (32 bit), 2 GB (64 bit) di RAM<\/li>\n<li>20 GB di spazio disponibile su disco rigido<\/li>\n<li>Scheda grafica con processore grafico DirectX 9 e driver WDDM<\/li>\n<\/ul>\n<h3>Microsoft Office 2021 Standard<\/h3>\n<p>L'edizione Microsoft Office 2021 Standard \u00e8 ideale per gli utenti che utilizzano le applicazioni Microsoft Office pi\u00f9 diffuse a casa o in ufficio. Include le classiche applicazioni Microsoft Office: Word, Excel, Outlook, PowerPoint e Publisher. OneNote pu\u00f2 essere scaricato dall'Microsoft Windows Store e consente di creare rapidamente note e renderle disponibili su tutti i dispositivi tramite il cloud. Prestazioni, stabilit\u00e0 e velocit\u00e0 migliorate in Word, Excel, PowerPoint e Outlook. La ricerca, gli strumenti a mano libera, i tipi di dati, le funzioni, gli strumenti di traduzione e di modifica, la grafica animata, le funzioni di facile utilizzo e molto altro ancora sono disponibili in tutta la suite Microsoft Office 2021.<\/p>\n<ul>\n<li><strong>Parola<\/strong>Create documenti di testo di qualit\u00e0 professionale in pochissimo tempo.<\/li>\n<li><strong>Excel<\/strong>Fogli di calcolo intelligenti, ora con nuove funzioni come XLOOKUP<\/li>\n<li><strong>PowerPoint<\/strong>Nuove e migliorate funzioni per creare presentazioni dinamiche di grande effetto.<\/li>\n<li><strong>OneNote<\/strong>Il vostro taccuino digitale nel cloud.<\/li>\n<li><strong>Prospettiva<\/strong>Comunicazione semplificata; ora include potenti funzioni di traduzione.<\/li>\n<li><strong>Editore<\/strong>Creazione di layout per pubblicazioni professionali<\/li>\n<\/ul>\n<p><strong>RICHIEDE WINDOWS 10 O 11!<\/strong><\/p>\n<p><strong>Supporto:<\/strong><\/p>\n<p>In caso di domande, non esitate a <a href=\"mailto:germany@dl-winandoffice.com\">via e-mail<\/a> per contattarci. Il nostro servizio di assistenza clienti \u00e8 disponibile 7 giorni su 7, 24 ore al giorno.<\/p>","protected":false},"excerpt":{"rendered":"<ul>\n<li>Microsoft Windows 10 Home + Microsoft Office 2021 Standard per 1 PC<\/li>\n<li>Sono disponibili versioni per sistemi a 32 e 64 bit<\/li>\n<li>Spedizione via e-mail: Codice prodotto, istruzioni, link per il download, fattura<\/li>\n<li><strong>30 giorni di rimborso completo - Garanzia di sostituzione a vita!!!<\/strong><\/li>\n<li>Download immediato!<\/li>\n<li>Nessun limite di tempo, nessun abbonamento<\/li>\n<li>Assistenza gratuita per l'installazione e l'attivazione<\/li>\n<li>Nessuna consegna su supporti dati (USB, CD, ecc.)<\/li>\n<li>Attivazione online e per telefono<\/li>\n<li><strong>Questo prodotto \u00e8 compatibile con Windows.<\/strong><\/li>\n<li><strong>NON \u00e8 compatibile con Apple macOS\u2122, processori Apple, Parallels for Mac, dispositivi Android e Chromebook.<\/strong><\/li>\n<\/ul>","protected":false},"featured_media":8004,"comment_status":"open","ping_status":"closed","template":"","meta":{"_acf_changed":false},"product_brand":[],"product_cat":[157,158],"product_tag":[],"class_list":{"0":"post-8003","1":"product","2":"type-product","3":"status-publish","4":"has-post-thumbnail","6":"product_cat-combo","7":"product_cat-microsoft-windows","9":"first","10":"instock","11":"sale","12":"virtual","13":"taxable","14":"purchasable","15":"product-type-simple"},"acf":[],"yoast_head":"<!-- This site is optimized with the Yoast SEO plugin v27.4 - https:\/\/yoast.com\/product\/yoast-seo-wordpress\/ -->\n<title>Microsoft Windows 10 Home + Microsoft Office 2021 Standard - Win &amp; Office WS<\/title>\n<meta name=\"robots\" content=\"index, follow, max-snippet:-1, max-image-preview:large, max-video-preview:-1\" \/>\n<link rel=\"canonical\" href=\"https:\/\/winandofficews.com\/it\/product\/microsoft-windows-10-home-microsoft-office-2021-standard\/\" \/>\n<meta property=\"og:locale\" content=\"it_IT\" \/>\n<meta property=\"og:type\" content=\"article\" \/>\n<meta property=\"og:title\" content=\"Microsoft Windows 10 Home + Microsoft Office 2021 Standard - Win &amp; Office WS\" \/>\n<meta property=\"og:description\" content=\"Microsoft Windows 10 Home + Microsoft Office 2021 Standard f\u00fcr 1 PC  Versionen f\u00fcr 32 und 64 Bit Systeme verf\u00fcgbar  Versand per E-Mail: Produktschl\u00fcssel, Anleitung, Downloadlinks, Rechnung  30 Tage volle R\u00fcckerstattung \u2013 Lebenslange Ersatzgarantie!!!  Sofort-Download!  Keine zeitliche Begrenzung, kein Abo  Gratis Support bei der Installation und Aktivierung  Keine Lieferung auf Datentr\u00e4ger (USB, CD, usw.)  Aktivierung online und per Telefon  Dieses Produkt ist mit Windows kompatibel.  NICHT kompatibel mit Apple macOS\u2122, Apple-Prozessoren, Parallels f\u00fcr Mac, Android-Ger\u00e4ten und Chromebooks.\" \/>\n<meta property=\"og:url\" content=\"https:\/\/winandofficews.com\/it\/product\/microsoft-windows-10-home-microsoft-office-2021-standard\/\" \/>\n<meta property=\"og:site_name\" content=\"Win &amp; Office WS\" \/>\n<meta property=\"article:publisher\" content=\"https:\/\/www.facebook.com\/winandofficews\/\" \/>\n<meta property=\"article:modified_time\" content=\"2026-04-03T09:48:15+00:00\" \/>\n<meta property=\"og:image\" content=\"https:\/\/winandofficews.com\/wp-content\/uploads\/W10HO21S.png\" \/>\n\t<meta property=\"og:image:width\" content=\"600\" \/>\n\t<meta property=\"og:image:height\" content=\"600\" \/>\n\t<meta property=\"og:image:type\" content=\"image\/png\" \/>\n<meta name=\"twitter:card\" content=\"summary_large_image\" \/>\n<meta name=\"twitter:site\" content=\"@WINDOWSANDOFFI1\" \/>\n<meta name=\"twitter:label1\" content=\"Tempo di lettura stimato\" \/>\n\t<meta name=\"twitter:data1\" content=\"3 minuti\" \/>\n<script type=\"application\/ld+json\" class=\"yoast-schema-graph\">{\"@context\":\"https:\\\/\\\/schema.org\",\"@graph\":[{\"@type\":\"WebPage\",\"@id\":\"https:\\\/\\\/winandofficews.com\\\/product\\\/microsoft-windows-10-home-microsoft-office-2021-standard\\\/\",\"url\":\"https:\\\/\\\/winandofficews.com\\\/product\\\/microsoft-windows-10-home-microsoft-office-2021-standard\\\/\",\"name\":\"Microsoft Windows 10 Home + Microsoft Office 2021 Standard - Win &amp; Office WS\",\"isPartOf\":{\"@id\":\"https:\\\/\\\/winandofficews.com\\\/#website\"},\"primaryImageOfPage\":{\"@id\":\"https:\\\/\\\/winandofficews.com\\\/product\\\/microsoft-windows-10-home-microsoft-office-2021-standard\\\/#primaryimage\"},\"image\":{\"@id\":\"https:\\\/\\\/winandofficews.com\\\/product\\\/microsoft-windows-10-home-microsoft-office-2021-standard\\\/#primaryimage\"},\"thumbnailUrl\":\"https:\\\/\\\/winandofficews.com\\\/wp-content\\\/uploads\\\/W10HO21S.png\",\"datePublished\":\"2024-11-24T10:24:12+00:00\",\"dateModified\":\"2026-04-03T09:48:15+00:00\",\"breadcrumb\":{\"@id\":\"https:\\\/\\\/winandofficews.com\\\/product\\\/microsoft-windows-10-home-microsoft-office-2021-standard\\\/#breadcrumb\"},\"inLanguage\":\"it-IT\",\"potentialAction\":[{\"@type\":\"ReadAction\",\"target\":[\"https:\\\/\\\/winandofficews.com\\\/product\\\/microsoft-windows-10-home-microsoft-office-2021-standard\\\/\"]}]},{\"@type\":\"ImageObject\",\"inLanguage\":\"it-IT\",\"@id\":\"https:\\\/\\\/winandofficews.com\\\/product\\\/microsoft-windows-10-home-microsoft-office-2021-standard\\\/#primaryimage\",\"url\":\"https:\\\/\\\/winandofficews.com\\\/wp-content\\\/uploads\\\/W10HO21S.png\",\"contentUrl\":\"https:\\\/\\\/winandofficews.com\\\/wp-content\\\/uploads\\\/W10HO21S.png\",\"width\":600,\"height\":600},{\"@type\":\"BreadcrumbList\",\"@id\":\"https:\\\/\\\/winandofficews.com\\\/product\\\/microsoft-windows-10-home-microsoft-office-2021-standard\\\/#breadcrumb\",\"itemListElement\":[{\"@type\":\"ListItem\",\"position\":1,\"name\":\"Home\",\"item\":\"https:\\\/\\\/winandofficews.com\\\/\"},{\"@type\":\"ListItem\",\"position\":2,\"name\":\"Shop\",\"item\":\"https:\\\/\\\/winandofficews.com\\\/shop\\\/\"},{\"@type\":\"ListItem\",\"position\":3,\"name\":\"Microsoft Windows 10 Home + Microsoft Office 2021 Standard\"}]},{\"@type\":\"WebSite\",\"@id\":\"https:\\\/\\\/winandofficews.com\\\/#website\",\"url\":\"https:\\\/\\\/winandofficews.com\\\/\",\"name\":\"Win & Office WS\",\"description\":\"Wholesales Store of Office\",\"publisher\":{\"@id\":\"https:\\\/\\\/winandofficews.com\\\/#organization\"},\"potentialAction\":[{\"@type\":\"SearchAction\",\"target\":{\"@type\":\"EntryPoint\",\"urlTemplate\":\"https:\\\/\\\/winandofficews.com\\\/?s={search_term_string}\"},\"query-input\":{\"@type\":\"PropertyValueSpecification\",\"valueRequired\":true,\"valueName\":\"search_term_string\"}}],\"inLanguage\":\"it-IT\"},{\"@type\":\"Organization\",\"@id\":\"https:\\\/\\\/winandofficews.com\\\/#organization\",\"name\":\"Win & Office WS\",\"url\":\"https:\\\/\\\/winandofficews.com\\\/\",\"logo\":{\"@type\":\"ImageObject\",\"inLanguage\":\"it-IT\",\"@id\":\"https:\\\/\\\/winandofficews.com\\\/#\\\/schema\\\/logo\\\/image\\\/\",\"url\":\"https:\\\/\\\/winandofficews.com\\\/wp-content\\\/uploads\\\/logo14.png\",\"contentUrl\":\"https:\\\/\\\/winandofficews.com\\\/wp-content\\\/uploads\\\/logo14.png\",\"width\":322,\"height\":116,\"caption\":\"Win & Office WS\"},\"image\":{\"@id\":\"https:\\\/\\\/winandofficews.com\\\/#\\\/schema\\\/logo\\\/image\\\/\"},\"sameAs\":[\"https:\\\/\\\/www.facebook.com\\\/winandofficews\\\/\",\"https:\\\/\\\/x.com\\\/WINDOWSANDOFFI1\",\"https:\\\/\\\/www.instagram.com\\\/winandoffice.ws\\\/\",\"https:\\\/\\\/de.pinterest.com\\\/winandofficews_official\\\/\",\"https:\\\/\\\/www.tiktok.com\\\/@winandofficews\",\"https:\\\/\\\/www.youtube.com\\\/channel\\\/UCPI87ZZIvl272mOtG5sL8Cg\",\"https:\\\/\\\/de.trustpilot.com\\\/review\\\/winandofficews.com\",\"https:\\\/\\\/www.trustami.com\\\/review\\\/win-and-office-wholesales-rating\"]}]}<\/script>\n<!-- \/ Yoast SEO plugin. -->","yoast_head_json":{"title":"Microsoft Windows 10 Home + Microsoft Office 2021 Standard - Win e Office WS","robots":{"index":"index","follow":"follow","max-snippet":"max-snippet:-1","max-image-preview":"max-image-preview:large","max-video-preview":"max-video-preview:-1"},"canonical":"https:\/\/winandofficews.com\/it\/product\/microsoft-windows-10-home-microsoft-office-2021-standard\/","og_locale":"it_IT","og_type":"article","og_title":"Microsoft Windows 10 Home + Microsoft Office 2021 Standard - Win &amp; Office WS","og_description":"Microsoft Windows 10 Home + Microsoft Office 2021 Standard f\u00fcr 1 PC  Versionen f\u00fcr 32 und 64 Bit Systeme verf\u00fcgbar  Versand per E-Mail: Produktschl\u00fcssel, Anleitung, Downloadlinks, Rechnung  30 Tage volle R\u00fcckerstattung \u2013 Lebenslange Ersatzgarantie!!!  Sofort-Download!  Keine zeitliche Begrenzung, kein Abo  Gratis Support bei der Installation und Aktivierung  Keine Lieferung auf Datentr\u00e4ger (USB, CD, usw.)  Aktivierung online und per Telefon  Dieses Produkt ist mit Windows kompatibel.  NICHT kompatibel mit Apple macOS\u2122, Apple-Prozessoren, Parallels f\u00fcr Mac, Android-Ger\u00e4ten und Chromebooks.","og_url":"https:\/\/winandofficews.com\/it\/product\/microsoft-windows-10-home-microsoft-office-2021-standard\/","og_site_name":"Win &amp; Office WS","article_publisher":"https:\/\/www.facebook.com\/winandofficews\/","article_modified_time":"2026-04-03T09:48:15+00:00","og_image":[{"width":600,"height":600,"url":"https:\/\/winandofficews.com\/wp-content\/uploads\/W10HO21S.png","type":"image\/png"}],"twitter_card":"summary_large_image","twitter_site":"@WINDOWSANDOFFI1","twitter_misc":{"Tempo di lettura stimato":"3 minuti"},"schema":{"@context":"https:\/\/schema.org","@graph":[{"@type":"WebPage","@id":"https:\/\/winandofficews.com\/product\/microsoft-windows-10-home-microsoft-office-2021-standard\/","url":"https:\/\/winandofficews.com\/product\/microsoft-windows-10-home-microsoft-office-2021-standard\/","name":"Microsoft Windows 10 Home + Microsoft Office 2021 Standard - Win e Office WS","isPartOf":{"@id":"https:\/\/winandofficews.com\/#website"},"primaryImageOfPage":{"@id":"https:\/\/winandofficews.com\/product\/microsoft-windows-10-home-microsoft-office-2021-standard\/#primaryimage"},"image":{"@id":"https:\/\/winandofficews.com\/product\/microsoft-windows-10-home-microsoft-office-2021-standard\/#primaryimage"},"thumbnailUrl":"https:\/\/winandofficews.com\/wp-content\/uploads\/W10HO21S.png","datePublished":"2024-11-24T10:24:12+00:00","dateModified":"2026-04-03T09:48:15+00:00","breadcrumb":{"@id":"https:\/\/winandofficews.com\/product\/microsoft-windows-10-home-microsoft-office-2021-standard\/#breadcrumb"},"inLanguage":"it-IT","potentialAction":[{"@type":"ReadAction","target":["https:\/\/winandofficews.com\/product\/microsoft-windows-10-home-microsoft-office-2021-standard\/"]}]},{"@type":"ImageObject","inLanguage":"it-IT","@id":"https:\/\/winandofficews.com\/product\/microsoft-windows-10-home-microsoft-office-2021-standard\/#primaryimage","url":"https:\/\/winandofficews.com\/wp-content\/uploads\/W10HO21S.png","contentUrl":"https:\/\/winandofficews.com\/wp-content\/uploads\/W10HO21S.png","width":600,"height":600},{"@type":"BreadcrumbList","@id":"https:\/\/winandofficews.com\/product\/microsoft-windows-10-home-microsoft-office-2021-standard\/#breadcrumb","itemListElement":[{"@type":"ListItem","position":1,"name":"Home","item":"https:\/\/winandofficews.com\/"},{"@type":"ListItem","position":2,"name":"Shop","item":"https:\/\/winandofficews.com\/shop\/"},{"@type":"ListItem","position":3,"name":"Microsoft Windows 10 Home + Microsoft Office 2021 Standard"}]},{"@type":"WebSite","@id":"https:\/\/winandofficews.com\/#website","url":"https:\/\/winandofficews.com\/","name":"Win e Office WS","description":"Negozio all'ingrosso di Office","publisher":{"@id":"https:\/\/winandofficews.com\/#organization"},"potentialAction":[{"@type":"SearchAction","target":{"@type":"EntryPoint","urlTemplate":"https:\/\/winandofficews.com\/?s={search_term_string}"},"query-input":{"@type":"PropertyValueSpecification","valueRequired":true,"valueName":"search_term_string"}}],"inLanguage":"it-IT"},{"@type":"Organization","@id":"https:\/\/winandofficews.com\/#organization","name":"Win e Office WS","url":"https:\/\/winandofficews.com\/","logo":{"@type":"ImageObject","inLanguage":"it-IT","@id":"https:\/\/winandofficews.com\/#\/schema\/logo\/image\/","url":"https:\/\/winandofficews.com\/wp-content\/uploads\/logo14.png","contentUrl":"https:\/\/winandofficews.com\/wp-content\/uploads\/logo14.png","width":322,"height":116,"caption":"Win & Office WS"},"image":{"@id":"https:\/\/winandofficews.com\/#\/schema\/logo\/image\/"},"sameAs":["https:\/\/www.facebook.com\/winandofficews\/","https:\/\/x.com\/WINDOWSANDOFFI1","https:\/\/www.instagram.com\/winandoffice.ws\/","https:\/\/de.pinterest.com\/winandofficews_official\/","https:\/\/www.tiktok.com\/@winandofficews","https:\/\/www.youtube.com\/channel\/UCPI87ZZIvl272mOtG5sL8Cg","https:\/\/de.trustpilot.com\/review\/winandofficews.com","https:\/\/www.trustami.com\/review\/win-and-office-wholesales-rating"]}]}},"_links":{"self":[{"href":"https:\/\/winandofficews.com\/it\/wp-json\/wp\/v2\/product\/8003","targetHints":{"allow":["GET"]}}],"collection":[{"href":"https:\/\/winandofficews.com\/it\/wp-json\/wp\/v2\/product"}],"about":[{"href":"https:\/\/winandofficews.com\/it\/wp-json\/wp\/v2\/types\/product"}],"replies":[{"embeddable":true,"href":"https:\/\/winandofficews.com\/it\/wp-json\/wp\/v2\/comments?post=8003"}],"wp:featuredmedia":[{"embeddable":true,"href":"https:\/\/winandofficews.com\/it\/wp-json\/wp\/v2\/media\/8004"}],"wp:attachment":[{"href":"https:\/\/winandofficews.com\/it\/wp-json\/wp\/v2\/media?parent=8003"}],"wp:term":[{"taxonomy":"product_brand","embeddable":true,"href":"https:\/\/winandofficews.com\/it\/wp-json\/wp\/v2\/product_brand?post=8003"},{"taxonomy":"product_cat","embeddable":true,"href":"https:\/\/winandofficews.com\/it\/wp-json\/wp\/v2\/product_cat?post=8003"},{"taxonomy":"product_tag","embeddable":true,"href":"https:\/\/winandofficews.com\/it\/wp-json\/wp\/v2\/product_tag?post=8003"}],"curies":[{"name":"wp","href":"https:\/\/api.w.org\/{rel}","templated":true}]}}