{"id":8001,"date":"2024-11-24T11:24:08","date_gmt":"2024-11-24T10:24:08","guid":{"rendered":"https:\/\/winandofficews.com\/?post_type=product&#038;p=8001"},"modified":"2026-04-03T11:48:15","modified_gmt":"2026-04-03T09:48:15","slug":"microsoft-windows-11-professional-microsoft-office-2021-standard-license-for-3-devices","status":"publish","type":"product","link":"https:\/\/winandofficews.com\/it\/product\/microsoft-windows-11-professional-microsoft-office-2021-standard-license-for-3-devices\/","title":{"rendered":"Microsoft Windows 11 Professional + Microsoft Office 2021 Standard licenza per 3 dispositivi"},"content":{"rendered":"<h3>Microsoft Windows 11 Professionale<\/h3>\n<p><strong>Con questa licenza, il software pu\u00f2 essere attivato su 3 diversi dispositivi, ad esempio PC di casa, notebook e PC di lavoro.<\/strong><\/p>\n<p><strong>30 giorni di rimborso completo - Garanzia di sostituzione a vita<\/strong><\/p>\n<h3>Requisiti di sistema<\/h3>\n<ul>\n<li><strong>Processore:<\/strong> 1 gigahertz (GHz) o pi\u00f9 veloce con 2 o pi\u00f9 core su un processore o SoC (System on a Chip) a 64 bit compatibile<\/li>\n<li><strong>RAM:<\/strong> 4 GB<\/li>\n<li><strong>Spazio di archiviazione:<\/strong> 64 GB o pi\u00f9. Nota: per ulteriori informazioni sullo spazio di archiviazione per gli aggiornamenti, consultare le specifiche ufficiali dell'Windows-11.<\/li>\n<li><strong>Firmware del sistema:<\/strong> UEFI, in grado di eseguire il Secure Boot<\/li>\n<li><strong>TPM:<\/strong> Modulo di piattaforma affidabile (TPM) versione 2.0<\/li>\n<li><strong>Scheda grafica:<\/strong> Compatibile con DirectX 12 o superiore con driver WDDM 2.0<\/li>\n<li><strong>Display:<\/strong> Display ad alta risoluzione (720p), pi\u00f9 grande di 9 pollici, 8 bit per canale di colore<\/li>\n<li><strong>Connessione a Internet e account Microsoft:<\/strong> Internet \u00e8 necessario per gli aggiornamenti e alcune funzioni; per alcune funzioni \u00e8 necessario un account Microsoft.<\/li>\n<\/ul>\n<h3>Microsoft Office 2021 Standard<\/h3>\n<p><strong>Con questa licenza, il software pu\u00f2 essere attivato su 3 diversi dispositivi, ad esempio PC di casa, notebook e PC di lavoro.<\/strong><\/p>\n<p><strong>30 giorni di rimborso completo - Garanzia di sostituzione a vita<\/strong><\/p>\n<p>L'edizione Microsoft Office 2021 Standard \u00e8 ideale per gli utenti che desiderano utilizzare le applicazioni Office pi\u00f9 diffuse a casa o in ufficio. Include i classici programmi Word, Excel, Outlook, PowerPoint e Publisher. Anche OneNote pu\u00f2 essere scaricato dall'Microsoft Windows Store e consente di creare rapidamente note e renderle disponibili su tutti i dispositivi tramite il cloud.<\/p>\n<p>Beneficiate di prestazioni, stabilit\u00e0 e velocit\u00e0 migliorate in Word, Excel, PowerPoint e Outlook. Inoltre, avrete a disposizione strumenti nuovi e migliorati per la ricerca, la mano libera, i dati, la traduzione e la modifica, grafica animata e molte funzioni di facile utilizzo in tutta la suite Microsoft Office 2021.<\/p>\n<h3>Programmi inclusi<\/h3>\n<ul>\n<li><strong>Parola<\/strong>Create documenti di testo di qualit\u00e0 professionale in pochissimo tempo.<\/li>\n<li><strong>Excel<\/strong>Fogli di calcolo intelligenti, ora con nuove funzioni come XLOOKUP.<\/li>\n<li><strong>PowerPoint<\/strong>Nuove e migliorate funzioni per creare presentazioni dinamiche di grande effetto.<\/li>\n<li><strong>OneNote<\/strong>Il vostro taccuino digitale nel cloud.<\/li>\n<li><strong>Prospettiva<\/strong>Comunicazione semplificata; ora include potenti funzioni di traduzione.<\/li>\n<li><strong>Editore<\/strong>Creazione di layout per pubblicazioni professionali.<\/li>\n<\/ul>\n<h3>Supporto per<\/h3>\n<p>In caso di domande, non esitate a <a href=\"mailto:germany@dl-winandoffice.com\" rel=\"noopener\">via e-mail<\/a> per contattarci. Il nostro servizio di assistenza clienti \u00e8 disponibile 7 giorni su 7, 24 ore al giorno.<\/p>","protected":false},"excerpt":{"rendered":"<ul>\n<li>Pacchetto valore Microsoft Windows 11 Professional + Microsoft Office 2021 Standard licenza per 3 PC<\/li>\n<li><strong>Con questa licenza, il software pu\u00f2 essere attivato su 3 diversi dispositivi, ad esempio PC di casa, notebook e PC di lavoro.<\/strong><\/li>\n<li>Garanzia di rimborso di 30 giorni - Garanzia di sostituzione a vita<\/li>\n<li>Disponibile la versione per sistemi a 64 bit<\/li>\n<li>Consegna via e-mail: Codice prodotto, istruzioni, link per il download e fattura<\/li>\n<li>Download immediato<\/li>\n<li>Nessun limite di tempo, nessun abbonamento<\/li>\n<li>Assistenza gratuita per l'installazione e l'attivazione<\/li>\n<li>Non disponibile su supporto fisico (USB, CD, ecc.)<\/li>\n<li>Attivazione online o per telefono<\/li>\n<li><strong>Compatibile con Windows<\/strong><\/li>\n<li><strong>Non \u00e8 compatibile con macOS\u2122, processori Apple, Parallels for Mac, dispositivi Android e Chromebook.<\/strong><\/li>\n<\/ul>","protected":false},"featured_media":8002,"comment_status":"open","ping_status":"closed","template":"","meta":{"_acf_changed":false},"product_brand":[],"product_cat":[157],"product_tag":[159,160,161],"class_list":{"0":"post-8001","1":"product","2":"type-product","3":"status-publish","4":"has-post-thumbnail","6":"product_cat-combo","7":"product_tag-office","8":"product_tag-office-2021","9":"product_tag-windows-11","11":"first","12":"instock","13":"sale","14":"virtual","15":"taxable","16":"purchasable","17":"product-type-simple"},"acf":[],"yoast_head":"<!-- This site is optimized with the Yoast SEO plugin v27.4 - https:\/\/yoast.com\/product\/yoast-seo-wordpress\/ -->\n<title>Microsoft Windows 11 Professional + Microsoft Office 2021 Standard license for 3 devices - Win &amp; Office WS<\/title>\n<meta name=\"robots\" content=\"index, follow, max-snippet:-1, max-image-preview:large, max-video-preview:-1\" \/>\n<link rel=\"canonical\" href=\"https:\/\/winandofficews.com\/it\/product\/microsoft-windows-11-professional-microsoft-office-2021-standard-license-for-3-devices\/\" \/>\n<meta property=\"og:locale\" content=\"it_IT\" \/>\n<meta property=\"og:type\" content=\"article\" \/>\n<meta property=\"og:title\" content=\"Microsoft Windows 11 Professional + Microsoft Office 2021 Standard license for 3 devices - Win &amp; Office WS\" \/>\n<meta property=\"og:description\" content=\"Vorteilspaket Microsoft Windows 11 Professional + Microsoft Office 2021 Standard Lizenz f\u00fcr 3 PC  Mit dieser Lizenz kann die Software auf 3 verschiedenen Ger\u00e4ten aktiviert werden, z. B. Heim-PC, Notebook und Arbeits-PC  30 Tage Geld-zur\u00fcck-Garantie \u2013 Lebenslange Ersatzgarantie  Version f\u00fcr 64-Bit-Systeme verf\u00fcgbar  Lieferung per E-Mail: Produktschl\u00fcssel, Anleitung, Downloadlinks und Rechnung  Sofort-Download  Keine zeitliche Begrenzung, kein Abonnement  Kostenloser Support bei Installation und Aktivierung  Nicht verf\u00fcgbar auf physischen Medien (USB, CD usw.)  Aktivierung online oder telefonisch  Kompatibel mit Windows  Nicht kompatibel mit macOS\u2122, Apple-Prozessoren, Parallels f\u00fcr Mac, Android-Ger\u00e4ten und Chromebooks\" \/>\n<meta property=\"og:url\" content=\"https:\/\/winandofficews.com\/it\/product\/microsoft-windows-11-professional-microsoft-office-2021-standard-license-for-3-devices\/\" \/>\n<meta property=\"og:site_name\" content=\"Win &amp; Office WS\" \/>\n<meta property=\"article:publisher\" content=\"https:\/\/www.facebook.com\/winandofficews\/\" \/>\n<meta property=\"article:modified_time\" content=\"2026-04-03T09:48:15+00:00\" \/>\n<meta property=\"og:image\" content=\"https:\/\/winandofficews.com\/wp-content\/uploads\/W11PO21S.png\" \/>\n\t<meta property=\"og:image:width\" content=\"600\" \/>\n\t<meta property=\"og:image:height\" content=\"600\" \/>\n\t<meta property=\"og:image:type\" content=\"image\/png\" \/>\n<meta name=\"twitter:card\" content=\"summary_large_image\" \/>\n<meta name=\"twitter:site\" content=\"@WINDOWSANDOFFI1\" \/>\n<meta name=\"twitter:label1\" content=\"Tempo di lettura stimato\" \/>\n\t<meta name=\"twitter:data1\" content=\"2 minuti\" \/>\n<script type=\"application\/ld+json\" class=\"yoast-schema-graph\">{\"@context\":\"https:\\\/\\\/schema.org\",\"@graph\":[{\"@type\":\"WebPage\",\"@id\":\"https:\\\/\\\/winandofficews.com\\\/product\\\/microsoft-windows-11-professional-microsoft-office-2021-standard-license-for-3-devices\\\/\",\"url\":\"https:\\\/\\\/winandofficews.com\\\/product\\\/microsoft-windows-11-professional-microsoft-office-2021-standard-license-for-3-devices\\\/\",\"name\":\"Microsoft Windows 11 Professional + Microsoft Office 2021 Standard license for 3 devices - Win &amp; Office WS\",\"isPartOf\":{\"@id\":\"https:\\\/\\\/winandofficews.com\\\/#website\"},\"primaryImageOfPage\":{\"@id\":\"https:\\\/\\\/winandofficews.com\\\/product\\\/microsoft-windows-11-professional-microsoft-office-2021-standard-license-for-3-devices\\\/#primaryimage\"},\"image\":{\"@id\":\"https:\\\/\\\/winandofficews.com\\\/product\\\/microsoft-windows-11-professional-microsoft-office-2021-standard-license-for-3-devices\\\/#primaryimage\"},\"thumbnailUrl\":\"https:\\\/\\\/winandofficews.com\\\/wp-content\\\/uploads\\\/W11PO21S.png\",\"datePublished\":\"2024-11-24T10:24:08+00:00\",\"dateModified\":\"2026-04-03T09:48:15+00:00\",\"breadcrumb\":{\"@id\":\"https:\\\/\\\/winandofficews.com\\\/product\\\/microsoft-windows-11-professional-microsoft-office-2021-standard-license-for-3-devices\\\/#breadcrumb\"},\"inLanguage\":\"it-IT\",\"potentialAction\":[{\"@type\":\"ReadAction\",\"target\":[\"https:\\\/\\\/winandofficews.com\\\/product\\\/microsoft-windows-11-professional-microsoft-office-2021-standard-license-for-3-devices\\\/\"]}]},{\"@type\":\"ImageObject\",\"inLanguage\":\"it-IT\",\"@id\":\"https:\\\/\\\/winandofficews.com\\\/product\\\/microsoft-windows-11-professional-microsoft-office-2021-standard-license-for-3-devices\\\/#primaryimage\",\"url\":\"https:\\\/\\\/winandofficews.com\\\/wp-content\\\/uploads\\\/W11PO21S.png\",\"contentUrl\":\"https:\\\/\\\/winandofficews.com\\\/wp-content\\\/uploads\\\/W11PO21S.png\",\"width\":600,\"height\":600},{\"@type\":\"BreadcrumbList\",\"@id\":\"https:\\\/\\\/winandofficews.com\\\/product\\\/microsoft-windows-11-professional-microsoft-office-2021-standard-license-for-3-devices\\\/#breadcrumb\",\"itemListElement\":[{\"@type\":\"ListItem\",\"position\":1,\"name\":\"Home\",\"item\":\"https:\\\/\\\/winandofficews.com\\\/\"},{\"@type\":\"ListItem\",\"position\":2,\"name\":\"Shop\",\"item\":\"https:\\\/\\\/winandofficews.com\\\/shop\\\/\"},{\"@type\":\"ListItem\",\"position\":3,\"name\":\"Microsoft Windows 11 Professional + Microsoft Office 2021 Standard license for 3 devices\"}]},{\"@type\":\"WebSite\",\"@id\":\"https:\\\/\\\/winandofficews.com\\\/#website\",\"url\":\"https:\\\/\\\/winandofficews.com\\\/\",\"name\":\"Win & Office WS\",\"description\":\"Wholesales Store of Office\",\"publisher\":{\"@id\":\"https:\\\/\\\/winandofficews.com\\\/#organization\"},\"potentialAction\":[{\"@type\":\"SearchAction\",\"target\":{\"@type\":\"EntryPoint\",\"urlTemplate\":\"https:\\\/\\\/winandofficews.com\\\/?s={search_term_string}\"},\"query-input\":{\"@type\":\"PropertyValueSpecification\",\"valueRequired\":true,\"valueName\":\"search_term_string\"}}],\"inLanguage\":\"it-IT\"},{\"@type\":\"Organization\",\"@id\":\"https:\\\/\\\/winandofficews.com\\\/#organization\",\"name\":\"Win & Office WS\",\"url\":\"https:\\\/\\\/winandofficews.com\\\/\",\"logo\":{\"@type\":\"ImageObject\",\"inLanguage\":\"it-IT\",\"@id\":\"https:\\\/\\\/winandofficews.com\\\/#\\\/schema\\\/logo\\\/image\\\/\",\"url\":\"https:\\\/\\\/winandofficews.com\\\/wp-content\\\/uploads\\\/logo14.png\",\"contentUrl\":\"https:\\\/\\\/winandofficews.com\\\/wp-content\\\/uploads\\\/logo14.png\",\"width\":322,\"height\":116,\"caption\":\"Win & Office WS\"},\"image\":{\"@id\":\"https:\\\/\\\/winandofficews.com\\\/#\\\/schema\\\/logo\\\/image\\\/\"},\"sameAs\":[\"https:\\\/\\\/www.facebook.com\\\/winandofficews\\\/\",\"https:\\\/\\\/x.com\\\/WINDOWSANDOFFI1\",\"https:\\\/\\\/www.instagram.com\\\/winandoffice.ws\\\/\",\"https:\\\/\\\/de.pinterest.com\\\/winandofficews_official\\\/\",\"https:\\\/\\\/www.tiktok.com\\\/@winandofficews\",\"https:\\\/\\\/www.youtube.com\\\/channel\\\/UCPI87ZZIvl272mOtG5sL8Cg\",\"https:\\\/\\\/de.trustpilot.com\\\/review\\\/winandofficews.com\",\"https:\\\/\\\/www.trustami.com\\\/review\\\/win-and-office-wholesales-rating\"]}]}<\/script>\n<!-- \/ Yoast SEO plugin. -->","yoast_head_json":{"title":"Microsoft Windows 11 Professional + Microsoft Office 2021 Standard licenza per 3 dispositivi - Win &amp; Office WS","robots":{"index":"index","follow":"follow","max-snippet":"max-snippet:-1","max-image-preview":"max-image-preview:large","max-video-preview":"max-video-preview:-1"},"canonical":"https:\/\/winandofficews.com\/it\/product\/microsoft-windows-11-professional-microsoft-office-2021-standard-license-for-3-devices\/","og_locale":"it_IT","og_type":"article","og_title":"Microsoft Windows 11 Professional + Microsoft Office 2021 Standard license for 3 devices - Win &amp; Office WS","og_description":"Vorteilspaket Microsoft Windows 11 Professional + Microsoft Office 2021 Standard Lizenz f\u00fcr 3 PC  Mit dieser Lizenz kann die Software auf 3 verschiedenen Ger\u00e4ten aktiviert werden, z. B. Heim-PC, Notebook und Arbeits-PC  30 Tage Geld-zur\u00fcck-Garantie \u2013 Lebenslange Ersatzgarantie  Version f\u00fcr 64-Bit-Systeme verf\u00fcgbar  Lieferung per E-Mail: Produktschl\u00fcssel, Anleitung, Downloadlinks und Rechnung  Sofort-Download  Keine zeitliche Begrenzung, kein Abonnement  Kostenloser Support bei Installation und Aktivierung  Nicht verf\u00fcgbar auf physischen Medien (USB, CD usw.)  Aktivierung online oder telefonisch  Kompatibel mit Windows  Nicht kompatibel mit macOS\u2122, Apple-Prozessoren, Parallels f\u00fcr Mac, Android-Ger\u00e4ten und Chromebooks","og_url":"https:\/\/winandofficews.com\/it\/product\/microsoft-windows-11-professional-microsoft-office-2021-standard-license-for-3-devices\/","og_site_name":"Win &amp; Office WS","article_publisher":"https:\/\/www.facebook.com\/winandofficews\/","article_modified_time":"2026-04-03T09:48:15+00:00","og_image":[{"width":600,"height":600,"url":"https:\/\/winandofficews.com\/wp-content\/uploads\/W11PO21S.png","type":"image\/png"}],"twitter_card":"summary_large_image","twitter_site":"@WINDOWSANDOFFI1","twitter_misc":{"Tempo di lettura stimato":"2 minuti"},"schema":{"@context":"https:\/\/schema.org","@graph":[{"@type":"WebPage","@id":"https:\/\/winandofficews.com\/product\/microsoft-windows-11-professional-microsoft-office-2021-standard-license-for-3-devices\/","url":"https:\/\/winandofficews.com\/product\/microsoft-windows-11-professional-microsoft-office-2021-standard-license-for-3-devices\/","name":"Microsoft Windows 11 Professional + Microsoft Office 2021 Standard licenza per 3 dispositivi - Win &amp; Office WS","isPartOf":{"@id":"https:\/\/winandofficews.com\/#website"},"primaryImageOfPage":{"@id":"https:\/\/winandofficews.com\/product\/microsoft-windows-11-professional-microsoft-office-2021-standard-license-for-3-devices\/#primaryimage"},"image":{"@id":"https:\/\/winandofficews.com\/product\/microsoft-windows-11-professional-microsoft-office-2021-standard-license-for-3-devices\/#primaryimage"},"thumbnailUrl":"https:\/\/winandofficews.com\/wp-content\/uploads\/W11PO21S.png","datePublished":"2024-11-24T10:24:08+00:00","dateModified":"2026-04-03T09:48:15+00:00","breadcrumb":{"@id":"https:\/\/winandofficews.com\/product\/microsoft-windows-11-professional-microsoft-office-2021-standard-license-for-3-devices\/#breadcrumb"},"inLanguage":"it-IT","potentialAction":[{"@type":"ReadAction","target":["https:\/\/winandofficews.com\/product\/microsoft-windows-11-professional-microsoft-office-2021-standard-license-for-3-devices\/"]}]},{"@type":"ImageObject","inLanguage":"it-IT","@id":"https:\/\/winandofficews.com\/product\/microsoft-windows-11-professional-microsoft-office-2021-standard-license-for-3-devices\/#primaryimage","url":"https:\/\/winandofficews.com\/wp-content\/uploads\/W11PO21S.png","contentUrl":"https:\/\/winandofficews.com\/wp-content\/uploads\/W11PO21S.png","width":600,"height":600},{"@type":"BreadcrumbList","@id":"https:\/\/winandofficews.com\/product\/microsoft-windows-11-professional-microsoft-office-2021-standard-license-for-3-devices\/#breadcrumb","itemListElement":[{"@type":"ListItem","position":1,"name":"Home","item":"https:\/\/winandofficews.com\/"},{"@type":"ListItem","position":2,"name":"Shop","item":"https:\/\/winandofficews.com\/shop\/"},{"@type":"ListItem","position":3,"name":"Microsoft Windows 11 Professional + Microsoft Office 2021 Standard license for 3 devices"}]},{"@type":"WebSite","@id":"https:\/\/winandofficews.com\/#website","url":"https:\/\/winandofficews.com\/","name":"Win e Office WS","description":"Negozio all'ingrosso di Office","publisher":{"@id":"https:\/\/winandofficews.com\/#organization"},"potentialAction":[{"@type":"SearchAction","target":{"@type":"EntryPoint","urlTemplate":"https:\/\/winandofficews.com\/?s={search_term_string}"},"query-input":{"@type":"PropertyValueSpecification","valueRequired":true,"valueName":"search_term_string"}}],"inLanguage":"it-IT"},{"@type":"Organization","@id":"https:\/\/winandofficews.com\/#organization","name":"Win e Office WS","url":"https:\/\/winandofficews.com\/","logo":{"@type":"ImageObject","inLanguage":"it-IT","@id":"https:\/\/winandofficews.com\/#\/schema\/logo\/image\/","url":"https:\/\/winandofficews.com\/wp-content\/uploads\/logo14.png","contentUrl":"https:\/\/winandofficews.com\/wp-content\/uploads\/logo14.png","width":322,"height":116,"caption":"Win & Office WS"},"image":{"@id":"https:\/\/winandofficews.com\/#\/schema\/logo\/image\/"},"sameAs":["https:\/\/www.facebook.com\/winandofficews\/","https:\/\/x.com\/WINDOWSANDOFFI1","https:\/\/www.instagram.com\/winandoffice.ws\/","https:\/\/de.pinterest.com\/winandofficews_official\/","https:\/\/www.tiktok.com\/@winandofficews","https:\/\/www.youtube.com\/channel\/UCPI87ZZIvl272mOtG5sL8Cg","https:\/\/de.trustpilot.com\/review\/winandofficews.com","https:\/\/www.trustami.com\/review\/win-and-office-wholesales-rating"]}]}},"_links":{"self":[{"href":"https:\/\/winandofficews.com\/it\/wp-json\/wp\/v2\/product\/8001","targetHints":{"allow":["GET"]}}],"collection":[{"href":"https:\/\/winandofficews.com\/it\/wp-json\/wp\/v2\/product"}],"about":[{"href":"https:\/\/winandofficews.com\/it\/wp-json\/wp\/v2\/types\/product"}],"replies":[{"embeddable":true,"href":"https:\/\/winandofficews.com\/it\/wp-json\/wp\/v2\/comments?post=8001"}],"wp:featuredmedia":[{"embeddable":true,"href":"https:\/\/winandofficews.com\/it\/wp-json\/wp\/v2\/media\/8002"}],"wp:attachment":[{"href":"https:\/\/winandofficews.com\/it\/wp-json\/wp\/v2\/media?parent=8001"}],"wp:term":[{"taxonomy":"product_brand","embeddable":true,"href":"https:\/\/winandofficews.com\/it\/wp-json\/wp\/v2\/product_brand?post=8001"},{"taxonomy":"product_cat","embeddable":true,"href":"https:\/\/winandofficews.com\/it\/wp-json\/wp\/v2\/product_cat?post=8001"},{"taxonomy":"product_tag","embeddable":true,"href":"https:\/\/winandofficews.com\/it\/wp-json\/wp\/v2\/product_tag?post=8001"}],"curies":[{"name":"wp","href":"https:\/\/api.w.org\/{rel}","templated":true}]}}