{"id":7979,"date":"2024-11-24T11:23:11","date_gmt":"2024-11-24T10:23:11","guid":{"rendered":"https:\/\/winandofficews.com\/?post_type=product&#038;p=7979"},"modified":"2026-04-20T16:46:09","modified_gmt":"2026-04-20T14:46:09","slug":"microsoft-office-2021-professional-plus-license-for-3-devices","status":"publish","type":"product","link":"https:\/\/winandofficews.com\/it\/product\/microsoft-office-2021-professional-plus-license-for-3-devices\/","title":{"rendered":"Microsoft Office 2021 Licenza Professional Plus per 3 PC"},"content":{"rendered":"<h2>Microsoft Office 2021 Licenza Professional Plus per 3 PC<\/h2>\n<p><strong>Con questa licenza, il software pu\u00f2 essere attivato su 3 diversi dispositivi, ad esempio PC di casa, notebook e PC di lavoro.<\/strong><\/p>\n<p><strong>30 giorni di rimborso completo - Garanzia di sostituzione a vita!!!<\/strong><\/p>\n<p>L'Microsoft Office 2021 Professional Plus Edition \u00e8 ideale per gli utenti che utilizzano l'intera gamma di applicazioni a casa o in ufficio. Include l'intera gamma di applicazioni Microsoft Office: Word, Excel, Outlook, PowerPoint, Publisher e Access. OneNote pu\u00f2 essere scaricato dall'Microsoft Windows Store e consente di creare rapidamente note e renderle disponibili su tutti i dispositivi tramite il cloud. Prestazioni, stabilit\u00e0 e velocit\u00e0 migliorate in Word, Excel, PowerPoint e Outlook. La ricerca, gli strumenti a mano libera, i tipi di dati, le funzioni, gli strumenti di traduzione e di modifica, la grafica animata, le funzioni di facile utilizzo e molto altro ancora sono disponibili in tutta la suite Microsoft Office 2021.<\/p>\n<ul>\n<li><strong>Parola<\/strong>Create documenti di testo di qualit\u00e0 professionale in pochissimo tempo.<\/li>\n<li><strong>Excel<\/strong>Fogli di calcolo intelligenti, ora con nuove funzioni come XLOOKUP.<\/li>\n<li><strong>PowerPoint<\/strong>Nuove e migliorate funzioni per creare presentazioni dinamiche di grande effetto.<\/li>\n<li><strong>OneNote<\/strong>Il vostro taccuino digitale nel cloud.<\/li>\n<li><strong>Prospettiva<\/strong>Comunicazione semplificata; ora include potenti funzioni di traduzione.<\/li>\n<li><strong>Editore<\/strong>Creazione di layout per pubblicazioni professionali.<\/li>\n<li><strong>Accesso<\/strong>Creazione di database semplice e potente.<\/li>\n<li><strong>Squadre Microsoft<\/strong>Maggiore produttivit\u00e0 grazie alla messaggistica istantanea e alle videoconferenze HD (disponibili separatamente per il download).<\/li>\n<\/ul>\n<p>NOTA: a causa di un <a href=\"https:\/\/blogs.microsoft.com\/eupolicy\/2023\/08\/31\/european-competition-teams-office-microsoft-365\/\">Indagine della Commissione europea<\/a>, Microsoft non offre pi\u00f9 una licenza Teams in bundle con i prodotti Office. \u00c8 possibile <a href=\"https:\/\/www.microsoft.com\/en-us\/microsoft-teams\/download-app\">Scarica i team<\/a>, di utilizzarlo con una licenza gratuita o a pagamento (da acquistare separatamente), a seconda delle vostre esigenze.<\/p>\n<p><strong>Supporto:<\/strong><\/p>\n<p>In caso di domande, non esitate a <a href=\"mailto:germany@dl-winandoffice.com\">via e-mail<\/a> per contattarci. Il nostro servizio di assistenza clienti \u00e8 disponibile 7 giorni su 7, 24 ore al giorno.<\/p>","protected":false},"excerpt":{"rendered":"<ul>\n<li>Microsoft Office 2021 Licenza Professional Plus per 3 PC<\/li>\n<li><strong>Con questa licenza, il software pu\u00f2 essere attivato su 3 diversi dispositivi, ad esempio PC di casa, notebook e PC di lavoro.<\/strong><\/li>\n<li>30 giorni di rimborso completo - Garanzia di sostituzione a vita<\/li>\n<li>Disponibile la versione per sistemi a 64 bit<\/li>\n<li>Consegna via e-mail: Codice prodotto, istruzioni, link per il download, fattura<\/li>\n<li>Download immediato!<\/li>\n<li>Nessun limite di tempo, nessun abbonamento<\/li>\n<li>Assistenza gratuita per l'installazione e l'attivazione<\/li>\n<li>Non disponibile su supporto fisico (USB, CD, ecc.)<\/li>\n<li>Attivazione online e per telefono<\/li>\n<li><strong>Questo prodotto \u00e8 compatibile con Windows.<\/strong><\/li>\n<li><strong>NON \u00e8 compatibile con Apple macOS\u2122, processori Apple, Parallels for Mac, dispositivi Android e Chromebook.<\/strong><\/li>\n<\/ul>","protected":false},"featured_media":7980,"comment_status":"open","ping_status":"closed","template":"","meta":{"_acf_changed":false},"product_brand":[],"product_cat":[155],"product_tag":[159,160],"class_list":{"0":"post-7979","1":"product","2":"type-product","3":"status-publish","4":"has-post-thumbnail","6":"product_cat-microsoft-office","7":"product_tag-office","8":"product_tag-office-2021","10":"first","11":"instock","12":"sale","13":"virtual","14":"taxable","15":"purchasable","16":"product-type-simple"},"acf":[],"yoast_head":"<!-- This site is optimized with the Yoast SEO plugin v27.4 - https:\/\/yoast.com\/product\/yoast-seo-wordpress\/ -->\n<title>Microsoft Office 2021 Professional Plus Lizenz f\u00fcr 3 PC - Win &amp; Office WS<\/title>\n<meta name=\"robots\" content=\"index, follow, max-snippet:-1, max-image-preview:large, max-video-preview:-1\" \/>\n<link rel=\"canonical\" href=\"https:\/\/winandofficews.com\/it\/product\/microsoft-office-2021-professional-plus-license-for-3-devices\/\" \/>\n<meta property=\"og:locale\" content=\"it_IT\" \/>\n<meta property=\"og:type\" content=\"article\" \/>\n<meta property=\"og:title\" content=\"Microsoft Office 2021 Professional Plus Lizenz f\u00fcr 3 PC - Win &amp; Office WS\" \/>\n<meta property=\"og:description\" content=\"Microsoft Office 2021 Professional Plus Lizenz f\u00fcr 3 PC  Mit dieser Lizenz kann die Software auf 3 verschiedenen Ger\u00e4ten aktiviert werden, z.B. Heim-PC, Notebook und Arbeits-PC.  30 Tage volle R\u00fcckerstattung - Lebenslange Ersatzgarantie  Version f\u00fcr 64-Bit-Systeme verf\u00fcgbar  Lieferung per E-Mail: Produktschl\u00fcssel, Anleitung, Downloadlinks, Rechnung  Sofort-download!  Keine zeitliche Begrenzung, kein Abonnement  Kostenlose Unterst\u00fctzung bei der Installation und Aktivierung  Nicht verf\u00fcgbar auf physischen Medien (USB, CD usw.)  Aktivierung online und per Telefon  Dieses Produkt ist mit Windows kompatibel.  NICHT kompatibel mit Apple macOS\u2122, Apple-Prozessoren, Parallels f\u00fcr Mac, Android-Ger\u00e4ten und Chromebooks.\" \/>\n<meta property=\"og:url\" content=\"https:\/\/winandofficews.com\/it\/product\/microsoft-office-2021-professional-plus-license-for-3-devices\/\" \/>\n<meta property=\"og:site_name\" content=\"Win &amp; Office WS\" \/>\n<meta property=\"article:publisher\" content=\"https:\/\/www.facebook.com\/winandofficews\/\" \/>\n<meta property=\"article:modified_time\" content=\"2026-04-20T14:46:09+00:00\" \/>\n<meta property=\"og:image\" content=\"https:\/\/winandofficews.com\/wp-content\/uploads\/o21p-1.jpg\" \/>\n\t<meta property=\"og:image:width\" content=\"1500\" \/>\n\t<meta property=\"og:image:height\" content=\"1500\" \/>\n\t<meta property=\"og:image:type\" content=\"image\/jpeg\" \/>\n<meta name=\"twitter:card\" content=\"summary_large_image\" \/>\n<meta name=\"twitter:site\" content=\"@WINDOWSANDOFFI1\" \/>\n<meta name=\"twitter:label1\" content=\"Tempo di lettura stimato\" \/>\n\t<meta name=\"twitter:data1\" content=\"2 minuti\" \/>\n<script type=\"application\/ld+json\" class=\"yoast-schema-graph\">{\"@context\":\"https:\\\/\\\/schema.org\",\"@graph\":[{\"@type\":\"WebPage\",\"@id\":\"https:\\\/\\\/winandofficews.com\\\/product\\\/microsoft-office-2021-professional-plus-license-for-3-devices\\\/\",\"url\":\"https:\\\/\\\/winandofficews.com\\\/product\\\/microsoft-office-2021-professional-plus-license-for-3-devices\\\/\",\"name\":\"Microsoft Office 2021 Professional Plus Lizenz f\u00fcr 3 PC - Win &amp; Office WS\",\"isPartOf\":{\"@id\":\"https:\\\/\\\/winandofficews.com\\\/#website\"},\"primaryImageOfPage\":{\"@id\":\"https:\\\/\\\/winandofficews.com\\\/product\\\/microsoft-office-2021-professional-plus-license-for-3-devices\\\/#primaryimage\"},\"image\":{\"@id\":\"https:\\\/\\\/winandofficews.com\\\/product\\\/microsoft-office-2021-professional-plus-license-for-3-devices\\\/#primaryimage\"},\"thumbnailUrl\":\"https:\\\/\\\/winandofficews.com\\\/wp-content\\\/uploads\\\/o21p-1.jpg\",\"datePublished\":\"2024-11-24T10:23:11+00:00\",\"dateModified\":\"2026-04-20T14:46:09+00:00\",\"breadcrumb\":{\"@id\":\"https:\\\/\\\/winandofficews.com\\\/product\\\/microsoft-office-2021-professional-plus-license-for-3-devices\\\/#breadcrumb\"},\"inLanguage\":\"it-IT\",\"potentialAction\":[{\"@type\":\"ReadAction\",\"target\":[\"https:\\\/\\\/winandofficews.com\\\/product\\\/microsoft-office-2021-professional-plus-license-for-3-devices\\\/\"]}]},{\"@type\":\"ImageObject\",\"inLanguage\":\"it-IT\",\"@id\":\"https:\\\/\\\/winandofficews.com\\\/product\\\/microsoft-office-2021-professional-plus-license-for-3-devices\\\/#primaryimage\",\"url\":\"https:\\\/\\\/winandofficews.com\\\/wp-content\\\/uploads\\\/o21p-1.jpg\",\"contentUrl\":\"https:\\\/\\\/winandofficews.com\\\/wp-content\\\/uploads\\\/o21p-1.jpg\",\"width\":1500,\"height\":1500},{\"@type\":\"BreadcrumbList\",\"@id\":\"https:\\\/\\\/winandofficews.com\\\/product\\\/microsoft-office-2021-professional-plus-license-for-3-devices\\\/#breadcrumb\",\"itemListElement\":[{\"@type\":\"ListItem\",\"position\":1,\"name\":\"Home\",\"item\":\"https:\\\/\\\/winandofficews.com\\\/\"},{\"@type\":\"ListItem\",\"position\":2,\"name\":\"Shop\",\"item\":\"https:\\\/\\\/winandofficews.com\\\/shop\\\/\"},{\"@type\":\"ListItem\",\"position\":3,\"name\":\"Microsoft Office 2021 Professional Plus Lizenz f\u00fcr 3 PC\"}]},{\"@type\":\"WebSite\",\"@id\":\"https:\\\/\\\/winandofficews.com\\\/#website\",\"url\":\"https:\\\/\\\/winandofficews.com\\\/\",\"name\":\"Win & Office WS\",\"description\":\"Wholesales Store of Office\",\"publisher\":{\"@id\":\"https:\\\/\\\/winandofficews.com\\\/#organization\"},\"potentialAction\":[{\"@type\":\"SearchAction\",\"target\":{\"@type\":\"EntryPoint\",\"urlTemplate\":\"https:\\\/\\\/winandofficews.com\\\/?s={search_term_string}\"},\"query-input\":{\"@type\":\"PropertyValueSpecification\",\"valueRequired\":true,\"valueName\":\"search_term_string\"}}],\"inLanguage\":\"it-IT\"},{\"@type\":\"Organization\",\"@id\":\"https:\\\/\\\/winandofficews.com\\\/#organization\",\"name\":\"Win & Office WS\",\"url\":\"https:\\\/\\\/winandofficews.com\\\/\",\"logo\":{\"@type\":\"ImageObject\",\"inLanguage\":\"it-IT\",\"@id\":\"https:\\\/\\\/winandofficews.com\\\/#\\\/schema\\\/logo\\\/image\\\/\",\"url\":\"https:\\\/\\\/winandofficews.com\\\/wp-content\\\/uploads\\\/logo14.png\",\"contentUrl\":\"https:\\\/\\\/winandofficews.com\\\/wp-content\\\/uploads\\\/logo14.png\",\"width\":322,\"height\":116,\"caption\":\"Win & Office WS\"},\"image\":{\"@id\":\"https:\\\/\\\/winandofficews.com\\\/#\\\/schema\\\/logo\\\/image\\\/\"},\"sameAs\":[\"https:\\\/\\\/www.facebook.com\\\/winandofficews\\\/\",\"https:\\\/\\\/x.com\\\/WINDOWSANDOFFI1\",\"https:\\\/\\\/www.instagram.com\\\/winandoffice.ws\\\/\",\"https:\\\/\\\/de.pinterest.com\\\/winandofficews_official\\\/\",\"https:\\\/\\\/www.tiktok.com\\\/@winandofficews\",\"https:\\\/\\\/www.youtube.com\\\/channel\\\/UCPI87ZZIvl272mOtG5sL8Cg\",\"https:\\\/\\\/de.trustpilot.com\\\/review\\\/winandofficews.com\",\"https:\\\/\\\/www.trustami.com\\\/review\\\/win-and-office-wholesales-rating\"]}]}<\/script>\n<!-- \/ Yoast SEO plugin. -->","yoast_head_json":{"title":"Microsoft Office 2021 Professional Plus Lizenz f\u00fcr 3 PC - Win &amp; Office WS","robots":{"index":"index","follow":"follow","max-snippet":"max-snippet:-1","max-image-preview":"max-image-preview:large","max-video-preview":"max-video-preview:-1"},"canonical":"https:\/\/winandofficews.com\/it\/product\/microsoft-office-2021-professional-plus-license-for-3-devices\/","og_locale":"it_IT","og_type":"article","og_title":"Microsoft Office 2021 Professional Plus Lizenz f\u00fcr 3 PC - Win &amp; Office WS","og_description":"Microsoft Office 2021 Professional Plus Lizenz f\u00fcr 3 PC  Mit dieser Lizenz kann die Software auf 3 verschiedenen Ger\u00e4ten aktiviert werden, z.B. Heim-PC, Notebook und Arbeits-PC.  30 Tage volle R\u00fcckerstattung - Lebenslange Ersatzgarantie  Version f\u00fcr 64-Bit-Systeme verf\u00fcgbar  Lieferung per E-Mail: Produktschl\u00fcssel, Anleitung, Downloadlinks, Rechnung  Sofort-download!  Keine zeitliche Begrenzung, kein Abonnement  Kostenlose Unterst\u00fctzung bei der Installation und Aktivierung  Nicht verf\u00fcgbar auf physischen Medien (USB, CD usw.)  Aktivierung online und per Telefon  Dieses Produkt ist mit Windows kompatibel.  NICHT kompatibel mit Apple macOS\u2122, Apple-Prozessoren, Parallels f\u00fcr Mac, Android-Ger\u00e4ten und Chromebooks.","og_url":"https:\/\/winandofficews.com\/it\/product\/microsoft-office-2021-professional-plus-license-for-3-devices\/","og_site_name":"Win &amp; Office WS","article_publisher":"https:\/\/www.facebook.com\/winandofficews\/","article_modified_time":"2026-04-20T14:46:09+00:00","og_image":[{"width":1500,"height":1500,"url":"https:\/\/winandofficews.com\/wp-content\/uploads\/o21p-1.jpg","type":"image\/jpeg"}],"twitter_card":"summary_large_image","twitter_site":"@WINDOWSANDOFFI1","twitter_misc":{"Tempo di lettura stimato":"2 minuti"},"schema":{"@context":"https:\/\/schema.org","@graph":[{"@type":"WebPage","@id":"https:\/\/winandofficews.com\/product\/microsoft-office-2021-professional-plus-license-for-3-devices\/","url":"https:\/\/winandofficews.com\/product\/microsoft-office-2021-professional-plus-license-for-3-devices\/","name":"Microsoft Office 2021 Professional Plus Lizenz f\u00fcr 3 PC - Win &amp; Office WS","isPartOf":{"@id":"https:\/\/winandofficews.com\/#website"},"primaryImageOfPage":{"@id":"https:\/\/winandofficews.com\/product\/microsoft-office-2021-professional-plus-license-for-3-devices\/#primaryimage"},"image":{"@id":"https:\/\/winandofficews.com\/product\/microsoft-office-2021-professional-plus-license-for-3-devices\/#primaryimage"},"thumbnailUrl":"https:\/\/winandofficews.com\/wp-content\/uploads\/o21p-1.jpg","datePublished":"2024-11-24T10:23:11+00:00","dateModified":"2026-04-20T14:46:09+00:00","breadcrumb":{"@id":"https:\/\/winandofficews.com\/product\/microsoft-office-2021-professional-plus-license-for-3-devices\/#breadcrumb"},"inLanguage":"it-IT","potentialAction":[{"@type":"ReadAction","target":["https:\/\/winandofficews.com\/product\/microsoft-office-2021-professional-plus-license-for-3-devices\/"]}]},{"@type":"ImageObject","inLanguage":"it-IT","@id":"https:\/\/winandofficews.com\/product\/microsoft-office-2021-professional-plus-license-for-3-devices\/#primaryimage","url":"https:\/\/winandofficews.com\/wp-content\/uploads\/o21p-1.jpg","contentUrl":"https:\/\/winandofficews.com\/wp-content\/uploads\/o21p-1.jpg","width":1500,"height":1500},{"@type":"BreadcrumbList","@id":"https:\/\/winandofficews.com\/product\/microsoft-office-2021-professional-plus-license-for-3-devices\/#breadcrumb","itemListElement":[{"@type":"ListItem","position":1,"name":"Home","item":"https:\/\/winandofficews.com\/"},{"@type":"ListItem","position":2,"name":"Shop","item":"https:\/\/winandofficews.com\/shop\/"},{"@type":"ListItem","position":3,"name":"Microsoft Office 2021 Professional Plus Lizenz f\u00fcr 3 PC"}]},{"@type":"WebSite","@id":"https:\/\/winandofficews.com\/#website","url":"https:\/\/winandofficews.com\/","name":"Win e Office WS","description":"Negozio all'ingrosso di Office","publisher":{"@id":"https:\/\/winandofficews.com\/#organization"},"potentialAction":[{"@type":"SearchAction","target":{"@type":"EntryPoint","urlTemplate":"https:\/\/winandofficews.com\/?s={search_term_string}"},"query-input":{"@type":"PropertyValueSpecification","valueRequired":true,"valueName":"search_term_string"}}],"inLanguage":"it-IT"},{"@type":"Organization","@id":"https:\/\/winandofficews.com\/#organization","name":"Win e Office WS","url":"https:\/\/winandofficews.com\/","logo":{"@type":"ImageObject","inLanguage":"it-IT","@id":"https:\/\/winandofficews.com\/#\/schema\/logo\/image\/","url":"https:\/\/winandofficews.com\/wp-content\/uploads\/logo14.png","contentUrl":"https:\/\/winandofficews.com\/wp-content\/uploads\/logo14.png","width":322,"height":116,"caption":"Win & Office WS"},"image":{"@id":"https:\/\/winandofficews.com\/#\/schema\/logo\/image\/"},"sameAs":["https:\/\/www.facebook.com\/winandofficews\/","https:\/\/x.com\/WINDOWSANDOFFI1","https:\/\/www.instagram.com\/winandoffice.ws\/","https:\/\/de.pinterest.com\/winandofficews_official\/","https:\/\/www.tiktok.com\/@winandofficews","https:\/\/www.youtube.com\/channel\/UCPI87ZZIvl272mOtG5sL8Cg","https:\/\/de.trustpilot.com\/review\/winandofficews.com","https:\/\/www.trustami.com\/review\/win-and-office-wholesales-rating"]}]}},"_links":{"self":[{"href":"https:\/\/winandofficews.com\/it\/wp-json\/wp\/v2\/product\/7979","targetHints":{"allow":["GET"]}}],"collection":[{"href":"https:\/\/winandofficews.com\/it\/wp-json\/wp\/v2\/product"}],"about":[{"href":"https:\/\/winandofficews.com\/it\/wp-json\/wp\/v2\/types\/product"}],"replies":[{"embeddable":true,"href":"https:\/\/winandofficews.com\/it\/wp-json\/wp\/v2\/comments?post=7979"}],"wp:featuredmedia":[{"embeddable":true,"href":"https:\/\/winandofficews.com\/it\/wp-json\/wp\/v2\/media\/7980"}],"wp:attachment":[{"href":"https:\/\/winandofficews.com\/it\/wp-json\/wp\/v2\/media?parent=7979"}],"wp:term":[{"taxonomy":"product_brand","embeddable":true,"href":"https:\/\/winandofficews.com\/it\/wp-json\/wp\/v2\/product_brand?post=7979"},{"taxonomy":"product_cat","embeddable":true,"href":"https:\/\/winandofficews.com\/it\/wp-json\/wp\/v2\/product_cat?post=7979"},{"taxonomy":"product_tag","embeddable":true,"href":"https:\/\/winandofficews.com\/it\/wp-json\/wp\/v2\/product_tag?post=7979"}],"curies":[{"name":"wp","href":"https:\/\/api.w.org\/{rel}","templated":true}]}}