{"id":980,"date":"2019-07-25T07:45:18","date_gmt":"2019-07-25T07:45:18","guid":{"rendered":"http:\/\/windowsandoffice.net\/?page_id=980"},"modified":"2025-08-29T15:54:13","modified_gmt":"2025-08-29T13:54:13","slug":"about","status":"publish","type":"page","link":"https:\/\/winandofficews.com\/it\/about\/","title":{"rendered":"Chi siamo"},"content":{"rendered":"<h2>Chi siamo?<\/h2>\n<p>Acquistate il software in modo comodo e sicuro online - il vostro partner Microsoft<\/p>\n<p>I software per computer, tablet, ecc. sono diventati parte integrante della nostra vita quotidiana. Non solo facilitano numerosi processi lavorativi, ma stimolano anche la nostra creativit\u00e0 e ottimizzano anche le attivit\u00e0 pi\u00f9 semplici. Nel nostro negozio di software, avete la possibilit\u00e0 di acquistare software online a prezzi imbattibili e di sfruttare appieno il potenziale del vostro dispositivo.<\/p>\n<p>Il nostro negozio di software vi offre un'ampia gamma di prodotti dell'azienda leader di mercato Microsoft. Ogni PC ha bisogno di un sistema operativo; senza Windows sarebbe inutile. Il software Office pi\u00f9 importante al mondo, Microsoft Office, offre strumenti produttivi come Excel, Word e PowerPoint. Questi sono da anni Standard e indispensabili sia nel settore privato che in quello aziendale.<\/p>\n<p>Garantiamo un processo di ordinazione semplice, in modo che possiate acquistare il vostro software online in modo sicuro e comodo da casa. Riceverete via e-mail il nostro link SSL criptato, che vi condurr\u00e0 al nostro centro di download e alle istruzioni di installazione. In caso di domande sull'ordine e sull'installazione, il nostro servizio clienti multilingue \u00e8 sempre a disposizione per aiutarvi, sia tramite chat che tramite e-mail.<\/p>\n<p>Operiamo come fornitore di servizi IT dal 2013. Grazie a un'eccellente formazione specialistica e a una profonda passione per l'IT, i nostri collaboratori dispongono di un'ampia competenza. La nostra consulenza professionale e i nostri metodi di lavoro strutturati hanno conquistato e fidelizzato numerosi clienti, dalle start-up alle aziende internazionali e alle organizzazioni pubbliche. Grazie a un concetto di servizio IT ben congegnato, garantiamo a ogni cliente un orientamento ai risultati e il massimo rendimento. Per essere sempre aggiornati, ci sottoponiamo regolarmente a corsi di formazione e adattiamo le nostre competenze al mercato, in modo che anche voi siate sempre al passo con i tempi.<\/p>\n<p>Ordinate ora e riceverete subito il vostro software grazie alla spedizione in 2 minuti. Attribuiamo grande importanza alla qualit\u00e0, che si riflette anche nella nostra garanzia a vita. Una fattura con il nostro numero di partita IVA garantisce la trasparenza. Se non siete soddisfatti, la nostra politica di restituzione offre un'ulteriore sicurezza.<\/p>\n<p>Godetevi lo shopping sicuro di software su Win &amp; Office WS!<\/p>\n<p>&nbsp;<\/p>\n<p>&nbsp;<\/p>","protected":false},"excerpt":{"rendered":"<p>Wer sind wir? Software bequem und sicher online kaufen \u2013 Ihr Microsoft-Partner Software f\u00fcr Computer, Tablets &amp; Co. ist aus unserem Arbeits- und Lebensalltag nicht mehr wegzudenken. Sie erleichtert nicht nur zahlreiche Arbeitsprozesse, f\u00f6rdert auch unsere Kreativit\u00e4t und optimiert selbst einfache Aufgaben. In unserem Software-Shop haben Sie die M\u00f6glichkeit, Software&hellip; <\/p>","protected":false},"author":1,"featured_media":0,"parent":0,"menu_order":0,"comment_status":"closed","ping_status":"closed","template":"","meta":{"_acf_changed":false,"footnotes":""},"class_list":["post-980","page","type-page","status-publish","hentry"],"acf":[],"yoast_head":"<!-- This site is optimized with the Yoast SEO plugin v27.3 - https:\/\/yoast.com\/product\/yoast-seo-wordpress\/ -->\n<title>\u00dcber uns - Win &amp; Office WS<\/title>\n<meta name=\"robots\" content=\"index, follow, max-snippet:-1, max-image-preview:large, max-video-preview:-1\" \/>\n<link rel=\"canonical\" href=\"https:\/\/winandofficews.com\/it\/about\/\" \/>\n<meta property=\"og:locale\" content=\"it_IT\" \/>\n<meta property=\"og:type\" content=\"article\" \/>\n<meta property=\"og:title\" content=\"\u00dcber uns - Win &amp; Office WS\" \/>\n<meta property=\"og:description\" content=\"Wer sind wir? Software bequem und sicher online kaufen \u2013 Ihr Microsoft-Partner Software f\u00fcr Computer, Tablets &amp; Co. ist aus unserem Arbeits- und Lebensalltag nicht mehr wegzudenken. Sie erleichtert nicht nur zahlreiche Arbeitsprozesse, f\u00f6rdert auch unsere Kreativit\u00e4t und optimiert selbst einfache Aufgaben. In unserem Software-Shop haben Sie die M\u00f6glichkeit, Software&hellip;\" \/>\n<meta property=\"og:url\" content=\"https:\/\/winandofficews.com\/it\/about\/\" \/>\n<meta property=\"og:site_name\" content=\"Win &amp; Office WS\" \/>\n<meta property=\"article:publisher\" content=\"https:\/\/www.facebook.com\/winandofficews\/\" \/>\n<meta property=\"article:modified_time\" content=\"2025-08-29T13:54:13+00:00\" \/>\n<meta property=\"og:image\" content=\"https:\/\/winandofficews.com\/wp-content\/uploads\/2020\/07\/FONDO-SLIDES-1.png\" \/>\n<meta name=\"twitter:card\" content=\"summary_large_image\" \/>\n<meta name=\"twitter:site\" content=\"@WINDOWSANDOFFI1\" \/>\n<meta name=\"twitter:label1\" content=\"Tempo di lettura stimato\" \/>\n\t<meta name=\"twitter:data1\" content=\"2 minuti\" \/>\n<script type=\"application\/ld+json\" class=\"yoast-schema-graph\">{\"@context\":\"https:\\\/\\\/schema.org\",\"@graph\":[{\"@type\":\"WebPage\",\"@id\":\"https:\\\/\\\/winandofficews.com\\\/about\\\/\",\"url\":\"https:\\\/\\\/winandofficews.com\\\/about\\\/\",\"name\":\"\u00dcber uns - Win &amp; Office WS\",\"isPartOf\":{\"@id\":\"https:\\\/\\\/winandofficews.com\\\/#website\"},\"datePublished\":\"2019-07-25T07:45:18+00:00\",\"dateModified\":\"2025-08-29T13:54:13+00:00\",\"breadcrumb\":{\"@id\":\"https:\\\/\\\/winandofficews.com\\\/about\\\/#breadcrumb\"},\"inLanguage\":\"it-IT\",\"potentialAction\":[{\"@type\":\"ReadAction\",\"target\":[\"https:\\\/\\\/winandofficews.com\\\/about\\\/\"]}]},{\"@type\":\"BreadcrumbList\",\"@id\":\"https:\\\/\\\/winandofficews.com\\\/about\\\/#breadcrumb\",\"itemListElement\":[{\"@type\":\"ListItem\",\"position\":1,\"name\":\"Home\",\"item\":\"https:\\\/\\\/winandofficews.com\\\/\"},{\"@type\":\"ListItem\",\"position\":2,\"name\":\"About us\"}]},{\"@type\":\"WebSite\",\"@id\":\"https:\\\/\\\/winandofficews.com\\\/#website\",\"url\":\"https:\\\/\\\/winandofficews.com\\\/\",\"name\":\"Win & Office WS\",\"description\":\"Wholesales Store of Office\",\"publisher\":{\"@id\":\"https:\\\/\\\/winandofficews.com\\\/#organization\"},\"potentialAction\":[{\"@type\":\"SearchAction\",\"target\":{\"@type\":\"EntryPoint\",\"urlTemplate\":\"https:\\\/\\\/winandofficews.com\\\/?s={search_term_string}\"},\"query-input\":{\"@type\":\"PropertyValueSpecification\",\"valueRequired\":true,\"valueName\":\"search_term_string\"}}],\"inLanguage\":\"it-IT\"},{\"@type\":\"Organization\",\"@id\":\"https:\\\/\\\/winandofficews.com\\\/#organization\",\"name\":\"Win & Office WS\",\"url\":\"https:\\\/\\\/winandofficews.com\\\/\",\"logo\":{\"@type\":\"ImageObject\",\"inLanguage\":\"it-IT\",\"@id\":\"https:\\\/\\\/winandofficews.com\\\/#\\\/schema\\\/logo\\\/image\\\/\",\"url\":\"https:\\\/\\\/winandofficews.com\\\/wp-content\\\/uploads\\\/logo14.png\",\"contentUrl\":\"https:\\\/\\\/winandofficews.com\\\/wp-content\\\/uploads\\\/logo14.png\",\"width\":322,\"height\":116,\"caption\":\"Win & Office WS\"},\"image\":{\"@id\":\"https:\\\/\\\/winandofficews.com\\\/#\\\/schema\\\/logo\\\/image\\\/\"},\"sameAs\":[\"https:\\\/\\\/www.facebook.com\\\/winandofficews\\\/\",\"https:\\\/\\\/x.com\\\/WINDOWSANDOFFI1\",\"https:\\\/\\\/www.instagram.com\\\/winandoffice.ws\\\/\",\"https:\\\/\\\/de.pinterest.com\\\/winandofficews_official\\\/\",\"https:\\\/\\\/www.tiktok.com\\\/@winandofficews\",\"https:\\\/\\\/www.youtube.com\\\/channel\\\/UCPI87ZZIvl272mOtG5sL8Cg\",\"https:\\\/\\\/de.trustpilot.com\\\/review\\\/winandofficews.com\",\"https:\\\/\\\/www.trustami.com\\\/review\\\/win-and-office-wholesales-rating\"]}]}<\/script>\n<!-- \/ Yoast SEO plugin. -->","yoast_head_json":{"title":"\u00dcber uns - Win &amp; Office WS","robots":{"index":"index","follow":"follow","max-snippet":"max-snippet:-1","max-image-preview":"max-image-preview:large","max-video-preview":"max-video-preview:-1"},"canonical":"https:\/\/winandofficews.com\/it\/about\/","og_locale":"it_IT","og_type":"article","og_title":"\u00dcber uns - Win &amp; Office WS","og_description":"Wer sind wir? Software bequem und sicher online kaufen \u2013 Ihr Microsoft-Partner Software f\u00fcr Computer, Tablets &amp; Co. ist aus unserem Arbeits- und Lebensalltag nicht mehr wegzudenken. Sie erleichtert nicht nur zahlreiche Arbeitsprozesse, f\u00f6rdert auch unsere Kreativit\u00e4t und optimiert selbst einfache Aufgaben. In unserem Software-Shop haben Sie die M\u00f6glichkeit, Software&hellip;","og_url":"https:\/\/winandofficews.com\/it\/about\/","og_site_name":"Win &amp; Office WS","article_publisher":"https:\/\/www.facebook.com\/winandofficews\/","article_modified_time":"2025-08-29T13:54:13+00:00","og_image":[{"url":"https:\/\/winandofficews.com\/wp-content\/uploads\/2020\/07\/FONDO-SLIDES-1.png","type":"","width":"","height":""}],"twitter_card":"summary_large_image","twitter_site":"@WINDOWSANDOFFI1","twitter_misc":{"Tempo di lettura stimato":"2 minuti"},"schema":{"@context":"https:\/\/schema.org","@graph":[{"@type":"WebPage","@id":"https:\/\/winandofficews.com\/about\/","url":"https:\/\/winandofficews.com\/about\/","name":"\u00dcber uns - Win &amp; Office WS","isPartOf":{"@id":"https:\/\/winandofficews.com\/#website"},"datePublished":"2019-07-25T07:45:18+00:00","dateModified":"2025-08-29T13:54:13+00:00","breadcrumb":{"@id":"https:\/\/winandofficews.com\/about\/#breadcrumb"},"inLanguage":"it-IT","potentialAction":[{"@type":"ReadAction","target":["https:\/\/winandofficews.com\/about\/"]}]},{"@type":"BreadcrumbList","@id":"https:\/\/winandofficews.com\/about\/#breadcrumb","itemListElement":[{"@type":"ListItem","position":1,"name":"Home","item":"https:\/\/winandofficews.com\/"},{"@type":"ListItem","position":2,"name":"About us"}]},{"@type":"WebSite","@id":"https:\/\/winandofficews.com\/#website","url":"https:\/\/winandofficews.com\/","name":"Win & Office WS","description":"Wholesales Store of Office","publisher":{"@id":"https:\/\/winandofficews.com\/#organization"},"potentialAction":[{"@type":"SearchAction","target":{"@type":"EntryPoint","urlTemplate":"https:\/\/winandofficews.com\/?s={search_term_string}"},"query-input":{"@type":"PropertyValueSpecification","valueRequired":true,"valueName":"search_term_string"}}],"inLanguage":"it-IT"},{"@type":"Organization","@id":"https:\/\/winandofficews.com\/#organization","name":"Win & Office WS","url":"https:\/\/winandofficews.com\/","logo":{"@type":"ImageObject","inLanguage":"it-IT","@id":"https:\/\/winandofficews.com\/#\/schema\/logo\/image\/","url":"https:\/\/winandofficews.com\/wp-content\/uploads\/logo14.png","contentUrl":"https:\/\/winandofficews.com\/wp-content\/uploads\/logo14.png","width":322,"height":116,"caption":"Win & Office WS"},"image":{"@id":"https:\/\/winandofficews.com\/#\/schema\/logo\/image\/"},"sameAs":["https:\/\/www.facebook.com\/winandofficews\/","https:\/\/x.com\/WINDOWSANDOFFI1","https:\/\/www.instagram.com\/winandoffice.ws\/","https:\/\/de.pinterest.com\/winandofficews_official\/","https:\/\/www.tiktok.com\/@winandofficews","https:\/\/www.youtube.com\/channel\/UCPI87ZZIvl272mOtG5sL8Cg","https:\/\/de.trustpilot.com\/review\/winandofficews.com","https:\/\/www.trustami.com\/review\/win-and-office-wholesales-rating"]}]}},"_links":{"self":[{"href":"https:\/\/winandofficews.com\/it\/wp-json\/wp\/v2\/pages\/980","targetHints":{"allow":["GET"]}}],"collection":[{"href":"https:\/\/winandofficews.com\/it\/wp-json\/wp\/v2\/pages"}],"about":[{"href":"https:\/\/winandofficews.com\/it\/wp-json\/wp\/v2\/types\/page"}],"author":[{"embeddable":true,"href":"https:\/\/winandofficews.com\/it\/wp-json\/wp\/v2\/users\/1"}],"replies":[{"embeddable":true,"href":"https:\/\/winandofficews.com\/it\/wp-json\/wp\/v2\/comments?post=980"}],"version-history":[{"count":0,"href":"https:\/\/winandofficews.com\/it\/wp-json\/wp\/v2\/pages\/980\/revisions"}],"wp:attachment":[{"href":"https:\/\/winandofficews.com\/it\/wp-json\/wp\/v2\/media?parent=980"}],"curies":[{"name":"wp","href":"https:\/\/api.w.org\/{rel}","templated":true}]}}