{"id":3500,"date":"2021-06-29T16:36:32","date_gmt":"2021-06-29T16:36:32","guid":{"rendered":"https:\/\/winandofficews.com\/?page_id=3500"},"modified":"2025-08-25T20:39:00","modified_gmt":"2025-08-25T18:39:00","slug":"payment-methods","status":"publish","type":"page","link":"https:\/\/winandofficews.com\/it\/payment-methods\/","title":{"rendered":"Metodi di pagamento"},"content":{"rendered":"<p><strong><span style=\"font-size: 24pt;\">Debit-\/Kreditkarte<\/span><\/strong><\/p>\n<p>Bezahlen Sie schnell und bequem mit Ihrer Debit- oder Kreditkarte. Ihre Zahlung wird innerhalb weniger Minuten best\u00e4tigt und Ihre Bestellung umgehend bearbeitet.<\/p>\n<p><strong><span style=\"font-size: 24pt;\">Google Pay<\/span><\/strong><\/p>\n<p>ist ein Zahlungsdienst, mit dem Sie mit Ihrem Google Pay-Konto verkn\u00fcpfte Zahlungsmethoden f\u00fcr Eink\u00e4ufe auf Drittanbieter-Websites nutzen k\u00f6nnen.<\/p>\n<p><span style=\"font-size: 24pt;\"><strong>Apple Pay<\/strong><\/span><\/p>\n<p>ist ein Zahlungsdienst, mit dem Sie mit Ihrem Apple Pay-Konto verkn\u00fcpfte Zahlungsmethoden f\u00fcr Eink\u00e4ufe auf Drittanbieter-Websites nutzen k\u00f6nnen.<\/p>","protected":false},"excerpt":{"rendered":"<p>Debit-\/Kreditkarte Bezahlen Sie schnell und bequem mit Ihrer Debit- oder Kreditkarte. Ihre Zahlung wird innerhalb weniger Minuten best\u00e4tigt und Ihre Bestellung umgehend bearbeitet. Google Pay ist ein Zahlungsdienst, mit dem Sie mit Ihrem Google Pay-Konto verkn\u00fcpfte Zahlungsmethoden f\u00fcr Eink\u00e4ufe auf Drittanbieter-Websites nutzen k\u00f6nnen. Apple Pay ist ein Zahlungsdienst, mit dem&hellip; <\/p>","protected":false},"author":1,"featured_media":0,"parent":0,"menu_order":0,"comment_status":"closed","ping_status":"closed","template":"","meta":{"_acf_changed":false,"footnotes":""},"class_list":["post-3500","page","type-page","status-publish","hentry"],"acf":[],"yoast_head":"<!-- This site is optimized with the Yoast SEO plugin v27.3 - https:\/\/yoast.com\/product\/yoast-seo-wordpress\/ -->\n<title>Zahlungsarten - Win &amp; Office WS<\/title>\n<meta name=\"robots\" content=\"index, follow, max-snippet:-1, max-image-preview:large, max-video-preview:-1\" \/>\n<link rel=\"canonical\" href=\"https:\/\/winandofficews.com\/it\/payment-methods\/\" \/>\n<meta property=\"og:locale\" content=\"it_IT\" \/>\n<meta property=\"og:type\" content=\"article\" \/>\n<meta property=\"og:title\" content=\"Zahlungsarten - Win &amp; Office WS\" \/>\n<meta property=\"og:description\" content=\"Debit-\/Kreditkarte Bezahlen Sie schnell und bequem mit Ihrer Debit- oder Kreditkarte. Ihre Zahlung wird innerhalb weniger Minuten best\u00e4tigt und Ihre Bestellung umgehend bearbeitet. Google Pay ist ein Zahlungsdienst, mit dem Sie mit Ihrem Google Pay-Konto verkn\u00fcpfte Zahlungsmethoden f\u00fcr Eink\u00e4ufe auf Drittanbieter-Websites nutzen k\u00f6nnen. Apple Pay ist ein Zahlungsdienst, mit dem&hellip;\" \/>\n<meta property=\"og:url\" content=\"https:\/\/winandofficews.com\/it\/payment-methods\/\" \/>\n<meta property=\"og:site_name\" content=\"Win &amp; Office WS\" \/>\n<meta property=\"article:publisher\" content=\"https:\/\/www.facebook.com\/winandofficews\/\" \/>\n<meta property=\"article:modified_time\" content=\"2025-08-25T18:39:00+00:00\" \/>\n<meta name=\"twitter:card\" content=\"summary_large_image\" \/>\n<meta name=\"twitter:site\" content=\"@WINDOWSANDOFFI1\" \/>\n<meta name=\"twitter:label1\" content=\"Tempo di lettura stimato\" \/>\n\t<meta name=\"twitter:data1\" content=\"1 minuto\" \/>\n<script type=\"application\/ld+json\" class=\"yoast-schema-graph\">{\"@context\":\"https:\\\/\\\/schema.org\",\"@graph\":[{\"@type\":\"WebPage\",\"@id\":\"https:\\\/\\\/winandofficews.com\\\/payment-methods\\\/\",\"url\":\"https:\\\/\\\/winandofficews.com\\\/payment-methods\\\/\",\"name\":\"Zahlungsarten - Win &amp; Office WS\",\"isPartOf\":{\"@id\":\"https:\\\/\\\/winandofficews.com\\\/#website\"},\"datePublished\":\"2021-06-29T16:36:32+00:00\",\"dateModified\":\"2025-08-25T18:39:00+00:00\",\"breadcrumb\":{\"@id\":\"https:\\\/\\\/winandofficews.com\\\/payment-methods\\\/#breadcrumb\"},\"inLanguage\":\"it-IT\",\"potentialAction\":[{\"@type\":\"ReadAction\",\"target\":[\"https:\\\/\\\/winandofficews.com\\\/payment-methods\\\/\"]}]},{\"@type\":\"BreadcrumbList\",\"@id\":\"https:\\\/\\\/winandofficews.com\\\/payment-methods\\\/#breadcrumb\",\"itemListElement\":[{\"@type\":\"ListItem\",\"position\":1,\"name\":\"Home\",\"item\":\"https:\\\/\\\/winandofficews.com\\\/\"},{\"@type\":\"ListItem\",\"position\":2,\"name\":\"Payment Methods\"}]},{\"@type\":\"WebSite\",\"@id\":\"https:\\\/\\\/winandofficews.com\\\/#website\",\"url\":\"https:\\\/\\\/winandofficews.com\\\/\",\"name\":\"Win & Office WS\",\"description\":\"Wholesales Store of Office\",\"publisher\":{\"@id\":\"https:\\\/\\\/winandofficews.com\\\/#organization\"},\"potentialAction\":[{\"@type\":\"SearchAction\",\"target\":{\"@type\":\"EntryPoint\",\"urlTemplate\":\"https:\\\/\\\/winandofficews.com\\\/?s={search_term_string}\"},\"query-input\":{\"@type\":\"PropertyValueSpecification\",\"valueRequired\":true,\"valueName\":\"search_term_string\"}}],\"inLanguage\":\"it-IT\"},{\"@type\":\"Organization\",\"@id\":\"https:\\\/\\\/winandofficews.com\\\/#organization\",\"name\":\"Win & Office WS\",\"url\":\"https:\\\/\\\/winandofficews.com\\\/\",\"logo\":{\"@type\":\"ImageObject\",\"inLanguage\":\"it-IT\",\"@id\":\"https:\\\/\\\/winandofficews.com\\\/#\\\/schema\\\/logo\\\/image\\\/\",\"url\":\"https:\\\/\\\/winandofficews.com\\\/wp-content\\\/uploads\\\/logo14.png\",\"contentUrl\":\"https:\\\/\\\/winandofficews.com\\\/wp-content\\\/uploads\\\/logo14.png\",\"width\":322,\"height\":116,\"caption\":\"Win & Office WS\"},\"image\":{\"@id\":\"https:\\\/\\\/winandofficews.com\\\/#\\\/schema\\\/logo\\\/image\\\/\"},\"sameAs\":[\"https:\\\/\\\/www.facebook.com\\\/winandofficews\\\/\",\"https:\\\/\\\/x.com\\\/WINDOWSANDOFFI1\",\"https:\\\/\\\/www.instagram.com\\\/winandoffice.ws\\\/\",\"https:\\\/\\\/de.pinterest.com\\\/winandofficews_official\\\/\",\"https:\\\/\\\/www.tiktok.com\\\/@winandofficews\",\"https:\\\/\\\/www.youtube.com\\\/channel\\\/UCPI87ZZIvl272mOtG5sL8Cg\",\"https:\\\/\\\/de.trustpilot.com\\\/review\\\/winandofficews.com\",\"https:\\\/\\\/www.trustami.com\\\/review\\\/win-and-office-wholesales-rating\"]}]}<\/script>\n<!-- \/ Yoast SEO plugin. -->","yoast_head_json":{"title":"Zahlungsarten - Win &amp; Office WS","robots":{"index":"index","follow":"follow","max-snippet":"max-snippet:-1","max-image-preview":"max-image-preview:large","max-video-preview":"max-video-preview:-1"},"canonical":"https:\/\/winandofficews.com\/it\/payment-methods\/","og_locale":"it_IT","og_type":"article","og_title":"Zahlungsarten - Win &amp; Office WS","og_description":"Debit-\/Kreditkarte Bezahlen Sie schnell und bequem mit Ihrer Debit- oder Kreditkarte. Ihre Zahlung wird innerhalb weniger Minuten best\u00e4tigt und Ihre Bestellung umgehend bearbeitet. Google Pay ist ein Zahlungsdienst, mit dem Sie mit Ihrem Google Pay-Konto verkn\u00fcpfte Zahlungsmethoden f\u00fcr Eink\u00e4ufe auf Drittanbieter-Websites nutzen k\u00f6nnen. Apple Pay ist ein Zahlungsdienst, mit dem&hellip;","og_url":"https:\/\/winandofficews.com\/it\/payment-methods\/","og_site_name":"Win &amp; Office WS","article_publisher":"https:\/\/www.facebook.com\/winandofficews\/","article_modified_time":"2025-08-25T18:39:00+00:00","twitter_card":"summary_large_image","twitter_site":"@WINDOWSANDOFFI1","twitter_misc":{"Tempo di lettura stimato":"1 minuto"},"schema":{"@context":"https:\/\/schema.org","@graph":[{"@type":"WebPage","@id":"https:\/\/winandofficews.com\/payment-methods\/","url":"https:\/\/winandofficews.com\/payment-methods\/","name":"Zahlungsarten - Win &amp; Office WS","isPartOf":{"@id":"https:\/\/winandofficews.com\/#website"},"datePublished":"2021-06-29T16:36:32+00:00","dateModified":"2025-08-25T18:39:00+00:00","breadcrumb":{"@id":"https:\/\/winandofficews.com\/payment-methods\/#breadcrumb"},"inLanguage":"it-IT","potentialAction":[{"@type":"ReadAction","target":["https:\/\/winandofficews.com\/payment-methods\/"]}]},{"@type":"BreadcrumbList","@id":"https:\/\/winandofficews.com\/payment-methods\/#breadcrumb","itemListElement":[{"@type":"ListItem","position":1,"name":"Home","item":"https:\/\/winandofficews.com\/"},{"@type":"ListItem","position":2,"name":"Payment Methods"}]},{"@type":"WebSite","@id":"https:\/\/winandofficews.com\/#website","url":"https:\/\/winandofficews.com\/","name":"Win & Office WS","description":"Wholesales Store of Office","publisher":{"@id":"https:\/\/winandofficews.com\/#organization"},"potentialAction":[{"@type":"SearchAction","target":{"@type":"EntryPoint","urlTemplate":"https:\/\/winandofficews.com\/?s={search_term_string}"},"query-input":{"@type":"PropertyValueSpecification","valueRequired":true,"valueName":"search_term_string"}}],"inLanguage":"it-IT"},{"@type":"Organization","@id":"https:\/\/winandofficews.com\/#organization","name":"Win & Office WS","url":"https:\/\/winandofficews.com\/","logo":{"@type":"ImageObject","inLanguage":"it-IT","@id":"https:\/\/winandofficews.com\/#\/schema\/logo\/image\/","url":"https:\/\/winandofficews.com\/wp-content\/uploads\/logo14.png","contentUrl":"https:\/\/winandofficews.com\/wp-content\/uploads\/logo14.png","width":322,"height":116,"caption":"Win & Office WS"},"image":{"@id":"https:\/\/winandofficews.com\/#\/schema\/logo\/image\/"},"sameAs":["https:\/\/www.facebook.com\/winandofficews\/","https:\/\/x.com\/WINDOWSANDOFFI1","https:\/\/www.instagram.com\/winandoffice.ws\/","https:\/\/de.pinterest.com\/winandofficews_official\/","https:\/\/www.tiktok.com\/@winandofficews","https:\/\/www.youtube.com\/channel\/UCPI87ZZIvl272mOtG5sL8Cg","https:\/\/de.trustpilot.com\/review\/winandofficews.com","https:\/\/www.trustami.com\/review\/win-and-office-wholesales-rating"]}]}},"_links":{"self":[{"href":"https:\/\/winandofficews.com\/it\/wp-json\/wp\/v2\/pages\/3500","targetHints":{"allow":["GET"]}}],"collection":[{"href":"https:\/\/winandofficews.com\/it\/wp-json\/wp\/v2\/pages"}],"about":[{"href":"https:\/\/winandofficews.com\/it\/wp-json\/wp\/v2\/types\/page"}],"author":[{"embeddable":true,"href":"https:\/\/winandofficews.com\/it\/wp-json\/wp\/v2\/users\/1"}],"replies":[{"embeddable":true,"href":"https:\/\/winandofficews.com\/it\/wp-json\/wp\/v2\/comments?post=3500"}],"version-history":[{"count":0,"href":"https:\/\/winandofficews.com\/it\/wp-json\/wp\/v2\/pages\/3500\/revisions"}],"wp:attachment":[{"href":"https:\/\/winandofficews.com\/it\/wp-json\/wp\/v2\/media?parent=3500"}],"curies":[{"name":"wp","href":"https:\/\/api.w.org\/{rel}","templated":true}]}}