{"id":3497,"date":"2021-06-29T16:20:15","date_gmt":"2021-06-29T16:20:15","guid":{"rendered":"https:\/\/winandofficews.com\/?page_id=3497"},"modified":"2025-08-25T20:39:53","modified_gmt":"2025-08-25T18:39:53","slug":"warranty-policy","status":"publish","type":"page","link":"https:\/\/winandofficews.com\/it\/warranty-policy\/","title":{"rendered":"Condizioni di garanzia"},"content":{"rendered":"<section style=\"font-family: Arial, sans-serif; line-height: 1.6; max-width: 800px; margin: auto;\">\n<h2 style=\"color: #2c3e50;\">Garanzia di rimborso di 30 giorni e garanzia di sostituzione a vita<\/h2>\n<p><strong>WS Store<\/strong> offre una garanzia di rimborso di 30 giorni su tutti i prodotti acquistati. Se non siete soddisfatti del vostro acquisto, potete restituirlo entro 30 giorni per un rimborso completo.<\/p>\n<p>Dopo questi 30 giorni offriamo un <strong>Garanzia di sostituzione a vita<\/strong> su tutti i prodotti difettosi.<\/p>\n<h3 style=\"color: #34495e;\">Garanzia legale<\/h3>\n<p>Il periodo di garanzia previsto dalla legge tedesca \u00e8 <strong>1 anno<\/strong> dalla data di acquisto per difetti attribuibili a progettazione, materiali o lavorazione difettosi.<\/p>\n<hr style=\"border: none; border-top: 1px gestrichelt #bbb; margin: 30px 0;\" \/>\n<h3 style=\"color: #34495e;\">Condizioni per i prodotti difettosi<\/h3>\n<p>Riparazione o sostituzione di prodotti difettosi <strong>WS Store<\/strong> l'articolo difettoso gratuitamente a propria discrezione, a condizione che siano soddisfatte le seguenti condizioni:<\/p>\n<ol style=\"padding-left: 20px;\">\n<li>L'acquirente deve informare immediatamente il venditore <strong>Per iscritto<\/strong> sul difetto.<\/li>\n<li>Il difetto deve essere <strong>Progettazione, materiali o lavorazione difettosi<\/strong> del produttore o del venditore.<\/li>\n<li>La merce difettosa da riparare o sostituire dovr\u00e0 essere <strong>su richiesta<\/strong> al venditore.<\/li>\n<li>Se la merce \u00e8 stata consegnata da un <strong>Fornitori terzi<\/strong> fabbricato e consegnato al venditore, la garanzia concessa al venditore viene trasferita all'acquirente.<\/li>\n<li>Il venditore si riserva il diritto, a propria discrezione, di <strong>il prezzo<\/strong> della merce difettosa se questa \u00e8 gi\u00e0 stata pagata.<\/li>\n<\/ol>\n<\/section>","protected":false},"excerpt":{"rendered":"<p>Garanzia di rimborso di 30 giorni e garanzia di sostituzione a vita offre una garanzia di rimborso di 30 giorni su tutti i prodotti acquistati. Se non siete soddisfatti del vostro acquisto, potete restituirlo entro 30 giorni per un rimborso completo. Dopo i 30 giorni, offriamo una garanzia di sostituzione a vita su tutti i prodotti difettosi. Legale... <\/p>","protected":false},"author":1,"featured_media":0,"parent":0,"menu_order":0,"comment_status":"closed","ping_status":"closed","template":"","meta":{"_acf_changed":false,"footnotes":""},"class_list":["post-3497","page","type-page","status-publish","hentry"],"acf":[],"yoast_head":"<!-- This site is optimized with the Yoast SEO plugin v27.4 - https:\/\/yoast.com\/product\/yoast-seo-wordpress\/ -->\n<title>Garantiebedingungen - Win &amp; Office WS<\/title>\n<meta name=\"robots\" content=\"index, follow, max-snippet:-1, max-image-preview:large, max-video-preview:-1\" \/>\n<link rel=\"canonical\" href=\"https:\/\/winandofficews.com\/it\/warranty-policy\/\" \/>\n<meta property=\"og:locale\" content=\"it_IT\" \/>\n<meta property=\"og:type\" content=\"article\" \/>\n<meta property=\"og:title\" content=\"Garantiebedingungen - Win &amp; Office WS\" \/>\n<meta property=\"og:description\" content=\"30-t\u00e4gige Geld-zur\u00fcck-Garantie &#038; lebenslange Umtauschgarantie bietet eine 30-t\u00e4gige Geld-zur\u00fcck-Garantie auf alle gekauften Produkte. Sollten Sie mit Ihrem Kauf nicht zufrieden sein, k\u00f6nnen Sie ihn innerhalb von 30 Tagen zur\u00fcckgeben und erhalten den vollen Kaufpreis erstattet. Nach Ablauf dieser 30 Tage bieten wir eine lebenslange Umtauschgarantie auf alle defekten Produkte. Gesetzliche&hellip;\" \/>\n<meta property=\"og:url\" content=\"https:\/\/winandofficews.com\/it\/warranty-policy\/\" \/>\n<meta property=\"og:site_name\" content=\"Win &amp; Office WS\" \/>\n<meta property=\"article:publisher\" content=\"https:\/\/www.facebook.com\/winandofficews\/\" \/>\n<meta property=\"article:modified_time\" content=\"2025-08-25T18:39:53+00:00\" \/>\n<meta name=\"twitter:card\" content=\"summary_large_image\" \/>\n<meta name=\"twitter:site\" content=\"@WINDOWSANDOFFI1\" \/>\n<meta name=\"twitter:label1\" content=\"Tempo di lettura stimato\" \/>\n\t<meta name=\"twitter:data1\" content=\"1 minuto\" \/>\n<script type=\"application\/ld+json\" class=\"yoast-schema-graph\">{\"@context\":\"https:\\\/\\\/schema.org\",\"@graph\":[{\"@type\":\"WebPage\",\"@id\":\"https:\\\/\\\/winandofficews.com\\\/warranty-policy\\\/\",\"url\":\"https:\\\/\\\/winandofficews.com\\\/warranty-policy\\\/\",\"name\":\"Garantiebedingungen - Win &amp; Office WS\",\"isPartOf\":{\"@id\":\"https:\\\/\\\/winandofficews.com\\\/#website\"},\"datePublished\":\"2021-06-29T16:20:15+00:00\",\"dateModified\":\"2025-08-25T18:39:53+00:00\",\"breadcrumb\":{\"@id\":\"https:\\\/\\\/winandofficews.com\\\/warranty-policy\\\/#breadcrumb\"},\"inLanguage\":\"it-IT\",\"potentialAction\":[{\"@type\":\"ReadAction\",\"target\":[\"https:\\\/\\\/winandofficews.com\\\/warranty-policy\\\/\"]}]},{\"@type\":\"BreadcrumbList\",\"@id\":\"https:\\\/\\\/winandofficews.com\\\/warranty-policy\\\/#breadcrumb\",\"itemListElement\":[{\"@type\":\"ListItem\",\"position\":1,\"name\":\"Home\",\"item\":\"https:\\\/\\\/winandofficews.com\\\/\"},{\"@type\":\"ListItem\",\"position\":2,\"name\":\"Warranty Terms\"}]},{\"@type\":\"WebSite\",\"@id\":\"https:\\\/\\\/winandofficews.com\\\/#website\",\"url\":\"https:\\\/\\\/winandofficews.com\\\/\",\"name\":\"Win & Office WS\",\"description\":\"Wholesales Store of Office\",\"publisher\":{\"@id\":\"https:\\\/\\\/winandofficews.com\\\/#organization\"},\"potentialAction\":[{\"@type\":\"SearchAction\",\"target\":{\"@type\":\"EntryPoint\",\"urlTemplate\":\"https:\\\/\\\/winandofficews.com\\\/?s={search_term_string}\"},\"query-input\":{\"@type\":\"PropertyValueSpecification\",\"valueRequired\":true,\"valueName\":\"search_term_string\"}}],\"inLanguage\":\"it-IT\"},{\"@type\":\"Organization\",\"@id\":\"https:\\\/\\\/winandofficews.com\\\/#organization\",\"name\":\"Win & Office WS\",\"url\":\"https:\\\/\\\/winandofficews.com\\\/\",\"logo\":{\"@type\":\"ImageObject\",\"inLanguage\":\"it-IT\",\"@id\":\"https:\\\/\\\/winandofficews.com\\\/#\\\/schema\\\/logo\\\/image\\\/\",\"url\":\"https:\\\/\\\/winandofficews.com\\\/wp-content\\\/uploads\\\/logo14.png\",\"contentUrl\":\"https:\\\/\\\/winandofficews.com\\\/wp-content\\\/uploads\\\/logo14.png\",\"width\":322,\"height\":116,\"caption\":\"Win & Office WS\"},\"image\":{\"@id\":\"https:\\\/\\\/winandofficews.com\\\/#\\\/schema\\\/logo\\\/image\\\/\"},\"sameAs\":[\"https:\\\/\\\/www.facebook.com\\\/winandofficews\\\/\",\"https:\\\/\\\/x.com\\\/WINDOWSANDOFFI1\",\"https:\\\/\\\/www.instagram.com\\\/winandoffice.ws\\\/\",\"https:\\\/\\\/de.pinterest.com\\\/winandofficews_official\\\/\",\"https:\\\/\\\/www.tiktok.com\\\/@winandofficews\",\"https:\\\/\\\/www.youtube.com\\\/channel\\\/UCPI87ZZIvl272mOtG5sL8Cg\",\"https:\\\/\\\/de.trustpilot.com\\\/review\\\/winandofficews.com\",\"https:\\\/\\\/www.trustami.com\\\/review\\\/win-and-office-wholesales-rating\"]}]}<\/script>\n<!-- \/ Yoast SEO plugin. -->","yoast_head_json":{"title":"Condizioni di garanzia - Win e Office WS","robots":{"index":"index","follow":"follow","max-snippet":"max-snippet:-1","max-image-preview":"max-image-preview:large","max-video-preview":"max-video-preview:-1"},"canonical":"https:\/\/winandofficews.com\/it\/warranty-policy\/","og_locale":"it_IT","og_type":"article","og_title":"Garantiebedingungen - Win &amp; Office WS","og_description":"30-t\u00e4gige Geld-zur\u00fcck-Garantie &#038; lebenslange Umtauschgarantie bietet eine 30-t\u00e4gige Geld-zur\u00fcck-Garantie auf alle gekauften Produkte. Sollten Sie mit Ihrem Kauf nicht zufrieden sein, k\u00f6nnen Sie ihn innerhalb von 30 Tagen zur\u00fcckgeben und erhalten den vollen Kaufpreis erstattet. Nach Ablauf dieser 30 Tage bieten wir eine lebenslange Umtauschgarantie auf alle defekten Produkte. Gesetzliche&hellip;","og_url":"https:\/\/winandofficews.com\/it\/warranty-policy\/","og_site_name":"Win &amp; Office WS","article_publisher":"https:\/\/www.facebook.com\/winandofficews\/","article_modified_time":"2025-08-25T18:39:53+00:00","twitter_card":"summary_large_image","twitter_site":"@WINDOWSANDOFFI1","twitter_misc":{"Tempo di lettura stimato":"1 minuto"},"schema":{"@context":"https:\/\/schema.org","@graph":[{"@type":"WebPage","@id":"https:\/\/winandofficews.com\/warranty-policy\/","url":"https:\/\/winandofficews.com\/warranty-policy\/","name":"Condizioni di garanzia - Win e Office WS","isPartOf":{"@id":"https:\/\/winandofficews.com\/#website"},"datePublished":"2021-06-29T16:20:15+00:00","dateModified":"2025-08-25T18:39:53+00:00","breadcrumb":{"@id":"https:\/\/winandofficews.com\/warranty-policy\/#breadcrumb"},"inLanguage":"it-IT","potentialAction":[{"@type":"ReadAction","target":["https:\/\/winandofficews.com\/warranty-policy\/"]}]},{"@type":"BreadcrumbList","@id":"https:\/\/winandofficews.com\/warranty-policy\/#breadcrumb","itemListElement":[{"@type":"ListItem","position":1,"name":"Home","item":"https:\/\/winandofficews.com\/"},{"@type":"ListItem","position":2,"name":"Warranty Terms"}]},{"@type":"WebSite","@id":"https:\/\/winandofficews.com\/#website","url":"https:\/\/winandofficews.com\/","name":"Win e Office WS","description":"Negozio all'ingrosso di Office","publisher":{"@id":"https:\/\/winandofficews.com\/#organization"},"potentialAction":[{"@type":"SearchAction","target":{"@type":"EntryPoint","urlTemplate":"https:\/\/winandofficews.com\/?s={search_term_string}"},"query-input":{"@type":"PropertyValueSpecification","valueRequired":true,"valueName":"search_term_string"}}],"inLanguage":"it-IT"},{"@type":"Organization","@id":"https:\/\/winandofficews.com\/#organization","name":"Win e Office WS","url":"https:\/\/winandofficews.com\/","logo":{"@type":"ImageObject","inLanguage":"it-IT","@id":"https:\/\/winandofficews.com\/#\/schema\/logo\/image\/","url":"https:\/\/winandofficews.com\/wp-content\/uploads\/logo14.png","contentUrl":"https:\/\/winandofficews.com\/wp-content\/uploads\/logo14.png","width":322,"height":116,"caption":"Win & Office WS"},"image":{"@id":"https:\/\/winandofficews.com\/#\/schema\/logo\/image\/"},"sameAs":["https:\/\/www.facebook.com\/winandofficews\/","https:\/\/x.com\/WINDOWSANDOFFI1","https:\/\/www.instagram.com\/winandoffice.ws\/","https:\/\/de.pinterest.com\/winandofficews_official\/","https:\/\/www.tiktok.com\/@winandofficews","https:\/\/www.youtube.com\/channel\/UCPI87ZZIvl272mOtG5sL8Cg","https:\/\/de.trustpilot.com\/review\/winandofficews.com","https:\/\/www.trustami.com\/review\/win-and-office-wholesales-rating"]}]}},"_links":{"self":[{"href":"https:\/\/winandofficews.com\/it\/wp-json\/wp\/v2\/pages\/3497","targetHints":{"allow":["GET"]}}],"collection":[{"href":"https:\/\/winandofficews.com\/it\/wp-json\/wp\/v2\/pages"}],"about":[{"href":"https:\/\/winandofficews.com\/it\/wp-json\/wp\/v2\/types\/page"}],"author":[{"embeddable":true,"href":"https:\/\/winandofficews.com\/it\/wp-json\/wp\/v2\/users\/1"}],"replies":[{"embeddable":true,"href":"https:\/\/winandofficews.com\/it\/wp-json\/wp\/v2\/comments?post=3497"}],"version-history":[{"count":0,"href":"https:\/\/winandofficews.com\/it\/wp-json\/wp\/v2\/pages\/3497\/revisions"}],"wp:attachment":[{"href":"https:\/\/winandofficews.com\/it\/wp-json\/wp\/v2\/media?parent=3497"}],"curies":[{"name":"wp","href":"https:\/\/api.w.org\/{rel}","templated":true}]}}