{"id":3475,"date":"2021-06-25T18:49:48","date_gmt":"2021-06-25T18:49:48","guid":{"rendered":"https:\/\/winandofficews.com\/?page_id=3475"},"modified":"2025-08-25T20:41:11","modified_gmt":"2025-08-25T18:41:11","slug":"refunds-policy","status":"publish","type":"page","link":"https:\/\/winandofficews.com\/it\/refunds-policy\/","title":{"rendered":"Politica di rimborso e restituzione"},"content":{"rendered":"<ul style=\"pading-left: 20px;\">\n<li>Nessun costo di restituzione<\/li>\n<li>Nessun costo di spedizione<\/li>\n<li>Garanzia di rimborso di 30 giorni<\/li>\n<li>Garanzia di sostituzione a vita<\/li>\n<\/ul>\n<p><strong>Diritto di cancellazione<\/strong> Avete il diritto di recedere dal presente contratto entro 30 giorni dal ricevimento della merce, senza dover fornire alcuna motivazione. Per esercitare il vostro diritto di recesso, dovete informarci della vostra decisione di recedere dal contratto mediante una dichiarazione chiara (ad esempio, una lettera inviata per posta, fax o e-mail). A tal fine, potete utilizzare il modulo di recesso allegato.<\/p>\n<div style=\"border: dashed 1px gray; border-radius: 5px; background-color: #f5f5f5; padding: 5px; margin-bottom: 15px;\"><strong>Proprietario:<\/strong> INES CASTRO ANDIA<br \/>\n<strong>Sede dell'azienda:<\/strong> Samoastrasse 1, 13353 Berlino, Germania<br \/>\n<strong>Posizione Germania:<\/strong> Samoastrasse 1, 13353 Berlino, Germania<br \/>\n<strong>Tel:<\/strong> +49 60213274874<br \/>\n<strong>e-mail:<\/strong> <a href='mailto:contact@winandofficews.com'>contact@winandofficews.com<\/a><\/div>\n<p><strong>Esempio di modulo di cancellazione<\/strong> (Se si desidera annullare il contratto, si prega di compilare e restituire il presente modulo).<\/p>\n<div style=\"border: dashed 1px gray; border-radius: 5px; background-color: #f5f5f5; padding: 5px; margin-bottom: 15px;\">\n<p>Con la presente io\/noi () annulliamo il contratto () da me\/noi stipulato per l'acquisto dei seguenti beni ()\/la fornitura del seguente servizio ():<\/p>\n<ul style=\"padding-left: 20px;\">\n<li>Ordinato il () \/ ricevuto il ()<\/li>\n<li>Nome del\/i consumatore\/i<\/li>\n<li>Indirizzo del\/i consumatore\/i<\/li>\n<li>Firma del\/i consumatore\/i (solo per la notifica su carta)<\/li>\n<li>data<\/li>\n<\/ul>\n<\/div>\n<p><em>(*) Cancellare la dicitura appropriata.<\/em> Per rispettare il termine di cancellazione, \u00e8 sufficiente che il cliente invii la notifica di esercizio del diritto di cancellazione prima della scadenza del periodo di cancellazione.<\/p>\n<p><strong>Conseguenze della cancellazione<\/strong> Se Lei recede dal presente contratto, Le rimborseremo tutti i pagamenti da Lei ricevuti, compresi i costi di consegna (ad eccezione dei costi supplementari derivanti dalla Sua scelta di un tipo di consegna diverso dalla consegna 1TP3 meno costosa da noi offerta), senza indebito ritardo e in ogni caso non oltre 14 giorni dal giorno in cui siamo informati della Sua decisione di recedere dal presente contratto. Per questo rimborso, utilizzeremo lo stesso mezzo di pagamento che avete utilizzato per la transazione originale, a meno che non sia stato espressamente concordato diversamente con voi; in nessun caso vi sar\u00e0 addebitato alcun costo per questo rimborso.<\/p>\n<p><strong>Garanzia di sostituzione a vita:<\/strong> Se non rispettate il periodo di restituzione di 30 giorni, vi offriamo una garanzia di sostituzione a vita del prodotto. Se il prodotto \u00e8 difettoso durante l'uso, riceverete una sostituzione gratuita.<\/p>\n<div style=\"border: dashed 1px gray; border-radius: 5px; background-color: #f5f5f5; padding: 5px; margin-bottom: 15px;\"><strong>Proprietario:<\/strong> INES CASTRO ANDIA<br \/>\n<strong>Sede centrale:<\/strong> Samoastrasse 1, 13353 Berlino, Germania<br \/>\n<strong>Posizione Germania:<\/strong> Samoastrasse 1, 13353 Berlino, Germania<br \/>\n<strong>Tel:<\/strong> +49 60213274874<br \/>\n<strong>e-mail:<\/strong> <a href='mailto:contact@winandofficews.com'>contact@winandofficews.com<\/a><\/div>","protected":false},"excerpt":{"rendered":"<p>Nessuna spesa di restituzione Nessuna spesa di spedizione Garanzia di rimborso di 30 giorni Garanzia di cambio a vita Diritto di recesso Avete il diritto di recedere dal presente contratto entro 30 giorni dal ricevimento della merce senza dover fornire alcuna motivazione. Per esercitare il diritto di recesso, \u00e8 necessario informarci con una dichiarazione chiara (ad es. lettera inviata per posta, fax o e-mail). <\/p>","protected":false},"author":1,"featured_media":0,"parent":0,"menu_order":0,"comment_status":"closed","ping_status":"closed","template":"","meta":{"_acf_changed":false,"footnotes":""},"class_list":["post-3475","page","type-page","status-publish","hentry"],"acf":[],"yoast_head":"<!-- This site is optimized with the Yoast SEO plugin v27.4 - https:\/\/yoast.com\/product\/yoast-seo-wordpress\/ -->\n<title>R\u00fcckerstattungs- und R\u00fcckgaberecht - Win &amp; Office WS<\/title>\n<meta name=\"robots\" content=\"index, follow, max-snippet:-1, max-image-preview:large, max-video-preview:-1\" \/>\n<link rel=\"canonical\" href=\"https:\/\/winandofficews.com\/it\/refunds-policy\/\" \/>\n<meta property=\"og:locale\" content=\"it_IT\" \/>\n<meta property=\"og:type\" content=\"article\" \/>\n<meta property=\"og:title\" content=\"R\u00fcckerstattungs- und R\u00fcckgaberecht - Win &amp; Office WS\" \/>\n<meta property=\"og:description\" content=\"Keine R\u00fccksendekosten Keine Versandkosten 30 Tage Geld-zur\u00fcck-Garantie Lebenslange Umtauschgarantie Widerrufsrecht Sie haben das Recht, diesen Vertrag innerhalb von 30 Tagen nach Erhalt der Ware ohne Angabe von Gr\u00fcnden zu widerrufen. Um Ihr Widerrufsrecht auszu\u00fcben, m\u00fcssen Sie uns mittels einer eindeutigen Erkl\u00e4rung (z. B. ein mit der Post versandter Brief, Telefax&hellip;\" \/>\n<meta property=\"og:url\" content=\"https:\/\/winandofficews.com\/it\/refunds-policy\/\" \/>\n<meta property=\"og:site_name\" content=\"Win &amp; Office WS\" \/>\n<meta property=\"article:publisher\" content=\"https:\/\/www.facebook.com\/winandofficews\/\" \/>\n<meta property=\"article:modified_time\" content=\"2025-08-25T18:41:11+00:00\" \/>\n<meta name=\"twitter:card\" content=\"summary_large_image\" \/>\n<meta name=\"twitter:site\" content=\"@WINDOWSANDOFFI1\" \/>\n<meta name=\"twitter:label1\" content=\"Tempo di lettura stimato\" \/>\n\t<meta name=\"twitter:data1\" content=\"2 minuti\" \/>\n<script type=\"application\/ld+json\" class=\"yoast-schema-graph\">{\"@context\":\"https:\\\/\\\/schema.org\",\"@graph\":[{\"@type\":\"WebPage\",\"@id\":\"https:\\\/\\\/winandofficews.com\\\/refunds-policy\\\/\",\"url\":\"https:\\\/\\\/winandofficews.com\\\/refunds-policy\\\/\",\"name\":\"R\u00fcckerstattungs- und R\u00fcckgaberecht - Win &amp; Office WS\",\"isPartOf\":{\"@id\":\"https:\\\/\\\/winandofficews.com\\\/#website\"},\"datePublished\":\"2021-06-25T18:49:48+00:00\",\"dateModified\":\"2025-08-25T18:41:11+00:00\",\"breadcrumb\":{\"@id\":\"https:\\\/\\\/winandofficews.com\\\/refunds-policy\\\/#breadcrumb\"},\"inLanguage\":\"it-IT\",\"potentialAction\":[{\"@type\":\"ReadAction\",\"target\":[\"https:\\\/\\\/winandofficews.com\\\/refunds-policy\\\/\"]}]},{\"@type\":\"BreadcrumbList\",\"@id\":\"https:\\\/\\\/winandofficews.com\\\/refunds-policy\\\/#breadcrumb\",\"itemListElement\":[{\"@type\":\"ListItem\",\"position\":1,\"name\":\"Home\",\"item\":\"https:\\\/\\\/winandofficews.com\\\/\"},{\"@type\":\"ListItem\",\"position\":2,\"name\":\"Refund and Return Policy\"}]},{\"@type\":\"WebSite\",\"@id\":\"https:\\\/\\\/winandofficews.com\\\/#website\",\"url\":\"https:\\\/\\\/winandofficews.com\\\/\",\"name\":\"Win & Office WS\",\"description\":\"Wholesales Store of Office\",\"publisher\":{\"@id\":\"https:\\\/\\\/winandofficews.com\\\/#organization\"},\"potentialAction\":[{\"@type\":\"SearchAction\",\"target\":{\"@type\":\"EntryPoint\",\"urlTemplate\":\"https:\\\/\\\/winandofficews.com\\\/?s={search_term_string}\"},\"query-input\":{\"@type\":\"PropertyValueSpecification\",\"valueRequired\":true,\"valueName\":\"search_term_string\"}}],\"inLanguage\":\"it-IT\"},{\"@type\":\"Organization\",\"@id\":\"https:\\\/\\\/winandofficews.com\\\/#organization\",\"name\":\"Win & Office WS\",\"url\":\"https:\\\/\\\/winandofficews.com\\\/\",\"logo\":{\"@type\":\"ImageObject\",\"inLanguage\":\"it-IT\",\"@id\":\"https:\\\/\\\/winandofficews.com\\\/#\\\/schema\\\/logo\\\/image\\\/\",\"url\":\"https:\\\/\\\/winandofficews.com\\\/wp-content\\\/uploads\\\/logo14.png\",\"contentUrl\":\"https:\\\/\\\/winandofficews.com\\\/wp-content\\\/uploads\\\/logo14.png\",\"width\":322,\"height\":116,\"caption\":\"Win & Office WS\"},\"image\":{\"@id\":\"https:\\\/\\\/winandofficews.com\\\/#\\\/schema\\\/logo\\\/image\\\/\"},\"sameAs\":[\"https:\\\/\\\/www.facebook.com\\\/winandofficews\\\/\",\"https:\\\/\\\/x.com\\\/WINDOWSANDOFFI1\",\"https:\\\/\\\/www.instagram.com\\\/winandoffice.ws\\\/\",\"https:\\\/\\\/de.pinterest.com\\\/winandofficews_official\\\/\",\"https:\\\/\\\/www.tiktok.com\\\/@winandofficews\",\"https:\\\/\\\/www.youtube.com\\\/channel\\\/UCPI87ZZIvl272mOtG5sL8Cg\",\"https:\\\/\\\/de.trustpilot.com\\\/review\\\/winandofficews.com\",\"https:\\\/\\\/www.trustami.com\\\/review\\\/win-and-office-wholesales-rating\"]}]}<\/script>\n<!-- \/ Yoast SEO plugin. -->","yoast_head_json":{"title":"Politica di rimborso e restituzione - Win &amp; Office WS","robots":{"index":"index","follow":"follow","max-snippet":"max-snippet:-1","max-image-preview":"max-image-preview:large","max-video-preview":"max-video-preview:-1"},"canonical":"https:\/\/winandofficews.com\/it\/refunds-policy\/","og_locale":"it_IT","og_type":"article","og_title":"R\u00fcckerstattungs- und R\u00fcckgaberecht - Win &amp; Office WS","og_description":"Keine R\u00fccksendekosten Keine Versandkosten 30 Tage Geld-zur\u00fcck-Garantie Lebenslange Umtauschgarantie Widerrufsrecht Sie haben das Recht, diesen Vertrag innerhalb von 30 Tagen nach Erhalt der Ware ohne Angabe von Gr\u00fcnden zu widerrufen. Um Ihr Widerrufsrecht auszu\u00fcben, m\u00fcssen Sie uns mittels einer eindeutigen Erkl\u00e4rung (z. B. ein mit der Post versandter Brief, Telefax&hellip;","og_url":"https:\/\/winandofficews.com\/it\/refunds-policy\/","og_site_name":"Win &amp; Office WS","article_publisher":"https:\/\/www.facebook.com\/winandofficews\/","article_modified_time":"2025-08-25T18:41:11+00:00","twitter_card":"summary_large_image","twitter_site":"@WINDOWSANDOFFI1","twitter_misc":{"Tempo di lettura stimato":"2 minuti"},"schema":{"@context":"https:\/\/schema.org","@graph":[{"@type":"WebPage","@id":"https:\/\/winandofficews.com\/refunds-policy\/","url":"https:\/\/winandofficews.com\/refunds-policy\/","name":"Politica di rimborso e restituzione - Win &amp; Office WS","isPartOf":{"@id":"https:\/\/winandofficews.com\/#website"},"datePublished":"2021-06-25T18:49:48+00:00","dateModified":"2025-08-25T18:41:11+00:00","breadcrumb":{"@id":"https:\/\/winandofficews.com\/refunds-policy\/#breadcrumb"},"inLanguage":"it-IT","potentialAction":[{"@type":"ReadAction","target":["https:\/\/winandofficews.com\/refunds-policy\/"]}]},{"@type":"BreadcrumbList","@id":"https:\/\/winandofficews.com\/refunds-policy\/#breadcrumb","itemListElement":[{"@type":"ListItem","position":1,"name":"Home","item":"https:\/\/winandofficews.com\/"},{"@type":"ListItem","position":2,"name":"Refund and Return Policy"}]},{"@type":"WebSite","@id":"https:\/\/winandofficews.com\/#website","url":"https:\/\/winandofficews.com\/","name":"Win e Office WS","description":"Negozio all'ingrosso di Office","publisher":{"@id":"https:\/\/winandofficews.com\/#organization"},"potentialAction":[{"@type":"SearchAction","target":{"@type":"EntryPoint","urlTemplate":"https:\/\/winandofficews.com\/?s={search_term_string}"},"query-input":{"@type":"PropertyValueSpecification","valueRequired":true,"valueName":"search_term_string"}}],"inLanguage":"it-IT"},{"@type":"Organization","@id":"https:\/\/winandofficews.com\/#organization","name":"Win e Office WS","url":"https:\/\/winandofficews.com\/","logo":{"@type":"ImageObject","inLanguage":"it-IT","@id":"https:\/\/winandofficews.com\/#\/schema\/logo\/image\/","url":"https:\/\/winandofficews.com\/wp-content\/uploads\/logo14.png","contentUrl":"https:\/\/winandofficews.com\/wp-content\/uploads\/logo14.png","width":322,"height":116,"caption":"Win & Office WS"},"image":{"@id":"https:\/\/winandofficews.com\/#\/schema\/logo\/image\/"},"sameAs":["https:\/\/www.facebook.com\/winandofficews\/","https:\/\/x.com\/WINDOWSANDOFFI1","https:\/\/www.instagram.com\/winandoffice.ws\/","https:\/\/de.pinterest.com\/winandofficews_official\/","https:\/\/www.tiktok.com\/@winandofficews","https:\/\/www.youtube.com\/channel\/UCPI87ZZIvl272mOtG5sL8Cg","https:\/\/de.trustpilot.com\/review\/winandofficews.com","https:\/\/www.trustami.com\/review\/win-and-office-wholesales-rating"]}]}},"_links":{"self":[{"href":"https:\/\/winandofficews.com\/it\/wp-json\/wp\/v2\/pages\/3475","targetHints":{"allow":["GET"]}}],"collection":[{"href":"https:\/\/winandofficews.com\/it\/wp-json\/wp\/v2\/pages"}],"about":[{"href":"https:\/\/winandofficews.com\/it\/wp-json\/wp\/v2\/types\/page"}],"author":[{"embeddable":true,"href":"https:\/\/winandofficews.com\/it\/wp-json\/wp\/v2\/users\/1"}],"replies":[{"embeddable":true,"href":"https:\/\/winandofficews.com\/it\/wp-json\/wp\/v2\/comments?post=3475"}],"version-history":[{"count":0,"href":"https:\/\/winandofficews.com\/it\/wp-json\/wp\/v2\/pages\/3475\/revisions"}],"wp:attachment":[{"href":"https:\/\/winandofficews.com\/it\/wp-json\/wp\/v2\/media?parent=3475"}],"curies":[{"name":"wp","href":"https:\/\/api.w.org\/{rel}","templated":true}]}}