{"id":87412,"date":"2025-06-21T08:10:40","date_gmt":"2025-06-21T06:10:40","guid":{"rendered":"https:\/\/winandofficews.com\/holland\/?post_type=product&#038;p=87412"},"modified":"2026-04-03T11:53:32","modified_gmt":"2026-04-03T09:53:32","slug":"microsoft-windows-11-home-microsoft-office-2021-professional-licentie-voor-3-pcs","status":"publish","type":"product","link":"https:\/\/winandofficews.com\/holland\/product\/microsoft-windows-11-home-microsoft-office-2021-professional-licentie-voor-3-pcs\/","title":{"rendered":"Microsoft Windows 11 Home + Microsoft Office 2021 Professional Licentie voor 3 pc&#8217;s"},"content":{"rendered":"<p><strong>Microsoft Windows 11 Home Licentie voor 3 pc&#8217;s<\/strong><\/p>\n<p><strong>Met deze licentie kan de software op 3 verschillende apparaten worden geactiveerd, bijvoorbeeld thuis-pc, notebook en werk-pc<\/strong><\/p>\n<p><strong>Systeem vereisten:<\/strong><\/p>\n<p>Maak je klaar voor het nieuwste en beste besturingssysteem van Microsoft! Deze editie is gericht op de thuisgebruiker en is geschikt voor alledaags gebruik, creatief werk en gaming.<\/p>\n<p>Dit zijn de basisvereisten om Microsoft Windows 11 op een pc te installeren. Als uw apparaat niet aan deze vereisten voldoet, kunt u Microsoft Windows 11 mogelijk niet op uw apparaat installeren en kunt u overwegen een nieuwe pc aan te schaffen. Als u niet zeker weet of uw pc aan deze vereisten voldoet, kunt u contact opnemen met de Original Equipment Manufacturer (OEM) van uw pc, of als uw apparaat al Microsoft Windows 10 gebruikt, gebruik dan de PC Health -app Vink aan om de compatibiliteit te verifi\u00ebren ( <a href=\"https:\/\/aka.ms\/GetPCHealthCheckApp\"><strong>om te <\/strong><\/a><a href=\"https:\/\/aka.ms\/GetPCHealthCheckApp\"><strong>downloaden <\/strong><\/a>).<\/p>\n<table>\n<tbody>\n<tr>\n<td><strong>verwerker:<\/strong><\/td>\n<td>1 gigahertz (GHz) of sneller met 2 of meer cores in een <a href=\"https:\/\/www.microsoft.com\/de-de\/windows\/windows-11-specifications\"><strong>64-bits compatibele processor <\/strong><\/a>of SoC ( Systeem op een chip).<\/td>\n<\/tr>\n<tr>\n<td><strong>RAM:<\/strong><\/td>\n<td>4 gigabyte (GB)<\/td>\n<\/tr>\n<tr>\n<td><strong>Opslagruimte:<\/strong><\/td>\n<td>64 GB of meer<\/p>\n<p>Opmerking: zie &#8220;Meer informatie over schijfruimte om Microsoft Windows 11 up-to-date te houden&#8221; hieronder voor meer informatie.<\/td>\n<\/tr>\n<tr>\n<td><strong>systeemfirmware:<\/strong><\/td>\n<td>UEFI, veilig opstarten ondersteund<\/td>\n<\/tr>\n<tr>\n<td><strong>TPM:<\/strong><\/td>\n<td>Trusted Platform Module (TPM) versie 2.0<\/td>\n<\/tr>\n<tr>\n<td><strong>Grafische kaart:<\/strong><\/td>\n<td>Compatibel met DirectX 12 of hoger met WDDM 2.0-stuurprogramma<\/td>\n<\/tr>\n<tr>\n<td><strong>Reclame:<\/strong><\/td>\n<td>Scherm met hoge resolutie (720p) met een diagonaal van meer dan 9\u2033, 8 bits per kleurkanaal<\/td>\n<\/tr>\n<tr>\n<td><strong>Internetverbinding en Microsoft-accounts:<\/strong><\/td>\n<td>Microsoft Windows 11 Home Edition vereist een internetverbinding en een Microsoft-account om de apparaatconfiguratie bij het eerste gebruik te voltooien.<\/p>\n<p>Voor het overschakelen van een apparaat van Microsoft Windows 11 Home in S-modus is ook een internetverbinding vereist.<\/p>\n<p>Alle edities van Microsoft Windows 11 vereisen internettoegang om te updaten en te downloaden en om bepaalde functies te gebruiken. Voor sommige functies is een Microsoft-account vereist.<\/td>\n<\/tr>\n<\/tbody>\n<\/table>\n<p>Na verloop van tijd kunnen er aanvullende vereisten zijn voor updates, evenals vereisten om bepaalde functies binnen het besturingssysteem in te schakelen.<\/p>\n<p><a href=\"https:\/\/www.microsoft.com\/en-us\/windows\/windows-11\"><strong>Specifieke functievereisten voor Microsoft Windows 11<\/strong><\/a><\/p>\n<p>Voor sommige functies van Microsoft Windows 11 gelden hogere vereisten dan die vermeld in de sectie met minimale vereisten hierboven. Hier volgen enkele aanvullende details over de vereisten voor de belangrijkste functies:<\/p>\n<ul>\n<li><strong>5G-compatibiliteit <\/strong>vereist een 5G-compatibele modem.<\/li>\n<li><strong>Auto HDR <\/strong>vereist een HDR-monitor.<\/li>\n<li><strong>BitLocker naar Go <\/strong>vereist een USB-flashstation (beschikbaar in Microsoft Windows Pro en hogere edities).<\/li>\n<li><strong>klant Hyper &#8211; V <\/strong>vereist een processor met Second Level Address Translation (SLAT)-mogelijkheden (beschikbaar in Microsoft Windows Pro en latere edities).<\/li>\n<li><strong>Cortana <\/strong>vereist een microfoon en luidspreker en is momenteel beschikbaar op Microsoft Windows 11 voor Australi\u00eb, Brazili\u00eb, Canada, China, Frankrijk, Duitsland, India, Itali\u00eb, Japan, Mexico, Spanje, het VK en de VS.<\/li>\n<li><strong>Directe opslag <\/strong>vereist een NVMe SSD om games op te slaan en uit te voeren die de &#8220;Standard NVM Express Controller &#8221; -driver en een DirectX12 GPU met Shader -ondersteuning gebruiken Model 6.0.<\/li>\n<li><strong>DirectX 12 Ultimate <\/strong>is beschikbaar met compatibele games en grafische chips.<\/li>\n<li><strong>Aanwezigheid <\/strong>vereist een sensor die de afstand van de mens tot het apparaat of de intentie om met het apparaat te communiceren kan detecteren.<\/li>\n<li><strong>Voor slimme videoconferenties <\/strong>zijn een videocamera, microfoon en luidsprekers (audio-uitgang) vereist.<\/li>\n<li><strong>Multiple Voice Assistant (MVA) <\/strong>vereist een microfoon en luidspreker.<\/li>\n<li><strong>Voor Snap <\/strong>is een schermbreedte van 1920 effectieve pixels of meer vereist.<\/li>\n<li><strong>Voor het dempen\/dempen van de taakbalk <\/strong>zijn een videocamera, microfoon en luidsprekers (audio-uitgang) vereist. De app moet de functie ondersteunen om globale squelch opnieuw in te schakelen.<\/li>\n<li><strong>ruimtelijk geluid <\/strong>vereist ondersteunende hardware en software.<\/li>\n<li><strong>teams <\/strong>vereist een videocamera, een microfoon en luidsprekers (audio-uitgang).<\/li>\n<li><strong>Aanraken <\/strong>vereist een beeldscherm of monitor die multi-touch ondersteunt .<\/li>\n<li><strong>Twee-factor-authenticatie <\/strong>vereist het gebruik van een pincode, biometrie (vingerafdruklezer of verlichte infraroodcamera) of een telefoon met Wi &#8211; Fi- of Bluetooth-mogelijkheden.<\/li>\n<li><strong>Stem typen <\/strong>vereist een pc met een microfoon.<\/li>\n<li><strong>Wakker worden Stem <\/strong>vereist een modern standby-stroommodel en een microfoon.<\/li>\n<li><strong>Wi -Fi 6E vereist nieuwe <\/strong>WiFi IHV -hardware en -stuurprogramma&#8217;s en een toegangspunt\/router met Wi -Fi 6E-functionaliteit .<\/li>\n<li><strong>Microsoft WindowsHallo _ <\/strong>vereist een camera die is geconfigureerd voor nabij-infrarood (IR) of een vingerafdruklezer voor biometrische authenticatie. Apparaten zonder biometrische sensoren kunnen Microsoft Windows Hello gebruiken met een met Microsoft compatibele draagbare beveiligingssleutel of pincode.<\/li>\n<li><strong>Microsoft Windows -projectie <\/strong>vereist een beeldschermadapter die Microsoft Windows Display Driver Model (WDDM) 2.0 ondersteunt en een Wi-Fi-adapter die Wi &#8211; Fi Direct ondersteunt .<\/li>\n<li><strong>Xbox (app) <\/strong>vereist een Xbox Live-account, niet in alle regio&#8217;s beschikbaar. Controleer Xbox Live -landen en -regio&#8217;s voor de meest actuele informatie over beschikbaarheid. Voor sommige functies van de Xbox-app is een actief Xbox Game Pass-abonnement vereist. Lees meer over de pas.<\/li>\n<\/ul>\n<p><strong>Microsoft Office 2021 Professional Licentie voor 3 pc&#8217;s<\/strong><\/p>\n<p><strong>Met deze licentie kan de software op 3 verschillende apparaten worden geactiveerd, bijvoorbeeld thuis-pc, notebook en werk-pc<\/strong><\/p>\n<p>Microsoft Office 2021 Professional Plus Edition is ideaal voor gebruikers die het volledige scala aan applicaties thuis of op kantoor gebruiken. Bevat het volledige scala aan Microsoft Office-toepassingen: Word, Excel, Outlook, PowerPoint, Publisher en Access. Met OneNote, dat u kunt downloaden uit de Microsoft Windows Store, kunt u snel notities maken en deze via de cloud op al uw apparaten beschikbaar maken. Ervaar verbeterde prestaties, stabiliteit en snelheid in Word, Excel, PowerPoint en Outlook. U krijgt nieuwe en verbeterde zoek-, inkttools, gegevenstypen, functies, vertaal- en bewerkingstools, geanimeerde afbeeldingen, gebruiksvriendelijke functies en meer in de hele Microsoft Office 2021-suite.<\/p>\n<ul>\n<li><strong>Word:<\/strong>\u00a0Maak in een mum van tijd tekstdocumenten van professionele kwaliteit.<\/li>\n<li><strong>Excel:<\/strong>\u00a0Slimme spreadsheets, nu met nieuwe functies zoals XLOOKUP<\/li>\n<li><strong>Stroom Punt:<\/strong>\u00a0Nieuwe en verbeterde functies om indrukwekkende dynamische presentaties te maken.<\/li>\n<li><strong>OneNote:<\/strong>\u00a0uw digitale notitieboek in de cloud.<\/li>\n<li><strong>Outlook:<\/strong>\u00a0Vereenvoudigde communicatie; bevat nu krachtige vertaalfuncties.<\/li>\n<li><strong>Uitgever:<\/strong>\u00a0Lay-outs maken voor professionele publicaties<\/li>\n<li><strong>Toegang:<\/strong>\u00a0Eenvoudige en krachtige databasecreatie<\/li>\n<li><strong>Microsoft Teams:<\/strong>\u00a0Werk productiever met HD instant messaging en videoconferenties<\/li>\n<\/ul>\n<p><strong>VEREIST WINDOWS 10 OF 11!<\/strong><\/p>\n<p><strong>Ondersteuning:<\/strong><br \/>\nVoor vragen kunt u altijd <a href=\"mailto:holland@winandofficews.com\">via e-mail<\/a> contact met ons opnemen. Onze klantenservice is 7 dagen per week en 24 uur per dag beschikbaar.<\/p>\n<p>&nbsp;<\/p>\n<div id=\"gtx-trans\">\n<div class=\"gtx-trans-icon\"><\/div>\n<\/div>\n<div id=\"gtx-trans\">\n<div class=\"gtx-trans-icon\"><\/div>\n<\/div>\n","protected":false},"excerpt":{"rendered":"<ul>\n<li>Microsoft Windows Microsoft Office 2021 Professional Plus + Microsoft Windows 11 Home Licentie voor 3 pc&#8217;s<strong><br \/>\n<\/strong><\/li>\n<li><strong>Met deze licentie kan de software op 3 verschillende apparaten worden geactiveerd<\/strong>, bijvoorbeeld thuis-pc, notebook en werk-pc<\/li>\n<li>Versies voor 64-bits systemen beschikbaar<\/li>\n<li>E-mailbezorging: productsleutel, instructies, downloadlinks, factuur<\/li>\n<li>Direct downloaden!<\/li>\n<li>Geen tijdslimiet, geen abonnement<\/li>\n<li>Gratis ondersteuning tijdens installatie en activering<\/li>\n<li>Niet beschikbaar op fysieke media (USB, cd, enz.)<\/li>\n<li>Activering online en telefonisch<\/li>\n<li><strong><span style=\"color: #008000;\"> Dit product is compatibel met Microsoft Windows.<\/span><\/strong><\/li>\n<li><strong><span style=\"color: #ff0000;\">NIET compatibel met Apple macOS\u2122, Apple-processors, Parallels voor Mac, Android-apparaten en Chromebooks.<\/span><\/strong><\/li>\n<\/ul>\n","protected":false},"featured_media":1000007992,"comment_status":"closed","ping_status":"closed","template":"","meta":{"_acf_changed":false},"product_brand":[],"product_cat":[157],"product_tag":[305,306],"class_list":{"0":"post-87412","1":"product","2":"type-product","3":"status-publish","4":"has-post-thumbnail","6":"product_cat-combo","7":"product_tag-microsoft-windows-11-home-microsoft-office-2021-professional","8":"product_tag-microsoft-windows-11-home-microsoft-office-2021-professional-licentie-voor-3-pcs","10":"first","11":"instock","12":"sale","13":"virtual","14":"taxable","15":"purchasable","16":"product-type-simple"},"acf":[],"yoast_head":"<!-- This site is optimized with the Yoast SEO plugin v27.3 - https:\/\/yoast.com\/product\/yoast-seo-wordpress\/ -->\n<title>Microsoft Windows 11 Home + Microsoft Office 2021 Professional Licentie voor 3 pc&#039;s - Holland<\/title>\n<meta name=\"robots\" content=\"index, follow, max-snippet:-1, max-image-preview:large, max-video-preview:-1\" \/>\n<link rel=\"canonical\" href=\"https:\/\/winandofficews.com\/holland\/product\/microsoft-windows-11-home-microsoft-office-2021-professional-licentie-voor-3-pcs\/\" \/>\n<meta property=\"og:locale\" content=\"nl_NL\" \/>\n<meta property=\"og:type\" content=\"article\" \/>\n<meta property=\"og:title\" content=\"Microsoft Windows 11 Home + Microsoft Office 2021 Professional Licentie voor 3 pc&#039;s - Holland\" \/>\n<meta property=\"og:description\" content=\"Microsoft Windows Microsoft Office 2021 Professional Plus + Microsoft Windows 11 Home Licentie voor 3 pc&#039;s   Met deze licentie kan de software op 3 verschillende apparaten worden geactiveerd, bijvoorbeeld thuis-pc, notebook en werk-pc  Versies voor 64-bits systemen beschikbaar  E-mailbezorging: productsleutel, instructies, downloadlinks, factuur  Direct downloaden!  Geen tijdslimiet, geen abonnement  Gratis ondersteuning tijdens installatie en activering  Niet beschikbaar op fysieke media (USB, cd, enz.)  Activering online en telefonisch   Dit product is compatibel met Microsoft Windows.  NIET compatibel met Apple macOS\u2122, Apple-processors, Parallels voor Mac, Android-apparaten en Chromebooks.\" \/>\n<meta property=\"og:url\" content=\"https:\/\/winandofficews.com\/holland\/product\/microsoft-windows-11-home-microsoft-office-2021-professional-licentie-voor-3-pcs\/\" \/>\n<meta property=\"og:site_name\" content=\"Holland\" \/>\n<meta property=\"article:modified_time\" content=\"2026-04-03T09:53:32+00:00\" \/>\n<meta name=\"twitter:card\" content=\"summary_large_image\" \/>\n<meta name=\"twitter:label1\" content=\"Geschatte leestijd\" \/>\n\t<meta name=\"twitter:data1\" content=\"5 minuten\" \/>\n<script type=\"application\/ld+json\" class=\"yoast-schema-graph\">{\"@context\":\"https:\\\/\\\/schema.org\",\"@graph\":[{\"@type\":\"WebPage\",\"@id\":\"https:\\\/\\\/winandofficews.com\\\/holland\\\/product\\\/microsoft-windows-11-home-microsoft-office-2021-professional-licentie-voor-3-pcs\\\/\",\"url\":\"https:\\\/\\\/winandofficews.com\\\/holland\\\/product\\\/microsoft-windows-11-home-microsoft-office-2021-professional-licentie-voor-3-pcs\\\/\",\"name\":\"Microsoft Windows 11 Home + Microsoft Office 2021 Professional Licentie voor 3 pc's - Holland\",\"isPartOf\":{\"@id\":\"https:\\\/\\\/winandofficews.com\\\/holland\\\/#website\"},\"primaryImageOfPage\":{\"@id\":\"https:\\\/\\\/winandofficews.com\\\/holland\\\/product\\\/microsoft-windows-11-home-microsoft-office-2021-professional-licentie-voor-3-pcs\\\/#primaryimage\"},\"image\":{\"@id\":\"https:\\\/\\\/winandofficews.com\\\/holland\\\/product\\\/microsoft-windows-11-home-microsoft-office-2021-professional-licentie-voor-3-pcs\\\/#primaryimage\"},\"thumbnailUrl\":\"https:\\\/\\\/winandofficews.com\\\/holland\\\/wp-content\\\/uploads\\\/W11HO21P.png\",\"datePublished\":\"2025-06-21T06:10:40+00:00\",\"dateModified\":\"2026-04-03T09:53:32+00:00\",\"breadcrumb\":{\"@id\":\"https:\\\/\\\/winandofficews.com\\\/holland\\\/product\\\/microsoft-windows-11-home-microsoft-office-2021-professional-licentie-voor-3-pcs\\\/#breadcrumb\"},\"inLanguage\":\"nl-NL\",\"potentialAction\":[{\"@type\":\"ReadAction\",\"target\":[\"https:\\\/\\\/winandofficews.com\\\/holland\\\/product\\\/microsoft-windows-11-home-microsoft-office-2021-professional-licentie-voor-3-pcs\\\/\"]}]},{\"@type\":\"ImageObject\",\"inLanguage\":\"nl-NL\",\"@id\":\"https:\\\/\\\/winandofficews.com\\\/holland\\\/product\\\/microsoft-windows-11-home-microsoft-office-2021-professional-licentie-voor-3-pcs\\\/#primaryimage\",\"url\":\"https:\\\/\\\/winandofficews.com\\\/holland\\\/wp-content\\\/uploads\\\/W11HO21P.png\",\"contentUrl\":\"https:\\\/\\\/winandofficews.com\\\/holland\\\/wp-content\\\/uploads\\\/W11HO21P.png\"},{\"@type\":\"BreadcrumbList\",\"@id\":\"https:\\\/\\\/winandofficews.com\\\/holland\\\/product\\\/microsoft-windows-11-home-microsoft-office-2021-professional-licentie-voor-3-pcs\\\/#breadcrumb\",\"itemListElement\":[{\"@type\":\"ListItem\",\"position\":1,\"name\":\"Home\",\"item\":\"https:\\\/\\\/winandofficews.com\\\/holland\\\/\"},{\"@type\":\"ListItem\",\"position\":2,\"name\":\"Shop\",\"item\":\"https:\\\/\\\/winandofficews.com\\\/holland\\\/shop\\\/\"},{\"@type\":\"ListItem\",\"position\":3,\"name\":\"Microsoft Windows 11 Home + Microsoft Office 2021 Professional Licentie voor 3 pc&#8217;s\"}]},{\"@type\":\"WebSite\",\"@id\":\"https:\\\/\\\/winandofficews.com\\\/holland\\\/#website\",\"url\":\"https:\\\/\\\/winandofficews.com\\\/holland\\\/\",\"name\":\"Holland\",\"description\":\"Wholesales Store of Office\",\"publisher\":{\"@id\":\"https:\\\/\\\/winandofficews.com\\\/holland\\\/#organization\"},\"potentialAction\":[{\"@type\":\"SearchAction\",\"target\":{\"@type\":\"EntryPoint\",\"urlTemplate\":\"https:\\\/\\\/winandofficews.com\\\/holland\\\/?s={search_term_string}\"},\"query-input\":{\"@type\":\"PropertyValueSpecification\",\"valueRequired\":true,\"valueName\":\"search_term_string\"}}],\"inLanguage\":\"nl-NL\"},{\"@type\":\"Organization\",\"@id\":\"https:\\\/\\\/winandofficews.com\\\/holland\\\/#organization\",\"name\":\"Holland\",\"url\":\"https:\\\/\\\/winandofficews.com\\\/holland\\\/\",\"logo\":{\"@type\":\"ImageObject\",\"inLanguage\":\"nl-NL\",\"@id\":\"https:\\\/\\\/winandofficews.com\\\/holland\\\/#\\\/schema\\\/logo\\\/image\\\/\",\"url\":\"https:\\\/\\\/winandofficews.com\\\/holland\\\/wp-content\\\/uploads\\\/sites\\\/25\\\/logo14.png\",\"contentUrl\":\"https:\\\/\\\/winandofficews.com\\\/holland\\\/wp-content\\\/uploads\\\/sites\\\/25\\\/logo14.png\",\"width\":322,\"height\":116,\"caption\":\"Holland\"},\"image\":{\"@id\":\"https:\\\/\\\/winandofficews.com\\\/holland\\\/#\\\/schema\\\/logo\\\/image\\\/\"}}]}<\/script>\n<!-- \/ Yoast SEO plugin. -->","yoast_head_json":{"title":"Microsoft Windows 11 Home + Microsoft Office 2021 Professional Licentie voor 3 pc's - Holland","robots":{"index":"index","follow":"follow","max-snippet":"max-snippet:-1","max-image-preview":"max-image-preview:large","max-video-preview":"max-video-preview:-1"},"canonical":"https:\/\/winandofficews.com\/holland\/product\/microsoft-windows-11-home-microsoft-office-2021-professional-licentie-voor-3-pcs\/","og_locale":"nl_NL","og_type":"article","og_title":"Microsoft Windows 11 Home + Microsoft Office 2021 Professional Licentie voor 3 pc's - Holland","og_description":"Microsoft Windows Microsoft Office 2021 Professional Plus + Microsoft Windows 11 Home Licentie voor 3 pc's   Met deze licentie kan de software op 3 verschillende apparaten worden geactiveerd, bijvoorbeeld thuis-pc, notebook en werk-pc  Versies voor 64-bits systemen beschikbaar  E-mailbezorging: productsleutel, instructies, downloadlinks, factuur  Direct downloaden!  Geen tijdslimiet, geen abonnement  Gratis ondersteuning tijdens installatie en activering  Niet beschikbaar op fysieke media (USB, cd, enz.)  Activering online en telefonisch   Dit product is compatibel met Microsoft Windows.  NIET compatibel met Apple macOS\u2122, Apple-processors, Parallels voor Mac, Android-apparaten en Chromebooks.","og_url":"https:\/\/winandofficews.com\/holland\/product\/microsoft-windows-11-home-microsoft-office-2021-professional-licentie-voor-3-pcs\/","og_site_name":"Holland","article_modified_time":"2026-04-03T09:53:32+00:00","twitter_card":"summary_large_image","twitter_misc":{"Geschatte leestijd":"5 minuten"},"schema":{"@context":"https:\/\/schema.org","@graph":[{"@type":"WebPage","@id":"https:\/\/winandofficews.com\/holland\/product\/microsoft-windows-11-home-microsoft-office-2021-professional-licentie-voor-3-pcs\/","url":"https:\/\/winandofficews.com\/holland\/product\/microsoft-windows-11-home-microsoft-office-2021-professional-licentie-voor-3-pcs\/","name":"Microsoft Windows 11 Home + Microsoft Office 2021 Professional Licentie voor 3 pc's - Holland","isPartOf":{"@id":"https:\/\/winandofficews.com\/holland\/#website"},"primaryImageOfPage":{"@id":"https:\/\/winandofficews.com\/holland\/product\/microsoft-windows-11-home-microsoft-office-2021-professional-licentie-voor-3-pcs\/#primaryimage"},"image":{"@id":"https:\/\/winandofficews.com\/holland\/product\/microsoft-windows-11-home-microsoft-office-2021-professional-licentie-voor-3-pcs\/#primaryimage"},"thumbnailUrl":"https:\/\/winandofficews.com\/holland\/wp-content\/uploads\/W11HO21P.png","datePublished":"2025-06-21T06:10:40+00:00","dateModified":"2026-04-03T09:53:32+00:00","breadcrumb":{"@id":"https:\/\/winandofficews.com\/holland\/product\/microsoft-windows-11-home-microsoft-office-2021-professional-licentie-voor-3-pcs\/#breadcrumb"},"inLanguage":"nl-NL","potentialAction":[{"@type":"ReadAction","target":["https:\/\/winandofficews.com\/holland\/product\/microsoft-windows-11-home-microsoft-office-2021-professional-licentie-voor-3-pcs\/"]}]},{"@type":"ImageObject","inLanguage":"nl-NL","@id":"https:\/\/winandofficews.com\/holland\/product\/microsoft-windows-11-home-microsoft-office-2021-professional-licentie-voor-3-pcs\/#primaryimage","url":"https:\/\/winandofficews.com\/holland\/wp-content\/uploads\/W11HO21P.png","contentUrl":"https:\/\/winandofficews.com\/holland\/wp-content\/uploads\/W11HO21P.png"},{"@type":"BreadcrumbList","@id":"https:\/\/winandofficews.com\/holland\/product\/microsoft-windows-11-home-microsoft-office-2021-professional-licentie-voor-3-pcs\/#breadcrumb","itemListElement":[{"@type":"ListItem","position":1,"name":"Home","item":"https:\/\/winandofficews.com\/holland\/"},{"@type":"ListItem","position":2,"name":"Shop","item":"https:\/\/winandofficews.com\/holland\/shop\/"},{"@type":"ListItem","position":3,"name":"Microsoft Windows 11 Home + Microsoft Office 2021 Professional Licentie voor 3 pc&#8217;s"}]},{"@type":"WebSite","@id":"https:\/\/winandofficews.com\/holland\/#website","url":"https:\/\/winandofficews.com\/holland\/","name":"Holland","description":"Wholesales Store of Office","publisher":{"@id":"https:\/\/winandofficews.com\/holland\/#organization"},"potentialAction":[{"@type":"SearchAction","target":{"@type":"EntryPoint","urlTemplate":"https:\/\/winandofficews.com\/holland\/?s={search_term_string}"},"query-input":{"@type":"PropertyValueSpecification","valueRequired":true,"valueName":"search_term_string"}}],"inLanguage":"nl-NL"},{"@type":"Organization","@id":"https:\/\/winandofficews.com\/holland\/#organization","name":"Holland","url":"https:\/\/winandofficews.com\/holland\/","logo":{"@type":"ImageObject","inLanguage":"nl-NL","@id":"https:\/\/winandofficews.com\/holland\/#\/schema\/logo\/image\/","url":"https:\/\/winandofficews.com\/holland\/wp-content\/uploads\/sites\/25\/logo14.png","contentUrl":"https:\/\/winandofficews.com\/holland\/wp-content\/uploads\/sites\/25\/logo14.png","width":322,"height":116,"caption":"Holland"},"image":{"@id":"https:\/\/winandofficews.com\/holland\/#\/schema\/logo\/image\/"}}]}},"_links":{"self":[{"href":"https:\/\/winandofficews.com\/holland\/wp-json\/wp\/v2\/product\/87412","targetHints":{"allow":["GET"]}}],"collection":[{"href":"https:\/\/winandofficews.com\/holland\/wp-json\/wp\/v2\/product"}],"about":[{"href":"https:\/\/winandofficews.com\/holland\/wp-json\/wp\/v2\/types\/product"}],"replies":[{"embeddable":true,"href":"https:\/\/winandofficews.com\/holland\/wp-json\/wp\/v2\/comments?post=87412"}],"wp:featuredmedia":[{"embeddable":true,"href":"https:\/\/winandofficews.com\/holland\/wp-json\/"}],"wp:attachment":[{"href":"https:\/\/winandofficews.com\/holland\/wp-json\/wp\/v2\/media?parent=87412"}],"wp:term":[{"taxonomy":"product_brand","embeddable":true,"href":"https:\/\/winandofficews.com\/holland\/wp-json\/wp\/v2\/product_brand?post=87412"},{"taxonomy":"product_cat","embeddable":true,"href":"https:\/\/winandofficews.com\/holland\/wp-json\/wp\/v2\/product_cat?post=87412"},{"taxonomy":"product_tag","embeddable":true,"href":"https:\/\/winandofficews.com\/holland\/wp-json\/wp\/v2\/product_tag?post=87412"}],"curies":[{"name":"wp","href":"https:\/\/api.w.org\/{rel}","templated":true}]}}