{"id":87452,"date":"2025-06-21T08:11:04","date_gmt":"2025-06-21T06:11:04","guid":{"rendered":"https:\/\/winandofficews.com\/holland\/?post_type=product&#038;p=87452"},"modified":"2026-04-03T11:53:53","modified_gmt":"2026-04-03T09:53:53","slug":"microsoft-windows-11-professional-microsoft-visio-2024-professional-microsoft-project-2024-professional-microsoft-office-2024-professional-plus-licentie-voor-3-pcs","status":"publish","type":"product","link":"https:\/\/winandofficews.com\/holland\/fr\/produit\/microsoft-windows-11-professional-microsoft-visio-2024-professional-microsoft-project-2024-professional-microsoft-office-2024-professional-plus-licentie-voor-3-pcs\/","title":{"rendered":"Microsoft Windows 11 Professional + Microsoft Visio 2024 Professional + Microsoft Project 2024 Professional + Microsoft Office 2024 Professional Plus License for 3 PCs"},"content":{"rendered":"<p><strong>Microsoft Windows 11 Licence professionnelle pour 3 PC<\/strong><\/p>\n<p><strong>Avec cette licence, le logiciel peut \u00eatre activ\u00e9 sur 3 appareils diff\u00e9rents, par exemple un PC domestique, un ordinateur portable et un PC professionnel.<\/strong><\/p>\n<p><strong>Exigences du syst\u00e8me<\/strong><\/p>\n<p><strong>Assurez-vous de remplir toutes les conditions requises pour installer la derni\u00e8re version de Microsoft Windows, le syst\u00e8me d'exploitation de Microsoft !<\/strong><\/p>\n<p>Il s'agit des conditions de base pour installer Microsoft Windows 11 sur un PC. Si votre appareil ne r\u00e9pond pas \u00e0 ces exigences, il se peut que vous ne puissiez pas installer le Microsoft Windows 11 sur celui-ci et que vous deviez envisager l'achat d'un nouveau PC. Si vous n'\u00eates pas s\u00fbr que votre PC r\u00e9ponde \u00e0 ces exigences, vous pouvez contacter le fabricant de votre PC (OEM) ou, si votre appareil utilise d\u00e9j\u00e0 le Microsoft Windows 10, vous pouvez utiliser l'application PC Health Check pour \u00e9valuer la compatibilit\u00e9 ( <a href=\"https:\/\/aka.ms\/GetPCHealthCheckApp\"><strong>cliquez ici pour <\/strong><\/a><a href=\"https:\/\/aka.ms\/GetPCHealthCheckApp\"><strong>t\u00e9l\u00e9charger <\/strong><\/a>).<\/p>\n<table>\n<tbody>\n<tr>\n<td><strong>processeur :<\/strong><\/td>\n<td>Fr\u00e9quence de 1 gigahertz (GHz) ou plus, avec 2 c\u0153urs ou plus dans un ordinateur de bureau. <a href=\"https:\/\/docs.microsoft.com\/es-es\/windows-hardware\/design\/minimum\/windows-processor-requirements\"><strong>Processeur compatible 64 bits <\/strong><\/a><a href=\"https:\/\/docs.microsoft.com\/es-es\/windows-hardware\/design\/minimum\/windows-processor-requirements\"><strong>ou <\/strong><\/a>\u201d Syst\u00e8me \u201d sur puce \u201d ( SoC )<\/td>\n<\/tr>\n<tr>\n<td><strong>RAM :<\/strong><\/td>\n<td>4 gigaoctets (Go)<\/td>\n<\/tr>\n<tr>\n<td><strong>Stockage :<\/strong><\/td>\n<td>64 Go ou plus d'espace de stockage disponible sur l'appareil<\/p>\n<p>Note : Voir \"Plus d'informations sur l'espace de stockage n\u00e9cessaire pour maintenir Microsoft Windows 11 \u00e0 jour\".<\/td>\n<\/tr>\n<tr>\n<td><strong>Micrologiciel du syst\u00e8me :<\/strong><\/td>\n<td>besoin d'un ordinateur avec <a href=\"https:\/\/www.xataka.com\/basics\/uefi-y-bios-cuales-son-las-diferencias\">UEFI <\/a>et compatible avec <a href=\"https:\/\/www.xataka.com\/basics\/que-secure-boot-uefi-como-puedes-desactivarlo\">Amor\u00e7age s\u00e9curis\u00e9 <\/a>.<\/td>\n<\/tr>\n<tr>\n<td><strong>TPM :<\/strong><\/td>\n<td>Trusted Platform Module (TPM) version 2.0 (requis sur le mat\u00e9riel de chaque ordinateur Microsoft Windows depuis 2016)<\/td>\n<\/tr>\n<tr>\n<td><strong>Carte graphique :<\/strong><\/td>\n<td>Compatible avec DirectX 12 ou plus avec le pilote WDDM 2.0<\/td>\n<\/tr>\n<tr>\n<td><strong>\u00c9cran :<\/strong><\/td>\n<td>\u00c9cran d'au moins 9 pouces de diagonale, haute d\u00e9finition 720p et 8 bits par canal de couleur.<\/td>\n<\/tr>\n<tr>\n<td><strong>Connexion Internet et comptes Microsoft :<\/strong><\/td>\n<td>Vous aurez besoin d'un compte Microsoft et d'\u00eatre connect\u00e9 \u00e0 l'internet pour l'installation initiale et les \u00e9ventuelles mises \u00e0 jour.<\/td>\n<\/tr>\n<\/tbody>\n<\/table>\n<p><strong>Microsoft Project 2024 Licence professionnelle pour 3 PC<\/strong><\/p>\n<p><strong>Avec cette licence, le logiciel peut \u00eatre activ\u00e9 sur 3 appareils diff\u00e9rents, par exemple un PC domestique, un ordinateur portable et un PC professionnel.<\/strong><\/p>\n<p>La puissante \u00e9dition Microsoft Project Professional 2024 - offre des fonctionnalit\u00e9s \u00e9tendues et de nouvelles interfaces pour MS SharePoint, Microsoft Project Server et Skype. Elle tire pleinement parti des nombreux avantages du syst\u00e8me d'exploitation Microsoft Windows 10 ou 11, mais n'est pas compatible avec les versions ant\u00e9rieures de Microsoft Windows. MS Microsoft Project Professional 2024 s'adresse principalement aux chefs de projet des entreprises qui planifient, contr\u00f4lent, documentent et analysent leurs projets individuels.<\/p>\n<p><strong>Microsoft Office 2024 Licence professionnelle plus pour 3 PC<\/strong><\/p>\n<p><strong>Avec cette licence, le logiciel peut \u00eatre activ\u00e9 sur 3 appareils diff\u00e9rents, par exemple un PC domestique, un ordinateur portable et un PC professionnel.<\/strong><\/p>\n<p>Les utilisateurs de Microsoft Office qui utilisent une gamme compl\u00e8te d'applications domestiques ou bureautiques sont invit\u00e9s \u00e0 utiliser Microsoft Office 2024 Professional Plus Edition. Tous les principaux programmes sont inclus : Word, Excel, Outlook, PowerPoint et Access. OneNote peut d\u00e9sormais \u00eatre t\u00e9l\u00e9charg\u00e9 \u00e0 partir du Microsoft Windows Store, ce qui vous permet de prendre rapidement des notes et de les partager via le nuage sur diff\u00e9rents appareils. Avec un large choix de programmes, la version Professional Plus s'adresse principalement aux personnes travaillant \u00e0 domicile, au bureau \u00e0 domicile ou \u00e0 la recherche d'une solution bureautique puissante et fiable pour organiser des documents, des feuilles de calcul, etc.<\/p>\n<ul>\n<li><strong>Parole :<\/strong>\u00a0Cr\u00e9er des documents texte de qualit\u00e9 professionnelle en un rien de temps<\/li>\n<li><strong>Excel :<\/strong> Des feuilles de calcul intelligentes pour la gestion de l'information<\/li>\n<li><strong>Power Point : <\/strong>Cr\u00e9er des pr\u00e9sentations dynamiques et impressionnantes<\/li>\n<li><strong>OneNote :<\/strong>\u00a0Votre carnet de notes num\u00e9rique<\/li>\n<li><strong>Perspectives :<\/strong>\u00a0Une communication simplifi\u00e9e<\/li>\n<li><strong>Acc\u00e8s :<\/strong>\u00a0Programmation de bases de donn\u00e9es pour les applications bas\u00e9es sur un navigateur<\/li>\n<\/ul>\n<p><strong>Remarque importante :<\/strong> <strong>Les \u00e9quipes<\/strong> est <strong>PAS<\/strong> inclus dans cette version de Office !<\/p>\n<p><strong>Microsoft Visio 2024 Licence professionnelle pour 3 PC<\/strong><\/p>\n<p><strong>Avec cette licence, le logiciel peut \u00eatre activ\u00e9 sur 3 appareils diff\u00e9rents, par exemple un PC domestique, un ordinateur portable et un PC professionnel.<\/strong><\/p>\n<p>Microsoft Visio Professional 2024 est la derni\u00e8re g\u00e9n\u00e9ration du c\u00e9l\u00e8bre logiciel de Microsoft pour la cr\u00e9ation et l'\u00e9dition de diagrammes et de visualisations. Microsoft Visio Professional est particuli\u00e8rement adapt\u00e9 aux entreprises, car plusieurs utilisateurs d'une \u00e9quipe ou d'un service peuvent travailler simultan\u00e9ment sur les diagrammes. De nombreuses interfaces sont disponibles pour partager les visualisations termin\u00e9es en interne et en externe avec des personnes s\u00e9lectionn\u00e9es. Microsoft a beaucoup travaill\u00e9 sur les mod\u00e8les et les formes utilis\u00e9s en permanence dans Microsoft Visio. Les styles des graphiques ont \u00e9galement \u00e9t\u00e9 am\u00e9lior\u00e9s afin de les rendre plus percutants et plus lisibles. Avec Microsoft Visio Professional 2024, vous avez \u00e9galement la possibilit\u00e9 d'int\u00e9grer des donn\u00e9es dans une visualisation existante en temps r\u00e9el.<\/p>\n<p><strong>Soutien :<\/strong><\/p>\n<p>Pour toute autre question, n'h\u00e9sitez pas \u00e0 nous contacter <a href=\"mailto:holland@winandofficews.com\">par courrier \u00e9lectronique <\/a>. Notre service client\u00e8le est disponible 7 jours par semaine, 24 heures par jour.<\/p>","protected":false},"excerpt":{"rendered":"<ul>\n<li>Microsoft Visio 2024 Licence professionnelle pour 3 PC<\/li>\n<li>Microsoft Project 2024 Licence professionnelle pour 3 PC<\/li>\n<li>Microsoft Office 2024 Licence professionnelle plus pour 3 PC<\/li>\n<li>Microsoft Windows 11 Licence Pro pour 3 PCs<\/li>\n<li><strong>Avec cette licence, le logiciel peut \u00eatre activ\u00e9 sur 3 appareils diff\u00e9rents<\/strong>PC domestique, ordinateur portable et PC professionnel<\/li>\n<li>Versions pour syst\u00e8mes 64 bits disponibles<\/li>\n<li>Livraison par courrier \u00e9lectronique : cl\u00e9 de produit, instructions, liens de t\u00e9l\u00e9chargement, facture<\/li>\n<li>T\u00e9l\u00e9charger imm\u00e9diatement !<\/li>\n<li>Pas de limite de temps, pas d'abonnement<\/li>\n<li>Assistance gratuite pendant l'installation et l'activation<\/li>\n<li>Non disponible sur support physique (USB, CD, etc.)<\/li>\n<li>Activation en ligne et par t\u00e9l\u00e9phone<\/li>\n<li><strong><span style=\"color: #008000\"> Ce produit est compatible avec Microsoft Windows.<\/span><\/strong><\/li>\n<li><strong><span style=\"color: #ff0000\">NON compatible avec Apple macOS\u2122, les processeurs Apple, Parallels pour Mac, les appareils Android et les Chromebooks.<\/span><\/strong><\/li>\n<\/ul>","protected":false},"featured_media":10000085621,"comment_status":"closed","ping_status":"closed","template":"","meta":{"_acf_changed":false},"product_brand":[],"product_cat":[157,155,249,314,156],"product_tag":[323,324,325,297],"class_list":{"0":"post-87452","1":"product","2":"type-product","3":"status-publish","4":"has-post-thumbnail","6":"product_cat-combo","7":"product_cat-microsoft-office","8":"product_cat-249","9":"product_cat-office-2024","10":"product_cat-popular","11":"product_tag-microsoft-visio-2024-pro","12":"product_tag-office-2024-pro-plus","13":"product_tag-project-2024-pro","14":"product_tag-windows-11-pro-licentie-voor-3-pcs","16":"first","17":"instock","18":"sale","19":"virtual","20":"taxable","21":"purchasable","22":"product-type-simple"},"acf":[],"yoast_head":"<!-- This site is optimized with the Yoast SEO plugin v27.3 - https:\/\/yoast.com\/product\/yoast-seo-wordpress\/ -->\n<title>Microsoft Windows 11 Professional + Microsoft Visio 2024 Professional + Microsoft Project 2024 Professional + Microsoft Office 2024 Professional Plus Licentie voor 3 pc&#039;s - Holland<\/title>\n<meta name=\"robots\" content=\"index, follow, max-snippet:-1, max-image-preview:large, max-video-preview:-1\" \/>\n<link rel=\"canonical\" href=\"https:\/\/winandofficews.com\/holland\/fr\/produit\/microsoft-windows-11-professional-microsoft-visio-2024-professional-microsoft-project-2024-professional-microsoft-office-2024-professional-plus-licentie-voor-3-pcs\/\" \/>\n<meta property=\"og:locale\" content=\"fr_FR\" \/>\n<meta property=\"og:type\" content=\"article\" \/>\n<meta property=\"og:title\" content=\"Microsoft Windows 11 Professional + Microsoft Visio 2024 Professional + Microsoft Project 2024 Professional + Microsoft Office 2024 Professional Plus Licentie voor 3 pc&#039;s - Holland\" \/>\n<meta property=\"og:description\" content=\"Microsoft Visio 2024 Professional Licentie voor 3 pc&#039;s  Microsoft Project 2024 Professional Licentie voor 3 pc&#039;s  Microsoft Office 2024 Professional Plus Licentie voor 3 pc&#039;s  Microsoft Windows 11 Pro Licentie voor 3 pc&#039;s  Met deze licentie kan de software op 3 verschillende apparaten worden geactiveerd, bijvoorbeeld thuis-pc, notebook en werk-pc  Versies voor 64-bits systemen beschikbaar  E-mailbezorging: productsleutel, instructies, downloadlinks, factuur  Direct downloaden!  Geen tijdslimiet, geen abonnement  Gratis ondersteuning tijdens installatie en activering  Niet beschikbaar op fysieke media (USB, cd, enz.)  Activering online en telefonisch   Dit product is compatibel met Microsoft Windows.  NIET compatibel met Apple macOS\u2122, Apple-processors, Parallels voor Mac, Android-apparaten en Chromebooks.\" \/>\n<meta property=\"og:url\" content=\"https:\/\/winandofficews.com\/holland\/fr\/produit\/microsoft-windows-11-professional-microsoft-visio-2024-professional-microsoft-project-2024-professional-microsoft-office-2024-professional-plus-licentie-voor-3-pcs\/\" \/>\n<meta property=\"og:site_name\" content=\"Holland\" \/>\n<meta property=\"article:modified_time\" content=\"2026-04-03T09:53:53+00:00\" \/>\n<meta name=\"twitter:card\" content=\"summary_large_image\" \/>\n<meta name=\"twitter:label1\" content=\"Dur\u00e9e de lecture estim\u00e9e\" \/>\n\t<meta name=\"twitter:data1\" content=\"4 minutes\" \/>\n<script type=\"application\/ld+json\" class=\"yoast-schema-graph\">{\"@context\":\"https:\\\/\\\/schema.org\",\"@graph\":[{\"@type\":\"WebPage\",\"@id\":\"https:\\\/\\\/winandofficews.com\\\/holland\\\/product\\\/microsoft-windows-11-professional-microsoft-visio-2024-professional-microsoft-project-2024-professional-microsoft-office-2024-professional-plus-licentie-voor-3-pcs\\\/\",\"url\":\"https:\\\/\\\/winandofficews.com\\\/holland\\\/product\\\/microsoft-windows-11-professional-microsoft-visio-2024-professional-microsoft-project-2024-professional-microsoft-office-2024-professional-plus-licentie-voor-3-pcs\\\/\",\"name\":\"Microsoft Windows 11 Professional + Microsoft Visio 2024 Professional + Microsoft Project 2024 Professional + Microsoft Office 2024 Professional Plus Licentie voor 3 pc's - Holland\",\"isPartOf\":{\"@id\":\"https:\\\/\\\/winandofficews.com\\\/holland\\\/#website\"},\"primaryImageOfPage\":{\"@id\":\"https:\\\/\\\/winandofficews.com\\\/holland\\\/product\\\/microsoft-windows-11-professional-microsoft-visio-2024-professional-microsoft-project-2024-professional-microsoft-office-2024-professional-plus-licentie-voor-3-pcs\\\/#primaryimage\"},\"image\":{\"@id\":\"https:\\\/\\\/winandofficews.com\\\/holland\\\/product\\\/microsoft-windows-11-professional-microsoft-visio-2024-professional-microsoft-project-2024-professional-microsoft-office-2024-professional-plus-licentie-voor-3-pcs\\\/#primaryimage\"},\"thumbnailUrl\":\"https:\\\/\\\/winandofficews.com\\\/holland\\\/wp-content\\\/uploads\\\/W11P-024PP-P24P-V24P.jpg\",\"datePublished\":\"2025-06-21T06:11:04+00:00\",\"dateModified\":\"2026-04-03T09:53:53+00:00\",\"breadcrumb\":{\"@id\":\"https:\\\/\\\/winandofficews.com\\\/holland\\\/product\\\/microsoft-windows-11-professional-microsoft-visio-2024-professional-microsoft-project-2024-professional-microsoft-office-2024-professional-plus-licentie-voor-3-pcs\\\/#breadcrumb\"},\"inLanguage\":\"fr-FR\",\"potentialAction\":[{\"@type\":\"ReadAction\",\"target\":[\"https:\\\/\\\/winandofficews.com\\\/holland\\\/product\\\/microsoft-windows-11-professional-microsoft-visio-2024-professional-microsoft-project-2024-professional-microsoft-office-2024-professional-plus-licentie-voor-3-pcs\\\/\"]}]},{\"@type\":\"ImageObject\",\"inLanguage\":\"fr-FR\",\"@id\":\"https:\\\/\\\/winandofficews.com\\\/holland\\\/product\\\/microsoft-windows-11-professional-microsoft-visio-2024-professional-microsoft-project-2024-professional-microsoft-office-2024-professional-plus-licentie-voor-3-pcs\\\/#primaryimage\",\"url\":\"https:\\\/\\\/winandofficews.com\\\/holland\\\/wp-content\\\/uploads\\\/W11P-024PP-P24P-V24P.jpg\",\"contentUrl\":\"https:\\\/\\\/winandofficews.com\\\/holland\\\/wp-content\\\/uploads\\\/W11P-024PP-P24P-V24P.jpg\"},{\"@type\":\"BreadcrumbList\",\"@id\":\"https:\\\/\\\/winandofficews.com\\\/holland\\\/product\\\/microsoft-windows-11-professional-microsoft-visio-2024-professional-microsoft-project-2024-professional-microsoft-office-2024-professional-plus-licentie-voor-3-pcs\\\/#breadcrumb\",\"itemListElement\":[{\"@type\":\"ListItem\",\"position\":1,\"name\":\"Home\",\"item\":\"https:\\\/\\\/winandofficews.com\\\/holland\\\/\"},{\"@type\":\"ListItem\",\"position\":2,\"name\":\"Shop\",\"item\":\"https:\\\/\\\/winandofficews.com\\\/holland\\\/shop\\\/\"},{\"@type\":\"ListItem\",\"position\":3,\"name\":\"Microsoft Windows 11 Professional + Microsoft Visio 2024 Professional + Microsoft Project 2024 Professional + Microsoft Office 2024 Professional Plus Licentie voor 3 pc&#8217;s\"}]},{\"@type\":\"WebSite\",\"@id\":\"https:\\\/\\\/winandofficews.com\\\/holland\\\/#website\",\"url\":\"https:\\\/\\\/winandofficews.com\\\/holland\\\/\",\"name\":\"Holland\",\"description\":\"Wholesales Store of Office\",\"publisher\":{\"@id\":\"https:\\\/\\\/winandofficews.com\\\/holland\\\/#organization\"},\"potentialAction\":[{\"@type\":\"SearchAction\",\"target\":{\"@type\":\"EntryPoint\",\"urlTemplate\":\"https:\\\/\\\/winandofficews.com\\\/holland\\\/?s={search_term_string}\"},\"query-input\":{\"@type\":\"PropertyValueSpecification\",\"valueRequired\":true,\"valueName\":\"search_term_string\"}}],\"inLanguage\":\"fr-FR\"},{\"@type\":\"Organization\",\"@id\":\"https:\\\/\\\/winandofficews.com\\\/holland\\\/#organization\",\"name\":\"Holland\",\"url\":\"https:\\\/\\\/winandofficews.com\\\/holland\\\/\",\"logo\":{\"@type\":\"ImageObject\",\"inLanguage\":\"fr-FR\",\"@id\":\"https:\\\/\\\/winandofficews.com\\\/holland\\\/#\\\/schema\\\/logo\\\/image\\\/\",\"url\":\"https:\\\/\\\/winandofficews.com\\\/holland\\\/wp-content\\\/uploads\\\/sites\\\/25\\\/logo14.png\",\"contentUrl\":\"https:\\\/\\\/winandofficews.com\\\/holland\\\/wp-content\\\/uploads\\\/sites\\\/25\\\/logo14.png\",\"width\":322,\"height\":116,\"caption\":\"Holland\"},\"image\":{\"@id\":\"https:\\\/\\\/winandofficews.com\\\/holland\\\/#\\\/schema\\\/logo\\\/image\\\/\"}}]}<\/script>\n<!-- \/ Yoast SEO plugin. -->","yoast_head_json":{"title":"Microsoft Windows 11 Professional + Microsoft Visio 2024 Professional + Microsoft Project 2024 Professional + Microsoft Office 2024 Professional Plus Licentie voor 3 pc's - Holland","robots":{"index":"index","follow":"follow","max-snippet":"max-snippet:-1","max-image-preview":"max-image-preview:large","max-video-preview":"max-video-preview:-1"},"canonical":"https:\/\/winandofficews.com\/holland\/fr\/produit\/microsoft-windows-11-professional-microsoft-visio-2024-professional-microsoft-project-2024-professional-microsoft-office-2024-professional-plus-licentie-voor-3-pcs\/","og_locale":"fr_FR","og_type":"article","og_title":"Microsoft Windows 11 Professional + Microsoft Visio 2024 Professional + Microsoft Project 2024 Professional + Microsoft Office 2024 Professional Plus Licentie voor 3 pc's - Holland","og_description":"Microsoft Visio 2024 Professional Licentie voor 3 pc's  Microsoft Project 2024 Professional Licentie voor 3 pc's  Microsoft Office 2024 Professional Plus Licentie voor 3 pc's  Microsoft Windows 11 Pro Licentie voor 3 pc's  Met deze licentie kan de software op 3 verschillende apparaten worden geactiveerd, bijvoorbeeld thuis-pc, notebook en werk-pc  Versies voor 64-bits systemen beschikbaar  E-mailbezorging: productsleutel, instructies, downloadlinks, factuur  Direct downloaden!  Geen tijdslimiet, geen abonnement  Gratis ondersteuning tijdens installatie en activering  Niet beschikbaar op fysieke media (USB, cd, enz.)  Activering online en telefonisch   Dit product is compatibel met Microsoft Windows.  NIET compatibel met Apple macOS\u2122, Apple-processors, Parallels voor Mac, Android-apparaten en Chromebooks.","og_url":"https:\/\/winandofficews.com\/holland\/fr\/produit\/microsoft-windows-11-professional-microsoft-visio-2024-professional-microsoft-project-2024-professional-microsoft-office-2024-professional-plus-licentie-voor-3-pcs\/","og_site_name":"Holland","article_modified_time":"2026-04-03T09:53:53+00:00","twitter_card":"summary_large_image","twitter_misc":{"Dur\u00e9e de lecture estim\u00e9e":"4 minutes"},"schema":{"@context":"https:\/\/schema.org","@graph":[{"@type":"WebPage","@id":"https:\/\/winandofficews.com\/holland\/product\/microsoft-windows-11-professional-microsoft-visio-2024-professional-microsoft-project-2024-professional-microsoft-office-2024-professional-plus-licentie-voor-3-pcs\/","url":"https:\/\/winandofficews.com\/holland\/product\/microsoft-windows-11-professional-microsoft-visio-2024-professional-microsoft-project-2024-professional-microsoft-office-2024-professional-plus-licentie-voor-3-pcs\/","name":"Microsoft Windows 11 Professional + Microsoft Visio 2024 Professional + Microsoft Project 2024 Professional + Microsoft Office 2024 Professional Plus Licentie voor 3 pc's - Holland","isPartOf":{"@id":"https:\/\/winandofficews.com\/holland\/#website"},"primaryImageOfPage":{"@id":"https:\/\/winandofficews.com\/holland\/product\/microsoft-windows-11-professional-microsoft-visio-2024-professional-microsoft-project-2024-professional-microsoft-office-2024-professional-plus-licentie-voor-3-pcs\/#primaryimage"},"image":{"@id":"https:\/\/winandofficews.com\/holland\/product\/microsoft-windows-11-professional-microsoft-visio-2024-professional-microsoft-project-2024-professional-microsoft-office-2024-professional-plus-licentie-voor-3-pcs\/#primaryimage"},"thumbnailUrl":"https:\/\/winandofficews.com\/holland\/wp-content\/uploads\/W11P-024PP-P24P-V24P.jpg","datePublished":"2025-06-21T06:11:04+00:00","dateModified":"2026-04-03T09:53:53+00:00","breadcrumb":{"@id":"https:\/\/winandofficews.com\/holland\/product\/microsoft-windows-11-professional-microsoft-visio-2024-professional-microsoft-project-2024-professional-microsoft-office-2024-professional-plus-licentie-voor-3-pcs\/#breadcrumb"},"inLanguage":"fr-FR","potentialAction":[{"@type":"ReadAction","target":["https:\/\/winandofficews.com\/holland\/product\/microsoft-windows-11-professional-microsoft-visio-2024-professional-microsoft-project-2024-professional-microsoft-office-2024-professional-plus-licentie-voor-3-pcs\/"]}]},{"@type":"ImageObject","inLanguage":"fr-FR","@id":"https:\/\/winandofficews.com\/holland\/product\/microsoft-windows-11-professional-microsoft-visio-2024-professional-microsoft-project-2024-professional-microsoft-office-2024-professional-plus-licentie-voor-3-pcs\/#primaryimage","url":"https:\/\/winandofficews.com\/holland\/wp-content\/uploads\/W11P-024PP-P24P-V24P.jpg","contentUrl":"https:\/\/winandofficews.com\/holland\/wp-content\/uploads\/W11P-024PP-P24P-V24P.jpg"},{"@type":"BreadcrumbList","@id":"https:\/\/winandofficews.com\/holland\/product\/microsoft-windows-11-professional-microsoft-visio-2024-professional-microsoft-project-2024-professional-microsoft-office-2024-professional-plus-licentie-voor-3-pcs\/#breadcrumb","itemListElement":[{"@type":"ListItem","position":1,"name":"Home","item":"https:\/\/winandofficews.com\/holland\/"},{"@type":"ListItem","position":2,"name":"Shop","item":"https:\/\/winandofficews.com\/holland\/shop\/"},{"@type":"ListItem","position":3,"name":"Microsoft Windows 11 Professional + Microsoft Visio 2024 Professional + Microsoft Project 2024 Professional + Microsoft Office 2024 Professional Plus Licentie voor 3 pc&#8217;s"}]},{"@type":"WebSite","@id":"https:\/\/winandofficews.com\/holland\/#website","url":"https:\/\/winandofficews.com\/holland\/","name":"Pays-Bas","description":"Wholesales Store of Office","publisher":{"@id":"https:\/\/winandofficews.com\/holland\/#organization"},"potentialAction":[{"@type":"SearchAction","target":{"@type":"EntryPoint","urlTemplate":"https:\/\/winandofficews.com\/holland\/?s={search_term_string}"},"query-input":{"@type":"PropertyValueSpecification","valueRequired":true,"valueName":"search_term_string"}}],"inLanguage":"fr-FR"},{"@type":"Organization","@id":"https:\/\/winandofficews.com\/holland\/#organization","name":"Pays-Bas","url":"https:\/\/winandofficews.com\/holland\/","logo":{"@type":"ImageObject","inLanguage":"fr-FR","@id":"https:\/\/winandofficews.com\/holland\/#\/schema\/logo\/image\/","url":"https:\/\/winandofficews.com\/holland\/wp-content\/uploads\/sites\/25\/logo14.png","contentUrl":"https:\/\/winandofficews.com\/holland\/wp-content\/uploads\/sites\/25\/logo14.png","width":322,"height":116,"caption":"Holland"},"image":{"@id":"https:\/\/winandofficews.com\/holland\/#\/schema\/logo\/image\/"}}]}},"_links":{"self":[{"href":"https:\/\/winandofficews.com\/holland\/fr\/wp-json\/wp\/v2\/product\/87452","targetHints":{"allow":["GET"]}}],"collection":[{"href":"https:\/\/winandofficews.com\/holland\/fr\/wp-json\/wp\/v2\/product"}],"about":[{"href":"https:\/\/winandofficews.com\/holland\/fr\/wp-json\/wp\/v2\/types\/product"}],"replies":[{"embeddable":true,"href":"https:\/\/winandofficews.com\/holland\/fr\/wp-json\/wp\/v2\/comments?post=87452"}],"wp:featuredmedia":[{"embeddable":true,"href":"https:\/\/winandofficews.com\/holland\/fr\/wp-json\/"}],"wp:attachment":[{"href":"https:\/\/winandofficews.com\/holland\/fr\/wp-json\/wp\/v2\/media?parent=87452"}],"wp:term":[{"taxonomy":"product_brand","embeddable":true,"href":"https:\/\/winandofficews.com\/holland\/fr\/wp-json\/wp\/v2\/product_brand?post=87452"},{"taxonomy":"product_cat","embeddable":true,"href":"https:\/\/winandofficews.com\/holland\/fr\/wp-json\/wp\/v2\/product_cat?post=87452"},{"taxonomy":"product_tag","embeddable":true,"href":"https:\/\/winandofficews.com\/holland\/fr\/wp-json\/wp\/v2\/product_tag?post=87452"}],"curies":[{"name":"wp","href":"https:\/\/api.w.org\/{rel}","templated":true}]}}