{"id":87450,"date":"2025-06-21T08:11:04","date_gmt":"2025-06-21T06:11:04","guid":{"rendered":"https:\/\/winandofficews.com\/holland\/?post_type=product&#038;p=87450"},"modified":"2026-04-03T11:53:53","modified_gmt":"2026-04-03T09:53:53","slug":"microsoft-office-2021-professional-plus-microsoft-visio-2024-professional-licentie-voor-3-pcs","status":"publish","type":"product","link":"https:\/\/winandofficews.com\/holland\/fr\/produit\/microsoft-office-2021-professional-plus-microsoft-visio-2024-professional-licentie-voor-3-pcs\/","title":{"rendered":"Microsoft Office 2021 Professional Plus + Microsoft Visio 2024 Licence professionnelle pour 3 PC"},"content":{"rendered":"<div class=\"m-rich-content-block context-ucx\" data-grid=\"col-12\">\n<h2>Microsoft Office 2021 Professional Plus License for 3 PCs<\/h2>\n<p>Microsoft Office 2021 Professional Plus Edition est id\u00e9al pour les utilisateurs qui utilisent une gamme compl\u00e8te d'applications domestiques ou bureautiques. Comprend toute la gamme d'applications Microsoft Office : Word, Excel, Outlook, PowerPoint, Publisher et Access. OneNote, que vous pouvez t\u00e9l\u00e9charger \u00e0 partir du Microsoft Windows Store, vous permet de prendre rapidement des notes et de les rendre disponibles sur tous vos appareils via le cloud. B\u00e9n\u00e9ficiez de performances, d'une stabilit\u00e9 et d'une rapidit\u00e9 accrues dans Word, Excel, PowerPoint et Outlook. La suite Microsoft Office 2021 offre des outils de recherche, d'encre, des types de donn\u00e9es, des fonctionnalit\u00e9s, des outils de traduction et d'\u00e9dition nouveaux et am\u00e9lior\u00e9s, des graphiques anim\u00e9s, des fonctionnalit\u00e9s conviviales et bien d'autres choses encore.<\/p>\n<ul>\n<li><strong>Devenir<\/strong>Les avantages de ce logiciel sont nombreux : il permet de cr\u00e9er en un rien de temps des documents textuels de qualit\u00e9 professionnelle.<\/li>\n<li><strong>Excel<\/strong>Les feuilles de calcul intelligentes, d\u00e9sormais dot\u00e9es de nouvelles fonctionnalit\u00e9s telles que XLOOKUP<\/li>\n<li><strong>Power Point<\/strong>: Nouvelles fonctionnalit\u00e9s am\u00e9lior\u00e9es pour cr\u00e9er des pr\u00e9sentations dynamiques impressionnantes.<\/li>\n<li><strong>OneNote<\/strong>Le carnet de notes num\u00e9rique : Votre carnet de notes num\u00e9rique dans le nuage.<\/li>\n<li><strong>Perspectives<\/strong>Communication simplifi\u00e9e : comprend d\u00e9sormais de puissantes fonctions de traduction.<\/li>\n<li><strong>\u00c9diteur<\/strong>Les publications professionnelles : cr\u00e9er des mises en page pour des publications professionnelles<\/li>\n<li><strong>Acc\u00e8s<\/strong>Cr\u00e9ation d'une base de donn\u00e9es simple et puissante<\/li>\n<li><strong>\u00c9quipes Microsoft<\/strong>Les services de messagerie instantan\u00e9e et de visioconf\u00e9rence en haute d\u00e9finition permettent d'\u00eatre plus productif.<\/li>\n<\/ul>\n<p><strong>N\u00c9CESSITE WINDOWS 10 OU 11 !<\/strong><\/p>\n<h3>Microsoft Visio 2024 Professionnel<\/h3>\n<p>Microsoft Visio 2024 permet aux individus et aux \u00e9quipes de cr\u00e9er et de partager plus facilement que jamais des diagrammes professionnels et polyvalents, quels que soient leurs besoins. Il comprend des formes, des mod\u00e8les et des styles mis \u00e0 jour, ainsi qu'une nouvelle barre de recherche intuitive et une nouvelle pr\u00e9sentation qui offre une exp\u00e9rience utilisateur famili\u00e8re et coh\u00e9rente avec les autres applications Office.<\/p>\n<p>Dans Microsoft Visio 2024, vous retrouverez toutes les fonctionnalit\u00e9s habituelles, ainsi que de nouvelles :<\/p>\n<ul>\n<li>Microsoft Visio 2024 offre encore plus de formes, de mod\u00e8les et de pochoirs, afin que vous puissiez cr\u00e9er des diagrammes plus rapidement.<\/li>\n<li>Une mise \u00e0 jour avec un effet de transparence moderne appliqu\u00e9 derri\u00e8re le canevas et les menus donne \u00e0 Visio 2024 un aspect plus moderne et \u00e9l\u00e9gant.<\/li>\n<li>Visio 2024 reprend le nouveau design et la nouvelle palette de couleurs de Office 2024, y compris le mode sombre, une interface utilisateur personnalisable et des am\u00e9liorations en mati\u00e8re d'accessibilit\u00e9.<\/li>\n<li>La recherche dans Visio est d\u00e9sormais disponible dans la barre de titre et est donc plus accessible.<\/li>\n<li>Outils avanc\u00e9s d'analyse des processus tels que les blocs dynamiques pour l'analyse des processus d'entreprise et la visualisation des flux de donn\u00e9es<\/li>\n<\/ul>\n<p>Soutien :<br \/>\nPour toute question, vous pouvez toujours <a href=\"mailto:holland@winandofficews.com\">par courrier \u00e9lectronique<\/a> nous contacter. Notre service client\u00e8le est disponible 7 jours par semaine et 24 heures par jour.\n<\/div>","protected":false},"excerpt":{"rendered":"<ul>\n<li>Microsoft Office 2021 Licence professionnelle pour 3 PC<\/li>\n<li>Microsoft Visio 2024 Licence professionnelle plus pour 3 PC<\/li>\n<li><strong>Avec cette licence, le logiciel peut \u00eatre activ\u00e9 sur 3 appareils diff\u00e9rents<\/strong>PC domestique, ordinateur portable et PC professionnel<\/li>\n<li>Version pour les syst\u00e8mes 32 et 64 bits<\/li>\n<li><strong>Remboursement int\u00e9gral sous 30 jours - garantie de remplacement \u00e0 vie !<\/strong><\/li>\n<li>Livraison par courrier \u00e9lectronique : cl\u00e9 de produit, instructions, liens de t\u00e9l\u00e9chargement, facture<\/li>\n<li>T\u00e9l\u00e9charger imm\u00e9diatement !<\/li>\n<li>Pas de limite de temps, pas d'abonnement<\/li>\n<li>Assistance gratuite pendant l'installation et l'activation<\/li>\n<li>Non disponible sur support physique (USB, CD, etc.)<\/li>\n<li>Activation en ligne et par t\u00e9l\u00e9phone<\/li>\n<li><span style=\"color: #339966\"><strong> Ce produit est compatible avec Microsoft Windows.<\/strong><\/span><\/li>\n<li><span style=\"color: #ff0000\"><strong>NON compatible avec Apple macOS\u2122, les processeurs Apple, Parallels pour Mac, les appareils Android et les Chromebooks.<\/strong><\/span><\/li>\n<\/ul>","protected":false},"featured_media":1000008104,"comment_status":"open","ping_status":"closed","template":"","meta":{"_acf_changed":false},"product_brand":[],"product_cat":[318,157,155,266],"product_tag":[319,277,320],"class_list":{"0":"post-87450","1":"product","2":"type-product","3":"status-publish","4":"has-post-thumbnail","6":"product_cat-bestseller","7":"product_cat-combo","8":"product_cat-microsoft-office","9":"product_cat-visio","10":"product_tag-combo-microsoft-windows-11-pro-office-2021-professional-plus","11":"product_tag-microsoft-office-2021-professional-plus","12":"product_tag-microsoft-windows-11-pro","14":"first","15":"instock","16":"sale","17":"virtual","18":"taxable","19":"purchasable","20":"product-type-simple"},"acf":[],"yoast_head":"<!-- This site is optimized with the Yoast SEO plugin v27.3 - https:\/\/yoast.com\/product\/yoast-seo-wordpress\/ -->\n<title>Microsoft Office 2021 Professional Plus + Microsoft Visio 2024 Professional Licentie voor 3 pc\u2019s - Holland<\/title>\n<meta name=\"robots\" content=\"index, follow, max-snippet:-1, max-image-preview:large, max-video-preview:-1\" \/>\n<link rel=\"canonical\" href=\"https:\/\/winandofficews.com\/holland\/fr\/produit\/microsoft-office-2021-professional-plus-microsoft-visio-2024-professional-licentie-voor-3-pcs\/\" \/>\n<meta property=\"og:locale\" content=\"fr_FR\" \/>\n<meta property=\"og:type\" content=\"article\" \/>\n<meta property=\"og:title\" content=\"Microsoft Office 2021 Professional Plus + Microsoft Visio 2024 Professional Licentie voor 3 pc\u2019s - Holland\" \/>\n<meta property=\"og:description\" content=\"Microsoft Office 2021 Professional Licentie voor 3 pc&#039;s  Microsoft Visio 2024 Professional Plus Licentie voor 3 pc&#039;s  Met deze licentie kan de software op 3 verschillende apparaten worden geactiveerd, bijvoorbeeld thuis-pc, notebook en werk-pc  Versie voor 32- en 64-bits systemen  30 dagen volledige restitutie - levenslange vervangingsgarantie!  E-mailbezorging: productsleutel, instructies, downloadlinks, factuur  Direct downloaden!  Geen tijdslimiet, geen abonnement  Gratis ondersteuning tijdens installatie en activering  Niet beschikbaar op fysieke media (USB, cd, enz.)  Activering online en telefonisch   Dit product is compatibel met Microsoft Windows.  NIET compatibel met Apple macOS\u2122, Apple-processors, Parallels voor Mac, Android-apparaten en Chromebooks.\" \/>\n<meta property=\"og:url\" content=\"https:\/\/winandofficews.com\/holland\/fr\/produit\/microsoft-office-2021-professional-plus-microsoft-visio-2024-professional-licentie-voor-3-pcs\/\" \/>\n<meta property=\"og:site_name\" content=\"Holland\" \/>\n<meta property=\"article:modified_time\" content=\"2026-04-03T09:53:53+00:00\" \/>\n<meta name=\"twitter:card\" content=\"summary_large_image\" \/>\n<meta name=\"twitter:label1\" content=\"Dur\u00e9e de lecture estim\u00e9e\" \/>\n\t<meta name=\"twitter:data1\" content=\"2 minutes\" \/>\n<script type=\"application\/ld+json\" class=\"yoast-schema-graph\">{\"@context\":\"https:\\\/\\\/schema.org\",\"@graph\":[{\"@type\":\"WebPage\",\"@id\":\"https:\\\/\\\/winandofficews.com\\\/holland\\\/product\\\/microsoft-office-2021-professional-plus-microsoft-visio-2024-professional-licentie-voor-3-pcs\\\/\",\"url\":\"https:\\\/\\\/winandofficews.com\\\/holland\\\/product\\\/microsoft-office-2021-professional-plus-microsoft-visio-2024-professional-licentie-voor-3-pcs\\\/\",\"name\":\"Microsoft Office 2021 Professional Plus + Microsoft Visio 2024 Professional Licentie voor 3 pc\u2019s - Holland\",\"isPartOf\":{\"@id\":\"https:\\\/\\\/winandofficews.com\\\/holland\\\/#website\"},\"primaryImageOfPage\":{\"@id\":\"https:\\\/\\\/winandofficews.com\\\/holland\\\/product\\\/microsoft-office-2021-professional-plus-microsoft-visio-2024-professional-licentie-voor-3-pcs\\\/#primaryimage\"},\"image\":{\"@id\":\"https:\\\/\\\/winandofficews.com\\\/holland\\\/product\\\/microsoft-office-2021-professional-plus-microsoft-visio-2024-professional-licentie-voor-3-pcs\\\/#primaryimage\"},\"thumbnailUrl\":\"https:\\\/\\\/winandofficews.com\\\/holland\\\/wp-content\\\/uploads\\\/O21PV24P.png\",\"datePublished\":\"2025-06-21T06:11:04+00:00\",\"dateModified\":\"2026-04-03T09:53:53+00:00\",\"breadcrumb\":{\"@id\":\"https:\\\/\\\/winandofficews.com\\\/holland\\\/product\\\/microsoft-office-2021-professional-plus-microsoft-visio-2024-professional-licentie-voor-3-pcs\\\/#breadcrumb\"},\"inLanguage\":\"fr-FR\",\"potentialAction\":[{\"@type\":\"ReadAction\",\"target\":[\"https:\\\/\\\/winandofficews.com\\\/holland\\\/product\\\/microsoft-office-2021-professional-plus-microsoft-visio-2024-professional-licentie-voor-3-pcs\\\/\"]}]},{\"@type\":\"ImageObject\",\"inLanguage\":\"fr-FR\",\"@id\":\"https:\\\/\\\/winandofficews.com\\\/holland\\\/product\\\/microsoft-office-2021-professional-plus-microsoft-visio-2024-professional-licentie-voor-3-pcs\\\/#primaryimage\",\"url\":\"https:\\\/\\\/winandofficews.com\\\/holland\\\/wp-content\\\/uploads\\\/O21PV24P.png\",\"contentUrl\":\"https:\\\/\\\/winandofficews.com\\\/holland\\\/wp-content\\\/uploads\\\/O21PV24P.png\"},{\"@type\":\"BreadcrumbList\",\"@id\":\"https:\\\/\\\/winandofficews.com\\\/holland\\\/product\\\/microsoft-office-2021-professional-plus-microsoft-visio-2024-professional-licentie-voor-3-pcs\\\/#breadcrumb\",\"itemListElement\":[{\"@type\":\"ListItem\",\"position\":1,\"name\":\"Home\",\"item\":\"https:\\\/\\\/winandofficews.com\\\/holland\\\/\"},{\"@type\":\"ListItem\",\"position\":2,\"name\":\"Shop\",\"item\":\"https:\\\/\\\/winandofficews.com\\\/holland\\\/shop\\\/\"},{\"@type\":\"ListItem\",\"position\":3,\"name\":\"Microsoft Office 2021 Professional Plus + Microsoft Visio 2024 Professional Licentie voor 3 pc\u2019s\"}]},{\"@type\":\"WebSite\",\"@id\":\"https:\\\/\\\/winandofficews.com\\\/holland\\\/#website\",\"url\":\"https:\\\/\\\/winandofficews.com\\\/holland\\\/\",\"name\":\"Holland\",\"description\":\"Wholesales Store of Office\",\"publisher\":{\"@id\":\"https:\\\/\\\/winandofficews.com\\\/holland\\\/#organization\"},\"potentialAction\":[{\"@type\":\"SearchAction\",\"target\":{\"@type\":\"EntryPoint\",\"urlTemplate\":\"https:\\\/\\\/winandofficews.com\\\/holland\\\/?s={search_term_string}\"},\"query-input\":{\"@type\":\"PropertyValueSpecification\",\"valueRequired\":true,\"valueName\":\"search_term_string\"}}],\"inLanguage\":\"fr-FR\"},{\"@type\":\"Organization\",\"@id\":\"https:\\\/\\\/winandofficews.com\\\/holland\\\/#organization\",\"name\":\"Holland\",\"url\":\"https:\\\/\\\/winandofficews.com\\\/holland\\\/\",\"logo\":{\"@type\":\"ImageObject\",\"inLanguage\":\"fr-FR\",\"@id\":\"https:\\\/\\\/winandofficews.com\\\/holland\\\/#\\\/schema\\\/logo\\\/image\\\/\",\"url\":\"https:\\\/\\\/winandofficews.com\\\/holland\\\/wp-content\\\/uploads\\\/sites\\\/25\\\/logo14.png\",\"contentUrl\":\"https:\\\/\\\/winandofficews.com\\\/holland\\\/wp-content\\\/uploads\\\/sites\\\/25\\\/logo14.png\",\"width\":322,\"height\":116,\"caption\":\"Holland\"},\"image\":{\"@id\":\"https:\\\/\\\/winandofficews.com\\\/holland\\\/#\\\/schema\\\/logo\\\/image\\\/\"}}]}<\/script>\n<!-- \/ Yoast SEO plugin. -->","yoast_head_json":{"title":"Microsoft Office 2021 Professional Plus + Microsoft Visio 2024 Professional Licentie voor 3 pc\u2019s - Holland","robots":{"index":"index","follow":"follow","max-snippet":"max-snippet:-1","max-image-preview":"max-image-preview:large","max-video-preview":"max-video-preview:-1"},"canonical":"https:\/\/winandofficews.com\/holland\/fr\/produit\/microsoft-office-2021-professional-plus-microsoft-visio-2024-professional-licentie-voor-3-pcs\/","og_locale":"fr_FR","og_type":"article","og_title":"Microsoft Office 2021 Professional Plus + Microsoft Visio 2024 Professional Licentie voor 3 pc\u2019s - Holland","og_description":"Microsoft Office 2021 Professional Licentie voor 3 pc's  Microsoft Visio 2024 Professional Plus Licentie voor 3 pc's  Met deze licentie kan de software op 3 verschillende apparaten worden geactiveerd, bijvoorbeeld thuis-pc, notebook en werk-pc  Versie voor 32- en 64-bits systemen  30 dagen volledige restitutie - levenslange vervangingsgarantie!  E-mailbezorging: productsleutel, instructies, downloadlinks, factuur  Direct downloaden!  Geen tijdslimiet, geen abonnement  Gratis ondersteuning tijdens installatie en activering  Niet beschikbaar op fysieke media (USB, cd, enz.)  Activering online en telefonisch   Dit product is compatibel met Microsoft Windows.  NIET compatibel met Apple macOS\u2122, Apple-processors, Parallels voor Mac, Android-apparaten en Chromebooks.","og_url":"https:\/\/winandofficews.com\/holland\/fr\/produit\/microsoft-office-2021-professional-plus-microsoft-visio-2024-professional-licentie-voor-3-pcs\/","og_site_name":"Holland","article_modified_time":"2026-04-03T09:53:53+00:00","twitter_card":"summary_large_image","twitter_misc":{"Dur\u00e9e de lecture estim\u00e9e":"2 minutes"},"schema":{"@context":"https:\/\/schema.org","@graph":[{"@type":"WebPage","@id":"https:\/\/winandofficews.com\/holland\/product\/microsoft-office-2021-professional-plus-microsoft-visio-2024-professional-licentie-voor-3-pcs\/","url":"https:\/\/winandofficews.com\/holland\/product\/microsoft-office-2021-professional-plus-microsoft-visio-2024-professional-licentie-voor-3-pcs\/","name":"Microsoft Office 2021 Professional Plus + Microsoft Visio 2024 Professional Licentie voor 3 pc\u2019s - Holland","isPartOf":{"@id":"https:\/\/winandofficews.com\/holland\/#website"},"primaryImageOfPage":{"@id":"https:\/\/winandofficews.com\/holland\/product\/microsoft-office-2021-professional-plus-microsoft-visio-2024-professional-licentie-voor-3-pcs\/#primaryimage"},"image":{"@id":"https:\/\/winandofficews.com\/holland\/product\/microsoft-office-2021-professional-plus-microsoft-visio-2024-professional-licentie-voor-3-pcs\/#primaryimage"},"thumbnailUrl":"https:\/\/winandofficews.com\/holland\/wp-content\/uploads\/O21PV24P.png","datePublished":"2025-06-21T06:11:04+00:00","dateModified":"2026-04-03T09:53:53+00:00","breadcrumb":{"@id":"https:\/\/winandofficews.com\/holland\/product\/microsoft-office-2021-professional-plus-microsoft-visio-2024-professional-licentie-voor-3-pcs\/#breadcrumb"},"inLanguage":"fr-FR","potentialAction":[{"@type":"ReadAction","target":["https:\/\/winandofficews.com\/holland\/product\/microsoft-office-2021-professional-plus-microsoft-visio-2024-professional-licentie-voor-3-pcs\/"]}]},{"@type":"ImageObject","inLanguage":"fr-FR","@id":"https:\/\/winandofficews.com\/holland\/product\/microsoft-office-2021-professional-plus-microsoft-visio-2024-professional-licentie-voor-3-pcs\/#primaryimage","url":"https:\/\/winandofficews.com\/holland\/wp-content\/uploads\/O21PV24P.png","contentUrl":"https:\/\/winandofficews.com\/holland\/wp-content\/uploads\/O21PV24P.png"},{"@type":"BreadcrumbList","@id":"https:\/\/winandofficews.com\/holland\/product\/microsoft-office-2021-professional-plus-microsoft-visio-2024-professional-licentie-voor-3-pcs\/#breadcrumb","itemListElement":[{"@type":"ListItem","position":1,"name":"Home","item":"https:\/\/winandofficews.com\/holland\/"},{"@type":"ListItem","position":2,"name":"Shop","item":"https:\/\/winandofficews.com\/holland\/shop\/"},{"@type":"ListItem","position":3,"name":"Microsoft Office 2021 Professional Plus + Microsoft Visio 2024 Professional Licentie voor 3 pc\u2019s"}]},{"@type":"WebSite","@id":"https:\/\/winandofficews.com\/holland\/#website","url":"https:\/\/winandofficews.com\/holland\/","name":"Pays-Bas","description":"Wholesales Store of Office","publisher":{"@id":"https:\/\/winandofficews.com\/holland\/#organization"},"potentialAction":[{"@type":"SearchAction","target":{"@type":"EntryPoint","urlTemplate":"https:\/\/winandofficews.com\/holland\/?s={search_term_string}"},"query-input":{"@type":"PropertyValueSpecification","valueRequired":true,"valueName":"search_term_string"}}],"inLanguage":"fr-FR"},{"@type":"Organization","@id":"https:\/\/winandofficews.com\/holland\/#organization","name":"Pays-Bas","url":"https:\/\/winandofficews.com\/holland\/","logo":{"@type":"ImageObject","inLanguage":"fr-FR","@id":"https:\/\/winandofficews.com\/holland\/#\/schema\/logo\/image\/","url":"https:\/\/winandofficews.com\/holland\/wp-content\/uploads\/sites\/25\/logo14.png","contentUrl":"https:\/\/winandofficews.com\/holland\/wp-content\/uploads\/sites\/25\/logo14.png","width":322,"height":116,"caption":"Holland"},"image":{"@id":"https:\/\/winandofficews.com\/holland\/#\/schema\/logo\/image\/"}}]}},"_links":{"self":[{"href":"https:\/\/winandofficews.com\/holland\/fr\/wp-json\/wp\/v2\/product\/87450","targetHints":{"allow":["GET"]}}],"collection":[{"href":"https:\/\/winandofficews.com\/holland\/fr\/wp-json\/wp\/v2\/product"}],"about":[{"href":"https:\/\/winandofficews.com\/holland\/fr\/wp-json\/wp\/v2\/types\/product"}],"replies":[{"embeddable":true,"href":"https:\/\/winandofficews.com\/holland\/fr\/wp-json\/wp\/v2\/comments?post=87450"}],"wp:featuredmedia":[{"embeddable":true,"href":"https:\/\/winandofficews.com\/holland\/fr\/wp-json\/"}],"wp:attachment":[{"href":"https:\/\/winandofficews.com\/holland\/fr\/wp-json\/wp\/v2\/media?parent=87450"}],"wp:term":[{"taxonomy":"product_brand","embeddable":true,"href":"https:\/\/winandofficews.com\/holland\/fr\/wp-json\/wp\/v2\/product_brand?post=87450"},{"taxonomy":"product_cat","embeddable":true,"href":"https:\/\/winandofficews.com\/holland\/fr\/wp-json\/wp\/v2\/product_cat?post=87450"},{"taxonomy":"product_tag","embeddable":true,"href":"https:\/\/winandofficews.com\/holland\/fr\/wp-json\/wp\/v2\/product_tag?post=87450"}],"curies":[{"name":"wp","href":"https:\/\/api.w.org\/{rel}","templated":true}]}}