{"id":87447,"date":"2025-06-21T08:11:04","date_gmt":"2025-06-21T06:11:04","guid":{"rendered":"https:\/\/winandofficews.com\/holland\/?post_type=product&#038;p=87447"},"modified":"2026-04-03T11:53:46","modified_gmt":"2026-04-03T09:53:46","slug":"microsoft-windows-11-professional-microsoft-project-2024-professional-licentie-voor-3-pcs","status":"publish","type":"product","link":"https:\/\/winandofficews.com\/holland\/fr\/produit\/microsoft-windows-11-professional-microsoft-project-2024-professional-licentie-voor-3-pcs\/","title":{"rendered":"Microsoft Windows 11 Professional + Microsoft Project 2024 Professional Licence for 3 PCs"},"content":{"rendered":"<div id=\"coreui-banner-l03vzh8\" data-m=\"{&quot;cN&quot;:&quot;R2Banner 1&quot;,&quot;cT&quot;:&quot;Module_coreui-banner&quot;,&quot;id&quot;:&quot;m1r2a2&quot;,&quot;sN&quot;:1,&quot;aN&quot;:&quot;r2a2&quot;}\" data-module-id=\"WDG-Microsoft Windows|primaryR2|coreui-region|coreui-banner-l03vzh8|coreui-banner\">\n<div class=\"m-banner f-align-left\" data-grid=\"col-12\">\n<h2>Microsoft Windows 11 Licence professionnelle pour 3 PC<\/h2>\n<p><strong>Avec cette licence, le logiciel peut \u00eatre activ\u00e9 sur 3 appareils diff\u00e9rents, par exemple un PC domestique, un ordinateur portable et un PC professionnel.<\/strong><\/p>\n<p><strong>Garantie de remboursement \u00e0 vie !!!<\/strong><\/p>\n<p>Exigences du syst\u00e8me<\/p>\n<p>Pr\u00e9parez-vous \u00e0 recevoir le dernier et le meilleur syst\u00e8me d'exploitation de Microsoft !<\/p>\n<p>Il s'agit des conditions de base pour installer Microsoft Windows 11 sur un PC. Si votre appareil ne r\u00e9pond pas \u00e0 ces exigences, il se peut que vous ne puissiez pas installer Microsoft Windows 11 sur votre appareil et que vous deviez envisager l'achat d'un nouveau PC. Si vous n'\u00eates pas s\u00fbr que votre PC r\u00e9ponde \u00e0 ces exigences, vous pouvez contacter le fabricant de l'\u00e9quipement d'origine (OEM) de votre PC ou, si votre appareil utilise d\u00e9j\u00e0 le Microsoft Windows 10, utiliser l'application PC Health Check pour \u00e9valuer la compatibilit\u00e9 ( <a href=\"https:\/\/aka.ms\/GetPCHealthCheckApp\"><strong>cliquez ici pour t\u00e9l\u00e9charger <\/strong><\/a>).<\/p>\n<table>\n<tbody>\n<tr>\n<td><strong>processeur :<\/strong><\/td>\n<td>1 gigahertz (GHz) ou plus rapide avec 2 c\u0153urs ou plus sur un ordinateur portable <a href=\"https:\/\/docs.microsoft.com\/en-us\/windows-hardware\/design\/minimum\/windows-processor-requirements\"><strong>processeur 64 bits compatible <\/strong><\/a>ou syst\u00e8me sur puce ( SoC )<\/td>\n<\/tr>\n<tr>\n<td><strong>RAM :<\/strong><\/td>\n<td>4 gigaoctets (Go)<\/td>\n<\/tr>\n<tr>\n<td><strong>Stockage :<\/strong><\/td>\n<td>Dispositif de stockage de 64 Go ou plus<\/p>\n<p>Note : Pour plus de d\u00e9tails, voir ci-dessous \"Plus d'informations sur le stockage pour maintenir Microsoft Windows 11 \u00e0 jour\".<\/td>\n<\/tr>\n<tr>\n<td><strong>Firmware du syst\u00e8me : _<\/strong><\/td>\n<td>UEFI, adapt\u00e9 au d\u00e9marrage s\u00e9curis\u00e9<\/td>\n<\/tr>\n<tr>\n<td><strong>TPM :<\/strong><\/td>\n<td>Module de plateforme de confiance (TPM) version 2.0<\/td>\n<\/tr>\n<tr>\n<td><strong>Carte graphique :<\/strong><\/td>\n<td>Compatible avec DirectX 12 ou plus avec le pilote WDDM 2.0<\/td>\n<\/tr>\n<tr>\n<td><strong>Affichage :<\/strong><\/td>\n<td>\u00c9cran haute d\u00e9finition (720p) d'une diagonale sup\u00e9rieure \u00e0 9 pouces, 8 bits par canal de couleur<\/td>\n<\/tr>\n<tr>\n<td><strong>Connexion Internet et comptes Microsoft :<\/strong><\/td>\n<td>Toutes les \u00e9ditions Microsoft Windows 11 n\u00e9cessitent un acc\u00e8s \u00e0 Internet pour effectuer les mises \u00e0 jour et pour t\u00e9l\u00e9charger et utiliser certaines fonctionnalit\u00e9s. Un compte Microsoft est n\u00e9cessaire pour certaines fonctionnalit\u00e9s.<\/td>\n<\/tr>\n<\/tbody>\n<\/table>\n<\/div>\n<\/div>\n<div id=\"coreui-contentrichblock-o5iouct\" data-m=\"{&quot;cN&quot;:&quot;R2ContentRichBlock 1&quot;,&quot;cT&quot;:&quot;Module_coreui-contentrichblock&quot;,&quot;id&quot;:&quot;m3r2a2&quot;,&quot;sN&quot;:3,&quot;aN&quot;:&quot;r2a2&quot;}\" data-module-id=\"WDG-Microsoft Windows|primaryR2|coreui-region|coreui-contentrichblock-o5iouct|coreui-contentrichblock\">\n<div id=\"primaryR2\" data-grid=\"container\" data-region-key=\"primaryr2\" data-m=\"{&quot;cN&quot;:&quot;primaryR2 1&quot;,&quot;cT&quot;:&quot;Region_coreui-region&quot;,&quot;id&quot;:&quot;r2a2&quot;,&quot;sN&quot;:2,&quot;aN&quot;:&quot;a2&quot;}\">\n<div id=\"coreui-tablev2-62jrfm3\" data-m=\"{&quot;cN&quot;:&quot;R2TableV2 1&quot;,&quot;cT&quot;:&quot;Module_coreui-tablev2&quot;,&quot;id&quot;:&quot;m4r2a2&quot;,&quot;sN&quot;:4,&quot;aN&quot;:&quot;r2a2&quot;}\" data-module-id=\"WDG-Microsoft Windows|primaryR2|coreui-region|coreui-tablev2-62jrfm3|coreui-tablev2\">\n<div class=\"m-table\"><\/div>\n<\/div>\n<\/div>\n<div id=\"primaryR3\" data-grid=\"container\" data-region-key=\"primaryr3\" data-m=\"{&quot;cN&quot;:&quot;primaryR3 1&quot;,&quot;cT&quot;:&quot;Region_coreui-region&quot;,&quot;id&quot;:&quot;r3a2&quot;,&quot;sN&quot;:3,&quot;aN&quot;:&quot;a2&quot;}\">\n<div id=\"coreui-contentrichblock-rhi1sei\" data-m=\"{&quot;cN&quot;:&quot;R2ContentRichBlock 1&quot;,&quot;cT&quot;:&quot;Module_coreui-contentrichblock&quot;,&quot;id&quot;:&quot;m3r3a2&quot;,&quot;sN&quot;:3,&quot;aN&quot;:&quot;r3a2&quot;}\" data-module-id=\"WDG-Microsoft Windows|primaryR3|coreui-region|coreui-contentrichblock-rhi1sei|coreui-contentrichblock\">\n<div class=\"m-rich-content-block context-ucx\" data-grid=\"col-12\">\n<h3>Microsoft Project 2024 Professionnel<\/h3>\n<p>Microsoft Project 2024 offre de nouvelles fonctionnalit\u00e9s et am\u00e9liorations qui permettent aux \u00e9quipes d'organiser leur travail plus efficacement, de g\u00e9rer les t\u00e2ches et de g\u00e9rer les budgets et les ressources. Cette nouvelle version propose des innovations importantes qui profitent aussi bien aux d\u00e9butants qu'aux professionnels travaillant sur des projets de toute complexit\u00e9 :<\/p>\n<ul>\n<li>Nouvelle interface utilisateur plus intuitive et personnalisable et navigation am\u00e9lior\u00e9e avec un affichage flexible des donn\u00e9es<\/li>\n<li>Des mod\u00e8les pr\u00e9fabriqu\u00e9s vous permettent de d\u00e9marrer votre projet en un rien de temps.<\/li>\n<li>Synchronisation avec Project Online et Project Server pour l'int\u00e9gration et la gestion des ressources<\/li>\n<li>Les sc\u00e9narios d'hypoth\u00e8ses permettent d'optimiser l'affectation des t\u00e2ches gr\u00e2ce \u00e0 des simulations de sc\u00e9narios<\/li>\n<li>Am\u00e9liorez votre planification en renseignant automatiquement les dates de d\u00e9but et de fin en fonction des d\u00e9pendances.<\/li>\n<li>Utiliser des \u00e9ch\u00e9ances multiples pour une repr\u00e9sentation visuelle claire de calendriers complexes<\/li>\n<li>Nouvelles fonctionnalit\u00e9s pour l'affichage et l'analyse des donn\u00e9es, passage facile entre diff\u00e9rents types de pr\u00e9sentations d'informations, y compris Kanban et Scrumboard<\/li>\n<li>Prise en charge des approches Agile, Scrum, Waterfall et hybrides, permettant aux utilisateurs de combiner des \u00e9l\u00e9ments de diff\u00e9rentes m\u00e9thodologies.<\/li>\n<\/ul>\n<p>Soutien :<br \/>\nPour toute question, vous pouvez toujours <a href=\"mailto:holland@winandofficews.com\">par courrier \u00e9lectronique<\/a> nous contacter. Notre service client\u00e8le est disponible 7 jours par semaine et 24 heures par jour.\n<\/div>\n<\/div>\n<\/div>\n<\/div>","protected":false},"excerpt":{"rendered":"<ul>\n<li>Microsoft Project 2024 Licence professionnelle pour 3 PC<\/li>\n<li>Microsoft Windows 11 Licence Pro pour 3 PCs<\/li>\n<li><strong>Avec cette licence, le logiciel peut \u00eatre activ\u00e9 sur 3 appareils diff\u00e9rents<\/strong>PC domestique, ordinateur portable et PC professionnel<\/li>\n<li>Versions pour syst\u00e8mes 64 bits disponibles<\/li>\n<li>Livraison par courrier \u00e9lectronique : cl\u00e9 de produit, instructions, liens de t\u00e9l\u00e9chargement, facture<\/li>\n<li>T\u00e9l\u00e9charger imm\u00e9diatement !<\/li>\n<li>Pas de limite de temps, pas d'abonnement<\/li>\n<li>Assistance gratuite pendant l'installation et l'activation<\/li>\n<li>Non disponible sur support physique (USB, CD, etc.)<\/li>\n<li>Activation en ligne et par t\u00e9l\u00e9phone<\/li>\n<li><span style=\"color: #008000\"><strong> Ce produit est compatible avec Microsoft Windows.<\/strong><\/span><\/li>\n<li><span style=\"color: #ff0000\"><strong>NON compatible avec Apple macOS\u2122, les processeurs Apple, Parallels pour Mac, les appareils Android et les Chromebooks.<\/strong><\/span><\/li>\n<\/ul>","protected":false},"featured_media":1000008098,"comment_status":"closed","ping_status":"closed","template":"","meta":{"_acf_changed":false},"product_brand":[],"product_cat":[318,157,155,156,267,270,269],"product_tag":[319,277,320],"class_list":{"0":"post-87447","1":"product","2":"type-product","3":"status-publish","4":"has-post-thumbnail","6":"product_cat-bestseller","7":"product_cat-combo","8":"product_cat-microsoft-office","9":"product_cat-popular","10":"product_cat-project","11":"product_cat-windows-11-windows-desktop","12":"product_cat-windows-desktop","13":"product_tag-combo-microsoft-windows-11-pro-office-2021-professional-plus","14":"product_tag-microsoft-office-2021-professional-plus","15":"product_tag-microsoft-windows-11-pro","17":"first","18":"instock","19":"sale","20":"virtual","21":"taxable","22":"purchasable","23":"product-type-simple"},"acf":[],"yoast_head":"<!-- This site is optimized with the Yoast SEO plugin v27.3 - https:\/\/yoast.com\/product\/yoast-seo-wordpress\/ -->\n<title>Microsoft Windows 11 Professional + Microsoft Project 2024 Professional Licentie voor 3 pc\u2019s - Holland<\/title>\n<meta name=\"robots\" content=\"index, follow, max-snippet:-1, max-image-preview:large, max-video-preview:-1\" \/>\n<link rel=\"canonical\" href=\"https:\/\/winandofficews.com\/holland\/fr\/produit\/microsoft-windows-11-professional-microsoft-project-2024-professional-licentie-voor-3-pcs\/\" \/>\n<meta property=\"og:locale\" content=\"fr_FR\" \/>\n<meta property=\"og:type\" content=\"article\" \/>\n<meta property=\"og:title\" content=\"Microsoft Windows 11 Professional + Microsoft Project 2024 Professional Licentie voor 3 pc\u2019s - Holland\" \/>\n<meta property=\"og:description\" content=\"Microsoft Project 2024 Professional Licentie voor 3 pc&#039;s  Microsoft Windows 11 Pro Licentie voor 3 pc&#039;s  Met deze licentie kan de software op 3 verschillende apparaten worden geactiveerd, bijvoorbeeld thuis-pc, notebook en werk-pc  Versies voor 64-bits systemen beschikbaar  E-mailbezorging: productsleutel, instructies, downloadlinks, factuur  Direct downloaden!  Geen tijdslimiet, geen abonnement  Gratis ondersteuning tijdens installatie en activering  Niet beschikbaar op fysieke media (USB, cd, enz.)  Activering online en telefonisch   Dit product is compatibel met Microsoft Windows.  NIET compatibel met Apple macOS\u2122, Apple-processors, Parallels voor Mac, Android-apparaten en Chromebooks.\" \/>\n<meta property=\"og:url\" content=\"https:\/\/winandofficews.com\/holland\/fr\/produit\/microsoft-windows-11-professional-microsoft-project-2024-professional-licentie-voor-3-pcs\/\" \/>\n<meta property=\"og:site_name\" content=\"Holland\" \/>\n<meta property=\"article:modified_time\" content=\"2026-04-03T09:53:46+00:00\" \/>\n<meta name=\"twitter:card\" content=\"summary_large_image\" \/>\n<meta name=\"twitter:label1\" content=\"Dur\u00e9e de lecture estim\u00e9e\" \/>\n\t<meta name=\"twitter:data1\" content=\"3 minutes\" \/>\n<script type=\"application\/ld+json\" class=\"yoast-schema-graph\">{\"@context\":\"https:\\\/\\\/schema.org\",\"@graph\":[{\"@type\":\"WebPage\",\"@id\":\"https:\\\/\\\/winandofficews.com\\\/holland\\\/product\\\/microsoft-windows-11-professional-microsoft-project-2024-professional-licentie-voor-3-pcs\\\/\",\"url\":\"https:\\\/\\\/winandofficews.com\\\/holland\\\/product\\\/microsoft-windows-11-professional-microsoft-project-2024-professional-licentie-voor-3-pcs\\\/\",\"name\":\"Microsoft Windows 11 Professional + Microsoft Project 2024 Professional Licentie voor 3 pc\u2019s - Holland\",\"isPartOf\":{\"@id\":\"https:\\\/\\\/winandofficews.com\\\/holland\\\/#website\"},\"primaryImageOfPage\":{\"@id\":\"https:\\\/\\\/winandofficews.com\\\/holland\\\/product\\\/microsoft-windows-11-professional-microsoft-project-2024-professional-licentie-voor-3-pcs\\\/#primaryimage\"},\"image\":{\"@id\":\"https:\\\/\\\/winandofficews.com\\\/holland\\\/product\\\/microsoft-windows-11-professional-microsoft-project-2024-professional-licentie-voor-3-pcs\\\/#primaryimage\"},\"thumbnailUrl\":\"https:\\\/\\\/winandofficews.com\\\/holland\\\/wp-content\\\/uploads\\\/W11PP24P.png\",\"datePublished\":\"2025-06-21T06:11:04+00:00\",\"dateModified\":\"2026-04-03T09:53:46+00:00\",\"breadcrumb\":{\"@id\":\"https:\\\/\\\/winandofficews.com\\\/holland\\\/product\\\/microsoft-windows-11-professional-microsoft-project-2024-professional-licentie-voor-3-pcs\\\/#breadcrumb\"},\"inLanguage\":\"fr-FR\",\"potentialAction\":[{\"@type\":\"ReadAction\",\"target\":[\"https:\\\/\\\/winandofficews.com\\\/holland\\\/product\\\/microsoft-windows-11-professional-microsoft-project-2024-professional-licentie-voor-3-pcs\\\/\"]}]},{\"@type\":\"ImageObject\",\"inLanguage\":\"fr-FR\",\"@id\":\"https:\\\/\\\/winandofficews.com\\\/holland\\\/product\\\/microsoft-windows-11-professional-microsoft-project-2024-professional-licentie-voor-3-pcs\\\/#primaryimage\",\"url\":\"https:\\\/\\\/winandofficews.com\\\/holland\\\/wp-content\\\/uploads\\\/W11PP24P.png\",\"contentUrl\":\"https:\\\/\\\/winandofficews.com\\\/holland\\\/wp-content\\\/uploads\\\/W11PP24P.png\"},{\"@type\":\"BreadcrumbList\",\"@id\":\"https:\\\/\\\/winandofficews.com\\\/holland\\\/product\\\/microsoft-windows-11-professional-microsoft-project-2024-professional-licentie-voor-3-pcs\\\/#breadcrumb\",\"itemListElement\":[{\"@type\":\"ListItem\",\"position\":1,\"name\":\"Home\",\"item\":\"https:\\\/\\\/winandofficews.com\\\/holland\\\/\"},{\"@type\":\"ListItem\",\"position\":2,\"name\":\"Shop\",\"item\":\"https:\\\/\\\/winandofficews.com\\\/holland\\\/shop\\\/\"},{\"@type\":\"ListItem\",\"position\":3,\"name\":\"Microsoft Windows 11 Professional + Microsoft Project 2024 Professional Licentie voor 3 pc\u2019s\"}]},{\"@type\":\"WebSite\",\"@id\":\"https:\\\/\\\/winandofficews.com\\\/holland\\\/#website\",\"url\":\"https:\\\/\\\/winandofficews.com\\\/holland\\\/\",\"name\":\"Holland\",\"description\":\"Wholesales Store of Office\",\"publisher\":{\"@id\":\"https:\\\/\\\/winandofficews.com\\\/holland\\\/#organization\"},\"potentialAction\":[{\"@type\":\"SearchAction\",\"target\":{\"@type\":\"EntryPoint\",\"urlTemplate\":\"https:\\\/\\\/winandofficews.com\\\/holland\\\/?s={search_term_string}\"},\"query-input\":{\"@type\":\"PropertyValueSpecification\",\"valueRequired\":true,\"valueName\":\"search_term_string\"}}],\"inLanguage\":\"fr-FR\"},{\"@type\":\"Organization\",\"@id\":\"https:\\\/\\\/winandofficews.com\\\/holland\\\/#organization\",\"name\":\"Holland\",\"url\":\"https:\\\/\\\/winandofficews.com\\\/holland\\\/\",\"logo\":{\"@type\":\"ImageObject\",\"inLanguage\":\"fr-FR\",\"@id\":\"https:\\\/\\\/winandofficews.com\\\/holland\\\/#\\\/schema\\\/logo\\\/image\\\/\",\"url\":\"https:\\\/\\\/winandofficews.com\\\/holland\\\/wp-content\\\/uploads\\\/sites\\\/25\\\/logo14.png\",\"contentUrl\":\"https:\\\/\\\/winandofficews.com\\\/holland\\\/wp-content\\\/uploads\\\/sites\\\/25\\\/logo14.png\",\"width\":322,\"height\":116,\"caption\":\"Holland\"},\"image\":{\"@id\":\"https:\\\/\\\/winandofficews.com\\\/holland\\\/#\\\/schema\\\/logo\\\/image\\\/\"}}]}<\/script>\n<!-- \/ Yoast SEO plugin. -->","yoast_head_json":{"title":"Microsoft Windows 11 Professional + Microsoft Project 2024 Professional Licentie voor 3 pc\u2019s - Holland","robots":{"index":"index","follow":"follow","max-snippet":"max-snippet:-1","max-image-preview":"max-image-preview:large","max-video-preview":"max-video-preview:-1"},"canonical":"https:\/\/winandofficews.com\/holland\/fr\/produit\/microsoft-windows-11-professional-microsoft-project-2024-professional-licentie-voor-3-pcs\/","og_locale":"fr_FR","og_type":"article","og_title":"Microsoft Windows 11 Professional + Microsoft Project 2024 Professional Licentie voor 3 pc\u2019s - Holland","og_description":"Microsoft Project 2024 Professional Licentie voor 3 pc's  Microsoft Windows 11 Pro Licentie voor 3 pc's  Met deze licentie kan de software op 3 verschillende apparaten worden geactiveerd, bijvoorbeeld thuis-pc, notebook en werk-pc  Versies voor 64-bits systemen beschikbaar  E-mailbezorging: productsleutel, instructies, downloadlinks, factuur  Direct downloaden!  Geen tijdslimiet, geen abonnement  Gratis ondersteuning tijdens installatie en activering  Niet beschikbaar op fysieke media (USB, cd, enz.)  Activering online en telefonisch   Dit product is compatibel met Microsoft Windows.  NIET compatibel met Apple macOS\u2122, Apple-processors, Parallels voor Mac, Android-apparaten en Chromebooks.","og_url":"https:\/\/winandofficews.com\/holland\/fr\/produit\/microsoft-windows-11-professional-microsoft-project-2024-professional-licentie-voor-3-pcs\/","og_site_name":"Holland","article_modified_time":"2026-04-03T09:53:46+00:00","twitter_card":"summary_large_image","twitter_misc":{"Dur\u00e9e de lecture estim\u00e9e":"3 minutes"},"schema":{"@context":"https:\/\/schema.org","@graph":[{"@type":"WebPage","@id":"https:\/\/winandofficews.com\/holland\/product\/microsoft-windows-11-professional-microsoft-project-2024-professional-licentie-voor-3-pcs\/","url":"https:\/\/winandofficews.com\/holland\/product\/microsoft-windows-11-professional-microsoft-project-2024-professional-licentie-voor-3-pcs\/","name":"Microsoft Windows 11 Professional + Microsoft Project 2024 Professional Licentie voor 3 pc\u2019s - Holland","isPartOf":{"@id":"https:\/\/winandofficews.com\/holland\/#website"},"primaryImageOfPage":{"@id":"https:\/\/winandofficews.com\/holland\/product\/microsoft-windows-11-professional-microsoft-project-2024-professional-licentie-voor-3-pcs\/#primaryimage"},"image":{"@id":"https:\/\/winandofficews.com\/holland\/product\/microsoft-windows-11-professional-microsoft-project-2024-professional-licentie-voor-3-pcs\/#primaryimage"},"thumbnailUrl":"https:\/\/winandofficews.com\/holland\/wp-content\/uploads\/W11PP24P.png","datePublished":"2025-06-21T06:11:04+00:00","dateModified":"2026-04-03T09:53:46+00:00","breadcrumb":{"@id":"https:\/\/winandofficews.com\/holland\/product\/microsoft-windows-11-professional-microsoft-project-2024-professional-licentie-voor-3-pcs\/#breadcrumb"},"inLanguage":"fr-FR","potentialAction":[{"@type":"ReadAction","target":["https:\/\/winandofficews.com\/holland\/product\/microsoft-windows-11-professional-microsoft-project-2024-professional-licentie-voor-3-pcs\/"]}]},{"@type":"ImageObject","inLanguage":"fr-FR","@id":"https:\/\/winandofficews.com\/holland\/product\/microsoft-windows-11-professional-microsoft-project-2024-professional-licentie-voor-3-pcs\/#primaryimage","url":"https:\/\/winandofficews.com\/holland\/wp-content\/uploads\/W11PP24P.png","contentUrl":"https:\/\/winandofficews.com\/holland\/wp-content\/uploads\/W11PP24P.png"},{"@type":"BreadcrumbList","@id":"https:\/\/winandofficews.com\/holland\/product\/microsoft-windows-11-professional-microsoft-project-2024-professional-licentie-voor-3-pcs\/#breadcrumb","itemListElement":[{"@type":"ListItem","position":1,"name":"Home","item":"https:\/\/winandofficews.com\/holland\/"},{"@type":"ListItem","position":2,"name":"Shop","item":"https:\/\/winandofficews.com\/holland\/shop\/"},{"@type":"ListItem","position":3,"name":"Microsoft Windows 11 Professional + Microsoft Project 2024 Professional Licentie voor 3 pc\u2019s"}]},{"@type":"WebSite","@id":"https:\/\/winandofficews.com\/holland\/#website","url":"https:\/\/winandofficews.com\/holland\/","name":"Pays-Bas","description":"Wholesales Store of Office","publisher":{"@id":"https:\/\/winandofficews.com\/holland\/#organization"},"potentialAction":[{"@type":"SearchAction","target":{"@type":"EntryPoint","urlTemplate":"https:\/\/winandofficews.com\/holland\/?s={search_term_string}"},"query-input":{"@type":"PropertyValueSpecification","valueRequired":true,"valueName":"search_term_string"}}],"inLanguage":"fr-FR"},{"@type":"Organization","@id":"https:\/\/winandofficews.com\/holland\/#organization","name":"Pays-Bas","url":"https:\/\/winandofficews.com\/holland\/","logo":{"@type":"ImageObject","inLanguage":"fr-FR","@id":"https:\/\/winandofficews.com\/holland\/#\/schema\/logo\/image\/","url":"https:\/\/winandofficews.com\/holland\/wp-content\/uploads\/sites\/25\/logo14.png","contentUrl":"https:\/\/winandofficews.com\/holland\/wp-content\/uploads\/sites\/25\/logo14.png","width":322,"height":116,"caption":"Holland"},"image":{"@id":"https:\/\/winandofficews.com\/holland\/#\/schema\/logo\/image\/"}}]}},"_links":{"self":[{"href":"https:\/\/winandofficews.com\/holland\/fr\/wp-json\/wp\/v2\/product\/87447","targetHints":{"allow":["GET"]}}],"collection":[{"href":"https:\/\/winandofficews.com\/holland\/fr\/wp-json\/wp\/v2\/product"}],"about":[{"href":"https:\/\/winandofficews.com\/holland\/fr\/wp-json\/wp\/v2\/types\/product"}],"replies":[{"embeddable":true,"href":"https:\/\/winandofficews.com\/holland\/fr\/wp-json\/wp\/v2\/comments?post=87447"}],"wp:featuredmedia":[{"embeddable":true,"href":"https:\/\/winandofficews.com\/holland\/fr\/wp-json\/"}],"wp:attachment":[{"href":"https:\/\/winandofficews.com\/holland\/fr\/wp-json\/wp\/v2\/media?parent=87447"}],"wp:term":[{"taxonomy":"product_brand","embeddable":true,"href":"https:\/\/winandofficews.com\/holland\/fr\/wp-json\/wp\/v2\/product_brand?post=87447"},{"taxonomy":"product_cat","embeddable":true,"href":"https:\/\/winandofficews.com\/holland\/fr\/wp-json\/wp\/v2\/product_cat?post=87447"},{"taxonomy":"product_tag","embeddable":true,"href":"https:\/\/winandofficews.com\/holland\/fr\/wp-json\/wp\/v2\/product_tag?post=87447"}],"curies":[{"name":"wp","href":"https:\/\/api.w.org\/{rel}","templated":true}]}}