{"id":87423,"date":"2025-06-21T08:10:41","date_gmt":"2025-06-21T06:10:41","guid":{"rendered":"https:\/\/winandofficews.com\/holland\/?post_type=product&#038;p=87423"},"modified":"2026-04-03T11:53:39","modified_gmt":"2026-04-03T09:53:39","slug":"microsoft-office-2024-professional-plus-licentie-voor-3-pcs","status":"publish","type":"product","link":"https:\/\/winandofficews.com\/holland\/fr\/produit\/microsoft-office-2024-professional-plus-licentie-voor-3-pcs\/","title":{"rendered":"Microsoft Office 2024 Licence professionnelle plus pour 3 PC"},"content":{"rendered":"<h3><strong>Microsoft Office 2024 Professional Plus<\/strong><\/h3>\n<div style=\"margin-bottom: 15px\"><strong>Avec cette licence, le logiciel peut \u00eatre activ\u00e9 sur 3 appareils diff\u00e9rents, par exemple le PC domestique, l'ordinateur portable et le PC professionnel.<\/strong><\/div>\n<div style=\"margin-bottom: 15px\">Les utilisateurs de Microsoft Office qui utilisent une gamme compl\u00e8te d'applications \u00e0 la maison ou au bureau sont bien avis\u00e9s avec le Microsoft Office 2024 Professional Plus Edition. Tous les principaux programmes sont inclus : Word, Excel, Outlook, PowerPoint et Access (Publisher n'est plus inclus car il ne sera plus disponible en 2026). OneNote peut d\u00e9sormais \u00eatre t\u00e9l\u00e9charg\u00e9 \u00e0 partir de la boutique Microsoft Windows, ce qui vous permet de prendre rapidement des notes et de les rendre disponibles sur tous les appareils via le nuage. En raison de son large \u00e9ventail de programmes diff\u00e9rents, la version Professional Plus s'adresse principalement aux personnes qui travaillent \u00e0 domicile ou au bureau, ou qui recherchent une solution bureautique puissante et fiable pour organiser des documents, des tableaux, etc.<\/div>\n<ul>\n<li><strong>Devenir<\/strong>Les avantages de ce logiciel sont nombreux : il permet de cr\u00e9er en un rien de temps des documents textuels de qualit\u00e9 professionnelle.<\/li>\n<li><strong>Excel<\/strong>: Feuille de calcul intelligente pour la gestion de l'information.<\/li>\n<li><strong>PowerPoint<\/strong>Les pr\u00e9sentations dynamiques : cr\u00e9er des pr\u00e9sentations dynamiques et impressionnantes.<\/li>\n<li><strong>OneNote<\/strong>: Votre carnet de notes num\u00e9rique.<\/li>\n<li><strong>Perspectives<\/strong>: La communication en toute simplicit\u00e9.<\/li>\n<li><strong>Acc\u00e8s<\/strong>Programmation de bases de donn\u00e9es pour les applications bas\u00e9es sur les navigateurs<\/li>\n<\/ul>\n<p><strong>Remarque importante :<\/strong> <strong>Les \u00e9quipes<\/strong> est <strong>PAS<\/strong> inclus dans cette version de Office !<\/p>\n<div>\n<p><strong>Syst\u00e8me d'exploitation requis : Microsoft Windows 10 ou 11<\/strong><\/p>\n<p>Soutien :<br \/>\nPour toute question, vous pouvez toujours <a href=\"mailto:holland@winandofficews.com\">par courrier \u00e9lectronique<\/a> nous contacter. Notre service client\u00e8le est disponible 7 jours par semaine et 24 heures par jour.<\/p>\n<\/div>\n<p>&nbsp;<\/p>","protected":false},"excerpt":{"rendered":"<ul>\n<li>Microsoft Office 2024 Licence professionnelle plus pour 3 appareils<\/li>\n<li><strong>Avec cette licence, le logiciel peut \u00eatre activ\u00e9 sur 3 appareils diff\u00e9rents, par exemple le PC domestique, l'ordinateur portable et le PC professionnel.<\/strong><\/li>\n<li>Version pour syst\u00e8mes 32 et 64 bits, versions compl\u00e8tes et illimit\u00e9es du logiciel <strong>par un partenaire certifi\u00e9 Microsoft Gold<\/strong><\/li>\n<li><strong>Garantie de remboursement \u00e0 vie !<\/strong><\/li>\n<li>Livraison par e-mail : cl\u00e9 de produit, instructions, liens de t\u00e9l\u00e9chargement, facture<\/li>\n<li>T\u00e9l\u00e9charger imm\u00e9diatement !<\/li>\n<li>Pas de limite de temps, pas d'abonnement<\/li>\n<li>Assistance gratuite 24\/7 pendant l'installation et l'activation<\/li>\n<li>Non disponible sur support physique (USB, CD, etc.)<\/li>\n<li>Activation en ligne et par t\u00e9l\u00e9phone<\/li>\n<li>Langues : anglais, espagnol, italien, allemand, fran\u00e7ais<\/li>\n<li><strong><span style=\"color: #008000\"> Ce produit est compatible avec Microsoft Windows.<\/span><\/strong><\/li>\n<li><strong><span style=\"color: #ff0000\">NON compatible avec Apple macOS\u2122, les processeurs Apple, Parallels pour Mac, les appareils Android et les Chromebooks.<\/span><\/strong><\/li>\n<\/ul>","protected":false},"featured_media":1000008069,"comment_status":"closed","ping_status":"closed","template":"","meta":{"_acf_changed":false},"product_brand":[],"product_cat":[155,249,314],"product_tag":[264,317],"class_list":{"0":"post-87423","1":"product","2":"type-product","3":"status-publish","4":"has-post-thumbnail","6":"product_cat-microsoft-office","7":"product_cat-249","8":"product_cat-office-2024","9":"product_tag-microsoft-office-2024-professional-plus","10":"product_tag-microsoft-office-2024-professional-plus-licentie-voor-3-pcs","12":"first","13":"instock","14":"sale","15":"virtual","16":"taxable","17":"purchasable","18":"product-type-simple"},"acf":[],"yoast_head":"<!-- This site is optimized with the Yoast SEO plugin v27.3 - https:\/\/yoast.com\/product\/yoast-seo-wordpress\/ -->\n<title>Microsoft Office 2024 Professional Plus licentie voor 3 PC&#039;s - Holland<\/title>\n<meta name=\"robots\" content=\"index, follow, max-snippet:-1, max-image-preview:large, max-video-preview:-1\" \/>\n<link rel=\"canonical\" href=\"https:\/\/winandofficews.com\/holland\/fr\/produit\/microsoft-office-2024-professional-plus-licentie-voor-3-pcs\/\" \/>\n<meta property=\"og:locale\" content=\"fr_FR\" \/>\n<meta property=\"og:type\" content=\"article\" \/>\n<meta property=\"og:title\" content=\"Microsoft Office 2024 Professional Plus licentie voor 3 PC&#039;s - Holland\" \/>\n<meta property=\"og:description\" content=\"Microsoft Office 2024 Professional Plus licentie voor 3 apparaten  Met deze licentie kan de software op 3 verschillende apparaten worden geactiveerd, bijv. thuis-pc, notebook en werk-pc.  Versie voor 32- en 64-bits systemen, volledige onbeperkte versies van software van gecertificeerde Microsoft Gold Partner  Levenslange geld-terug-garantie!  Levering per e-mail: productsleutel, instructies, downloadlinks, factuur  Direct downloaden!  Geen tijdslimiet, geen abonnement  Gratis ondersteuning 24\/7 tijdens installatie en activering  Niet beschikbaar op fysieke media (USB, CD, enz.)  Activering online en telefonisch  Talen: Engels, Spaans, Italiaans, Duits, Frans   Dit product is compatibel met Microsoft Windows.  NIET compatibel met Apple macOS\u2122, Apple-processors, Parallels voor Mac, Android-apparaten en Chromebooks.\" \/>\n<meta property=\"og:url\" content=\"https:\/\/winandofficews.com\/holland\/fr\/produit\/microsoft-office-2024-professional-plus-licentie-voor-3-pcs\/\" \/>\n<meta property=\"og:site_name\" content=\"Holland\" \/>\n<meta property=\"article:modified_time\" content=\"2026-04-03T09:53:39+00:00\" \/>\n<meta name=\"twitter:card\" content=\"summary_large_image\" \/>\n<meta name=\"twitter:label1\" content=\"Dur\u00e9e de lecture estim\u00e9e\" \/>\n\t<meta name=\"twitter:data1\" content=\"2 minutes\" \/>\n<script type=\"application\/ld+json\" class=\"yoast-schema-graph\">{\"@context\":\"https:\\\/\\\/schema.org\",\"@graph\":[{\"@type\":\"WebPage\",\"@id\":\"https:\\\/\\\/winandofficews.com\\\/holland\\\/product\\\/microsoft-office-2024-professional-plus-licentie-voor-3-pcs\\\/\",\"url\":\"https:\\\/\\\/winandofficews.com\\\/holland\\\/product\\\/microsoft-office-2024-professional-plus-licentie-voor-3-pcs\\\/\",\"name\":\"Microsoft Office 2024 Professional Plus licentie voor 3 PC's - Holland\",\"isPartOf\":{\"@id\":\"https:\\\/\\\/winandofficews.com\\\/holland\\\/#website\"},\"primaryImageOfPage\":{\"@id\":\"https:\\\/\\\/winandofficews.com\\\/holland\\\/product\\\/microsoft-office-2024-professional-plus-licentie-voor-3-pcs\\\/#primaryimage\"},\"image\":{\"@id\":\"https:\\\/\\\/winandofficews.com\\\/holland\\\/product\\\/microsoft-office-2024-professional-plus-licentie-voor-3-pcs\\\/#primaryimage\"},\"thumbnailUrl\":\"https:\\\/\\\/winandofficews.com\\\/holland\\\/wp-content\\\/uploads\\\/o24p-1.jpg\",\"datePublished\":\"2025-06-21T06:10:41+00:00\",\"dateModified\":\"2026-04-03T09:53:39+00:00\",\"breadcrumb\":{\"@id\":\"https:\\\/\\\/winandofficews.com\\\/holland\\\/product\\\/microsoft-office-2024-professional-plus-licentie-voor-3-pcs\\\/#breadcrumb\"},\"inLanguage\":\"fr-FR\",\"potentialAction\":[{\"@type\":\"ReadAction\",\"target\":[\"https:\\\/\\\/winandofficews.com\\\/holland\\\/product\\\/microsoft-office-2024-professional-plus-licentie-voor-3-pcs\\\/\"]}]},{\"@type\":\"ImageObject\",\"inLanguage\":\"fr-FR\",\"@id\":\"https:\\\/\\\/winandofficews.com\\\/holland\\\/product\\\/microsoft-office-2024-professional-plus-licentie-voor-3-pcs\\\/#primaryimage\",\"url\":\"https:\\\/\\\/winandofficews.com\\\/holland\\\/wp-content\\\/uploads\\\/o24p-1.jpg\",\"contentUrl\":\"https:\\\/\\\/winandofficews.com\\\/holland\\\/wp-content\\\/uploads\\\/o24p-1.jpg\"},{\"@type\":\"BreadcrumbList\",\"@id\":\"https:\\\/\\\/winandofficews.com\\\/holland\\\/product\\\/microsoft-office-2024-professional-plus-licentie-voor-3-pcs\\\/#breadcrumb\",\"itemListElement\":[{\"@type\":\"ListItem\",\"position\":1,\"name\":\"Home\",\"item\":\"https:\\\/\\\/winandofficews.com\\\/holland\\\/\"},{\"@type\":\"ListItem\",\"position\":2,\"name\":\"Shop\",\"item\":\"https:\\\/\\\/winandofficews.com\\\/holland\\\/shop\\\/\"},{\"@type\":\"ListItem\",\"position\":3,\"name\":\"Microsoft Office 2024 Professional Plus licentie voor 3 PC&#8217;s\"}]},{\"@type\":\"WebSite\",\"@id\":\"https:\\\/\\\/winandofficews.com\\\/holland\\\/#website\",\"url\":\"https:\\\/\\\/winandofficews.com\\\/holland\\\/\",\"name\":\"Holland\",\"description\":\"Wholesales Store of Office\",\"publisher\":{\"@id\":\"https:\\\/\\\/winandofficews.com\\\/holland\\\/#organization\"},\"potentialAction\":[{\"@type\":\"SearchAction\",\"target\":{\"@type\":\"EntryPoint\",\"urlTemplate\":\"https:\\\/\\\/winandofficews.com\\\/holland\\\/?s={search_term_string}\"},\"query-input\":{\"@type\":\"PropertyValueSpecification\",\"valueRequired\":true,\"valueName\":\"search_term_string\"}}],\"inLanguage\":\"fr-FR\"},{\"@type\":\"Organization\",\"@id\":\"https:\\\/\\\/winandofficews.com\\\/holland\\\/#organization\",\"name\":\"Holland\",\"url\":\"https:\\\/\\\/winandofficews.com\\\/holland\\\/\",\"logo\":{\"@type\":\"ImageObject\",\"inLanguage\":\"fr-FR\",\"@id\":\"https:\\\/\\\/winandofficews.com\\\/holland\\\/#\\\/schema\\\/logo\\\/image\\\/\",\"url\":\"https:\\\/\\\/winandofficews.com\\\/holland\\\/wp-content\\\/uploads\\\/sites\\\/25\\\/logo14.png\",\"contentUrl\":\"https:\\\/\\\/winandofficews.com\\\/holland\\\/wp-content\\\/uploads\\\/sites\\\/25\\\/logo14.png\",\"width\":322,\"height\":116,\"caption\":\"Holland\"},\"image\":{\"@id\":\"https:\\\/\\\/winandofficews.com\\\/holland\\\/#\\\/schema\\\/logo\\\/image\\\/\"}}]}<\/script>\n<!-- \/ Yoast SEO plugin. -->","yoast_head_json":{"title":"Microsoft Office 2024 Professional Plus licentie voor 3 PC's - Holland","robots":{"index":"index","follow":"follow","max-snippet":"max-snippet:-1","max-image-preview":"max-image-preview:large","max-video-preview":"max-video-preview:-1"},"canonical":"https:\/\/winandofficews.com\/holland\/fr\/produit\/microsoft-office-2024-professional-plus-licentie-voor-3-pcs\/","og_locale":"fr_FR","og_type":"article","og_title":"Microsoft Office 2024 Professional Plus licentie voor 3 PC's - Holland","og_description":"Microsoft Office 2024 Professional Plus licentie voor 3 apparaten  Met deze licentie kan de software op 3 verschillende apparaten worden geactiveerd, bijv. thuis-pc, notebook en werk-pc.  Versie voor 32- en 64-bits systemen, volledige onbeperkte versies van software van gecertificeerde Microsoft Gold Partner  Levenslange geld-terug-garantie!  Levering per e-mail: productsleutel, instructies, downloadlinks, factuur  Direct downloaden!  Geen tijdslimiet, geen abonnement  Gratis ondersteuning 24\/7 tijdens installatie en activering  Niet beschikbaar op fysieke media (USB, CD, enz.)  Activering online en telefonisch  Talen: Engels, Spaans, Italiaans, Duits, Frans   Dit product is compatibel met Microsoft Windows.  NIET compatibel met Apple macOS\u2122, Apple-processors, Parallels voor Mac, Android-apparaten en Chromebooks.","og_url":"https:\/\/winandofficews.com\/holland\/fr\/produit\/microsoft-office-2024-professional-plus-licentie-voor-3-pcs\/","og_site_name":"Holland","article_modified_time":"2026-04-03T09:53:39+00:00","twitter_card":"summary_large_image","twitter_misc":{"Dur\u00e9e de lecture estim\u00e9e":"2 minutes"},"schema":{"@context":"https:\/\/schema.org","@graph":[{"@type":"WebPage","@id":"https:\/\/winandofficews.com\/holland\/product\/microsoft-office-2024-professional-plus-licentie-voor-3-pcs\/","url":"https:\/\/winandofficews.com\/holland\/product\/microsoft-office-2024-professional-plus-licentie-voor-3-pcs\/","name":"Microsoft Office 2024 Professional Plus licentie voor 3 PC's - Holland","isPartOf":{"@id":"https:\/\/winandofficews.com\/holland\/#website"},"primaryImageOfPage":{"@id":"https:\/\/winandofficews.com\/holland\/product\/microsoft-office-2024-professional-plus-licentie-voor-3-pcs\/#primaryimage"},"image":{"@id":"https:\/\/winandofficews.com\/holland\/product\/microsoft-office-2024-professional-plus-licentie-voor-3-pcs\/#primaryimage"},"thumbnailUrl":"https:\/\/winandofficews.com\/holland\/wp-content\/uploads\/o24p-1.jpg","datePublished":"2025-06-21T06:10:41+00:00","dateModified":"2026-04-03T09:53:39+00:00","breadcrumb":{"@id":"https:\/\/winandofficews.com\/holland\/product\/microsoft-office-2024-professional-plus-licentie-voor-3-pcs\/#breadcrumb"},"inLanguage":"fr-FR","potentialAction":[{"@type":"ReadAction","target":["https:\/\/winandofficews.com\/holland\/product\/microsoft-office-2024-professional-plus-licentie-voor-3-pcs\/"]}]},{"@type":"ImageObject","inLanguage":"fr-FR","@id":"https:\/\/winandofficews.com\/holland\/product\/microsoft-office-2024-professional-plus-licentie-voor-3-pcs\/#primaryimage","url":"https:\/\/winandofficews.com\/holland\/wp-content\/uploads\/o24p-1.jpg","contentUrl":"https:\/\/winandofficews.com\/holland\/wp-content\/uploads\/o24p-1.jpg"},{"@type":"BreadcrumbList","@id":"https:\/\/winandofficews.com\/holland\/product\/microsoft-office-2024-professional-plus-licentie-voor-3-pcs\/#breadcrumb","itemListElement":[{"@type":"ListItem","position":1,"name":"Home","item":"https:\/\/winandofficews.com\/holland\/"},{"@type":"ListItem","position":2,"name":"Shop","item":"https:\/\/winandofficews.com\/holland\/shop\/"},{"@type":"ListItem","position":3,"name":"Microsoft Office 2024 Professional Plus licentie voor 3 PC&#8217;s"}]},{"@type":"WebSite","@id":"https:\/\/winandofficews.com\/holland\/#website","url":"https:\/\/winandofficews.com\/holland\/","name":"Pays-Bas","description":"Wholesales Store of Office","publisher":{"@id":"https:\/\/winandofficews.com\/holland\/#organization"},"potentialAction":[{"@type":"SearchAction","target":{"@type":"EntryPoint","urlTemplate":"https:\/\/winandofficews.com\/holland\/?s={search_term_string}"},"query-input":{"@type":"PropertyValueSpecification","valueRequired":true,"valueName":"search_term_string"}}],"inLanguage":"fr-FR"},{"@type":"Organization","@id":"https:\/\/winandofficews.com\/holland\/#organization","name":"Pays-Bas","url":"https:\/\/winandofficews.com\/holland\/","logo":{"@type":"ImageObject","inLanguage":"fr-FR","@id":"https:\/\/winandofficews.com\/holland\/#\/schema\/logo\/image\/","url":"https:\/\/winandofficews.com\/holland\/wp-content\/uploads\/sites\/25\/logo14.png","contentUrl":"https:\/\/winandofficews.com\/holland\/wp-content\/uploads\/sites\/25\/logo14.png","width":322,"height":116,"caption":"Holland"},"image":{"@id":"https:\/\/winandofficews.com\/holland\/#\/schema\/logo\/image\/"}}]}},"_links":{"self":[{"href":"https:\/\/winandofficews.com\/holland\/fr\/wp-json\/wp\/v2\/product\/87423","targetHints":{"allow":["GET"]}}],"collection":[{"href":"https:\/\/winandofficews.com\/holland\/fr\/wp-json\/wp\/v2\/product"}],"about":[{"href":"https:\/\/winandofficews.com\/holland\/fr\/wp-json\/wp\/v2\/types\/product"}],"replies":[{"embeddable":true,"href":"https:\/\/winandofficews.com\/holland\/fr\/wp-json\/wp\/v2\/comments?post=87423"}],"wp:featuredmedia":[{"embeddable":true,"href":"https:\/\/winandofficews.com\/holland\/fr\/wp-json\/"}],"wp:attachment":[{"href":"https:\/\/winandofficews.com\/holland\/fr\/wp-json\/wp\/v2\/media?parent=87423"}],"wp:term":[{"taxonomy":"product_brand","embeddable":true,"href":"https:\/\/winandofficews.com\/holland\/fr\/wp-json\/wp\/v2\/product_brand?post=87423"},{"taxonomy":"product_cat","embeddable":true,"href":"https:\/\/winandofficews.com\/holland\/fr\/wp-json\/wp\/v2\/product_cat?post=87423"},{"taxonomy":"product_tag","embeddable":true,"href":"https:\/\/winandofficews.com\/holland\/fr\/wp-json\/wp\/v2\/product_tag?post=87423"}],"curies":[{"name":"wp","href":"https:\/\/api.w.org\/{rel}","templated":true}]}}