{"id":87420,"date":"2025-06-21T08:10:41","date_gmt":"2025-06-21T06:10:41","guid":{"rendered":"https:\/\/winandofficews.com\/holland\/?post_type=product&#038;p=87420"},"modified":"2026-04-03T11:53:39","modified_gmt":"2026-04-03T09:53:39","slug":"microsoft-office-2024-professional-plus-microsoft-office-2016-professional-plus-voor-3-pcs","status":"publish","type":"product","link":"https:\/\/winandofficews.com\/holland\/fr\/produit\/microsoft-office-2024-professional-plus-microsoft-office-2016-professional-plus-voor-3-pcs\/","title":{"rendered":"Microsoft Office 2024 Professional Plus + Microsoft Office 2016 Professional Plus pour 3 PCs"},"content":{"rendered":"<h3><strong>Microsoft Office 2024 Professional Plus<\/strong><\/h3>\n<div style=\"margin-bottom: 15px\"><strong>Avec cette licence, le logiciel peut \u00eatre activ\u00e9 sur 3 appareils diff\u00e9rents, par exemple le PC domestique, l'ordinateur portable et le PC professionnel.<\/strong><\/div>\n<div style=\"margin-bottom: 15px\">Les utilisateurs de Microsoft Office qui utilisent une gamme compl\u00e8te d'applications \u00e0 la maison ou au bureau sont bien avis\u00e9s avec le Microsoft Office 2024 Professional Plus Edition. Tous les principaux programmes sont inclus : Word, Excel, Outlook, PowerPoint et Access (Publisher n'est plus inclus car il ne sera plus disponible en 2026). OneNote peut d\u00e9sormais \u00eatre t\u00e9l\u00e9charg\u00e9 \u00e0 partir de la boutique Microsoft Windows, ce qui vous permet de prendre rapidement des notes et de les rendre disponibles sur tous les appareils via le nuage. En raison de son large \u00e9ventail de programmes diff\u00e9rents, la version Professional Plus s'adresse principalement aux personnes qui travaillent \u00e0 domicile ou au bureau, ou qui recherchent une solution bureautique puissante et fiable pour organiser des documents, des tableaux, etc.<\/div>\n<ul>\n<li><strong>Devenir<\/strong>Les avantages de ce logiciel sont nombreux : il permet de cr\u00e9er en un rien de temps des documents textuels de qualit\u00e9 professionnelle.<\/li>\n<li><strong>Excel<\/strong>: Feuille de calcul intelligente pour la gestion de l'information.<\/li>\n<li><strong>PowerPoint<\/strong>Les pr\u00e9sentations dynamiques : cr\u00e9er des pr\u00e9sentations dynamiques et impressionnantes.<\/li>\n<li><strong>OneNote<\/strong>: Votre carnet de notes num\u00e9rique.<\/li>\n<li><strong>Perspectives<\/strong>: La communication en toute simplicit\u00e9.<\/li>\n<li><strong>Acc\u00e8s<\/strong>Programmation de bases de donn\u00e9es pour les applications bas\u00e9es sur les navigateurs<\/li>\n<\/ul>\n<p><strong>Remarque importante :<\/strong> <strong>Les \u00e9quipes<\/strong> est <strong>PAS<\/strong> inclus dans cette version de Office !<\/p>\n<div>\n<p><strong>Syst\u00e8me d'exploitation requis : Microsoft Windows 10 ou 11<\/strong><\/p>\n<\/div>\n<p>&nbsp;<\/p>\n<h3><strong>Microsoft Office 2016 Professionnel Plus<\/strong><\/h3>\n<p>Pour tous ceux qui ont besoin d'un ensemble d'outils robustes et fiables pour la maison ou le bureau, Microsoft Office 2016 Professional Plus Edition offre une solution compl\u00e8te. Tous les principaux programmes sont inclus : Word, Excel, Outlook, PowerPoint, Publisher et Access. OneNote est d\u00e9j\u00e0 disponible en t\u00e9l\u00e9chargement sur le Microsoft Windows Store, ce qui vous permet de prendre rapidement des notes et de les rendre disponibles sur tous les appareils via le cloud. Avec son large \u00e9ventail de programmes, la version Professional Plus s'adresse principalement aux personnes travaillant \u00e0 domicile, g\u00e9rant un bureau \u00e0 domicile ou recherchant une solution bureautique puissante et fiable pour l'organisation de documents, de feuilles de calcul, etc.<\/p>\n<p><strong>Principales caract\u00e9ristiques de Microsoft Office 2016 Professional Plus :<\/strong><\/p>\n<ul>\n<li><strong>Devenir<\/strong>: cr\u00e9ez des documents texte de qualit\u00e9 professionnelle en un rien de temps.<\/li>\n<li><strong>Excel<\/strong>: Feuille de calcul intelligente pour la gestion de l'information.<\/li>\n<li><strong>PowerPoint<\/strong>: cr\u00e9er des pr\u00e9sentations impressionnantes et dynamiques.<\/li>\n<li><strong>OneNote<\/strong>: votre carnet de notes num\u00e9rique.<\/li>\n<li><strong>Perspectives<\/strong>: la communication facilit\u00e9e.<\/li>\n<li><strong>\u00c9diteur<\/strong>Les publications professionnelles : Mise en page des publications professionnelles.<\/li>\n<li><strong>Acc\u00e8s<\/strong>La programmation des bases de donn\u00e9es pour les applications bas\u00e9es sur les navigateurs.<\/li>\n<li><strong>\u00c9quipes Microsoft<\/strong>: augmenter la productivit\u00e9 gr\u00e2ce \u00e0 la messagerie instantan\u00e9e et \u00e0 la vid\u00e9oconf\u00e9rence HD.<\/li>\n<\/ul>\n<hr \/>\n<p>Avec cette combinaison exclusive, vous b\u00e9n\u00e9ficiez du meilleur des deux versions de Microsoft Office, garantissant \u00e0 la fois la stabilit\u00e9 et la fiabilit\u00e9 de Microsoft Office 2016 et l'innovation et les nouvelles fonctionnalit\u00e9s de Microsoft Office 2024. Ne manquez pas l'occasion de vous mettre \u00e0 niveau et d'optimiser votre productivit\u00e9 !<\/p>\n<div id=\"simple-translate\" class=\"simple-translate-system-theme\">\n<div>\n<div class=\"simple-translate-button isShow\" style=\"height: 22px;width: 22px;top: 393px;left: 44px\"><\/div>\n<div class=\"simple-translate-panel\" style=\"width: 300px;height: 200px;top: 0px;left: 0px;font-size: 13px\">\n<div class=\"simple-translate-result-wrapper\" style=\"overflow: hidden\">\n<div class=\"simple-translate-move\"><\/div>\n<div class=\"simple-translate-result-contents\">\n<p class=\"simple-translate-candidate\" dir=\"auto\">\n<p>Soutien :<br \/>\nPour toute question, vous pouvez toujours <a href=\"mailto:holland@winandofficews.com\">par courrier \u00e9lectronique<\/a> nous contacter. Notre service client\u00e8le est disponible 7 jours par semaine et 24 heures par jour.<\/p>\n<\/div>\n<\/div>\n<\/div>\n<\/div>\n<\/div>","protected":false},"excerpt":{"rendered":"<ul>\n<li>Microsoft Office 2024 Licence professionnelle plus pour 3 appareils<\/li>\n<li>Microsoft Office 2016 Professional Plus licence pour 3 appareils<\/li>\n<li><strong>Avec cette licence, le logiciel peut \u00eatre activ\u00e9 sur 3 appareils diff\u00e9rents, par exemple le PC domestique, l'ordinateur portable et le PC professionnel.<\/strong><\/li>\n<li>Version pour syst\u00e8mes 32 et 64 bits, versions compl\u00e8tes et illimit\u00e9es du logiciel <strong>par un partenaire certifi\u00e9 Microsoft Gold<\/strong><\/li>\n<li><strong>Garantie de remboursement \u00e0 vie !<\/strong><\/li>\n<li>Livraison par e-mail : cl\u00e9 de produit, instructions, liens de t\u00e9l\u00e9chargement, facture<\/li>\n<li>T\u00e9l\u00e9charger imm\u00e9diatement !<\/li>\n<li>Pas de limite de temps, pas d'abonnement<\/li>\n<li>Assistance gratuite 24\/7 pendant l'installation et l'activation<\/li>\n<li>Non disponible sur support physique (USB, CD, etc.)<\/li>\n<li>Activation en ligne et par t\u00e9l\u00e9phone<\/li>\n<li>Langues : anglais, espagnol, italien, allemand, fran\u00e7ais<\/li>\n<li><strong><span style=\"color: #008000\"> Ce produit est compatible avec Microsoft Windows.<\/span><\/strong><\/li>\n<li><strong><span style=\"color: #ff0000\">NON compatible avec Apple macOS\u2122, les processeurs Apple, Parallels pour Mac, les appareils Android et les Chromebooks.<\/span><\/strong><\/li>\n<\/ul>","protected":false},"featured_media":1000008060,"comment_status":"closed","ping_status":"closed","template":"","meta":{"_acf_changed":false},"product_brand":[],"product_cat":[155,314,249],"product_tag":[],"class_list":{"0":"post-87420","1":"product","2":"type-product","3":"status-publish","4":"has-post-thumbnail","6":"product_cat-microsoft-office","7":"product_cat-office-2024","8":"product_cat-249","10":"first","11":"instock","12":"featured","13":"virtual","14":"taxable","15":"purchasable","16":"product-type-simple"},"acf":[],"yoast_head":"<!-- This site is optimized with the Yoast SEO plugin v27.3 - https:\/\/yoast.com\/product\/yoast-seo-wordpress\/ -->\n<title>Microsoft Office 2024 Professional Plus + Microsoft Office 2016 Professional Plus voor 3 PC&#039;s - Holland<\/title>\n<meta name=\"robots\" content=\"index, follow, max-snippet:-1, max-image-preview:large, max-video-preview:-1\" \/>\n<link rel=\"canonical\" href=\"https:\/\/winandofficews.com\/holland\/fr\/produit\/microsoft-office-2024-professional-plus-microsoft-office-2016-professional-plus-voor-3-pcs\/\" \/>\n<meta property=\"og:locale\" content=\"fr_FR\" \/>\n<meta property=\"og:type\" content=\"article\" \/>\n<meta property=\"og:title\" content=\"Microsoft Office 2024 Professional Plus + Microsoft Office 2016 Professional Plus voor 3 PC&#039;s - Holland\" \/>\n<meta property=\"og:description\" content=\"Microsoft Office 2024 Professional Plus licentie voor 3 apparaten  Microsoft Office 2016 Professional Plus licentie voor 3 apparaten  Met deze licentie kan de software op 3 verschillende apparaten worden geactiveerd, bijv. thuis-pc, notebook en werk-pc.  Versie voor 32- en 64-bits systemen, volledige onbeperkte versies van software van gecertificeerde Microsoft Gold Partner  Levenslange geld-terug-garantie!  Levering per e-mail: productsleutel, instructies, downloadlinks, factuur  Direct downloaden!  Geen tijdslimiet, geen abonnement  Gratis ondersteuning 24\/7 tijdens installatie en activering  Niet beschikbaar op fysieke media (USB, CD, enz.)  Activering online en telefonisch  Talen: Engels, Spaans, Italiaans, Duits, Frans   Dit product is compatibel met Microsoft Windows.  NIET compatibel met Apple macOS\u2122, Apple-processors, Parallels voor Mac, Android-apparaten en Chromebooks.\" \/>\n<meta property=\"og:url\" content=\"https:\/\/winandofficews.com\/holland\/fr\/produit\/microsoft-office-2024-professional-plus-microsoft-office-2016-professional-plus-voor-3-pcs\/\" \/>\n<meta property=\"og:site_name\" content=\"Holland\" \/>\n<meta property=\"article:modified_time\" content=\"2026-04-03T09:53:39+00:00\" \/>\n<meta name=\"twitter:card\" content=\"summary_large_image\" \/>\n<meta name=\"twitter:label1\" content=\"Dur\u00e9e de lecture estim\u00e9e\" \/>\n\t<meta name=\"twitter:data1\" content=\"3 minutes\" \/>\n<script type=\"application\/ld+json\" class=\"yoast-schema-graph\">{\"@context\":\"https:\\\/\\\/schema.org\",\"@graph\":[{\"@type\":\"WebPage\",\"@id\":\"https:\\\/\\\/winandofficews.com\\\/holland\\\/product\\\/microsoft-office-2024-professional-plus-microsoft-office-2016-professional-plus-voor-3-pcs\\\/\",\"url\":\"https:\\\/\\\/winandofficews.com\\\/holland\\\/product\\\/microsoft-office-2024-professional-plus-microsoft-office-2016-professional-plus-voor-3-pcs\\\/\",\"name\":\"Microsoft Office 2024 Professional Plus + Microsoft Office 2016 Professional Plus voor 3 PC's - Holland\",\"isPartOf\":{\"@id\":\"https:\\\/\\\/winandofficews.com\\\/holland\\\/#website\"},\"primaryImageOfPage\":{\"@id\":\"https:\\\/\\\/winandofficews.com\\\/holland\\\/product\\\/microsoft-office-2024-professional-plus-microsoft-office-2016-professional-plus-voor-3-pcs\\\/#primaryimage\"},\"image\":{\"@id\":\"https:\\\/\\\/winandofficews.com\\\/holland\\\/product\\\/microsoft-office-2024-professional-plus-microsoft-office-2016-professional-plus-voor-3-pcs\\\/#primaryimage\"},\"thumbnailUrl\":\"https:\\\/\\\/winandofficews.com\\\/holland\\\/wp-content\\\/uploads\\\/off16-off24.png\",\"datePublished\":\"2025-06-21T06:10:41+00:00\",\"dateModified\":\"2026-04-03T09:53:39+00:00\",\"breadcrumb\":{\"@id\":\"https:\\\/\\\/winandofficews.com\\\/holland\\\/product\\\/microsoft-office-2024-professional-plus-microsoft-office-2016-professional-plus-voor-3-pcs\\\/#breadcrumb\"},\"inLanguage\":\"fr-FR\",\"potentialAction\":[{\"@type\":\"ReadAction\",\"target\":[\"https:\\\/\\\/winandofficews.com\\\/holland\\\/product\\\/microsoft-office-2024-professional-plus-microsoft-office-2016-professional-plus-voor-3-pcs\\\/\"]}]},{\"@type\":\"ImageObject\",\"inLanguage\":\"fr-FR\",\"@id\":\"https:\\\/\\\/winandofficews.com\\\/holland\\\/product\\\/microsoft-office-2024-professional-plus-microsoft-office-2016-professional-plus-voor-3-pcs\\\/#primaryimage\",\"url\":\"https:\\\/\\\/winandofficews.com\\\/holland\\\/wp-content\\\/uploads\\\/off16-off24.png\",\"contentUrl\":\"https:\\\/\\\/winandofficews.com\\\/holland\\\/wp-content\\\/uploads\\\/off16-off24.png\"},{\"@type\":\"BreadcrumbList\",\"@id\":\"https:\\\/\\\/winandofficews.com\\\/holland\\\/product\\\/microsoft-office-2024-professional-plus-microsoft-office-2016-professional-plus-voor-3-pcs\\\/#breadcrumb\",\"itemListElement\":[{\"@type\":\"ListItem\",\"position\":1,\"name\":\"Home\",\"item\":\"https:\\\/\\\/winandofficews.com\\\/holland\\\/\"},{\"@type\":\"ListItem\",\"position\":2,\"name\":\"Shop\",\"item\":\"https:\\\/\\\/winandofficews.com\\\/holland\\\/shop\\\/\"},{\"@type\":\"ListItem\",\"position\":3,\"name\":\"Microsoft Office 2024 Professional Plus + Microsoft Office 2016 Professional Plus voor 3 PC&#8217;s\"}]},{\"@type\":\"WebSite\",\"@id\":\"https:\\\/\\\/winandofficews.com\\\/holland\\\/#website\",\"url\":\"https:\\\/\\\/winandofficews.com\\\/holland\\\/\",\"name\":\"Holland\",\"description\":\"Wholesales Store of Office\",\"publisher\":{\"@id\":\"https:\\\/\\\/winandofficews.com\\\/holland\\\/#organization\"},\"potentialAction\":[{\"@type\":\"SearchAction\",\"target\":{\"@type\":\"EntryPoint\",\"urlTemplate\":\"https:\\\/\\\/winandofficews.com\\\/holland\\\/?s={search_term_string}\"},\"query-input\":{\"@type\":\"PropertyValueSpecification\",\"valueRequired\":true,\"valueName\":\"search_term_string\"}}],\"inLanguage\":\"fr-FR\"},{\"@type\":\"Organization\",\"@id\":\"https:\\\/\\\/winandofficews.com\\\/holland\\\/#organization\",\"name\":\"Holland\",\"url\":\"https:\\\/\\\/winandofficews.com\\\/holland\\\/\",\"logo\":{\"@type\":\"ImageObject\",\"inLanguage\":\"fr-FR\",\"@id\":\"https:\\\/\\\/winandofficews.com\\\/holland\\\/#\\\/schema\\\/logo\\\/image\\\/\",\"url\":\"https:\\\/\\\/winandofficews.com\\\/holland\\\/wp-content\\\/uploads\\\/sites\\\/25\\\/logo14.png\",\"contentUrl\":\"https:\\\/\\\/winandofficews.com\\\/holland\\\/wp-content\\\/uploads\\\/sites\\\/25\\\/logo14.png\",\"width\":322,\"height\":116,\"caption\":\"Holland\"},\"image\":{\"@id\":\"https:\\\/\\\/winandofficews.com\\\/holland\\\/#\\\/schema\\\/logo\\\/image\\\/\"}}]}<\/script>\n<!-- \/ Yoast SEO plugin. -->","yoast_head_json":{"title":"Microsoft Office 2024 Professional Plus + Microsoft Office 2016 Professional Plus voor 3 PC's - Holland","robots":{"index":"index","follow":"follow","max-snippet":"max-snippet:-1","max-image-preview":"max-image-preview:large","max-video-preview":"max-video-preview:-1"},"canonical":"https:\/\/winandofficews.com\/holland\/fr\/produit\/microsoft-office-2024-professional-plus-microsoft-office-2016-professional-plus-voor-3-pcs\/","og_locale":"fr_FR","og_type":"article","og_title":"Microsoft Office 2024 Professional Plus + Microsoft Office 2016 Professional Plus voor 3 PC's - Holland","og_description":"Microsoft Office 2024 Professional Plus licentie voor 3 apparaten  Microsoft Office 2016 Professional Plus licentie voor 3 apparaten  Met deze licentie kan de software op 3 verschillende apparaten worden geactiveerd, bijv. thuis-pc, notebook en werk-pc.  Versie voor 32- en 64-bits systemen, volledige onbeperkte versies van software van gecertificeerde Microsoft Gold Partner  Levenslange geld-terug-garantie!  Levering per e-mail: productsleutel, instructies, downloadlinks, factuur  Direct downloaden!  Geen tijdslimiet, geen abonnement  Gratis ondersteuning 24\/7 tijdens installatie en activering  Niet beschikbaar op fysieke media (USB, CD, enz.)  Activering online en telefonisch  Talen: Engels, Spaans, Italiaans, Duits, Frans   Dit product is compatibel met Microsoft Windows.  NIET compatibel met Apple macOS\u2122, Apple-processors, Parallels voor Mac, Android-apparaten en Chromebooks.","og_url":"https:\/\/winandofficews.com\/holland\/fr\/produit\/microsoft-office-2024-professional-plus-microsoft-office-2016-professional-plus-voor-3-pcs\/","og_site_name":"Holland","article_modified_time":"2026-04-03T09:53:39+00:00","twitter_card":"summary_large_image","twitter_misc":{"Dur\u00e9e de lecture estim\u00e9e":"3 minutes"},"schema":{"@context":"https:\/\/schema.org","@graph":[{"@type":"WebPage","@id":"https:\/\/winandofficews.com\/holland\/product\/microsoft-office-2024-professional-plus-microsoft-office-2016-professional-plus-voor-3-pcs\/","url":"https:\/\/winandofficews.com\/holland\/product\/microsoft-office-2024-professional-plus-microsoft-office-2016-professional-plus-voor-3-pcs\/","name":"Microsoft Office 2024 Professional Plus + Microsoft Office 2016 Professional Plus voor 3 PC's - Holland","isPartOf":{"@id":"https:\/\/winandofficews.com\/holland\/#website"},"primaryImageOfPage":{"@id":"https:\/\/winandofficews.com\/holland\/product\/microsoft-office-2024-professional-plus-microsoft-office-2016-professional-plus-voor-3-pcs\/#primaryimage"},"image":{"@id":"https:\/\/winandofficews.com\/holland\/product\/microsoft-office-2024-professional-plus-microsoft-office-2016-professional-plus-voor-3-pcs\/#primaryimage"},"thumbnailUrl":"https:\/\/winandofficews.com\/holland\/wp-content\/uploads\/off16-off24.png","datePublished":"2025-06-21T06:10:41+00:00","dateModified":"2026-04-03T09:53:39+00:00","breadcrumb":{"@id":"https:\/\/winandofficews.com\/holland\/product\/microsoft-office-2024-professional-plus-microsoft-office-2016-professional-plus-voor-3-pcs\/#breadcrumb"},"inLanguage":"fr-FR","potentialAction":[{"@type":"ReadAction","target":["https:\/\/winandofficews.com\/holland\/product\/microsoft-office-2024-professional-plus-microsoft-office-2016-professional-plus-voor-3-pcs\/"]}]},{"@type":"ImageObject","inLanguage":"fr-FR","@id":"https:\/\/winandofficews.com\/holland\/product\/microsoft-office-2024-professional-plus-microsoft-office-2016-professional-plus-voor-3-pcs\/#primaryimage","url":"https:\/\/winandofficews.com\/holland\/wp-content\/uploads\/off16-off24.png","contentUrl":"https:\/\/winandofficews.com\/holland\/wp-content\/uploads\/off16-off24.png"},{"@type":"BreadcrumbList","@id":"https:\/\/winandofficews.com\/holland\/product\/microsoft-office-2024-professional-plus-microsoft-office-2016-professional-plus-voor-3-pcs\/#breadcrumb","itemListElement":[{"@type":"ListItem","position":1,"name":"Home","item":"https:\/\/winandofficews.com\/holland\/"},{"@type":"ListItem","position":2,"name":"Shop","item":"https:\/\/winandofficews.com\/holland\/shop\/"},{"@type":"ListItem","position":3,"name":"Microsoft Office 2024 Professional Plus + Microsoft Office 2016 Professional Plus voor 3 PC&#8217;s"}]},{"@type":"WebSite","@id":"https:\/\/winandofficews.com\/holland\/#website","url":"https:\/\/winandofficews.com\/holland\/","name":"Pays-Bas","description":"Wholesales Store of Office","publisher":{"@id":"https:\/\/winandofficews.com\/holland\/#organization"},"potentialAction":[{"@type":"SearchAction","target":{"@type":"EntryPoint","urlTemplate":"https:\/\/winandofficews.com\/holland\/?s={search_term_string}"},"query-input":{"@type":"PropertyValueSpecification","valueRequired":true,"valueName":"search_term_string"}}],"inLanguage":"fr-FR"},{"@type":"Organization","@id":"https:\/\/winandofficews.com\/holland\/#organization","name":"Pays-Bas","url":"https:\/\/winandofficews.com\/holland\/","logo":{"@type":"ImageObject","inLanguage":"fr-FR","@id":"https:\/\/winandofficews.com\/holland\/#\/schema\/logo\/image\/","url":"https:\/\/winandofficews.com\/holland\/wp-content\/uploads\/sites\/25\/logo14.png","contentUrl":"https:\/\/winandofficews.com\/holland\/wp-content\/uploads\/sites\/25\/logo14.png","width":322,"height":116,"caption":"Holland"},"image":{"@id":"https:\/\/winandofficews.com\/holland\/#\/schema\/logo\/image\/"}}]}},"_links":{"self":[{"href":"https:\/\/winandofficews.com\/holland\/fr\/wp-json\/wp\/v2\/product\/87420","targetHints":{"allow":["GET"]}}],"collection":[{"href":"https:\/\/winandofficews.com\/holland\/fr\/wp-json\/wp\/v2\/product"}],"about":[{"href":"https:\/\/winandofficews.com\/holland\/fr\/wp-json\/wp\/v2\/types\/product"}],"replies":[{"embeddable":true,"href":"https:\/\/winandofficews.com\/holland\/fr\/wp-json\/wp\/v2\/comments?post=87420"}],"wp:featuredmedia":[{"embeddable":true,"href":"https:\/\/winandofficews.com\/holland\/fr\/wp-json\/"}],"wp:attachment":[{"href":"https:\/\/winandofficews.com\/holland\/fr\/wp-json\/wp\/v2\/media?parent=87420"}],"wp:term":[{"taxonomy":"product_brand","embeddable":true,"href":"https:\/\/winandofficews.com\/holland\/fr\/wp-json\/wp\/v2\/product_brand?post=87420"},{"taxonomy":"product_cat","embeddable":true,"href":"https:\/\/winandofficews.com\/holland\/fr\/wp-json\/wp\/v2\/product_cat?post=87420"},{"taxonomy":"product_tag","embeddable":true,"href":"https:\/\/winandofficews.com\/holland\/fr\/wp-json\/wp\/v2\/product_tag?post=87420"}],"curies":[{"name":"wp","href":"https:\/\/api.w.org\/{rel}","templated":true}]}}