{"id":87416,"date":"2025-06-21T08:10:40","date_gmt":"2025-06-21T06:10:40","guid":{"rendered":"https:\/\/winandofficews.com\/holland\/?post_type=product&#038;p=87416"},"modified":"2025-08-14T21:21:21","modified_gmt":"2025-08-14T19:21:21","slug":"microsoft-office-home-business-2019-mac","status":"publish","type":"product","link":"https:\/\/winandofficews.com\/holland\/fr\/produit\/microsoft-office-home-business-2019-mac\/","title":{"rendered":"Microsoft Office Home &amp; Business 2019 MAC"},"content":{"rendered":"<div>\n<h4>Microsoft Office Home &amp; Business 2019 MAC<\/h4>\n<p>Faites tout ce que vous avez \u00e0 faire avec Microsoft Office 2019 pour les particuliers et les ind\u00e9pendants pour Mac. Faites passer votre productivit\u00e9 au niveau sup\u00e9rieur avec la derni\u00e8re version des apps Microsoft Office classiques et de la messagerie \u00e9lectronique. Microsoft Office 2019 pour Mac est livr\u00e9 avec de nouveaux outils d'encre, types de donn\u00e9es, fonctionnalit\u00e9s, outils de traduction et d'\u00e9dition, animations graphiques et autres moyens innovants de travailler efficacement !<\/p>\n<p>Microsoft Office 2019, comme ses pr\u00e9d\u00e9cesseurs, est disponible en diff\u00e9rents packages, chacun adapt\u00e9 \u00e0 des besoins diff\u00e9rents. Que vous souhaitiez utiliser Microsoft Office \u00e0 des fins personnelles ou professionnelles, Microsoft a le forfait qu'il vous faut.<\/p>\n<p><strong>Soutien :<\/strong><br \/>\nPour toute question, vous pouvez toujours <a href=\"mailto:holland@winandofficews.com\">par courrier \u00e9lectronique<\/a> nous contacter. Notre service client\u00e8le est disponible 7 jours par semaine et 24 heures par jour.<\/p>\n<p>&nbsp;<\/p>\n<\/div>","protected":false},"excerpt":{"rendered":"<ul>\n<li><strong>Microsoft Office Home &amp; Business 2019 MAC<\/strong><\/li>\n<li>Envoi par e-mail : cl\u00e9 de produit, instructions, liens de t\u00e9l\u00e9chargement, facture<\/li>\n<li>T\u00e9l\u00e9charger imm\u00e9diatement !<\/li>\n<li>Pas de limite de temps, pas d'abonnement<\/li>\n<li>Assistance gratuite \u00e0 l'installation et \u00e0 l'activation<\/li>\n<li>Pas de livraison sur des supports de donn\u00e9es (USB, CD, etc.)<\/li>\n<li>Activation en ligne et par t\u00e9l\u00e9phone<\/li>\n<li><strong><span style=\"color: #008000;\"> Ce produit est compatible avec Apple macOS\u2122<\/span><\/strong><\/li>\n<li><strong><span style=\"color: #ff0000;\">NON compatible avec Microsoft Windows, les appareils Android et les Chromebooks.<\/span><\/strong><\/li>\n<\/ul>","protected":false},"featured_media":1000008032,"comment_status":"closed","ping_status":"closed","template":"","meta":{"_acf_changed":false},"product_brand":[],"product_cat":[254],"product_tag":[310,312],"class_list":{"0":"post-87416","1":"product","2":"type-product","3":"status-publish","4":"has-post-thumbnail","6":"product_cat-mac","7":"product_tag-microsoft-office-home-business","8":"product_tag-microsoft-office-home-business-2019-mac","10":"first","11":"instock","12":"virtual","13":"taxable","14":"purchasable","15":"product-type-simple"},"acf":[],"yoast_head":"<!-- This site is optimized with the Yoast SEO plugin v27.3 - https:\/\/yoast.com\/product\/yoast-seo-wordpress\/ -->\n<title>Microsoft Office Home &amp; Business 2019 MAC - Holland<\/title>\n<meta name=\"robots\" content=\"index, follow, max-snippet:-1, max-image-preview:large, max-video-preview:-1\" \/>\n<link rel=\"canonical\" href=\"https:\/\/winandofficews.com\/holland\/fr\/produit\/microsoft-office-home-business-2019-mac\/\" \/>\n<meta property=\"og:locale\" content=\"fr_FR\" \/>\n<meta property=\"og:type\" content=\"article\" \/>\n<meta property=\"og:title\" content=\"Microsoft Office Home &amp; Business 2019 MAC - Holland\" \/>\n<meta property=\"og:description\" content=\"Microsoft Office Home &amp; Business 2019 MAC  Per e-mail verzenden: productsleutel, instructies, downloadlinks, factuur  Direct downloaden!  Geen tijdslimiet, geen abonnement  Gratis ondersteuning bij installatie en activering  Geen levering op datadragers (USB, CD etc.)  Activering online en per telefoon   Dit product is compatibel met Apple macOS\u2122  NIET compatibel met Microsoft Windows, Android-apparaten en Chromebooks.\" \/>\n<meta property=\"og:url\" content=\"https:\/\/winandofficews.com\/holland\/fr\/produit\/microsoft-office-home-business-2019-mac\/\" \/>\n<meta property=\"og:site_name\" content=\"Holland\" \/>\n<meta property=\"article:modified_time\" content=\"2025-08-14T19:21:21+00:00\" \/>\n<meta name=\"twitter:card\" content=\"summary_large_image\" \/>\n<meta name=\"twitter:label1\" content=\"Dur\u00e9e de lecture estim\u00e9e\" \/>\n\t<meta name=\"twitter:data1\" content=\"1 minute\" \/>\n<script type=\"application\/ld+json\" class=\"yoast-schema-graph\">{\"@context\":\"https:\\\/\\\/schema.org\",\"@graph\":[{\"@type\":\"WebPage\",\"@id\":\"https:\\\/\\\/winandofficews.com\\\/holland\\\/product\\\/microsoft-office-home-business-2019-mac\\\/\",\"url\":\"https:\\\/\\\/winandofficews.com\\\/holland\\\/product\\\/microsoft-office-home-business-2019-mac\\\/\",\"name\":\"Microsoft Office Home &amp; Business 2019 MAC - Holland\",\"isPartOf\":{\"@id\":\"https:\\\/\\\/winandofficews.com\\\/holland\\\/#website\"},\"primaryImageOfPage\":{\"@id\":\"https:\\\/\\\/winandofficews.com\\\/holland\\\/product\\\/microsoft-office-home-business-2019-mac\\\/#primaryimage\"},\"image\":{\"@id\":\"https:\\\/\\\/winandofficews.com\\\/holland\\\/product\\\/microsoft-office-home-business-2019-mac\\\/#primaryimage\"},\"thumbnailUrl\":\"https:\\\/\\\/winandofficews.com\\\/holland\\\/wp-content\\\/uploads\\\/O19HB.png\",\"datePublished\":\"2025-06-21T06:10:40+00:00\",\"dateModified\":\"2025-08-14T19:21:21+00:00\",\"breadcrumb\":{\"@id\":\"https:\\\/\\\/winandofficews.com\\\/holland\\\/product\\\/microsoft-office-home-business-2019-mac\\\/#breadcrumb\"},\"inLanguage\":\"fr-FR\",\"potentialAction\":[{\"@type\":\"ReadAction\",\"target\":[\"https:\\\/\\\/winandofficews.com\\\/holland\\\/product\\\/microsoft-office-home-business-2019-mac\\\/\"]}]},{\"@type\":\"ImageObject\",\"inLanguage\":\"fr-FR\",\"@id\":\"https:\\\/\\\/winandofficews.com\\\/holland\\\/product\\\/microsoft-office-home-business-2019-mac\\\/#primaryimage\",\"url\":\"https:\\\/\\\/winandofficews.com\\\/holland\\\/wp-content\\\/uploads\\\/O19HB.png\",\"contentUrl\":\"https:\\\/\\\/winandofficews.com\\\/holland\\\/wp-content\\\/uploads\\\/O19HB.png\"},{\"@type\":\"BreadcrumbList\",\"@id\":\"https:\\\/\\\/winandofficews.com\\\/holland\\\/product\\\/microsoft-office-home-business-2019-mac\\\/#breadcrumb\",\"itemListElement\":[{\"@type\":\"ListItem\",\"position\":1,\"name\":\"Home\",\"item\":\"https:\\\/\\\/winandofficews.com\\\/holland\\\/\"},{\"@type\":\"ListItem\",\"position\":2,\"name\":\"Shop\",\"item\":\"https:\\\/\\\/winandofficews.com\\\/holland\\\/shop\\\/\"},{\"@type\":\"ListItem\",\"position\":3,\"name\":\"Microsoft Office Home &amp; Business 2019 MAC\"}]},{\"@type\":\"WebSite\",\"@id\":\"https:\\\/\\\/winandofficews.com\\\/holland\\\/#website\",\"url\":\"https:\\\/\\\/winandofficews.com\\\/holland\\\/\",\"name\":\"Holland\",\"description\":\"Wholesales Store of Office\",\"publisher\":{\"@id\":\"https:\\\/\\\/winandofficews.com\\\/holland\\\/#organization\"},\"potentialAction\":[{\"@type\":\"SearchAction\",\"target\":{\"@type\":\"EntryPoint\",\"urlTemplate\":\"https:\\\/\\\/winandofficews.com\\\/holland\\\/?s={search_term_string}\"},\"query-input\":{\"@type\":\"PropertyValueSpecification\",\"valueRequired\":true,\"valueName\":\"search_term_string\"}}],\"inLanguage\":\"fr-FR\"},{\"@type\":\"Organization\",\"@id\":\"https:\\\/\\\/winandofficews.com\\\/holland\\\/#organization\",\"name\":\"Holland\",\"url\":\"https:\\\/\\\/winandofficews.com\\\/holland\\\/\",\"logo\":{\"@type\":\"ImageObject\",\"inLanguage\":\"fr-FR\",\"@id\":\"https:\\\/\\\/winandofficews.com\\\/holland\\\/#\\\/schema\\\/logo\\\/image\\\/\",\"url\":\"https:\\\/\\\/winandofficews.com\\\/holland\\\/wp-content\\\/uploads\\\/sites\\\/25\\\/logo14.png\",\"contentUrl\":\"https:\\\/\\\/winandofficews.com\\\/holland\\\/wp-content\\\/uploads\\\/sites\\\/25\\\/logo14.png\",\"width\":322,\"height\":116,\"caption\":\"Holland\"},\"image\":{\"@id\":\"https:\\\/\\\/winandofficews.com\\\/holland\\\/#\\\/schema\\\/logo\\\/image\\\/\"}}]}<\/script>\n<!-- \/ Yoast SEO plugin. -->","yoast_head_json":{"title":"Microsoft Office Home &amp; Business 2019 MAC - Holland","robots":{"index":"index","follow":"follow","max-snippet":"max-snippet:-1","max-image-preview":"max-image-preview:large","max-video-preview":"max-video-preview:-1"},"canonical":"https:\/\/winandofficews.com\/holland\/fr\/produit\/microsoft-office-home-business-2019-mac\/","og_locale":"fr_FR","og_type":"article","og_title":"Microsoft Office Home &amp; Business 2019 MAC - Holland","og_description":"Microsoft Office Home &amp; Business 2019 MAC  Per e-mail verzenden: productsleutel, instructies, downloadlinks, factuur  Direct downloaden!  Geen tijdslimiet, geen abonnement  Gratis ondersteuning bij installatie en activering  Geen levering op datadragers (USB, CD etc.)  Activering online en per telefoon   Dit product is compatibel met Apple macOS\u2122  NIET compatibel met Microsoft Windows, Android-apparaten en Chromebooks.","og_url":"https:\/\/winandofficews.com\/holland\/fr\/produit\/microsoft-office-home-business-2019-mac\/","og_site_name":"Holland","article_modified_time":"2025-08-14T19:21:21+00:00","twitter_card":"summary_large_image","twitter_misc":{"Dur\u00e9e de lecture estim\u00e9e":"1 minute"},"schema":{"@context":"https:\/\/schema.org","@graph":[{"@type":"WebPage","@id":"https:\/\/winandofficews.com\/holland\/product\/microsoft-office-home-business-2019-mac\/","url":"https:\/\/winandofficews.com\/holland\/product\/microsoft-office-home-business-2019-mac\/","name":"Microsoft Office Home &amp; Business 2019 MAC - Holland","isPartOf":{"@id":"https:\/\/winandofficews.com\/holland\/#website"},"primaryImageOfPage":{"@id":"https:\/\/winandofficews.com\/holland\/product\/microsoft-office-home-business-2019-mac\/#primaryimage"},"image":{"@id":"https:\/\/winandofficews.com\/holland\/product\/microsoft-office-home-business-2019-mac\/#primaryimage"},"thumbnailUrl":"https:\/\/winandofficews.com\/holland\/wp-content\/uploads\/O19HB.png","datePublished":"2025-06-21T06:10:40+00:00","dateModified":"2025-08-14T19:21:21+00:00","breadcrumb":{"@id":"https:\/\/winandofficews.com\/holland\/product\/microsoft-office-home-business-2019-mac\/#breadcrumb"},"inLanguage":"fr-FR","potentialAction":[{"@type":"ReadAction","target":["https:\/\/winandofficews.com\/holland\/product\/microsoft-office-home-business-2019-mac\/"]}]},{"@type":"ImageObject","inLanguage":"fr-FR","@id":"https:\/\/winandofficews.com\/holland\/product\/microsoft-office-home-business-2019-mac\/#primaryimage","url":"https:\/\/winandofficews.com\/holland\/wp-content\/uploads\/O19HB.png","contentUrl":"https:\/\/winandofficews.com\/holland\/wp-content\/uploads\/O19HB.png"},{"@type":"BreadcrumbList","@id":"https:\/\/winandofficews.com\/holland\/product\/microsoft-office-home-business-2019-mac\/#breadcrumb","itemListElement":[{"@type":"ListItem","position":1,"name":"Home","item":"https:\/\/winandofficews.com\/holland\/"},{"@type":"ListItem","position":2,"name":"Shop","item":"https:\/\/winandofficews.com\/holland\/shop\/"},{"@type":"ListItem","position":3,"name":"Microsoft Office Home &amp; Business 2019 MAC"}]},{"@type":"WebSite","@id":"https:\/\/winandofficews.com\/holland\/#website","url":"https:\/\/winandofficews.com\/holland\/","name":"Pays-Bas","description":"Wholesales Store of Office","publisher":{"@id":"https:\/\/winandofficews.com\/holland\/#organization"},"potentialAction":[{"@type":"SearchAction","target":{"@type":"EntryPoint","urlTemplate":"https:\/\/winandofficews.com\/holland\/?s={search_term_string}"},"query-input":{"@type":"PropertyValueSpecification","valueRequired":true,"valueName":"search_term_string"}}],"inLanguage":"fr-FR"},{"@type":"Organization","@id":"https:\/\/winandofficews.com\/holland\/#organization","name":"Pays-Bas","url":"https:\/\/winandofficews.com\/holland\/","logo":{"@type":"ImageObject","inLanguage":"fr-FR","@id":"https:\/\/winandofficews.com\/holland\/#\/schema\/logo\/image\/","url":"https:\/\/winandofficews.com\/holland\/wp-content\/uploads\/sites\/25\/logo14.png","contentUrl":"https:\/\/winandofficews.com\/holland\/wp-content\/uploads\/sites\/25\/logo14.png","width":322,"height":116,"caption":"Holland"},"image":{"@id":"https:\/\/winandofficews.com\/holland\/#\/schema\/logo\/image\/"}}]}},"_links":{"self":[{"href":"https:\/\/winandofficews.com\/holland\/fr\/wp-json\/wp\/v2\/product\/87416","targetHints":{"allow":["GET"]}}],"collection":[{"href":"https:\/\/winandofficews.com\/holland\/fr\/wp-json\/wp\/v2\/product"}],"about":[{"href":"https:\/\/winandofficews.com\/holland\/fr\/wp-json\/wp\/v2\/types\/product"}],"replies":[{"embeddable":true,"href":"https:\/\/winandofficews.com\/holland\/fr\/wp-json\/wp\/v2\/comments?post=87416"}],"wp:featuredmedia":[{"embeddable":true,"href":"https:\/\/winandofficews.com\/holland\/fr\/wp-json\/"}],"wp:attachment":[{"href":"https:\/\/winandofficews.com\/holland\/fr\/wp-json\/wp\/v2\/media?parent=87416"}],"wp:term":[{"taxonomy":"product_brand","embeddable":true,"href":"https:\/\/winandofficews.com\/holland\/fr\/wp-json\/wp\/v2\/product_brand?post=87416"},{"taxonomy":"product_cat","embeddable":true,"href":"https:\/\/winandofficews.com\/holland\/fr\/wp-json\/wp\/v2\/product_cat?post=87416"},{"taxonomy":"product_tag","embeddable":true,"href":"https:\/\/winandofficews.com\/holland\/fr\/wp-json\/wp\/v2\/product_tag?post=87416"}],"curies":[{"name":"wp","href":"https:\/\/api.w.org\/{rel}","templated":true}]}}